{"id":36882,"date":"2025-06-18T10:50:57","date_gmt":"2025-06-18T07:50:57","guid":{"rendered":"https:\/\/miumjau.ee\/toode\/bugalugs-kolmipainen-hammasharja-setti-koirille-ja-kissoille-2-kpl\/"},"modified":"2026-01-07T22:50:07","modified_gmt":"2026-01-07T20:50:07","slug":"bugalugs-kolmipainen-hammasharja-setti-koirille-ja-kissoille-2-kpl","status":"publish","type":"product","link":"https:\/\/miumjau.ee\/fi\/tuote\/bugalugs-kolmipainen-hammasharja-setti-koirille-ja-kissoille-2-kpl\/","title":{"rendered":"Bugalugs kolmip\u00e4inen hammasharja setti koirille ja kissoille, 2 kpl"},"content":{"rendered":"","protected":false},"excerpt":{"rendered":"<p data-start=\"0\" data-end=\"301\">Pid\u00e4 lemmikkisi hampaat puhtaina ja ikenet tervein\u00e4 Bugalugsin innovatiivisella kolmoisharjaksella varustetulla hammasharjalla! T\u00e4m\u00e4 \u00e4lyk\u00e4s hammasharja ymp\u00e4r\u00f6i hampaat kolmelta sivulta, puhdistaen ne nopeasti ja tehokkaasti, v\u00e4hent\u00e4en plakki\u00e4 ja ehk\u00e4isten ienongelmia. Pakkaus sis\u00e4lt\u00e4\u00e4 2 hammasharjaa.<\/p>\n<p data-start=\"303\" data-end=\"327\">T\u00e4rkeimm\u00e4t ominaisuudet:<\/p>\n<p data-start=\"329\" data-end=\"833\">\ud83e\uddb7 Kolmoisharja \u2013 puhdistaa hampaat yl\u00e4-, ala- ja sivuosista yhdell\u00e4 liikkeell\u00e4.<br data-start=\"409\" data-end=\"412\" \/>\ud83d\udca7 Pehme\u00e4t harjakset \u2013 hell\u00e4varaiset koiran ikenille, eiv\u00e4t vahingoita tai \u00e4rsyt\u00e4.<br data-start=\"494\" data-end=\"497\" \/>\u270b Liukumaton kahva \u2013 varma ote ja helppo k\u00e4ytt\u00e4\u00e4, jopa m\u00e4riss\u00e4 k\u00e4siss\u00e4.<br data-start=\"568\" data-end=\"571\" \/>\ud83d\udc3e Sopii kaikille koiraroduille \u2013 ihanteellinen kaiken kokoisille koirille.<br data-start=\"646\" data-end=\"649\" data-is-only-node=\"\" \/>\ud83e\uddb7 Ehk\u00e4isee hammaskive\u00e4 ja pahanhajuista hengityst\u00e4 \u2013 auttaa v\u00e4ltt\u00e4m\u00e4\u00e4n hampaiden reikiintymist\u00e4 ja ienongelmia.<br data-start=\"761\" data-end=\"764\" \/>\u23f1 Nopeampi ja helpompi hampaiden pesu \u2013 v\u00e4hemm\u00e4n stressi\u00e4 koirallesi.<\/p>\n<p data-start=\"835\" data-end=\"842\">K\u00e4ytt\u00f6:<\/p>\n<p data-start=\"844\" data-end=\"1151\">Levit\u00e4 pieni m\u00e4\u00e4r\u00e4 koirille tarkoitettua hammastahnaa hammasharjaan.<br data-start=\"912\" data-end=\"915\" \/>Nosta varovasti koiran huulia ja harjaa hampaat hitailla, py\u00f6rivin liikkein.<br data-start=\"991\" data-end=\"994\" \/>Suositellaan k\u00e4ytett\u00e4v\u00e4ksi 2\u20133 kertaa viikossa parhaan tuloksen saavuttamiseksi.<br data-start=\"1074\" data-end=\"1077\" \/>Pese hammasharja puhtaaksi jokaisen k\u00e4yt\u00f6n j\u00e4lkeen ja anna kuivua ilmassa.<\/p>\n<p data-start=\"1153\" data-end=\"1183\" data-is-last-node=\"\" data-is-only-node=\"\">Valmistaja: Lakeland Cosmetics<\/p>\n","protected":false},"featured_media":36513,"template":"","meta":[],"product_brand":[],"product_cat":[259,483],"product_tag":[],"class_list":{"0":"post-36882","1":"product","2":"type-product","3":"status-publish","4":"has-post-thumbnail","6":"product_cat-muut","7":"product_cat-hoitotuotteet-koirille","9":"first","10":"instock","11":"taxable","12":"shipping-taxable","13":"purchasable","14":"product-type-simple"},"yoast_head":"<!-- This site is optimized with the Yoast SEO plugin v27.2 - https:\/\/yoast.com\/product\/yoast-seo-wordpress\/ -->\n<title>Bugalugs kolmip\u00e4inen hammasharja setti koirille ja kissoille, 2 kpl - MiuMjau<\/title>\n<meta name=\"robots\" content=\"index, follow, max-snippet:-1, max-image-preview:large, max-video-preview:-1\" \/>\n<link rel=\"canonical\" href=\"https:\/\/miumjau.ee\/fi\/tuote\/bugalugs-kolmipainen-hammasharja-setti-koirille-ja-kissoille-2-kpl\/\" \/>\n<meta property=\"og:locale\" content=\"fi_FI\" \/>\n<meta property=\"og:type\" content=\"article\" \/>\n<meta property=\"og:title\" content=\"Bugalugs kolmip\u00e4inen hammasharja setti koirille ja kissoille, 2 kpl - MiuMjau\" \/>\n<meta property=\"og:description\" content=\"Pid\u00e4 lemmikkisi hampaat puhtaina ja ikenet tervein\u00e4 Bugalugsin innovatiivisella kolmoisharjaksella varustetulla hammasharjalla! T\u00e4m\u00e4 \u00e4lyk\u00e4s hammasharja ymp\u00e4r\u00f6i hampaat kolmelta sivulta, puhdistaen ne nopeasti ja tehokkaasti, v\u00e4hent\u00e4en plakki\u00e4 ja ehk\u00e4isten ienongelmia. Pakkaus sis\u00e4lt\u00e4\u00e4 2 hammasharjaa. T\u00e4rkeimm\u00e4t ominaisuudet: \ud83e\uddb7 Kolmoisharja \u2013 puhdistaa hampaat yl\u00e4-, ala- ja sivuosista yhdell\u00e4 liikkeell\u00e4.\ud83d\udca7 Pehme\u00e4t harjakset \u2013 hell\u00e4varaiset koiran ikenille, eiv\u00e4t vahingoita tai \u00e4rsyt\u00e4.\u270b Liukumaton kahva \u2013 varma ote ja helppo k\u00e4ytt\u00e4\u00e4, jopa m\u00e4riss\u00e4 k\u00e4siss\u00e4.\ud83d\udc3e Sopii kaikille koiraroduille \u2013 ihanteellinen kaiken kokoisille koirille.\ud83e\uddb7 Ehk\u00e4isee hammaskive\u00e4 ja pahanhajuista hengityst\u00e4 \u2013 auttaa v\u00e4ltt\u00e4m\u00e4\u00e4n hampaiden reikiintymist\u00e4 ja ienongelmia.\u23f1 Nopeampi ja helpompi hampaiden pesu \u2013 v\u00e4hemm\u00e4n stressi\u00e4 koirallesi. K\u00e4ytt\u00f6: Levit\u00e4 pieni m\u00e4\u00e4r\u00e4 koirille tarkoitettua hammastahnaa hammasharjaan.Nosta varovasti koiran huulia ja harjaa hampaat hitailla, py\u00f6rivin liikkein.Suositellaan k\u00e4ytett\u00e4v\u00e4ksi 2\u20133 kertaa viikossa parhaan tuloksen saavuttamiseksi.Pese hammasharja puhtaaksi jokaisen k\u00e4yt\u00f6n j\u00e4lkeen ja anna kuivua ilmassa. Valmistaja: Lakeland Cosmetics\" \/>\n<meta property=\"og:url\" content=\"https:\/\/miumjau.ee\/fi\/tuote\/bugalugs-kolmipainen-hammasharja-setti-koirille-ja-kissoille-2-kpl\/\" \/>\n<meta property=\"og:site_name\" content=\"MiuMjau\" \/>\n<meta property=\"article:publisher\" content=\"https:\/\/www.facebook.com\/miumjaupood\/\" \/>\n<meta property=\"article:modified_time\" content=\"2026-01-07T20:50:07+00:00\" \/>\n<meta property=\"og:image\" content=\"https:\/\/miumjau.ee\/wp-content\/uploads\/2025\/06\/bugalugs-koerte-hambahari-3pealine2.webp\" \/>\n\t<meta property=\"og:image:width\" content=\"600\" \/>\n\t<meta property=\"og:image:height\" content=\"800\" \/>\n\t<meta property=\"og:image:type\" content=\"image\/webp\" \/>\n<meta name=\"twitter:card\" content=\"summary_large_image\" \/>\n<script type=\"application\/ld+json\" class=\"yoast-schema-graph\">{\"@context\":\"https:\/\/schema.org\",\"@graph\":[{\"@type\":\"WebPage\",\"@id\":\"https:\/\/miumjau.ee\/fi\/tuote\/bugalugs-kolmipainen-hammasharja-setti-koirille-ja-kissoille-2-kpl\/\",\"url\":\"https:\/\/miumjau.ee\/fi\/tuote\/bugalugs-kolmipainen-hammasharja-setti-koirille-ja-kissoille-2-kpl\/\",\"name\":\"Bugalugs kolmip\u00e4inen hammasharja setti koirille ja kissoille, 2 kpl - MiuMjau\",\"isPartOf\":{\"@id\":\"https:\/\/miumjau.ee\/#website\"},\"primaryImageOfPage\":{\"@id\":\"https:\/\/miumjau.ee\/fi\/tuote\/bugalugs-kolmipainen-hammasharja-setti-koirille-ja-kissoille-2-kpl\/#primaryimage\"},\"image\":{\"@id\":\"https:\/\/miumjau.ee\/fi\/tuote\/bugalugs-kolmipainen-hammasharja-setti-koirille-ja-kissoille-2-kpl\/#primaryimage\"},\"thumbnailUrl\":\"https:\/\/miumjau.ee\/wp-content\/uploads\/2025\/06\/bugalugs-koerte-hambahari-3pealine2.webp\",\"datePublished\":\"2025-06-18T07:50:57+00:00\",\"dateModified\":\"2026-01-07T20:50:07+00:00\",\"breadcrumb\":{\"@id\":\"https:\/\/miumjau.ee\/fi\/tuote\/bugalugs-kolmipainen-hammasharja-setti-koirille-ja-kissoille-2-kpl\/#breadcrumb\"},\"inLanguage\":\"fi\",\"potentialAction\":[{\"@type\":\"ReadAction\",\"target\":[\"https:\/\/miumjau.ee\/fi\/tuote\/bugalugs-kolmipainen-hammasharja-setti-koirille-ja-kissoille-2-kpl\/\"]}]},{\"@type\":\"ImageObject\",\"inLanguage\":\"fi\",\"@id\":\"https:\/\/miumjau.ee\/fi\/tuote\/bugalugs-kolmipainen-hammasharja-setti-koirille-ja-kissoille-2-kpl\/#primaryimage\",\"url\":\"https:\/\/miumjau.ee\/wp-content\/uploads\/2025\/06\/bugalugs-koerte-hambahari-3pealine2.webp\",\"contentUrl\":\"https:\/\/miumjau.ee\/wp-content\/uploads\/2025\/06\/bugalugs-koerte-hambahari-3pealine2.webp\",\"width\":600,\"height\":800,\"caption\":\"Bugalugs kolmekordse harjapeaga hambahari kassidele ja koertele\"},{\"@type\":\"BreadcrumbList\",\"@id\":\"https:\/\/miumjau.ee\/fi\/tuote\/bugalugs-kolmipainen-hammasharja-setti-koirille-ja-kissoille-2-kpl\/#breadcrumb\",\"itemListElement\":[{\"@type\":\"ListItem\",\"position\":1,\"name\":\"Home\",\"item\":\"https:\/\/miumjau.ee\/fi\/\"},{\"@type\":\"ListItem\",\"position\":2,\"name\":\"Kauppa\",\"item\":\"https:\/\/miumjau.ee\/fi\/kauppa\/\"},{\"@type\":\"ListItem\",\"position\":3,\"name\":\"Bugalugs kolmip\u00e4inen hammasharja setti koirille ja kissoille, 2 kpl\"}]},{\"@type\":\"WebSite\",\"@id\":\"https:\/\/miumjau.ee\/#website\",\"url\":\"https:\/\/miumjau.ee\/\",\"name\":\"MiuMjau\",\"description\":\"Kraapimispuud kassidele\",\"publisher\":{\"@id\":\"https:\/\/miumjau.ee\/#organization\"},\"potentialAction\":[{\"@type\":\"SearchAction\",\"target\":{\"@type\":\"EntryPoint\",\"urlTemplate\":\"https:\/\/miumjau.ee\/?s={search_term_string}\"},\"query-input\":{\"@type\":\"PropertyValueSpecification\",\"valueRequired\":true,\"valueName\":\"search_term_string\"}}],\"inLanguage\":\"fi\"},{\"@type\":\"Organization\",\"@id\":\"https:\/\/miumjau.ee\/#organization\",\"name\":\"MiuMjau O\u00dc\",\"url\":\"https:\/\/miumjau.ee\/\",\"logo\":{\"@type\":\"ImageObject\",\"inLanguage\":\"fi\",\"@id\":\"https:\/\/miumjau.ee\/#\/schema\/logo\/image\/\",\"url\":\"https:\/\/miumjau.ee\/wp-content\/uploads\/2022\/04\/MiuMjau-logo-kollane.png\",\"contentUrl\":\"https:\/\/miumjau.ee\/wp-content\/uploads\/2022\/04\/MiuMjau-logo-kollane.png\",\"width\":219,\"height\":100,\"caption\":\"MiuMjau O\u00dc\"},\"image\":{\"@id\":\"https:\/\/miumjau.ee\/#\/schema\/logo\/image\/\"},\"sameAs\":[\"https:\/\/www.facebook.com\/miumjaupood\/\"]}]}<\/script>\n<!-- \/ Yoast SEO plugin. -->","yoast_head_json":{"title":"Bugalugs kolmip\u00e4inen hammasharja setti koirille ja kissoille, 2 kpl - MiuMjau","robots":{"index":"index","follow":"follow","max-snippet":"max-snippet:-1","max-image-preview":"max-image-preview:large","max-video-preview":"max-video-preview:-1"},"canonical":"https:\/\/miumjau.ee\/fi\/tuote\/bugalugs-kolmipainen-hammasharja-setti-koirille-ja-kissoille-2-kpl\/","og_locale":"fi_FI","og_type":"article","og_title":"Bugalugs kolmip\u00e4inen hammasharja setti koirille ja kissoille, 2 kpl - MiuMjau","og_description":"Pid\u00e4 lemmikkisi hampaat puhtaina ja ikenet tervein\u00e4 Bugalugsin innovatiivisella kolmoisharjaksella varustetulla hammasharjalla! T\u00e4m\u00e4 \u00e4lyk\u00e4s hammasharja ymp\u00e4r\u00f6i hampaat kolmelta sivulta, puhdistaen ne nopeasti ja tehokkaasti, v\u00e4hent\u00e4en plakki\u00e4 ja ehk\u00e4isten ienongelmia. Pakkaus sis\u00e4lt\u00e4\u00e4 2 hammasharjaa. T\u00e4rkeimm\u00e4t ominaisuudet: \ud83e\uddb7 Kolmoisharja \u2013 puhdistaa hampaat yl\u00e4-, ala- ja sivuosista yhdell\u00e4 liikkeell\u00e4.\ud83d\udca7 Pehme\u00e4t harjakset \u2013 hell\u00e4varaiset koiran ikenille, eiv\u00e4t vahingoita tai \u00e4rsyt\u00e4.\u270b Liukumaton kahva \u2013 varma ote ja helppo k\u00e4ytt\u00e4\u00e4, jopa m\u00e4riss\u00e4 k\u00e4siss\u00e4.\ud83d\udc3e Sopii kaikille koiraroduille \u2013 ihanteellinen kaiken kokoisille koirille.\ud83e\uddb7 Ehk\u00e4isee hammaskive\u00e4 ja pahanhajuista hengityst\u00e4 \u2013 auttaa v\u00e4ltt\u00e4m\u00e4\u00e4n hampaiden reikiintymist\u00e4 ja ienongelmia.\u23f1 Nopeampi ja helpompi hampaiden pesu \u2013 v\u00e4hemm\u00e4n stressi\u00e4 koirallesi. K\u00e4ytt\u00f6: Levit\u00e4 pieni m\u00e4\u00e4r\u00e4 koirille tarkoitettua hammastahnaa hammasharjaan.Nosta varovasti koiran huulia ja harjaa hampaat hitailla, py\u00f6rivin liikkein.Suositellaan k\u00e4ytett\u00e4v\u00e4ksi 2\u20133 kertaa viikossa parhaan tuloksen saavuttamiseksi.Pese hammasharja puhtaaksi jokaisen k\u00e4yt\u00f6n j\u00e4lkeen ja anna kuivua ilmassa. Valmistaja: Lakeland Cosmetics","og_url":"https:\/\/miumjau.ee\/fi\/tuote\/bugalugs-kolmipainen-hammasharja-setti-koirille-ja-kissoille-2-kpl\/","og_site_name":"MiuMjau","article_publisher":"https:\/\/www.facebook.com\/miumjaupood\/","article_modified_time":"2026-01-07T20:50:07+00:00","og_image":[{"width":600,"height":800,"url":"https:\/\/miumjau.ee\/wp-content\/uploads\/2025\/06\/bugalugs-koerte-hambahari-3pealine2.webp","type":"image\/webp"}],"twitter_card":"summary_large_image","schema":{"@context":"https:\/\/schema.org","@graph":[{"@type":"WebPage","@id":"https:\/\/miumjau.ee\/fi\/tuote\/bugalugs-kolmipainen-hammasharja-setti-koirille-ja-kissoille-2-kpl\/","url":"https:\/\/miumjau.ee\/fi\/tuote\/bugalugs-kolmipainen-hammasharja-setti-koirille-ja-kissoille-2-kpl\/","name":"Bugalugs kolmip\u00e4inen hammasharja setti koirille ja kissoille, 2 kpl - MiuMjau","isPartOf":{"@id":"https:\/\/miumjau.ee\/#website"},"primaryImageOfPage":{"@id":"https:\/\/miumjau.ee\/fi\/tuote\/bugalugs-kolmipainen-hammasharja-setti-koirille-ja-kissoille-2-kpl\/#primaryimage"},"image":{"@id":"https:\/\/miumjau.ee\/fi\/tuote\/bugalugs-kolmipainen-hammasharja-setti-koirille-ja-kissoille-2-kpl\/#primaryimage"},"thumbnailUrl":"https:\/\/miumjau.ee\/wp-content\/uploads\/2025\/06\/bugalugs-koerte-hambahari-3pealine2.webp","datePublished":"2025-06-18T07:50:57+00:00","dateModified":"2026-01-07T20:50:07+00:00","breadcrumb":{"@id":"https:\/\/miumjau.ee\/fi\/tuote\/bugalugs-kolmipainen-hammasharja-setti-koirille-ja-kissoille-2-kpl\/#breadcrumb"},"inLanguage":"fi","potentialAction":[{"@type":"ReadAction","target":["https:\/\/miumjau.ee\/fi\/tuote\/bugalugs-kolmipainen-hammasharja-setti-koirille-ja-kissoille-2-kpl\/"]}]},{"@type":"ImageObject","inLanguage":"fi","@id":"https:\/\/miumjau.ee\/fi\/tuote\/bugalugs-kolmipainen-hammasharja-setti-koirille-ja-kissoille-2-kpl\/#primaryimage","url":"https:\/\/miumjau.ee\/wp-content\/uploads\/2025\/06\/bugalugs-koerte-hambahari-3pealine2.webp","contentUrl":"https:\/\/miumjau.ee\/wp-content\/uploads\/2025\/06\/bugalugs-koerte-hambahari-3pealine2.webp","width":600,"height":800,"caption":"Bugalugs kolmekordse harjapeaga hambahari kassidele ja koertele"},{"@type":"BreadcrumbList","@id":"https:\/\/miumjau.ee\/fi\/tuote\/bugalugs-kolmipainen-hammasharja-setti-koirille-ja-kissoille-2-kpl\/#breadcrumb","itemListElement":[{"@type":"ListItem","position":1,"name":"Home","item":"https:\/\/miumjau.ee\/fi\/"},{"@type":"ListItem","position":2,"name":"Kauppa","item":"https:\/\/miumjau.ee\/fi\/kauppa\/"},{"@type":"ListItem","position":3,"name":"Bugalugs kolmip\u00e4inen hammasharja setti koirille ja kissoille, 2 kpl"}]},{"@type":"WebSite","@id":"https:\/\/miumjau.ee\/#website","url":"https:\/\/miumjau.ee\/","name":"MiuMjau","description":"Kraapimispuud kassidele","publisher":{"@id":"https:\/\/miumjau.ee\/#organization"},"potentialAction":[{"@type":"SearchAction","target":{"@type":"EntryPoint","urlTemplate":"https:\/\/miumjau.ee\/?s={search_term_string}"},"query-input":{"@type":"PropertyValueSpecification","valueRequired":true,"valueName":"search_term_string"}}],"inLanguage":"fi"},{"@type":"Organization","@id":"https:\/\/miumjau.ee\/#organization","name":"MiuMjau O\u00dc","url":"https:\/\/miumjau.ee\/","logo":{"@type":"ImageObject","inLanguage":"fi","@id":"https:\/\/miumjau.ee\/#\/schema\/logo\/image\/","url":"https:\/\/miumjau.ee\/wp-content\/uploads\/2022\/04\/MiuMjau-logo-kollane.png","contentUrl":"https:\/\/miumjau.ee\/wp-content\/uploads\/2022\/04\/MiuMjau-logo-kollane.png","width":219,"height":100,"caption":"MiuMjau O\u00dc"},"image":{"@id":"https:\/\/miumjau.ee\/#\/schema\/logo\/image\/"},"sameAs":["https:\/\/www.facebook.com\/miumjaupood\/"]}]}},"_links":{"self":[{"href":"https:\/\/miumjau.ee\/fi\/wp-json\/wp\/v2\/product\/36882","targetHints":{"allow":["GET"]}}],"collection":[{"href":"https:\/\/miumjau.ee\/fi\/wp-json\/wp\/v2\/product"}],"about":[{"href":"https:\/\/miumjau.ee\/fi\/wp-json\/wp\/v2\/types\/product"}],"wp:featuredmedia":[{"embeddable":true,"href":"https:\/\/miumjau.ee\/fi\/wp-json\/wp\/v2\/media\/36513"}],"wp:attachment":[{"href":"https:\/\/miumjau.ee\/fi\/wp-json\/wp\/v2\/media?parent=36882"}],"wp:term":[{"taxonomy":"product_brand","embeddable":true,"href":"https:\/\/miumjau.ee\/fi\/wp-json\/wp\/v2\/product_brand?post=36882"},{"taxonomy":"product_cat","embeddable":true,"href":"https:\/\/miumjau.ee\/fi\/wp-json\/wp\/v2\/product_cat?post=36882"},{"taxonomy":"product_tag","embeddable":true,"href":"https:\/\/miumjau.ee\/fi\/wp-json\/wp\/v2\/product_tag?post=36882"}],"curies":[{"name":"wp","href":"https:\/\/api.w.org\/{rel}","templated":true}]}}