{"id":36881,"date":"2025-06-18T17:57:51","date_gmt":"2025-06-18T14:57:51","guid":{"rendered":"https:\/\/miumjau.ee\/toode\/bugalugs-korvanpuhdistusliinat-kissalle-100-kpl\/"},"modified":"2026-01-07T22:50:14","modified_gmt":"2026-01-07T20:50:14","slug":"bugalugs-korvanpuhdistusliinat-kissalle-100-kpl","status":"publish","type":"product","link":"https:\/\/miumjau.ee\/fi\/tuote\/bugalugs-korvanpuhdistusliinat-kissalle-100-kpl\/","title":{"rendered":"Bugalugs korvanpuhdistusliinat kissalle, 100 kpl"},"content":{"rendered":"","protected":false},"excerpt":{"rendered":"<p data-start=\"37\" data-end=\"378\">Bugalugs-kissojen korvanpuhdistusliinat auttavat pit\u00e4m\u00e4\u00e4n kissasi korvat puhtaina ja tervein\u00e4 poistamalla hell\u00e4varaisesti ja tehokkaasti likaa sek\u00e4 korvavahaa luonnollisen koostumuksen avulla. Esikostutetut liinat ovat 100 % biohajoavia ja turvallisia p\u00e4ivitt\u00e4iseen k\u00e4ytt\u00f6\u00f6n, auttaen lievitt\u00e4m\u00e4\u00e4n kutinaa ja tukemaan korvien hyv\u00e4\u00e4 terveytt\u00e4.<\/p>\n<p data-start=\"380\" data-end=\"585\">K\u00e4ytt\u00f6ohje: Nosta kissan korvaa varovasti ja pyyhi n\u00e4kyv\u00e4 alue puhtaaksi. K\u00e4yt\u00e4 jokaista korvaa varten uutta liinaa ja h\u00e4vit\u00e4 se k\u00e4yt\u00f6n j\u00e4lkeen. Hyv\u00e4n korvahygienian takaamiseksi k\u00e4yt\u00e4 1\u20132 kertaa viikossa.<\/p>\n<p data-start=\"587\" data-end=\"788\">VAROITUS: Vain ulkoiseen k\u00e4ytt\u00f6\u00f6n. V\u00e4lt\u00e4 joutumasta silmiin. Jos tuotetta joutuu silmiin, huuhtele huolellisesti vedell\u00e4. Jos \u00e4rsytys jatkuu, ota yhteys el\u00e4inl\u00e4\u00e4k\u00e4riin. S\u00e4ilyt\u00e4 lasten ulottumattomissa.<\/p>\n<p data-start=\"790\" data-end=\"1073\">Ainesosat: Vesi, glyseriini, dektyyliglukosidi, Citrus Aurantium Bergamia (bergamotti) lehdeksktrakti, Citrus Aurantifolia (limetti) hedelm\u00e4ekstrakti, Citrus Aurantium Dulcis (appelsiini) hedelm\u00e4ekstrakti, Citrus Grandis (greippi) ekstrakti, Citrus Limon (sitruuna) hedelm\u00e4ekstrakti.<\/p>\n","protected":false},"featured_media":36631,"template":"","meta":[],"product_brand":[],"product_cat":[259],"product_tag":[],"class_list":{"0":"post-36881","1":"product","2":"type-product","3":"status-publish","4":"has-post-thumbnail","6":"product_cat-muut","8":"first","9":"instock","10":"taxable","11":"shipping-taxable","12":"purchasable","13":"product-type-simple"},"yoast_head":"<!-- This site is optimized with the Yoast SEO plugin v27.2 - https:\/\/yoast.com\/product\/yoast-seo-wordpress\/ -->\n<title>Bugalugs korvanpuhdistusliinat kissalle, 100 kpl - MiuMjau<\/title>\n<meta name=\"robots\" content=\"index, follow, max-snippet:-1, max-image-preview:large, max-video-preview:-1\" \/>\n<link rel=\"canonical\" href=\"https:\/\/miumjau.ee\/fi\/tuote\/bugalugs-korvanpuhdistusliinat-kissalle-100-kpl\/\" \/>\n<meta property=\"og:locale\" content=\"fi_FI\" \/>\n<meta property=\"og:type\" content=\"article\" \/>\n<meta property=\"og:title\" content=\"Bugalugs korvanpuhdistusliinat kissalle, 100 kpl - MiuMjau\" \/>\n<meta property=\"og:description\" content=\"Bugalugs-kissojen korvanpuhdistusliinat auttavat pit\u00e4m\u00e4\u00e4n kissasi korvat puhtaina ja tervein\u00e4 poistamalla hell\u00e4varaisesti ja tehokkaasti likaa sek\u00e4 korvavahaa luonnollisen koostumuksen avulla. Esikostutetut liinat ovat 100 % biohajoavia ja turvallisia p\u00e4ivitt\u00e4iseen k\u00e4ytt\u00f6\u00f6n, auttaen lievitt\u00e4m\u00e4\u00e4n kutinaa ja tukemaan korvien hyv\u00e4\u00e4 terveytt\u00e4. K\u00e4ytt\u00f6ohje: Nosta kissan korvaa varovasti ja pyyhi n\u00e4kyv\u00e4 alue puhtaaksi. K\u00e4yt\u00e4 jokaista korvaa varten uutta liinaa ja h\u00e4vit\u00e4 se k\u00e4yt\u00f6n j\u00e4lkeen. Hyv\u00e4n korvahygienian takaamiseksi k\u00e4yt\u00e4 1\u20132 kertaa viikossa. VAROITUS: Vain ulkoiseen k\u00e4ytt\u00f6\u00f6n. V\u00e4lt\u00e4 joutumasta silmiin. Jos tuotetta joutuu silmiin, huuhtele huolellisesti vedell\u00e4. Jos \u00e4rsytys jatkuu, ota yhteys el\u00e4inl\u00e4\u00e4k\u00e4riin. S\u00e4ilyt\u00e4 lasten ulottumattomissa. Ainesosat: Vesi, glyseriini, dektyyliglukosidi, Citrus Aurantium Bergamia (bergamotti) lehdeksktrakti, Citrus Aurantifolia (limetti) hedelm\u00e4ekstrakti, Citrus Aurantium Dulcis (appelsiini) hedelm\u00e4ekstrakti, Citrus Grandis (greippi) ekstrakti, Citrus Limon (sitruuna) hedelm\u00e4ekstrakti.\" \/>\n<meta property=\"og:url\" content=\"https:\/\/miumjau.ee\/fi\/tuote\/bugalugs-korvanpuhdistusliinat-kissalle-100-kpl\/\" \/>\n<meta property=\"og:site_name\" content=\"MiuMjau\" \/>\n<meta property=\"article:publisher\" content=\"https:\/\/www.facebook.com\/miumjaupood\/\" \/>\n<meta property=\"article:modified_time\" content=\"2026-01-07T20:50:14+00:00\" \/>\n<meta property=\"og:image\" content=\"https:\/\/miumjau.ee\/wp-content\/uploads\/2025\/06\/bugalugs-kassi-korvapuhastuslapid-100tk1.webp\" \/>\n\t<meta property=\"og:image:width\" content=\"600\" \/>\n\t<meta property=\"og:image:height\" content=\"800\" \/>\n\t<meta property=\"og:image:type\" content=\"image\/webp\" \/>\n<meta name=\"twitter:card\" content=\"summary_large_image\" \/>\n<script type=\"application\/ld+json\" class=\"yoast-schema-graph\">{\"@context\":\"https:\/\/schema.org\",\"@graph\":[{\"@type\":\"WebPage\",\"@id\":\"https:\/\/miumjau.ee\/fi\/tuote\/bugalugs-korvanpuhdistusliinat-kissalle-100-kpl\/\",\"url\":\"https:\/\/miumjau.ee\/fi\/tuote\/bugalugs-korvanpuhdistusliinat-kissalle-100-kpl\/\",\"name\":\"Bugalugs korvanpuhdistusliinat kissalle, 100 kpl - MiuMjau\",\"isPartOf\":{\"@id\":\"https:\/\/miumjau.ee\/#website\"},\"primaryImageOfPage\":{\"@id\":\"https:\/\/miumjau.ee\/fi\/tuote\/bugalugs-korvanpuhdistusliinat-kissalle-100-kpl\/#primaryimage\"},\"image\":{\"@id\":\"https:\/\/miumjau.ee\/fi\/tuote\/bugalugs-korvanpuhdistusliinat-kissalle-100-kpl\/#primaryimage\"},\"thumbnailUrl\":\"https:\/\/miumjau.ee\/wp-content\/uploads\/2025\/06\/bugalugs-kassi-korvapuhastuslapid-100tk1.webp\",\"datePublished\":\"2025-06-18T14:57:51+00:00\",\"dateModified\":\"2026-01-07T20:50:14+00:00\",\"breadcrumb\":{\"@id\":\"https:\/\/miumjau.ee\/fi\/tuote\/bugalugs-korvanpuhdistusliinat-kissalle-100-kpl\/#breadcrumb\"},\"inLanguage\":\"fi\",\"potentialAction\":[{\"@type\":\"ReadAction\",\"target\":[\"https:\/\/miumjau.ee\/fi\/tuote\/bugalugs-korvanpuhdistusliinat-kissalle-100-kpl\/\"]}]},{\"@type\":\"ImageObject\",\"inLanguage\":\"fi\",\"@id\":\"https:\/\/miumjau.ee\/fi\/tuote\/bugalugs-korvanpuhdistusliinat-kissalle-100-kpl\/#primaryimage\",\"url\":\"https:\/\/miumjau.ee\/wp-content\/uploads\/2025\/06\/bugalugs-kassi-korvapuhastuslapid-100tk1.webp\",\"contentUrl\":\"https:\/\/miumjau.ee\/wp-content\/uploads\/2025\/06\/bugalugs-kassi-korvapuhastuslapid-100tk1.webp\",\"width\":600,\"height\":800,\"caption\":\"Bugalugs k\u00f5rvapuhastuslapid kassidele 100tk\"},{\"@type\":\"BreadcrumbList\",\"@id\":\"https:\/\/miumjau.ee\/fi\/tuote\/bugalugs-korvanpuhdistusliinat-kissalle-100-kpl\/#breadcrumb\",\"itemListElement\":[{\"@type\":\"ListItem\",\"position\":1,\"name\":\"Home\",\"item\":\"https:\/\/miumjau.ee\/fi\/\"},{\"@type\":\"ListItem\",\"position\":2,\"name\":\"Kauppa\",\"item\":\"https:\/\/miumjau.ee\/fi\/kauppa\/\"},{\"@type\":\"ListItem\",\"position\":3,\"name\":\"Bugalugs korvanpuhdistusliinat kissalle, 100 kpl\"}]},{\"@type\":\"WebSite\",\"@id\":\"https:\/\/miumjau.ee\/#website\",\"url\":\"https:\/\/miumjau.ee\/\",\"name\":\"MiuMjau\",\"description\":\"Kraapimispuud kassidele\",\"publisher\":{\"@id\":\"https:\/\/miumjau.ee\/#organization\"},\"potentialAction\":[{\"@type\":\"SearchAction\",\"target\":{\"@type\":\"EntryPoint\",\"urlTemplate\":\"https:\/\/miumjau.ee\/?s={search_term_string}\"},\"query-input\":{\"@type\":\"PropertyValueSpecification\",\"valueRequired\":true,\"valueName\":\"search_term_string\"}}],\"inLanguage\":\"fi\"},{\"@type\":\"Organization\",\"@id\":\"https:\/\/miumjau.ee\/#organization\",\"name\":\"MiuMjau O\u00dc\",\"url\":\"https:\/\/miumjau.ee\/\",\"logo\":{\"@type\":\"ImageObject\",\"inLanguage\":\"fi\",\"@id\":\"https:\/\/miumjau.ee\/#\/schema\/logo\/image\/\",\"url\":\"https:\/\/miumjau.ee\/wp-content\/uploads\/2022\/04\/MiuMjau-logo-kollane.png\",\"contentUrl\":\"https:\/\/miumjau.ee\/wp-content\/uploads\/2022\/04\/MiuMjau-logo-kollane.png\",\"width\":219,\"height\":100,\"caption\":\"MiuMjau O\u00dc\"},\"image\":{\"@id\":\"https:\/\/miumjau.ee\/#\/schema\/logo\/image\/\"},\"sameAs\":[\"https:\/\/www.facebook.com\/miumjaupood\/\"]}]}<\/script>\n<!-- \/ Yoast SEO plugin. -->","yoast_head_json":{"title":"Bugalugs korvanpuhdistusliinat kissalle, 100 kpl - MiuMjau","robots":{"index":"index","follow":"follow","max-snippet":"max-snippet:-1","max-image-preview":"max-image-preview:large","max-video-preview":"max-video-preview:-1"},"canonical":"https:\/\/miumjau.ee\/fi\/tuote\/bugalugs-korvanpuhdistusliinat-kissalle-100-kpl\/","og_locale":"fi_FI","og_type":"article","og_title":"Bugalugs korvanpuhdistusliinat kissalle, 100 kpl - MiuMjau","og_description":"Bugalugs-kissojen korvanpuhdistusliinat auttavat pit\u00e4m\u00e4\u00e4n kissasi korvat puhtaina ja tervein\u00e4 poistamalla hell\u00e4varaisesti ja tehokkaasti likaa sek\u00e4 korvavahaa luonnollisen koostumuksen avulla. Esikostutetut liinat ovat 100 % biohajoavia ja turvallisia p\u00e4ivitt\u00e4iseen k\u00e4ytt\u00f6\u00f6n, auttaen lievitt\u00e4m\u00e4\u00e4n kutinaa ja tukemaan korvien hyv\u00e4\u00e4 terveytt\u00e4. K\u00e4ytt\u00f6ohje: Nosta kissan korvaa varovasti ja pyyhi n\u00e4kyv\u00e4 alue puhtaaksi. K\u00e4yt\u00e4 jokaista korvaa varten uutta liinaa ja h\u00e4vit\u00e4 se k\u00e4yt\u00f6n j\u00e4lkeen. Hyv\u00e4n korvahygienian takaamiseksi k\u00e4yt\u00e4 1\u20132 kertaa viikossa. VAROITUS: Vain ulkoiseen k\u00e4ytt\u00f6\u00f6n. V\u00e4lt\u00e4 joutumasta silmiin. Jos tuotetta joutuu silmiin, huuhtele huolellisesti vedell\u00e4. Jos \u00e4rsytys jatkuu, ota yhteys el\u00e4inl\u00e4\u00e4k\u00e4riin. S\u00e4ilyt\u00e4 lasten ulottumattomissa. Ainesosat: Vesi, glyseriini, dektyyliglukosidi, Citrus Aurantium Bergamia (bergamotti) lehdeksktrakti, Citrus Aurantifolia (limetti) hedelm\u00e4ekstrakti, Citrus Aurantium Dulcis (appelsiini) hedelm\u00e4ekstrakti, Citrus Grandis (greippi) ekstrakti, Citrus Limon (sitruuna) hedelm\u00e4ekstrakti.","og_url":"https:\/\/miumjau.ee\/fi\/tuote\/bugalugs-korvanpuhdistusliinat-kissalle-100-kpl\/","og_site_name":"MiuMjau","article_publisher":"https:\/\/www.facebook.com\/miumjaupood\/","article_modified_time":"2026-01-07T20:50:14+00:00","og_image":[{"width":600,"height":800,"url":"https:\/\/miumjau.ee\/wp-content\/uploads\/2025\/06\/bugalugs-kassi-korvapuhastuslapid-100tk1.webp","type":"image\/webp"}],"twitter_card":"summary_large_image","schema":{"@context":"https:\/\/schema.org","@graph":[{"@type":"WebPage","@id":"https:\/\/miumjau.ee\/fi\/tuote\/bugalugs-korvanpuhdistusliinat-kissalle-100-kpl\/","url":"https:\/\/miumjau.ee\/fi\/tuote\/bugalugs-korvanpuhdistusliinat-kissalle-100-kpl\/","name":"Bugalugs korvanpuhdistusliinat kissalle, 100 kpl - MiuMjau","isPartOf":{"@id":"https:\/\/miumjau.ee\/#website"},"primaryImageOfPage":{"@id":"https:\/\/miumjau.ee\/fi\/tuote\/bugalugs-korvanpuhdistusliinat-kissalle-100-kpl\/#primaryimage"},"image":{"@id":"https:\/\/miumjau.ee\/fi\/tuote\/bugalugs-korvanpuhdistusliinat-kissalle-100-kpl\/#primaryimage"},"thumbnailUrl":"https:\/\/miumjau.ee\/wp-content\/uploads\/2025\/06\/bugalugs-kassi-korvapuhastuslapid-100tk1.webp","datePublished":"2025-06-18T14:57:51+00:00","dateModified":"2026-01-07T20:50:14+00:00","breadcrumb":{"@id":"https:\/\/miumjau.ee\/fi\/tuote\/bugalugs-korvanpuhdistusliinat-kissalle-100-kpl\/#breadcrumb"},"inLanguage":"fi","potentialAction":[{"@type":"ReadAction","target":["https:\/\/miumjau.ee\/fi\/tuote\/bugalugs-korvanpuhdistusliinat-kissalle-100-kpl\/"]}]},{"@type":"ImageObject","inLanguage":"fi","@id":"https:\/\/miumjau.ee\/fi\/tuote\/bugalugs-korvanpuhdistusliinat-kissalle-100-kpl\/#primaryimage","url":"https:\/\/miumjau.ee\/wp-content\/uploads\/2025\/06\/bugalugs-kassi-korvapuhastuslapid-100tk1.webp","contentUrl":"https:\/\/miumjau.ee\/wp-content\/uploads\/2025\/06\/bugalugs-kassi-korvapuhastuslapid-100tk1.webp","width":600,"height":800,"caption":"Bugalugs k\u00f5rvapuhastuslapid kassidele 100tk"},{"@type":"BreadcrumbList","@id":"https:\/\/miumjau.ee\/fi\/tuote\/bugalugs-korvanpuhdistusliinat-kissalle-100-kpl\/#breadcrumb","itemListElement":[{"@type":"ListItem","position":1,"name":"Home","item":"https:\/\/miumjau.ee\/fi\/"},{"@type":"ListItem","position":2,"name":"Kauppa","item":"https:\/\/miumjau.ee\/fi\/kauppa\/"},{"@type":"ListItem","position":3,"name":"Bugalugs korvanpuhdistusliinat kissalle, 100 kpl"}]},{"@type":"WebSite","@id":"https:\/\/miumjau.ee\/#website","url":"https:\/\/miumjau.ee\/","name":"MiuMjau","description":"Kraapimispuud kassidele","publisher":{"@id":"https:\/\/miumjau.ee\/#organization"},"potentialAction":[{"@type":"SearchAction","target":{"@type":"EntryPoint","urlTemplate":"https:\/\/miumjau.ee\/?s={search_term_string}"},"query-input":{"@type":"PropertyValueSpecification","valueRequired":true,"valueName":"search_term_string"}}],"inLanguage":"fi"},{"@type":"Organization","@id":"https:\/\/miumjau.ee\/#organization","name":"MiuMjau O\u00dc","url":"https:\/\/miumjau.ee\/","logo":{"@type":"ImageObject","inLanguage":"fi","@id":"https:\/\/miumjau.ee\/#\/schema\/logo\/image\/","url":"https:\/\/miumjau.ee\/wp-content\/uploads\/2022\/04\/MiuMjau-logo-kollane.png","contentUrl":"https:\/\/miumjau.ee\/wp-content\/uploads\/2022\/04\/MiuMjau-logo-kollane.png","width":219,"height":100,"caption":"MiuMjau O\u00dc"},"image":{"@id":"https:\/\/miumjau.ee\/#\/schema\/logo\/image\/"},"sameAs":["https:\/\/www.facebook.com\/miumjaupood\/"]}]}},"_links":{"self":[{"href":"https:\/\/miumjau.ee\/fi\/wp-json\/wp\/v2\/product\/36881","targetHints":{"allow":["GET"]}}],"collection":[{"href":"https:\/\/miumjau.ee\/fi\/wp-json\/wp\/v2\/product"}],"about":[{"href":"https:\/\/miumjau.ee\/fi\/wp-json\/wp\/v2\/types\/product"}],"wp:featuredmedia":[{"embeddable":true,"href":"https:\/\/miumjau.ee\/fi\/wp-json\/wp\/v2\/media\/36631"}],"wp:attachment":[{"href":"https:\/\/miumjau.ee\/fi\/wp-json\/wp\/v2\/media?parent=36881"}],"wp:term":[{"taxonomy":"product_brand","embeddable":true,"href":"https:\/\/miumjau.ee\/fi\/wp-json\/wp\/v2\/product_brand?post=36881"},{"taxonomy":"product_cat","embeddable":true,"href":"https:\/\/miumjau.ee\/fi\/wp-json\/wp\/v2\/product_cat?post=36881"},{"taxonomy":"product_tag","embeddable":true,"href":"https:\/\/miumjau.ee\/fi\/wp-json\/wp\/v2\/product_tag?post=36881"}],"curies":[{"name":"wp","href":"https:\/\/api.w.org\/{rel}","templated":true}]}}