{"id":36880,"date":"2025-06-18T18:06:26","date_gmt":"2025-06-18T15:06:26","guid":{"rendered":"https:\/\/miumjau.ee\/toode\/bugalugs-luxury-2in1-shampoo-ja-hoitoaine-kissoille-250-ml\/"},"modified":"2026-01-07T22:50:14","modified_gmt":"2026-01-07T20:50:14","slug":"bugalugs-luxury-2in1-shampoo-ja-hoitoaine-kissoille-250-ml","status":"publish","type":"product","link":"https:\/\/miumjau.ee\/fi\/tuote\/bugalugs-luxury-2in1-shampoo-ja-hoitoaine-kissoille-250-ml\/","title":{"rendered":"Bugalugs Luxury 2in1 shampoo ja hoitoaine kissoille 250 ml"},"content":{"rendered":"","protected":false},"excerpt":{"rendered":"<p>Bugalugs Luxury 2 in 1 kissashampoo ja hoitoaine on rikastettu papaijalla ja kookoksella, hemmotellen kissasi ylellisell\u00e4 vaahdolla ja tarjoten pitk\u00e4kestoisen trooppisen tuoksuel\u00e4myksen.<\/p>\n<p>Vastustamattoman tuoksuva shampoo-hoitoaine sis\u00e4lt\u00e4\u00e4 kolloidista kaurahelmiuutetta ja kookos\u00f6ljy\u00e4, jotka puhdistavat, rauhoittavat ja ravitsevat kissasi ihoa ja turkkia. Ehk\u00e4isev\u00e4t kuivan ihon muodostumista ja saavutat terveen kiillon k\u00e4ytt\u00e4m\u00e4ll\u00e4 t\u00e4t\u00e4 kasvipohjaista hoitoainetta s\u00e4\u00e4nn\u00f6llisesti. Lempikylpytuotteemme elvytt\u00e4\u00e4 turkin, puhdistaa syv\u00e4lt\u00e4 ja tekee takut helpoksi harjata!<\/p>\n<p>T\u00e4m\u00e4 eksklusiivinen shampoo ja hoitoaine on ihanteellinen hemmottelutuote! Sis\u00e4lt\u00e4\u00e4 luonnollisia ainesosia kuten kookos\u00f6ljy\u00e4 ja papaijaa. Kookos\u00f6ljyll\u00e4 on hell\u00e4varaiset puhdistavat ja kosteuttavat ominaisuudet, kun taas papaija palauttaa kissan ihon ja turkin luonnollisen kosteustasapainon. Kaikki n\u00e4m\u00e4 hy\u00f6dyt yhdistyv\u00e4t trooppiseen tuoksuun, joka j\u00e4tt\u00e4\u00e4 kissasi tuoksumaan ja tuntumaan ihanalta!<\/p>\n<p>Ominaisuudet:<\/p>\n<ul>\n<li>Luonnollisesti ravitseva ja kosteuttava hoitoaine<\/li>\n<li>Puhdistaa hell\u00e4varaisesti turkkia, poistaa tali-, lika- ja \u00f6ljyj\u00e4\u00e4m\u00e4t<\/li>\n<li>Pitk\u00e4kestoinen ylellinen trooppinen tuoksu<\/li>\n<li>Vegaaninen ja el\u00e4inkokeeton<\/li>\n<li>Valmistettu Isossa-Britanniassa<\/li>\n<li>K\u00e4ytetty vesi on per\u00e4isin UNESCO:n maailmanperint\u00f6kohteesta \u2013 Lake Districtilt\u00e4<\/li>\n<li>pH-tasapainotettu ja parabeeniton koostumus<\/li>\n<li>Pullon materiaali on kierr\u00e4tetty ja kierr\u00e4tett\u00e4v\u00e4<\/li>\n<\/ul>\n<p>K\u00e4ytt\u00f6ohje: Kostuta kissan turkki l\u00e4mpim\u00e4ll\u00e4 vedell\u00e4. Levit\u00e4 shampoo, vaahdota, huuhtele huolellisesti ja kuivaa. V\u00e4lt\u00e4 silmiin joutumista \u2013 silm\u00e4n osuessa vahingossa, huuhtele vedell\u00e4. S\u00e4ilyt\u00e4 lasten ulottumattomissa.<\/p>\n<p>Ainesosat: Aqua, Natriumlaureeth sulfate, Glyseriini, Kokamidopropyyli betaiini, Kookosglukosidi, Glyseryylioleaatti, Hajuste (Parfum), Polyglyceryl-2 caprate, Natriumkloridi, Bensofenoni-4, Natriumhydroksidi, Sitruunahappo, Cocos Nucifera (kookos) \u00f6ljy, Carica Papaya (papaija) hedelm\u00e4uutte, Vetytty palmu\u00f6ljyglyseridien sitraatti, Tokoferoli, Polyquaternium-7, Fenoksietanoli, Natriumbentsoaatti, CI 14700.<\/p>\n","protected":false},"featured_media":36653,"template":"","meta":[],"product_brand":[],"product_cat":[259],"product_tag":[],"class_list":{"0":"post-36880","1":"product","2":"type-product","3":"status-publish","4":"has-post-thumbnail","6":"product_cat-muut","8":"first","9":"instock","10":"sale","11":"taxable","12":"shipping-taxable","13":"purchasable","14":"product-type-simple"},"yoast_head":"<!-- This site is optimized with the Yoast SEO plugin v27.2 - https:\/\/yoast.com\/product\/yoast-seo-wordpress\/ -->\n<title>Bugalugs Luxury 2in1 shampoo ja hoitoaine kissoille 250 ml - MiuMjau<\/title>\n<meta name=\"robots\" content=\"index, follow, max-snippet:-1, max-image-preview:large, max-video-preview:-1\" \/>\n<link rel=\"canonical\" href=\"https:\/\/miumjau.ee\/fi\/tuote\/bugalugs-luxury-2in1-shampoo-ja-hoitoaine-kissoille-250-ml\/\" \/>\n<meta property=\"og:locale\" content=\"fi_FI\" \/>\n<meta property=\"og:type\" content=\"article\" \/>\n<meta property=\"og:title\" content=\"Bugalugs Luxury 2in1 shampoo ja hoitoaine kissoille 250 ml - MiuMjau\" \/>\n<meta property=\"og:description\" content=\"Bugalugs Luxury 2 in 1 kissashampoo ja hoitoaine on rikastettu papaijalla ja kookoksella, hemmotellen kissasi ylellisell\u00e4 vaahdolla ja tarjoten pitk\u00e4kestoisen trooppisen tuoksuel\u00e4myksen.  Vastustamattoman tuoksuva shampoo-hoitoaine sis\u00e4lt\u00e4\u00e4 kolloidista kaurahelmiuutetta ja kookos\u00f6ljy\u00e4, jotka puhdistavat, rauhoittavat ja ravitsevat kissasi ihoa ja turkkia. Ehk\u00e4isev\u00e4t kuivan ihon muodostumista ja saavutat terveen kiillon k\u00e4ytt\u00e4m\u00e4ll\u00e4 t\u00e4t\u00e4 kasvipohjaista hoitoainetta s\u00e4\u00e4nn\u00f6llisesti. Lempikylpytuotteemme elvytt\u00e4\u00e4 turkin, puhdistaa syv\u00e4lt\u00e4 ja tekee takut helpoksi harjata!  T\u00e4m\u00e4 eksklusiivinen shampoo ja hoitoaine on ihanteellinen hemmottelutuote! Sis\u00e4lt\u00e4\u00e4 luonnollisia ainesosia kuten kookos\u00f6ljy\u00e4 ja papaijaa. Kookos\u00f6ljyll\u00e4 on hell\u00e4varaiset puhdistavat ja kosteuttavat ominaisuudet, kun taas papaija palauttaa kissan ihon ja turkin luonnollisen kosteustasapainon. Kaikki n\u00e4m\u00e4 hy\u00f6dyt yhdistyv\u00e4t trooppiseen tuoksuun, joka j\u00e4tt\u00e4\u00e4 kissasi tuoksumaan ja tuntumaan ihanalta!  Ominaisuudet:   Luonnollisesti ravitseva ja kosteuttava hoitoaine  Puhdistaa hell\u00e4varaisesti turkkia, poistaa tali-, lika- ja \u00f6ljyj\u00e4\u00e4m\u00e4t  Pitk\u00e4kestoinen ylellinen trooppinen tuoksu  Vegaaninen ja el\u00e4inkokeeton  Valmistettu Isossa-Britanniassa  K\u00e4ytetty vesi on per\u00e4isin UNESCO:n maailmanperint\u00f6kohteesta \u2013 Lake Districtilt\u00e4  pH-tasapainotettu ja parabeeniton koostumus  Pullon materiaali on kierr\u00e4tetty ja kierr\u00e4tett\u00e4v\u00e4  K\u00e4ytt\u00f6ohje: Kostuta kissan turkki l\u00e4mpim\u00e4ll\u00e4 vedell\u00e4. Levit\u00e4 shampoo, vaahdota, huuhtele huolellisesti ja kuivaa. V\u00e4lt\u00e4 silmiin joutumista \u2013 silm\u00e4n osuessa vahingossa, huuhtele vedell\u00e4. S\u00e4ilyt\u00e4 lasten ulottumattomissa.  Ainesosat: Aqua, Natriumlaureeth sulfate, Glyseriini, Kokamidopropyyli betaiini, Kookosglukosidi, Glyseryylioleaatti, Hajuste (Parfum), Polyglyceryl-2 caprate, Natriumkloridi, Bensofenoni-4, Natriumhydroksidi, Sitruunahappo, Cocos Nucifera (kookos) \u00f6ljy, Carica Papaya (papaija) hedelm\u00e4uutte, Vetytty palmu\u00f6ljyglyseridien sitraatti, Tokoferoli, Polyquaternium-7, Fenoksietanoli, Natriumbentsoaatti, CI 14700.\" \/>\n<meta property=\"og:url\" content=\"https:\/\/miumjau.ee\/fi\/tuote\/bugalugs-luxury-2in1-shampoo-ja-hoitoaine-kissoille-250-ml\/\" \/>\n<meta property=\"og:site_name\" content=\"MiuMjau\" \/>\n<meta property=\"article:publisher\" content=\"https:\/\/www.facebook.com\/miumjaupood\/\" \/>\n<meta property=\"article:modified_time\" content=\"2026-01-07T20:50:14+00:00\" \/>\n<meta property=\"og:image\" content=\"https:\/\/miumjau.ee\/wp-content\/uploads\/2025\/06\/sampoon-kassidele-bugalugs-luxury2in12.webp\" \/>\n\t<meta property=\"og:image:width\" content=\"600\" \/>\n\t<meta property=\"og:image:height\" content=\"800\" \/>\n\t<meta property=\"og:image:type\" content=\"image\/webp\" \/>\n<meta name=\"twitter:card\" content=\"summary_large_image\" \/>\n<script type=\"application\/ld+json\" class=\"yoast-schema-graph\">{\"@context\":\"https:\/\/schema.org\",\"@graph\":[{\"@type\":\"WebPage\",\"@id\":\"https:\/\/miumjau.ee\/fi\/tuote\/bugalugs-luxury-2in1-shampoo-ja-hoitoaine-kissoille-250-ml\/\",\"url\":\"https:\/\/miumjau.ee\/fi\/tuote\/bugalugs-luxury-2in1-shampoo-ja-hoitoaine-kissoille-250-ml\/\",\"name\":\"Bugalugs Luxury 2in1 shampoo ja hoitoaine kissoille 250 ml - MiuMjau\",\"isPartOf\":{\"@id\":\"https:\/\/miumjau.ee\/#website\"},\"primaryImageOfPage\":{\"@id\":\"https:\/\/miumjau.ee\/fi\/tuote\/bugalugs-luxury-2in1-shampoo-ja-hoitoaine-kissoille-250-ml\/#primaryimage\"},\"image\":{\"@id\":\"https:\/\/miumjau.ee\/fi\/tuote\/bugalugs-luxury-2in1-shampoo-ja-hoitoaine-kissoille-250-ml\/#primaryimage\"},\"thumbnailUrl\":\"https:\/\/miumjau.ee\/wp-content\/uploads\/2025\/06\/sampoon-kassidele-bugalugs-luxury2in12.webp\",\"datePublished\":\"2025-06-18T15:06:26+00:00\",\"dateModified\":\"2026-01-07T20:50:14+00:00\",\"breadcrumb\":{\"@id\":\"https:\/\/miumjau.ee\/fi\/tuote\/bugalugs-luxury-2in1-shampoo-ja-hoitoaine-kissoille-250-ml\/#breadcrumb\"},\"inLanguage\":\"fi\",\"potentialAction\":[{\"@type\":\"ReadAction\",\"target\":[\"https:\/\/miumjau.ee\/fi\/tuote\/bugalugs-luxury-2in1-shampoo-ja-hoitoaine-kissoille-250-ml\/\"]}]},{\"@type\":\"ImageObject\",\"inLanguage\":\"fi\",\"@id\":\"https:\/\/miumjau.ee\/fi\/tuote\/bugalugs-luxury-2in1-shampoo-ja-hoitoaine-kissoille-250-ml\/#primaryimage\",\"url\":\"https:\/\/miumjau.ee\/wp-content\/uploads\/2025\/06\/sampoon-kassidele-bugalugs-luxury2in12.webp\",\"contentUrl\":\"https:\/\/miumjau.ee\/wp-content\/uploads\/2025\/06\/sampoon-kassidele-bugalugs-luxury2in12.webp\",\"width\":600,\"height\":800,\"caption\":\"Bugalugs Luxury 2in1 \u0161ampoon ja palsam kassidele 500ml\"},{\"@type\":\"BreadcrumbList\",\"@id\":\"https:\/\/miumjau.ee\/fi\/tuote\/bugalugs-luxury-2in1-shampoo-ja-hoitoaine-kissoille-250-ml\/#breadcrumb\",\"itemListElement\":[{\"@type\":\"ListItem\",\"position\":1,\"name\":\"Home\",\"item\":\"https:\/\/miumjau.ee\/fi\/\"},{\"@type\":\"ListItem\",\"position\":2,\"name\":\"Kauppa\",\"item\":\"https:\/\/miumjau.ee\/fi\/kauppa\/\"},{\"@type\":\"ListItem\",\"position\":3,\"name\":\"Bugalugs Luxury 2in1 shampoo ja hoitoaine kissoille 250 ml\"}]},{\"@type\":\"WebSite\",\"@id\":\"https:\/\/miumjau.ee\/#website\",\"url\":\"https:\/\/miumjau.ee\/\",\"name\":\"MiuMjau\",\"description\":\"Kraapimispuud kassidele\",\"publisher\":{\"@id\":\"https:\/\/miumjau.ee\/#organization\"},\"potentialAction\":[{\"@type\":\"SearchAction\",\"target\":{\"@type\":\"EntryPoint\",\"urlTemplate\":\"https:\/\/miumjau.ee\/?s={search_term_string}\"},\"query-input\":{\"@type\":\"PropertyValueSpecification\",\"valueRequired\":true,\"valueName\":\"search_term_string\"}}],\"inLanguage\":\"fi\"},{\"@type\":\"Organization\",\"@id\":\"https:\/\/miumjau.ee\/#organization\",\"name\":\"MiuMjau O\u00dc\",\"url\":\"https:\/\/miumjau.ee\/\",\"logo\":{\"@type\":\"ImageObject\",\"inLanguage\":\"fi\",\"@id\":\"https:\/\/miumjau.ee\/#\/schema\/logo\/image\/\",\"url\":\"https:\/\/miumjau.ee\/wp-content\/uploads\/2022\/04\/MiuMjau-logo-kollane.png\",\"contentUrl\":\"https:\/\/miumjau.ee\/wp-content\/uploads\/2022\/04\/MiuMjau-logo-kollane.png\",\"width\":219,\"height\":100,\"caption\":\"MiuMjau O\u00dc\"},\"image\":{\"@id\":\"https:\/\/miumjau.ee\/#\/schema\/logo\/image\/\"},\"sameAs\":[\"https:\/\/www.facebook.com\/miumjaupood\/\"]}]}<\/script>\n<!-- \/ Yoast SEO plugin. -->","yoast_head_json":{"title":"Bugalugs Luxury 2in1 shampoo ja hoitoaine kissoille 250 ml - MiuMjau","robots":{"index":"index","follow":"follow","max-snippet":"max-snippet:-1","max-image-preview":"max-image-preview:large","max-video-preview":"max-video-preview:-1"},"canonical":"https:\/\/miumjau.ee\/fi\/tuote\/bugalugs-luxury-2in1-shampoo-ja-hoitoaine-kissoille-250-ml\/","og_locale":"fi_FI","og_type":"article","og_title":"Bugalugs Luxury 2in1 shampoo ja hoitoaine kissoille 250 ml - MiuMjau","og_description":"Bugalugs Luxury 2 in 1 kissashampoo ja hoitoaine on rikastettu papaijalla ja kookoksella, hemmotellen kissasi ylellisell\u00e4 vaahdolla ja tarjoten pitk\u00e4kestoisen trooppisen tuoksuel\u00e4myksen.  Vastustamattoman tuoksuva shampoo-hoitoaine sis\u00e4lt\u00e4\u00e4 kolloidista kaurahelmiuutetta ja kookos\u00f6ljy\u00e4, jotka puhdistavat, rauhoittavat ja ravitsevat kissasi ihoa ja turkkia. Ehk\u00e4isev\u00e4t kuivan ihon muodostumista ja saavutat terveen kiillon k\u00e4ytt\u00e4m\u00e4ll\u00e4 t\u00e4t\u00e4 kasvipohjaista hoitoainetta s\u00e4\u00e4nn\u00f6llisesti. Lempikylpytuotteemme elvytt\u00e4\u00e4 turkin, puhdistaa syv\u00e4lt\u00e4 ja tekee takut helpoksi harjata!  T\u00e4m\u00e4 eksklusiivinen shampoo ja hoitoaine on ihanteellinen hemmottelutuote! Sis\u00e4lt\u00e4\u00e4 luonnollisia ainesosia kuten kookos\u00f6ljy\u00e4 ja papaijaa. Kookos\u00f6ljyll\u00e4 on hell\u00e4varaiset puhdistavat ja kosteuttavat ominaisuudet, kun taas papaija palauttaa kissan ihon ja turkin luonnollisen kosteustasapainon. Kaikki n\u00e4m\u00e4 hy\u00f6dyt yhdistyv\u00e4t trooppiseen tuoksuun, joka j\u00e4tt\u00e4\u00e4 kissasi tuoksumaan ja tuntumaan ihanalta!  Ominaisuudet:   Luonnollisesti ravitseva ja kosteuttava hoitoaine  Puhdistaa hell\u00e4varaisesti turkkia, poistaa tali-, lika- ja \u00f6ljyj\u00e4\u00e4m\u00e4t  Pitk\u00e4kestoinen ylellinen trooppinen tuoksu  Vegaaninen ja el\u00e4inkokeeton  Valmistettu Isossa-Britanniassa  K\u00e4ytetty vesi on per\u00e4isin UNESCO:n maailmanperint\u00f6kohteesta \u2013 Lake Districtilt\u00e4  pH-tasapainotettu ja parabeeniton koostumus  Pullon materiaali on kierr\u00e4tetty ja kierr\u00e4tett\u00e4v\u00e4  K\u00e4ytt\u00f6ohje: Kostuta kissan turkki l\u00e4mpim\u00e4ll\u00e4 vedell\u00e4. Levit\u00e4 shampoo, vaahdota, huuhtele huolellisesti ja kuivaa. V\u00e4lt\u00e4 silmiin joutumista \u2013 silm\u00e4n osuessa vahingossa, huuhtele vedell\u00e4. S\u00e4ilyt\u00e4 lasten ulottumattomissa.  Ainesosat: Aqua, Natriumlaureeth sulfate, Glyseriini, Kokamidopropyyli betaiini, Kookosglukosidi, Glyseryylioleaatti, Hajuste (Parfum), Polyglyceryl-2 caprate, Natriumkloridi, Bensofenoni-4, Natriumhydroksidi, Sitruunahappo, Cocos Nucifera (kookos) \u00f6ljy, Carica Papaya (papaija) hedelm\u00e4uutte, Vetytty palmu\u00f6ljyglyseridien sitraatti, Tokoferoli, Polyquaternium-7, Fenoksietanoli, Natriumbentsoaatti, CI 14700.","og_url":"https:\/\/miumjau.ee\/fi\/tuote\/bugalugs-luxury-2in1-shampoo-ja-hoitoaine-kissoille-250-ml\/","og_site_name":"MiuMjau","article_publisher":"https:\/\/www.facebook.com\/miumjaupood\/","article_modified_time":"2026-01-07T20:50:14+00:00","og_image":[{"width":600,"height":800,"url":"https:\/\/miumjau.ee\/wp-content\/uploads\/2025\/06\/sampoon-kassidele-bugalugs-luxury2in12.webp","type":"image\/webp"}],"twitter_card":"summary_large_image","schema":{"@context":"https:\/\/schema.org","@graph":[{"@type":"WebPage","@id":"https:\/\/miumjau.ee\/fi\/tuote\/bugalugs-luxury-2in1-shampoo-ja-hoitoaine-kissoille-250-ml\/","url":"https:\/\/miumjau.ee\/fi\/tuote\/bugalugs-luxury-2in1-shampoo-ja-hoitoaine-kissoille-250-ml\/","name":"Bugalugs Luxury 2in1 shampoo ja hoitoaine kissoille 250 ml - MiuMjau","isPartOf":{"@id":"https:\/\/miumjau.ee\/#website"},"primaryImageOfPage":{"@id":"https:\/\/miumjau.ee\/fi\/tuote\/bugalugs-luxury-2in1-shampoo-ja-hoitoaine-kissoille-250-ml\/#primaryimage"},"image":{"@id":"https:\/\/miumjau.ee\/fi\/tuote\/bugalugs-luxury-2in1-shampoo-ja-hoitoaine-kissoille-250-ml\/#primaryimage"},"thumbnailUrl":"https:\/\/miumjau.ee\/wp-content\/uploads\/2025\/06\/sampoon-kassidele-bugalugs-luxury2in12.webp","datePublished":"2025-06-18T15:06:26+00:00","dateModified":"2026-01-07T20:50:14+00:00","breadcrumb":{"@id":"https:\/\/miumjau.ee\/fi\/tuote\/bugalugs-luxury-2in1-shampoo-ja-hoitoaine-kissoille-250-ml\/#breadcrumb"},"inLanguage":"fi","potentialAction":[{"@type":"ReadAction","target":["https:\/\/miumjau.ee\/fi\/tuote\/bugalugs-luxury-2in1-shampoo-ja-hoitoaine-kissoille-250-ml\/"]}]},{"@type":"ImageObject","inLanguage":"fi","@id":"https:\/\/miumjau.ee\/fi\/tuote\/bugalugs-luxury-2in1-shampoo-ja-hoitoaine-kissoille-250-ml\/#primaryimage","url":"https:\/\/miumjau.ee\/wp-content\/uploads\/2025\/06\/sampoon-kassidele-bugalugs-luxury2in12.webp","contentUrl":"https:\/\/miumjau.ee\/wp-content\/uploads\/2025\/06\/sampoon-kassidele-bugalugs-luxury2in12.webp","width":600,"height":800,"caption":"Bugalugs Luxury 2in1 \u0161ampoon ja palsam kassidele 500ml"},{"@type":"BreadcrumbList","@id":"https:\/\/miumjau.ee\/fi\/tuote\/bugalugs-luxury-2in1-shampoo-ja-hoitoaine-kissoille-250-ml\/#breadcrumb","itemListElement":[{"@type":"ListItem","position":1,"name":"Home","item":"https:\/\/miumjau.ee\/fi\/"},{"@type":"ListItem","position":2,"name":"Kauppa","item":"https:\/\/miumjau.ee\/fi\/kauppa\/"},{"@type":"ListItem","position":3,"name":"Bugalugs Luxury 2in1 shampoo ja hoitoaine kissoille 250 ml"}]},{"@type":"WebSite","@id":"https:\/\/miumjau.ee\/#website","url":"https:\/\/miumjau.ee\/","name":"MiuMjau","description":"Kraapimispuud kassidele","publisher":{"@id":"https:\/\/miumjau.ee\/#organization"},"potentialAction":[{"@type":"SearchAction","target":{"@type":"EntryPoint","urlTemplate":"https:\/\/miumjau.ee\/?s={search_term_string}"},"query-input":{"@type":"PropertyValueSpecification","valueRequired":true,"valueName":"search_term_string"}}],"inLanguage":"fi"},{"@type":"Organization","@id":"https:\/\/miumjau.ee\/#organization","name":"MiuMjau O\u00dc","url":"https:\/\/miumjau.ee\/","logo":{"@type":"ImageObject","inLanguage":"fi","@id":"https:\/\/miumjau.ee\/#\/schema\/logo\/image\/","url":"https:\/\/miumjau.ee\/wp-content\/uploads\/2022\/04\/MiuMjau-logo-kollane.png","contentUrl":"https:\/\/miumjau.ee\/wp-content\/uploads\/2022\/04\/MiuMjau-logo-kollane.png","width":219,"height":100,"caption":"MiuMjau O\u00dc"},"image":{"@id":"https:\/\/miumjau.ee\/#\/schema\/logo\/image\/"},"sameAs":["https:\/\/www.facebook.com\/miumjaupood\/"]}]}},"_links":{"self":[{"href":"https:\/\/miumjau.ee\/fi\/wp-json\/wp\/v2\/product\/36880","targetHints":{"allow":["GET"]}}],"collection":[{"href":"https:\/\/miumjau.ee\/fi\/wp-json\/wp\/v2\/product"}],"about":[{"href":"https:\/\/miumjau.ee\/fi\/wp-json\/wp\/v2\/types\/product"}],"wp:featuredmedia":[{"embeddable":true,"href":"https:\/\/miumjau.ee\/fi\/wp-json\/wp\/v2\/media\/36653"}],"wp:attachment":[{"href":"https:\/\/miumjau.ee\/fi\/wp-json\/wp\/v2\/media?parent=36880"}],"wp:term":[{"taxonomy":"product_brand","embeddable":true,"href":"https:\/\/miumjau.ee\/fi\/wp-json\/wp\/v2\/product_brand?post=36880"},{"taxonomy":"product_cat","embeddable":true,"href":"https:\/\/miumjau.ee\/fi\/wp-json\/wp\/v2\/product_cat?post=36880"},{"taxonomy":"product_tag","embeddable":true,"href":"https:\/\/miumjau.ee\/fi\/wp-json\/wp\/v2\/product_tag?post=36880"}],"curies":[{"name":"wp","href":"https:\/\/api.w.org\/{rel}","templated":true}]}}