{"id":36877,"date":"2025-06-18T22:48:11","date_gmt":"2025-06-18T19:48:11","guid":{"rendered":"https:\/\/miumjau.ee\/toode\/bugalugs-voltipuhastuspadjat-kissoille-ja-koirille-80-kpl\/"},"modified":"2026-01-07T22:50:14","modified_gmt":"2026-01-07T20:50:14","slug":"bugalugs-voltipuhastuspadjat-kissoille-ja-koirille-80-kpl","status":"publish","type":"product","link":"https:\/\/miumjau.ee\/fi\/tuote\/bugalugs-voltipuhastuspadjat-kissoille-ja-koirille-80-kpl\/","title":{"rendered":"Bugalugs-voltipuhastuspadjat kissoille ja koirille, 80 kpl"},"content":{"rendered":"<p><br data-mce-bogus=\"1\"><\/p>\n","protected":false},"excerpt":{"rendered":"<p data-start=\"0\" data-end=\"78\">Tarjoa korttuiselle koirallesi paras hoito Bugalugs-ryppyjenpuhdistusliinoilla<\/p>\n<p data-start=\"80\" data-end=\"306\">Bugalugs Wrinkle Cleansing Wipes sis\u00e4lt\u00e4\u00e4 100 liinaa, jotka on suunniteltu erityisesti ryppyisen ihon puhdistukseen. Hajusteeton ja biohajoava koostumus takaa karvaiselle yst\u00e4v\u00e4llesi erinomaisen puhtaan ja miellytt\u00e4v\u00e4n hoidon.<\/p>\n<p data-start=\"308\" data-end=\"569\">Suuret ja kest\u00e4v\u00e4t liinat ovat sopivan kokoisia, jotta ne ylt\u00e4v\u00e4t my\u00f6s syvempiin ihopoimuihin puhdistaen likaa ja kosteutta, jotka voivat aiheuttaa bakteerien kasvua ja ihotulehduksia. Samalla ainutlaatuinen koostumus rauhoittaa herkk\u00e4\u00e4 ihoa, tassuja ja korvia.<\/p>\n<p data-start=\"571\" data-end=\"799\">Hell\u00e4varainen ja tehokas p\u00e4ivitt\u00e4inen hoito<br data-start=\"614\" data-end=\"617\">Sopii erityisesti ryppyisille koiraroduille kuten ranskanbulldoggi, mopsi, bokseri, shi tzu ym. \u2013 p\u00e4ivitt\u00e4inen k\u00e4ytt\u00f6 ehk\u00e4isee iho\u00e4rsytyst\u00e4 ja pit\u00e4\u00e4 lemmikkisi raikkaana ja terveen\u00e4.<\/p>\n<p data-start=\"801\" data-end=\"1001\">Bugalugs v\u00e4litt\u00e4\u00e4 ymp\u00e4rist\u00f6st\u00e4 \u2013 liinamme on valmistettu kasvikuiduista, muovittomia ja biohajoavia. Valitsemalla Bugalugsin tarjoat lemmikillesi ensiluokkaista hoitoa ja autat suojelemaan planeettaa.<\/p>\n<p data-start=\"1003\" data-end=\"1039\">Miksi valita Bugalugs-ryppyliinat?<\/p>\n<ul data-start=\"1040\" data-end=\"1274\">\n<li data-start=\"1040\" data-end=\"1073\">\n<p data-start=\"1042\" data-end=\"1073\">Suuret, vahvat ja biohajoavat<\/p>\n<\/li>\n<li data-start=\"1074\" data-end=\"1116\">\n<p data-start=\"1076\" data-end=\"1116\">Hajusteeton ja hell\u00e4varainen koostumus<\/p>\n<\/li>\n<li data-start=\"1117\" data-end=\"1175\">\n<p data-start=\"1119\" data-end=\"1175\">Rauhoittaa stressaantunutta ihoa ja ehk\u00e4isee \u00e4rsytyst\u00e4<\/p>\n<\/li>\n<li data-start=\"1176\" data-end=\"1208\">\n<p data-start=\"1178\" data-end=\"1208\">Sopii p\u00e4ivitt\u00e4iseen k\u00e4ytt\u00f6\u00f6n<\/p>\n<\/li>\n<li data-start=\"1209\" data-end=\"1243\">\n<p data-start=\"1211\" data-end=\"1243\">Soveltuu koirille ja kissoille<\/p>\n<\/li>\n<li data-start=\"1244\" data-end=\"1274\">\n<p data-start=\"1246\" data-end=\"1274\">Valmistettu vastuullisesti<\/p>\n<\/li>\n<\/ul>\n<p data-start=\"1276\" data-end=\"1542\">K\u00e4ytt\u00f6ohje: Ota yksi valmiiksi kostutettu puhdistusliina ja pyyhi hell\u00e4varaisesti hoidettavat alueet, kuten ihopoimujen ja ryppyjen v\u00e4list\u00e4. K\u00e4yt\u00e4 liinan molempia puolia. Huuhteleminen ei ole tarpeen. \u00c4l\u00e4 k\u00e4yt\u00e4 samaa liinaa uudelleen. Soveltuu koirille ja kissoille.<\/p>\n<p data-start=\"1544\" data-end=\"1639\" data-is-last-node=\"\" data-is-only-node=\"\">Ainesosat: Vesi, Glyseriini, Klooriheksidiindiglykonaatti, PEG-75 Lanoliini, Propyleeniglykoli.<\/p>\n","protected":false},"featured_media":36719,"template":"","meta":[],"product_brand":[],"product_cat":[259,483],"product_tag":[],"class_list":{"0":"post-36877","1":"product","2":"type-product","3":"status-publish","4":"has-post-thumbnail","6":"product_cat-muut","7":"product_cat-hoitotuotteet-koirille","9":"first","10":"instock","11":"taxable","12":"shipping-taxable","13":"purchasable","14":"product-type-simple"},"yoast_head":"<!-- This site is optimized with the Yoast SEO plugin v27.2 - https:\/\/yoast.com\/product\/yoast-seo-wordpress\/ -->\n<title>Bugalugs-voltipuhastuspadjat kissoille ja koirille, 80 kpl - MiuMjau<\/title>\n<meta name=\"robots\" content=\"index, follow, max-snippet:-1, max-image-preview:large, max-video-preview:-1\" \/>\n<link rel=\"canonical\" href=\"https:\/\/miumjau.ee\/fi\/tuote\/bugalugs-voltipuhastuspadjat-kissoille-ja-koirille-80-kpl\/\" \/>\n<meta property=\"og:locale\" content=\"fi_FI\" \/>\n<meta property=\"og:type\" content=\"article\" \/>\n<meta property=\"og:title\" content=\"Bugalugs-voltipuhastuspadjat kissoille ja koirille, 80 kpl - MiuMjau\" \/>\n<meta property=\"og:description\" content=\"Tarjoa korttuiselle koirallesi paras hoito Bugalugs-ryppyjenpuhdistusliinoillaBugalugs Wrinkle Cleansing Wipes sis\u00e4lt\u00e4\u00e4 100 liinaa, jotka on suunniteltu erityisesti ryppyisen ihon puhdistukseen. Hajusteeton ja biohajoava koostumus takaa karvaiselle yst\u00e4v\u00e4llesi erinomaisen puhtaan ja miellytt\u00e4v\u00e4n hoidon.Suuret ja kest\u00e4v\u00e4t liinat ovat sopivan kokoisia, jotta ne ylt\u00e4v\u00e4t my\u00f6s syvempiin ihopoimuihin puhdistaen likaa ja kosteutta, jotka voivat aiheuttaa bakteerien kasvua ja ihotulehduksia. Samalla ainutlaatuinen koostumus rauhoittaa herkk\u00e4\u00e4 ihoa, tassuja ja korvia.Hell\u00e4varainen ja tehokas p\u00e4ivitt\u00e4inen hoitoSopii erityisesti ryppyisille koiraroduille kuten ranskanbulldoggi, mopsi, bokseri, shi tzu ym. \u2013 p\u00e4ivitt\u00e4inen k\u00e4ytt\u00f6 ehk\u00e4isee iho\u00e4rsytyst\u00e4 ja pit\u00e4\u00e4 lemmikkisi raikkaana ja terveen\u00e4.Bugalugs v\u00e4litt\u00e4\u00e4 ymp\u00e4rist\u00f6st\u00e4 \u2013 liinamme on valmistettu kasvikuiduista, muovittomia ja biohajoavia. Valitsemalla Bugalugsin tarjoat lemmikillesi ensiluokkaista hoitoa ja autat suojelemaan planeettaa.Miksi valita Bugalugs-ryppyliinat?Suuret, vahvat ja biohajoavatHajusteeton ja hell\u00e4varainen koostumusRauhoittaa stressaantunutta ihoa ja ehk\u00e4isee \u00e4rsytyst\u00e4Sopii p\u00e4ivitt\u00e4iseen k\u00e4ytt\u00f6\u00f6nSoveltuu koirille ja kissoilleValmistettu vastuullisestiK\u00e4ytt\u00f6ohje: Ota yksi valmiiksi kostutettu puhdistusliina ja pyyhi hell\u00e4varaisesti hoidettavat alueet, kuten ihopoimujen ja ryppyjen v\u00e4list\u00e4. K\u00e4yt\u00e4 liinan molempia puolia. Huuhteleminen ei ole tarpeen. \u00c4l\u00e4 k\u00e4yt\u00e4 samaa liinaa uudelleen. Soveltuu koirille ja kissoille.Ainesosat: Vesi, Glyseriini, Klooriheksidiindiglykonaatti, PEG-75 Lanoliini, Propyleeniglykoli.\" \/>\n<meta property=\"og:url\" content=\"https:\/\/miumjau.ee\/fi\/tuote\/bugalugs-voltipuhastuspadjat-kissoille-ja-koirille-80-kpl\/\" \/>\n<meta property=\"og:site_name\" content=\"MiuMjau\" \/>\n<meta property=\"article:publisher\" content=\"https:\/\/www.facebook.com\/miumjaupood\/\" \/>\n<meta property=\"article:modified_time\" content=\"2026-01-07T20:50:14+00:00\" \/>\n<meta property=\"og:image\" content=\"https:\/\/miumjau.ee\/wp-content\/uploads\/2025\/06\/niisked-salvratid-kortsude-puhastuseks-bugalugs3.webp\" \/>\n\t<meta property=\"og:image:width\" content=\"600\" \/>\n\t<meta property=\"og:image:height\" content=\"800\" \/>\n\t<meta property=\"og:image:type\" content=\"image\/webp\" \/>\n<meta name=\"twitter:card\" content=\"summary_large_image\" \/>\n<script type=\"application\/ld+json\" class=\"yoast-schema-graph\">{\"@context\":\"https:\/\/schema.org\",\"@graph\":[{\"@type\":\"WebPage\",\"@id\":\"https:\/\/miumjau.ee\/fi\/tuote\/bugalugs-voltipuhastuspadjat-kissoille-ja-koirille-80-kpl\/\",\"url\":\"https:\/\/miumjau.ee\/fi\/tuote\/bugalugs-voltipuhastuspadjat-kissoille-ja-koirille-80-kpl\/\",\"name\":\"Bugalugs-voltipuhastuspadjat kissoille ja koirille, 80 kpl - MiuMjau\",\"isPartOf\":{\"@id\":\"https:\/\/miumjau.ee\/#website\"},\"primaryImageOfPage\":{\"@id\":\"https:\/\/miumjau.ee\/fi\/tuote\/bugalugs-voltipuhastuspadjat-kissoille-ja-koirille-80-kpl\/#primaryimage\"},\"image\":{\"@id\":\"https:\/\/miumjau.ee\/fi\/tuote\/bugalugs-voltipuhastuspadjat-kissoille-ja-koirille-80-kpl\/#primaryimage\"},\"thumbnailUrl\":\"https:\/\/miumjau.ee\/wp-content\/uploads\/2025\/06\/niisked-salvratid-kortsude-puhastuseks-bugalugs3.webp\",\"datePublished\":\"2025-06-18T19:48:11+00:00\",\"dateModified\":\"2026-01-07T20:50:14+00:00\",\"breadcrumb\":{\"@id\":\"https:\/\/miumjau.ee\/fi\/tuote\/bugalugs-voltipuhastuspadjat-kissoille-ja-koirille-80-kpl\/#breadcrumb\"},\"inLanguage\":\"fi\",\"potentialAction\":[{\"@type\":\"ReadAction\",\"target\":[\"https:\/\/miumjau.ee\/fi\/tuote\/bugalugs-voltipuhastuspadjat-kissoille-ja-koirille-80-kpl\/\"]}]},{\"@type\":\"ImageObject\",\"inLanguage\":\"fi\",\"@id\":\"https:\/\/miumjau.ee\/fi\/tuote\/bugalugs-voltipuhastuspadjat-kissoille-ja-koirille-80-kpl\/#primaryimage\",\"url\":\"https:\/\/miumjau.ee\/wp-content\/uploads\/2025\/06\/niisked-salvratid-kortsude-puhastuseks-bugalugs3.webp\",\"contentUrl\":\"https:\/\/miumjau.ee\/wp-content\/uploads\/2025\/06\/niisked-salvratid-kortsude-puhastuseks-bugalugs3.webp\",\"width\":600,\"height\":800,\"caption\":\"Bugalugs voldipuhastuslapid kassidele ja koertele 80tk\"},{\"@type\":\"BreadcrumbList\",\"@id\":\"https:\/\/miumjau.ee\/fi\/tuote\/bugalugs-voltipuhastuspadjat-kissoille-ja-koirille-80-kpl\/#breadcrumb\",\"itemListElement\":[{\"@type\":\"ListItem\",\"position\":1,\"name\":\"Home\",\"item\":\"https:\/\/miumjau.ee\/fi\/\"},{\"@type\":\"ListItem\",\"position\":2,\"name\":\"Kauppa\",\"item\":\"https:\/\/miumjau.ee\/fi\/kauppa\/\"},{\"@type\":\"ListItem\",\"position\":3,\"name\":\"Bugalugs-voltipuhastuspadjat kissoille ja koirille, 80 kpl\"}]},{\"@type\":\"WebSite\",\"@id\":\"https:\/\/miumjau.ee\/#website\",\"url\":\"https:\/\/miumjau.ee\/\",\"name\":\"MiuMjau\",\"description\":\"Kraapimispuud kassidele\",\"publisher\":{\"@id\":\"https:\/\/miumjau.ee\/#organization\"},\"potentialAction\":[{\"@type\":\"SearchAction\",\"target\":{\"@type\":\"EntryPoint\",\"urlTemplate\":\"https:\/\/miumjau.ee\/?s={search_term_string}\"},\"query-input\":{\"@type\":\"PropertyValueSpecification\",\"valueRequired\":true,\"valueName\":\"search_term_string\"}}],\"inLanguage\":\"fi\"},{\"@type\":\"Organization\",\"@id\":\"https:\/\/miumjau.ee\/#organization\",\"name\":\"MiuMjau O\u00dc\",\"url\":\"https:\/\/miumjau.ee\/\",\"logo\":{\"@type\":\"ImageObject\",\"inLanguage\":\"fi\",\"@id\":\"https:\/\/miumjau.ee\/#\/schema\/logo\/image\/\",\"url\":\"https:\/\/miumjau.ee\/wp-content\/uploads\/2022\/04\/MiuMjau-logo-kollane.png\",\"contentUrl\":\"https:\/\/miumjau.ee\/wp-content\/uploads\/2022\/04\/MiuMjau-logo-kollane.png\",\"width\":219,\"height\":100,\"caption\":\"MiuMjau O\u00dc\"},\"image\":{\"@id\":\"https:\/\/miumjau.ee\/#\/schema\/logo\/image\/\"},\"sameAs\":[\"https:\/\/www.facebook.com\/miumjaupood\/\"]}]}<\/script>\n<!-- \/ Yoast SEO plugin. -->","yoast_head_json":{"title":"Bugalugs-voltipuhastuspadjat kissoille ja koirille, 80 kpl - MiuMjau","robots":{"index":"index","follow":"follow","max-snippet":"max-snippet:-1","max-image-preview":"max-image-preview:large","max-video-preview":"max-video-preview:-1"},"canonical":"https:\/\/miumjau.ee\/fi\/tuote\/bugalugs-voltipuhastuspadjat-kissoille-ja-koirille-80-kpl\/","og_locale":"fi_FI","og_type":"article","og_title":"Bugalugs-voltipuhastuspadjat kissoille ja koirille, 80 kpl - MiuMjau","og_description":"Tarjoa korttuiselle koirallesi paras hoito Bugalugs-ryppyjenpuhdistusliinoillaBugalugs Wrinkle Cleansing Wipes sis\u00e4lt\u00e4\u00e4 100 liinaa, jotka on suunniteltu erityisesti ryppyisen ihon puhdistukseen. Hajusteeton ja biohajoava koostumus takaa karvaiselle yst\u00e4v\u00e4llesi erinomaisen puhtaan ja miellytt\u00e4v\u00e4n hoidon.Suuret ja kest\u00e4v\u00e4t liinat ovat sopivan kokoisia, jotta ne ylt\u00e4v\u00e4t my\u00f6s syvempiin ihopoimuihin puhdistaen likaa ja kosteutta, jotka voivat aiheuttaa bakteerien kasvua ja ihotulehduksia. Samalla ainutlaatuinen koostumus rauhoittaa herkk\u00e4\u00e4 ihoa, tassuja ja korvia.Hell\u00e4varainen ja tehokas p\u00e4ivitt\u00e4inen hoitoSopii erityisesti ryppyisille koiraroduille kuten ranskanbulldoggi, mopsi, bokseri, shi tzu ym. \u2013 p\u00e4ivitt\u00e4inen k\u00e4ytt\u00f6 ehk\u00e4isee iho\u00e4rsytyst\u00e4 ja pit\u00e4\u00e4 lemmikkisi raikkaana ja terveen\u00e4.Bugalugs v\u00e4litt\u00e4\u00e4 ymp\u00e4rist\u00f6st\u00e4 \u2013 liinamme on valmistettu kasvikuiduista, muovittomia ja biohajoavia. Valitsemalla Bugalugsin tarjoat lemmikillesi ensiluokkaista hoitoa ja autat suojelemaan planeettaa.Miksi valita Bugalugs-ryppyliinat?Suuret, vahvat ja biohajoavatHajusteeton ja hell\u00e4varainen koostumusRauhoittaa stressaantunutta ihoa ja ehk\u00e4isee \u00e4rsytyst\u00e4Sopii p\u00e4ivitt\u00e4iseen k\u00e4ytt\u00f6\u00f6nSoveltuu koirille ja kissoilleValmistettu vastuullisestiK\u00e4ytt\u00f6ohje: Ota yksi valmiiksi kostutettu puhdistusliina ja pyyhi hell\u00e4varaisesti hoidettavat alueet, kuten ihopoimujen ja ryppyjen v\u00e4list\u00e4. K\u00e4yt\u00e4 liinan molempia puolia. Huuhteleminen ei ole tarpeen. \u00c4l\u00e4 k\u00e4yt\u00e4 samaa liinaa uudelleen. Soveltuu koirille ja kissoille.Ainesosat: Vesi, Glyseriini, Klooriheksidiindiglykonaatti, PEG-75 Lanoliini, Propyleeniglykoli.","og_url":"https:\/\/miumjau.ee\/fi\/tuote\/bugalugs-voltipuhastuspadjat-kissoille-ja-koirille-80-kpl\/","og_site_name":"MiuMjau","article_publisher":"https:\/\/www.facebook.com\/miumjaupood\/","article_modified_time":"2026-01-07T20:50:14+00:00","og_image":[{"width":600,"height":800,"url":"https:\/\/miumjau.ee\/wp-content\/uploads\/2025\/06\/niisked-salvratid-kortsude-puhastuseks-bugalugs3.webp","type":"image\/webp"}],"twitter_card":"summary_large_image","schema":{"@context":"https:\/\/schema.org","@graph":[{"@type":"WebPage","@id":"https:\/\/miumjau.ee\/fi\/tuote\/bugalugs-voltipuhastuspadjat-kissoille-ja-koirille-80-kpl\/","url":"https:\/\/miumjau.ee\/fi\/tuote\/bugalugs-voltipuhastuspadjat-kissoille-ja-koirille-80-kpl\/","name":"Bugalugs-voltipuhastuspadjat kissoille ja koirille, 80 kpl - MiuMjau","isPartOf":{"@id":"https:\/\/miumjau.ee\/#website"},"primaryImageOfPage":{"@id":"https:\/\/miumjau.ee\/fi\/tuote\/bugalugs-voltipuhastuspadjat-kissoille-ja-koirille-80-kpl\/#primaryimage"},"image":{"@id":"https:\/\/miumjau.ee\/fi\/tuote\/bugalugs-voltipuhastuspadjat-kissoille-ja-koirille-80-kpl\/#primaryimage"},"thumbnailUrl":"https:\/\/miumjau.ee\/wp-content\/uploads\/2025\/06\/niisked-salvratid-kortsude-puhastuseks-bugalugs3.webp","datePublished":"2025-06-18T19:48:11+00:00","dateModified":"2026-01-07T20:50:14+00:00","breadcrumb":{"@id":"https:\/\/miumjau.ee\/fi\/tuote\/bugalugs-voltipuhastuspadjat-kissoille-ja-koirille-80-kpl\/#breadcrumb"},"inLanguage":"fi","potentialAction":[{"@type":"ReadAction","target":["https:\/\/miumjau.ee\/fi\/tuote\/bugalugs-voltipuhastuspadjat-kissoille-ja-koirille-80-kpl\/"]}]},{"@type":"ImageObject","inLanguage":"fi","@id":"https:\/\/miumjau.ee\/fi\/tuote\/bugalugs-voltipuhastuspadjat-kissoille-ja-koirille-80-kpl\/#primaryimage","url":"https:\/\/miumjau.ee\/wp-content\/uploads\/2025\/06\/niisked-salvratid-kortsude-puhastuseks-bugalugs3.webp","contentUrl":"https:\/\/miumjau.ee\/wp-content\/uploads\/2025\/06\/niisked-salvratid-kortsude-puhastuseks-bugalugs3.webp","width":600,"height":800,"caption":"Bugalugs voldipuhastuslapid kassidele ja koertele 80tk"},{"@type":"BreadcrumbList","@id":"https:\/\/miumjau.ee\/fi\/tuote\/bugalugs-voltipuhastuspadjat-kissoille-ja-koirille-80-kpl\/#breadcrumb","itemListElement":[{"@type":"ListItem","position":1,"name":"Home","item":"https:\/\/miumjau.ee\/fi\/"},{"@type":"ListItem","position":2,"name":"Kauppa","item":"https:\/\/miumjau.ee\/fi\/kauppa\/"},{"@type":"ListItem","position":3,"name":"Bugalugs-voltipuhastuspadjat kissoille ja koirille, 80 kpl"}]},{"@type":"WebSite","@id":"https:\/\/miumjau.ee\/#website","url":"https:\/\/miumjau.ee\/","name":"MiuMjau","description":"Kraapimispuud kassidele","publisher":{"@id":"https:\/\/miumjau.ee\/#organization"},"potentialAction":[{"@type":"SearchAction","target":{"@type":"EntryPoint","urlTemplate":"https:\/\/miumjau.ee\/?s={search_term_string}"},"query-input":{"@type":"PropertyValueSpecification","valueRequired":true,"valueName":"search_term_string"}}],"inLanguage":"fi"},{"@type":"Organization","@id":"https:\/\/miumjau.ee\/#organization","name":"MiuMjau O\u00dc","url":"https:\/\/miumjau.ee\/","logo":{"@type":"ImageObject","inLanguage":"fi","@id":"https:\/\/miumjau.ee\/#\/schema\/logo\/image\/","url":"https:\/\/miumjau.ee\/wp-content\/uploads\/2022\/04\/MiuMjau-logo-kollane.png","contentUrl":"https:\/\/miumjau.ee\/wp-content\/uploads\/2022\/04\/MiuMjau-logo-kollane.png","width":219,"height":100,"caption":"MiuMjau O\u00dc"},"image":{"@id":"https:\/\/miumjau.ee\/#\/schema\/logo\/image\/"},"sameAs":["https:\/\/www.facebook.com\/miumjaupood\/"]}]}},"_links":{"self":[{"href":"https:\/\/miumjau.ee\/fi\/wp-json\/wp\/v2\/product\/36877","targetHints":{"allow":["GET"]}}],"collection":[{"href":"https:\/\/miumjau.ee\/fi\/wp-json\/wp\/v2\/product"}],"about":[{"href":"https:\/\/miumjau.ee\/fi\/wp-json\/wp\/v2\/types\/product"}],"wp:featuredmedia":[{"embeddable":true,"href":"https:\/\/miumjau.ee\/fi\/wp-json\/wp\/v2\/media\/36719"}],"wp:attachment":[{"href":"https:\/\/miumjau.ee\/fi\/wp-json\/wp\/v2\/media?parent=36877"}],"wp:term":[{"taxonomy":"product_brand","embeddable":true,"href":"https:\/\/miumjau.ee\/fi\/wp-json\/wp\/v2\/product_brand?post=36877"},{"taxonomy":"product_cat","embeddable":true,"href":"https:\/\/miumjau.ee\/fi\/wp-json\/wp\/v2\/product_cat?post=36877"},{"taxonomy":"product_tag","embeddable":true,"href":"https:\/\/miumjau.ee\/fi\/wp-json\/wp\/v2\/product_tag?post=36877"}],"curies":[{"name":"wp","href":"https:\/\/api.w.org\/{rel}","templated":true}]}}