{"id":36875,"date":"2025-04-06T13:56:31","date_gmt":"2025-04-06T10:56:31","guid":{"rendered":"https:\/\/miumjau.ee\/toode\/inaba-grillattua-tonnikalaa-kotitekoisessa-kastikkeessa-kissalle-15-g\/"},"modified":"2026-01-07T22:50:14","modified_gmt":"2026-01-07T20:50:14","slug":"inaba-grillattua-tonnikalaa-kotitekoisessa-kastikkeessa-kissalle-15-g","status":"publish","type":"product","link":"https:\/\/miumjau.ee\/fi\/tuote\/inaba-grillattua-tonnikalaa-kotitekoisessa-kastikkeessa-kissalle-15-g\/","title":{"rendered":"Inaba grillattua tonnikalaa kotitekoisessa kastikkeessa kissalle 15 g"},"content":{"rendered":"","protected":false},"excerpt":{"rendered":"<p data-start=\"45\" data-end=\"405\"><strong data-start=\"45\" data-end=\"129\">Inaba kissanherkku tonnikalafileell\u00e4 \u2013 terveellinen ja maukas valinta kissallesi<\/strong><br data-start=\"129\" data-end=\"132\" \/>Valmistettu laadukkaista raaka-aineista, joihin voit luottaa.<br data-start=\"193\" data-end=\"196\" \/>Jokainen Inaba kissanherkku on valmistettu huolellisesti valituista aineksista, mukaan lukien maatilalla kasvatettu kanaliha ja\/tai luonnosta pyydetty tonnikala. T\u00e4m\u00e4 on herkku, jonka laadusta voit olla varma.<\/p>\n<p data-start=\"407\" data-end=\"711\"><strong data-start=\"407\" data-end=\"454\">Auttaa pit\u00e4m\u00e4\u00e4n kissasi hyvin nesteytettyn\u00e4<\/strong><br data-start=\"454\" data-end=\"457\" \/>Kevyesti grillatut ja k\u00e4sin leikatut tonnikalafileet on pakattu herkulliseen liemeen, joka auttaa yll\u00e4pit\u00e4m\u00e4\u00e4n kissasi nestetasapainoa. Jokainen filee on vakuumipakattu erityiseen UV-s\u00e4teilylt\u00e4 suojaavaan kalvoon, jotta tuoreus ja s\u00e4ilyvyys varmistetaan.<\/p>\n<p data-start=\"713\" data-end=\"1004\"><strong data-start=\"713\" data-end=\"775\">Vain parasta kissallesi \u2013 vapaa haitallisista lis\u00e4aineista<\/strong><br data-start=\"775\" data-end=\"778\" \/>Inaban tuotteet eiv\u00e4t sis\u00e4ll\u00e4 viljoja, s\u00e4il\u00f6nt\u00e4aineita tai keinotekoisia v\u00e4riaineita. Sen sijaan niihin on lis\u00e4tty E-vitamiinia ja vihre\u00e4n teen uutetta \u2013 luonnollisia antioksidantteja, jotka tukevat kissan immuunij\u00e4rjestelm\u00e4\u00e4.<\/p>\n<p data-start=\"1006\" data-end=\"1290\"><strong data-start=\"1006\" data-end=\"1055\">Nauti ruokailuhetkist\u00e4 yhdess\u00e4 kissasi kanssa<\/strong><br data-start=\"1055\" data-end=\"1058\" \/>Tonnikalaherkkuja voi tarjota kissalle suoraan k\u00e4dest\u00e4 vahvistaaksesi v\u00e4lill\u00e4nne olevaa sidett\u00e4. Ne sopivat my\u00f6s erinomaisesti m\u00e4rk\u00e4- tai kuivaruokaan lis\u00e4tt\u00e4v\u00e4ksi. Tarjoitpa ne miten tahansa \u2013 kissasi nauttii jokaisesta suupalasta.<\/p>\n<p data-start=\"1292\" data-end=\"1414\"><strong data-start=\"1292\" data-end=\"1306\">Ainesosat:<\/strong> Tonnikala, luonnollinen tonnikalaliemi, luonnollinen ruskeavetikaliume, E-vitamiinilis\u00e4, vihre\u00e4n teen uute.<\/p>\n<p data-start=\"1416\" data-end=\"1582\"><strong data-start=\"1416\" data-end=\"1443\">Analyyttinen koostumus:<\/strong><br data-start=\"1443\" data-end=\"1446\" \/>Raakaproteiini (min): 26,5 %<br data-start=\"1474\" data-end=\"1477\" \/>Raakarasva (min): 0,8 %<br data-start=\"1500\" data-end=\"1503\" \/>Raakakuitu (max): 0,5 %<br data-start=\"1526\" data-end=\"1529\" \/>Kosteus (max): 71,0 %<br data-start=\"1550\" data-end=\"1553\" \/>E-vitamiini (min): 14 IU\/kg<\/p>\n","protected":false},"featured_media":31593,"template":"","meta":[],"product_brand":[],"product_cat":[266],"product_tag":[],"class_list":{"0":"post-36875","1":"product","2":"type-product","3":"status-publish","4":"has-post-thumbnail","6":"product_cat-makeiset","8":"first","9":"outofstock","10":"taxable","11":"shipping-taxable","12":"purchasable","13":"product-type-simple"},"yoast_head":"<!-- This site is optimized with the Yoast SEO plugin v27.2 - https:\/\/yoast.com\/product\/yoast-seo-wordpress\/ -->\n<title>Inaba grillattua tonnikalaa kotitekoisessa kastikkeessa kissalle 15 g - MiuMjau<\/title>\n<meta name=\"description\" content=\"Inaba-grillattu tonnikalafilee on todellinen herkku kissoille. Mik\u00e4 kissa ei rakastaisi kalaa? Todellista ylellisyytt\u00e4, aromaattista ja herkullista. Tule kokeilemaan!\" \/>\n<meta name=\"robots\" content=\"index, follow, max-snippet:-1, max-image-preview:large, max-video-preview:-1\" \/>\n<link rel=\"canonical\" href=\"https:\/\/miumjau.ee\/fi\/tuote\/inaba-grillattua-tonnikalaa-kotitekoisessa-kastikkeessa-kissalle-15-g\/\" \/>\n<meta property=\"og:locale\" content=\"fi_FI\" \/>\n<meta property=\"og:type\" content=\"article\" \/>\n<meta property=\"og:title\" content=\"Inaba grillattua tonnikalaa kotitekoisessa kastikkeessa kissalle 15 g - MiuMjau\" \/>\n<meta property=\"og:description\" content=\"Inaba-grillattu tonnikalafilee on todellinen herkku kissoille. Mik\u00e4 kissa ei rakastaisi kalaa? Todellista ylellisyytt\u00e4, aromaattista ja herkullista. Tule kokeilemaan!\" \/>\n<meta property=\"og:url\" content=\"https:\/\/miumjau.ee\/fi\/tuote\/inaba-grillattua-tonnikalaa-kotitekoisessa-kastikkeessa-kissalle-15-g\/\" \/>\n<meta property=\"og:site_name\" content=\"MiuMjau\" \/>\n<meta property=\"article:publisher\" content=\"https:\/\/www.facebook.com\/miumjaupood\/\" \/>\n<meta property=\"article:modified_time\" content=\"2026-01-07T20:50:14+00:00\" \/>\n<meta property=\"og:image\" content=\"https:\/\/miumjau.ee\/wp-content\/uploads\/2025\/04\/inaba-grillitud-tuunikala.webp\" \/>\n\t<meta property=\"og:image:width\" content=\"600\" \/>\n\t<meta property=\"og:image:height\" content=\"800\" \/>\n\t<meta property=\"og:image:type\" content=\"image\/webp\" \/>\n<meta name=\"twitter:card\" content=\"summary_large_image\" \/>\n<script type=\"application\/ld+json\" class=\"yoast-schema-graph\">{\"@context\":\"https:\/\/schema.org\",\"@graph\":[{\"@type\":\"WebPage\",\"@id\":\"https:\/\/miumjau.ee\/fi\/tuote\/inaba-grillattua-tonnikalaa-kotitekoisessa-kastikkeessa-kissalle-15-g\/\",\"url\":\"https:\/\/miumjau.ee\/fi\/tuote\/inaba-grillattua-tonnikalaa-kotitekoisessa-kastikkeessa-kissalle-15-g\/\",\"name\":\"Inaba grillattua tonnikalaa kotitekoisessa kastikkeessa kissalle 15 g - MiuMjau\",\"isPartOf\":{\"@id\":\"https:\/\/miumjau.ee\/#website\"},\"primaryImageOfPage\":{\"@id\":\"https:\/\/miumjau.ee\/fi\/tuote\/inaba-grillattua-tonnikalaa-kotitekoisessa-kastikkeessa-kissalle-15-g\/#primaryimage\"},\"image\":{\"@id\":\"https:\/\/miumjau.ee\/fi\/tuote\/inaba-grillattua-tonnikalaa-kotitekoisessa-kastikkeessa-kissalle-15-g\/#primaryimage\"},\"thumbnailUrl\":\"https:\/\/miumjau.ee\/wp-content\/uploads\/2025\/04\/inaba-grillitud-tuunikala.webp\",\"datePublished\":\"2025-04-06T10:56:31+00:00\",\"dateModified\":\"2026-01-07T20:50:14+00:00\",\"description\":\"Inaba-grillattu tonnikalafilee on todellinen herkku kissoille. Mik\u00e4 kissa ei rakastaisi kalaa? Todellista ylellisyytt\u00e4, aromaattista ja herkullista. Tule kokeilemaan!\",\"breadcrumb\":{\"@id\":\"https:\/\/miumjau.ee\/fi\/tuote\/inaba-grillattua-tonnikalaa-kotitekoisessa-kastikkeessa-kissalle-15-g\/#breadcrumb\"},\"inLanguage\":\"fi\",\"potentialAction\":[{\"@type\":\"ReadAction\",\"target\":[\"https:\/\/miumjau.ee\/fi\/tuote\/inaba-grillattua-tonnikalaa-kotitekoisessa-kastikkeessa-kissalle-15-g\/\"]}]},{\"@type\":\"ImageObject\",\"inLanguage\":\"fi\",\"@id\":\"https:\/\/miumjau.ee\/fi\/tuote\/inaba-grillattua-tonnikalaa-kotitekoisessa-kastikkeessa-kissalle-15-g\/#primaryimage\",\"url\":\"https:\/\/miumjau.ee\/wp-content\/uploads\/2025\/04\/inaba-grillitud-tuunikala.webp\",\"contentUrl\":\"https:\/\/miumjau.ee\/wp-content\/uploads\/2025\/04\/inaba-grillitud-tuunikala.webp\",\"width\":600,\"height\":800,\"caption\":\"Inaba Grillitud tuunikala koduses kastmes kassile 15g\"},{\"@type\":\"BreadcrumbList\",\"@id\":\"https:\/\/miumjau.ee\/fi\/tuote\/inaba-grillattua-tonnikalaa-kotitekoisessa-kastikkeessa-kissalle-15-g\/#breadcrumb\",\"itemListElement\":[{\"@type\":\"ListItem\",\"position\":1,\"name\":\"Home\",\"item\":\"https:\/\/miumjau.ee\/fi\/\"},{\"@type\":\"ListItem\",\"position\":2,\"name\":\"Kauppa\",\"item\":\"https:\/\/miumjau.ee\/fi\/kauppa\/\"},{\"@type\":\"ListItem\",\"position\":3,\"name\":\"Inaba grillattua tonnikalaa kotitekoisessa kastikkeessa kissalle 15 g\"}]},{\"@type\":\"WebSite\",\"@id\":\"https:\/\/miumjau.ee\/#website\",\"url\":\"https:\/\/miumjau.ee\/\",\"name\":\"MiuMjau\",\"description\":\"Kraapimispuud kassidele\",\"publisher\":{\"@id\":\"https:\/\/miumjau.ee\/#organization\"},\"potentialAction\":[{\"@type\":\"SearchAction\",\"target\":{\"@type\":\"EntryPoint\",\"urlTemplate\":\"https:\/\/miumjau.ee\/?s={search_term_string}\"},\"query-input\":{\"@type\":\"PropertyValueSpecification\",\"valueRequired\":true,\"valueName\":\"search_term_string\"}}],\"inLanguage\":\"fi\"},{\"@type\":\"Organization\",\"@id\":\"https:\/\/miumjau.ee\/#organization\",\"name\":\"MiuMjau O\u00dc\",\"url\":\"https:\/\/miumjau.ee\/\",\"logo\":{\"@type\":\"ImageObject\",\"inLanguage\":\"fi\",\"@id\":\"https:\/\/miumjau.ee\/#\/schema\/logo\/image\/\",\"url\":\"https:\/\/miumjau.ee\/wp-content\/uploads\/2022\/04\/MiuMjau-logo-kollane.png\",\"contentUrl\":\"https:\/\/miumjau.ee\/wp-content\/uploads\/2022\/04\/MiuMjau-logo-kollane.png\",\"width\":219,\"height\":100,\"caption\":\"MiuMjau O\u00dc\"},\"image\":{\"@id\":\"https:\/\/miumjau.ee\/#\/schema\/logo\/image\/\"},\"sameAs\":[\"https:\/\/www.facebook.com\/miumjaupood\/\"]}]}<\/script>\n<!-- \/ Yoast SEO plugin. -->","yoast_head_json":{"title":"Inaba grillattua tonnikalaa kotitekoisessa kastikkeessa kissalle 15 g - MiuMjau","description":"Inaba-grillattu tonnikalafilee on todellinen herkku kissoille. Mik\u00e4 kissa ei rakastaisi kalaa? Todellista ylellisyytt\u00e4, aromaattista ja herkullista. Tule kokeilemaan!","robots":{"index":"index","follow":"follow","max-snippet":"max-snippet:-1","max-image-preview":"max-image-preview:large","max-video-preview":"max-video-preview:-1"},"canonical":"https:\/\/miumjau.ee\/fi\/tuote\/inaba-grillattua-tonnikalaa-kotitekoisessa-kastikkeessa-kissalle-15-g\/","og_locale":"fi_FI","og_type":"article","og_title":"Inaba grillattua tonnikalaa kotitekoisessa kastikkeessa kissalle 15 g - MiuMjau","og_description":"Inaba-grillattu tonnikalafilee on todellinen herkku kissoille. Mik\u00e4 kissa ei rakastaisi kalaa? Todellista ylellisyytt\u00e4, aromaattista ja herkullista. Tule kokeilemaan!","og_url":"https:\/\/miumjau.ee\/fi\/tuote\/inaba-grillattua-tonnikalaa-kotitekoisessa-kastikkeessa-kissalle-15-g\/","og_site_name":"MiuMjau","article_publisher":"https:\/\/www.facebook.com\/miumjaupood\/","article_modified_time":"2026-01-07T20:50:14+00:00","og_image":[{"width":600,"height":800,"url":"https:\/\/miumjau.ee\/wp-content\/uploads\/2025\/04\/inaba-grillitud-tuunikala.webp","type":"image\/webp"}],"twitter_card":"summary_large_image","schema":{"@context":"https:\/\/schema.org","@graph":[{"@type":"WebPage","@id":"https:\/\/miumjau.ee\/fi\/tuote\/inaba-grillattua-tonnikalaa-kotitekoisessa-kastikkeessa-kissalle-15-g\/","url":"https:\/\/miumjau.ee\/fi\/tuote\/inaba-grillattua-tonnikalaa-kotitekoisessa-kastikkeessa-kissalle-15-g\/","name":"Inaba grillattua tonnikalaa kotitekoisessa kastikkeessa kissalle 15 g - MiuMjau","isPartOf":{"@id":"https:\/\/miumjau.ee\/#website"},"primaryImageOfPage":{"@id":"https:\/\/miumjau.ee\/fi\/tuote\/inaba-grillattua-tonnikalaa-kotitekoisessa-kastikkeessa-kissalle-15-g\/#primaryimage"},"image":{"@id":"https:\/\/miumjau.ee\/fi\/tuote\/inaba-grillattua-tonnikalaa-kotitekoisessa-kastikkeessa-kissalle-15-g\/#primaryimage"},"thumbnailUrl":"https:\/\/miumjau.ee\/wp-content\/uploads\/2025\/04\/inaba-grillitud-tuunikala.webp","datePublished":"2025-04-06T10:56:31+00:00","dateModified":"2026-01-07T20:50:14+00:00","description":"Inaba-grillattu tonnikalafilee on todellinen herkku kissoille. Mik\u00e4 kissa ei rakastaisi kalaa? Todellista ylellisyytt\u00e4, aromaattista ja herkullista. Tule kokeilemaan!","breadcrumb":{"@id":"https:\/\/miumjau.ee\/fi\/tuote\/inaba-grillattua-tonnikalaa-kotitekoisessa-kastikkeessa-kissalle-15-g\/#breadcrumb"},"inLanguage":"fi","potentialAction":[{"@type":"ReadAction","target":["https:\/\/miumjau.ee\/fi\/tuote\/inaba-grillattua-tonnikalaa-kotitekoisessa-kastikkeessa-kissalle-15-g\/"]}]},{"@type":"ImageObject","inLanguage":"fi","@id":"https:\/\/miumjau.ee\/fi\/tuote\/inaba-grillattua-tonnikalaa-kotitekoisessa-kastikkeessa-kissalle-15-g\/#primaryimage","url":"https:\/\/miumjau.ee\/wp-content\/uploads\/2025\/04\/inaba-grillitud-tuunikala.webp","contentUrl":"https:\/\/miumjau.ee\/wp-content\/uploads\/2025\/04\/inaba-grillitud-tuunikala.webp","width":600,"height":800,"caption":"Inaba Grillitud tuunikala koduses kastmes kassile 15g"},{"@type":"BreadcrumbList","@id":"https:\/\/miumjau.ee\/fi\/tuote\/inaba-grillattua-tonnikalaa-kotitekoisessa-kastikkeessa-kissalle-15-g\/#breadcrumb","itemListElement":[{"@type":"ListItem","position":1,"name":"Home","item":"https:\/\/miumjau.ee\/fi\/"},{"@type":"ListItem","position":2,"name":"Kauppa","item":"https:\/\/miumjau.ee\/fi\/kauppa\/"},{"@type":"ListItem","position":3,"name":"Inaba grillattua tonnikalaa kotitekoisessa kastikkeessa kissalle 15 g"}]},{"@type":"WebSite","@id":"https:\/\/miumjau.ee\/#website","url":"https:\/\/miumjau.ee\/","name":"MiuMjau","description":"Kraapimispuud kassidele","publisher":{"@id":"https:\/\/miumjau.ee\/#organization"},"potentialAction":[{"@type":"SearchAction","target":{"@type":"EntryPoint","urlTemplate":"https:\/\/miumjau.ee\/?s={search_term_string}"},"query-input":{"@type":"PropertyValueSpecification","valueRequired":true,"valueName":"search_term_string"}}],"inLanguage":"fi"},{"@type":"Organization","@id":"https:\/\/miumjau.ee\/#organization","name":"MiuMjau O\u00dc","url":"https:\/\/miumjau.ee\/","logo":{"@type":"ImageObject","inLanguage":"fi","@id":"https:\/\/miumjau.ee\/#\/schema\/logo\/image\/","url":"https:\/\/miumjau.ee\/wp-content\/uploads\/2022\/04\/MiuMjau-logo-kollane.png","contentUrl":"https:\/\/miumjau.ee\/wp-content\/uploads\/2022\/04\/MiuMjau-logo-kollane.png","width":219,"height":100,"caption":"MiuMjau O\u00dc"},"image":{"@id":"https:\/\/miumjau.ee\/#\/schema\/logo\/image\/"},"sameAs":["https:\/\/www.facebook.com\/miumjaupood\/"]}]}},"_links":{"self":[{"href":"https:\/\/miumjau.ee\/fi\/wp-json\/wp\/v2\/product\/36875","targetHints":{"allow":["GET"]}}],"collection":[{"href":"https:\/\/miumjau.ee\/fi\/wp-json\/wp\/v2\/product"}],"about":[{"href":"https:\/\/miumjau.ee\/fi\/wp-json\/wp\/v2\/types\/product"}],"wp:featuredmedia":[{"embeddable":true,"href":"https:\/\/miumjau.ee\/fi\/wp-json\/wp\/v2\/media\/31593"}],"wp:attachment":[{"href":"https:\/\/miumjau.ee\/fi\/wp-json\/wp\/v2\/media?parent=36875"}],"wp:term":[{"taxonomy":"product_brand","embeddable":true,"href":"https:\/\/miumjau.ee\/fi\/wp-json\/wp\/v2\/product_brand?post=36875"},{"taxonomy":"product_cat","embeddable":true,"href":"https:\/\/miumjau.ee\/fi\/wp-json\/wp\/v2\/product_cat?post=36875"},{"taxonomy":"product_tag","embeddable":true,"href":"https:\/\/miumjau.ee\/fi\/wp-json\/wp\/v2\/product_tag?post=36875"}],"curies":[{"name":"wp","href":"https:\/\/api.w.org\/{rel}","templated":true}]}}