{"id":36872,"date":"2025-04-22T13:35:05","date_gmt":"2025-04-22T10:35:05","guid":{"rendered":"https:\/\/miumjau.ee\/toode\/catfest-taytetyt-tyynyt-katkarapupurilla-kissoille-30-g\/"},"modified":"2026-01-07T22:50:22","modified_gmt":"2026-01-07T20:50:22","slug":"catfest-taytetyt-tyynyt-katkarapupurilla-kissoille-30-g","status":"publish","type":"product","link":"https:\/\/miumjau.ee\/fi\/tuote\/catfest-taytetyt-tyynyt-katkarapupurilla-kissoille-30-g\/","title":{"rendered":"CatFest t\u00e4ytetyt tyynyt katkarapupurilla kissoille 30 g"},"content":{"rendered":"","protected":false},"excerpt":{"rendered":"<p data-start=\"0\" data-end=\"206\">Erinomainen yhdistelm\u00e4 merikatkaravun rapeasta kuoresta ja herkullisesta luonnollisesta soseesta tekee t\u00e4st\u00e4 herkun kissallesi vastustamattomaksi. Huokoinen rakenne auttaa lemmikki\u00e4si puhdistamaan hampaita.<\/p>\n<p data-start=\"208\" data-end=\"386\">Ainesosat: viljat, kasvipohjainen proteiini, merikatkarapu 8 %, munankeltuainen, kalajauho, Omega 3\/6 -rasvahapot, hedelm\u00e4t ja vihannekset (granaattiomenansiemenet, mets\u00e4kataja).<\/p>\n<p data-start=\"388\" data-end=\"515\">Analysoidut ainesosat: raakavalkuainen 20 %, rasvat 15 %, raakakuitu 2,5 %, raakatuha 4 %, kosteus 10 %, energia-arvo 360 kcal.<\/p>\n<p data-start=\"517\" data-end=\"885\" data-is-last-node=\"\" data-is-only-node=\"\">K\u00e4ytt\u00f6: Tarjoa herkkupalana p\u00e4iv\u00e4n aikana. Maksimip\u00e4ivitt\u00e4inen m\u00e4\u00e4r\u00e4: 1\u20132 kpl. M\u00e4\u00e4r\u00e4\u00e4 voi s\u00e4\u00e4t\u00e4\u00e4 kissasi tarpeiden ja kunnon mukaan. V\u00e4rske juomavesi tulee olla aina saatavilla. \u00c4l\u00e4 j\u00e4t\u00e4 kissaa valvomatta pureskelun aikana tai yksin herkkupakkauksen kanssa. Pakkauksessa oleva happi-absorbentti ei ole sy\u00f6t\u00e4v\u00e4. S\u00e4ilyt\u00e4 kuivassa ja viile\u00e4ss\u00e4, avattuna pid\u00e4 j\u00e4\u00e4kaapissa.<\/p>\n","protected":false},"featured_media":33256,"template":"","meta":[],"product_brand":[],"product_cat":[266],"product_tag":[],"class_list":{"0":"post-36872","1":"product","2":"type-product","3":"status-publish","4":"has-post-thumbnail","6":"product_cat-makeiset","8":"first","9":"instock","10":"taxable","11":"shipping-taxable","12":"purchasable","13":"product-type-simple"},"yoast_head":"<!-- This site is optimized with the Yoast SEO plugin v27.2 - https:\/\/yoast.com\/product\/yoast-seo-wordpress\/ -->\n<title>CatFest t\u00e4ytetyt tyynyt katkarapupurilla kissoille 30 g - MiuMjau<\/title>\n<meta name=\"description\" content=\"Catfest-br\u00e4ndi tarjoaa laajan valikoiman erilaisia \u200b\u200bherkkuja ja korkealaatuista m\u00e4rk\u00e4ruokaa. Tule kokeilemaan ja l\u00f6yd\u00e4 parhaat maut! Mik\u00e4 on suosikkisi?\" \/>\n<meta name=\"robots\" content=\"index, follow, max-snippet:-1, max-image-preview:large, max-video-preview:-1\" \/>\n<link rel=\"canonical\" href=\"https:\/\/miumjau.ee\/fi\/tuote\/catfest-taytetyt-tyynyt-katkarapupurilla-kissoille-30-g\/\" \/>\n<meta property=\"og:locale\" content=\"fi_FI\" \/>\n<meta property=\"og:type\" content=\"article\" \/>\n<meta property=\"og:title\" content=\"CatFest t\u00e4ytetyt tyynyt katkarapupurilla kissoille 30 g - MiuMjau\" \/>\n<meta property=\"og:description\" content=\"Catfest-br\u00e4ndi tarjoaa laajan valikoiman erilaisia \u200b\u200bherkkuja ja korkealaatuista m\u00e4rk\u00e4ruokaa. Tule kokeilemaan ja l\u00f6yd\u00e4 parhaat maut! Mik\u00e4 on suosikkisi?\" \/>\n<meta property=\"og:url\" content=\"https:\/\/miumjau.ee\/fi\/tuote\/catfest-taytetyt-tyynyt-katkarapupurilla-kissoille-30-g\/\" \/>\n<meta property=\"og:site_name\" content=\"MiuMjau\" \/>\n<meta property=\"article:publisher\" content=\"https:\/\/www.facebook.com\/miumjaupood\/\" \/>\n<meta property=\"article:modified_time\" content=\"2026-01-07T20:50:22+00:00\" \/>\n<meta property=\"og:image\" content=\"https:\/\/miumjau.ee\/wp-content\/uploads\/2025\/04\/catfest-kassimaiused10.webp\" \/>\n\t<meta property=\"og:image:width\" content=\"600\" \/>\n\t<meta property=\"og:image:height\" content=\"800\" \/>\n\t<meta property=\"og:image:type\" content=\"image\/webp\" \/>\n<meta name=\"twitter:card\" content=\"summary_large_image\" \/>\n<script type=\"application\/ld+json\" class=\"yoast-schema-graph\">{\"@context\":\"https:\/\/schema.org\",\"@graph\":[{\"@type\":\"WebPage\",\"@id\":\"https:\/\/miumjau.ee\/fi\/tuote\/catfest-taytetyt-tyynyt-katkarapupurilla-kissoille-30-g\/\",\"url\":\"https:\/\/miumjau.ee\/fi\/tuote\/catfest-taytetyt-tyynyt-katkarapupurilla-kissoille-30-g\/\",\"name\":\"CatFest t\u00e4ytetyt tyynyt katkarapupurilla kissoille 30 g - MiuMjau\",\"isPartOf\":{\"@id\":\"https:\/\/miumjau.ee\/#website\"},\"primaryImageOfPage\":{\"@id\":\"https:\/\/miumjau.ee\/fi\/tuote\/catfest-taytetyt-tyynyt-katkarapupurilla-kissoille-30-g\/#primaryimage\"},\"image\":{\"@id\":\"https:\/\/miumjau.ee\/fi\/tuote\/catfest-taytetyt-tyynyt-katkarapupurilla-kissoille-30-g\/#primaryimage\"},\"thumbnailUrl\":\"https:\/\/miumjau.ee\/wp-content\/uploads\/2025\/04\/catfest-kassimaiused10.webp\",\"datePublished\":\"2025-04-22T10:35:05+00:00\",\"dateModified\":\"2026-01-07T20:50:22+00:00\",\"description\":\"Catfest-br\u00e4ndi tarjoaa laajan valikoiman erilaisia \u200b\u200bherkkuja ja korkealaatuista m\u00e4rk\u00e4ruokaa. Tule kokeilemaan ja l\u00f6yd\u00e4 parhaat maut! Mik\u00e4 on suosikkisi?\",\"breadcrumb\":{\"@id\":\"https:\/\/miumjau.ee\/fi\/tuote\/catfest-taytetyt-tyynyt-katkarapupurilla-kissoille-30-g\/#breadcrumb\"},\"inLanguage\":\"fi\",\"potentialAction\":[{\"@type\":\"ReadAction\",\"target\":[\"https:\/\/miumjau.ee\/fi\/tuote\/catfest-taytetyt-tyynyt-katkarapupurilla-kissoille-30-g\/\"]}]},{\"@type\":\"ImageObject\",\"inLanguage\":\"fi\",\"@id\":\"https:\/\/miumjau.ee\/fi\/tuote\/catfest-taytetyt-tyynyt-katkarapupurilla-kissoille-30-g\/#primaryimage\",\"url\":\"https:\/\/miumjau.ee\/wp-content\/uploads\/2025\/04\/catfest-kassimaiused10.webp\",\"contentUrl\":\"https:\/\/miumjau.ee\/wp-content\/uploads\/2025\/04\/catfest-kassimaiused10.webp\",\"width\":600,\"height\":800,\"caption\":\"CatFest padjakesed krevetip\u00fcreega kassidele 30g\"},{\"@type\":\"BreadcrumbList\",\"@id\":\"https:\/\/miumjau.ee\/fi\/tuote\/catfest-taytetyt-tyynyt-katkarapupurilla-kissoille-30-g\/#breadcrumb\",\"itemListElement\":[{\"@type\":\"ListItem\",\"position\":1,\"name\":\"Home\",\"item\":\"https:\/\/miumjau.ee\/fi\/\"},{\"@type\":\"ListItem\",\"position\":2,\"name\":\"Kauppa\",\"item\":\"https:\/\/miumjau.ee\/fi\/kauppa\/\"},{\"@type\":\"ListItem\",\"position\":3,\"name\":\"CatFest t\u00e4ytetyt tyynyt katkarapupurilla kissoille 30 g\"}]},{\"@type\":\"WebSite\",\"@id\":\"https:\/\/miumjau.ee\/#website\",\"url\":\"https:\/\/miumjau.ee\/\",\"name\":\"MiuMjau\",\"description\":\"Kraapimispuud kassidele\",\"publisher\":{\"@id\":\"https:\/\/miumjau.ee\/#organization\"},\"potentialAction\":[{\"@type\":\"SearchAction\",\"target\":{\"@type\":\"EntryPoint\",\"urlTemplate\":\"https:\/\/miumjau.ee\/?s={search_term_string}\"},\"query-input\":{\"@type\":\"PropertyValueSpecification\",\"valueRequired\":true,\"valueName\":\"search_term_string\"}}],\"inLanguage\":\"fi\"},{\"@type\":\"Organization\",\"@id\":\"https:\/\/miumjau.ee\/#organization\",\"name\":\"MiuMjau O\u00dc\",\"url\":\"https:\/\/miumjau.ee\/\",\"logo\":{\"@type\":\"ImageObject\",\"inLanguage\":\"fi\",\"@id\":\"https:\/\/miumjau.ee\/#\/schema\/logo\/image\/\",\"url\":\"https:\/\/miumjau.ee\/wp-content\/uploads\/2022\/04\/MiuMjau-logo-kollane.png\",\"contentUrl\":\"https:\/\/miumjau.ee\/wp-content\/uploads\/2022\/04\/MiuMjau-logo-kollane.png\",\"width\":219,\"height\":100,\"caption\":\"MiuMjau O\u00dc\"},\"image\":{\"@id\":\"https:\/\/miumjau.ee\/#\/schema\/logo\/image\/\"},\"sameAs\":[\"https:\/\/www.facebook.com\/miumjaupood\/\"]}]}<\/script>\n<!-- \/ Yoast SEO plugin. -->","yoast_head_json":{"title":"CatFest t\u00e4ytetyt tyynyt katkarapupurilla kissoille 30 g - MiuMjau","description":"Catfest-br\u00e4ndi tarjoaa laajan valikoiman erilaisia \u200b\u200bherkkuja ja korkealaatuista m\u00e4rk\u00e4ruokaa. Tule kokeilemaan ja l\u00f6yd\u00e4 parhaat maut! Mik\u00e4 on suosikkisi?","robots":{"index":"index","follow":"follow","max-snippet":"max-snippet:-1","max-image-preview":"max-image-preview:large","max-video-preview":"max-video-preview:-1"},"canonical":"https:\/\/miumjau.ee\/fi\/tuote\/catfest-taytetyt-tyynyt-katkarapupurilla-kissoille-30-g\/","og_locale":"fi_FI","og_type":"article","og_title":"CatFest t\u00e4ytetyt tyynyt katkarapupurilla kissoille 30 g - MiuMjau","og_description":"Catfest-br\u00e4ndi tarjoaa laajan valikoiman erilaisia \u200b\u200bherkkuja ja korkealaatuista m\u00e4rk\u00e4ruokaa. Tule kokeilemaan ja l\u00f6yd\u00e4 parhaat maut! Mik\u00e4 on suosikkisi?","og_url":"https:\/\/miumjau.ee\/fi\/tuote\/catfest-taytetyt-tyynyt-katkarapupurilla-kissoille-30-g\/","og_site_name":"MiuMjau","article_publisher":"https:\/\/www.facebook.com\/miumjaupood\/","article_modified_time":"2026-01-07T20:50:22+00:00","og_image":[{"width":600,"height":800,"url":"https:\/\/miumjau.ee\/wp-content\/uploads\/2025\/04\/catfest-kassimaiused10.webp","type":"image\/webp"}],"twitter_card":"summary_large_image","schema":{"@context":"https:\/\/schema.org","@graph":[{"@type":"WebPage","@id":"https:\/\/miumjau.ee\/fi\/tuote\/catfest-taytetyt-tyynyt-katkarapupurilla-kissoille-30-g\/","url":"https:\/\/miumjau.ee\/fi\/tuote\/catfest-taytetyt-tyynyt-katkarapupurilla-kissoille-30-g\/","name":"CatFest t\u00e4ytetyt tyynyt katkarapupurilla kissoille 30 g - MiuMjau","isPartOf":{"@id":"https:\/\/miumjau.ee\/#website"},"primaryImageOfPage":{"@id":"https:\/\/miumjau.ee\/fi\/tuote\/catfest-taytetyt-tyynyt-katkarapupurilla-kissoille-30-g\/#primaryimage"},"image":{"@id":"https:\/\/miumjau.ee\/fi\/tuote\/catfest-taytetyt-tyynyt-katkarapupurilla-kissoille-30-g\/#primaryimage"},"thumbnailUrl":"https:\/\/miumjau.ee\/wp-content\/uploads\/2025\/04\/catfest-kassimaiused10.webp","datePublished":"2025-04-22T10:35:05+00:00","dateModified":"2026-01-07T20:50:22+00:00","description":"Catfest-br\u00e4ndi tarjoaa laajan valikoiman erilaisia \u200b\u200bherkkuja ja korkealaatuista m\u00e4rk\u00e4ruokaa. Tule kokeilemaan ja l\u00f6yd\u00e4 parhaat maut! Mik\u00e4 on suosikkisi?","breadcrumb":{"@id":"https:\/\/miumjau.ee\/fi\/tuote\/catfest-taytetyt-tyynyt-katkarapupurilla-kissoille-30-g\/#breadcrumb"},"inLanguage":"fi","potentialAction":[{"@type":"ReadAction","target":["https:\/\/miumjau.ee\/fi\/tuote\/catfest-taytetyt-tyynyt-katkarapupurilla-kissoille-30-g\/"]}]},{"@type":"ImageObject","inLanguage":"fi","@id":"https:\/\/miumjau.ee\/fi\/tuote\/catfest-taytetyt-tyynyt-katkarapupurilla-kissoille-30-g\/#primaryimage","url":"https:\/\/miumjau.ee\/wp-content\/uploads\/2025\/04\/catfest-kassimaiused10.webp","contentUrl":"https:\/\/miumjau.ee\/wp-content\/uploads\/2025\/04\/catfest-kassimaiused10.webp","width":600,"height":800,"caption":"CatFest padjakesed krevetip\u00fcreega kassidele 30g"},{"@type":"BreadcrumbList","@id":"https:\/\/miumjau.ee\/fi\/tuote\/catfest-taytetyt-tyynyt-katkarapupurilla-kissoille-30-g\/#breadcrumb","itemListElement":[{"@type":"ListItem","position":1,"name":"Home","item":"https:\/\/miumjau.ee\/fi\/"},{"@type":"ListItem","position":2,"name":"Kauppa","item":"https:\/\/miumjau.ee\/fi\/kauppa\/"},{"@type":"ListItem","position":3,"name":"CatFest t\u00e4ytetyt tyynyt katkarapupurilla kissoille 30 g"}]},{"@type":"WebSite","@id":"https:\/\/miumjau.ee\/#website","url":"https:\/\/miumjau.ee\/","name":"MiuMjau","description":"Kraapimispuud kassidele","publisher":{"@id":"https:\/\/miumjau.ee\/#organization"},"potentialAction":[{"@type":"SearchAction","target":{"@type":"EntryPoint","urlTemplate":"https:\/\/miumjau.ee\/?s={search_term_string}"},"query-input":{"@type":"PropertyValueSpecification","valueRequired":true,"valueName":"search_term_string"}}],"inLanguage":"fi"},{"@type":"Organization","@id":"https:\/\/miumjau.ee\/#organization","name":"MiuMjau O\u00dc","url":"https:\/\/miumjau.ee\/","logo":{"@type":"ImageObject","inLanguage":"fi","@id":"https:\/\/miumjau.ee\/#\/schema\/logo\/image\/","url":"https:\/\/miumjau.ee\/wp-content\/uploads\/2022\/04\/MiuMjau-logo-kollane.png","contentUrl":"https:\/\/miumjau.ee\/wp-content\/uploads\/2022\/04\/MiuMjau-logo-kollane.png","width":219,"height":100,"caption":"MiuMjau O\u00dc"},"image":{"@id":"https:\/\/miumjau.ee\/#\/schema\/logo\/image\/"},"sameAs":["https:\/\/www.facebook.com\/miumjaupood\/"]}]}},"_links":{"self":[{"href":"https:\/\/miumjau.ee\/fi\/wp-json\/wp\/v2\/product\/36872","targetHints":{"allow":["GET"]}}],"collection":[{"href":"https:\/\/miumjau.ee\/fi\/wp-json\/wp\/v2\/product"}],"about":[{"href":"https:\/\/miumjau.ee\/fi\/wp-json\/wp\/v2\/types\/product"}],"wp:featuredmedia":[{"embeddable":true,"href":"https:\/\/miumjau.ee\/fi\/wp-json\/wp\/v2\/media\/33256"}],"wp:attachment":[{"href":"https:\/\/miumjau.ee\/fi\/wp-json\/wp\/v2\/media?parent=36872"}],"wp:term":[{"taxonomy":"product_brand","embeddable":true,"href":"https:\/\/miumjau.ee\/fi\/wp-json\/wp\/v2\/product_brand?post=36872"},{"taxonomy":"product_cat","embeddable":true,"href":"https:\/\/miumjau.ee\/fi\/wp-json\/wp\/v2\/product_cat?post=36872"},{"taxonomy":"product_tag","embeddable":true,"href":"https:\/\/miumjau.ee\/fi\/wp-json\/wp\/v2\/product_tag?post=36872"}],"curies":[{"name":"wp","href":"https:\/\/api.w.org\/{rel}","templated":true}]}}