{"id":36865,"date":"2025-04-22T13:35:05","date_gmt":"2025-04-22T10:35:05","guid":{"rendered":"https:\/\/miumjau.ee\/toode\/catfest-pehmeat-naudanlihamakkarat-kissoille-45-g\/"},"modified":"2026-01-07T22:50:29","modified_gmt":"2026-01-07T20:50:29","slug":"catfest-pehmeat-naudanlihamakkarat-kissoille-45-g","status":"publish","type":"product","link":"https:\/\/miumjau.ee\/fi\/tuote\/catfest-pehmeat-naudanlihamakkarat-kissoille-45-g\/","title":{"rendered":"CatFest pehme\u00e4t naudanlihamakkarat kissoille 45 g"},"content":{"rendered":"","protected":false},"excerpt":{"rendered":"<p data-start=\"25\" data-end=\"153\">Aidon luomunaudanlihan klassinen t\u00e4ytel\u00e4inen maku ja korkeat ravintoarvot \u2013 mik\u00e4 voisi olla rakkaalle kissallesi viel\u00e4 parempaa.<\/p>\n<p data-start=\"155\" data-end=\"717\" data-is-last-node=\"\" data-is-only-node=\"\">Ainesosat: luomunaudanliha 79,2 %, kasvipohjaiset sivutuotteet, mineraalit.<br data-start=\"230\" data-end=\"233\" \/>Analysoidut ainesosat: raakavalkuainen 20 %, rasvat 8 %, raakakuitu 0,2 %, kosteus 21 %, energia-arvo \u2013 193 kcal.<br data-start=\"346\" data-end=\"349\" data-is-only-node=\"\" \/>K\u00e4ytt\u00f6: Tarjoa herkkupalana p\u00e4iv\u00e4n aikana. Maksimi p\u00e4ivitt\u00e4inen m\u00e4\u00e4r\u00e4: 1\u20132 kpl. M\u00e4\u00e4r\u00e4\u00e4 voi s\u00e4\u00e4t\u00e4\u00e4 kissan tarpeiden ja kunnon mukaan. V\u00e4rske juomavesi tulee aina olla saatavilla. \u00c4l\u00e4 j\u00e4t\u00e4 kissaa valvomatta pureskelun aikana tai yksin herkkupakkauksen kanssa. Pakkauksessa oleva happi-absorbentti ei ole sy\u00f6t\u00e4v\u00e4. S\u00e4ilyt\u00e4 kuivassa ja viile\u00e4ss\u00e4, avattuna pid\u00e4 j\u00e4\u00e4kaapissa.<\/p>\n","protected":false},"featured_media":33232,"template":"","meta":[],"product_brand":[],"product_cat":[266],"product_tag":[],"class_list":{"0":"post-36865","1":"product","2":"type-product","3":"status-publish","4":"has-post-thumbnail","6":"product_cat-makeiset","8":"first","9":"instock","10":"sale","11":"taxable","12":"shipping-taxable","13":"purchasable","14":"product-type-simple"},"yoast_head":"<!-- This site is optimized with the Yoast SEO plugin v27.2 - https:\/\/yoast.com\/product\/yoast-seo-wordpress\/ -->\n<title>CatFest pehme\u00e4t naudanlihamakkarat kissoille 45 g - MiuMjau<\/title>\n<meta name=\"robots\" content=\"index, follow, max-snippet:-1, max-image-preview:large, max-video-preview:-1\" \/>\n<link rel=\"canonical\" href=\"https:\/\/miumjau.ee\/fi\/tuote\/catfest-pehmeat-naudanlihamakkarat-kissoille-45-g\/\" \/>\n<meta property=\"og:locale\" content=\"fi_FI\" \/>\n<meta property=\"og:type\" content=\"article\" \/>\n<meta property=\"og:title\" content=\"CatFest pehme\u00e4t naudanlihamakkarat kissoille 45 g - MiuMjau\" \/>\n<meta property=\"og:description\" content=\"Aidon luomunaudanlihan klassinen t\u00e4ytel\u00e4inen maku ja korkeat ravintoarvot \u2013 mik\u00e4 voisi olla rakkaalle kissallesi viel\u00e4 parempaa. Ainesosat: luomunaudanliha 79,2 %, kasvipohjaiset sivutuotteet, mineraalit.Analysoidut ainesosat: raakavalkuainen 20 %, rasvat 8 %, raakakuitu 0,2 %, kosteus 21 %, energia-arvo \u2013 193 kcal.K\u00e4ytt\u00f6: Tarjoa herkkupalana p\u00e4iv\u00e4n aikana. Maksimi p\u00e4ivitt\u00e4inen m\u00e4\u00e4r\u00e4: 1\u20132 kpl. M\u00e4\u00e4r\u00e4\u00e4 voi s\u00e4\u00e4t\u00e4\u00e4 kissan tarpeiden ja kunnon mukaan. V\u00e4rske juomavesi tulee aina olla saatavilla. \u00c4l\u00e4 j\u00e4t\u00e4 kissaa valvomatta pureskelun aikana tai yksin herkkupakkauksen kanssa. Pakkauksessa oleva happi-absorbentti ei ole sy\u00f6t\u00e4v\u00e4. S\u00e4ilyt\u00e4 kuivassa ja viile\u00e4ss\u00e4, avattuna pid\u00e4 j\u00e4\u00e4kaapissa.\" \/>\n<meta property=\"og:url\" content=\"https:\/\/miumjau.ee\/fi\/tuote\/catfest-pehmeat-naudanlihamakkarat-kissoille-45-g\/\" \/>\n<meta property=\"og:site_name\" content=\"MiuMjau\" \/>\n<meta property=\"article:publisher\" content=\"https:\/\/www.facebook.com\/miumjaupood\/\" \/>\n<meta property=\"article:modified_time\" content=\"2026-01-07T20:50:29+00:00\" \/>\n<meta property=\"og:image\" content=\"https:\/\/miumjau.ee\/wp-content\/uploads\/2025\/04\/catfest-kassimaiused4.webp\" \/>\n\t<meta property=\"og:image:width\" content=\"600\" \/>\n\t<meta property=\"og:image:height\" content=\"800\" \/>\n\t<meta property=\"og:image:type\" content=\"image\/webp\" \/>\n<meta name=\"twitter:card\" content=\"summary_large_image\" \/>\n<script type=\"application\/ld+json\" class=\"yoast-schema-graph\">{\"@context\":\"https:\/\/schema.org\",\"@graph\":[{\"@type\":\"WebPage\",\"@id\":\"https:\/\/miumjau.ee\/fi\/tuote\/catfest-pehmeat-naudanlihamakkarat-kissoille-45-g\/\",\"url\":\"https:\/\/miumjau.ee\/fi\/tuote\/catfest-pehmeat-naudanlihamakkarat-kissoille-45-g\/\",\"name\":\"CatFest pehme\u00e4t naudanlihamakkarat kissoille 45 g - MiuMjau\",\"isPartOf\":{\"@id\":\"https:\/\/miumjau.ee\/#website\"},\"primaryImageOfPage\":{\"@id\":\"https:\/\/miumjau.ee\/fi\/tuote\/catfest-pehmeat-naudanlihamakkarat-kissoille-45-g\/#primaryimage\"},\"image\":{\"@id\":\"https:\/\/miumjau.ee\/fi\/tuote\/catfest-pehmeat-naudanlihamakkarat-kissoille-45-g\/#primaryimage\"},\"thumbnailUrl\":\"https:\/\/miumjau.ee\/wp-content\/uploads\/2025\/04\/catfest-kassimaiused4.webp\",\"datePublished\":\"2025-04-22T10:35:05+00:00\",\"dateModified\":\"2026-01-07T20:50:29+00:00\",\"breadcrumb\":{\"@id\":\"https:\/\/miumjau.ee\/fi\/tuote\/catfest-pehmeat-naudanlihamakkarat-kissoille-45-g\/#breadcrumb\"},\"inLanguage\":\"fi\",\"potentialAction\":[{\"@type\":\"ReadAction\",\"target\":[\"https:\/\/miumjau.ee\/fi\/tuote\/catfest-pehmeat-naudanlihamakkarat-kissoille-45-g\/\"]}]},{\"@type\":\"ImageObject\",\"inLanguage\":\"fi\",\"@id\":\"https:\/\/miumjau.ee\/fi\/tuote\/catfest-pehmeat-naudanlihamakkarat-kissoille-45-g\/#primaryimage\",\"url\":\"https:\/\/miumjau.ee\/wp-content\/uploads\/2025\/04\/catfest-kassimaiused4.webp\",\"contentUrl\":\"https:\/\/miumjau.ee\/wp-content\/uploads\/2025\/04\/catfest-kassimaiused4.webp\",\"width\":600,\"height\":800,\"caption\":\"CatFest veiseliha \u00f5rnad vorstikesed kassidele 45g\"},{\"@type\":\"BreadcrumbList\",\"@id\":\"https:\/\/miumjau.ee\/fi\/tuote\/catfest-pehmeat-naudanlihamakkarat-kissoille-45-g\/#breadcrumb\",\"itemListElement\":[{\"@type\":\"ListItem\",\"position\":1,\"name\":\"Home\",\"item\":\"https:\/\/miumjau.ee\/fi\/\"},{\"@type\":\"ListItem\",\"position\":2,\"name\":\"Kauppa\",\"item\":\"https:\/\/miumjau.ee\/fi\/kauppa\/\"},{\"@type\":\"ListItem\",\"position\":3,\"name\":\"CatFest pehme\u00e4t naudanlihamakkarat kissoille 45 g\"}]},{\"@type\":\"WebSite\",\"@id\":\"https:\/\/miumjau.ee\/#website\",\"url\":\"https:\/\/miumjau.ee\/\",\"name\":\"MiuMjau\",\"description\":\"Kraapimispuud kassidele\",\"publisher\":{\"@id\":\"https:\/\/miumjau.ee\/#organization\"},\"potentialAction\":[{\"@type\":\"SearchAction\",\"target\":{\"@type\":\"EntryPoint\",\"urlTemplate\":\"https:\/\/miumjau.ee\/?s={search_term_string}\"},\"query-input\":{\"@type\":\"PropertyValueSpecification\",\"valueRequired\":true,\"valueName\":\"search_term_string\"}}],\"inLanguage\":\"fi\"},{\"@type\":\"Organization\",\"@id\":\"https:\/\/miumjau.ee\/#organization\",\"name\":\"MiuMjau O\u00dc\",\"url\":\"https:\/\/miumjau.ee\/\",\"logo\":{\"@type\":\"ImageObject\",\"inLanguage\":\"fi\",\"@id\":\"https:\/\/miumjau.ee\/#\/schema\/logo\/image\/\",\"url\":\"https:\/\/miumjau.ee\/wp-content\/uploads\/2022\/04\/MiuMjau-logo-kollane.png\",\"contentUrl\":\"https:\/\/miumjau.ee\/wp-content\/uploads\/2022\/04\/MiuMjau-logo-kollane.png\",\"width\":219,\"height\":100,\"caption\":\"MiuMjau O\u00dc\"},\"image\":{\"@id\":\"https:\/\/miumjau.ee\/#\/schema\/logo\/image\/\"},\"sameAs\":[\"https:\/\/www.facebook.com\/miumjaupood\/\"]}]}<\/script>\n<!-- \/ Yoast SEO plugin. -->","yoast_head_json":{"title":"CatFest pehme\u00e4t naudanlihamakkarat kissoille 45 g - MiuMjau","robots":{"index":"index","follow":"follow","max-snippet":"max-snippet:-1","max-image-preview":"max-image-preview:large","max-video-preview":"max-video-preview:-1"},"canonical":"https:\/\/miumjau.ee\/fi\/tuote\/catfest-pehmeat-naudanlihamakkarat-kissoille-45-g\/","og_locale":"fi_FI","og_type":"article","og_title":"CatFest pehme\u00e4t naudanlihamakkarat kissoille 45 g - MiuMjau","og_description":"Aidon luomunaudanlihan klassinen t\u00e4ytel\u00e4inen maku ja korkeat ravintoarvot \u2013 mik\u00e4 voisi olla rakkaalle kissallesi viel\u00e4 parempaa. Ainesosat: luomunaudanliha 79,2 %, kasvipohjaiset sivutuotteet, mineraalit.Analysoidut ainesosat: raakavalkuainen 20 %, rasvat 8 %, raakakuitu 0,2 %, kosteus 21 %, energia-arvo \u2013 193 kcal.K\u00e4ytt\u00f6: Tarjoa herkkupalana p\u00e4iv\u00e4n aikana. Maksimi p\u00e4ivitt\u00e4inen m\u00e4\u00e4r\u00e4: 1\u20132 kpl. M\u00e4\u00e4r\u00e4\u00e4 voi s\u00e4\u00e4t\u00e4\u00e4 kissan tarpeiden ja kunnon mukaan. V\u00e4rske juomavesi tulee aina olla saatavilla. \u00c4l\u00e4 j\u00e4t\u00e4 kissaa valvomatta pureskelun aikana tai yksin herkkupakkauksen kanssa. Pakkauksessa oleva happi-absorbentti ei ole sy\u00f6t\u00e4v\u00e4. S\u00e4ilyt\u00e4 kuivassa ja viile\u00e4ss\u00e4, avattuna pid\u00e4 j\u00e4\u00e4kaapissa.","og_url":"https:\/\/miumjau.ee\/fi\/tuote\/catfest-pehmeat-naudanlihamakkarat-kissoille-45-g\/","og_site_name":"MiuMjau","article_publisher":"https:\/\/www.facebook.com\/miumjaupood\/","article_modified_time":"2026-01-07T20:50:29+00:00","og_image":[{"width":600,"height":800,"url":"https:\/\/miumjau.ee\/wp-content\/uploads\/2025\/04\/catfest-kassimaiused4.webp","type":"image\/webp"}],"twitter_card":"summary_large_image","schema":{"@context":"https:\/\/schema.org","@graph":[{"@type":"WebPage","@id":"https:\/\/miumjau.ee\/fi\/tuote\/catfest-pehmeat-naudanlihamakkarat-kissoille-45-g\/","url":"https:\/\/miumjau.ee\/fi\/tuote\/catfest-pehmeat-naudanlihamakkarat-kissoille-45-g\/","name":"CatFest pehme\u00e4t naudanlihamakkarat kissoille 45 g - MiuMjau","isPartOf":{"@id":"https:\/\/miumjau.ee\/#website"},"primaryImageOfPage":{"@id":"https:\/\/miumjau.ee\/fi\/tuote\/catfest-pehmeat-naudanlihamakkarat-kissoille-45-g\/#primaryimage"},"image":{"@id":"https:\/\/miumjau.ee\/fi\/tuote\/catfest-pehmeat-naudanlihamakkarat-kissoille-45-g\/#primaryimage"},"thumbnailUrl":"https:\/\/miumjau.ee\/wp-content\/uploads\/2025\/04\/catfest-kassimaiused4.webp","datePublished":"2025-04-22T10:35:05+00:00","dateModified":"2026-01-07T20:50:29+00:00","breadcrumb":{"@id":"https:\/\/miumjau.ee\/fi\/tuote\/catfest-pehmeat-naudanlihamakkarat-kissoille-45-g\/#breadcrumb"},"inLanguage":"fi","potentialAction":[{"@type":"ReadAction","target":["https:\/\/miumjau.ee\/fi\/tuote\/catfest-pehmeat-naudanlihamakkarat-kissoille-45-g\/"]}]},{"@type":"ImageObject","inLanguage":"fi","@id":"https:\/\/miumjau.ee\/fi\/tuote\/catfest-pehmeat-naudanlihamakkarat-kissoille-45-g\/#primaryimage","url":"https:\/\/miumjau.ee\/wp-content\/uploads\/2025\/04\/catfest-kassimaiused4.webp","contentUrl":"https:\/\/miumjau.ee\/wp-content\/uploads\/2025\/04\/catfest-kassimaiused4.webp","width":600,"height":800,"caption":"CatFest veiseliha \u00f5rnad vorstikesed kassidele 45g"},{"@type":"BreadcrumbList","@id":"https:\/\/miumjau.ee\/fi\/tuote\/catfest-pehmeat-naudanlihamakkarat-kissoille-45-g\/#breadcrumb","itemListElement":[{"@type":"ListItem","position":1,"name":"Home","item":"https:\/\/miumjau.ee\/fi\/"},{"@type":"ListItem","position":2,"name":"Kauppa","item":"https:\/\/miumjau.ee\/fi\/kauppa\/"},{"@type":"ListItem","position":3,"name":"CatFest pehme\u00e4t naudanlihamakkarat kissoille 45 g"}]},{"@type":"WebSite","@id":"https:\/\/miumjau.ee\/#website","url":"https:\/\/miumjau.ee\/","name":"MiuMjau","description":"Kraapimispuud kassidele","publisher":{"@id":"https:\/\/miumjau.ee\/#organization"},"potentialAction":[{"@type":"SearchAction","target":{"@type":"EntryPoint","urlTemplate":"https:\/\/miumjau.ee\/?s={search_term_string}"},"query-input":{"@type":"PropertyValueSpecification","valueRequired":true,"valueName":"search_term_string"}}],"inLanguage":"fi"},{"@type":"Organization","@id":"https:\/\/miumjau.ee\/#organization","name":"MiuMjau O\u00dc","url":"https:\/\/miumjau.ee\/","logo":{"@type":"ImageObject","inLanguage":"fi","@id":"https:\/\/miumjau.ee\/#\/schema\/logo\/image\/","url":"https:\/\/miumjau.ee\/wp-content\/uploads\/2022\/04\/MiuMjau-logo-kollane.png","contentUrl":"https:\/\/miumjau.ee\/wp-content\/uploads\/2022\/04\/MiuMjau-logo-kollane.png","width":219,"height":100,"caption":"MiuMjau O\u00dc"},"image":{"@id":"https:\/\/miumjau.ee\/#\/schema\/logo\/image\/"},"sameAs":["https:\/\/www.facebook.com\/miumjaupood\/"]}]}},"_links":{"self":[{"href":"https:\/\/miumjau.ee\/fi\/wp-json\/wp\/v2\/product\/36865","targetHints":{"allow":["GET"]}}],"collection":[{"href":"https:\/\/miumjau.ee\/fi\/wp-json\/wp\/v2\/product"}],"about":[{"href":"https:\/\/miumjau.ee\/fi\/wp-json\/wp\/v2\/types\/product"}],"wp:featuredmedia":[{"embeddable":true,"href":"https:\/\/miumjau.ee\/fi\/wp-json\/wp\/v2\/media\/33232"}],"wp:attachment":[{"href":"https:\/\/miumjau.ee\/fi\/wp-json\/wp\/v2\/media?parent=36865"}],"wp:term":[{"taxonomy":"product_brand","embeddable":true,"href":"https:\/\/miumjau.ee\/fi\/wp-json\/wp\/v2\/product_brand?post=36865"},{"taxonomy":"product_cat","embeddable":true,"href":"https:\/\/miumjau.ee\/fi\/wp-json\/wp\/v2\/product_cat?post=36865"},{"taxonomy":"product_tag","embeddable":true,"href":"https:\/\/miumjau.ee\/fi\/wp-json\/wp\/v2\/product_tag?post=36865"}],"curies":[{"name":"wp","href":"https:\/\/api.w.org\/{rel}","templated":true}]}}