{"id":36864,"date":"2025-04-22T13:35:16","date_gmt":"2025-04-22T10:35:16","guid":{"rendered":"https:\/\/miumjau.ee\/toode\/catfest-annospussi-kanalla-ja-lohella-hyytelossa-12-x-70-g\/"},"modified":"2026-01-07T22:50:29","modified_gmt":"2026-01-07T20:50:29","slug":"catfest-annospussi-kanalla-ja-lohella-hyytelossa-12-x-70-g","status":"publish","type":"product","link":"https:\/\/miumjau.ee\/fi\/tuote\/catfest-annospussi-kanalla-ja-lohella-hyytelossa-12-x-70-g\/","title":{"rendered":"CatFest annospussi kanalla ja lohella hyytel\u00f6ss\u00e4, 12 x 70 g"},"content":{"rendered":"","protected":false},"excerpt":{"rendered":"<p data-start=\"40\" data-end=\"332\">Herk\u00e4n kananlihan ja arvokkaan lohen yhdistelm\u00e4 luo ainutlaatuisen maun ja aromin, josta varmasti pit\u00e4v\u00e4t my\u00f6s kaikkein vaativimmat kissaharrastajat. T\u00e4m\u00e4 luonnollinen herkku tarjoaa lemmikillesi paitsi kyll\u00e4isyyden my\u00f6s hyv\u00e4n mielen aktiivisiin leikkeihin. Tarjotaan t\u00e4ydent\u00e4v\u00e4n\u00e4 ruokintana.<\/p>\n<p data-start=\"334\" data-end=\"477\"><strong>Ainesosat:<\/strong> kananliha 54 %, valtameren lohi 6 %, kanaliemi 38 %, prebiootit FOS, anjoviskala\u00f6ljy, E-vitamiini, tauriini, sikuriuute, mineraalit.<\/p>\n<p data-start=\"479\" data-end=\"613\"><strong>Analyyttiset ainesosat:<\/strong> raakavalkuainen 9,5 %, raakarasva 1,5 %, raakakuitu 1 %, raakatuha 1 %, kosteus 89 %, energia-arvo 45,06 kcal.<\/p>\n<p data-start=\"615\" data-end=\"1066\"><strong>Edut:<\/strong> Ei sis\u00e4ll\u00e4 v\u00e4riaineita, s\u00e4il\u00f6nt\u00e4aineita eik\u00e4 makuaineita. Ei sis\u00e4ll\u00e4 viljaa, maissia, soijaa, gluteenia, sivutuotteita eik\u00e4 GMO:ta. Tauriinilla on my\u00f6nteinen vaikutus kissan syd\u00e4meen, n\u00e4k\u00f6\u00f6n, kuuloaistiin ja immuunij\u00e4rjestelm\u00e4\u00e4n. Lohen Omega-3- ja Omega-6-rasvahapot edist\u00e4v\u00e4t kauniin ja terveellisen turkin kasvua sek\u00e4 vahvistavat niveli\u00e4 ja hampaita. Sikuri v\u00e4hent\u00e4\u00e4 kissan j\u00e4t\u00f6sten hajua, auttaen pit\u00e4m\u00e4\u00e4n hiekkalaatikon ymp\u00e4rist\u00f6n raikkaana.<\/p>\n<p data-start=\"1068\" data-end=\"1409\"><strong>K\u00e4ytt\u00f6:<\/strong> Sopii t\u00e4ydent\u00e4v\u00e4ksi luonnolliseksi ruoaksi kaikille aikuisille koti- ja sterilisoiduille\/kastroiduille kissoille sek\u00e4 kissoille, joilla on allergioita tai ruoansulatusongelmia. Tarjoile huoneenl\u00e4mp\u00f6isen\u00e4. S\u00e4ilyt\u00e4 viile\u00e4ss\u00e4 ja kuivassa paikassa. Annetaan enint\u00e4\u00e4n 3 pussia p\u00e4iv\u00e4ss\u00e4. Kissalla tulee aina olla saatavilla raikasta vett\u00e4.<\/p>\n","protected":false},"featured_media":32765,"template":"","meta":[],"product_brand":[],"product_cat":[264],"product_tag":[],"class_list":{"0":"post-36864","1":"product","2":"type-product","3":"status-publish","4":"has-post-thumbnail","6":"product_cat-marka-ruoka","8":"first","9":"instock","10":"sale","11":"taxable","12":"shipping-taxable","13":"purchasable","14":"product-type-simple"},"yoast_head":"<!-- This site is optimized with the Yoast SEO plugin v27.2 - https:\/\/yoast.com\/product\/yoast-seo-wordpress\/ -->\n<title>CatFest annospussi kanalla ja lohella hyytel\u00f6ss\u00e4, 12 x 70 g - MiuMjau<\/title>\n<meta name=\"robots\" content=\"index, follow, max-snippet:-1, max-image-preview:large, max-video-preview:-1\" \/>\n<link rel=\"canonical\" href=\"https:\/\/miumjau.ee\/fi\/tuote\/catfest-annospussi-kanalla-ja-lohella-hyytelossa-12-x-70-g\/\" \/>\n<meta property=\"og:locale\" content=\"fi_FI\" \/>\n<meta property=\"og:type\" content=\"article\" \/>\n<meta property=\"og:title\" content=\"CatFest annospussi kanalla ja lohella hyytel\u00f6ss\u00e4, 12 x 70 g - MiuMjau\" \/>\n<meta property=\"og:description\" content=\"Herk\u00e4n kananlihan ja arvokkaan lohen yhdistelm\u00e4 luo ainutlaatuisen maun ja aromin, josta varmasti pit\u00e4v\u00e4t my\u00f6s kaikkein vaativimmat kissaharrastajat. T\u00e4m\u00e4 luonnollinen herkku tarjoaa lemmikillesi paitsi kyll\u00e4isyyden my\u00f6s hyv\u00e4n mielen aktiivisiin leikkeihin. Tarjotaan t\u00e4ydent\u00e4v\u00e4n\u00e4 ruokintana. Ainesosat: kananliha 54 %, valtameren lohi 6 %, kanaliemi 38 %, prebiootit FOS, anjoviskala\u00f6ljy, E-vitamiini, tauriini, sikuriuute, mineraalit. Analyyttiset ainesosat: raakavalkuainen 9,5 %, raakarasva 1,5 %, raakakuitu 1 %, raakatuha 1 %, kosteus 89 %, energia-arvo 45,06 kcal. Edut: Ei sis\u00e4ll\u00e4 v\u00e4riaineita, s\u00e4il\u00f6nt\u00e4aineita eik\u00e4 makuaineita. Ei sis\u00e4ll\u00e4 viljaa, maissia, soijaa, gluteenia, sivutuotteita eik\u00e4 GMO:ta. Tauriinilla on my\u00f6nteinen vaikutus kissan syd\u00e4meen, n\u00e4k\u00f6\u00f6n, kuuloaistiin ja immuunij\u00e4rjestelm\u00e4\u00e4n. Lohen Omega-3- ja Omega-6-rasvahapot edist\u00e4v\u00e4t kauniin ja terveellisen turkin kasvua sek\u00e4 vahvistavat niveli\u00e4 ja hampaita. Sikuri v\u00e4hent\u00e4\u00e4 kissan j\u00e4t\u00f6sten hajua, auttaen pit\u00e4m\u00e4\u00e4n hiekkalaatikon ymp\u00e4rist\u00f6n raikkaana. K\u00e4ytt\u00f6: Sopii t\u00e4ydent\u00e4v\u00e4ksi luonnolliseksi ruoaksi kaikille aikuisille koti- ja sterilisoiduille\/kastroiduille kissoille sek\u00e4 kissoille, joilla on allergioita tai ruoansulatusongelmia. Tarjoile huoneenl\u00e4mp\u00f6isen\u00e4. S\u00e4ilyt\u00e4 viile\u00e4ss\u00e4 ja kuivassa paikassa. Annetaan enint\u00e4\u00e4n 3 pussia p\u00e4iv\u00e4ss\u00e4. Kissalla tulee aina olla saatavilla raikasta vett\u00e4.\" \/>\n<meta property=\"og:url\" content=\"https:\/\/miumjau.ee\/fi\/tuote\/catfest-annospussi-kanalla-ja-lohella-hyytelossa-12-x-70-g\/\" \/>\n<meta property=\"og:site_name\" content=\"MiuMjau\" \/>\n<meta property=\"article:publisher\" content=\"https:\/\/www.facebook.com\/miumjaupood\/\" \/>\n<meta property=\"article:modified_time\" content=\"2026-01-07T20:50:29+00:00\" \/>\n<meta property=\"og:image\" content=\"https:\/\/miumjau.ee\/wp-content\/uploads\/2025\/04\/catfest-margtoit-kassidele27.webp\" \/>\n\t<meta property=\"og:image:width\" content=\"600\" \/>\n\t<meta property=\"og:image:height\" content=\"800\" \/>\n\t<meta property=\"og:image:type\" content=\"image\/webp\" \/>\n<meta name=\"twitter:card\" content=\"summary_large_image\" \/>\n<script type=\"application\/ld+json\" class=\"yoast-schema-graph\">{\"@context\":\"https:\/\/schema.org\",\"@graph\":[{\"@type\":\"WebPage\",\"@id\":\"https:\/\/miumjau.ee\/fi\/tuote\/catfest-annospussi-kanalla-ja-lohella-hyytelossa-12-x-70-g\/\",\"url\":\"https:\/\/miumjau.ee\/fi\/tuote\/catfest-annospussi-kanalla-ja-lohella-hyytelossa-12-x-70-g\/\",\"name\":\"CatFest annospussi kanalla ja lohella hyytel\u00f6ss\u00e4, 12 x 70 g - MiuMjau\",\"isPartOf\":{\"@id\":\"https:\/\/miumjau.ee\/#website\"},\"primaryImageOfPage\":{\"@id\":\"https:\/\/miumjau.ee\/fi\/tuote\/catfest-annospussi-kanalla-ja-lohella-hyytelossa-12-x-70-g\/#primaryimage\"},\"image\":{\"@id\":\"https:\/\/miumjau.ee\/fi\/tuote\/catfest-annospussi-kanalla-ja-lohella-hyytelossa-12-x-70-g\/#primaryimage\"},\"thumbnailUrl\":\"https:\/\/miumjau.ee\/wp-content\/uploads\/2025\/04\/catfest-margtoit-kassidele27.webp\",\"datePublished\":\"2025-04-22T10:35:16+00:00\",\"dateModified\":\"2026-01-07T20:50:29+00:00\",\"breadcrumb\":{\"@id\":\"https:\/\/miumjau.ee\/fi\/tuote\/catfest-annospussi-kanalla-ja-lohella-hyytelossa-12-x-70-g\/#breadcrumb\"},\"inLanguage\":\"fi\",\"potentialAction\":[{\"@type\":\"ReadAction\",\"target\":[\"https:\/\/miumjau.ee\/fi\/tuote\/catfest-annospussi-kanalla-ja-lohella-hyytelossa-12-x-70-g\/\"]}]},{\"@type\":\"ImageObject\",\"inLanguage\":\"fi\",\"@id\":\"https:\/\/miumjau.ee\/fi\/tuote\/catfest-annospussi-kanalla-ja-lohella-hyytelossa-12-x-70-g\/#primaryimage\",\"url\":\"https:\/\/miumjau.ee\/wp-content\/uploads\/2025\/04\/catfest-margtoit-kassidele27.webp\",\"contentUrl\":\"https:\/\/miumjau.ee\/wp-content\/uploads\/2025\/04\/catfest-margtoit-kassidele27.webp\",\"width\":600,\"height\":800,\"caption\":\"Catfest m\u00e4rgtoit kassidele, t\u00f5eline filee ja ehtsad maitsed. Tauriiniga\"},{\"@type\":\"BreadcrumbList\",\"@id\":\"https:\/\/miumjau.ee\/fi\/tuote\/catfest-annospussi-kanalla-ja-lohella-hyytelossa-12-x-70-g\/#breadcrumb\",\"itemListElement\":[{\"@type\":\"ListItem\",\"position\":1,\"name\":\"Home\",\"item\":\"https:\/\/miumjau.ee\/fi\/\"},{\"@type\":\"ListItem\",\"position\":2,\"name\":\"Kauppa\",\"item\":\"https:\/\/miumjau.ee\/fi\/kauppa\/\"},{\"@type\":\"ListItem\",\"position\":3,\"name\":\"CatFest annospussi kanalla ja lohella hyytel\u00f6ss\u00e4, 12 x 70 g\"}]},{\"@type\":\"WebSite\",\"@id\":\"https:\/\/miumjau.ee\/#website\",\"url\":\"https:\/\/miumjau.ee\/\",\"name\":\"MiuMjau\",\"description\":\"Kraapimispuud kassidele\",\"publisher\":{\"@id\":\"https:\/\/miumjau.ee\/#organization\"},\"potentialAction\":[{\"@type\":\"SearchAction\",\"target\":{\"@type\":\"EntryPoint\",\"urlTemplate\":\"https:\/\/miumjau.ee\/?s={search_term_string}\"},\"query-input\":{\"@type\":\"PropertyValueSpecification\",\"valueRequired\":true,\"valueName\":\"search_term_string\"}}],\"inLanguage\":\"fi\"},{\"@type\":\"Organization\",\"@id\":\"https:\/\/miumjau.ee\/#organization\",\"name\":\"MiuMjau O\u00dc\",\"url\":\"https:\/\/miumjau.ee\/\",\"logo\":{\"@type\":\"ImageObject\",\"inLanguage\":\"fi\",\"@id\":\"https:\/\/miumjau.ee\/#\/schema\/logo\/image\/\",\"url\":\"https:\/\/miumjau.ee\/wp-content\/uploads\/2022\/04\/MiuMjau-logo-kollane.png\",\"contentUrl\":\"https:\/\/miumjau.ee\/wp-content\/uploads\/2022\/04\/MiuMjau-logo-kollane.png\",\"width\":219,\"height\":100,\"caption\":\"MiuMjau O\u00dc\"},\"image\":{\"@id\":\"https:\/\/miumjau.ee\/#\/schema\/logo\/image\/\"},\"sameAs\":[\"https:\/\/www.facebook.com\/miumjaupood\/\"]}]}<\/script>\n<!-- \/ Yoast SEO plugin. -->","yoast_head_json":{"title":"CatFest annospussi kanalla ja lohella hyytel\u00f6ss\u00e4, 12 x 70 g - MiuMjau","robots":{"index":"index","follow":"follow","max-snippet":"max-snippet:-1","max-image-preview":"max-image-preview:large","max-video-preview":"max-video-preview:-1"},"canonical":"https:\/\/miumjau.ee\/fi\/tuote\/catfest-annospussi-kanalla-ja-lohella-hyytelossa-12-x-70-g\/","og_locale":"fi_FI","og_type":"article","og_title":"CatFest annospussi kanalla ja lohella hyytel\u00f6ss\u00e4, 12 x 70 g - MiuMjau","og_description":"Herk\u00e4n kananlihan ja arvokkaan lohen yhdistelm\u00e4 luo ainutlaatuisen maun ja aromin, josta varmasti pit\u00e4v\u00e4t my\u00f6s kaikkein vaativimmat kissaharrastajat. T\u00e4m\u00e4 luonnollinen herkku tarjoaa lemmikillesi paitsi kyll\u00e4isyyden my\u00f6s hyv\u00e4n mielen aktiivisiin leikkeihin. Tarjotaan t\u00e4ydent\u00e4v\u00e4n\u00e4 ruokintana. Ainesosat: kananliha 54 %, valtameren lohi 6 %, kanaliemi 38 %, prebiootit FOS, anjoviskala\u00f6ljy, E-vitamiini, tauriini, sikuriuute, mineraalit. Analyyttiset ainesosat: raakavalkuainen 9,5 %, raakarasva 1,5 %, raakakuitu 1 %, raakatuha 1 %, kosteus 89 %, energia-arvo 45,06 kcal. Edut: Ei sis\u00e4ll\u00e4 v\u00e4riaineita, s\u00e4il\u00f6nt\u00e4aineita eik\u00e4 makuaineita. Ei sis\u00e4ll\u00e4 viljaa, maissia, soijaa, gluteenia, sivutuotteita eik\u00e4 GMO:ta. Tauriinilla on my\u00f6nteinen vaikutus kissan syd\u00e4meen, n\u00e4k\u00f6\u00f6n, kuuloaistiin ja immuunij\u00e4rjestelm\u00e4\u00e4n. Lohen Omega-3- ja Omega-6-rasvahapot edist\u00e4v\u00e4t kauniin ja terveellisen turkin kasvua sek\u00e4 vahvistavat niveli\u00e4 ja hampaita. Sikuri v\u00e4hent\u00e4\u00e4 kissan j\u00e4t\u00f6sten hajua, auttaen pit\u00e4m\u00e4\u00e4n hiekkalaatikon ymp\u00e4rist\u00f6n raikkaana. K\u00e4ytt\u00f6: Sopii t\u00e4ydent\u00e4v\u00e4ksi luonnolliseksi ruoaksi kaikille aikuisille koti- ja sterilisoiduille\/kastroiduille kissoille sek\u00e4 kissoille, joilla on allergioita tai ruoansulatusongelmia. Tarjoile huoneenl\u00e4mp\u00f6isen\u00e4. S\u00e4ilyt\u00e4 viile\u00e4ss\u00e4 ja kuivassa paikassa. Annetaan enint\u00e4\u00e4n 3 pussia p\u00e4iv\u00e4ss\u00e4. Kissalla tulee aina olla saatavilla raikasta vett\u00e4.","og_url":"https:\/\/miumjau.ee\/fi\/tuote\/catfest-annospussi-kanalla-ja-lohella-hyytelossa-12-x-70-g\/","og_site_name":"MiuMjau","article_publisher":"https:\/\/www.facebook.com\/miumjaupood\/","article_modified_time":"2026-01-07T20:50:29+00:00","og_image":[{"width":600,"height":800,"url":"https:\/\/miumjau.ee\/wp-content\/uploads\/2025\/04\/catfest-margtoit-kassidele27.webp","type":"image\/webp"}],"twitter_card":"summary_large_image","schema":{"@context":"https:\/\/schema.org","@graph":[{"@type":"WebPage","@id":"https:\/\/miumjau.ee\/fi\/tuote\/catfest-annospussi-kanalla-ja-lohella-hyytelossa-12-x-70-g\/","url":"https:\/\/miumjau.ee\/fi\/tuote\/catfest-annospussi-kanalla-ja-lohella-hyytelossa-12-x-70-g\/","name":"CatFest annospussi kanalla ja lohella hyytel\u00f6ss\u00e4, 12 x 70 g - MiuMjau","isPartOf":{"@id":"https:\/\/miumjau.ee\/#website"},"primaryImageOfPage":{"@id":"https:\/\/miumjau.ee\/fi\/tuote\/catfest-annospussi-kanalla-ja-lohella-hyytelossa-12-x-70-g\/#primaryimage"},"image":{"@id":"https:\/\/miumjau.ee\/fi\/tuote\/catfest-annospussi-kanalla-ja-lohella-hyytelossa-12-x-70-g\/#primaryimage"},"thumbnailUrl":"https:\/\/miumjau.ee\/wp-content\/uploads\/2025\/04\/catfest-margtoit-kassidele27.webp","datePublished":"2025-04-22T10:35:16+00:00","dateModified":"2026-01-07T20:50:29+00:00","breadcrumb":{"@id":"https:\/\/miumjau.ee\/fi\/tuote\/catfest-annospussi-kanalla-ja-lohella-hyytelossa-12-x-70-g\/#breadcrumb"},"inLanguage":"fi","potentialAction":[{"@type":"ReadAction","target":["https:\/\/miumjau.ee\/fi\/tuote\/catfest-annospussi-kanalla-ja-lohella-hyytelossa-12-x-70-g\/"]}]},{"@type":"ImageObject","inLanguage":"fi","@id":"https:\/\/miumjau.ee\/fi\/tuote\/catfest-annospussi-kanalla-ja-lohella-hyytelossa-12-x-70-g\/#primaryimage","url":"https:\/\/miumjau.ee\/wp-content\/uploads\/2025\/04\/catfest-margtoit-kassidele27.webp","contentUrl":"https:\/\/miumjau.ee\/wp-content\/uploads\/2025\/04\/catfest-margtoit-kassidele27.webp","width":600,"height":800,"caption":"Catfest m\u00e4rgtoit kassidele, t\u00f5eline filee ja ehtsad maitsed. Tauriiniga"},{"@type":"BreadcrumbList","@id":"https:\/\/miumjau.ee\/fi\/tuote\/catfest-annospussi-kanalla-ja-lohella-hyytelossa-12-x-70-g\/#breadcrumb","itemListElement":[{"@type":"ListItem","position":1,"name":"Home","item":"https:\/\/miumjau.ee\/fi\/"},{"@type":"ListItem","position":2,"name":"Kauppa","item":"https:\/\/miumjau.ee\/fi\/kauppa\/"},{"@type":"ListItem","position":3,"name":"CatFest annospussi kanalla ja lohella hyytel\u00f6ss\u00e4, 12 x 70 g"}]},{"@type":"WebSite","@id":"https:\/\/miumjau.ee\/#website","url":"https:\/\/miumjau.ee\/","name":"MiuMjau","description":"Kraapimispuud kassidele","publisher":{"@id":"https:\/\/miumjau.ee\/#organization"},"potentialAction":[{"@type":"SearchAction","target":{"@type":"EntryPoint","urlTemplate":"https:\/\/miumjau.ee\/?s={search_term_string}"},"query-input":{"@type":"PropertyValueSpecification","valueRequired":true,"valueName":"search_term_string"}}],"inLanguage":"fi"},{"@type":"Organization","@id":"https:\/\/miumjau.ee\/#organization","name":"MiuMjau O\u00dc","url":"https:\/\/miumjau.ee\/","logo":{"@type":"ImageObject","inLanguage":"fi","@id":"https:\/\/miumjau.ee\/#\/schema\/logo\/image\/","url":"https:\/\/miumjau.ee\/wp-content\/uploads\/2022\/04\/MiuMjau-logo-kollane.png","contentUrl":"https:\/\/miumjau.ee\/wp-content\/uploads\/2022\/04\/MiuMjau-logo-kollane.png","width":219,"height":100,"caption":"MiuMjau O\u00dc"},"image":{"@id":"https:\/\/miumjau.ee\/#\/schema\/logo\/image\/"},"sameAs":["https:\/\/www.facebook.com\/miumjaupood\/"]}]}},"_links":{"self":[{"href":"https:\/\/miumjau.ee\/fi\/wp-json\/wp\/v2\/product\/36864","targetHints":{"allow":["GET"]}}],"collection":[{"href":"https:\/\/miumjau.ee\/fi\/wp-json\/wp\/v2\/product"}],"about":[{"href":"https:\/\/miumjau.ee\/fi\/wp-json\/wp\/v2\/types\/product"}],"wp:featuredmedia":[{"embeddable":true,"href":"https:\/\/miumjau.ee\/fi\/wp-json\/wp\/v2\/media\/32765"}],"wp:attachment":[{"href":"https:\/\/miumjau.ee\/fi\/wp-json\/wp\/v2\/media?parent=36864"}],"wp:term":[{"taxonomy":"product_brand","embeddable":true,"href":"https:\/\/miumjau.ee\/fi\/wp-json\/wp\/v2\/product_brand?post=36864"},{"taxonomy":"product_cat","embeddable":true,"href":"https:\/\/miumjau.ee\/fi\/wp-json\/wp\/v2\/product_cat?post=36864"},{"taxonomy":"product_tag","embeddable":true,"href":"https:\/\/miumjau.ee\/fi\/wp-json\/wp\/v2\/product_tag?post=36864"}],"curies":[{"name":"wp","href":"https:\/\/api.w.org\/{rel}","templated":true}]}}