{"id":36855,"date":"2025-04-22T13:35:28","date_gmt":"2025-04-22T10:35:28","guid":{"rendered":"https:\/\/miumjau.ee\/toode\/catfest-annospussi-lohella-hyytelossa-markaruoka-kissoille-12-x-70-g\/"},"modified":"2026-01-07T22:50:29","modified_gmt":"2026-01-07T20:50:29","slug":"catfest-annospussi-lohella-hyytelossa-markaruoka-kissoille-12-x-70-g","status":"publish","type":"product","link":"https:\/\/miumjau.ee\/fi\/tuote\/catfest-annospussi-lohella-hyytelossa-markaruoka-kissoille-12-x-70-g\/","title":{"rendered":"CatFest annospussi lohella hyytel\u00f6ss\u00e4, m\u00e4rk\u00e4ruoka kissoille 12 x 70 g"},"content":{"rendered":"","protected":false},"excerpt":{"rendered":"<article class=\"text-token-text-primary w-full\" dir=\"auto\" data-testid=\"conversation-turn-146\" data-scroll-anchor=\"true\">\n<div class=\"text-base my-auto mx-auto py-5 [--thread-content-margin:--spacing(4)] @[37rem]:[--thread-content-margin:--spacing(6)] @[72rem]:[--thread-content-margin:--spacing(16)] px-(--thread-content-margin)\">\n<div class=\"[--thread-content-max-width:32rem] @[34rem]:[--thread-content-max-width:40rem] @[64rem]:[--thread-content-max-width:48rem] mx-auto flex max-w-(--thread-content-max-width) flex-1 text-base gap-4 md:gap-5 lg:gap-6 group\/turn-messages focus-visible:outline-hidden\" tabindex=\"-1\">\n<div class=\"group\/conversation-turn relative flex w-full min-w-0 flex-col agent-turn\">\n<div class=\"relative flex-col gap-1 md:gap-3\">\n<div class=\"flex max-w-full flex-col grow\">\n<div class=\"min-h-8 text-message relative flex w-full flex-col items-end gap-2 text-start break-words whitespace-normal [.text-message+&amp;]:mt-5\" dir=\"auto\" data-message-author-role=\"assistant\" data-message-id=\"0b7c950a-d285-4f0f-be92-9b77a163c591\" data-message-model-slug=\"gpt-4-1-mini\">\n<div class=\"flex w-full flex-col gap-1 empty:hidden first:pt-[3px]\">\n<div class=\"markdown prose dark:prose-invert w-full break-words light\">\n<p data-start=\"0\" data-end=\"256\">Lohi filee hyytel\u00f6ss\u00e4 on aikuisille kissoille tarkoitettu lis\u00e4ravinto, joka on rikastettu terveydelle ja aktiivisuudelle hy\u00f6dyllisill\u00e4 aineilla. Korkea laadukkaan proteiinin ja hy\u00f6dyllisten rasvojen sis\u00e4lt\u00f6 auttaa parantamaan lemmikin yleist\u00e4 hyvinvointia.<\/p>\n<p data-start=\"258\" data-end=\"369\"><strong>Ainesosat:<\/strong> Lohi 58 %, kalalient\u00e4 40 %, prebiootit FOS, lohi\u00f6ljy, E-vitamiini, tauriini, sikuriuute, mineraalit.<\/p>\n<p data-start=\"371\" data-end=\"482\"><strong>Analyyttiset ainesosat:<\/strong> Raakaproteiini 8,5 %, raakrasva 2,5 %, raakatuhkka 1,5 %, raakakuitu 1 %, kosteus 89 %.<\/p>\n<p data-start=\"484\" data-end=\"878\"><strong>Edut:<\/strong> Lohi on korkealaatuisen proteiinin ja omega-3-rasvahappojen l\u00e4hde, jotka parantavat ihon ja turkin kuntoa sek\u00e4 tukevat syd\u00e4men terveytt\u00e4. Prebiootti FOS edist\u00e4\u00e4 tervett\u00e4 ruoansulatusta ja suoliston mikrobikantaa, kun taas sikuriuute auttaa ravinteiden imeytymisess\u00e4. Tauriini ja E-vitamiini tukevat kissan n\u00e4k\u00f6kyky\u00e4 ja immuunij\u00e4rjestelm\u00e4\u00e4, edist\u00e4en sen yleist\u00e4 aktiivisuutta ja terveytt\u00e4.<\/p>\n<p data-start=\"880\" data-end=\"1218\" data-is-last-node=\"\" data-is-only-node=\"\"><strong>K\u00e4ytt\u00f6:<\/strong> Sopii lis\u00e4ravinnoksi kaikille aikuisille kotikissoille, mukaan lukien steriloidut ja kastrooidut kissat sek\u00e4 kissat, joilla on allergioita tai ruoansulatusongelmia. Tarjoile huoneenl\u00e4mp\u00f6isen\u00e4. S\u00e4ilyt\u00e4 viile\u00e4ss\u00e4 ja kuivassa paikassa. Annetaan enint\u00e4\u00e4n 3 pakettia p\u00e4iv\u00e4ss\u00e4. Varmista, ett\u00e4 kissalla on aina saatavilla raikasta vett\u00e4.<\/p>\n<\/div>\n<\/div>\n<\/div>\n<\/div>\n<\/div>\n<\/div>\n<\/div>\n<\/div>\n<\/article>\n","protected":false},"featured_media":32789,"template":"","meta":[],"product_brand":[],"product_cat":[264],"product_tag":[],"class_list":{"0":"post-36855","1":"product","2":"type-product","3":"status-publish","4":"has-post-thumbnail","6":"product_cat-marka-ruoka","8":"first","9":"instock","10":"sale","11":"taxable","12":"shipping-taxable","13":"purchasable","14":"product-type-simple"},"yoast_head":"<!-- This site is optimized with the Yoast SEO plugin v27.2 - https:\/\/yoast.com\/product\/yoast-seo-wordpress\/ -->\n<title>CatFest annospussi lohella hyytel\u00f6ss\u00e4, m\u00e4rk\u00e4ruoka kissoille 12 x 70 g - MiuMjau<\/title>\n<meta name=\"description\" content=\"CatFest symboloi aitoa luonnonmukaista ruokaa. Fileen paloja herkullisessa mehukkaassa hyytel\u00f6ss\u00e4. Kissasi ei yksinkertaisesti voi vastustaa!\" \/>\n<meta name=\"robots\" content=\"index, follow, max-snippet:-1, max-image-preview:large, max-video-preview:-1\" \/>\n<link rel=\"canonical\" href=\"https:\/\/miumjau.ee\/fi\/tuote\/catfest-annospussi-lohella-hyytelossa-markaruoka-kissoille-12-x-70-g\/\" \/>\n<meta property=\"og:locale\" content=\"fi_FI\" \/>\n<meta property=\"og:type\" content=\"article\" \/>\n<meta property=\"og:title\" content=\"CatFest annospussi lohella hyytel\u00f6ss\u00e4, m\u00e4rk\u00e4ruoka kissoille 12 x 70 g - MiuMjau\" \/>\n<meta property=\"og:description\" content=\"CatFest symboloi aitoa luonnonmukaista ruokaa. Fileen paloja herkullisessa mehukkaassa hyytel\u00f6ss\u00e4. Kissasi ei yksinkertaisesti voi vastustaa!\" \/>\n<meta property=\"og:url\" content=\"https:\/\/miumjau.ee\/fi\/tuote\/catfest-annospussi-lohella-hyytelossa-markaruoka-kissoille-12-x-70-g\/\" \/>\n<meta property=\"og:site_name\" content=\"MiuMjau\" \/>\n<meta property=\"article:publisher\" content=\"https:\/\/www.facebook.com\/miumjaupood\/\" \/>\n<meta property=\"article:modified_time\" content=\"2026-01-07T20:50:29+00:00\" \/>\n<meta property=\"og:image\" content=\"https:\/\/miumjau.ee\/wp-content\/uploads\/2025\/04\/catfest-margtoit-kassidele33.webp\" \/>\n\t<meta property=\"og:image:width\" content=\"600\" \/>\n\t<meta property=\"og:image:height\" content=\"800\" \/>\n\t<meta property=\"og:image:type\" content=\"image\/webp\" \/>\n<meta name=\"twitter:card\" content=\"summary_large_image\" \/>\n<script type=\"application\/ld+json\" class=\"yoast-schema-graph\">{\"@context\":\"https:\/\/schema.org\",\"@graph\":[{\"@type\":\"WebPage\",\"@id\":\"https:\/\/miumjau.ee\/fi\/tuote\/catfest-annospussi-lohella-hyytelossa-markaruoka-kissoille-12-x-70-g\/\",\"url\":\"https:\/\/miumjau.ee\/fi\/tuote\/catfest-annospussi-lohella-hyytelossa-markaruoka-kissoille-12-x-70-g\/\",\"name\":\"CatFest annospussi lohella hyytel\u00f6ss\u00e4, m\u00e4rk\u00e4ruoka kissoille 12 x 70 g - MiuMjau\",\"isPartOf\":{\"@id\":\"https:\/\/miumjau.ee\/#website\"},\"primaryImageOfPage\":{\"@id\":\"https:\/\/miumjau.ee\/fi\/tuote\/catfest-annospussi-lohella-hyytelossa-markaruoka-kissoille-12-x-70-g\/#primaryimage\"},\"image\":{\"@id\":\"https:\/\/miumjau.ee\/fi\/tuote\/catfest-annospussi-lohella-hyytelossa-markaruoka-kissoille-12-x-70-g\/#primaryimage\"},\"thumbnailUrl\":\"https:\/\/miumjau.ee\/wp-content\/uploads\/2025\/04\/catfest-margtoit-kassidele33.webp\",\"datePublished\":\"2025-04-22T10:35:28+00:00\",\"dateModified\":\"2026-01-07T20:50:29+00:00\",\"description\":\"CatFest symboloi aitoa luonnonmukaista ruokaa. Fileen paloja herkullisessa mehukkaassa hyytel\u00f6ss\u00e4. Kissasi ei yksinkertaisesti voi vastustaa!\",\"breadcrumb\":{\"@id\":\"https:\/\/miumjau.ee\/fi\/tuote\/catfest-annospussi-lohella-hyytelossa-markaruoka-kissoille-12-x-70-g\/#breadcrumb\"},\"inLanguage\":\"fi\",\"potentialAction\":[{\"@type\":\"ReadAction\",\"target\":[\"https:\/\/miumjau.ee\/fi\/tuote\/catfest-annospussi-lohella-hyytelossa-markaruoka-kissoille-12-x-70-g\/\"]}]},{\"@type\":\"ImageObject\",\"inLanguage\":\"fi\",\"@id\":\"https:\/\/miumjau.ee\/fi\/tuote\/catfest-annospussi-lohella-hyytelossa-markaruoka-kissoille-12-x-70-g\/#primaryimage\",\"url\":\"https:\/\/miumjau.ee\/wp-content\/uploads\/2025\/04\/catfest-margtoit-kassidele33.webp\",\"contentUrl\":\"https:\/\/miumjau.ee\/wp-content\/uploads\/2025\/04\/catfest-margtoit-kassidele33.webp\",\"width\":600,\"height\":800,\"caption\":\"Catfest m\u00e4rgtoit kassidele, t\u00f5eline filee ja ehtsad maitsed. Tauriiniga\"},{\"@type\":\"BreadcrumbList\",\"@id\":\"https:\/\/miumjau.ee\/fi\/tuote\/catfest-annospussi-lohella-hyytelossa-markaruoka-kissoille-12-x-70-g\/#breadcrumb\",\"itemListElement\":[{\"@type\":\"ListItem\",\"position\":1,\"name\":\"Home\",\"item\":\"https:\/\/miumjau.ee\/fi\/\"},{\"@type\":\"ListItem\",\"position\":2,\"name\":\"Kauppa\",\"item\":\"https:\/\/miumjau.ee\/fi\/kauppa\/\"},{\"@type\":\"ListItem\",\"position\":3,\"name\":\"CatFest annospussi lohella hyytel\u00f6ss\u00e4, m\u00e4rk\u00e4ruoka kissoille 12 x 70 g\"}]},{\"@type\":\"WebSite\",\"@id\":\"https:\/\/miumjau.ee\/#website\",\"url\":\"https:\/\/miumjau.ee\/\",\"name\":\"MiuMjau\",\"description\":\"Kraapimispuud kassidele\",\"publisher\":{\"@id\":\"https:\/\/miumjau.ee\/#organization\"},\"potentialAction\":[{\"@type\":\"SearchAction\",\"target\":{\"@type\":\"EntryPoint\",\"urlTemplate\":\"https:\/\/miumjau.ee\/?s={search_term_string}\"},\"query-input\":{\"@type\":\"PropertyValueSpecification\",\"valueRequired\":true,\"valueName\":\"search_term_string\"}}],\"inLanguage\":\"fi\"},{\"@type\":\"Organization\",\"@id\":\"https:\/\/miumjau.ee\/#organization\",\"name\":\"MiuMjau O\u00dc\",\"url\":\"https:\/\/miumjau.ee\/\",\"logo\":{\"@type\":\"ImageObject\",\"inLanguage\":\"fi\",\"@id\":\"https:\/\/miumjau.ee\/#\/schema\/logo\/image\/\",\"url\":\"https:\/\/miumjau.ee\/wp-content\/uploads\/2022\/04\/MiuMjau-logo-kollane.png\",\"contentUrl\":\"https:\/\/miumjau.ee\/wp-content\/uploads\/2022\/04\/MiuMjau-logo-kollane.png\",\"width\":219,\"height\":100,\"caption\":\"MiuMjau O\u00dc\"},\"image\":{\"@id\":\"https:\/\/miumjau.ee\/#\/schema\/logo\/image\/\"},\"sameAs\":[\"https:\/\/www.facebook.com\/miumjaupood\/\"]}]}<\/script>\n<!-- \/ Yoast SEO plugin. -->","yoast_head_json":{"title":"CatFest annospussi lohella hyytel\u00f6ss\u00e4, m\u00e4rk\u00e4ruoka kissoille 12 x 70 g - MiuMjau","description":"CatFest symboloi aitoa luonnonmukaista ruokaa. Fileen paloja herkullisessa mehukkaassa hyytel\u00f6ss\u00e4. Kissasi ei yksinkertaisesti voi vastustaa!","robots":{"index":"index","follow":"follow","max-snippet":"max-snippet:-1","max-image-preview":"max-image-preview:large","max-video-preview":"max-video-preview:-1"},"canonical":"https:\/\/miumjau.ee\/fi\/tuote\/catfest-annospussi-lohella-hyytelossa-markaruoka-kissoille-12-x-70-g\/","og_locale":"fi_FI","og_type":"article","og_title":"CatFest annospussi lohella hyytel\u00f6ss\u00e4, m\u00e4rk\u00e4ruoka kissoille 12 x 70 g - MiuMjau","og_description":"CatFest symboloi aitoa luonnonmukaista ruokaa. Fileen paloja herkullisessa mehukkaassa hyytel\u00f6ss\u00e4. Kissasi ei yksinkertaisesti voi vastustaa!","og_url":"https:\/\/miumjau.ee\/fi\/tuote\/catfest-annospussi-lohella-hyytelossa-markaruoka-kissoille-12-x-70-g\/","og_site_name":"MiuMjau","article_publisher":"https:\/\/www.facebook.com\/miumjaupood\/","article_modified_time":"2026-01-07T20:50:29+00:00","og_image":[{"width":600,"height":800,"url":"https:\/\/miumjau.ee\/wp-content\/uploads\/2025\/04\/catfest-margtoit-kassidele33.webp","type":"image\/webp"}],"twitter_card":"summary_large_image","schema":{"@context":"https:\/\/schema.org","@graph":[{"@type":"WebPage","@id":"https:\/\/miumjau.ee\/fi\/tuote\/catfest-annospussi-lohella-hyytelossa-markaruoka-kissoille-12-x-70-g\/","url":"https:\/\/miumjau.ee\/fi\/tuote\/catfest-annospussi-lohella-hyytelossa-markaruoka-kissoille-12-x-70-g\/","name":"CatFest annospussi lohella hyytel\u00f6ss\u00e4, m\u00e4rk\u00e4ruoka kissoille 12 x 70 g - MiuMjau","isPartOf":{"@id":"https:\/\/miumjau.ee\/#website"},"primaryImageOfPage":{"@id":"https:\/\/miumjau.ee\/fi\/tuote\/catfest-annospussi-lohella-hyytelossa-markaruoka-kissoille-12-x-70-g\/#primaryimage"},"image":{"@id":"https:\/\/miumjau.ee\/fi\/tuote\/catfest-annospussi-lohella-hyytelossa-markaruoka-kissoille-12-x-70-g\/#primaryimage"},"thumbnailUrl":"https:\/\/miumjau.ee\/wp-content\/uploads\/2025\/04\/catfest-margtoit-kassidele33.webp","datePublished":"2025-04-22T10:35:28+00:00","dateModified":"2026-01-07T20:50:29+00:00","description":"CatFest symboloi aitoa luonnonmukaista ruokaa. Fileen paloja herkullisessa mehukkaassa hyytel\u00f6ss\u00e4. Kissasi ei yksinkertaisesti voi vastustaa!","breadcrumb":{"@id":"https:\/\/miumjau.ee\/fi\/tuote\/catfest-annospussi-lohella-hyytelossa-markaruoka-kissoille-12-x-70-g\/#breadcrumb"},"inLanguage":"fi","potentialAction":[{"@type":"ReadAction","target":["https:\/\/miumjau.ee\/fi\/tuote\/catfest-annospussi-lohella-hyytelossa-markaruoka-kissoille-12-x-70-g\/"]}]},{"@type":"ImageObject","inLanguage":"fi","@id":"https:\/\/miumjau.ee\/fi\/tuote\/catfest-annospussi-lohella-hyytelossa-markaruoka-kissoille-12-x-70-g\/#primaryimage","url":"https:\/\/miumjau.ee\/wp-content\/uploads\/2025\/04\/catfest-margtoit-kassidele33.webp","contentUrl":"https:\/\/miumjau.ee\/wp-content\/uploads\/2025\/04\/catfest-margtoit-kassidele33.webp","width":600,"height":800,"caption":"Catfest m\u00e4rgtoit kassidele, t\u00f5eline filee ja ehtsad maitsed. Tauriiniga"},{"@type":"BreadcrumbList","@id":"https:\/\/miumjau.ee\/fi\/tuote\/catfest-annospussi-lohella-hyytelossa-markaruoka-kissoille-12-x-70-g\/#breadcrumb","itemListElement":[{"@type":"ListItem","position":1,"name":"Home","item":"https:\/\/miumjau.ee\/fi\/"},{"@type":"ListItem","position":2,"name":"Kauppa","item":"https:\/\/miumjau.ee\/fi\/kauppa\/"},{"@type":"ListItem","position":3,"name":"CatFest annospussi lohella hyytel\u00f6ss\u00e4, m\u00e4rk\u00e4ruoka kissoille 12 x 70 g"}]},{"@type":"WebSite","@id":"https:\/\/miumjau.ee\/#website","url":"https:\/\/miumjau.ee\/","name":"MiuMjau","description":"Kraapimispuud kassidele","publisher":{"@id":"https:\/\/miumjau.ee\/#organization"},"potentialAction":[{"@type":"SearchAction","target":{"@type":"EntryPoint","urlTemplate":"https:\/\/miumjau.ee\/?s={search_term_string}"},"query-input":{"@type":"PropertyValueSpecification","valueRequired":true,"valueName":"search_term_string"}}],"inLanguage":"fi"},{"@type":"Organization","@id":"https:\/\/miumjau.ee\/#organization","name":"MiuMjau O\u00dc","url":"https:\/\/miumjau.ee\/","logo":{"@type":"ImageObject","inLanguage":"fi","@id":"https:\/\/miumjau.ee\/#\/schema\/logo\/image\/","url":"https:\/\/miumjau.ee\/wp-content\/uploads\/2022\/04\/MiuMjau-logo-kollane.png","contentUrl":"https:\/\/miumjau.ee\/wp-content\/uploads\/2022\/04\/MiuMjau-logo-kollane.png","width":219,"height":100,"caption":"MiuMjau O\u00dc"},"image":{"@id":"https:\/\/miumjau.ee\/#\/schema\/logo\/image\/"},"sameAs":["https:\/\/www.facebook.com\/miumjaupood\/"]}]}},"_links":{"self":[{"href":"https:\/\/miumjau.ee\/fi\/wp-json\/wp\/v2\/product\/36855","targetHints":{"allow":["GET"]}}],"collection":[{"href":"https:\/\/miumjau.ee\/fi\/wp-json\/wp\/v2\/product"}],"about":[{"href":"https:\/\/miumjau.ee\/fi\/wp-json\/wp\/v2\/types\/product"}],"wp:featuredmedia":[{"embeddable":true,"href":"https:\/\/miumjau.ee\/fi\/wp-json\/wp\/v2\/media\/32789"}],"wp:attachment":[{"href":"https:\/\/miumjau.ee\/fi\/wp-json\/wp\/v2\/media?parent=36855"}],"wp:term":[{"taxonomy":"product_brand","embeddable":true,"href":"https:\/\/miumjau.ee\/fi\/wp-json\/wp\/v2\/product_brand?post=36855"},{"taxonomy":"product_cat","embeddable":true,"href":"https:\/\/miumjau.ee\/fi\/wp-json\/wp\/v2\/product_cat?post=36855"},{"taxonomy":"product_tag","embeddable":true,"href":"https:\/\/miumjau.ee\/fi\/wp-json\/wp\/v2\/product_tag?post=36855"}],"curies":[{"name":"wp","href":"https:\/\/api.w.org\/{rel}","templated":true}]}}