{"id":36852,"date":"2025-04-22T13:35:28","date_gmt":"2025-04-22T10:35:28","guid":{"rendered":"https:\/\/miumjau.ee\/toode\/catfest-lohimoussea-markaruoka-kissanpennuille-12-x-70g\/"},"modified":"2026-01-07T22:50:36","modified_gmt":"2026-01-07T20:50:36","slug":"catfest-lohimoussea-markaruoka-kissanpennuille-12-x-70g","status":"publish","type":"product","link":"https:\/\/miumjau.ee\/fi\/tuote\/catfest-lohimoussea-markaruoka-kissanpennuille-12-x-70g\/","title":{"rendered":"CatFest lohimoussea, m\u00e4rk\u00e4ruoka kissanpennuille 12 x 70g"},"content":{"rendered":"","protected":false},"excerpt":{"rendered":"<p>Lohipatee kissanpennuille on erityisesti kehitetty tarjoamaan lemmikillesi kaikki tarvittavat ravintoaineet. Hell\u00e4varainen koostumus ja luonnolliset raaka-aineet sopivat t\u00e4ydellisesti kissanpennuille aktiivisen kasvun aikana, antaen energiaa ja tukien tervett\u00e4 kehityst\u00e4. Tarjotaan t\u00e4ydennysruokana.<\/p>\n<p>Ainesosat: Lohta 58 %, kalaliemi 40 %, anjoviskala\u00f6ljy, prebiootti FOS, E-vitamiini, tauriini, tapioka, sikuriuute, fruktoosi, mineraalit.<\/p>\n<p>Analyyttiset ainesosat: Raakaproteiini 8,5 %, raakrasva 2,5 %, raakakuitu 1 %, raakatuhka 1,5 %, kosteus 89 %, energiasis\u00e4lt\u00f6 \u2014 41,96 kcal.<\/p>\n<p>Edut: T\u00e4m\u00e4 ruoka on suunniteltu kattamaan kissanpentujen kaikki tarpeet. Omega-3- ja Omega-6-rasvahapot tukevat ihon ja turkin terveytt\u00e4, tauriini edist\u00e4\u00e4 syd\u00e4men ja n\u00e4\u00f6n kehityst\u00e4, ja E-vitamiini vahvistaa immuunij\u00e4rjestelm\u00e4\u00e4. Prebiootti FOS parantaa ruoansulatusta ja auttaa yll\u00e4pit\u00e4m\u00e4\u00e4n tervett\u00e4 suoliston mikrobistoa, kun taas mineraalit tukevat vahvojen luiden kehittymist\u00e4.<\/p>\n<p>K\u00e4ytt\u00f6: Sopii p\u00e4ivitt\u00e4iseksi t\u00e4ydennysruoaksi kaikille kissanpennuille. Tarjoile huoneenl\u00e4mp\u00f6isen\u00e4. S\u00e4ilyt\u00e4 viile\u00e4ss\u00e4 ja kuivassa paikassa. Suositeltava annos on 2\u20133 pakkausta p\u00e4iv\u00e4ss\u00e4 kissanpennun i\u00e4st\u00e4 ja aktiivisuudesta riippuen. Varmista, ett\u00e4 raikas juomavesi on aina saatavilla.<\/p>\n","protected":false},"featured_media":32817,"template":"","meta":[],"product_brand":[],"product_cat":[264],"product_tag":[],"class_list":{"0":"post-36852","1":"product","2":"type-product","3":"status-publish","4":"has-post-thumbnail","6":"product_cat-marka-ruoka","8":"first","9":"instock","10":"sale","11":"taxable","12":"shipping-taxable","13":"purchasable","14":"product-type-simple"},"yoast_head":"<!-- This site is optimized with the Yoast SEO plugin v27.2 - https:\/\/yoast.com\/product\/yoast-seo-wordpress\/ -->\n<title>CatFest lohimoussea, m\u00e4rk\u00e4ruoka kissanpennuille 12 x 70g - MiuMjau<\/title>\n<meta name=\"description\" content=\"CatFest-mousse on eritt\u00e4in herkk\u00e4\u00e4 ja herkullista, ja se on suunniteltu erityisesti kissanpennuille. Todellinen herkku ja hemmotteluhetki pienelle lemmikillesi.\" \/>\n<meta name=\"robots\" content=\"index, follow, max-snippet:-1, max-image-preview:large, max-video-preview:-1\" \/>\n<link rel=\"canonical\" href=\"https:\/\/miumjau.ee\/fi\/tuote\/catfest-lohimoussea-markaruoka-kissanpennuille-12-x-70g\/\" \/>\n<meta property=\"og:locale\" content=\"fi_FI\" \/>\n<meta property=\"og:type\" content=\"article\" \/>\n<meta property=\"og:title\" content=\"CatFest lohimoussea, m\u00e4rk\u00e4ruoka kissanpennuille 12 x 70g - MiuMjau\" \/>\n<meta property=\"og:description\" content=\"CatFest-mousse on eritt\u00e4in herkk\u00e4\u00e4 ja herkullista, ja se on suunniteltu erityisesti kissanpennuille. Todellinen herkku ja hemmotteluhetki pienelle lemmikillesi.\" \/>\n<meta property=\"og:url\" content=\"https:\/\/miumjau.ee\/fi\/tuote\/catfest-lohimoussea-markaruoka-kissanpennuille-12-x-70g\/\" \/>\n<meta property=\"og:site_name\" content=\"MiuMjau\" \/>\n<meta property=\"article:publisher\" content=\"https:\/\/www.facebook.com\/miumjaupood\/\" \/>\n<meta property=\"article:modified_time\" content=\"2026-01-07T20:50:36+00:00\" \/>\n<meta property=\"og:image\" content=\"https:\/\/miumjau.ee\/wp-content\/uploads\/2025\/04\/catfest-margtoit-kassidele40.webp\" \/>\n\t<meta property=\"og:image:width\" content=\"600\" \/>\n\t<meta property=\"og:image:height\" content=\"800\" \/>\n\t<meta property=\"og:image:type\" content=\"image\/webp\" \/>\n<meta name=\"twitter:card\" content=\"summary_large_image\" \/>\n<script type=\"application\/ld+json\" class=\"yoast-schema-graph\">{\"@context\":\"https:\/\/schema.org\",\"@graph\":[{\"@type\":\"WebPage\",\"@id\":\"https:\/\/miumjau.ee\/fi\/tuote\/catfest-lohimoussea-markaruoka-kissanpennuille-12-x-70g\/\",\"url\":\"https:\/\/miumjau.ee\/fi\/tuote\/catfest-lohimoussea-markaruoka-kissanpennuille-12-x-70g\/\",\"name\":\"CatFest lohimoussea, m\u00e4rk\u00e4ruoka kissanpennuille 12 x 70g - MiuMjau\",\"isPartOf\":{\"@id\":\"https:\/\/miumjau.ee\/#website\"},\"primaryImageOfPage\":{\"@id\":\"https:\/\/miumjau.ee\/fi\/tuote\/catfest-lohimoussea-markaruoka-kissanpennuille-12-x-70g\/#primaryimage\"},\"image\":{\"@id\":\"https:\/\/miumjau.ee\/fi\/tuote\/catfest-lohimoussea-markaruoka-kissanpennuille-12-x-70g\/#primaryimage\"},\"thumbnailUrl\":\"https:\/\/miumjau.ee\/wp-content\/uploads\/2025\/04\/catfest-margtoit-kassidele40.webp\",\"datePublished\":\"2025-04-22T10:35:28+00:00\",\"dateModified\":\"2026-01-07T20:50:36+00:00\",\"description\":\"CatFest-mousse on eritt\u00e4in herkk\u00e4\u00e4 ja herkullista, ja se on suunniteltu erityisesti kissanpennuille. Todellinen herkku ja hemmotteluhetki pienelle lemmikillesi.\",\"breadcrumb\":{\"@id\":\"https:\/\/miumjau.ee\/fi\/tuote\/catfest-lohimoussea-markaruoka-kissanpennuille-12-x-70g\/#breadcrumb\"},\"inLanguage\":\"fi\",\"potentialAction\":[{\"@type\":\"ReadAction\",\"target\":[\"https:\/\/miumjau.ee\/fi\/tuote\/catfest-lohimoussea-markaruoka-kissanpennuille-12-x-70g\/\"]}]},{\"@type\":\"ImageObject\",\"inLanguage\":\"fi\",\"@id\":\"https:\/\/miumjau.ee\/fi\/tuote\/catfest-lohimoussea-markaruoka-kissanpennuille-12-x-70g\/#primaryimage\",\"url\":\"https:\/\/miumjau.ee\/wp-content\/uploads\/2025\/04\/catfest-margtoit-kassidele40.webp\",\"contentUrl\":\"https:\/\/miumjau.ee\/wp-content\/uploads\/2025\/04\/catfest-margtoit-kassidele40.webp\",\"width\":600,\"height\":800,\"caption\":\"Catfest m\u00e4rgtoit kassidele, t\u00f5eline filee ja ehtsad maitsed. Tauriiniga\"},{\"@type\":\"BreadcrumbList\",\"@id\":\"https:\/\/miumjau.ee\/fi\/tuote\/catfest-lohimoussea-markaruoka-kissanpennuille-12-x-70g\/#breadcrumb\",\"itemListElement\":[{\"@type\":\"ListItem\",\"position\":1,\"name\":\"Home\",\"item\":\"https:\/\/miumjau.ee\/fi\/\"},{\"@type\":\"ListItem\",\"position\":2,\"name\":\"Kauppa\",\"item\":\"https:\/\/miumjau.ee\/fi\/kauppa\/\"},{\"@type\":\"ListItem\",\"position\":3,\"name\":\"CatFest lohimoussea, m\u00e4rk\u00e4ruoka kissanpennuille 12 x 70g\"}]},{\"@type\":\"WebSite\",\"@id\":\"https:\/\/miumjau.ee\/#website\",\"url\":\"https:\/\/miumjau.ee\/\",\"name\":\"MiuMjau\",\"description\":\"Kraapimispuud kassidele\",\"publisher\":{\"@id\":\"https:\/\/miumjau.ee\/#organization\"},\"potentialAction\":[{\"@type\":\"SearchAction\",\"target\":{\"@type\":\"EntryPoint\",\"urlTemplate\":\"https:\/\/miumjau.ee\/?s={search_term_string}\"},\"query-input\":{\"@type\":\"PropertyValueSpecification\",\"valueRequired\":true,\"valueName\":\"search_term_string\"}}],\"inLanguage\":\"fi\"},{\"@type\":\"Organization\",\"@id\":\"https:\/\/miumjau.ee\/#organization\",\"name\":\"MiuMjau O\u00dc\",\"url\":\"https:\/\/miumjau.ee\/\",\"logo\":{\"@type\":\"ImageObject\",\"inLanguage\":\"fi\",\"@id\":\"https:\/\/miumjau.ee\/#\/schema\/logo\/image\/\",\"url\":\"https:\/\/miumjau.ee\/wp-content\/uploads\/2022\/04\/MiuMjau-logo-kollane.png\",\"contentUrl\":\"https:\/\/miumjau.ee\/wp-content\/uploads\/2022\/04\/MiuMjau-logo-kollane.png\",\"width\":219,\"height\":100,\"caption\":\"MiuMjau O\u00dc\"},\"image\":{\"@id\":\"https:\/\/miumjau.ee\/#\/schema\/logo\/image\/\"},\"sameAs\":[\"https:\/\/www.facebook.com\/miumjaupood\/\"]}]}<\/script>\n<!-- \/ Yoast SEO plugin. -->","yoast_head_json":{"title":"CatFest lohimoussea, m\u00e4rk\u00e4ruoka kissanpennuille 12 x 70g - MiuMjau","description":"CatFest-mousse on eritt\u00e4in herkk\u00e4\u00e4 ja herkullista, ja se on suunniteltu erityisesti kissanpennuille. Todellinen herkku ja hemmotteluhetki pienelle lemmikillesi.","robots":{"index":"index","follow":"follow","max-snippet":"max-snippet:-1","max-image-preview":"max-image-preview:large","max-video-preview":"max-video-preview:-1"},"canonical":"https:\/\/miumjau.ee\/fi\/tuote\/catfest-lohimoussea-markaruoka-kissanpennuille-12-x-70g\/","og_locale":"fi_FI","og_type":"article","og_title":"CatFest lohimoussea, m\u00e4rk\u00e4ruoka kissanpennuille 12 x 70g - MiuMjau","og_description":"CatFest-mousse on eritt\u00e4in herkk\u00e4\u00e4 ja herkullista, ja se on suunniteltu erityisesti kissanpennuille. Todellinen herkku ja hemmotteluhetki pienelle lemmikillesi.","og_url":"https:\/\/miumjau.ee\/fi\/tuote\/catfest-lohimoussea-markaruoka-kissanpennuille-12-x-70g\/","og_site_name":"MiuMjau","article_publisher":"https:\/\/www.facebook.com\/miumjaupood\/","article_modified_time":"2026-01-07T20:50:36+00:00","og_image":[{"width":600,"height":800,"url":"https:\/\/miumjau.ee\/wp-content\/uploads\/2025\/04\/catfest-margtoit-kassidele40.webp","type":"image\/webp"}],"twitter_card":"summary_large_image","schema":{"@context":"https:\/\/schema.org","@graph":[{"@type":"WebPage","@id":"https:\/\/miumjau.ee\/fi\/tuote\/catfest-lohimoussea-markaruoka-kissanpennuille-12-x-70g\/","url":"https:\/\/miumjau.ee\/fi\/tuote\/catfest-lohimoussea-markaruoka-kissanpennuille-12-x-70g\/","name":"CatFest lohimoussea, m\u00e4rk\u00e4ruoka kissanpennuille 12 x 70g - MiuMjau","isPartOf":{"@id":"https:\/\/miumjau.ee\/#website"},"primaryImageOfPage":{"@id":"https:\/\/miumjau.ee\/fi\/tuote\/catfest-lohimoussea-markaruoka-kissanpennuille-12-x-70g\/#primaryimage"},"image":{"@id":"https:\/\/miumjau.ee\/fi\/tuote\/catfest-lohimoussea-markaruoka-kissanpennuille-12-x-70g\/#primaryimage"},"thumbnailUrl":"https:\/\/miumjau.ee\/wp-content\/uploads\/2025\/04\/catfest-margtoit-kassidele40.webp","datePublished":"2025-04-22T10:35:28+00:00","dateModified":"2026-01-07T20:50:36+00:00","description":"CatFest-mousse on eritt\u00e4in herkk\u00e4\u00e4 ja herkullista, ja se on suunniteltu erityisesti kissanpennuille. Todellinen herkku ja hemmotteluhetki pienelle lemmikillesi.","breadcrumb":{"@id":"https:\/\/miumjau.ee\/fi\/tuote\/catfest-lohimoussea-markaruoka-kissanpennuille-12-x-70g\/#breadcrumb"},"inLanguage":"fi","potentialAction":[{"@type":"ReadAction","target":["https:\/\/miumjau.ee\/fi\/tuote\/catfest-lohimoussea-markaruoka-kissanpennuille-12-x-70g\/"]}]},{"@type":"ImageObject","inLanguage":"fi","@id":"https:\/\/miumjau.ee\/fi\/tuote\/catfest-lohimoussea-markaruoka-kissanpennuille-12-x-70g\/#primaryimage","url":"https:\/\/miumjau.ee\/wp-content\/uploads\/2025\/04\/catfest-margtoit-kassidele40.webp","contentUrl":"https:\/\/miumjau.ee\/wp-content\/uploads\/2025\/04\/catfest-margtoit-kassidele40.webp","width":600,"height":800,"caption":"Catfest m\u00e4rgtoit kassidele, t\u00f5eline filee ja ehtsad maitsed. Tauriiniga"},{"@type":"BreadcrumbList","@id":"https:\/\/miumjau.ee\/fi\/tuote\/catfest-lohimoussea-markaruoka-kissanpennuille-12-x-70g\/#breadcrumb","itemListElement":[{"@type":"ListItem","position":1,"name":"Home","item":"https:\/\/miumjau.ee\/fi\/"},{"@type":"ListItem","position":2,"name":"Kauppa","item":"https:\/\/miumjau.ee\/fi\/kauppa\/"},{"@type":"ListItem","position":3,"name":"CatFest lohimoussea, m\u00e4rk\u00e4ruoka kissanpennuille 12 x 70g"}]},{"@type":"WebSite","@id":"https:\/\/miumjau.ee\/#website","url":"https:\/\/miumjau.ee\/","name":"MiuMjau","description":"Kraapimispuud kassidele","publisher":{"@id":"https:\/\/miumjau.ee\/#organization"},"potentialAction":[{"@type":"SearchAction","target":{"@type":"EntryPoint","urlTemplate":"https:\/\/miumjau.ee\/?s={search_term_string}"},"query-input":{"@type":"PropertyValueSpecification","valueRequired":true,"valueName":"search_term_string"}}],"inLanguage":"fi"},{"@type":"Organization","@id":"https:\/\/miumjau.ee\/#organization","name":"MiuMjau O\u00dc","url":"https:\/\/miumjau.ee\/","logo":{"@type":"ImageObject","inLanguage":"fi","@id":"https:\/\/miumjau.ee\/#\/schema\/logo\/image\/","url":"https:\/\/miumjau.ee\/wp-content\/uploads\/2022\/04\/MiuMjau-logo-kollane.png","contentUrl":"https:\/\/miumjau.ee\/wp-content\/uploads\/2022\/04\/MiuMjau-logo-kollane.png","width":219,"height":100,"caption":"MiuMjau O\u00dc"},"image":{"@id":"https:\/\/miumjau.ee\/#\/schema\/logo\/image\/"},"sameAs":["https:\/\/www.facebook.com\/miumjaupood\/"]}]}},"_links":{"self":[{"href":"https:\/\/miumjau.ee\/fi\/wp-json\/wp\/v2\/product\/36852","targetHints":{"allow":["GET"]}}],"collection":[{"href":"https:\/\/miumjau.ee\/fi\/wp-json\/wp\/v2\/product"}],"about":[{"href":"https:\/\/miumjau.ee\/fi\/wp-json\/wp\/v2\/types\/product"}],"wp:featuredmedia":[{"embeddable":true,"href":"https:\/\/miumjau.ee\/fi\/wp-json\/wp\/v2\/media\/32817"}],"wp:attachment":[{"href":"https:\/\/miumjau.ee\/fi\/wp-json\/wp\/v2\/media?parent=36852"}],"wp:term":[{"taxonomy":"product_brand","embeddable":true,"href":"https:\/\/miumjau.ee\/fi\/wp-json\/wp\/v2\/product_brand?post=36852"},{"taxonomy":"product_cat","embeddable":true,"href":"https:\/\/miumjau.ee\/fi\/wp-json\/wp\/v2\/product_cat?post=36852"},{"taxonomy":"product_tag","embeddable":true,"href":"https:\/\/miumjau.ee\/fi\/wp-json\/wp\/v2\/product_tag?post=36852"}],"curies":[{"name":"wp","href":"https:\/\/api.w.org\/{rel}","templated":true}]}}