{"id":36849,"date":"2025-04-22T14:55:37","date_gmt":"2025-04-22T11:55:37","guid":{"rendered":"https:\/\/miumjau.ee\/toode\/catfest-ankanmoussea-markaruoka-kissanpennuille-70g\/"},"modified":"2026-01-07T22:50:36","modified_gmt":"2026-01-07T20:50:36","slug":"catfest-ankanmoussea-markaruoka-kissanpennuille-70g","status":"publish","type":"product","link":"https:\/\/miumjau.ee\/fi\/tuote\/catfest-ankanmoussea-markaruoka-kissanpennuille-70g\/","title":{"rendered":"CatFest ankanmoussea, m\u00e4rk\u00e4ruoka kissanpennuille 70g"},"content":{"rendered":"","protected":false},"excerpt":{"rendered":"<p>T\u00e4m\u00e4 erityisesti kissanpennuille suunniteltu ateria sis\u00e4lt\u00e4\u00e4 hy\u00f6dyllisi\u00e4 ainesosia, kuten ankkaa, prebiootteja ja anjoviskala\u00f6ljy\u00e4, jotka auttavat lemmikki\u00e4si kasvamaan terveen\u00e4 ja energisen\u00e4. Luonnolliset ainesosat ja mieto koostumus takaavat tasapainoisen ravinnon ja tukevat kissanpennun oikeaa kehityst\u00e4. Tarjotaan t\u00e4ydennysruokana.<\/p>\n<p>Ainesosat: Ankanliha 58 %, ankkanliemipohja 40 %, anjoviskala\u00f6ljy, E-vitamiini, prebiootit FOS, tauriini, tapioka, sikuriuute, fruktoosi, mineraalit.<\/p>\n<p>Analyyttiset ainesosat: Raakaproteiini 11 %, raakrasva 2 %, raakakuitu 1 %, raakatuhka 1,5 %, kosteus 89 %, energiasis\u00e4lt\u00f6 \u2014 41 kcal.<\/p>\n<p>Edut: T\u00e4m\u00e4 ruoka on runsas ankanproteiinissa, joka edist\u00e4\u00e4 lihasten kehityst\u00e4 ja tukee kissanpennun korkeaa aktiivisuutta. Prebiootti (FOS) tukee terveellist\u00e4 suoliston mikrobistoa, kun taas omega-3-rasvahappoja sis\u00e4lt\u00e4v\u00e4 anjoviskala\u00f6ljy vahvistaa immuunij\u00e4rjestelm\u00e4\u00e4 sek\u00e4 tukee ihon ja turkin terveytt\u00e4. E-vitamiini ja tauriini ovat keskeisess\u00e4 roolissa kissanpennun syd\u00e4men ja n\u00e4\u00f6n terveyden yll\u00e4pidossa.<\/p>\n<p>K\u00e4ytt\u00f6: Suositellaan t\u00e4ydennysruoaksi kissanpennuille. Tarjoa huoneenl\u00e4mp\u00f6isen\u00e4. S\u00e4ilyt\u00e4 viile\u00e4ss\u00e4 ja kuivassa paikassa. Ruoki kissanpentua enint\u00e4\u00e4n 3 pakkauksen verran p\u00e4iv\u00e4ss\u00e4 painosta ja aktiivisuudesta riippuen. Varmista aina raikas juomavesi.<\/p>\n","protected":false},"featured_media":32733,"template":"","meta":[],"product_brand":[],"product_cat":[264],"product_tag":[],"class_list":{"0":"post-36849","1":"product","2":"type-product","3":"status-publish","4":"has-post-thumbnail","6":"product_cat-marka-ruoka","8":"first","9":"instock","10":"taxable","11":"shipping-taxable","12":"purchasable","13":"product-type-simple"},"yoast_head":"<!-- This site is optimized with the Yoast SEO plugin v27.4 - https:\/\/yoast.com\/product\/yoast-seo-wordpress\/ -->\n<title>CatFest ankanmoussea, m\u00e4rk\u00e4ruoka kissanpennuille 70g - MiuMjau<\/title>\n<meta name=\"description\" content=\"CatFest-mousse on eritt\u00e4in herkk\u00e4\u00e4 ja herkullista, ja se on suunniteltu erityisesti kissanpennuille. Todellinen herkku ja hemmotteluhetki pienelle lemmikillesi.\" \/>\n<meta name=\"robots\" content=\"index, follow, max-snippet:-1, max-image-preview:large, max-video-preview:-1\" \/>\n<link rel=\"canonical\" href=\"https:\/\/miumjau.ee\/fi\/tuote\/catfest-ankanmoussea-markaruoka-kissanpennuille-70g\/\" \/>\n<meta property=\"og:locale\" content=\"fi_FI\" \/>\n<meta property=\"og:type\" content=\"article\" \/>\n<meta property=\"og:title\" content=\"CatFest ankanmoussea, m\u00e4rk\u00e4ruoka kissanpennuille 70g - MiuMjau\" \/>\n<meta property=\"og:description\" content=\"CatFest-mousse on eritt\u00e4in herkk\u00e4\u00e4 ja herkullista, ja se on suunniteltu erityisesti kissanpennuille. Todellinen herkku ja hemmotteluhetki pienelle lemmikillesi.\" \/>\n<meta property=\"og:url\" content=\"https:\/\/miumjau.ee\/fi\/tuote\/catfest-ankanmoussea-markaruoka-kissanpennuille-70g\/\" \/>\n<meta property=\"og:site_name\" content=\"MiuMjau\" \/>\n<meta property=\"article:publisher\" content=\"https:\/\/www.facebook.com\/miumjaupood\/\" \/>\n<meta property=\"article:modified_time\" content=\"2026-01-07T20:50:36+00:00\" \/>\n<meta property=\"og:image\" content=\"https:\/\/miumjau.ee\/wp-content\/uploads\/2025\/04\/catfest-margtoit-kassidele19.webp\" \/>\n\t<meta property=\"og:image:width\" content=\"600\" \/>\n\t<meta property=\"og:image:height\" content=\"800\" \/>\n\t<meta property=\"og:image:type\" content=\"image\/webp\" \/>\n<meta name=\"twitter:card\" content=\"summary_large_image\" \/>\n<script type=\"application\/ld+json\" class=\"yoast-schema-graph\">{\"@context\":\"https:\\\/\\\/schema.org\",\"@graph\":[{\"@type\":\"WebPage\",\"@id\":\"https:\\\/\\\/miumjau.ee\\\/fi\\\/tuote\\\/catfest-ankanmoussea-markaruoka-kissanpennuille-70g\\\/\",\"url\":\"https:\\\/\\\/miumjau.ee\\\/fi\\\/tuote\\\/catfest-ankanmoussea-markaruoka-kissanpennuille-70g\\\/\",\"name\":\"CatFest ankanmoussea, m\u00e4rk\u00e4ruoka kissanpennuille 70g - MiuMjau\",\"isPartOf\":{\"@id\":\"https:\\\/\\\/miumjau.ee\\\/#website\"},\"primaryImageOfPage\":{\"@id\":\"https:\\\/\\\/miumjau.ee\\\/fi\\\/tuote\\\/catfest-ankanmoussea-markaruoka-kissanpennuille-70g\\\/#primaryimage\"},\"image\":{\"@id\":\"https:\\\/\\\/miumjau.ee\\\/fi\\\/tuote\\\/catfest-ankanmoussea-markaruoka-kissanpennuille-70g\\\/#primaryimage\"},\"thumbnailUrl\":\"https:\\\/\\\/miumjau.ee\\\/wp-content\\\/uploads\\\/2025\\\/04\\\/catfest-margtoit-kassidele19.webp\",\"datePublished\":\"2025-04-22T11:55:37+00:00\",\"dateModified\":\"2026-01-07T20:50:36+00:00\",\"description\":\"CatFest-mousse on eritt\u00e4in herkk\u00e4\u00e4 ja herkullista, ja se on suunniteltu erityisesti kissanpennuille. Todellinen herkku ja hemmotteluhetki pienelle lemmikillesi.\",\"breadcrumb\":{\"@id\":\"https:\\\/\\\/miumjau.ee\\\/fi\\\/tuote\\\/catfest-ankanmoussea-markaruoka-kissanpennuille-70g\\\/#breadcrumb\"},\"inLanguage\":\"fi\",\"potentialAction\":[{\"@type\":\"ReadAction\",\"target\":[\"https:\\\/\\\/miumjau.ee\\\/fi\\\/tuote\\\/catfest-ankanmoussea-markaruoka-kissanpennuille-70g\\\/\"]}]},{\"@type\":\"ImageObject\",\"inLanguage\":\"fi\",\"@id\":\"https:\\\/\\\/miumjau.ee\\\/fi\\\/tuote\\\/catfest-ankanmoussea-markaruoka-kissanpennuille-70g\\\/#primaryimage\",\"url\":\"https:\\\/\\\/miumjau.ee\\\/wp-content\\\/uploads\\\/2025\\\/04\\\/catfest-margtoit-kassidele19.webp\",\"contentUrl\":\"https:\\\/\\\/miumjau.ee\\\/wp-content\\\/uploads\\\/2025\\\/04\\\/catfest-margtoit-kassidele19.webp\",\"width\":600,\"height\":800,\"caption\":\"Catfest m\u00e4rgtoit kassidele, t\u00f5eline filee ja ehtsad maitsed. Tauriiniga\"},{\"@type\":\"BreadcrumbList\",\"@id\":\"https:\\\/\\\/miumjau.ee\\\/fi\\\/tuote\\\/catfest-ankanmoussea-markaruoka-kissanpennuille-70g\\\/#breadcrumb\",\"itemListElement\":[{\"@type\":\"ListItem\",\"position\":1,\"name\":\"Home\",\"item\":\"https:\\\/\\\/miumjau.ee\\\/fi\\\/\"},{\"@type\":\"ListItem\",\"position\":2,\"name\":\"Kauppa\",\"item\":\"https:\\\/\\\/miumjau.ee\\\/fi\\\/kauppa\\\/\"},{\"@type\":\"ListItem\",\"position\":3,\"name\":\"CatFest ankanmoussea, m\u00e4rk\u00e4ruoka kissanpennuille 70g\"}]},{\"@type\":\"WebSite\",\"@id\":\"https:\\\/\\\/miumjau.ee\\\/#website\",\"url\":\"https:\\\/\\\/miumjau.ee\\\/\",\"name\":\"MiuMjau\",\"description\":\"Kraapimispuud kassidele\",\"publisher\":{\"@id\":\"https:\\\/\\\/miumjau.ee\\\/#organization\"},\"potentialAction\":[{\"@type\":\"SearchAction\",\"target\":{\"@type\":\"EntryPoint\",\"urlTemplate\":\"https:\\\/\\\/miumjau.ee\\\/?s={search_term_string}\"},\"query-input\":{\"@type\":\"PropertyValueSpecification\",\"valueRequired\":true,\"valueName\":\"search_term_string\"}}],\"inLanguage\":\"fi\"},{\"@type\":\"Organization\",\"@id\":\"https:\\\/\\\/miumjau.ee\\\/#organization\",\"name\":\"MiuMjau O\u00dc\",\"url\":\"https:\\\/\\\/miumjau.ee\\\/\",\"logo\":{\"@type\":\"ImageObject\",\"inLanguage\":\"fi\",\"@id\":\"https:\\\/\\\/miumjau.ee\\\/#\\\/schema\\\/logo\\\/image\\\/\",\"url\":\"https:\\\/\\\/miumjau.ee\\\/wp-content\\\/uploads\\\/2022\\\/04\\\/MiuMjau-logo-kollane.png\",\"contentUrl\":\"https:\\\/\\\/miumjau.ee\\\/wp-content\\\/uploads\\\/2022\\\/04\\\/MiuMjau-logo-kollane.png\",\"width\":219,\"height\":100,\"caption\":\"MiuMjau O\u00dc\"},\"image\":{\"@id\":\"https:\\\/\\\/miumjau.ee\\\/#\\\/schema\\\/logo\\\/image\\\/\"},\"sameAs\":[\"https:\\\/\\\/www.facebook.com\\\/miumjaupood\\\/\"]}]}<\/script>\n<!-- \/ Yoast SEO plugin. -->","yoast_head_json":{"title":"CatFest ankanmoussea, m\u00e4rk\u00e4ruoka kissanpennuille 70g - MiuMjau","description":"CatFest-mousse on eritt\u00e4in herkk\u00e4\u00e4 ja herkullista, ja se on suunniteltu erityisesti kissanpennuille. Todellinen herkku ja hemmotteluhetki pienelle lemmikillesi.","robots":{"index":"index","follow":"follow","max-snippet":"max-snippet:-1","max-image-preview":"max-image-preview:large","max-video-preview":"max-video-preview:-1"},"canonical":"https:\/\/miumjau.ee\/fi\/tuote\/catfest-ankanmoussea-markaruoka-kissanpennuille-70g\/","og_locale":"fi_FI","og_type":"article","og_title":"CatFest ankanmoussea, m\u00e4rk\u00e4ruoka kissanpennuille 70g - MiuMjau","og_description":"CatFest-mousse on eritt\u00e4in herkk\u00e4\u00e4 ja herkullista, ja se on suunniteltu erityisesti kissanpennuille. Todellinen herkku ja hemmotteluhetki pienelle lemmikillesi.","og_url":"https:\/\/miumjau.ee\/fi\/tuote\/catfest-ankanmoussea-markaruoka-kissanpennuille-70g\/","og_site_name":"MiuMjau","article_publisher":"https:\/\/www.facebook.com\/miumjaupood\/","article_modified_time":"2026-01-07T20:50:36+00:00","og_image":[{"width":600,"height":800,"url":"https:\/\/miumjau.ee\/wp-content\/uploads\/2025\/04\/catfest-margtoit-kassidele19.webp","type":"image\/webp"}],"twitter_card":"summary_large_image","schema":{"@context":"https:\/\/schema.org","@graph":[{"@type":"WebPage","@id":"https:\/\/miumjau.ee\/fi\/tuote\/catfest-ankanmoussea-markaruoka-kissanpennuille-70g\/","url":"https:\/\/miumjau.ee\/fi\/tuote\/catfest-ankanmoussea-markaruoka-kissanpennuille-70g\/","name":"CatFest ankanmoussea, m\u00e4rk\u00e4ruoka kissanpennuille 70g - MiuMjau","isPartOf":{"@id":"https:\/\/miumjau.ee\/#website"},"primaryImageOfPage":{"@id":"https:\/\/miumjau.ee\/fi\/tuote\/catfest-ankanmoussea-markaruoka-kissanpennuille-70g\/#primaryimage"},"image":{"@id":"https:\/\/miumjau.ee\/fi\/tuote\/catfest-ankanmoussea-markaruoka-kissanpennuille-70g\/#primaryimage"},"thumbnailUrl":"https:\/\/miumjau.ee\/wp-content\/uploads\/2025\/04\/catfest-margtoit-kassidele19.webp","datePublished":"2025-04-22T11:55:37+00:00","dateModified":"2026-01-07T20:50:36+00:00","description":"CatFest-mousse on eritt\u00e4in herkk\u00e4\u00e4 ja herkullista, ja se on suunniteltu erityisesti kissanpennuille. Todellinen herkku ja hemmotteluhetki pienelle lemmikillesi.","breadcrumb":{"@id":"https:\/\/miumjau.ee\/fi\/tuote\/catfest-ankanmoussea-markaruoka-kissanpennuille-70g\/#breadcrumb"},"inLanguage":"fi","potentialAction":[{"@type":"ReadAction","target":["https:\/\/miumjau.ee\/fi\/tuote\/catfest-ankanmoussea-markaruoka-kissanpennuille-70g\/"]}]},{"@type":"ImageObject","inLanguage":"fi","@id":"https:\/\/miumjau.ee\/fi\/tuote\/catfest-ankanmoussea-markaruoka-kissanpennuille-70g\/#primaryimage","url":"https:\/\/miumjau.ee\/wp-content\/uploads\/2025\/04\/catfest-margtoit-kassidele19.webp","contentUrl":"https:\/\/miumjau.ee\/wp-content\/uploads\/2025\/04\/catfest-margtoit-kassidele19.webp","width":600,"height":800,"caption":"Catfest m\u00e4rgtoit kassidele, t\u00f5eline filee ja ehtsad maitsed. Tauriiniga"},{"@type":"BreadcrumbList","@id":"https:\/\/miumjau.ee\/fi\/tuote\/catfest-ankanmoussea-markaruoka-kissanpennuille-70g\/#breadcrumb","itemListElement":[{"@type":"ListItem","position":1,"name":"Home","item":"https:\/\/miumjau.ee\/fi\/"},{"@type":"ListItem","position":2,"name":"Kauppa","item":"https:\/\/miumjau.ee\/fi\/kauppa\/"},{"@type":"ListItem","position":3,"name":"CatFest ankanmoussea, m\u00e4rk\u00e4ruoka kissanpennuille 70g"}]},{"@type":"WebSite","@id":"https:\/\/miumjau.ee\/#website","url":"https:\/\/miumjau.ee\/","name":"MiuMjau","description":"Kraapimispuud kassidele","publisher":{"@id":"https:\/\/miumjau.ee\/#organization"},"potentialAction":[{"@type":"SearchAction","target":{"@type":"EntryPoint","urlTemplate":"https:\/\/miumjau.ee\/?s={search_term_string}"},"query-input":{"@type":"PropertyValueSpecification","valueRequired":true,"valueName":"search_term_string"}}],"inLanguage":"fi"},{"@type":"Organization","@id":"https:\/\/miumjau.ee\/#organization","name":"MiuMjau O\u00dc","url":"https:\/\/miumjau.ee\/","logo":{"@type":"ImageObject","inLanguage":"fi","@id":"https:\/\/miumjau.ee\/#\/schema\/logo\/image\/","url":"https:\/\/miumjau.ee\/wp-content\/uploads\/2022\/04\/MiuMjau-logo-kollane.png","contentUrl":"https:\/\/miumjau.ee\/wp-content\/uploads\/2022\/04\/MiuMjau-logo-kollane.png","width":219,"height":100,"caption":"MiuMjau O\u00dc"},"image":{"@id":"https:\/\/miumjau.ee\/#\/schema\/logo\/image\/"},"sameAs":["https:\/\/www.facebook.com\/miumjaupood\/"]}]}},"_links":{"self":[{"href":"https:\/\/miumjau.ee\/fi\/wp-json\/wp\/v2\/product\/36849","targetHints":{"allow":["GET"]}}],"collection":[{"href":"https:\/\/miumjau.ee\/fi\/wp-json\/wp\/v2\/product"}],"about":[{"href":"https:\/\/miumjau.ee\/fi\/wp-json\/wp\/v2\/types\/product"}],"wp:featuredmedia":[{"embeddable":true,"href":"https:\/\/miumjau.ee\/fi\/wp-json\/wp\/v2\/media\/32733"}],"wp:attachment":[{"href":"https:\/\/miumjau.ee\/fi\/wp-json\/wp\/v2\/media?parent=36849"}],"wp:term":[{"taxonomy":"product_brand","embeddable":true,"href":"https:\/\/miumjau.ee\/fi\/wp-json\/wp\/v2\/product_brand?post=36849"},{"taxonomy":"product_cat","embeddable":true,"href":"https:\/\/miumjau.ee\/fi\/wp-json\/wp\/v2\/product_cat?post=36849"},{"taxonomy":"product_tag","embeddable":true,"href":"https:\/\/miumjau.ee\/fi\/wp-json\/wp\/v2\/product_tag?post=36849"}],"curies":[{"name":"wp","href":"https:\/\/api.w.org\/{rel}","templated":true}]}}