{"id":36845,"date":"2025-04-22T14:55:41","date_gmt":"2025-04-22T11:55:41","guid":{"rendered":"https:\/\/miumjau.ee\/toode\/catfest-tonnikalamousse-markaruoka-kissanpennuille-70g\/"},"modified":"2026-01-07T22:50:43","modified_gmt":"2026-01-07T20:50:43","slug":"catfest-tonnikalamousse-markaruoka-kissanpennuille-70g","status":"publish","type":"product","link":"https:\/\/miumjau.ee\/fi\/tuote\/catfest-tonnikalamousse-markaruoka-kissanpennuille-70g\/","title":{"rendered":"CatFest tonnikalamousse, m\u00e4rk\u00e4ruoka kissanpennuille 70g"},"content":{"rendered":"","protected":false},"excerpt":{"rendered":"<article class=\"text-token-text-primary w-full\" dir=\"auto\" data-testid=\"conversation-turn-110\" data-scroll-anchor=\"true\">\n<div class=\"text-base my-auto mx-auto py-5 [--thread-content-margin:--spacing(4)] @[37rem]:[--thread-content-margin:--spacing(6)] @[72rem]:[--thread-content-margin:--spacing(16)] px-(--thread-content-margin)\">\n<div class=\"[--thread-content-max-width:32rem] @[34rem]:[--thread-content-max-width:40rem] @[64rem]:[--thread-content-max-width:48rem] mx-auto flex max-w-(--thread-content-max-width) flex-1 text-base gap-4 md:gap-5 lg:gap-6 group\/turn-messages focus-visible:outline-hidden\" tabindex=\"-1\">\n<div class=\"group\/conversation-turn relative flex w-full min-w-0 flex-col agent-turn\">\n<div class=\"relative flex-col gap-1 md:gap-3\">\n<div class=\"flex max-w-full flex-col grow\">\n<div class=\"min-h-8 text-message relative flex w-full flex-col items-end gap-2 text-start break-words whitespace-normal [.text-message+&amp;]:mt-5\" dir=\"auto\" data-message-author-role=\"assistant\" data-message-id=\"5729fa6c-93a4-47ee-93cc-fe7f33f08994\" data-message-model-slug=\"gpt-4-1-mini\">\n<div class=\"flex w-full flex-col gap-1 empty:hidden first:pt-[3px]\">\n<div class=\"markdown prose dark:prose-invert w-full break-words light\">\n<p data-start=\"0\" data-end=\"312\">Runsas tonnikalapasteija sopii erinomaisesti kissanpennuille niiden aktiivisen kasvun ja kehitysvaiheen aikana. T\u00e4m\u00e4 luonnollinen ruoka tarjoaa lemmikillesi omega-3-rasvahappoja, proteiineja, vitamiineja ja mineraaleja, jotka ovat v\u00e4ltt\u00e4m\u00e4tt\u00f6mi\u00e4 terveyden ja energian yll\u00e4pit\u00e4miseksi. Tarjotaan t\u00e4ydennysruokana.<\/p>\n<p data-start=\"314\" data-end=\"457\">Ainesosat: Tonnikala 58 %, kalaliemi 39,9 %, anjovikalo\u00f6ljy, prebiootit FOS, E-vitamiini, tauriini, tapioka, sikuriuute, fruktoosi, mineraalit.<\/p>\n<p data-start=\"459\" data-end=\"598\">Analyyttiset ainesosat: Raakaproteiini 10 %, raakrasva 0,8 %, raakakuitu 1 %, raakatuhkka 1,5 %, kosteus 89 %, energiasis\u00e4lt\u00f6 \u2014 41,96 kcal.<\/p>\n<p data-start=\"600\" data-end=\"944\">Edut: T\u00e4m\u00e4 pasteija on erityisesti kehitetty kissanpennuille tarjoten kaiken tarvittavan kasvuun ja kehitykseen. Omega-3-rasvahapot tukevat ihon ja turkin terveytt\u00e4, proteiinit auttavat lihasmassan yll\u00e4pidossa ja tauriini edist\u00e4\u00e4 n\u00e4\u00f6n ja syd\u00e4men toimintaa. E-vitamiini vahvistaa immuunij\u00e4rjestelm\u00e4\u00e4, kun taas sikuriuute parantaa ruoansulatusta.<\/p>\n<p data-start=\"946\" data-end=\"1306\" data-is-last-node=\"\" data-is-only-node=\"\">K\u00e4ytt\u00f6: Ihanteellinen p\u00e4ivitt\u00e4iseksi luonnolliseksi t\u00e4ydennysruoaksi kaikille kissanpennuille rotuun katsomatta. Tarjoa ruoka huoneenl\u00e4mp\u00f6isen\u00e4 maun korostamiseksi. S\u00e4ilyt\u00e4 viile\u00e4ss\u00e4 ja kuivassa paikassa. Suositeltu annos on 2\u20133 pakkausta p\u00e4iv\u00e4ss\u00e4 kissanpennun i\u00e4st\u00e4 ja aktiivisuudesta riippuen. Varmista, ett\u00e4 kissanpennulla on aina saatavilla raikasta vett\u00e4.<\/p>\n<\/div>\n<\/div>\n<\/div>\n<\/div>\n<\/div>\n<\/div>\n<\/div>\n<\/div>\n<\/article>\n","protected":false},"featured_media":32729,"template":"","meta":[],"product_brand":[],"product_cat":[264],"product_tag":[],"class_list":{"0":"post-36845","1":"product","2":"type-product","3":"status-publish","4":"has-post-thumbnail","6":"product_cat-marka-ruoka","8":"first","9":"instock","10":"taxable","11":"shipping-taxable","12":"purchasable","13":"product-type-simple"},"yoast_head":"<!-- This site is optimized with the Yoast SEO plugin v27.4 - https:\/\/yoast.com\/product\/yoast-seo-wordpress\/ -->\n<title>CatFest tonnikalamousse, m\u00e4rk\u00e4ruoka kissanpennuille 70g - MiuMjau<\/title>\n<meta name=\"description\" content=\"CatFest-mousse on eritt\u00e4in herkk\u00e4\u00e4 ja herkullista, ja se on suunniteltu erityisesti kissanpennuille. Todellinen herkku ja hemmotteluhetki pienelle lemmikillesi.\" \/>\n<meta name=\"robots\" content=\"index, follow, max-snippet:-1, max-image-preview:large, max-video-preview:-1\" \/>\n<link rel=\"canonical\" href=\"https:\/\/miumjau.ee\/fi\/tuote\/catfest-tonnikalamousse-markaruoka-kissanpennuille-70g\/\" \/>\n<meta property=\"og:locale\" content=\"fi_FI\" \/>\n<meta property=\"og:type\" content=\"article\" \/>\n<meta property=\"og:title\" content=\"CatFest tonnikalamousse, m\u00e4rk\u00e4ruoka kissanpennuille 70g - MiuMjau\" \/>\n<meta property=\"og:description\" content=\"CatFest-mousse on eritt\u00e4in herkk\u00e4\u00e4 ja herkullista, ja se on suunniteltu erityisesti kissanpennuille. Todellinen herkku ja hemmotteluhetki pienelle lemmikillesi.\" \/>\n<meta property=\"og:url\" content=\"https:\/\/miumjau.ee\/fi\/tuote\/catfest-tonnikalamousse-markaruoka-kissanpennuille-70g\/\" \/>\n<meta property=\"og:site_name\" content=\"MiuMjau\" \/>\n<meta property=\"article:publisher\" content=\"https:\/\/www.facebook.com\/miumjaupood\/\" \/>\n<meta property=\"article:modified_time\" content=\"2026-01-07T20:50:43+00:00\" \/>\n<meta property=\"og:image\" content=\"https:\/\/miumjau.ee\/wp-content\/uploads\/2025\/04\/catfest-margtoit-kassidele18.webp\" \/>\n\t<meta property=\"og:image:width\" content=\"600\" \/>\n\t<meta property=\"og:image:height\" content=\"800\" \/>\n\t<meta property=\"og:image:type\" content=\"image\/webp\" \/>\n<meta name=\"twitter:card\" content=\"summary_large_image\" \/>\n<script type=\"application\/ld+json\" class=\"yoast-schema-graph\">{\"@context\":\"https:\\\/\\\/schema.org\",\"@graph\":[{\"@type\":\"WebPage\",\"@id\":\"https:\\\/\\\/miumjau.ee\\\/fi\\\/tuote\\\/catfest-tonnikalamousse-markaruoka-kissanpennuille-70g\\\/\",\"url\":\"https:\\\/\\\/miumjau.ee\\\/fi\\\/tuote\\\/catfest-tonnikalamousse-markaruoka-kissanpennuille-70g\\\/\",\"name\":\"CatFest tonnikalamousse, m\u00e4rk\u00e4ruoka kissanpennuille 70g - MiuMjau\",\"isPartOf\":{\"@id\":\"https:\\\/\\\/miumjau.ee\\\/#website\"},\"primaryImageOfPage\":{\"@id\":\"https:\\\/\\\/miumjau.ee\\\/fi\\\/tuote\\\/catfest-tonnikalamousse-markaruoka-kissanpennuille-70g\\\/#primaryimage\"},\"image\":{\"@id\":\"https:\\\/\\\/miumjau.ee\\\/fi\\\/tuote\\\/catfest-tonnikalamousse-markaruoka-kissanpennuille-70g\\\/#primaryimage\"},\"thumbnailUrl\":\"https:\\\/\\\/miumjau.ee\\\/wp-content\\\/uploads\\\/2025\\\/04\\\/catfest-margtoit-kassidele18.webp\",\"datePublished\":\"2025-04-22T11:55:41+00:00\",\"dateModified\":\"2026-01-07T20:50:43+00:00\",\"description\":\"CatFest-mousse on eritt\u00e4in herkk\u00e4\u00e4 ja herkullista, ja se on suunniteltu erityisesti kissanpennuille. Todellinen herkku ja hemmotteluhetki pienelle lemmikillesi.\",\"breadcrumb\":{\"@id\":\"https:\\\/\\\/miumjau.ee\\\/fi\\\/tuote\\\/catfest-tonnikalamousse-markaruoka-kissanpennuille-70g\\\/#breadcrumb\"},\"inLanguage\":\"fi\",\"potentialAction\":[{\"@type\":\"ReadAction\",\"target\":[\"https:\\\/\\\/miumjau.ee\\\/fi\\\/tuote\\\/catfest-tonnikalamousse-markaruoka-kissanpennuille-70g\\\/\"]}]},{\"@type\":\"ImageObject\",\"inLanguage\":\"fi\",\"@id\":\"https:\\\/\\\/miumjau.ee\\\/fi\\\/tuote\\\/catfest-tonnikalamousse-markaruoka-kissanpennuille-70g\\\/#primaryimage\",\"url\":\"https:\\\/\\\/miumjau.ee\\\/wp-content\\\/uploads\\\/2025\\\/04\\\/catfest-margtoit-kassidele18.webp\",\"contentUrl\":\"https:\\\/\\\/miumjau.ee\\\/wp-content\\\/uploads\\\/2025\\\/04\\\/catfest-margtoit-kassidele18.webp\",\"width\":600,\"height\":800,\"caption\":\"Catfest m\u00e4rgtoit kassidele, t\u00f5eline filee ja ehtsad maitsed. Tauriiniga\"},{\"@type\":\"BreadcrumbList\",\"@id\":\"https:\\\/\\\/miumjau.ee\\\/fi\\\/tuote\\\/catfest-tonnikalamousse-markaruoka-kissanpennuille-70g\\\/#breadcrumb\",\"itemListElement\":[{\"@type\":\"ListItem\",\"position\":1,\"name\":\"Home\",\"item\":\"https:\\\/\\\/miumjau.ee\\\/fi\\\/\"},{\"@type\":\"ListItem\",\"position\":2,\"name\":\"Kauppa\",\"item\":\"https:\\\/\\\/miumjau.ee\\\/fi\\\/kauppa\\\/\"},{\"@type\":\"ListItem\",\"position\":3,\"name\":\"CatFest tonnikalamousse, m\u00e4rk\u00e4ruoka kissanpennuille 70g\"}]},{\"@type\":\"WebSite\",\"@id\":\"https:\\\/\\\/miumjau.ee\\\/#website\",\"url\":\"https:\\\/\\\/miumjau.ee\\\/\",\"name\":\"MiuMjau\",\"description\":\"Kraapimispuud kassidele\",\"publisher\":{\"@id\":\"https:\\\/\\\/miumjau.ee\\\/#organization\"},\"potentialAction\":[{\"@type\":\"SearchAction\",\"target\":{\"@type\":\"EntryPoint\",\"urlTemplate\":\"https:\\\/\\\/miumjau.ee\\\/?s={search_term_string}\"},\"query-input\":{\"@type\":\"PropertyValueSpecification\",\"valueRequired\":true,\"valueName\":\"search_term_string\"}}],\"inLanguage\":\"fi\"},{\"@type\":\"Organization\",\"@id\":\"https:\\\/\\\/miumjau.ee\\\/#organization\",\"name\":\"MiuMjau O\u00dc\",\"url\":\"https:\\\/\\\/miumjau.ee\\\/\",\"logo\":{\"@type\":\"ImageObject\",\"inLanguage\":\"fi\",\"@id\":\"https:\\\/\\\/miumjau.ee\\\/#\\\/schema\\\/logo\\\/image\\\/\",\"url\":\"https:\\\/\\\/miumjau.ee\\\/wp-content\\\/uploads\\\/2022\\\/04\\\/MiuMjau-logo-kollane.png\",\"contentUrl\":\"https:\\\/\\\/miumjau.ee\\\/wp-content\\\/uploads\\\/2022\\\/04\\\/MiuMjau-logo-kollane.png\",\"width\":219,\"height\":100,\"caption\":\"MiuMjau O\u00dc\"},\"image\":{\"@id\":\"https:\\\/\\\/miumjau.ee\\\/#\\\/schema\\\/logo\\\/image\\\/\"},\"sameAs\":[\"https:\\\/\\\/www.facebook.com\\\/miumjaupood\\\/\"]}]}<\/script>\n<!-- \/ Yoast SEO plugin. -->","yoast_head_json":{"title":"CatFest tonnikalamousse, m\u00e4rk\u00e4ruoka kissanpennuille 70g - MiuMjau","description":"CatFest-mousse on eritt\u00e4in herkk\u00e4\u00e4 ja herkullista, ja se on suunniteltu erityisesti kissanpennuille. Todellinen herkku ja hemmotteluhetki pienelle lemmikillesi.","robots":{"index":"index","follow":"follow","max-snippet":"max-snippet:-1","max-image-preview":"max-image-preview:large","max-video-preview":"max-video-preview:-1"},"canonical":"https:\/\/miumjau.ee\/fi\/tuote\/catfest-tonnikalamousse-markaruoka-kissanpennuille-70g\/","og_locale":"fi_FI","og_type":"article","og_title":"CatFest tonnikalamousse, m\u00e4rk\u00e4ruoka kissanpennuille 70g - MiuMjau","og_description":"CatFest-mousse on eritt\u00e4in herkk\u00e4\u00e4 ja herkullista, ja se on suunniteltu erityisesti kissanpennuille. Todellinen herkku ja hemmotteluhetki pienelle lemmikillesi.","og_url":"https:\/\/miumjau.ee\/fi\/tuote\/catfest-tonnikalamousse-markaruoka-kissanpennuille-70g\/","og_site_name":"MiuMjau","article_publisher":"https:\/\/www.facebook.com\/miumjaupood\/","article_modified_time":"2026-01-07T20:50:43+00:00","og_image":[{"width":600,"height":800,"url":"https:\/\/miumjau.ee\/wp-content\/uploads\/2025\/04\/catfest-margtoit-kassidele18.webp","type":"image\/webp"}],"twitter_card":"summary_large_image","schema":{"@context":"https:\/\/schema.org","@graph":[{"@type":"WebPage","@id":"https:\/\/miumjau.ee\/fi\/tuote\/catfest-tonnikalamousse-markaruoka-kissanpennuille-70g\/","url":"https:\/\/miumjau.ee\/fi\/tuote\/catfest-tonnikalamousse-markaruoka-kissanpennuille-70g\/","name":"CatFest tonnikalamousse, m\u00e4rk\u00e4ruoka kissanpennuille 70g - MiuMjau","isPartOf":{"@id":"https:\/\/miumjau.ee\/#website"},"primaryImageOfPage":{"@id":"https:\/\/miumjau.ee\/fi\/tuote\/catfest-tonnikalamousse-markaruoka-kissanpennuille-70g\/#primaryimage"},"image":{"@id":"https:\/\/miumjau.ee\/fi\/tuote\/catfest-tonnikalamousse-markaruoka-kissanpennuille-70g\/#primaryimage"},"thumbnailUrl":"https:\/\/miumjau.ee\/wp-content\/uploads\/2025\/04\/catfest-margtoit-kassidele18.webp","datePublished":"2025-04-22T11:55:41+00:00","dateModified":"2026-01-07T20:50:43+00:00","description":"CatFest-mousse on eritt\u00e4in herkk\u00e4\u00e4 ja herkullista, ja se on suunniteltu erityisesti kissanpennuille. Todellinen herkku ja hemmotteluhetki pienelle lemmikillesi.","breadcrumb":{"@id":"https:\/\/miumjau.ee\/fi\/tuote\/catfest-tonnikalamousse-markaruoka-kissanpennuille-70g\/#breadcrumb"},"inLanguage":"fi","potentialAction":[{"@type":"ReadAction","target":["https:\/\/miumjau.ee\/fi\/tuote\/catfest-tonnikalamousse-markaruoka-kissanpennuille-70g\/"]}]},{"@type":"ImageObject","inLanguage":"fi","@id":"https:\/\/miumjau.ee\/fi\/tuote\/catfest-tonnikalamousse-markaruoka-kissanpennuille-70g\/#primaryimage","url":"https:\/\/miumjau.ee\/wp-content\/uploads\/2025\/04\/catfest-margtoit-kassidele18.webp","contentUrl":"https:\/\/miumjau.ee\/wp-content\/uploads\/2025\/04\/catfest-margtoit-kassidele18.webp","width":600,"height":800,"caption":"Catfest m\u00e4rgtoit kassidele, t\u00f5eline filee ja ehtsad maitsed. Tauriiniga"},{"@type":"BreadcrumbList","@id":"https:\/\/miumjau.ee\/fi\/tuote\/catfest-tonnikalamousse-markaruoka-kissanpennuille-70g\/#breadcrumb","itemListElement":[{"@type":"ListItem","position":1,"name":"Home","item":"https:\/\/miumjau.ee\/fi\/"},{"@type":"ListItem","position":2,"name":"Kauppa","item":"https:\/\/miumjau.ee\/fi\/kauppa\/"},{"@type":"ListItem","position":3,"name":"CatFest tonnikalamousse, m\u00e4rk\u00e4ruoka kissanpennuille 70g"}]},{"@type":"WebSite","@id":"https:\/\/miumjau.ee\/#website","url":"https:\/\/miumjau.ee\/","name":"MiuMjau","description":"Kraapimispuud kassidele","publisher":{"@id":"https:\/\/miumjau.ee\/#organization"},"potentialAction":[{"@type":"SearchAction","target":{"@type":"EntryPoint","urlTemplate":"https:\/\/miumjau.ee\/?s={search_term_string}"},"query-input":{"@type":"PropertyValueSpecification","valueRequired":true,"valueName":"search_term_string"}}],"inLanguage":"fi"},{"@type":"Organization","@id":"https:\/\/miumjau.ee\/#organization","name":"MiuMjau O\u00dc","url":"https:\/\/miumjau.ee\/","logo":{"@type":"ImageObject","inLanguage":"fi","@id":"https:\/\/miumjau.ee\/#\/schema\/logo\/image\/","url":"https:\/\/miumjau.ee\/wp-content\/uploads\/2022\/04\/MiuMjau-logo-kollane.png","contentUrl":"https:\/\/miumjau.ee\/wp-content\/uploads\/2022\/04\/MiuMjau-logo-kollane.png","width":219,"height":100,"caption":"MiuMjau O\u00dc"},"image":{"@id":"https:\/\/miumjau.ee\/#\/schema\/logo\/image\/"},"sameAs":["https:\/\/www.facebook.com\/miumjaupood\/"]}]}},"_links":{"self":[{"href":"https:\/\/miumjau.ee\/fi\/wp-json\/wp\/v2\/product\/36845","targetHints":{"allow":["GET"]}}],"collection":[{"href":"https:\/\/miumjau.ee\/fi\/wp-json\/wp\/v2\/product"}],"about":[{"href":"https:\/\/miumjau.ee\/fi\/wp-json\/wp\/v2\/types\/product"}],"wp:featuredmedia":[{"embeddable":true,"href":"https:\/\/miumjau.ee\/fi\/wp-json\/wp\/v2\/media\/32729"}],"wp:attachment":[{"href":"https:\/\/miumjau.ee\/fi\/wp-json\/wp\/v2\/media?parent=36845"}],"wp:term":[{"taxonomy":"product_brand","embeddable":true,"href":"https:\/\/miumjau.ee\/fi\/wp-json\/wp\/v2\/product_brand?post=36845"},{"taxonomy":"product_cat","embeddable":true,"href":"https:\/\/miumjau.ee\/fi\/wp-json\/wp\/v2\/product_cat?post=36845"},{"taxonomy":"product_tag","embeddable":true,"href":"https:\/\/miumjau.ee\/fi\/wp-json\/wp\/v2\/product_tag?post=36845"}],"curies":[{"name":"wp","href":"https:\/\/api.w.org\/{rel}","templated":true}]}}