{"id":36839,"date":"2025-04-22T16:05:41","date_gmt":"2025-04-22T13:05:41","guid":{"rendered":"https:\/\/miumjau.ee\/toode\/catfest-annospussi-tonnikalalla-hyytelossa-markaruoka-kissoille-70-g\/"},"modified":"2026-01-07T22:50:43","modified_gmt":"2026-01-07T20:50:43","slug":"catfest-annospussi-tonnikalalla-hyytelossa-markaruoka-kissoille-70-g","status":"publish","type":"product","link":"https:\/\/miumjau.ee\/fi\/tuote\/catfest-annospussi-tonnikalalla-hyytelossa-markaruoka-kissoille-70-g\/","title":{"rendered":"CatFest annospussi tonnikalalla hyytel\u00f6ss\u00e4, m\u00e4rk\u00e4ruoka kissoille 70 g"},"content":{"rendered":"","protected":false},"excerpt":{"rendered":"<p>Villin\u00e4 tonnikala hyytel\u00f6ss\u00e4 \u2014 aito luonnollinen herkku kissallesi! H\u00f6yrytetty mieto tonnikalafile s\u00e4ilytt\u00e4\u00e4 kaikki vitamiinit ja mineraalit, jotka ovat v\u00e4ltt\u00e4m\u00e4tt\u00f6mi\u00e4 lemmikkisi terveyden yll\u00e4pit\u00e4miseen. Reseptimme on rikastettu tauriinilla, joka tukee kissasi syd\u00e4men ja n\u00e4\u00f6n terveytt\u00e4. Tarjotaan lis\u00e4ravintona.<\/p>\n<p>Ainesosat: tonnikala 58 %, kalaliemi 40 %, anjoviksi\u00f6ljy, prebiootit FOS, E-vitamiini, tauriini, sikuriuute, mineraalit.<\/p>\n<p>Analysoidut ainesosat: raakaproteiini 10 %, raakrasva 0,8 %, raakakuitu 1 %, raakatuha 1,5 %, kosteus 89 %, energiasis\u00e4lt\u00f6 46,7 kcal.<\/p>\n<p>Edut: Ei sis\u00e4ll\u00e4 v\u00e4riaineita, s\u00e4il\u00f6nt\u00e4aineita eik\u00e4 makuaineita. Ei sis\u00e4ll\u00e4 viljaa, maissia, soijaa, gluteenia, sivutuotteita tai GMO-tuotteita. Tauriinin my\u00f6nteinen vaikutus n\u00e4kyy syd\u00e4men, n\u00e4\u00f6n, kuuloelinten ja immuunij\u00e4rjestelm\u00e4n tukemisessa. Anjoviksesta per\u00e4isin olevat Omega-3- ja Omega-6-rasvahapot edist\u00e4v\u00e4t kauniin ja terveen turkin kasvua sek\u00e4 vahvistavat niveli\u00e4 ja hampaita. Sikuri v\u00e4hent\u00e4\u00e4 kissan ulosteen hajua, auttaen pit\u00e4m\u00e4\u00e4n hiekkalaatikon ymp\u00e4rist\u00f6n raikkaana.<\/p>\n<p>K\u00e4ytt\u00f6: Sopii lis\u00e4luonnolliseksi ruuaksi kaikille aikuisille koti-kissoille, mukaan lukien steriloidut ja kastroituut kissat sek\u00e4 allergisille ja ruoansulatusongelmista k\u00e4rsiville kissoille. Tarjoillaan huoneenl\u00e4mp\u00f6isen\u00e4. S\u00e4ilytet\u00e4\u00e4n viile\u00e4ss\u00e4 ja kuivassa paikassa. Annetaan enint\u00e4\u00e4n 3 pussia p\u00e4iv\u00e4ss\u00e4. Lemmikill\u00e4 on aina oltava saatavilla raikasta vett\u00e4.<\/p>\n","protected":false},"featured_media":32821,"template":"","meta":[],"product_brand":[],"product_cat":[264],"product_tag":[],"class_list":{"0":"post-36839","1":"product","2":"type-product","3":"status-publish","4":"has-post-thumbnail","6":"product_cat-marka-ruoka","8":"first","9":"instock","10":"taxable","11":"shipping-taxable","12":"purchasable","13":"product-type-simple"},"yoast_head":"<!-- This site is optimized with the Yoast SEO plugin v27.4 - https:\/\/yoast.com\/product\/yoast-seo-wordpress\/ -->\n<title>CatFest annospussi tonnikalalla hyytel\u00f6ss\u00e4, m\u00e4rk\u00e4ruoka kissoille 70 g - MiuMjau<\/title>\n<meta name=\"description\" content=\"CatFest symboloi aitoa luonnonmukaista ruokaa. Fileen paloja herkullisessa mehukkaassa hyytel\u00f6ss\u00e4. Kissasi ei yksinkertaisesti voi vastustaa!\" \/>\n<meta name=\"robots\" content=\"index, follow, max-snippet:-1, max-image-preview:large, max-video-preview:-1\" \/>\n<link rel=\"canonical\" href=\"https:\/\/miumjau.ee\/fi\/tuote\/catfest-annospussi-tonnikalalla-hyytelossa-markaruoka-kissoille-70-g\/\" \/>\n<meta property=\"og:locale\" content=\"fi_FI\" \/>\n<meta property=\"og:type\" content=\"article\" \/>\n<meta property=\"og:title\" content=\"CatFest annospussi tonnikalalla hyytel\u00f6ss\u00e4, m\u00e4rk\u00e4ruoka kissoille 70 g - MiuMjau\" \/>\n<meta property=\"og:description\" content=\"CatFest symboloi aitoa luonnonmukaista ruokaa. Fileen paloja herkullisessa mehukkaassa hyytel\u00f6ss\u00e4. Kissasi ei yksinkertaisesti voi vastustaa!\" \/>\n<meta property=\"og:url\" content=\"https:\/\/miumjau.ee\/fi\/tuote\/catfest-annospussi-tonnikalalla-hyytelossa-markaruoka-kissoille-70-g\/\" \/>\n<meta property=\"og:site_name\" content=\"MiuMjau\" \/>\n<meta property=\"article:publisher\" content=\"https:\/\/www.facebook.com\/miumjaupood\/\" \/>\n<meta property=\"article:modified_time\" content=\"2026-01-07T20:50:43+00:00\" \/>\n<meta property=\"og:image\" content=\"https:\/\/miumjau.ee\/wp-content\/uploads\/2025\/04\/catfest-margtoit-kassidele41.webp\" \/>\n\t<meta property=\"og:image:width\" content=\"600\" \/>\n\t<meta property=\"og:image:height\" content=\"800\" \/>\n\t<meta property=\"og:image:type\" content=\"image\/webp\" \/>\n<meta name=\"twitter:card\" content=\"summary_large_image\" \/>\n<script type=\"application\/ld+json\" class=\"yoast-schema-graph\">{\"@context\":\"https:\\\/\\\/schema.org\",\"@graph\":[{\"@type\":\"WebPage\",\"@id\":\"https:\\\/\\\/miumjau.ee\\\/fi\\\/tuote\\\/catfest-annospussi-tonnikalalla-hyytelossa-markaruoka-kissoille-70-g\\\/\",\"url\":\"https:\\\/\\\/miumjau.ee\\\/fi\\\/tuote\\\/catfest-annospussi-tonnikalalla-hyytelossa-markaruoka-kissoille-70-g\\\/\",\"name\":\"CatFest annospussi tonnikalalla hyytel\u00f6ss\u00e4, m\u00e4rk\u00e4ruoka kissoille 70 g - MiuMjau\",\"isPartOf\":{\"@id\":\"https:\\\/\\\/miumjau.ee\\\/#website\"},\"primaryImageOfPage\":{\"@id\":\"https:\\\/\\\/miumjau.ee\\\/fi\\\/tuote\\\/catfest-annospussi-tonnikalalla-hyytelossa-markaruoka-kissoille-70-g\\\/#primaryimage\"},\"image\":{\"@id\":\"https:\\\/\\\/miumjau.ee\\\/fi\\\/tuote\\\/catfest-annospussi-tonnikalalla-hyytelossa-markaruoka-kissoille-70-g\\\/#primaryimage\"},\"thumbnailUrl\":\"https:\\\/\\\/miumjau.ee\\\/wp-content\\\/uploads\\\/2025\\\/04\\\/catfest-margtoit-kassidele41.webp\",\"datePublished\":\"2025-04-22T13:05:41+00:00\",\"dateModified\":\"2026-01-07T20:50:43+00:00\",\"description\":\"CatFest symboloi aitoa luonnonmukaista ruokaa. Fileen paloja herkullisessa mehukkaassa hyytel\u00f6ss\u00e4. Kissasi ei yksinkertaisesti voi vastustaa!\",\"breadcrumb\":{\"@id\":\"https:\\\/\\\/miumjau.ee\\\/fi\\\/tuote\\\/catfest-annospussi-tonnikalalla-hyytelossa-markaruoka-kissoille-70-g\\\/#breadcrumb\"},\"inLanguage\":\"fi\",\"potentialAction\":[{\"@type\":\"ReadAction\",\"target\":[\"https:\\\/\\\/miumjau.ee\\\/fi\\\/tuote\\\/catfest-annospussi-tonnikalalla-hyytelossa-markaruoka-kissoille-70-g\\\/\"]}]},{\"@type\":\"ImageObject\",\"inLanguage\":\"fi\",\"@id\":\"https:\\\/\\\/miumjau.ee\\\/fi\\\/tuote\\\/catfest-annospussi-tonnikalalla-hyytelossa-markaruoka-kissoille-70-g\\\/#primaryimage\",\"url\":\"https:\\\/\\\/miumjau.ee\\\/wp-content\\\/uploads\\\/2025\\\/04\\\/catfest-margtoit-kassidele41.webp\",\"contentUrl\":\"https:\\\/\\\/miumjau.ee\\\/wp-content\\\/uploads\\\/2025\\\/04\\\/catfest-margtoit-kassidele41.webp\",\"width\":600,\"height\":800,\"caption\":\"Catfest m\u00e4rgtoit kassidele, t\u00f5eline filee ja ehtsad maitsed. Tauriiniga\"},{\"@type\":\"BreadcrumbList\",\"@id\":\"https:\\\/\\\/miumjau.ee\\\/fi\\\/tuote\\\/catfest-annospussi-tonnikalalla-hyytelossa-markaruoka-kissoille-70-g\\\/#breadcrumb\",\"itemListElement\":[{\"@type\":\"ListItem\",\"position\":1,\"name\":\"Home\",\"item\":\"https:\\\/\\\/miumjau.ee\\\/fi\\\/\"},{\"@type\":\"ListItem\",\"position\":2,\"name\":\"Kauppa\",\"item\":\"https:\\\/\\\/miumjau.ee\\\/fi\\\/kauppa\\\/\"},{\"@type\":\"ListItem\",\"position\":3,\"name\":\"CatFest annospussi tonnikalalla hyytel\u00f6ss\u00e4, m\u00e4rk\u00e4ruoka kissoille 70 g\"}]},{\"@type\":\"WebSite\",\"@id\":\"https:\\\/\\\/miumjau.ee\\\/#website\",\"url\":\"https:\\\/\\\/miumjau.ee\\\/\",\"name\":\"MiuMjau\",\"description\":\"Kraapimispuud kassidele\",\"publisher\":{\"@id\":\"https:\\\/\\\/miumjau.ee\\\/#organization\"},\"potentialAction\":[{\"@type\":\"SearchAction\",\"target\":{\"@type\":\"EntryPoint\",\"urlTemplate\":\"https:\\\/\\\/miumjau.ee\\\/?s={search_term_string}\"},\"query-input\":{\"@type\":\"PropertyValueSpecification\",\"valueRequired\":true,\"valueName\":\"search_term_string\"}}],\"inLanguage\":\"fi\"},{\"@type\":\"Organization\",\"@id\":\"https:\\\/\\\/miumjau.ee\\\/#organization\",\"name\":\"MiuMjau O\u00dc\",\"url\":\"https:\\\/\\\/miumjau.ee\\\/\",\"logo\":{\"@type\":\"ImageObject\",\"inLanguage\":\"fi\",\"@id\":\"https:\\\/\\\/miumjau.ee\\\/#\\\/schema\\\/logo\\\/image\\\/\",\"url\":\"https:\\\/\\\/miumjau.ee\\\/wp-content\\\/uploads\\\/2022\\\/04\\\/MiuMjau-logo-kollane.png\",\"contentUrl\":\"https:\\\/\\\/miumjau.ee\\\/wp-content\\\/uploads\\\/2022\\\/04\\\/MiuMjau-logo-kollane.png\",\"width\":219,\"height\":100,\"caption\":\"MiuMjau O\u00dc\"},\"image\":{\"@id\":\"https:\\\/\\\/miumjau.ee\\\/#\\\/schema\\\/logo\\\/image\\\/\"},\"sameAs\":[\"https:\\\/\\\/www.facebook.com\\\/miumjaupood\\\/\"]}]}<\/script>\n<!-- \/ Yoast SEO plugin. -->","yoast_head_json":{"title":"CatFest annospussi tonnikalalla hyytel\u00f6ss\u00e4, m\u00e4rk\u00e4ruoka kissoille 70 g - MiuMjau","description":"CatFest symboloi aitoa luonnonmukaista ruokaa. Fileen paloja herkullisessa mehukkaassa hyytel\u00f6ss\u00e4. Kissasi ei yksinkertaisesti voi vastustaa!","robots":{"index":"index","follow":"follow","max-snippet":"max-snippet:-1","max-image-preview":"max-image-preview:large","max-video-preview":"max-video-preview:-1"},"canonical":"https:\/\/miumjau.ee\/fi\/tuote\/catfest-annospussi-tonnikalalla-hyytelossa-markaruoka-kissoille-70-g\/","og_locale":"fi_FI","og_type":"article","og_title":"CatFest annospussi tonnikalalla hyytel\u00f6ss\u00e4, m\u00e4rk\u00e4ruoka kissoille 70 g - MiuMjau","og_description":"CatFest symboloi aitoa luonnonmukaista ruokaa. Fileen paloja herkullisessa mehukkaassa hyytel\u00f6ss\u00e4. Kissasi ei yksinkertaisesti voi vastustaa!","og_url":"https:\/\/miumjau.ee\/fi\/tuote\/catfest-annospussi-tonnikalalla-hyytelossa-markaruoka-kissoille-70-g\/","og_site_name":"MiuMjau","article_publisher":"https:\/\/www.facebook.com\/miumjaupood\/","article_modified_time":"2026-01-07T20:50:43+00:00","og_image":[{"width":600,"height":800,"url":"https:\/\/miumjau.ee\/wp-content\/uploads\/2025\/04\/catfest-margtoit-kassidele41.webp","type":"image\/webp"}],"twitter_card":"summary_large_image","schema":{"@context":"https:\/\/schema.org","@graph":[{"@type":"WebPage","@id":"https:\/\/miumjau.ee\/fi\/tuote\/catfest-annospussi-tonnikalalla-hyytelossa-markaruoka-kissoille-70-g\/","url":"https:\/\/miumjau.ee\/fi\/tuote\/catfest-annospussi-tonnikalalla-hyytelossa-markaruoka-kissoille-70-g\/","name":"CatFest annospussi tonnikalalla hyytel\u00f6ss\u00e4, m\u00e4rk\u00e4ruoka kissoille 70 g - MiuMjau","isPartOf":{"@id":"https:\/\/miumjau.ee\/#website"},"primaryImageOfPage":{"@id":"https:\/\/miumjau.ee\/fi\/tuote\/catfest-annospussi-tonnikalalla-hyytelossa-markaruoka-kissoille-70-g\/#primaryimage"},"image":{"@id":"https:\/\/miumjau.ee\/fi\/tuote\/catfest-annospussi-tonnikalalla-hyytelossa-markaruoka-kissoille-70-g\/#primaryimage"},"thumbnailUrl":"https:\/\/miumjau.ee\/wp-content\/uploads\/2025\/04\/catfest-margtoit-kassidele41.webp","datePublished":"2025-04-22T13:05:41+00:00","dateModified":"2026-01-07T20:50:43+00:00","description":"CatFest symboloi aitoa luonnonmukaista ruokaa. Fileen paloja herkullisessa mehukkaassa hyytel\u00f6ss\u00e4. Kissasi ei yksinkertaisesti voi vastustaa!","breadcrumb":{"@id":"https:\/\/miumjau.ee\/fi\/tuote\/catfest-annospussi-tonnikalalla-hyytelossa-markaruoka-kissoille-70-g\/#breadcrumb"},"inLanguage":"fi","potentialAction":[{"@type":"ReadAction","target":["https:\/\/miumjau.ee\/fi\/tuote\/catfest-annospussi-tonnikalalla-hyytelossa-markaruoka-kissoille-70-g\/"]}]},{"@type":"ImageObject","inLanguage":"fi","@id":"https:\/\/miumjau.ee\/fi\/tuote\/catfest-annospussi-tonnikalalla-hyytelossa-markaruoka-kissoille-70-g\/#primaryimage","url":"https:\/\/miumjau.ee\/wp-content\/uploads\/2025\/04\/catfest-margtoit-kassidele41.webp","contentUrl":"https:\/\/miumjau.ee\/wp-content\/uploads\/2025\/04\/catfest-margtoit-kassidele41.webp","width":600,"height":800,"caption":"Catfest m\u00e4rgtoit kassidele, t\u00f5eline filee ja ehtsad maitsed. Tauriiniga"},{"@type":"BreadcrumbList","@id":"https:\/\/miumjau.ee\/fi\/tuote\/catfest-annospussi-tonnikalalla-hyytelossa-markaruoka-kissoille-70-g\/#breadcrumb","itemListElement":[{"@type":"ListItem","position":1,"name":"Home","item":"https:\/\/miumjau.ee\/fi\/"},{"@type":"ListItem","position":2,"name":"Kauppa","item":"https:\/\/miumjau.ee\/fi\/kauppa\/"},{"@type":"ListItem","position":3,"name":"CatFest annospussi tonnikalalla hyytel\u00f6ss\u00e4, m\u00e4rk\u00e4ruoka kissoille 70 g"}]},{"@type":"WebSite","@id":"https:\/\/miumjau.ee\/#website","url":"https:\/\/miumjau.ee\/","name":"MiuMjau","description":"Kraapimispuud kassidele","publisher":{"@id":"https:\/\/miumjau.ee\/#organization"},"potentialAction":[{"@type":"SearchAction","target":{"@type":"EntryPoint","urlTemplate":"https:\/\/miumjau.ee\/?s={search_term_string}"},"query-input":{"@type":"PropertyValueSpecification","valueRequired":true,"valueName":"search_term_string"}}],"inLanguage":"fi"},{"@type":"Organization","@id":"https:\/\/miumjau.ee\/#organization","name":"MiuMjau O\u00dc","url":"https:\/\/miumjau.ee\/","logo":{"@type":"ImageObject","inLanguage":"fi","@id":"https:\/\/miumjau.ee\/#\/schema\/logo\/image\/","url":"https:\/\/miumjau.ee\/wp-content\/uploads\/2022\/04\/MiuMjau-logo-kollane.png","contentUrl":"https:\/\/miumjau.ee\/wp-content\/uploads\/2022\/04\/MiuMjau-logo-kollane.png","width":219,"height":100,"caption":"MiuMjau O\u00dc"},"image":{"@id":"https:\/\/miumjau.ee\/#\/schema\/logo\/image\/"},"sameAs":["https:\/\/www.facebook.com\/miumjaupood\/"]}]}},"_links":{"self":[{"href":"https:\/\/miumjau.ee\/fi\/wp-json\/wp\/v2\/product\/36839","targetHints":{"allow":["GET"]}}],"collection":[{"href":"https:\/\/miumjau.ee\/fi\/wp-json\/wp\/v2\/product"}],"about":[{"href":"https:\/\/miumjau.ee\/fi\/wp-json\/wp\/v2\/types\/product"}],"wp:featuredmedia":[{"embeddable":true,"href":"https:\/\/miumjau.ee\/fi\/wp-json\/wp\/v2\/media\/32821"}],"wp:attachment":[{"href":"https:\/\/miumjau.ee\/fi\/wp-json\/wp\/v2\/media?parent=36839"}],"wp:term":[{"taxonomy":"product_brand","embeddable":true,"href":"https:\/\/miumjau.ee\/fi\/wp-json\/wp\/v2\/product_brand?post=36839"},{"taxonomy":"product_cat","embeddable":true,"href":"https:\/\/miumjau.ee\/fi\/wp-json\/wp\/v2\/product_cat?post=36839"},{"taxonomy":"product_tag","embeddable":true,"href":"https:\/\/miumjau.ee\/fi\/wp-json\/wp\/v2\/product_tag?post=36839"}],"curies":[{"name":"wp","href":"https:\/\/api.w.org\/{rel}","templated":true}]}}