{"id":36833,"date":"2025-04-22T16:05:54","date_gmt":"2025-04-22T13:05:54","guid":{"rendered":"https:\/\/miumjau.ee\/toode\/catfest-annospussi-lohi-ja-rapu-hyytelossa-markaruoka-kissoille-70-g\/"},"modified":"2026-01-07T22:50:50","modified_gmt":"2026-01-07T20:50:50","slug":"catfest-annospussi-lohi-ja-rapu-hyytelossa-markaruoka-kissoille-70-g","status":"publish","type":"product","link":"https:\/\/miumjau.ee\/fi\/tuote\/catfest-annospussi-lohi-ja-rapu-hyytelossa-markaruoka-kissoille-70-g\/","title":{"rendered":"CatFest annospussi, lohi ja rapu hyytel\u00f6ss\u00e4, m\u00e4rk\u00e4ruoka kissoille, 70\u202fg"},"content":{"rendered":"","protected":false},"excerpt":{"rendered":"<p data-start=\"23\" data-end=\"282\">Villilohen filee ja krabipalat hyytel\u00f6ss\u00e4 on ravitseva ja herkullinen tuote aikuisille kissoille. Lohen ja krabipalojen korkea osuus tarjoaa kissallesi tarvittavia proteiineja ja rasvahappoja tukemaan sen terveytt\u00e4 ja elinvoimaa. Tarjotaan lis\u00e4luonnonruokana.<\/p>\n<p data-start=\"284\" data-end=\"417\"><strong data-start=\"284\" data-end=\"298\">Ainesosat:<\/strong> lohi 54 %, krabipalat 6 %, kalaliemi 38 %, anjovis\u00f6ljy, FOS-prebiootit, E-vitamiini, tauriini, sikuriuute, mineraalit.<\/p>\n<p data-start=\"419\" data-end=\"532\"><strong data-start=\"419\" data-end=\"445\">Analysoidut ainesosat:<\/strong> raakavalkuainen 8,5 %, raakrasva 2,5 %, raakatuha 1,5 %, raakakuitu 1 %, kosteus 89 %.<\/p>\n<p data-start=\"534\" data-end=\"545\"><strong data-start=\"534\" data-end=\"543\">Edut:<\/strong><\/p>\n<ul data-start=\"546\" data-end=\"919\">\n<li data-start=\"546\" data-end=\"630\">\n<p data-start=\"548\" data-end=\"630\">Lohi on runsas omega-3-rasvahappojen l\u00e4hde, joka tukee ihon ja turkin terveytt\u00e4.<\/p>\n<\/li>\n<li data-start=\"631\" data-end=\"724\">\n<p data-start=\"633\" data-end=\"724\">FOS-prebiootit parantavat ruoansulatusta ja yll\u00e4pit\u00e4v\u00e4t tervett\u00e4 suoliston mikrobikantaa.<\/p>\n<\/li>\n<li data-start=\"725\" data-end=\"817\">\n<p data-start=\"727\" data-end=\"817\">Krabipalat lis\u00e4\u00e4v\u00e4t ruokaan makua ja koostumusta, tehden siit\u00e4 entist\u00e4 houkuttelevamman.<\/p>\n<\/li>\n<li data-start=\"818\" data-end=\"919\">\n<p data-start=\"820\" data-end=\"919\">Sikuri v\u00e4hent\u00e4\u00e4 kissan ulosteen hajua, auttaen pit\u00e4m\u00e4\u00e4n kissan hiekkalaatikon ymp\u00e4rist\u00f6n raikkaana.<\/p>\n<\/li>\n<\/ul>\n<p data-start=\"921\" data-end=\"1249\"><strong data-start=\"921\" data-end=\"932\">K\u00e4ytt\u00f6:<\/strong> Sopii lis\u00e4luonnonruoaksi kaikille aikuisille kotikissoille, mukaan lukien steriloidut ja kastroitu kissat sek\u00e4 allergiaa tai ruoansulatusongelmia potevat kissat. Tarjoile huoneenl\u00e4mp\u00f6isen\u00e4. S\u00e4ilyt\u00e4 viile\u00e4ss\u00e4 ja kuivassa. K\u00e4yt\u00e4 enint\u00e4\u00e4n 3 pakkausta p\u00e4iv\u00e4ss\u00e4. Varmista, ett\u00e4 kissalla on aina raikasta vett\u00e4 saatavilla.<\/p>\n","protected":false},"featured_media":32713,"template":"","meta":[],"product_brand":[],"product_cat":[264],"product_tag":[],"class_list":{"0":"post-36833","1":"product","2":"type-product","3":"status-publish","4":"has-post-thumbnail","6":"product_cat-marka-ruoka","8":"first","9":"instock","10":"taxable","11":"shipping-taxable","12":"purchasable","13":"product-type-simple"},"yoast_head":"<!-- This site is optimized with the Yoast SEO plugin v27.4 - https:\/\/yoast.com\/product\/yoast-seo-wordpress\/ -->\n<title>CatFest annospussi, lohi ja rapu hyytel\u00f6ss\u00e4, m\u00e4rk\u00e4ruoka kissoille, 70\u202fg - MiuMjau<\/title>\n<meta name=\"description\" content=\"CatFest symboloi aitoa luonnonmukaista ruokaa. Fileen paloja herkullisessa mehukkaassa hyytel\u00f6ss\u00e4. Kissasi ei yksinkertaisesti voi vastustaa!\" \/>\n<meta name=\"robots\" content=\"index, follow, max-snippet:-1, max-image-preview:large, max-video-preview:-1\" \/>\n<link rel=\"canonical\" href=\"https:\/\/miumjau.ee\/fi\/tuote\/catfest-annospussi-lohi-ja-rapu-hyytelossa-markaruoka-kissoille-70-g\/\" \/>\n<meta property=\"og:locale\" content=\"fi_FI\" \/>\n<meta property=\"og:type\" content=\"article\" \/>\n<meta property=\"og:title\" content=\"CatFest annospussi, lohi ja rapu hyytel\u00f6ss\u00e4, m\u00e4rk\u00e4ruoka kissoille, 70\u202fg - MiuMjau\" \/>\n<meta property=\"og:description\" content=\"CatFest symboloi aitoa luonnonmukaista ruokaa. Fileen paloja herkullisessa mehukkaassa hyytel\u00f6ss\u00e4. Kissasi ei yksinkertaisesti voi vastustaa!\" \/>\n<meta property=\"og:url\" content=\"https:\/\/miumjau.ee\/fi\/tuote\/catfest-annospussi-lohi-ja-rapu-hyytelossa-markaruoka-kissoille-70-g\/\" \/>\n<meta property=\"og:site_name\" content=\"MiuMjau\" \/>\n<meta property=\"article:publisher\" content=\"https:\/\/www.facebook.com\/miumjaupood\/\" \/>\n<meta property=\"article:modified_time\" content=\"2026-01-07T20:50:50+00:00\" \/>\n<meta property=\"og:image\" content=\"https:\/\/miumjau.ee\/wp-content\/uploads\/2025\/04\/catfest-margtoit-kassidele14.webp\" \/>\n\t<meta property=\"og:image:width\" content=\"600\" \/>\n\t<meta property=\"og:image:height\" content=\"800\" \/>\n\t<meta property=\"og:image:type\" content=\"image\/webp\" \/>\n<meta name=\"twitter:card\" content=\"summary_large_image\" \/>\n<script type=\"application\/ld+json\" class=\"yoast-schema-graph\">{\"@context\":\"https:\\\/\\\/schema.org\",\"@graph\":[{\"@type\":\"WebPage\",\"@id\":\"https:\\\/\\\/miumjau.ee\\\/fi\\\/tuote\\\/catfest-annospussi-lohi-ja-rapu-hyytelossa-markaruoka-kissoille-70-g\\\/\",\"url\":\"https:\\\/\\\/miumjau.ee\\\/fi\\\/tuote\\\/catfest-annospussi-lohi-ja-rapu-hyytelossa-markaruoka-kissoille-70-g\\\/\",\"name\":\"CatFest annospussi, lohi ja rapu hyytel\u00f6ss\u00e4, m\u00e4rk\u00e4ruoka kissoille, 70\u202fg - MiuMjau\",\"isPartOf\":{\"@id\":\"https:\\\/\\\/miumjau.ee\\\/#website\"},\"primaryImageOfPage\":{\"@id\":\"https:\\\/\\\/miumjau.ee\\\/fi\\\/tuote\\\/catfest-annospussi-lohi-ja-rapu-hyytelossa-markaruoka-kissoille-70-g\\\/#primaryimage\"},\"image\":{\"@id\":\"https:\\\/\\\/miumjau.ee\\\/fi\\\/tuote\\\/catfest-annospussi-lohi-ja-rapu-hyytelossa-markaruoka-kissoille-70-g\\\/#primaryimage\"},\"thumbnailUrl\":\"https:\\\/\\\/miumjau.ee\\\/wp-content\\\/uploads\\\/2025\\\/04\\\/catfest-margtoit-kassidele14.webp\",\"datePublished\":\"2025-04-22T13:05:54+00:00\",\"dateModified\":\"2026-01-07T20:50:50+00:00\",\"description\":\"CatFest symboloi aitoa luonnonmukaista ruokaa. Fileen paloja herkullisessa mehukkaassa hyytel\u00f6ss\u00e4. Kissasi ei yksinkertaisesti voi vastustaa!\",\"breadcrumb\":{\"@id\":\"https:\\\/\\\/miumjau.ee\\\/fi\\\/tuote\\\/catfest-annospussi-lohi-ja-rapu-hyytelossa-markaruoka-kissoille-70-g\\\/#breadcrumb\"},\"inLanguage\":\"fi\",\"potentialAction\":[{\"@type\":\"ReadAction\",\"target\":[\"https:\\\/\\\/miumjau.ee\\\/fi\\\/tuote\\\/catfest-annospussi-lohi-ja-rapu-hyytelossa-markaruoka-kissoille-70-g\\\/\"]}]},{\"@type\":\"ImageObject\",\"inLanguage\":\"fi\",\"@id\":\"https:\\\/\\\/miumjau.ee\\\/fi\\\/tuote\\\/catfest-annospussi-lohi-ja-rapu-hyytelossa-markaruoka-kissoille-70-g\\\/#primaryimage\",\"url\":\"https:\\\/\\\/miumjau.ee\\\/wp-content\\\/uploads\\\/2025\\\/04\\\/catfest-margtoit-kassidele14.webp\",\"contentUrl\":\"https:\\\/\\\/miumjau.ee\\\/wp-content\\\/uploads\\\/2025\\\/04\\\/catfest-margtoit-kassidele14.webp\",\"width\":600,\"height\":800,\"caption\":\"Catfest m\u00e4rgtoit kassidele, t\u00f5eline filee ja ehtsad maitsed. Tauriiniga\"},{\"@type\":\"BreadcrumbList\",\"@id\":\"https:\\\/\\\/miumjau.ee\\\/fi\\\/tuote\\\/catfest-annospussi-lohi-ja-rapu-hyytelossa-markaruoka-kissoille-70-g\\\/#breadcrumb\",\"itemListElement\":[{\"@type\":\"ListItem\",\"position\":1,\"name\":\"Home\",\"item\":\"https:\\\/\\\/miumjau.ee\\\/fi\\\/\"},{\"@type\":\"ListItem\",\"position\":2,\"name\":\"Kauppa\",\"item\":\"https:\\\/\\\/miumjau.ee\\\/fi\\\/kauppa\\\/\"},{\"@type\":\"ListItem\",\"position\":3,\"name\":\"CatFest annospussi, lohi ja rapu hyytel\u00f6ss\u00e4, m\u00e4rk\u00e4ruoka kissoille, 70\u202fg\"}]},{\"@type\":\"WebSite\",\"@id\":\"https:\\\/\\\/miumjau.ee\\\/#website\",\"url\":\"https:\\\/\\\/miumjau.ee\\\/\",\"name\":\"MiuMjau\",\"description\":\"Kraapimispuud kassidele\",\"publisher\":{\"@id\":\"https:\\\/\\\/miumjau.ee\\\/#organization\"},\"potentialAction\":[{\"@type\":\"SearchAction\",\"target\":{\"@type\":\"EntryPoint\",\"urlTemplate\":\"https:\\\/\\\/miumjau.ee\\\/?s={search_term_string}\"},\"query-input\":{\"@type\":\"PropertyValueSpecification\",\"valueRequired\":true,\"valueName\":\"search_term_string\"}}],\"inLanguage\":\"fi\"},{\"@type\":\"Organization\",\"@id\":\"https:\\\/\\\/miumjau.ee\\\/#organization\",\"name\":\"MiuMjau O\u00dc\",\"url\":\"https:\\\/\\\/miumjau.ee\\\/\",\"logo\":{\"@type\":\"ImageObject\",\"inLanguage\":\"fi\",\"@id\":\"https:\\\/\\\/miumjau.ee\\\/#\\\/schema\\\/logo\\\/image\\\/\",\"url\":\"https:\\\/\\\/miumjau.ee\\\/wp-content\\\/uploads\\\/2022\\\/04\\\/MiuMjau-logo-kollane.png\",\"contentUrl\":\"https:\\\/\\\/miumjau.ee\\\/wp-content\\\/uploads\\\/2022\\\/04\\\/MiuMjau-logo-kollane.png\",\"width\":219,\"height\":100,\"caption\":\"MiuMjau O\u00dc\"},\"image\":{\"@id\":\"https:\\\/\\\/miumjau.ee\\\/#\\\/schema\\\/logo\\\/image\\\/\"},\"sameAs\":[\"https:\\\/\\\/www.facebook.com\\\/miumjaupood\\\/\"]}]}<\/script>\n<!-- \/ Yoast SEO plugin. -->","yoast_head_json":{"title":"CatFest annospussi, lohi ja rapu hyytel\u00f6ss\u00e4, m\u00e4rk\u00e4ruoka kissoille, 70\u202fg - MiuMjau","description":"CatFest symboloi aitoa luonnonmukaista ruokaa. Fileen paloja herkullisessa mehukkaassa hyytel\u00f6ss\u00e4. Kissasi ei yksinkertaisesti voi vastustaa!","robots":{"index":"index","follow":"follow","max-snippet":"max-snippet:-1","max-image-preview":"max-image-preview:large","max-video-preview":"max-video-preview:-1"},"canonical":"https:\/\/miumjau.ee\/fi\/tuote\/catfest-annospussi-lohi-ja-rapu-hyytelossa-markaruoka-kissoille-70-g\/","og_locale":"fi_FI","og_type":"article","og_title":"CatFest annospussi, lohi ja rapu hyytel\u00f6ss\u00e4, m\u00e4rk\u00e4ruoka kissoille, 70\u202fg - MiuMjau","og_description":"CatFest symboloi aitoa luonnonmukaista ruokaa. Fileen paloja herkullisessa mehukkaassa hyytel\u00f6ss\u00e4. Kissasi ei yksinkertaisesti voi vastustaa!","og_url":"https:\/\/miumjau.ee\/fi\/tuote\/catfest-annospussi-lohi-ja-rapu-hyytelossa-markaruoka-kissoille-70-g\/","og_site_name":"MiuMjau","article_publisher":"https:\/\/www.facebook.com\/miumjaupood\/","article_modified_time":"2026-01-07T20:50:50+00:00","og_image":[{"width":600,"height":800,"url":"https:\/\/miumjau.ee\/wp-content\/uploads\/2025\/04\/catfest-margtoit-kassidele14.webp","type":"image\/webp"}],"twitter_card":"summary_large_image","schema":{"@context":"https:\/\/schema.org","@graph":[{"@type":"WebPage","@id":"https:\/\/miumjau.ee\/fi\/tuote\/catfest-annospussi-lohi-ja-rapu-hyytelossa-markaruoka-kissoille-70-g\/","url":"https:\/\/miumjau.ee\/fi\/tuote\/catfest-annospussi-lohi-ja-rapu-hyytelossa-markaruoka-kissoille-70-g\/","name":"CatFest annospussi, lohi ja rapu hyytel\u00f6ss\u00e4, m\u00e4rk\u00e4ruoka kissoille, 70\u202fg - MiuMjau","isPartOf":{"@id":"https:\/\/miumjau.ee\/#website"},"primaryImageOfPage":{"@id":"https:\/\/miumjau.ee\/fi\/tuote\/catfest-annospussi-lohi-ja-rapu-hyytelossa-markaruoka-kissoille-70-g\/#primaryimage"},"image":{"@id":"https:\/\/miumjau.ee\/fi\/tuote\/catfest-annospussi-lohi-ja-rapu-hyytelossa-markaruoka-kissoille-70-g\/#primaryimage"},"thumbnailUrl":"https:\/\/miumjau.ee\/wp-content\/uploads\/2025\/04\/catfest-margtoit-kassidele14.webp","datePublished":"2025-04-22T13:05:54+00:00","dateModified":"2026-01-07T20:50:50+00:00","description":"CatFest symboloi aitoa luonnonmukaista ruokaa. Fileen paloja herkullisessa mehukkaassa hyytel\u00f6ss\u00e4. Kissasi ei yksinkertaisesti voi vastustaa!","breadcrumb":{"@id":"https:\/\/miumjau.ee\/fi\/tuote\/catfest-annospussi-lohi-ja-rapu-hyytelossa-markaruoka-kissoille-70-g\/#breadcrumb"},"inLanguage":"fi","potentialAction":[{"@type":"ReadAction","target":["https:\/\/miumjau.ee\/fi\/tuote\/catfest-annospussi-lohi-ja-rapu-hyytelossa-markaruoka-kissoille-70-g\/"]}]},{"@type":"ImageObject","inLanguage":"fi","@id":"https:\/\/miumjau.ee\/fi\/tuote\/catfest-annospussi-lohi-ja-rapu-hyytelossa-markaruoka-kissoille-70-g\/#primaryimage","url":"https:\/\/miumjau.ee\/wp-content\/uploads\/2025\/04\/catfest-margtoit-kassidele14.webp","contentUrl":"https:\/\/miumjau.ee\/wp-content\/uploads\/2025\/04\/catfest-margtoit-kassidele14.webp","width":600,"height":800,"caption":"Catfest m\u00e4rgtoit kassidele, t\u00f5eline filee ja ehtsad maitsed. Tauriiniga"},{"@type":"BreadcrumbList","@id":"https:\/\/miumjau.ee\/fi\/tuote\/catfest-annospussi-lohi-ja-rapu-hyytelossa-markaruoka-kissoille-70-g\/#breadcrumb","itemListElement":[{"@type":"ListItem","position":1,"name":"Home","item":"https:\/\/miumjau.ee\/fi\/"},{"@type":"ListItem","position":2,"name":"Kauppa","item":"https:\/\/miumjau.ee\/fi\/kauppa\/"},{"@type":"ListItem","position":3,"name":"CatFest annospussi, lohi ja rapu hyytel\u00f6ss\u00e4, m\u00e4rk\u00e4ruoka kissoille, 70\u202fg"}]},{"@type":"WebSite","@id":"https:\/\/miumjau.ee\/#website","url":"https:\/\/miumjau.ee\/","name":"MiuMjau","description":"Kraapimispuud kassidele","publisher":{"@id":"https:\/\/miumjau.ee\/#organization"},"potentialAction":[{"@type":"SearchAction","target":{"@type":"EntryPoint","urlTemplate":"https:\/\/miumjau.ee\/?s={search_term_string}"},"query-input":{"@type":"PropertyValueSpecification","valueRequired":true,"valueName":"search_term_string"}}],"inLanguage":"fi"},{"@type":"Organization","@id":"https:\/\/miumjau.ee\/#organization","name":"MiuMjau O\u00dc","url":"https:\/\/miumjau.ee\/","logo":{"@type":"ImageObject","inLanguage":"fi","@id":"https:\/\/miumjau.ee\/#\/schema\/logo\/image\/","url":"https:\/\/miumjau.ee\/wp-content\/uploads\/2022\/04\/MiuMjau-logo-kollane.png","contentUrl":"https:\/\/miumjau.ee\/wp-content\/uploads\/2022\/04\/MiuMjau-logo-kollane.png","width":219,"height":100,"caption":"MiuMjau O\u00dc"},"image":{"@id":"https:\/\/miumjau.ee\/#\/schema\/logo\/image\/"},"sameAs":["https:\/\/www.facebook.com\/miumjaupood\/"]}]}},"_links":{"self":[{"href":"https:\/\/miumjau.ee\/fi\/wp-json\/wp\/v2\/product\/36833","targetHints":{"allow":["GET"]}}],"collection":[{"href":"https:\/\/miumjau.ee\/fi\/wp-json\/wp\/v2\/product"}],"about":[{"href":"https:\/\/miumjau.ee\/fi\/wp-json\/wp\/v2\/types\/product"}],"wp:featuredmedia":[{"embeddable":true,"href":"https:\/\/miumjau.ee\/fi\/wp-json\/wp\/v2\/media\/32713"}],"wp:attachment":[{"href":"https:\/\/miumjau.ee\/fi\/wp-json\/wp\/v2\/media?parent=36833"}],"wp:term":[{"taxonomy":"product_brand","embeddable":true,"href":"https:\/\/miumjau.ee\/fi\/wp-json\/wp\/v2\/product_brand?post=36833"},{"taxonomy":"product_cat","embeddable":true,"href":"https:\/\/miumjau.ee\/fi\/wp-json\/wp\/v2\/product_cat?post=36833"},{"taxonomy":"product_tag","embeddable":true,"href":"https:\/\/miumjau.ee\/fi\/wp-json\/wp\/v2\/product_tag?post=36833"}],"curies":[{"name":"wp","href":"https:\/\/api.w.org\/{rel}","templated":true}]}}