{"id":36832,"date":"2025-04-22T16:05:55","date_gmt":"2025-04-22T13:05:55","guid":{"rendered":"https:\/\/miumjau.ee\/toode\/catfest-annospussi-ankka-ja-tonnikalaa-hyytelossa-markaruoka-kissoille-70-g\/"},"modified":"2026-01-07T22:50:50","modified_gmt":"2026-01-07T20:50:50","slug":"catfest-annospussi-ankka-ja-tonnikalaa-hyytelossa-markaruoka-kissoille-70-g","status":"publish","type":"product","link":"https:\/\/miumjau.ee\/fi\/tuote\/catfest-annospussi-ankka-ja-tonnikalaa-hyytelossa-markaruoka-kissoille-70-g\/","title":{"rendered":"CatFest annospussi, ankka- ja tonnikalaa hyytel\u00f6ss\u00e4, m\u00e4rk\u00e4ruoka kissoille, 70\u202fg"},"content":{"rendered":"","protected":false},"excerpt":{"rendered":"<p data-start=\"33\" data-end=\"255\">Ankanfilee ja tonnikala ovat erinomainen lis\u00e4 aikuisen kissan ruokavalioon. Korkea ankanlihan (54 %) ja tonnikalan (6 %) pitoisuus takaa tasapainoisen ravinnon, auttaen yll\u00e4pit\u00e4m\u00e4\u00e4n lemmikkisi terveytt\u00e4 ja fyysist\u00e4 kuntoa.<\/p>\n<p data-start=\"257\" data-end=\"431\"><strong data-start=\"257\" data-end=\"271\">Ainesosat:<\/strong> ankanliha 54 %, tonnikala 6 %, ankanlihapohjainen liemi 38 %, anjovis\u00f6ljy, E-vitamiini, tauriini, tapiokat\u00e4rkkelys, sikuriuute, fruktoosi, trikalsiumfosfaatti.<\/p>\n<p data-start=\"433\" data-end=\"543\"><strong data-start=\"433\" data-end=\"459\">Analysoidut ainesosat:<\/strong> raakavalkuainen 11 %, raakrasva 2 %, raakatuha 1,5 %, raakakuitu 1 %, kosteus 89 %.<\/p>\n<p data-start=\"545\" data-end=\"556\"><strong data-start=\"545\" data-end=\"554\">Edut:<\/strong><\/p>\n<ul data-start=\"557\" data-end=\"933\">\n<li data-start=\"557\" data-end=\"676\">\n<p data-start=\"559\" data-end=\"676\">Ankanliha ja tonnikala ovat erinomaisia proteiinin l\u00e4hteit\u00e4, jotka tukevat lihasmassan yll\u00e4pitoa ja yleisterveytt\u00e4.<\/p>\n<\/li>\n<li data-start=\"677\" data-end=\"780\">\n<p data-start=\"679\" data-end=\"780\">FOS-prebiootit auttavat yll\u00e4pit\u00e4m\u00e4\u00e4n tervett\u00e4 suoliston mikrobikantaa ja parantavat ruoansulatusta.<\/p>\n<\/li>\n<li data-start=\"781\" data-end=\"875\">\n<p data-start=\"783\" data-end=\"875\">Anjovis\u00f6ljy rikastaa ruokaa omega-3-rasvahapoilla, jotka tukevat ihon ja turkin terveytt\u00e4.<\/p>\n<\/li>\n<li data-start=\"876\" data-end=\"933\">\n<p data-start=\"878\" data-end=\"933\">Mineraalit vahvistavat luita ja tukevat yleisterveytt\u00e4.<\/p>\n<\/li>\n<\/ul>\n<p data-start=\"935\" data-end=\"1259\"><strong data-start=\"935\" data-end=\"946\">K\u00e4ytt\u00f6:<\/strong> Sopii lis\u00e4ravinnoksi kaikille aikuisille kotikissoille, mukaan lukien steriloidut ja kastroitu kissat sek\u00e4 allergiaa tai ruoansulatusongelmia potevat kissat. Tarjoile huoneenl\u00e4mp\u00f6isen\u00e4. S\u00e4ilyt\u00e4 viile\u00e4ss\u00e4 ja kuivassa. K\u00e4yt\u00e4 enint\u00e4\u00e4n 3 pakkausta p\u00e4iv\u00e4ss\u00e4. Varmista, ett\u00e4 kissalla on aina saatavilla raikasta vett\u00e4.<\/p>\n","protected":false},"featured_media":32701,"template":"","meta":[],"product_brand":[],"product_cat":[264],"product_tag":[],"class_list":{"0":"post-36832","1":"product","2":"type-product","3":"status-publish","4":"has-post-thumbnail","6":"product_cat-marka-ruoka","8":"first","9":"instock","10":"sale","11":"taxable","12":"shipping-taxable","13":"purchasable","14":"product-type-simple"},"yoast_head":"<!-- This site is optimized with the Yoast SEO plugin v27.2 - https:\/\/yoast.com\/product\/yoast-seo-wordpress\/ -->\n<title>CatFest annospussi, ankka- ja tonnikalaa hyytel\u00f6ss\u00e4, m\u00e4rk\u00e4ruoka kissoille, 70\u202fg - MiuMjau<\/title>\n<meta name=\"description\" content=\"CatFest symboloi aitoa luonnonmukaista ruokaa. Fileen paloja herkullisessa mehukkaassa hyytel\u00f6ss\u00e4. Kissasi ei yksinkertaisesti voi vastustaa!\" \/>\n<meta name=\"robots\" content=\"index, follow, max-snippet:-1, max-image-preview:large, max-video-preview:-1\" \/>\n<link rel=\"canonical\" href=\"https:\/\/miumjau.ee\/fi\/tuote\/catfest-annospussi-ankka-ja-tonnikalaa-hyytelossa-markaruoka-kissoille-70-g\/\" \/>\n<meta property=\"og:locale\" content=\"fi_FI\" \/>\n<meta property=\"og:type\" content=\"article\" \/>\n<meta property=\"og:title\" content=\"CatFest annospussi, ankka- ja tonnikalaa hyytel\u00f6ss\u00e4, m\u00e4rk\u00e4ruoka kissoille, 70\u202fg - MiuMjau\" \/>\n<meta property=\"og:description\" content=\"CatFest symboloi aitoa luonnonmukaista ruokaa. Fileen paloja herkullisessa mehukkaassa hyytel\u00f6ss\u00e4. Kissasi ei yksinkertaisesti voi vastustaa!\" \/>\n<meta property=\"og:url\" content=\"https:\/\/miumjau.ee\/fi\/tuote\/catfest-annospussi-ankka-ja-tonnikalaa-hyytelossa-markaruoka-kissoille-70-g\/\" \/>\n<meta property=\"og:site_name\" content=\"MiuMjau\" \/>\n<meta property=\"article:publisher\" content=\"https:\/\/www.facebook.com\/miumjaupood\/\" \/>\n<meta property=\"article:modified_time\" content=\"2026-01-07T20:50:50+00:00\" \/>\n<meta property=\"og:image\" content=\"https:\/\/miumjau.ee\/wp-content\/uploads\/2025\/04\/catfest-margtoit-kassidele11.webp\" \/>\n\t<meta property=\"og:image:width\" content=\"600\" \/>\n\t<meta property=\"og:image:height\" content=\"800\" \/>\n\t<meta property=\"og:image:type\" content=\"image\/webp\" \/>\n<meta name=\"twitter:card\" content=\"summary_large_image\" \/>\n<script type=\"application\/ld+json\" class=\"yoast-schema-graph\">{\"@context\":\"https:\/\/schema.org\",\"@graph\":[{\"@type\":\"WebPage\",\"@id\":\"https:\/\/miumjau.ee\/fi\/tuote\/catfest-annospussi-ankka-ja-tonnikalaa-hyytelossa-markaruoka-kissoille-70-g\/\",\"url\":\"https:\/\/miumjau.ee\/fi\/tuote\/catfest-annospussi-ankka-ja-tonnikalaa-hyytelossa-markaruoka-kissoille-70-g\/\",\"name\":\"CatFest annospussi, ankka- ja tonnikalaa hyytel\u00f6ss\u00e4, m\u00e4rk\u00e4ruoka kissoille, 70\u202fg - MiuMjau\",\"isPartOf\":{\"@id\":\"https:\/\/miumjau.ee\/#website\"},\"primaryImageOfPage\":{\"@id\":\"https:\/\/miumjau.ee\/fi\/tuote\/catfest-annospussi-ankka-ja-tonnikalaa-hyytelossa-markaruoka-kissoille-70-g\/#primaryimage\"},\"image\":{\"@id\":\"https:\/\/miumjau.ee\/fi\/tuote\/catfest-annospussi-ankka-ja-tonnikalaa-hyytelossa-markaruoka-kissoille-70-g\/#primaryimage\"},\"thumbnailUrl\":\"https:\/\/miumjau.ee\/wp-content\/uploads\/2025\/04\/catfest-margtoit-kassidele11.webp\",\"datePublished\":\"2025-04-22T13:05:55+00:00\",\"dateModified\":\"2026-01-07T20:50:50+00:00\",\"description\":\"CatFest symboloi aitoa luonnonmukaista ruokaa. Fileen paloja herkullisessa mehukkaassa hyytel\u00f6ss\u00e4. Kissasi ei yksinkertaisesti voi vastustaa!\",\"breadcrumb\":{\"@id\":\"https:\/\/miumjau.ee\/fi\/tuote\/catfest-annospussi-ankka-ja-tonnikalaa-hyytelossa-markaruoka-kissoille-70-g\/#breadcrumb\"},\"inLanguage\":\"fi\",\"potentialAction\":[{\"@type\":\"ReadAction\",\"target\":[\"https:\/\/miumjau.ee\/fi\/tuote\/catfest-annospussi-ankka-ja-tonnikalaa-hyytelossa-markaruoka-kissoille-70-g\/\"]}]},{\"@type\":\"ImageObject\",\"inLanguage\":\"fi\",\"@id\":\"https:\/\/miumjau.ee\/fi\/tuote\/catfest-annospussi-ankka-ja-tonnikalaa-hyytelossa-markaruoka-kissoille-70-g\/#primaryimage\",\"url\":\"https:\/\/miumjau.ee\/wp-content\/uploads\/2025\/04\/catfest-margtoit-kassidele11.webp\",\"contentUrl\":\"https:\/\/miumjau.ee\/wp-content\/uploads\/2025\/04\/catfest-margtoit-kassidele11.webp\",\"width\":600,\"height\":800,\"caption\":\"Catfest m\u00e4rgtoit kassidele, t\u00f5eline filee ja ehtsad maitsed. Tauriiniga\"},{\"@type\":\"BreadcrumbList\",\"@id\":\"https:\/\/miumjau.ee\/fi\/tuote\/catfest-annospussi-ankka-ja-tonnikalaa-hyytelossa-markaruoka-kissoille-70-g\/#breadcrumb\",\"itemListElement\":[{\"@type\":\"ListItem\",\"position\":1,\"name\":\"Home\",\"item\":\"https:\/\/miumjau.ee\/fi\/\"},{\"@type\":\"ListItem\",\"position\":2,\"name\":\"Kauppa\",\"item\":\"https:\/\/miumjau.ee\/fi\/kauppa\/\"},{\"@type\":\"ListItem\",\"position\":3,\"name\":\"CatFest annospussi, ankka- ja tonnikalaa hyytel\u00f6ss\u00e4, m\u00e4rk\u00e4ruoka kissoille, 70\u202fg\"}]},{\"@type\":\"WebSite\",\"@id\":\"https:\/\/miumjau.ee\/#website\",\"url\":\"https:\/\/miumjau.ee\/\",\"name\":\"MiuMjau\",\"description\":\"Kraapimispuud kassidele\",\"publisher\":{\"@id\":\"https:\/\/miumjau.ee\/#organization\"},\"potentialAction\":[{\"@type\":\"SearchAction\",\"target\":{\"@type\":\"EntryPoint\",\"urlTemplate\":\"https:\/\/miumjau.ee\/?s={search_term_string}\"},\"query-input\":{\"@type\":\"PropertyValueSpecification\",\"valueRequired\":true,\"valueName\":\"search_term_string\"}}],\"inLanguage\":\"fi\"},{\"@type\":\"Organization\",\"@id\":\"https:\/\/miumjau.ee\/#organization\",\"name\":\"MiuMjau O\u00dc\",\"url\":\"https:\/\/miumjau.ee\/\",\"logo\":{\"@type\":\"ImageObject\",\"inLanguage\":\"fi\",\"@id\":\"https:\/\/miumjau.ee\/#\/schema\/logo\/image\/\",\"url\":\"https:\/\/miumjau.ee\/wp-content\/uploads\/2022\/04\/MiuMjau-logo-kollane.png\",\"contentUrl\":\"https:\/\/miumjau.ee\/wp-content\/uploads\/2022\/04\/MiuMjau-logo-kollane.png\",\"width\":219,\"height\":100,\"caption\":\"MiuMjau O\u00dc\"},\"image\":{\"@id\":\"https:\/\/miumjau.ee\/#\/schema\/logo\/image\/\"},\"sameAs\":[\"https:\/\/www.facebook.com\/miumjaupood\/\"]}]}<\/script>\n<!-- \/ Yoast SEO plugin. -->","yoast_head_json":{"title":"CatFest annospussi, ankka- ja tonnikalaa hyytel\u00f6ss\u00e4, m\u00e4rk\u00e4ruoka kissoille, 70\u202fg - MiuMjau","description":"CatFest symboloi aitoa luonnonmukaista ruokaa. Fileen paloja herkullisessa mehukkaassa hyytel\u00f6ss\u00e4. Kissasi ei yksinkertaisesti voi vastustaa!","robots":{"index":"index","follow":"follow","max-snippet":"max-snippet:-1","max-image-preview":"max-image-preview:large","max-video-preview":"max-video-preview:-1"},"canonical":"https:\/\/miumjau.ee\/fi\/tuote\/catfest-annospussi-ankka-ja-tonnikalaa-hyytelossa-markaruoka-kissoille-70-g\/","og_locale":"fi_FI","og_type":"article","og_title":"CatFest annospussi, ankka- ja tonnikalaa hyytel\u00f6ss\u00e4, m\u00e4rk\u00e4ruoka kissoille, 70\u202fg - MiuMjau","og_description":"CatFest symboloi aitoa luonnonmukaista ruokaa. Fileen paloja herkullisessa mehukkaassa hyytel\u00f6ss\u00e4. Kissasi ei yksinkertaisesti voi vastustaa!","og_url":"https:\/\/miumjau.ee\/fi\/tuote\/catfest-annospussi-ankka-ja-tonnikalaa-hyytelossa-markaruoka-kissoille-70-g\/","og_site_name":"MiuMjau","article_publisher":"https:\/\/www.facebook.com\/miumjaupood\/","article_modified_time":"2026-01-07T20:50:50+00:00","og_image":[{"width":600,"height":800,"url":"https:\/\/miumjau.ee\/wp-content\/uploads\/2025\/04\/catfest-margtoit-kassidele11.webp","type":"image\/webp"}],"twitter_card":"summary_large_image","schema":{"@context":"https:\/\/schema.org","@graph":[{"@type":"WebPage","@id":"https:\/\/miumjau.ee\/fi\/tuote\/catfest-annospussi-ankka-ja-tonnikalaa-hyytelossa-markaruoka-kissoille-70-g\/","url":"https:\/\/miumjau.ee\/fi\/tuote\/catfest-annospussi-ankka-ja-tonnikalaa-hyytelossa-markaruoka-kissoille-70-g\/","name":"CatFest annospussi, ankka- ja tonnikalaa hyytel\u00f6ss\u00e4, m\u00e4rk\u00e4ruoka kissoille, 70\u202fg - MiuMjau","isPartOf":{"@id":"https:\/\/miumjau.ee\/#website"},"primaryImageOfPage":{"@id":"https:\/\/miumjau.ee\/fi\/tuote\/catfest-annospussi-ankka-ja-tonnikalaa-hyytelossa-markaruoka-kissoille-70-g\/#primaryimage"},"image":{"@id":"https:\/\/miumjau.ee\/fi\/tuote\/catfest-annospussi-ankka-ja-tonnikalaa-hyytelossa-markaruoka-kissoille-70-g\/#primaryimage"},"thumbnailUrl":"https:\/\/miumjau.ee\/wp-content\/uploads\/2025\/04\/catfest-margtoit-kassidele11.webp","datePublished":"2025-04-22T13:05:55+00:00","dateModified":"2026-01-07T20:50:50+00:00","description":"CatFest symboloi aitoa luonnonmukaista ruokaa. Fileen paloja herkullisessa mehukkaassa hyytel\u00f6ss\u00e4. Kissasi ei yksinkertaisesti voi vastustaa!","breadcrumb":{"@id":"https:\/\/miumjau.ee\/fi\/tuote\/catfest-annospussi-ankka-ja-tonnikalaa-hyytelossa-markaruoka-kissoille-70-g\/#breadcrumb"},"inLanguage":"fi","potentialAction":[{"@type":"ReadAction","target":["https:\/\/miumjau.ee\/fi\/tuote\/catfest-annospussi-ankka-ja-tonnikalaa-hyytelossa-markaruoka-kissoille-70-g\/"]}]},{"@type":"ImageObject","inLanguage":"fi","@id":"https:\/\/miumjau.ee\/fi\/tuote\/catfest-annospussi-ankka-ja-tonnikalaa-hyytelossa-markaruoka-kissoille-70-g\/#primaryimage","url":"https:\/\/miumjau.ee\/wp-content\/uploads\/2025\/04\/catfest-margtoit-kassidele11.webp","contentUrl":"https:\/\/miumjau.ee\/wp-content\/uploads\/2025\/04\/catfest-margtoit-kassidele11.webp","width":600,"height":800,"caption":"Catfest m\u00e4rgtoit kassidele, t\u00f5eline filee ja ehtsad maitsed. Tauriiniga"},{"@type":"BreadcrumbList","@id":"https:\/\/miumjau.ee\/fi\/tuote\/catfest-annospussi-ankka-ja-tonnikalaa-hyytelossa-markaruoka-kissoille-70-g\/#breadcrumb","itemListElement":[{"@type":"ListItem","position":1,"name":"Home","item":"https:\/\/miumjau.ee\/fi\/"},{"@type":"ListItem","position":2,"name":"Kauppa","item":"https:\/\/miumjau.ee\/fi\/kauppa\/"},{"@type":"ListItem","position":3,"name":"CatFest annospussi, ankka- ja tonnikalaa hyytel\u00f6ss\u00e4, m\u00e4rk\u00e4ruoka kissoille, 70\u202fg"}]},{"@type":"WebSite","@id":"https:\/\/miumjau.ee\/#website","url":"https:\/\/miumjau.ee\/","name":"MiuMjau","description":"Kraapimispuud kassidele","publisher":{"@id":"https:\/\/miumjau.ee\/#organization"},"potentialAction":[{"@type":"SearchAction","target":{"@type":"EntryPoint","urlTemplate":"https:\/\/miumjau.ee\/?s={search_term_string}"},"query-input":{"@type":"PropertyValueSpecification","valueRequired":true,"valueName":"search_term_string"}}],"inLanguage":"fi"},{"@type":"Organization","@id":"https:\/\/miumjau.ee\/#organization","name":"MiuMjau O\u00dc","url":"https:\/\/miumjau.ee\/","logo":{"@type":"ImageObject","inLanguage":"fi","@id":"https:\/\/miumjau.ee\/#\/schema\/logo\/image\/","url":"https:\/\/miumjau.ee\/wp-content\/uploads\/2022\/04\/MiuMjau-logo-kollane.png","contentUrl":"https:\/\/miumjau.ee\/wp-content\/uploads\/2022\/04\/MiuMjau-logo-kollane.png","width":219,"height":100,"caption":"MiuMjau O\u00dc"},"image":{"@id":"https:\/\/miumjau.ee\/#\/schema\/logo\/image\/"},"sameAs":["https:\/\/www.facebook.com\/miumjaupood\/"]}]}},"_links":{"self":[{"href":"https:\/\/miumjau.ee\/fi\/wp-json\/wp\/v2\/product\/36832","targetHints":{"allow":["GET"]}}],"collection":[{"href":"https:\/\/miumjau.ee\/fi\/wp-json\/wp\/v2\/product"}],"about":[{"href":"https:\/\/miumjau.ee\/fi\/wp-json\/wp\/v2\/types\/product"}],"wp:featuredmedia":[{"embeddable":true,"href":"https:\/\/miumjau.ee\/fi\/wp-json\/wp\/v2\/media\/32701"}],"wp:attachment":[{"href":"https:\/\/miumjau.ee\/fi\/wp-json\/wp\/v2\/media?parent=36832"}],"wp:term":[{"taxonomy":"product_brand","embeddable":true,"href":"https:\/\/miumjau.ee\/fi\/wp-json\/wp\/v2\/product_brand?post=36832"},{"taxonomy":"product_cat","embeddable":true,"href":"https:\/\/miumjau.ee\/fi\/wp-json\/wp\/v2\/product_cat?post=36832"},{"taxonomy":"product_tag","embeddable":true,"href":"https:\/\/miumjau.ee\/fi\/wp-json\/wp\/v2\/product_tag?post=36832"}],"curies":[{"name":"wp","href":"https:\/\/api.w.org\/{rel}","templated":true}]}}