{"id":36824,"date":"2025-04-30T11:20:40","date_gmt":"2025-04-30T08:20:40","guid":{"rendered":"https:\/\/miumjau.ee\/toode\/ontario-sailykeruokaa-kissanpennuille-kanan-ja-katkarapujen-kera-95-g\/"},"modified":"2026-01-07T22:50:57","modified_gmt":"2026-01-07T20:50:57","slug":"ontario-sailykeruokaa-kissanpennuille-kanan-ja-katkarapujen-kera-95-g","status":"publish","type":"product","link":"https:\/\/miumjau.ee\/fi\/tuote\/ontario-sailykeruokaa-kissanpennuille-kanan-ja-katkarapujen-kera-95-g\/","title":{"rendered":"Ontario s\u00e4ilykeruokaa kissanpennuille kanan ja katkarapujen kera 95 g"},"content":{"rendered":"","protected":false},"excerpt":{"rendered":"<p>T\u00e4ysjyv\u00e4inen superpremium-s\u00e4ilyke kissanpennuille.<\/p>\n<p>Aitoa kananrintafileet\u00e4 ja katkarapupaloja.<\/p>\n<p>Kasvi\u00f6ljyt edist\u00e4v\u00e4t ihon terveytt\u00e4 ja kaunista turkkia.<\/p>\n<p>Ei sis\u00e4ll\u00e4 aromeja, synteettisi\u00e4 ruokahalua kiihdytt\u00e4vi\u00e4 aineita, elintarvikev\u00e4rej\u00e4 tai s\u00e4il\u00f6nt\u00e4aineita.<\/p>\n<p>Runsaasti vitamiineja, aminohappoja ja kivenn\u00e4isaineita.<\/p>\n<p>Ainesosat: kana 49,7 %, kanaliemi 43,86 %, katkarapu 3,32 %, elintarviket\u00e4rkkelys 1,1 %, kala 0,75 %, karrageeni 0,66 %, suola 0,61 %.<\/p>\n<p>Analyyttinen koostumus: proteiini 14 %, raaka\u00f6ljyt ja -rasvat 1 %, raakakuitu 0,1 %, raakatuhka 1 %, kosteus 85 %.<\/p>\n","protected":false},"featured_media":33549,"template":"","meta":[],"product_brand":[],"product_cat":[264],"product_tag":[],"class_list":{"0":"post-36824","1":"product","2":"type-product","3":"status-publish","4":"has-post-thumbnail","6":"product_cat-marka-ruoka","8":"first","9":"instock","10":"taxable","11":"shipping-taxable","12":"purchasable","13":"product-type-simple"},"yoast_head":"<!-- This site is optimized with the Yoast SEO plugin v27.4 - https:\/\/yoast.com\/product\/yoast-seo-wordpress\/ -->\n<title>Ontario s\u00e4ilykeruokaa kissanpennuille kanan ja katkarapujen kera 95 g - MiuMjau<\/title>\n<meta name=\"description\" content=\"Ontarion kissanruoka on todella herkullista ja korkealaatuista. Runsaasti lihaa ja lient\u00e4, eik\u00e4 lainkaan viljaa. Aitoa lihaa ja iloa kissallesi!\" \/>\n<meta name=\"robots\" content=\"index, follow, max-snippet:-1, max-image-preview:large, max-video-preview:-1\" \/>\n<link rel=\"canonical\" href=\"https:\/\/miumjau.ee\/fi\/tuote\/ontario-sailykeruokaa-kissanpennuille-kanan-ja-katkarapujen-kera-95-g\/\" \/>\n<meta property=\"og:locale\" content=\"fi_FI\" \/>\n<meta property=\"og:type\" content=\"article\" \/>\n<meta property=\"og:title\" content=\"Ontario s\u00e4ilykeruokaa kissanpennuille kanan ja katkarapujen kera 95 g - MiuMjau\" \/>\n<meta property=\"og:description\" content=\"Ontarion kissanruoka on todella herkullista ja korkealaatuista. Runsaasti lihaa ja lient\u00e4, eik\u00e4 lainkaan viljaa. Aitoa lihaa ja iloa kissallesi!\" \/>\n<meta property=\"og:url\" content=\"https:\/\/miumjau.ee\/fi\/tuote\/ontario-sailykeruokaa-kissanpennuille-kanan-ja-katkarapujen-kera-95-g\/\" \/>\n<meta property=\"og:site_name\" content=\"MiuMjau\" \/>\n<meta property=\"article:publisher\" content=\"https:\/\/www.facebook.com\/miumjaupood\/\" \/>\n<meta property=\"article:modified_time\" content=\"2026-01-07T20:50:57+00:00\" \/>\n<meta property=\"og:image\" content=\"https:\/\/miumjau.ee\/wp-content\/uploads\/2025\/04\/ontario-kassikonserv-95g1.webp\" \/>\n\t<meta property=\"og:image:width\" content=\"1200\" \/>\n\t<meta property=\"og:image:height\" content=\"1600\" \/>\n\t<meta property=\"og:image:type\" content=\"image\/webp\" \/>\n<meta name=\"twitter:card\" content=\"summary_large_image\" \/>\n<script type=\"application\/ld+json\" class=\"yoast-schema-graph\">{\"@context\":\"https:\\\/\\\/schema.org\",\"@graph\":[{\"@type\":\"WebPage\",\"@id\":\"https:\\\/\\\/miumjau.ee\\\/fi\\\/tuote\\\/ontario-sailykeruokaa-kissanpennuille-kanan-ja-katkarapujen-kera-95-g\\\/\",\"url\":\"https:\\\/\\\/miumjau.ee\\\/fi\\\/tuote\\\/ontario-sailykeruokaa-kissanpennuille-kanan-ja-katkarapujen-kera-95-g\\\/\",\"name\":\"Ontario s\u00e4ilykeruokaa kissanpennuille kanan ja katkarapujen kera 95 g - MiuMjau\",\"isPartOf\":{\"@id\":\"https:\\\/\\\/miumjau.ee\\\/#website\"},\"primaryImageOfPage\":{\"@id\":\"https:\\\/\\\/miumjau.ee\\\/fi\\\/tuote\\\/ontario-sailykeruokaa-kissanpennuille-kanan-ja-katkarapujen-kera-95-g\\\/#primaryimage\"},\"image\":{\"@id\":\"https:\\\/\\\/miumjau.ee\\\/fi\\\/tuote\\\/ontario-sailykeruokaa-kissanpennuille-kanan-ja-katkarapujen-kera-95-g\\\/#primaryimage\"},\"thumbnailUrl\":\"https:\\\/\\\/miumjau.ee\\\/wp-content\\\/uploads\\\/2025\\\/04\\\/ontario-kassikonserv-95g1.webp\",\"datePublished\":\"2025-04-30T08:20:40+00:00\",\"dateModified\":\"2026-01-07T20:50:57+00:00\",\"description\":\"Ontarion kissanruoka on todella herkullista ja korkealaatuista. Runsaasti lihaa ja lient\u00e4, eik\u00e4 lainkaan viljaa. Aitoa lihaa ja iloa kissallesi!\",\"breadcrumb\":{\"@id\":\"https:\\\/\\\/miumjau.ee\\\/fi\\\/tuote\\\/ontario-sailykeruokaa-kissanpennuille-kanan-ja-katkarapujen-kera-95-g\\\/#breadcrumb\"},\"inLanguage\":\"fi\",\"potentialAction\":[{\"@type\":\"ReadAction\",\"target\":[\"https:\\\/\\\/miumjau.ee\\\/fi\\\/tuote\\\/ontario-sailykeruokaa-kissanpennuille-kanan-ja-katkarapujen-kera-95-g\\\/\"]}]},{\"@type\":\"ImageObject\",\"inLanguage\":\"fi\",\"@id\":\"https:\\\/\\\/miumjau.ee\\\/fi\\\/tuote\\\/ontario-sailykeruokaa-kissanpennuille-kanan-ja-katkarapujen-kera-95-g\\\/#primaryimage\",\"url\":\"https:\\\/\\\/miumjau.ee\\\/wp-content\\\/uploads\\\/2025\\\/04\\\/ontario-kassikonserv-95g1.webp\",\"contentUrl\":\"https:\\\/\\\/miumjau.ee\\\/wp-content\\\/uploads\\\/2025\\\/04\\\/ontario-kassikonserv-95g1.webp\",\"width\":1200,\"height\":1600,\"caption\":\"Ontario konserv kassipoegadele kana ja krevettidega 95g\"},{\"@type\":\"BreadcrumbList\",\"@id\":\"https:\\\/\\\/miumjau.ee\\\/fi\\\/tuote\\\/ontario-sailykeruokaa-kissanpennuille-kanan-ja-katkarapujen-kera-95-g\\\/#breadcrumb\",\"itemListElement\":[{\"@type\":\"ListItem\",\"position\":1,\"name\":\"Home\",\"item\":\"https:\\\/\\\/miumjau.ee\\\/fi\\\/\"},{\"@type\":\"ListItem\",\"position\":2,\"name\":\"Kauppa\",\"item\":\"https:\\\/\\\/miumjau.ee\\\/fi\\\/kauppa\\\/\"},{\"@type\":\"ListItem\",\"position\":3,\"name\":\"Ontario s\u00e4ilykeruokaa kissanpennuille kanan ja katkarapujen kera 95 g\"}]},{\"@type\":\"WebSite\",\"@id\":\"https:\\\/\\\/miumjau.ee\\\/#website\",\"url\":\"https:\\\/\\\/miumjau.ee\\\/\",\"name\":\"MiuMjau\",\"description\":\"Kraapimispuud kassidele\",\"publisher\":{\"@id\":\"https:\\\/\\\/miumjau.ee\\\/#organization\"},\"potentialAction\":[{\"@type\":\"SearchAction\",\"target\":{\"@type\":\"EntryPoint\",\"urlTemplate\":\"https:\\\/\\\/miumjau.ee\\\/?s={search_term_string}\"},\"query-input\":{\"@type\":\"PropertyValueSpecification\",\"valueRequired\":true,\"valueName\":\"search_term_string\"}}],\"inLanguage\":\"fi\"},{\"@type\":\"Organization\",\"@id\":\"https:\\\/\\\/miumjau.ee\\\/#organization\",\"name\":\"MiuMjau O\u00dc\",\"url\":\"https:\\\/\\\/miumjau.ee\\\/\",\"logo\":{\"@type\":\"ImageObject\",\"inLanguage\":\"fi\",\"@id\":\"https:\\\/\\\/miumjau.ee\\\/#\\\/schema\\\/logo\\\/image\\\/\",\"url\":\"https:\\\/\\\/miumjau.ee\\\/wp-content\\\/uploads\\\/2022\\\/04\\\/MiuMjau-logo-kollane.png\",\"contentUrl\":\"https:\\\/\\\/miumjau.ee\\\/wp-content\\\/uploads\\\/2022\\\/04\\\/MiuMjau-logo-kollane.png\",\"width\":219,\"height\":100,\"caption\":\"MiuMjau O\u00dc\"},\"image\":{\"@id\":\"https:\\\/\\\/miumjau.ee\\\/#\\\/schema\\\/logo\\\/image\\\/\"},\"sameAs\":[\"https:\\\/\\\/www.facebook.com\\\/miumjaupood\\\/\"]}]}<\/script>\n<!-- \/ Yoast SEO plugin. -->","yoast_head_json":{"title":"Ontario s\u00e4ilykeruokaa kissanpennuille kanan ja katkarapujen kera 95 g - MiuMjau","description":"Ontarion kissanruoka on todella herkullista ja korkealaatuista. Runsaasti lihaa ja lient\u00e4, eik\u00e4 lainkaan viljaa. Aitoa lihaa ja iloa kissallesi!","robots":{"index":"index","follow":"follow","max-snippet":"max-snippet:-1","max-image-preview":"max-image-preview:large","max-video-preview":"max-video-preview:-1"},"canonical":"https:\/\/miumjau.ee\/fi\/tuote\/ontario-sailykeruokaa-kissanpennuille-kanan-ja-katkarapujen-kera-95-g\/","og_locale":"fi_FI","og_type":"article","og_title":"Ontario s\u00e4ilykeruokaa kissanpennuille kanan ja katkarapujen kera 95 g - MiuMjau","og_description":"Ontarion kissanruoka on todella herkullista ja korkealaatuista. Runsaasti lihaa ja lient\u00e4, eik\u00e4 lainkaan viljaa. Aitoa lihaa ja iloa kissallesi!","og_url":"https:\/\/miumjau.ee\/fi\/tuote\/ontario-sailykeruokaa-kissanpennuille-kanan-ja-katkarapujen-kera-95-g\/","og_site_name":"MiuMjau","article_publisher":"https:\/\/www.facebook.com\/miumjaupood\/","article_modified_time":"2026-01-07T20:50:57+00:00","og_image":[{"width":1200,"height":1600,"url":"https:\/\/miumjau.ee\/wp-content\/uploads\/2025\/04\/ontario-kassikonserv-95g1.webp","type":"image\/webp"}],"twitter_card":"summary_large_image","schema":{"@context":"https:\/\/schema.org","@graph":[{"@type":"WebPage","@id":"https:\/\/miumjau.ee\/fi\/tuote\/ontario-sailykeruokaa-kissanpennuille-kanan-ja-katkarapujen-kera-95-g\/","url":"https:\/\/miumjau.ee\/fi\/tuote\/ontario-sailykeruokaa-kissanpennuille-kanan-ja-katkarapujen-kera-95-g\/","name":"Ontario s\u00e4ilykeruokaa kissanpennuille kanan ja katkarapujen kera 95 g - MiuMjau","isPartOf":{"@id":"https:\/\/miumjau.ee\/#website"},"primaryImageOfPage":{"@id":"https:\/\/miumjau.ee\/fi\/tuote\/ontario-sailykeruokaa-kissanpennuille-kanan-ja-katkarapujen-kera-95-g\/#primaryimage"},"image":{"@id":"https:\/\/miumjau.ee\/fi\/tuote\/ontario-sailykeruokaa-kissanpennuille-kanan-ja-katkarapujen-kera-95-g\/#primaryimage"},"thumbnailUrl":"https:\/\/miumjau.ee\/wp-content\/uploads\/2025\/04\/ontario-kassikonserv-95g1.webp","datePublished":"2025-04-30T08:20:40+00:00","dateModified":"2026-01-07T20:50:57+00:00","description":"Ontarion kissanruoka on todella herkullista ja korkealaatuista. Runsaasti lihaa ja lient\u00e4, eik\u00e4 lainkaan viljaa. Aitoa lihaa ja iloa kissallesi!","breadcrumb":{"@id":"https:\/\/miumjau.ee\/fi\/tuote\/ontario-sailykeruokaa-kissanpennuille-kanan-ja-katkarapujen-kera-95-g\/#breadcrumb"},"inLanguage":"fi","potentialAction":[{"@type":"ReadAction","target":["https:\/\/miumjau.ee\/fi\/tuote\/ontario-sailykeruokaa-kissanpennuille-kanan-ja-katkarapujen-kera-95-g\/"]}]},{"@type":"ImageObject","inLanguage":"fi","@id":"https:\/\/miumjau.ee\/fi\/tuote\/ontario-sailykeruokaa-kissanpennuille-kanan-ja-katkarapujen-kera-95-g\/#primaryimage","url":"https:\/\/miumjau.ee\/wp-content\/uploads\/2025\/04\/ontario-kassikonserv-95g1.webp","contentUrl":"https:\/\/miumjau.ee\/wp-content\/uploads\/2025\/04\/ontario-kassikonserv-95g1.webp","width":1200,"height":1600,"caption":"Ontario konserv kassipoegadele kana ja krevettidega 95g"},{"@type":"BreadcrumbList","@id":"https:\/\/miumjau.ee\/fi\/tuote\/ontario-sailykeruokaa-kissanpennuille-kanan-ja-katkarapujen-kera-95-g\/#breadcrumb","itemListElement":[{"@type":"ListItem","position":1,"name":"Home","item":"https:\/\/miumjau.ee\/fi\/"},{"@type":"ListItem","position":2,"name":"Kauppa","item":"https:\/\/miumjau.ee\/fi\/kauppa\/"},{"@type":"ListItem","position":3,"name":"Ontario s\u00e4ilykeruokaa kissanpennuille kanan ja katkarapujen kera 95 g"}]},{"@type":"WebSite","@id":"https:\/\/miumjau.ee\/#website","url":"https:\/\/miumjau.ee\/","name":"MiuMjau","description":"Kraapimispuud kassidele","publisher":{"@id":"https:\/\/miumjau.ee\/#organization"},"potentialAction":[{"@type":"SearchAction","target":{"@type":"EntryPoint","urlTemplate":"https:\/\/miumjau.ee\/?s={search_term_string}"},"query-input":{"@type":"PropertyValueSpecification","valueRequired":true,"valueName":"search_term_string"}}],"inLanguage":"fi"},{"@type":"Organization","@id":"https:\/\/miumjau.ee\/#organization","name":"MiuMjau O\u00dc","url":"https:\/\/miumjau.ee\/","logo":{"@type":"ImageObject","inLanguage":"fi","@id":"https:\/\/miumjau.ee\/#\/schema\/logo\/image\/","url":"https:\/\/miumjau.ee\/wp-content\/uploads\/2022\/04\/MiuMjau-logo-kollane.png","contentUrl":"https:\/\/miumjau.ee\/wp-content\/uploads\/2022\/04\/MiuMjau-logo-kollane.png","width":219,"height":100,"caption":"MiuMjau O\u00dc"},"image":{"@id":"https:\/\/miumjau.ee\/#\/schema\/logo\/image\/"},"sameAs":["https:\/\/www.facebook.com\/miumjaupood\/"]}]}},"_links":{"self":[{"href":"https:\/\/miumjau.ee\/fi\/wp-json\/wp\/v2\/product\/36824","targetHints":{"allow":["GET"]}}],"collection":[{"href":"https:\/\/miumjau.ee\/fi\/wp-json\/wp\/v2\/product"}],"about":[{"href":"https:\/\/miumjau.ee\/fi\/wp-json\/wp\/v2\/types\/product"}],"wp:featuredmedia":[{"embeddable":true,"href":"https:\/\/miumjau.ee\/fi\/wp-json\/wp\/v2\/media\/33549"}],"wp:attachment":[{"href":"https:\/\/miumjau.ee\/fi\/wp-json\/wp\/v2\/media?parent=36824"}],"wp:term":[{"taxonomy":"product_brand","embeddable":true,"href":"https:\/\/miumjau.ee\/fi\/wp-json\/wp\/v2\/product_brand?post=36824"},{"taxonomy":"product_cat","embeddable":true,"href":"https:\/\/miumjau.ee\/fi\/wp-json\/wp\/v2\/product_cat?post=36824"},{"taxonomy":"product_tag","embeddable":true,"href":"https:\/\/miumjau.ee\/fi\/wp-json\/wp\/v2\/product_tag?post=36824"}],"curies":[{"name":"wp","href":"https:\/\/api.w.org\/{rel}","templated":true}]}}