{"id":36821,"date":"2025-05-03T09:17:43","date_gmt":"2025-05-03T06:17:43","guid":{"rendered":"https:\/\/miumjau.ee\/toode\/ontario-lihapatee-kissanpennuille-kanan-ja-katkarapujen-kera-400-g\/"},"modified":"2026-01-07T22:50:57","modified_gmt":"2026-01-07T20:50:57","slug":"ontario-lihapatee-kissanpennuille-kanan-ja-katkarapujen-kera-400-g","status":"publish","type":"product","link":"https:\/\/miumjau.ee\/fi\/tuote\/ontario-lihapatee-kissanpennuille-kanan-ja-katkarapujen-kera-400-g\/","title":{"rendered":"Ontario-lihapatee kissanpennuille kanan ja katkarapujen kera 400 g"},"content":{"rendered":"","protected":false},"excerpt":{"rendered":"<p>Ontario Rich -kanapatee katkaravuilla. T\u00e4ysravinto kissanpennuille 2 kuukauden i\u00e4st\u00e4 alkaen.<\/p>\n<p>Ainesosat: Liemi 28,075 %, kana 25,1 %, sianliha 18,2 %, naudanliha 10,7 %, maksa 8 %, katkaravut 5 %, keitetty riisi 3 %, kivenn\u00e4isaineet 1 %, lohi\u00f6ljy 0,5 %, inuliini 0,4 %, tyrni 0,025 %.<\/p>\n<p>Analyyttiset ainesosat: Raakaproteiini 11,5 %, raakarasva 6,5 \u200b\u200b%, raakatuhka 2,5 %, raakakuitu 0,4 %, kosteus 80 %, kalsium 0,27 %.<\/p>\n<p>Lis\u00e4aineet \/ Ravintosis\u00e4lt\u00f6 per kg A-vitamiini 2500 IU, D3-vitamiini 160 IU, E-vitamiini 100 mg, Sinkki (sinkkisulfaattimonohydraatti): 10 mg, Mangaani (mangaanioksidi): 2,5 mg, Kupari (kuparisulfaattipentahydraatti): 1,2 mg, Jodi (vedet\u00f6n kalsiumjodaatti): 0,2 mg, Tauriini 520 mg, Biotiini 100 \u03bcg.<\/p>\n<p>Ruokintaohjeet P\u00e4ivitt\u00e4inen annos riippuu kissasi aktiivisuustasosta, i\u00e4st\u00e4, ymp\u00e4rist\u00f6st\u00e4 ja rodusta. Suositeltu p\u00e4iv\u00e4annos l\u00f6ytyy ruokintataulukosta. Ruoki mieluiten 2-3 kertaa p\u00e4iv\u00e4ss\u00e4. Anna aluksi ruokintataulukon mukainen p\u00e4iv\u00e4annos ja s\u00e4\u00e4d\u00e4 sit\u00e4 sitten v\u00e4hitellen kissasi kunnon mukaan. Tarjoile parhaiten huoneenl\u00e4mm\u00f6ss\u00e4. S\u00e4ilyt\u00e4 viile\u00e4ss\u00e4, kuivassa paikassa ennen avaamista, poissa suorasta auringonvalosta. Avaamisen j\u00e4lkeen s\u00e4ilyt\u00e4 j\u00e4\u00e4kaapissa ja k\u00e4yt\u00e4 2 p\u00e4iv\u00e4n kuluessa. Tuotetta ei ole tarkoitettu ihmisravinnoksi. Varmista, ett\u00e4 kissalla on saatavilla tuoretta juomavett\u00e4. Parasta ennen -p\u00e4iv\u00e4ys\/er\u00e4numero: katso koodi purkin pohjasta.<\/p>\n","protected":false},"featured_media":33806,"template":"","meta":[],"product_brand":[],"product_cat":[264],"product_tag":[],"class_list":{"0":"post-36821","1":"product","2":"type-product","3":"status-publish","4":"has-post-thumbnail","6":"product_cat-marka-ruoka","8":"first","9":"instock","10":"taxable","11":"shipping-taxable","12":"purchasable","13":"product-type-simple"},"yoast_head":"<!-- This site is optimized with the Yoast SEO plugin v27.4 - https:\/\/yoast.com\/product\/yoast-seo-wordpress\/ -->\n<title>Ontario-lihapatee kissanpennuille kanan ja katkarapujen kera 400 g - MiuMjau<\/title>\n<meta name=\"description\" content=\"Ontario-patee on todella lihaisa ja tasainen patee, josta kissat, jotka eiv\u00e4t pid\u00e4 lohkoruoasta, pit\u00e4v\u00e4t. Hemmottele niit\u00e4 oikealla ruoalla!\" \/>\n<meta name=\"robots\" content=\"index, follow, max-snippet:-1, max-image-preview:large, max-video-preview:-1\" \/>\n<link rel=\"canonical\" href=\"https:\/\/miumjau.ee\/fi\/tuote\/ontario-lihapatee-kissanpennuille-kanan-ja-katkarapujen-kera-400-g\/\" \/>\n<meta property=\"og:locale\" content=\"fi_FI\" \/>\n<meta property=\"og:type\" content=\"article\" \/>\n<meta property=\"og:title\" content=\"Ontario-lihapatee kissanpennuille kanan ja katkarapujen kera 400 g - MiuMjau\" \/>\n<meta property=\"og:description\" content=\"Ontario-patee on todella lihaisa ja tasainen patee, josta kissat, jotka eiv\u00e4t pid\u00e4 lohkoruoasta, pit\u00e4v\u00e4t. Hemmottele niit\u00e4 oikealla ruoalla!\" \/>\n<meta property=\"og:url\" content=\"https:\/\/miumjau.ee\/fi\/tuote\/ontario-lihapatee-kissanpennuille-kanan-ja-katkarapujen-kera-400-g\/\" \/>\n<meta property=\"og:site_name\" content=\"MiuMjau\" \/>\n<meta property=\"article:publisher\" content=\"https:\/\/www.facebook.com\/miumjaupood\/\" \/>\n<meta property=\"article:modified_time\" content=\"2026-01-07T20:50:57+00:00\" \/>\n<meta property=\"og:image\" content=\"https:\/\/miumjau.ee\/wp-content\/uploads\/2025\/05\/konserv-kassidele-ontario-400g3.webp\" \/>\n\t<meta property=\"og:image:width\" content=\"1200\" \/>\n\t<meta property=\"og:image:height\" content=\"1600\" \/>\n\t<meta property=\"og:image:type\" content=\"image\/webp\" \/>\n<meta name=\"twitter:card\" content=\"summary_large_image\" \/>\n<script type=\"application\/ld+json\" class=\"yoast-schema-graph\">{\"@context\":\"https:\\\/\\\/schema.org\",\"@graph\":[{\"@type\":\"WebPage\",\"@id\":\"https:\\\/\\\/miumjau.ee\\\/fi\\\/tuote\\\/ontario-lihapatee-kissanpennuille-kanan-ja-katkarapujen-kera-400-g\\\/\",\"url\":\"https:\\\/\\\/miumjau.ee\\\/fi\\\/tuote\\\/ontario-lihapatee-kissanpennuille-kanan-ja-katkarapujen-kera-400-g\\\/\",\"name\":\"Ontario-lihapatee kissanpennuille kanan ja katkarapujen kera 400 g - MiuMjau\",\"isPartOf\":{\"@id\":\"https:\\\/\\\/miumjau.ee\\\/#website\"},\"primaryImageOfPage\":{\"@id\":\"https:\\\/\\\/miumjau.ee\\\/fi\\\/tuote\\\/ontario-lihapatee-kissanpennuille-kanan-ja-katkarapujen-kera-400-g\\\/#primaryimage\"},\"image\":{\"@id\":\"https:\\\/\\\/miumjau.ee\\\/fi\\\/tuote\\\/ontario-lihapatee-kissanpennuille-kanan-ja-katkarapujen-kera-400-g\\\/#primaryimage\"},\"thumbnailUrl\":\"https:\\\/\\\/miumjau.ee\\\/wp-content\\\/uploads\\\/2025\\\/05\\\/konserv-kassidele-ontario-400g3.webp\",\"datePublished\":\"2025-05-03T06:17:43+00:00\",\"dateModified\":\"2026-01-07T20:50:57+00:00\",\"description\":\"Ontario-patee on todella lihaisa ja tasainen patee, josta kissat, jotka eiv\u00e4t pid\u00e4 lohkoruoasta, pit\u00e4v\u00e4t. Hemmottele niit\u00e4 oikealla ruoalla!\",\"breadcrumb\":{\"@id\":\"https:\\\/\\\/miumjau.ee\\\/fi\\\/tuote\\\/ontario-lihapatee-kissanpennuille-kanan-ja-katkarapujen-kera-400-g\\\/#breadcrumb\"},\"inLanguage\":\"fi\",\"potentialAction\":[{\"@type\":\"ReadAction\",\"target\":[\"https:\\\/\\\/miumjau.ee\\\/fi\\\/tuote\\\/ontario-lihapatee-kissanpennuille-kanan-ja-katkarapujen-kera-400-g\\\/\"]}]},{\"@type\":\"ImageObject\",\"inLanguage\":\"fi\",\"@id\":\"https:\\\/\\\/miumjau.ee\\\/fi\\\/tuote\\\/ontario-lihapatee-kissanpennuille-kanan-ja-katkarapujen-kera-400-g\\\/#primaryimage\",\"url\":\"https:\\\/\\\/miumjau.ee\\\/wp-content\\\/uploads\\\/2025\\\/05\\\/konserv-kassidele-ontario-400g3.webp\",\"contentUrl\":\"https:\\\/\\\/miumjau.ee\\\/wp-content\\\/uploads\\\/2025\\\/05\\\/konserv-kassidele-ontario-400g3.webp\",\"width\":1200,\"height\":1600,\"caption\":\"Ontario lihapatee kassipojale kana ja krevettidega 400g\"},{\"@type\":\"BreadcrumbList\",\"@id\":\"https:\\\/\\\/miumjau.ee\\\/fi\\\/tuote\\\/ontario-lihapatee-kissanpennuille-kanan-ja-katkarapujen-kera-400-g\\\/#breadcrumb\",\"itemListElement\":[{\"@type\":\"ListItem\",\"position\":1,\"name\":\"Home\",\"item\":\"https:\\\/\\\/miumjau.ee\\\/fi\\\/\"},{\"@type\":\"ListItem\",\"position\":2,\"name\":\"Kauppa\",\"item\":\"https:\\\/\\\/miumjau.ee\\\/fi\\\/kauppa\\\/\"},{\"@type\":\"ListItem\",\"position\":3,\"name\":\"Ontario-lihapatee kissanpennuille kanan ja katkarapujen kera 400 g\"}]},{\"@type\":\"WebSite\",\"@id\":\"https:\\\/\\\/miumjau.ee\\\/#website\",\"url\":\"https:\\\/\\\/miumjau.ee\\\/\",\"name\":\"MiuMjau\",\"description\":\"Kraapimispuud kassidele\",\"publisher\":{\"@id\":\"https:\\\/\\\/miumjau.ee\\\/#organization\"},\"potentialAction\":[{\"@type\":\"SearchAction\",\"target\":{\"@type\":\"EntryPoint\",\"urlTemplate\":\"https:\\\/\\\/miumjau.ee\\\/?s={search_term_string}\"},\"query-input\":{\"@type\":\"PropertyValueSpecification\",\"valueRequired\":true,\"valueName\":\"search_term_string\"}}],\"inLanguage\":\"fi\"},{\"@type\":\"Organization\",\"@id\":\"https:\\\/\\\/miumjau.ee\\\/#organization\",\"name\":\"MiuMjau O\u00dc\",\"url\":\"https:\\\/\\\/miumjau.ee\\\/\",\"logo\":{\"@type\":\"ImageObject\",\"inLanguage\":\"fi\",\"@id\":\"https:\\\/\\\/miumjau.ee\\\/#\\\/schema\\\/logo\\\/image\\\/\",\"url\":\"https:\\\/\\\/miumjau.ee\\\/wp-content\\\/uploads\\\/2022\\\/04\\\/MiuMjau-logo-kollane.png\",\"contentUrl\":\"https:\\\/\\\/miumjau.ee\\\/wp-content\\\/uploads\\\/2022\\\/04\\\/MiuMjau-logo-kollane.png\",\"width\":219,\"height\":100,\"caption\":\"MiuMjau O\u00dc\"},\"image\":{\"@id\":\"https:\\\/\\\/miumjau.ee\\\/#\\\/schema\\\/logo\\\/image\\\/\"},\"sameAs\":[\"https:\\\/\\\/www.facebook.com\\\/miumjaupood\\\/\"]}]}<\/script>\n<!-- \/ Yoast SEO plugin. -->","yoast_head_json":{"title":"Ontario-lihapatee kissanpennuille kanan ja katkarapujen kera 400 g - MiuMjau","description":"Ontario-patee on todella lihaisa ja tasainen patee, josta kissat, jotka eiv\u00e4t pid\u00e4 lohkoruoasta, pit\u00e4v\u00e4t. Hemmottele niit\u00e4 oikealla ruoalla!","robots":{"index":"index","follow":"follow","max-snippet":"max-snippet:-1","max-image-preview":"max-image-preview:large","max-video-preview":"max-video-preview:-1"},"canonical":"https:\/\/miumjau.ee\/fi\/tuote\/ontario-lihapatee-kissanpennuille-kanan-ja-katkarapujen-kera-400-g\/","og_locale":"fi_FI","og_type":"article","og_title":"Ontario-lihapatee kissanpennuille kanan ja katkarapujen kera 400 g - MiuMjau","og_description":"Ontario-patee on todella lihaisa ja tasainen patee, josta kissat, jotka eiv\u00e4t pid\u00e4 lohkoruoasta, pit\u00e4v\u00e4t. Hemmottele niit\u00e4 oikealla ruoalla!","og_url":"https:\/\/miumjau.ee\/fi\/tuote\/ontario-lihapatee-kissanpennuille-kanan-ja-katkarapujen-kera-400-g\/","og_site_name":"MiuMjau","article_publisher":"https:\/\/www.facebook.com\/miumjaupood\/","article_modified_time":"2026-01-07T20:50:57+00:00","og_image":[{"width":1200,"height":1600,"url":"https:\/\/miumjau.ee\/wp-content\/uploads\/2025\/05\/konserv-kassidele-ontario-400g3.webp","type":"image\/webp"}],"twitter_card":"summary_large_image","schema":{"@context":"https:\/\/schema.org","@graph":[{"@type":"WebPage","@id":"https:\/\/miumjau.ee\/fi\/tuote\/ontario-lihapatee-kissanpennuille-kanan-ja-katkarapujen-kera-400-g\/","url":"https:\/\/miumjau.ee\/fi\/tuote\/ontario-lihapatee-kissanpennuille-kanan-ja-katkarapujen-kera-400-g\/","name":"Ontario-lihapatee kissanpennuille kanan ja katkarapujen kera 400 g - MiuMjau","isPartOf":{"@id":"https:\/\/miumjau.ee\/#website"},"primaryImageOfPage":{"@id":"https:\/\/miumjau.ee\/fi\/tuote\/ontario-lihapatee-kissanpennuille-kanan-ja-katkarapujen-kera-400-g\/#primaryimage"},"image":{"@id":"https:\/\/miumjau.ee\/fi\/tuote\/ontario-lihapatee-kissanpennuille-kanan-ja-katkarapujen-kera-400-g\/#primaryimage"},"thumbnailUrl":"https:\/\/miumjau.ee\/wp-content\/uploads\/2025\/05\/konserv-kassidele-ontario-400g3.webp","datePublished":"2025-05-03T06:17:43+00:00","dateModified":"2026-01-07T20:50:57+00:00","description":"Ontario-patee on todella lihaisa ja tasainen patee, josta kissat, jotka eiv\u00e4t pid\u00e4 lohkoruoasta, pit\u00e4v\u00e4t. Hemmottele niit\u00e4 oikealla ruoalla!","breadcrumb":{"@id":"https:\/\/miumjau.ee\/fi\/tuote\/ontario-lihapatee-kissanpennuille-kanan-ja-katkarapujen-kera-400-g\/#breadcrumb"},"inLanguage":"fi","potentialAction":[{"@type":"ReadAction","target":["https:\/\/miumjau.ee\/fi\/tuote\/ontario-lihapatee-kissanpennuille-kanan-ja-katkarapujen-kera-400-g\/"]}]},{"@type":"ImageObject","inLanguage":"fi","@id":"https:\/\/miumjau.ee\/fi\/tuote\/ontario-lihapatee-kissanpennuille-kanan-ja-katkarapujen-kera-400-g\/#primaryimage","url":"https:\/\/miumjau.ee\/wp-content\/uploads\/2025\/05\/konserv-kassidele-ontario-400g3.webp","contentUrl":"https:\/\/miumjau.ee\/wp-content\/uploads\/2025\/05\/konserv-kassidele-ontario-400g3.webp","width":1200,"height":1600,"caption":"Ontario lihapatee kassipojale kana ja krevettidega 400g"},{"@type":"BreadcrumbList","@id":"https:\/\/miumjau.ee\/fi\/tuote\/ontario-lihapatee-kissanpennuille-kanan-ja-katkarapujen-kera-400-g\/#breadcrumb","itemListElement":[{"@type":"ListItem","position":1,"name":"Home","item":"https:\/\/miumjau.ee\/fi\/"},{"@type":"ListItem","position":2,"name":"Kauppa","item":"https:\/\/miumjau.ee\/fi\/kauppa\/"},{"@type":"ListItem","position":3,"name":"Ontario-lihapatee kissanpennuille kanan ja katkarapujen kera 400 g"}]},{"@type":"WebSite","@id":"https:\/\/miumjau.ee\/#website","url":"https:\/\/miumjau.ee\/","name":"MiuMjau","description":"Kraapimispuud kassidele","publisher":{"@id":"https:\/\/miumjau.ee\/#organization"},"potentialAction":[{"@type":"SearchAction","target":{"@type":"EntryPoint","urlTemplate":"https:\/\/miumjau.ee\/?s={search_term_string}"},"query-input":{"@type":"PropertyValueSpecification","valueRequired":true,"valueName":"search_term_string"}}],"inLanguage":"fi"},{"@type":"Organization","@id":"https:\/\/miumjau.ee\/#organization","name":"MiuMjau O\u00dc","url":"https:\/\/miumjau.ee\/","logo":{"@type":"ImageObject","inLanguage":"fi","@id":"https:\/\/miumjau.ee\/#\/schema\/logo\/image\/","url":"https:\/\/miumjau.ee\/wp-content\/uploads\/2022\/04\/MiuMjau-logo-kollane.png","contentUrl":"https:\/\/miumjau.ee\/wp-content\/uploads\/2022\/04\/MiuMjau-logo-kollane.png","width":219,"height":100,"caption":"MiuMjau O\u00dc"},"image":{"@id":"https:\/\/miumjau.ee\/#\/schema\/logo\/image\/"},"sameAs":["https:\/\/www.facebook.com\/miumjaupood\/"]}]}},"_links":{"self":[{"href":"https:\/\/miumjau.ee\/fi\/wp-json\/wp\/v2\/product\/36821","targetHints":{"allow":["GET"]}}],"collection":[{"href":"https:\/\/miumjau.ee\/fi\/wp-json\/wp\/v2\/product"}],"about":[{"href":"https:\/\/miumjau.ee\/fi\/wp-json\/wp\/v2\/types\/product"}],"wp:featuredmedia":[{"embeddable":true,"href":"https:\/\/miumjau.ee\/fi\/wp-json\/wp\/v2\/media\/33806"}],"wp:attachment":[{"href":"https:\/\/miumjau.ee\/fi\/wp-json\/wp\/v2\/media?parent=36821"}],"wp:term":[{"taxonomy":"product_brand","embeddable":true,"href":"https:\/\/miumjau.ee\/fi\/wp-json\/wp\/v2\/product_brand?post=36821"},{"taxonomy":"product_cat","embeddable":true,"href":"https:\/\/miumjau.ee\/fi\/wp-json\/wp\/v2\/product_cat?post=36821"},{"taxonomy":"product_tag","embeddable":true,"href":"https:\/\/miumjau.ee\/fi\/wp-json\/wp\/v2\/product_tag?post=36821"}],"curies":[{"name":"wp","href":"https:\/\/api.w.org\/{rel}","templated":true}]}}