{"id":36820,"date":"2025-05-03T09:17:46","date_gmt":"2025-05-03T06:17:46","guid":{"rendered":"https:\/\/miumjau.ee\/toode\/ontario-lihapatee-kissoille-kanan-kalkkunan-ja-tyrnin-kera-400-g\/"},"modified":"2026-01-07T22:50:57","modified_gmt":"2026-01-07T20:50:57","slug":"ontario-lihapatee-kissoille-kanan-kalkkunan-ja-tyrnin-kera-400-g","status":"publish","type":"product","link":"https:\/\/miumjau.ee\/fi\/tuote\/ontario-lihapatee-kissoille-kanan-kalkkunan-ja-tyrnin-kera-400-g\/","title":{"rendered":"Ontario-lihapatee kissoille kanan, kalkkunan ja tyrnin kera 400 g"},"content":{"rendered":"","protected":false},"excerpt":{"rendered":"<p>T\u00e4ytel\u00e4inen kana- ja kalkkunapatee, maustettu tyrnill\u00e4. T\u00e4ysrehu aikuisille kissoille 1-vuotiaasta alkaen.<\/p>\n<p>Ainesosat: Liemi 28,175 %, sianliha 26 %, kana 20,5 %, kalkkuna 12,2 %, naudanliha 11,3 %, kivenn\u00e4isaineet 0,9 %, lohi\u00f6ljy 0,5 %, inuliini 0,4 %, tyrni 0,025 %.<\/p>\n<p>Analyyttiset ainesosat: Raakaproteiini 11 %, raakarasva 6 %, raakatuhka 2,5 %, raakakuitu 0,5 %, kosteus 80 %.<\/p>\n<p>Lis\u00e4aineet \/ Ravitsemukselliset lis\u00e4aineet per kg: D3-vitamiini 160 IU, E-vitamiini 100 mg, sinkki (sinkkisulfaattimonohydraatti): 10 mg, mangaani (mangaanioksidi): 2 mg, kupari (kuparisulfaattipentahydraatti): 1,2 mg, jodi (vedet\u00f6n kalsiumjodaatti): 0,2 mg, tauriini 520 mg, biotiini 100 \u03bcg. Ruokintaohjeet P\u00e4ivitt\u00e4inen m\u00e4\u00e4r\u00e4 riippuu kissasi aktiivisuustasosta, i\u00e4st\u00e4, ymp\u00e4rist\u00f6st\u00e4 ja rodusta. Keskim\u00e4\u00e4r\u00e4inen 3\u20135 kg painava kissa tarvitsee 220\u2013310 g ruokaa p\u00e4iv\u00e4ss\u00e4, mieluiten kahteen ateriaan jaettuna. Aluksi anna yll\u00e4 oleva p\u00e4iv\u00e4m\u00e4\u00e4r\u00e4 ja s\u00e4\u00e4d\u00e4 sitten annosta v\u00e4hitellen kissasi kunnon mukaan. Parhaimmillaan huoneenl\u00e4mm\u00f6ss\u00e4. S\u00e4ilyt\u00e4 viile\u00e4ss\u00e4, kuivassa paikassa ennen avaamista, poissa suorasta auringonvalosta. Avaamisen j\u00e4lkeen s\u00e4ilyt\u00e4 j\u00e4\u00e4kaapissa ja k\u00e4yt\u00e4 2 p\u00e4iv\u00e4n kuluessa. Tuotetta ei ole tarkoitettu ihmisravinnoksi. Varmista, ett\u00e4 kissalla on saatavilla raikasta juomavett\u00e4. Parasta ennen -p\u00e4iv\u00e4ys\/er\u00e4numero: katso koodi purkin pohjasta.<\/p>\n","protected":false},"featured_media":33802,"template":"","meta":[],"product_brand":[],"product_cat":[264],"product_tag":[],"class_list":{"0":"post-36820","1":"product","2":"type-product","3":"status-publish","4":"has-post-thumbnail","6":"product_cat-marka-ruoka","8":"first","9":"instock","10":"taxable","11":"shipping-taxable","12":"purchasable","13":"product-type-simple"},"yoast_head":"<!-- This site is optimized with the Yoast SEO plugin v27.4 - https:\/\/yoast.com\/product\/yoast-seo-wordpress\/ -->\n<title>Ontario-lihapatee kissoille kanan, kalkkunan ja tyrnin kera 400 g - MiuMjau<\/title>\n<meta name=\"description\" content=\"Ontario-patee on todella lihaisa ja tasainen patee, josta kissat, jotka eiv\u00e4t pid\u00e4 lohkoruoasta, pit\u00e4v\u00e4t. Hemmottele niit\u00e4 oikealla ruoalla!\" \/>\n<meta name=\"robots\" content=\"index, follow, max-snippet:-1, max-image-preview:large, max-video-preview:-1\" \/>\n<link rel=\"canonical\" href=\"https:\/\/miumjau.ee\/fi\/tuote\/ontario-lihapatee-kissoille-kanan-kalkkunan-ja-tyrnin-kera-400-g\/\" \/>\n<meta property=\"og:locale\" content=\"fi_FI\" \/>\n<meta property=\"og:type\" content=\"article\" \/>\n<meta property=\"og:title\" content=\"Ontario-lihapatee kissoille kanan, kalkkunan ja tyrnin kera 400 g - MiuMjau\" \/>\n<meta property=\"og:description\" content=\"Ontario-patee on todella lihaisa ja tasainen patee, josta kissat, jotka eiv\u00e4t pid\u00e4 lohkoruoasta, pit\u00e4v\u00e4t. Hemmottele niit\u00e4 oikealla ruoalla!\" \/>\n<meta property=\"og:url\" content=\"https:\/\/miumjau.ee\/fi\/tuote\/ontario-lihapatee-kissoille-kanan-kalkkunan-ja-tyrnin-kera-400-g\/\" \/>\n<meta property=\"og:site_name\" content=\"MiuMjau\" \/>\n<meta property=\"article:publisher\" content=\"https:\/\/www.facebook.com\/miumjaupood\/\" \/>\n<meta property=\"article:modified_time\" content=\"2026-01-07T20:50:57+00:00\" \/>\n<meta property=\"og:image\" content=\"https:\/\/miumjau.ee\/wp-content\/uploads\/2025\/05\/konserv-kassidele-ontario-400g2.webp\" \/>\n\t<meta property=\"og:image:width\" content=\"1200\" \/>\n\t<meta property=\"og:image:height\" content=\"1600\" \/>\n\t<meta property=\"og:image:type\" content=\"image\/webp\" \/>\n<meta name=\"twitter:card\" content=\"summary_large_image\" \/>\n<script type=\"application\/ld+json\" class=\"yoast-schema-graph\">{\"@context\":\"https:\\\/\\\/schema.org\",\"@graph\":[{\"@type\":\"WebPage\",\"@id\":\"https:\\\/\\\/miumjau.ee\\\/fi\\\/tuote\\\/ontario-lihapatee-kissoille-kanan-kalkkunan-ja-tyrnin-kera-400-g\\\/\",\"url\":\"https:\\\/\\\/miumjau.ee\\\/fi\\\/tuote\\\/ontario-lihapatee-kissoille-kanan-kalkkunan-ja-tyrnin-kera-400-g\\\/\",\"name\":\"Ontario-lihapatee kissoille kanan, kalkkunan ja tyrnin kera 400 g - MiuMjau\",\"isPartOf\":{\"@id\":\"https:\\\/\\\/miumjau.ee\\\/#website\"},\"primaryImageOfPage\":{\"@id\":\"https:\\\/\\\/miumjau.ee\\\/fi\\\/tuote\\\/ontario-lihapatee-kissoille-kanan-kalkkunan-ja-tyrnin-kera-400-g\\\/#primaryimage\"},\"image\":{\"@id\":\"https:\\\/\\\/miumjau.ee\\\/fi\\\/tuote\\\/ontario-lihapatee-kissoille-kanan-kalkkunan-ja-tyrnin-kera-400-g\\\/#primaryimage\"},\"thumbnailUrl\":\"https:\\\/\\\/miumjau.ee\\\/wp-content\\\/uploads\\\/2025\\\/05\\\/konserv-kassidele-ontario-400g2.webp\",\"datePublished\":\"2025-05-03T06:17:46+00:00\",\"dateModified\":\"2026-01-07T20:50:57+00:00\",\"description\":\"Ontario-patee on todella lihaisa ja tasainen patee, josta kissat, jotka eiv\u00e4t pid\u00e4 lohkoruoasta, pit\u00e4v\u00e4t. Hemmottele niit\u00e4 oikealla ruoalla!\",\"breadcrumb\":{\"@id\":\"https:\\\/\\\/miumjau.ee\\\/fi\\\/tuote\\\/ontario-lihapatee-kissoille-kanan-kalkkunan-ja-tyrnin-kera-400-g\\\/#breadcrumb\"},\"inLanguage\":\"fi\",\"potentialAction\":[{\"@type\":\"ReadAction\",\"target\":[\"https:\\\/\\\/miumjau.ee\\\/fi\\\/tuote\\\/ontario-lihapatee-kissoille-kanan-kalkkunan-ja-tyrnin-kera-400-g\\\/\"]}]},{\"@type\":\"ImageObject\",\"inLanguage\":\"fi\",\"@id\":\"https:\\\/\\\/miumjau.ee\\\/fi\\\/tuote\\\/ontario-lihapatee-kissoille-kanan-kalkkunan-ja-tyrnin-kera-400-g\\\/#primaryimage\",\"url\":\"https:\\\/\\\/miumjau.ee\\\/wp-content\\\/uploads\\\/2025\\\/05\\\/konserv-kassidele-ontario-400g2.webp\",\"contentUrl\":\"https:\\\/\\\/miumjau.ee\\\/wp-content\\\/uploads\\\/2025\\\/05\\\/konserv-kassidele-ontario-400g2.webp\",\"width\":1200,\"height\":1600,\"caption\":\"Ontario lihapatee kassile kana, kalkuni ja astelpajuga 400g\"},{\"@type\":\"BreadcrumbList\",\"@id\":\"https:\\\/\\\/miumjau.ee\\\/fi\\\/tuote\\\/ontario-lihapatee-kissoille-kanan-kalkkunan-ja-tyrnin-kera-400-g\\\/#breadcrumb\",\"itemListElement\":[{\"@type\":\"ListItem\",\"position\":1,\"name\":\"Home\",\"item\":\"https:\\\/\\\/miumjau.ee\\\/fi\\\/\"},{\"@type\":\"ListItem\",\"position\":2,\"name\":\"Kauppa\",\"item\":\"https:\\\/\\\/miumjau.ee\\\/fi\\\/kauppa\\\/\"},{\"@type\":\"ListItem\",\"position\":3,\"name\":\"Ontario-lihapatee kissoille kanan, kalkkunan ja tyrnin kera 400 g\"}]},{\"@type\":\"WebSite\",\"@id\":\"https:\\\/\\\/miumjau.ee\\\/#website\",\"url\":\"https:\\\/\\\/miumjau.ee\\\/\",\"name\":\"MiuMjau\",\"description\":\"Kraapimispuud kassidele\",\"publisher\":{\"@id\":\"https:\\\/\\\/miumjau.ee\\\/#organization\"},\"potentialAction\":[{\"@type\":\"SearchAction\",\"target\":{\"@type\":\"EntryPoint\",\"urlTemplate\":\"https:\\\/\\\/miumjau.ee\\\/?s={search_term_string}\"},\"query-input\":{\"@type\":\"PropertyValueSpecification\",\"valueRequired\":true,\"valueName\":\"search_term_string\"}}],\"inLanguage\":\"fi\"},{\"@type\":\"Organization\",\"@id\":\"https:\\\/\\\/miumjau.ee\\\/#organization\",\"name\":\"MiuMjau O\u00dc\",\"url\":\"https:\\\/\\\/miumjau.ee\\\/\",\"logo\":{\"@type\":\"ImageObject\",\"inLanguage\":\"fi\",\"@id\":\"https:\\\/\\\/miumjau.ee\\\/#\\\/schema\\\/logo\\\/image\\\/\",\"url\":\"https:\\\/\\\/miumjau.ee\\\/wp-content\\\/uploads\\\/2022\\\/04\\\/MiuMjau-logo-kollane.png\",\"contentUrl\":\"https:\\\/\\\/miumjau.ee\\\/wp-content\\\/uploads\\\/2022\\\/04\\\/MiuMjau-logo-kollane.png\",\"width\":219,\"height\":100,\"caption\":\"MiuMjau O\u00dc\"},\"image\":{\"@id\":\"https:\\\/\\\/miumjau.ee\\\/#\\\/schema\\\/logo\\\/image\\\/\"},\"sameAs\":[\"https:\\\/\\\/www.facebook.com\\\/miumjaupood\\\/\"]}]}<\/script>\n<!-- \/ Yoast SEO plugin. -->","yoast_head_json":{"title":"Ontario-lihapatee kissoille kanan, kalkkunan ja tyrnin kera 400 g - MiuMjau","description":"Ontario-patee on todella lihaisa ja tasainen patee, josta kissat, jotka eiv\u00e4t pid\u00e4 lohkoruoasta, pit\u00e4v\u00e4t. Hemmottele niit\u00e4 oikealla ruoalla!","robots":{"index":"index","follow":"follow","max-snippet":"max-snippet:-1","max-image-preview":"max-image-preview:large","max-video-preview":"max-video-preview:-1"},"canonical":"https:\/\/miumjau.ee\/fi\/tuote\/ontario-lihapatee-kissoille-kanan-kalkkunan-ja-tyrnin-kera-400-g\/","og_locale":"fi_FI","og_type":"article","og_title":"Ontario-lihapatee kissoille kanan, kalkkunan ja tyrnin kera 400 g - MiuMjau","og_description":"Ontario-patee on todella lihaisa ja tasainen patee, josta kissat, jotka eiv\u00e4t pid\u00e4 lohkoruoasta, pit\u00e4v\u00e4t. Hemmottele niit\u00e4 oikealla ruoalla!","og_url":"https:\/\/miumjau.ee\/fi\/tuote\/ontario-lihapatee-kissoille-kanan-kalkkunan-ja-tyrnin-kera-400-g\/","og_site_name":"MiuMjau","article_publisher":"https:\/\/www.facebook.com\/miumjaupood\/","article_modified_time":"2026-01-07T20:50:57+00:00","og_image":[{"width":1200,"height":1600,"url":"https:\/\/miumjau.ee\/wp-content\/uploads\/2025\/05\/konserv-kassidele-ontario-400g2.webp","type":"image\/webp"}],"twitter_card":"summary_large_image","schema":{"@context":"https:\/\/schema.org","@graph":[{"@type":"WebPage","@id":"https:\/\/miumjau.ee\/fi\/tuote\/ontario-lihapatee-kissoille-kanan-kalkkunan-ja-tyrnin-kera-400-g\/","url":"https:\/\/miumjau.ee\/fi\/tuote\/ontario-lihapatee-kissoille-kanan-kalkkunan-ja-tyrnin-kera-400-g\/","name":"Ontario-lihapatee kissoille kanan, kalkkunan ja tyrnin kera 400 g - MiuMjau","isPartOf":{"@id":"https:\/\/miumjau.ee\/#website"},"primaryImageOfPage":{"@id":"https:\/\/miumjau.ee\/fi\/tuote\/ontario-lihapatee-kissoille-kanan-kalkkunan-ja-tyrnin-kera-400-g\/#primaryimage"},"image":{"@id":"https:\/\/miumjau.ee\/fi\/tuote\/ontario-lihapatee-kissoille-kanan-kalkkunan-ja-tyrnin-kera-400-g\/#primaryimage"},"thumbnailUrl":"https:\/\/miumjau.ee\/wp-content\/uploads\/2025\/05\/konserv-kassidele-ontario-400g2.webp","datePublished":"2025-05-03T06:17:46+00:00","dateModified":"2026-01-07T20:50:57+00:00","description":"Ontario-patee on todella lihaisa ja tasainen patee, josta kissat, jotka eiv\u00e4t pid\u00e4 lohkoruoasta, pit\u00e4v\u00e4t. Hemmottele niit\u00e4 oikealla ruoalla!","breadcrumb":{"@id":"https:\/\/miumjau.ee\/fi\/tuote\/ontario-lihapatee-kissoille-kanan-kalkkunan-ja-tyrnin-kera-400-g\/#breadcrumb"},"inLanguage":"fi","potentialAction":[{"@type":"ReadAction","target":["https:\/\/miumjau.ee\/fi\/tuote\/ontario-lihapatee-kissoille-kanan-kalkkunan-ja-tyrnin-kera-400-g\/"]}]},{"@type":"ImageObject","inLanguage":"fi","@id":"https:\/\/miumjau.ee\/fi\/tuote\/ontario-lihapatee-kissoille-kanan-kalkkunan-ja-tyrnin-kera-400-g\/#primaryimage","url":"https:\/\/miumjau.ee\/wp-content\/uploads\/2025\/05\/konserv-kassidele-ontario-400g2.webp","contentUrl":"https:\/\/miumjau.ee\/wp-content\/uploads\/2025\/05\/konserv-kassidele-ontario-400g2.webp","width":1200,"height":1600,"caption":"Ontario lihapatee kassile kana, kalkuni ja astelpajuga 400g"},{"@type":"BreadcrumbList","@id":"https:\/\/miumjau.ee\/fi\/tuote\/ontario-lihapatee-kissoille-kanan-kalkkunan-ja-tyrnin-kera-400-g\/#breadcrumb","itemListElement":[{"@type":"ListItem","position":1,"name":"Home","item":"https:\/\/miumjau.ee\/fi\/"},{"@type":"ListItem","position":2,"name":"Kauppa","item":"https:\/\/miumjau.ee\/fi\/kauppa\/"},{"@type":"ListItem","position":3,"name":"Ontario-lihapatee kissoille kanan, kalkkunan ja tyrnin kera 400 g"}]},{"@type":"WebSite","@id":"https:\/\/miumjau.ee\/#website","url":"https:\/\/miumjau.ee\/","name":"MiuMjau","description":"Kraapimispuud kassidele","publisher":{"@id":"https:\/\/miumjau.ee\/#organization"},"potentialAction":[{"@type":"SearchAction","target":{"@type":"EntryPoint","urlTemplate":"https:\/\/miumjau.ee\/?s={search_term_string}"},"query-input":{"@type":"PropertyValueSpecification","valueRequired":true,"valueName":"search_term_string"}}],"inLanguage":"fi"},{"@type":"Organization","@id":"https:\/\/miumjau.ee\/#organization","name":"MiuMjau O\u00dc","url":"https:\/\/miumjau.ee\/","logo":{"@type":"ImageObject","inLanguage":"fi","@id":"https:\/\/miumjau.ee\/#\/schema\/logo\/image\/","url":"https:\/\/miumjau.ee\/wp-content\/uploads\/2022\/04\/MiuMjau-logo-kollane.png","contentUrl":"https:\/\/miumjau.ee\/wp-content\/uploads\/2022\/04\/MiuMjau-logo-kollane.png","width":219,"height":100,"caption":"MiuMjau O\u00dc"},"image":{"@id":"https:\/\/miumjau.ee\/#\/schema\/logo\/image\/"},"sameAs":["https:\/\/www.facebook.com\/miumjaupood\/"]}]}},"_links":{"self":[{"href":"https:\/\/miumjau.ee\/fi\/wp-json\/wp\/v2\/product\/36820","targetHints":{"allow":["GET"]}}],"collection":[{"href":"https:\/\/miumjau.ee\/fi\/wp-json\/wp\/v2\/product"}],"about":[{"href":"https:\/\/miumjau.ee\/fi\/wp-json\/wp\/v2\/types\/product"}],"wp:featuredmedia":[{"embeddable":true,"href":"https:\/\/miumjau.ee\/fi\/wp-json\/wp\/v2\/media\/33802"}],"wp:attachment":[{"href":"https:\/\/miumjau.ee\/fi\/wp-json\/wp\/v2\/media?parent=36820"}],"wp:term":[{"taxonomy":"product_brand","embeddable":true,"href":"https:\/\/miumjau.ee\/fi\/wp-json\/wp\/v2\/product_brand?post=36820"},{"taxonomy":"product_cat","embeddable":true,"href":"https:\/\/miumjau.ee\/fi\/wp-json\/wp\/v2\/product_cat?post=36820"},{"taxonomy":"product_tag","embeddable":true,"href":"https:\/\/miumjau.ee\/fi\/wp-json\/wp\/v2\/product_tag?post=36820"}],"curies":[{"name":"wp","href":"https:\/\/api.w.org\/{rel}","templated":true}]}}