{"id":36816,"date":"2025-05-12T10:49:12","date_gmt":"2025-05-12T07:49:12","guid":{"rendered":"https:\/\/miumjau.ee\/toode\/hajun-neutraloija-kissanhiekalle-beaphar-orchid\/"},"modified":"2026-01-07T22:50:57","modified_gmt":"2026-01-07T20:50:57","slug":"hajun-neutraloija-kissanhiekalle-beaphar-orchid","status":"publish","type":"product","link":"https:\/\/miumjau.ee\/fi\/tuote\/hajun-neutraloija-kissanhiekalle-beaphar-orchid\/","title":{"rendered":"Hajun neutraloija kissanhiekalle Beaphar Orchid"},"content":{"rendered":"","protected":false},"excerpt":{"rendered":"<p>Hajunpoistojauhe on tarkoitettu k\u00e4ytett\u00e4v\u00e4ksi kissanhiekan seassa. Se poistaa ep\u00e4miellytt\u00e4v\u00e4t hajut ja pident\u00e4\u00e4 hiekan k\u00e4ytt\u00f6ik\u00e4\u00e4. Jauhe est\u00e4\u00e4 bakteerien levi\u00e4mist\u00e4, mik\u00e4 hidastaa hajujen muodostumista.<\/p>\n<p><strong>Kuinka k\u00e4ytt\u00e4\u00e4?<\/strong><br \/>\nKun olet tyhjent\u00e4nyt hiekkalaatikon, puhdista se huolellisesti ja kuivaa. Kaada riitt\u00e4v\u00e4 m\u00e4\u00e4r\u00e4 uutta kissanhiekkaa laatikkoon ja sekoita joukkoon hajunpoistojauhetta. Voit lis\u00e4t\u00e4 jauhetta tarpeen mukaan hiekkaa tarkkaillen. Yhdest\u00e4 pakkauksesta riitt\u00e4\u00e4 jopa 20 k\u00e4ytt\u00f6kertaan (noin 3 kuukaudeksi). Tuote sopii kaikentyyppisten kissanhiekkojen kanssa ja on turvallinen k\u00e4ytt\u00e4\u00e4.<\/p>\n<p><strong>M\u00e4\u00e4r\u00e4:<\/strong> 400 g<br \/>\n<strong>Valmistaja:<\/strong> Beaphar, Alankomaat<\/p>\n","protected":false},"featured_media":34074,"template":"","meta":[],"product_brand":[],"product_cat":[286,289],"product_tag":[],"class_list":{"0":"post-36816","1":"product","2":"type-product","3":"status-publish","4":"has-post-thumbnail","6":"product_cat-kissanhiekka-fi","7":"product_cat-siivous-hajunpoisto","9":"first","10":"instock","11":"taxable","12":"shipping-taxable","13":"purchasable","14":"product-type-simple"},"yoast_head":"<!-- This site is optimized with the Yoast SEO plugin v27.2 - https:\/\/yoast.com\/product\/yoast-seo-wordpress\/ -->\n<title>Hajun neutraloija kissanhiekalle Beaphar Orchid - MiuMjau<\/title>\n<meta name=\"description\" content=\"Beaphar Odor Neutralizer pident\u00e4\u00e4 kissanhiekan k\u00e4ytt\u00f6ik\u00e4\u00e4, v\u00e4hent\u00e4\u00e4 hajuja ja est\u00e4\u00e4 bakteerien levi\u00e4misen. Puhtaampia wc-tiloja ja ilmaa kaikille!\" \/>\n<meta name=\"robots\" content=\"index, follow, max-snippet:-1, max-image-preview:large, max-video-preview:-1\" \/>\n<link rel=\"canonical\" href=\"https:\/\/miumjau.ee\/fi\/tuote\/hajun-neutraloija-kissanhiekalle-beaphar-orchid\/\" \/>\n<meta property=\"og:locale\" content=\"fi_FI\" \/>\n<meta property=\"og:type\" content=\"article\" \/>\n<meta property=\"og:title\" content=\"Hajun neutraloija kissanhiekalle Beaphar Orchid - MiuMjau\" \/>\n<meta property=\"og:description\" content=\"Beaphar Odor Neutralizer pident\u00e4\u00e4 kissanhiekan k\u00e4ytt\u00f6ik\u00e4\u00e4, v\u00e4hent\u00e4\u00e4 hajuja ja est\u00e4\u00e4 bakteerien levi\u00e4misen. Puhtaampia wc-tiloja ja ilmaa kaikille!\" \/>\n<meta property=\"og:url\" content=\"https:\/\/miumjau.ee\/fi\/tuote\/hajun-neutraloija-kissanhiekalle-beaphar-orchid\/\" \/>\n<meta property=\"og:site_name\" content=\"MiuMjau\" \/>\n<meta property=\"article:publisher\" content=\"https:\/\/www.facebook.com\/miumjaupood\/\" \/>\n<meta property=\"article:modified_time\" content=\"2026-01-07T20:50:57+00:00\" \/>\n<meta property=\"og:image\" content=\"https:\/\/miumjau.ee\/wp-content\/uploads\/2025\/05\/lohnade-neutraliseerija-beaphar-orhidee.webp\" \/>\n\t<meta property=\"og:image:width\" content=\"600\" \/>\n\t<meta property=\"og:image:height\" content=\"800\" \/>\n\t<meta property=\"og:image:type\" content=\"image\/webp\" \/>\n<meta name=\"twitter:card\" content=\"summary_large_image\" \/>\n<script type=\"application\/ld+json\" class=\"yoast-schema-graph\">{\"@context\":\"https:\/\/schema.org\",\"@graph\":[{\"@type\":\"WebPage\",\"@id\":\"https:\/\/miumjau.ee\/fi\/tuote\/hajun-neutraloija-kissanhiekalle-beaphar-orchid\/\",\"url\":\"https:\/\/miumjau.ee\/fi\/tuote\/hajun-neutraloija-kissanhiekalle-beaphar-orchid\/\",\"name\":\"Hajun neutraloija kissanhiekalle Beaphar Orchid - MiuMjau\",\"isPartOf\":{\"@id\":\"https:\/\/miumjau.ee\/#website\"},\"primaryImageOfPage\":{\"@id\":\"https:\/\/miumjau.ee\/fi\/tuote\/hajun-neutraloija-kissanhiekalle-beaphar-orchid\/#primaryimage\"},\"image\":{\"@id\":\"https:\/\/miumjau.ee\/fi\/tuote\/hajun-neutraloija-kissanhiekalle-beaphar-orchid\/#primaryimage\"},\"thumbnailUrl\":\"https:\/\/miumjau.ee\/wp-content\/uploads\/2025\/05\/lohnade-neutraliseerija-beaphar-orhidee.webp\",\"datePublished\":\"2025-05-12T07:49:12+00:00\",\"dateModified\":\"2026-01-07T20:50:57+00:00\",\"description\":\"Beaphar Odor Neutralizer pident\u00e4\u00e4 kissanhiekan k\u00e4ytt\u00f6ik\u00e4\u00e4, v\u00e4hent\u00e4\u00e4 hajuja ja est\u00e4\u00e4 bakteerien levi\u00e4misen. Puhtaampia wc-tiloja ja ilmaa kaikille!\",\"breadcrumb\":{\"@id\":\"https:\/\/miumjau.ee\/fi\/tuote\/hajun-neutraloija-kissanhiekalle-beaphar-orchid\/#breadcrumb\"},\"inLanguage\":\"fi\",\"potentialAction\":[{\"@type\":\"ReadAction\",\"target\":[\"https:\/\/miumjau.ee\/fi\/tuote\/hajun-neutraloija-kissanhiekalle-beaphar-orchid\/\"]}]},{\"@type\":\"ImageObject\",\"inLanguage\":\"fi\",\"@id\":\"https:\/\/miumjau.ee\/fi\/tuote\/hajun-neutraloija-kissanhiekalle-beaphar-orchid\/#primaryimage\",\"url\":\"https:\/\/miumjau.ee\/wp-content\/uploads\/2025\/05\/lohnade-neutraliseerija-beaphar-orhidee.webp\",\"contentUrl\":\"https:\/\/miumjau.ee\/wp-content\/uploads\/2025\/05\/lohnade-neutraliseerija-beaphar-orhidee.webp\",\"width\":600,\"height\":800,\"caption\":\"L\u00f5hnade neutraliseerija liivale Beaphar Orhidee\"},{\"@type\":\"BreadcrumbList\",\"@id\":\"https:\/\/miumjau.ee\/fi\/tuote\/hajun-neutraloija-kissanhiekalle-beaphar-orchid\/#breadcrumb\",\"itemListElement\":[{\"@type\":\"ListItem\",\"position\":1,\"name\":\"Home\",\"item\":\"https:\/\/miumjau.ee\/fi\/\"},{\"@type\":\"ListItem\",\"position\":2,\"name\":\"Kauppa\",\"item\":\"https:\/\/miumjau.ee\/fi\/kauppa\/\"},{\"@type\":\"ListItem\",\"position\":3,\"name\":\"Hajun neutraloija kissanhiekalle Beaphar Orchid\"}]},{\"@type\":\"WebSite\",\"@id\":\"https:\/\/miumjau.ee\/#website\",\"url\":\"https:\/\/miumjau.ee\/\",\"name\":\"MiuMjau\",\"description\":\"Kraapimispuud kassidele\",\"publisher\":{\"@id\":\"https:\/\/miumjau.ee\/#organization\"},\"potentialAction\":[{\"@type\":\"SearchAction\",\"target\":{\"@type\":\"EntryPoint\",\"urlTemplate\":\"https:\/\/miumjau.ee\/?s={search_term_string}\"},\"query-input\":{\"@type\":\"PropertyValueSpecification\",\"valueRequired\":true,\"valueName\":\"search_term_string\"}}],\"inLanguage\":\"fi\"},{\"@type\":\"Organization\",\"@id\":\"https:\/\/miumjau.ee\/#organization\",\"name\":\"MiuMjau O\u00dc\",\"url\":\"https:\/\/miumjau.ee\/\",\"logo\":{\"@type\":\"ImageObject\",\"inLanguage\":\"fi\",\"@id\":\"https:\/\/miumjau.ee\/#\/schema\/logo\/image\/\",\"url\":\"https:\/\/miumjau.ee\/wp-content\/uploads\/2022\/04\/MiuMjau-logo-kollane.png\",\"contentUrl\":\"https:\/\/miumjau.ee\/wp-content\/uploads\/2022\/04\/MiuMjau-logo-kollane.png\",\"width\":219,\"height\":100,\"caption\":\"MiuMjau O\u00dc\"},\"image\":{\"@id\":\"https:\/\/miumjau.ee\/#\/schema\/logo\/image\/\"},\"sameAs\":[\"https:\/\/www.facebook.com\/miumjaupood\/\"]}]}<\/script>\n<!-- \/ Yoast SEO plugin. -->","yoast_head_json":{"title":"Hajun neutraloija kissanhiekalle Beaphar Orchid - MiuMjau","description":"Beaphar Odor Neutralizer pident\u00e4\u00e4 kissanhiekan k\u00e4ytt\u00f6ik\u00e4\u00e4, v\u00e4hent\u00e4\u00e4 hajuja ja est\u00e4\u00e4 bakteerien levi\u00e4misen. Puhtaampia wc-tiloja ja ilmaa kaikille!","robots":{"index":"index","follow":"follow","max-snippet":"max-snippet:-1","max-image-preview":"max-image-preview:large","max-video-preview":"max-video-preview:-1"},"canonical":"https:\/\/miumjau.ee\/fi\/tuote\/hajun-neutraloija-kissanhiekalle-beaphar-orchid\/","og_locale":"fi_FI","og_type":"article","og_title":"Hajun neutraloija kissanhiekalle Beaphar Orchid - MiuMjau","og_description":"Beaphar Odor Neutralizer pident\u00e4\u00e4 kissanhiekan k\u00e4ytt\u00f6ik\u00e4\u00e4, v\u00e4hent\u00e4\u00e4 hajuja ja est\u00e4\u00e4 bakteerien levi\u00e4misen. Puhtaampia wc-tiloja ja ilmaa kaikille!","og_url":"https:\/\/miumjau.ee\/fi\/tuote\/hajun-neutraloija-kissanhiekalle-beaphar-orchid\/","og_site_name":"MiuMjau","article_publisher":"https:\/\/www.facebook.com\/miumjaupood\/","article_modified_time":"2026-01-07T20:50:57+00:00","og_image":[{"width":600,"height":800,"url":"https:\/\/miumjau.ee\/wp-content\/uploads\/2025\/05\/lohnade-neutraliseerija-beaphar-orhidee.webp","type":"image\/webp"}],"twitter_card":"summary_large_image","schema":{"@context":"https:\/\/schema.org","@graph":[{"@type":"WebPage","@id":"https:\/\/miumjau.ee\/fi\/tuote\/hajun-neutraloija-kissanhiekalle-beaphar-orchid\/","url":"https:\/\/miumjau.ee\/fi\/tuote\/hajun-neutraloija-kissanhiekalle-beaphar-orchid\/","name":"Hajun neutraloija kissanhiekalle Beaphar Orchid - MiuMjau","isPartOf":{"@id":"https:\/\/miumjau.ee\/#website"},"primaryImageOfPage":{"@id":"https:\/\/miumjau.ee\/fi\/tuote\/hajun-neutraloija-kissanhiekalle-beaphar-orchid\/#primaryimage"},"image":{"@id":"https:\/\/miumjau.ee\/fi\/tuote\/hajun-neutraloija-kissanhiekalle-beaphar-orchid\/#primaryimage"},"thumbnailUrl":"https:\/\/miumjau.ee\/wp-content\/uploads\/2025\/05\/lohnade-neutraliseerija-beaphar-orhidee.webp","datePublished":"2025-05-12T07:49:12+00:00","dateModified":"2026-01-07T20:50:57+00:00","description":"Beaphar Odor Neutralizer pident\u00e4\u00e4 kissanhiekan k\u00e4ytt\u00f6ik\u00e4\u00e4, v\u00e4hent\u00e4\u00e4 hajuja ja est\u00e4\u00e4 bakteerien levi\u00e4misen. Puhtaampia wc-tiloja ja ilmaa kaikille!","breadcrumb":{"@id":"https:\/\/miumjau.ee\/fi\/tuote\/hajun-neutraloija-kissanhiekalle-beaphar-orchid\/#breadcrumb"},"inLanguage":"fi","potentialAction":[{"@type":"ReadAction","target":["https:\/\/miumjau.ee\/fi\/tuote\/hajun-neutraloija-kissanhiekalle-beaphar-orchid\/"]}]},{"@type":"ImageObject","inLanguage":"fi","@id":"https:\/\/miumjau.ee\/fi\/tuote\/hajun-neutraloija-kissanhiekalle-beaphar-orchid\/#primaryimage","url":"https:\/\/miumjau.ee\/wp-content\/uploads\/2025\/05\/lohnade-neutraliseerija-beaphar-orhidee.webp","contentUrl":"https:\/\/miumjau.ee\/wp-content\/uploads\/2025\/05\/lohnade-neutraliseerija-beaphar-orhidee.webp","width":600,"height":800,"caption":"L\u00f5hnade neutraliseerija liivale Beaphar Orhidee"},{"@type":"BreadcrumbList","@id":"https:\/\/miumjau.ee\/fi\/tuote\/hajun-neutraloija-kissanhiekalle-beaphar-orchid\/#breadcrumb","itemListElement":[{"@type":"ListItem","position":1,"name":"Home","item":"https:\/\/miumjau.ee\/fi\/"},{"@type":"ListItem","position":2,"name":"Kauppa","item":"https:\/\/miumjau.ee\/fi\/kauppa\/"},{"@type":"ListItem","position":3,"name":"Hajun neutraloija kissanhiekalle Beaphar Orchid"}]},{"@type":"WebSite","@id":"https:\/\/miumjau.ee\/#website","url":"https:\/\/miumjau.ee\/","name":"MiuMjau","description":"Kraapimispuud kassidele","publisher":{"@id":"https:\/\/miumjau.ee\/#organization"},"potentialAction":[{"@type":"SearchAction","target":{"@type":"EntryPoint","urlTemplate":"https:\/\/miumjau.ee\/?s={search_term_string}"},"query-input":{"@type":"PropertyValueSpecification","valueRequired":true,"valueName":"search_term_string"}}],"inLanguage":"fi"},{"@type":"Organization","@id":"https:\/\/miumjau.ee\/#organization","name":"MiuMjau O\u00dc","url":"https:\/\/miumjau.ee\/","logo":{"@type":"ImageObject","inLanguage":"fi","@id":"https:\/\/miumjau.ee\/#\/schema\/logo\/image\/","url":"https:\/\/miumjau.ee\/wp-content\/uploads\/2022\/04\/MiuMjau-logo-kollane.png","contentUrl":"https:\/\/miumjau.ee\/wp-content\/uploads\/2022\/04\/MiuMjau-logo-kollane.png","width":219,"height":100,"caption":"MiuMjau O\u00dc"},"image":{"@id":"https:\/\/miumjau.ee\/#\/schema\/logo\/image\/"},"sameAs":["https:\/\/www.facebook.com\/miumjaupood\/"]}]}},"_links":{"self":[{"href":"https:\/\/miumjau.ee\/fi\/wp-json\/wp\/v2\/product\/36816","targetHints":{"allow":["GET"]}}],"collection":[{"href":"https:\/\/miumjau.ee\/fi\/wp-json\/wp\/v2\/product"}],"about":[{"href":"https:\/\/miumjau.ee\/fi\/wp-json\/wp\/v2\/types\/product"}],"wp:featuredmedia":[{"embeddable":true,"href":"https:\/\/miumjau.ee\/fi\/wp-json\/wp\/v2\/media\/34074"}],"wp:attachment":[{"href":"https:\/\/miumjau.ee\/fi\/wp-json\/wp\/v2\/media?parent=36816"}],"wp:term":[{"taxonomy":"product_brand","embeddable":true,"href":"https:\/\/miumjau.ee\/fi\/wp-json\/wp\/v2\/product_brand?post=36816"},{"taxonomy":"product_cat","embeddable":true,"href":"https:\/\/miumjau.ee\/fi\/wp-json\/wp\/v2\/product_cat?post=36816"},{"taxonomy":"product_tag","embeddable":true,"href":"https:\/\/miumjau.ee\/fi\/wp-json\/wp\/v2\/product_tag?post=36816"}],"curies":[{"name":"wp","href":"https:\/\/api.w.org\/{rel}","templated":true}]}}