{"id":34146,"date":"2025-03-21T11:59:36","date_gmt":"2025-03-21T09:59:36","guid":{"rendered":"https:\/\/miumjau.ee\/toode\/tofu-kissanhiekka-papai-nano-technology-2mm-5-kg\/"},"modified":"2026-01-07T22:51:05","modified_gmt":"2026-01-07T20:51:05","slug":"tofu-kissanhiekka-papai-nano-technology-2mm-5-kg","status":"publish","type":"product","link":"https:\/\/miumjau.ee\/fi\/tuote\/tofu-kissanhiekka-papai-nano-technology-2mm-5-kg\/","title":{"rendered":"Tofu-kissanhiekka Papai Nano-technology 2mm, 5 kg"},"content":{"rendered":"","protected":false},"excerpt":{"rendered":"<p class=\"\" data-start=\"0\" data-end=\"105\"><strong data-start=\"0\" data-end=\"105\">Ammattilainen hajunhallinta, luonnollinen deodorantti, sertifioitu aito antibakteerinen kissanhiekka.<\/strong><\/p>\n<p class=\"\" data-start=\"107\" data-end=\"158\"><strong data-start=\"107\" data-end=\"158\">Tofu-kissanhiekka, johon voit oikeasti luottaa!<\/strong><\/p>\n<p class=\"\" data-start=\"160\" data-end=\"920\"><strong data-start=\"160\" data-end=\"208\">Papai Nano Antibakteerinen tofu-kissanhiekka<\/strong> nostaa hiekkastandardit t\u00e4ysin uudelle tasolle. Nanoteknologian avulla hiekkaan on lis\u00e4tty antibakteerisia mineraaleja, jotka tekev\u00e4t siit\u00e4 aidosti antibakteerisen. Vahvistettu Hongkongin STC-testikeskuksessa \u2013 antibakteerinen teho yli 90 %! T\u00e4m\u00e4 ei ainoastaan tuhoa bakteereita, vaan my\u00f6s neutraloi ep\u00e4miellytt\u00e4v\u00e4t hajut perusteellisesti. Se v\u00e4hent\u00e4\u00e4 huomattavasti kissojen altistumista bakteereille ja viruksille, auttaen ehk\u00e4isem\u00e4\u00e4n virtsatietulehduksia ja suojaten sek\u00e4 lemmikin terveytt\u00e4 ett\u00e4 kodin hygieniaa. Ammattitason hajunpoisto on huomattavasti tehokkaampi kuin muissa markkinoilla olevissa tofu-hiekoissa. Suosittelemme vilpitt\u00f6m\u00e4sti kaikkia kissanomistajia kokeilemaan t\u00e4t\u00e4 innovatiivista hiekkaa.<\/p>\n<p class=\"\" data-start=\"922\" data-end=\"1046\"><strong data-start=\"922\" data-end=\"936\">Ainesosat:<\/strong> 90 % hernekuituseos (hernekuitu, soijamassa, maissijauho, nano-antibakteeriset mineraalit), guarkumi ja vesi.<\/p>\n<h3 class=\"\" data-start=\"1053\" data-end=\"1149\"><strong data-start=\"1057\" data-end=\"1149\">Miksi valita Papai-kissanhiekka \u2013 mill\u00e4 tavoin se erottuu edullisemmista tofu-hiekoista?<\/strong><\/h3>\n<ul data-start=\"1151\" data-end=\"1776\">\n<li class=\"\" data-start=\"1151\" data-end=\"1171\">\n<p class=\"\" data-start=\"1153\" data-end=\"1171\">Kest\u00e4\u00e4 pidemp\u00e4\u00e4n<\/p>\n<\/li>\n<li class=\"\" data-start=\"1172\" data-end=\"1261\">\n<p class=\"\" data-start=\"1174\" data-end=\"1261\">Voidaan k\u00e4ytt\u00e4\u00e4 loppuun asti \u2013 ei tarvitse vaihtaa koko hiekkaa siivouksen yhteydess\u00e4<\/p>\n<\/li>\n<li class=\"\" data-start=\"1262\" data-end=\"1394\">\n<p class=\"\" data-start=\"1264\" data-end=\"1394\">Monin verroin laadukkaampi<br data-start=\"1290\" data-end=\"1293\" \/>(Tofu-hiekan laatua kuvastaa hernejauhon m\u00e4\u00e4r\u00e4 \u2013 Papai tofu sis\u00e4lt\u00e4\u00e4 v\u00e4hint\u00e4\u00e4n 80 % hernejauhoa!)<\/p>\n<\/li>\n<li class=\"\" data-start=\"1395\" data-end=\"1424\">\n<p class=\"\" data-start=\"1397\" data-end=\"1424\">Paakkuuntuu erinomaisesti<\/p>\n<\/li>\n<li class=\"\" data-start=\"1425\" data-end=\"1507\">\n<p class=\"\" data-start=\"1427\" data-end=\"1507\">Imeytt\u00e4\u00e4 ja neutraloi hajut tehokkaasti ainutlaatuisen koostumuksensa ansiosta<\/p>\n<\/li>\n<li class=\"\" data-start=\"1508\" data-end=\"1655\">\n<p class=\"\" data-start=\"1510\" data-end=\"1655\">Nopea imeytyvyys est\u00e4\u00e4 virtsapaakkujen tarttumisen laatikon pohjaan \u2013 paakkuuntuu ennen pohjaa. Varmista, ett\u00e4 hiekkakerros on riitt\u00e4v\u00e4n paksu.<\/p>\n<\/li>\n<li class=\"\" data-start=\"1656\" data-end=\"1776\">\n<p class=\"\" data-start=\"1658\" data-end=\"1776\">Turvallinen my\u00f6s kissanpennuille (voi sy\u00f6d\u00e4 pieni\u00e4 m\u00e4\u00e4ri\u00e4), koska ei sis\u00e4ll\u00e4 hajusteita tai muita sopimattomia aineita<\/p>\n<h3 class=\"\" data-start=\"1783\" data-end=\"1803\"><strong data-start=\"1787\" data-end=\"1803\">K\u00e4ytt\u00f6ohjeet<\/strong><\/h3>\n<p class=\"\" data-start=\"1805\" data-end=\"2088\">Levit\u00e4 v\u00e4hint\u00e4\u00e4n 5 cm:n kerros Papai Tofu -kissan\u00adhiekkaa hiekkalaatikon pohjalle. Poista paakut s\u00e4\u00e4nn\u00f6llisesti. Lis\u00e4\u00e4 uutta hiekkaa tarpeen mukaan. Nano-teknologiaan perustuvaa tofu-hiekkaa ei saa sekoittaa muihin tofu-hiekkoihin. Paakut voidaan h\u00e4vitt\u00e4\u00e4 pieniss\u00e4 eriss\u00e4 WC-pyttyyn.<\/p>\n<p class=\"\" data-start=\"2090\" data-end=\"2166\"><strong data-start=\"2090\" data-end=\"2106\">Pakkauskoko:<\/strong> 5 kg \u2013 riitt\u00e4\u00e4 hyvin my\u00f6s isompaan kissan hiekkalaatikkoon.<\/p>\n<p><strong data-start=\"2173\" data-end=\"2187\">MiuMjau O\u00dc<\/strong> on Papai Tofu -kissan\u00adhiekan virallinen maahantuoja ja toistaiseksi AINOA koko Euroopassa. Hy\u00f6dynn\u00e4 tilaisuus ja kokeile parasta tofu-kissan\u00adhiekkaa!<\/li>\n<\/ul>\n","protected":false},"featured_media":40929,"template":"","meta":[],"product_brand":[],"product_cat":[139,286],"product_tag":[],"class_list":{"0":"post-34146","1":"product","2":"type-product","3":"status-publish","4":"has-post-thumbnail","6":"product_cat-kaup24-fi","7":"product_cat-kissanhiekka-fi","9":"first","10":"instock","11":"sale","12":"taxable","13":"shipping-taxable","14":"purchasable","15":"product-type-simple"},"yoast_head":"<!-- This site is optimized with the Yoast SEO plugin v27.4 - https:\/\/yoast.com\/product\/yoast-seo-wordpress\/ -->\n<title>Tofu-kissanhiekka Papai Nano-technology 2mm, 5 kg - MiuMjau<\/title>\n<meta name=\"description\" content=\"Tofu-kissanhiekka Papai on erityinen alusta kissoille \u2013 se on valmistettu nanoteknologian avulla. Paras ja kest\u00e4vin tofu-hiekka koko Euroopassa!\" \/>\n<meta name=\"robots\" content=\"index, follow, max-snippet:-1, max-image-preview:large, max-video-preview:-1\" \/>\n<link rel=\"canonical\" href=\"https:\/\/miumjau.ee\/fi\/tuote\/tofu-kissanhiekka-papai-nano-technology-2mm-5-kg\/\" \/>\n<meta property=\"og:locale\" content=\"fi_FI\" \/>\n<meta property=\"og:type\" content=\"article\" \/>\n<meta property=\"og:title\" content=\"Tofu-kissanhiekka Papai Nano-technology 2mm, 5 kg - MiuMjau\" \/>\n<meta property=\"og:description\" content=\"Tofu-kissanhiekka Papai on erityinen alusta kissoille \u2013 se on valmistettu nanoteknologian avulla. Paras ja kest\u00e4vin tofu-hiekka koko Euroopassa!\" \/>\n<meta property=\"og:url\" content=\"https:\/\/miumjau.ee\/fi\/tuote\/tofu-kissanhiekka-papai-nano-technology-2mm-5-kg\/\" \/>\n<meta property=\"og:site_name\" content=\"MiuMjau\" \/>\n<meta property=\"article:publisher\" content=\"https:\/\/www.facebook.com\/miumjaupood\/\" \/>\n<meta property=\"article:modified_time\" content=\"2026-01-07T20:51:05+00:00\" \/>\n<meta property=\"og:image\" content=\"https:\/\/miumjau.ee\/wp-content\/uploads\/2025\/10\/tofu-kassiliiv-papai1-1.jpg\" \/>\n\t<meta property=\"og:image:width\" content=\"600\" \/>\n\t<meta property=\"og:image:height\" content=\"800\" \/>\n\t<meta property=\"og:image:type\" content=\"image\/jpeg\" \/>\n<meta name=\"twitter:card\" content=\"summary_large_image\" \/>\n<script type=\"application\/ld+json\" class=\"yoast-schema-graph\">{\"@context\":\"https:\\\/\\\/schema.org\",\"@graph\":[{\"@type\":\"WebPage\",\"@id\":\"https:\\\/\\\/miumjau.ee\\\/fi\\\/tuote\\\/tofu-kissanhiekka-papai-nano-technology-2mm-5-kg\\\/\",\"url\":\"https:\\\/\\\/miumjau.ee\\\/fi\\\/tuote\\\/tofu-kissanhiekka-papai-nano-technology-2mm-5-kg\\\/\",\"name\":\"Tofu-kissanhiekka Papai Nano-technology 2mm, 5 kg - MiuMjau\",\"isPartOf\":{\"@id\":\"https:\\\/\\\/miumjau.ee\\\/#website\"},\"primaryImageOfPage\":{\"@id\":\"https:\\\/\\\/miumjau.ee\\\/fi\\\/tuote\\\/tofu-kissanhiekka-papai-nano-technology-2mm-5-kg\\\/#primaryimage\"},\"image\":{\"@id\":\"https:\\\/\\\/miumjau.ee\\\/fi\\\/tuote\\\/tofu-kissanhiekka-papai-nano-technology-2mm-5-kg\\\/#primaryimage\"},\"thumbnailUrl\":\"https:\\\/\\\/miumjau.ee\\\/wp-content\\\/uploads\\\/2025\\\/10\\\/tofu-kassiliiv-papai1-1.jpg\",\"datePublished\":\"2025-03-21T09:59:36+00:00\",\"dateModified\":\"2026-01-07T20:51:05+00:00\",\"description\":\"Tofu-kissanhiekka Papai on erityinen alusta kissoille \u2013 se on valmistettu nanoteknologian avulla. Paras ja kest\u00e4vin tofu-hiekka koko Euroopassa!\",\"breadcrumb\":{\"@id\":\"https:\\\/\\\/miumjau.ee\\\/fi\\\/tuote\\\/tofu-kissanhiekka-papai-nano-technology-2mm-5-kg\\\/#breadcrumb\"},\"inLanguage\":\"fi\",\"potentialAction\":[{\"@type\":\"ReadAction\",\"target\":[\"https:\\\/\\\/miumjau.ee\\\/fi\\\/tuote\\\/tofu-kissanhiekka-papai-nano-technology-2mm-5-kg\\\/\"]}]},{\"@type\":\"ImageObject\",\"inLanguage\":\"fi\",\"@id\":\"https:\\\/\\\/miumjau.ee\\\/fi\\\/tuote\\\/tofu-kissanhiekka-papai-nano-technology-2mm-5-kg\\\/#primaryimage\",\"url\":\"https:\\\/\\\/miumjau.ee\\\/wp-content\\\/uploads\\\/2025\\\/10\\\/tofu-kassiliiv-papai1-1.jpg\",\"contentUrl\":\"https:\\\/\\\/miumjau.ee\\\/wp-content\\\/uploads\\\/2025\\\/10\\\/tofu-kassiliiv-papai1-1.jpg\",\"width\":600,\"height\":800,\"caption\":\"Papai tofu kassiliiv\"},{\"@type\":\"BreadcrumbList\",\"@id\":\"https:\\\/\\\/miumjau.ee\\\/fi\\\/tuote\\\/tofu-kissanhiekka-papai-nano-technology-2mm-5-kg\\\/#breadcrumb\",\"itemListElement\":[{\"@type\":\"ListItem\",\"position\":1,\"name\":\"Home\",\"item\":\"https:\\\/\\\/miumjau.ee\\\/fi\\\/\"},{\"@type\":\"ListItem\",\"position\":2,\"name\":\"Kauppa\",\"item\":\"https:\\\/\\\/miumjau.ee\\\/fi\\\/kauppa\\\/\"},{\"@type\":\"ListItem\",\"position\":3,\"name\":\"Tofu-kissanhiekka Papai Nano-technology 2mm, 5 kg\"}]},{\"@type\":\"WebSite\",\"@id\":\"https:\\\/\\\/miumjau.ee\\\/#website\",\"url\":\"https:\\\/\\\/miumjau.ee\\\/\",\"name\":\"MiuMjau\",\"description\":\"Kraapimispuud kassidele\",\"publisher\":{\"@id\":\"https:\\\/\\\/miumjau.ee\\\/#organization\"},\"potentialAction\":[{\"@type\":\"SearchAction\",\"target\":{\"@type\":\"EntryPoint\",\"urlTemplate\":\"https:\\\/\\\/miumjau.ee\\\/?s={search_term_string}\"},\"query-input\":{\"@type\":\"PropertyValueSpecification\",\"valueRequired\":true,\"valueName\":\"search_term_string\"}}],\"inLanguage\":\"fi\"},{\"@type\":\"Organization\",\"@id\":\"https:\\\/\\\/miumjau.ee\\\/#organization\",\"name\":\"MiuMjau O\u00dc\",\"url\":\"https:\\\/\\\/miumjau.ee\\\/\",\"logo\":{\"@type\":\"ImageObject\",\"inLanguage\":\"fi\",\"@id\":\"https:\\\/\\\/miumjau.ee\\\/#\\\/schema\\\/logo\\\/image\\\/\",\"url\":\"https:\\\/\\\/miumjau.ee\\\/wp-content\\\/uploads\\\/2022\\\/04\\\/MiuMjau-logo-kollane.png\",\"contentUrl\":\"https:\\\/\\\/miumjau.ee\\\/wp-content\\\/uploads\\\/2022\\\/04\\\/MiuMjau-logo-kollane.png\",\"width\":219,\"height\":100,\"caption\":\"MiuMjau O\u00dc\"},\"image\":{\"@id\":\"https:\\\/\\\/miumjau.ee\\\/#\\\/schema\\\/logo\\\/image\\\/\"},\"sameAs\":[\"https:\\\/\\\/www.facebook.com\\\/miumjaupood\\\/\"]}]}<\/script>\n<!-- \/ Yoast SEO plugin. -->","yoast_head_json":{"title":"Tofu-kissanhiekka Papai Nano-technology 2mm, 5 kg - MiuMjau","description":"Tofu-kissanhiekka Papai on erityinen alusta kissoille \u2013 se on valmistettu nanoteknologian avulla. Paras ja kest\u00e4vin tofu-hiekka koko Euroopassa!","robots":{"index":"index","follow":"follow","max-snippet":"max-snippet:-1","max-image-preview":"max-image-preview:large","max-video-preview":"max-video-preview:-1"},"canonical":"https:\/\/miumjau.ee\/fi\/tuote\/tofu-kissanhiekka-papai-nano-technology-2mm-5-kg\/","og_locale":"fi_FI","og_type":"article","og_title":"Tofu-kissanhiekka Papai Nano-technology 2mm, 5 kg - MiuMjau","og_description":"Tofu-kissanhiekka Papai on erityinen alusta kissoille \u2013 se on valmistettu nanoteknologian avulla. Paras ja kest\u00e4vin tofu-hiekka koko Euroopassa!","og_url":"https:\/\/miumjau.ee\/fi\/tuote\/tofu-kissanhiekka-papai-nano-technology-2mm-5-kg\/","og_site_name":"MiuMjau","article_publisher":"https:\/\/www.facebook.com\/miumjaupood\/","article_modified_time":"2026-01-07T20:51:05+00:00","og_image":[{"width":600,"height":800,"url":"https:\/\/miumjau.ee\/wp-content\/uploads\/2025\/10\/tofu-kassiliiv-papai1-1.jpg","type":"image\/jpeg"}],"twitter_card":"summary_large_image","schema":{"@context":"https:\/\/schema.org","@graph":[{"@type":"WebPage","@id":"https:\/\/miumjau.ee\/fi\/tuote\/tofu-kissanhiekka-papai-nano-technology-2mm-5-kg\/","url":"https:\/\/miumjau.ee\/fi\/tuote\/tofu-kissanhiekka-papai-nano-technology-2mm-5-kg\/","name":"Tofu-kissanhiekka Papai Nano-technology 2mm, 5 kg - MiuMjau","isPartOf":{"@id":"https:\/\/miumjau.ee\/#website"},"primaryImageOfPage":{"@id":"https:\/\/miumjau.ee\/fi\/tuote\/tofu-kissanhiekka-papai-nano-technology-2mm-5-kg\/#primaryimage"},"image":{"@id":"https:\/\/miumjau.ee\/fi\/tuote\/tofu-kissanhiekka-papai-nano-technology-2mm-5-kg\/#primaryimage"},"thumbnailUrl":"https:\/\/miumjau.ee\/wp-content\/uploads\/2025\/10\/tofu-kassiliiv-papai1-1.jpg","datePublished":"2025-03-21T09:59:36+00:00","dateModified":"2026-01-07T20:51:05+00:00","description":"Tofu-kissanhiekka Papai on erityinen alusta kissoille \u2013 se on valmistettu nanoteknologian avulla. Paras ja kest\u00e4vin tofu-hiekka koko Euroopassa!","breadcrumb":{"@id":"https:\/\/miumjau.ee\/fi\/tuote\/tofu-kissanhiekka-papai-nano-technology-2mm-5-kg\/#breadcrumb"},"inLanguage":"fi","potentialAction":[{"@type":"ReadAction","target":["https:\/\/miumjau.ee\/fi\/tuote\/tofu-kissanhiekka-papai-nano-technology-2mm-5-kg\/"]}]},{"@type":"ImageObject","inLanguage":"fi","@id":"https:\/\/miumjau.ee\/fi\/tuote\/tofu-kissanhiekka-papai-nano-technology-2mm-5-kg\/#primaryimage","url":"https:\/\/miumjau.ee\/wp-content\/uploads\/2025\/10\/tofu-kassiliiv-papai1-1.jpg","contentUrl":"https:\/\/miumjau.ee\/wp-content\/uploads\/2025\/10\/tofu-kassiliiv-papai1-1.jpg","width":600,"height":800,"caption":"Papai tofu kassiliiv"},{"@type":"BreadcrumbList","@id":"https:\/\/miumjau.ee\/fi\/tuote\/tofu-kissanhiekka-papai-nano-technology-2mm-5-kg\/#breadcrumb","itemListElement":[{"@type":"ListItem","position":1,"name":"Home","item":"https:\/\/miumjau.ee\/fi\/"},{"@type":"ListItem","position":2,"name":"Kauppa","item":"https:\/\/miumjau.ee\/fi\/kauppa\/"},{"@type":"ListItem","position":3,"name":"Tofu-kissanhiekka Papai Nano-technology 2mm, 5 kg"}]},{"@type":"WebSite","@id":"https:\/\/miumjau.ee\/#website","url":"https:\/\/miumjau.ee\/","name":"MiuMjau","description":"Kraapimispuud kassidele","publisher":{"@id":"https:\/\/miumjau.ee\/#organization"},"potentialAction":[{"@type":"SearchAction","target":{"@type":"EntryPoint","urlTemplate":"https:\/\/miumjau.ee\/?s={search_term_string}"},"query-input":{"@type":"PropertyValueSpecification","valueRequired":true,"valueName":"search_term_string"}}],"inLanguage":"fi"},{"@type":"Organization","@id":"https:\/\/miumjau.ee\/#organization","name":"MiuMjau O\u00dc","url":"https:\/\/miumjau.ee\/","logo":{"@type":"ImageObject","inLanguage":"fi","@id":"https:\/\/miumjau.ee\/#\/schema\/logo\/image\/","url":"https:\/\/miumjau.ee\/wp-content\/uploads\/2022\/04\/MiuMjau-logo-kollane.png","contentUrl":"https:\/\/miumjau.ee\/wp-content\/uploads\/2022\/04\/MiuMjau-logo-kollane.png","width":219,"height":100,"caption":"MiuMjau O\u00dc"},"image":{"@id":"https:\/\/miumjau.ee\/#\/schema\/logo\/image\/"},"sameAs":["https:\/\/www.facebook.com\/miumjaupood\/"]}]}},"_links":{"self":[{"href":"https:\/\/miumjau.ee\/fi\/wp-json\/wp\/v2\/product\/34146","targetHints":{"allow":["GET"]}}],"collection":[{"href":"https:\/\/miumjau.ee\/fi\/wp-json\/wp\/v2\/product"}],"about":[{"href":"https:\/\/miumjau.ee\/fi\/wp-json\/wp\/v2\/types\/product"}],"wp:featuredmedia":[{"embeddable":true,"href":"https:\/\/miumjau.ee\/fi\/wp-json\/wp\/v2\/media\/40929"}],"wp:attachment":[{"href":"https:\/\/miumjau.ee\/fi\/wp-json\/wp\/v2\/media?parent=34146"}],"wp:term":[{"taxonomy":"product_brand","embeddable":true,"href":"https:\/\/miumjau.ee\/fi\/wp-json\/wp\/v2\/product_brand?post=34146"},{"taxonomy":"product_cat","embeddable":true,"href":"https:\/\/miumjau.ee\/fi\/wp-json\/wp\/v2\/product_cat?post=34146"},{"taxonomy":"product_tag","embeddable":true,"href":"https:\/\/miumjau.ee\/fi\/wp-json\/wp\/v2\/product_tag?post=34146"}],"curies":[{"name":"wp","href":"https:\/\/api.w.org\/{rel}","templated":true}]}}