{"id":32965,"date":"2025-04-23T10:36:12","date_gmt":"2025-04-23T07:36:12","guid":{"rendered":"https:\/\/miumjau.ee\/?post_type=product&#038;p=32965"},"modified":"2025-11-27T10:39:54","modified_gmt":"2025-11-27T08:39:54","slug":"brit-care-sensitive-kuivaruoka-herkalle-vatsalle-2-kg-2","status":"publish","type":"product","link":"https:\/\/miumjau.ee\/fi\/tuote\/brit-care-sensitive-kuivaruoka-herkalle-vatsalle-2-kg-2\/","title":{"rendered":"Brit Care Sensitive kuivaruoka herk\u00e4lle vatsalle 2 kg"},"content":{"rendered":"","protected":false},"excerpt":{"rendered":"<p data-sourcepos=\"3:1-3:196\">Hypoallergeeninen ja viljaton ruoka herk\u00e4lle ruoansulatukselle kissoille. Helposti sulava koostumus takaa ravintoaineiden maksimaalisen imeytymisen ja tukee ruoansulatusta ja yleist\u00e4 hyvinvointia.<\/p>\n<p data-sourcepos=\"5:2-9:105\"><strong>Maukas ja ravitseva<\/strong> \u2013 tuore kalkkunanliha ja lohi tyydytt\u00e4v\u00e4t vaativimmankin kissan ruokahalun.<\/p>\n<p data-sourcepos=\"5:2-9:105\"><strong>Terve ruoansulatus<\/strong> \u2013 probiootit ja antioksidantit tukevat suoliston mikroflooraa ja vastustuskyky\u00e4.<\/p>\n<p data-sourcepos=\"5:2-9:105\"><strong>Munuaisten ja virtsateiden suoja<\/strong> \u2013 tyrni ja matala magnesiumpitoisuus auttavat yll\u00e4pit\u00e4m\u00e4\u00e4n optimaalista virtsan pH:ta.<\/p>\n<p data-sourcepos=\"5:2-9:105\"><strong>V\u00e4hent\u00e4\u00e4 ep\u00e4miellytt\u00e4vi\u00e4 hajuja<\/strong> \u2013 yucca-uute auttaa v\u00e4hent\u00e4m\u00e4\u00e4n ulosteiden hajua.<\/p>\n<p data-sourcepos=\"5:2-9:105\"><strong>Turvallinen ja luonnollinen<\/strong> \u2013 EI SIS\u00c4LL\u00c4 viljaa, keinotekoisia v\u00e4riaineita, s\u00e4il\u00f6nt\u00e4aineita eik\u00e4 GMO:ta.<\/p>\n<p data-sourcepos=\"11:1-11:187\"><strong>Ainesosat:<\/strong> Tuore kalkkunanliha (26 %), kuivattu lohi (26 %), keltaiset herneet (16 %), kikherneet (11 %), siipikarjan rasva, sikurijuuri, lohi\u00f6ljy, oluthiiva, tyrni, karpalot, probiootit.<\/p>\n<p data-sourcepos=\"13:1-13:113\"><strong>Analyysi:<\/strong> Proteiinit 32 %, rasvat 16 %, kuidut 1,5 %, kalsium 1,2 %, fosfori 0,9 %, Omega-3 0,5 %, Omega-6 2,0 %.<\/p>\n<p data-sourcepos=\"15:1-15:130\"><strong>S\u00e4ilytys &amp; ruokinta:<\/strong> Tarjoile kuivana tai kostutettuna. S\u00e4\u00e4d\u00e4 m\u00e4\u00e4r\u00e4\u00e4 kissan tarpeiden mukaan. Tarjoa aina raikasta juomavett\u00e4.<\/p>\n<p data-sourcepos=\"17:1-17:75\"><strong>Hell\u00e4varaiselle ruoansulatukselle ja hienolle maulle \u2013 Brit Care Sensitive!<\/strong><\/p>\n","protected":false},"featured_media":27422,"template":"","meta":[],"product_brand":[],"product_cat":[255],"product_tag":[],"class_list":{"0":"post-32965","1":"product","2":"type-product","3":"status-publish","4":"has-post-thumbnail","6":"product_cat-kuiva-ruoka","8":"first","9":"instock","10":"sale","11":"taxable","12":"shipping-taxable","13":"purchasable","14":"product-type-simple"},"yoast_head":"<!-- This site is optimized with the Yoast SEO plugin v27.4 - https:\/\/yoast.com\/product\/yoast-seo-wordpress\/ -->\n<title>Brit Care Sensitive kuivaruoka herk\u00e4lle vatsalle 2 kg - MiuMjau<\/title>\n<meta name=\"robots\" content=\"index, follow, max-snippet:-1, max-image-preview:large, max-video-preview:-1\" \/>\n<link rel=\"canonical\" href=\"https:\/\/miumjau.ee\/fi\/tuote\/brit-care-sensitive-kuivaruoka-herkalle-vatsalle-2-kg-2\/\" \/>\n<meta property=\"og:locale\" content=\"fi_FI\" \/>\n<meta property=\"og:type\" content=\"article\" \/>\n<meta property=\"og:title\" content=\"Brit Care Sensitive kuivaruoka herk\u00e4lle vatsalle 2 kg - MiuMjau\" \/>\n<meta property=\"og:description\" content=\"Hypoallergeeninen ja viljaton ruoka herk\u00e4lle ruoansulatukselle kissoille. Helposti sulava koostumus takaa ravintoaineiden maksimaalisen imeytymisen ja tukee ruoansulatusta ja yleist\u00e4 hyvinvointia. Maukas ja ravitseva \u2013 tuore kalkkunanliha ja lohi tyydytt\u00e4v\u00e4t vaativimmankin kissan ruokahalun. Terve ruoansulatus \u2013 probiootit ja antioksidantit tukevat suoliston mikroflooraa ja vastustuskyky\u00e4. Munuaisten ja virtsateiden suoja \u2013 tyrni ja matala magnesiumpitoisuus auttavat yll\u00e4pit\u00e4m\u00e4\u00e4n optimaalista virtsan pH:ta. V\u00e4hent\u00e4\u00e4 ep\u00e4miellytt\u00e4vi\u00e4 hajuja \u2013 yucca-uute auttaa v\u00e4hent\u00e4m\u00e4\u00e4n ulosteiden hajua. Turvallinen ja luonnollinen \u2013 EI SIS\u00c4LL\u00c4 viljaa, keinotekoisia v\u00e4riaineita, s\u00e4il\u00f6nt\u00e4aineita eik\u00e4 GMO:ta. Ainesosat: Tuore kalkkunanliha (26 %), kuivattu lohi (26 %), keltaiset herneet (16 %), kikherneet (11 %), siipikarjan rasva, sikurijuuri, lohi\u00f6ljy, oluthiiva, tyrni, karpalot, probiootit. Analyysi: Proteiinit 32 %, rasvat 16 %, kuidut 1,5 %, kalsium 1,2 %, fosfori 0,9 %, Omega-3 0,5 %, Omega-6 2,0 %. S\u00e4ilytys &amp; ruokinta: Tarjoile kuivana tai kostutettuna. S\u00e4\u00e4d\u00e4 m\u00e4\u00e4r\u00e4\u00e4 kissan tarpeiden mukaan. Tarjoa aina raikasta juomavett\u00e4. Hell\u00e4varaiselle ruoansulatukselle ja hienolle maulle \u2013 Brit Care Sensitive!\" \/>\n<meta property=\"og:url\" content=\"https:\/\/miumjau.ee\/fi\/tuote\/brit-care-sensitive-kuivaruoka-herkalle-vatsalle-2-kg-2\/\" \/>\n<meta property=\"og:site_name\" content=\"MiuMjau\" \/>\n<meta property=\"article:publisher\" content=\"https:\/\/www.facebook.com\/miumjaupood\/\" \/>\n<meta property=\"article:modified_time\" content=\"2025-11-27T08:39:54+00:00\" \/>\n<meta property=\"og:image\" content=\"https:\/\/miumjau.ee\/wp-content\/uploads\/2025\/02\/brit-care-kuivtoit-kassile-sensitive-healthy-digestion.jpg\" \/>\n\t<meta property=\"og:image:width\" content=\"600\" \/>\n\t<meta property=\"og:image:height\" content=\"800\" \/>\n\t<meta property=\"og:image:type\" content=\"image\/jpeg\" \/>\n<meta name=\"twitter:card\" content=\"summary_large_image\" \/>\n<meta name=\"twitter:label1\" content=\"Arvioitu lukuaika\" \/>\n\t<meta name=\"twitter:data1\" content=\"1 minuutti\" \/>\n<script type=\"application\/ld+json\" class=\"yoast-schema-graph\">{\"@context\":\"https:\\\/\\\/schema.org\",\"@graph\":[{\"@type\":\"WebPage\",\"@id\":\"https:\\\/\\\/miumjau.ee\\\/fi\\\/tuote\\\/brit-care-sensitive-kuivaruoka-herkalle-vatsalle-2-kg-2\\\/\",\"url\":\"https:\\\/\\\/miumjau.ee\\\/fi\\\/tuote\\\/brit-care-sensitive-kuivaruoka-herkalle-vatsalle-2-kg-2\\\/\",\"name\":\"Brit Care Sensitive kuivaruoka herk\u00e4lle vatsalle 2 kg - MiuMjau\",\"isPartOf\":{\"@id\":\"https:\\\/\\\/miumjau.ee\\\/#website\"},\"primaryImageOfPage\":{\"@id\":\"https:\\\/\\\/miumjau.ee\\\/fi\\\/tuote\\\/brit-care-sensitive-kuivaruoka-herkalle-vatsalle-2-kg-2\\\/#primaryimage\"},\"image\":{\"@id\":\"https:\\\/\\\/miumjau.ee\\\/fi\\\/tuote\\\/brit-care-sensitive-kuivaruoka-herkalle-vatsalle-2-kg-2\\\/#primaryimage\"},\"thumbnailUrl\":\"https:\\\/\\\/miumjau.ee\\\/wp-content\\\/uploads\\\/2025\\\/02\\\/brit-care-kuivtoit-kassile-sensitive-healthy-digestion.jpg\",\"datePublished\":\"2025-04-23T07:36:12+00:00\",\"dateModified\":\"2025-11-27T08:39:54+00:00\",\"breadcrumb\":{\"@id\":\"https:\\\/\\\/miumjau.ee\\\/fi\\\/tuote\\\/brit-care-sensitive-kuivaruoka-herkalle-vatsalle-2-kg-2\\\/#breadcrumb\"},\"inLanguage\":\"fi\",\"potentialAction\":[{\"@type\":\"ReadAction\",\"target\":[\"https:\\\/\\\/miumjau.ee\\\/fi\\\/tuote\\\/brit-care-sensitive-kuivaruoka-herkalle-vatsalle-2-kg-2\\\/\"]}]},{\"@type\":\"ImageObject\",\"inLanguage\":\"fi\",\"@id\":\"https:\\\/\\\/miumjau.ee\\\/fi\\\/tuote\\\/brit-care-sensitive-kuivaruoka-herkalle-vatsalle-2-kg-2\\\/#primaryimage\",\"url\":\"https:\\\/\\\/miumjau.ee\\\/wp-content\\\/uploads\\\/2025\\\/02\\\/brit-care-kuivtoit-kassile-sensitive-healthy-digestion.jpg\",\"contentUrl\":\"https:\\\/\\\/miumjau.ee\\\/wp-content\\\/uploads\\\/2025\\\/02\\\/brit-care-kuivtoit-kassile-sensitive-healthy-digestion.jpg\",\"width\":600,\"height\":800,\"caption\":\"Brit Care Sensitive kuivtoit tundliku seedimisega kassile 400g\"},{\"@type\":\"BreadcrumbList\",\"@id\":\"https:\\\/\\\/miumjau.ee\\\/fi\\\/tuote\\\/brit-care-sensitive-kuivaruoka-herkalle-vatsalle-2-kg-2\\\/#breadcrumb\",\"itemListElement\":[{\"@type\":\"ListItem\",\"position\":1,\"name\":\"Home\",\"item\":\"https:\\\/\\\/miumjau.ee\\\/fi\\\/\"},{\"@type\":\"ListItem\",\"position\":2,\"name\":\"Kauppa\",\"item\":\"https:\\\/\\\/miumjau.ee\\\/fi\\\/kauppa\\\/\"},{\"@type\":\"ListItem\",\"position\":3,\"name\":\"Brit Care Sensitive kuivaruoka herk\u00e4lle vatsalle 2 kg\"}]},{\"@type\":\"WebSite\",\"@id\":\"https:\\\/\\\/miumjau.ee\\\/#website\",\"url\":\"https:\\\/\\\/miumjau.ee\\\/\",\"name\":\"MiuMjau\",\"description\":\"Kraapimispuud kassidele\",\"publisher\":{\"@id\":\"https:\\\/\\\/miumjau.ee\\\/#organization\"},\"potentialAction\":[{\"@type\":\"SearchAction\",\"target\":{\"@type\":\"EntryPoint\",\"urlTemplate\":\"https:\\\/\\\/miumjau.ee\\\/?s={search_term_string}\"},\"query-input\":{\"@type\":\"PropertyValueSpecification\",\"valueRequired\":true,\"valueName\":\"search_term_string\"}}],\"inLanguage\":\"fi\"},{\"@type\":\"Organization\",\"@id\":\"https:\\\/\\\/miumjau.ee\\\/#organization\",\"name\":\"MiuMjau O\u00dc\",\"url\":\"https:\\\/\\\/miumjau.ee\\\/\",\"logo\":{\"@type\":\"ImageObject\",\"inLanguage\":\"fi\",\"@id\":\"https:\\\/\\\/miumjau.ee\\\/#\\\/schema\\\/logo\\\/image\\\/\",\"url\":\"https:\\\/\\\/miumjau.ee\\\/wp-content\\\/uploads\\\/2022\\\/04\\\/MiuMjau-logo-kollane.png\",\"contentUrl\":\"https:\\\/\\\/miumjau.ee\\\/wp-content\\\/uploads\\\/2022\\\/04\\\/MiuMjau-logo-kollane.png\",\"width\":219,\"height\":100,\"caption\":\"MiuMjau O\u00dc\"},\"image\":{\"@id\":\"https:\\\/\\\/miumjau.ee\\\/#\\\/schema\\\/logo\\\/image\\\/\"},\"sameAs\":[\"https:\\\/\\\/www.facebook.com\\\/miumjaupood\\\/\"]}]}<\/script>\n<!-- \/ Yoast SEO plugin. -->","yoast_head_json":{"title":"Brit Care Sensitive kuivaruoka herk\u00e4lle vatsalle 2 kg - MiuMjau","robots":{"index":"index","follow":"follow","max-snippet":"max-snippet:-1","max-image-preview":"max-image-preview:large","max-video-preview":"max-video-preview:-1"},"canonical":"https:\/\/miumjau.ee\/fi\/tuote\/brit-care-sensitive-kuivaruoka-herkalle-vatsalle-2-kg-2\/","og_locale":"fi_FI","og_type":"article","og_title":"Brit Care Sensitive kuivaruoka herk\u00e4lle vatsalle 2 kg - MiuMjau","og_description":"Hypoallergeeninen ja viljaton ruoka herk\u00e4lle ruoansulatukselle kissoille. Helposti sulava koostumus takaa ravintoaineiden maksimaalisen imeytymisen ja tukee ruoansulatusta ja yleist\u00e4 hyvinvointia. Maukas ja ravitseva \u2013 tuore kalkkunanliha ja lohi tyydytt\u00e4v\u00e4t vaativimmankin kissan ruokahalun. Terve ruoansulatus \u2013 probiootit ja antioksidantit tukevat suoliston mikroflooraa ja vastustuskyky\u00e4. Munuaisten ja virtsateiden suoja \u2013 tyrni ja matala magnesiumpitoisuus auttavat yll\u00e4pit\u00e4m\u00e4\u00e4n optimaalista virtsan pH:ta. V\u00e4hent\u00e4\u00e4 ep\u00e4miellytt\u00e4vi\u00e4 hajuja \u2013 yucca-uute auttaa v\u00e4hent\u00e4m\u00e4\u00e4n ulosteiden hajua. Turvallinen ja luonnollinen \u2013 EI SIS\u00c4LL\u00c4 viljaa, keinotekoisia v\u00e4riaineita, s\u00e4il\u00f6nt\u00e4aineita eik\u00e4 GMO:ta. Ainesosat: Tuore kalkkunanliha (26 %), kuivattu lohi (26 %), keltaiset herneet (16 %), kikherneet (11 %), siipikarjan rasva, sikurijuuri, lohi\u00f6ljy, oluthiiva, tyrni, karpalot, probiootit. Analyysi: Proteiinit 32 %, rasvat 16 %, kuidut 1,5 %, kalsium 1,2 %, fosfori 0,9 %, Omega-3 0,5 %, Omega-6 2,0 %. S\u00e4ilytys &amp; ruokinta: Tarjoile kuivana tai kostutettuna. S\u00e4\u00e4d\u00e4 m\u00e4\u00e4r\u00e4\u00e4 kissan tarpeiden mukaan. Tarjoa aina raikasta juomavett\u00e4. Hell\u00e4varaiselle ruoansulatukselle ja hienolle maulle \u2013 Brit Care Sensitive!","og_url":"https:\/\/miumjau.ee\/fi\/tuote\/brit-care-sensitive-kuivaruoka-herkalle-vatsalle-2-kg-2\/","og_site_name":"MiuMjau","article_publisher":"https:\/\/www.facebook.com\/miumjaupood\/","article_modified_time":"2025-11-27T08:39:54+00:00","og_image":[{"width":600,"height":800,"url":"https:\/\/miumjau.ee\/wp-content\/uploads\/2025\/02\/brit-care-kuivtoit-kassile-sensitive-healthy-digestion.jpg","type":"image\/jpeg"}],"twitter_card":"summary_large_image","twitter_misc":{"Arvioitu lukuaika":"1 minuutti"},"schema":{"@context":"https:\/\/schema.org","@graph":[{"@type":"WebPage","@id":"https:\/\/miumjau.ee\/fi\/tuote\/brit-care-sensitive-kuivaruoka-herkalle-vatsalle-2-kg-2\/","url":"https:\/\/miumjau.ee\/fi\/tuote\/brit-care-sensitive-kuivaruoka-herkalle-vatsalle-2-kg-2\/","name":"Brit Care Sensitive kuivaruoka herk\u00e4lle vatsalle 2 kg - MiuMjau","isPartOf":{"@id":"https:\/\/miumjau.ee\/#website"},"primaryImageOfPage":{"@id":"https:\/\/miumjau.ee\/fi\/tuote\/brit-care-sensitive-kuivaruoka-herkalle-vatsalle-2-kg-2\/#primaryimage"},"image":{"@id":"https:\/\/miumjau.ee\/fi\/tuote\/brit-care-sensitive-kuivaruoka-herkalle-vatsalle-2-kg-2\/#primaryimage"},"thumbnailUrl":"https:\/\/miumjau.ee\/wp-content\/uploads\/2025\/02\/brit-care-kuivtoit-kassile-sensitive-healthy-digestion.jpg","datePublished":"2025-04-23T07:36:12+00:00","dateModified":"2025-11-27T08:39:54+00:00","breadcrumb":{"@id":"https:\/\/miumjau.ee\/fi\/tuote\/brit-care-sensitive-kuivaruoka-herkalle-vatsalle-2-kg-2\/#breadcrumb"},"inLanguage":"fi","potentialAction":[{"@type":"ReadAction","target":["https:\/\/miumjau.ee\/fi\/tuote\/brit-care-sensitive-kuivaruoka-herkalle-vatsalle-2-kg-2\/"]}]},{"@type":"ImageObject","inLanguage":"fi","@id":"https:\/\/miumjau.ee\/fi\/tuote\/brit-care-sensitive-kuivaruoka-herkalle-vatsalle-2-kg-2\/#primaryimage","url":"https:\/\/miumjau.ee\/wp-content\/uploads\/2025\/02\/brit-care-kuivtoit-kassile-sensitive-healthy-digestion.jpg","contentUrl":"https:\/\/miumjau.ee\/wp-content\/uploads\/2025\/02\/brit-care-kuivtoit-kassile-sensitive-healthy-digestion.jpg","width":600,"height":800,"caption":"Brit Care Sensitive kuivtoit tundliku seedimisega kassile 400g"},{"@type":"BreadcrumbList","@id":"https:\/\/miumjau.ee\/fi\/tuote\/brit-care-sensitive-kuivaruoka-herkalle-vatsalle-2-kg-2\/#breadcrumb","itemListElement":[{"@type":"ListItem","position":1,"name":"Home","item":"https:\/\/miumjau.ee\/fi\/"},{"@type":"ListItem","position":2,"name":"Kauppa","item":"https:\/\/miumjau.ee\/fi\/kauppa\/"},{"@type":"ListItem","position":3,"name":"Brit Care Sensitive kuivaruoka herk\u00e4lle vatsalle 2 kg"}]},{"@type":"WebSite","@id":"https:\/\/miumjau.ee\/#website","url":"https:\/\/miumjau.ee\/","name":"MiuMjau","description":"Kraapimispuud kassidele","publisher":{"@id":"https:\/\/miumjau.ee\/#organization"},"potentialAction":[{"@type":"SearchAction","target":{"@type":"EntryPoint","urlTemplate":"https:\/\/miumjau.ee\/?s={search_term_string}"},"query-input":{"@type":"PropertyValueSpecification","valueRequired":true,"valueName":"search_term_string"}}],"inLanguage":"fi"},{"@type":"Organization","@id":"https:\/\/miumjau.ee\/#organization","name":"MiuMjau O\u00dc","url":"https:\/\/miumjau.ee\/","logo":{"@type":"ImageObject","inLanguage":"fi","@id":"https:\/\/miumjau.ee\/#\/schema\/logo\/image\/","url":"https:\/\/miumjau.ee\/wp-content\/uploads\/2022\/04\/MiuMjau-logo-kollane.png","contentUrl":"https:\/\/miumjau.ee\/wp-content\/uploads\/2022\/04\/MiuMjau-logo-kollane.png","width":219,"height":100,"caption":"MiuMjau O\u00dc"},"image":{"@id":"https:\/\/miumjau.ee\/#\/schema\/logo\/image\/"},"sameAs":["https:\/\/www.facebook.com\/miumjaupood\/"]}]}},"_links":{"self":[{"href":"https:\/\/miumjau.ee\/fi\/wp-json\/wp\/v2\/product\/32965","targetHints":{"allow":["GET"]}}],"collection":[{"href":"https:\/\/miumjau.ee\/fi\/wp-json\/wp\/v2\/product"}],"about":[{"href":"https:\/\/miumjau.ee\/fi\/wp-json\/wp\/v2\/types\/product"}],"wp:featuredmedia":[{"embeddable":true,"href":"https:\/\/miumjau.ee\/fi\/wp-json\/wp\/v2\/media\/27422"}],"wp:attachment":[{"href":"https:\/\/miumjau.ee\/fi\/wp-json\/wp\/v2\/media?parent=32965"}],"wp:term":[{"taxonomy":"product_brand","embeddable":true,"href":"https:\/\/miumjau.ee\/fi\/wp-json\/wp\/v2\/product_brand?post=32965"},{"taxonomy":"product_cat","embeddable":true,"href":"https:\/\/miumjau.ee\/fi\/wp-json\/wp\/v2\/product_cat?post=32965"},{"taxonomy":"product_tag","embeddable":true,"href":"https:\/\/miumjau.ee\/fi\/wp-json\/wp\/v2\/product_tag?post=32965"}],"curies":[{"name":"wp","href":"https:\/\/api.w.org\/{rel}","templated":true}]}}