{"id":32957,"date":"2025-04-23T10:35:25","date_gmt":"2025-04-23T07:35:25","guid":{"rendered":"https:\/\/miumjau.ee\/?post_type=product&#038;p=32957"},"modified":"2026-01-07T22:51:05","modified_gmt":"2026-01-07T20:51:05","slug":"brit-care-adult-activity-support-kuivaruoka-aktiivisille-kissoille-2kg-2","status":"publish","type":"product","link":"https:\/\/miumjau.ee\/fi\/tuote\/brit-care-adult-activity-support-kuivaruoka-aktiivisille-kissoille-2kg-2\/","title":{"rendered":"Brit Care Adult Activity Support kuivaruoka aktiivisille kissoille 7kg"},"content":{"rendered":"","protected":false},"excerpt":{"rendered":"<article class=\"text-token-text-primary w-full\" dir=\"auto\" data-testid=\"conversation-turn-42\" data-scroll-anchor=\"true\">\n<div class=\"text-base my-auto mx-auto py-5 [--thread-content-margin:--spacing(4)] @[37rem]:[--thread-content-margin:--spacing(6)] @[72rem]:[--thread-content-margin:--spacing(16)] px-(--thread-content-margin)\">\n<div class=\"[--thread-content-max-width:32rem] @[34rem]:[--thread-content-max-width:40rem] @[64rem]:[--thread-content-max-width:48rem] mx-auto flex max-w-(--thread-content-max-width) flex-1 text-base gap-4 md:gap-5 lg:gap-6 group\/turn-messages focus-visible:outline-hidden\" tabindex=\"-1\">\n<div class=\"group\/conversation-turn relative flex w-full min-w-0 flex-col agent-turn\">\n<div class=\"relative flex-col gap-1 md:gap-3\">\n<div class=\"flex max-w-full flex-col grow\">\n<div class=\"min-h-8 text-message relative flex w-full flex-col items-end gap-2 text-start break-words whitespace-normal [.text-message+&amp;]:mt-5\" dir=\"auto\" data-message-author-role=\"assistant\" data-message-id=\"90d6312d-2c7f-4d1f-a14d-4f70899daad2\" data-message-model-slug=\"gpt-4o\">\n<div class=\"flex w-full flex-col gap-1 empty:hidden first:pt-[3px]\">\n<div class=\"markdown prose dark:prose-invert w-full break-words light\">\n<p data-start=\"69\" data-end=\"310\"><strong data-start=\"69\" data-end=\"310\">Hypoallergeeninen ja viljaton t\u00e4ysravinto aktiivisille aikuisille kissoille. Laadukkaat proteiinit auttavat yll\u00e4pit\u00e4m\u00e4\u00e4n vahvoja ja solakoita lihaksia, samalla kun optimaaliset vitamiinit ja kivenn\u00e4isaineet takaavat tarvittavan energian.<\/strong><\/p>\n<p data-start=\"312\" data-end=\"837\">\ud83d\udd39 <strong data-start=\"315\" data-end=\"345\">Terveet nivelet ja hampaat<\/strong> \u2013 kondroprotektorit ja kalsium tukevat luita ja niveli\u00e4.<br data-start=\"402\" data-end=\"405\" \/>\ud83d\udd39 <strong data-start=\"408\" data-end=\"438\">Syd\u00e4men ja silmien terveys<\/strong> \u2013 tauriini auttaa s\u00e4ilytt\u00e4m\u00e4\u00e4n hyv\u00e4n n\u00e4\u00f6n ja vahvistaa syd\u00e4nt\u00e4.<br data-start=\"502\" data-end=\"505\" \/>\ud83d\udd39 <strong data-start=\"508\" data-end=\"547\">Vahva vastustuskyky ja ruuansulatus<\/strong> \u2013 probiootit ja prebiootit tukevat suolistoa ja suojaavat sairauksilta.<br data-start=\"619\" data-end=\"622\" \/>\ud83d\udd39 <strong data-start=\"625\" data-end=\"653\">Luonnolliset superfoodit<\/strong> \u2013 hedelm\u00e4t, marjat ja yrtit edist\u00e4v\u00e4t pitk\u00e4ik\u00e4isyytt\u00e4 ja hyvinvointia.<br data-start=\"724\" data-end=\"727\" \/>\ud83d\udd39 <strong data-start=\"730\" data-end=\"761\">Turvallinen ja luonnollinen<\/strong> \u2013 EI SIS\u00c4LL\u00c4 viljaa, keinotekoisia v\u00e4riaineita, s\u00e4il\u00f6nt\u00e4aineita tai GMO:ta.<\/p>\n<p data-start=\"839\" data-end=\"1069\"><strong data-start=\"839\" data-end=\"853\">Ainesosat:<\/strong> dehydroitu kalkkunanliha (28 %), tuore kana (26 %), keltaiset herneet (16 %), kananrasva (13 %), kikherneet, lohi\u00f6ljy, kananmaksaa, pellavansiemenet, kuivatut karpalot, tyrni, glukosamiini, kondroitiini, probiootit.<\/p>\n<p data-start=\"1071\" data-end=\"1183\"><strong data-start=\"1071\" data-end=\"1084\">Analyysi:<\/strong> proteiini 34 %, rasva 18 %, kuitu 1 %, kalsium 1,2 %, fosfori 0,9 %, omega-3 0,3 %, omega-6 2,0 %.<\/p>\n<p data-start=\"1185\" data-end=\"1357\"><strong data-start=\"1185\" data-end=\"1209\">S\u00e4ilytys &amp; ruokinta:<\/strong> Tarjoa kuivana tai kevyesti kostutettuna. S\u00e4\u00e4d\u00e4 annos kissasi aktiivisuuden mukaan. Varmista aina, ett\u00e4 kissalla on raikasta juomavett\u00e4 saatavilla.<\/p>\n<p data-start=\"1359\" data-end=\"1420\" data-is-last-node=\"\" data-is-only-node=\"\">\ud83c\udfc6 <strong data-start=\"1362\" data-end=\"1420\" data-is-last-node=\"\">Vahva ja energinen kissa \u2013 Brit Care Activity Support!<\/strong><\/p>\n<\/div>\n<\/div>\n<\/div>\n<\/div>\n<div class=\"flex min-h-[46px] justify-start\"><\/div>\n<\/div>\n<div class=\"aria-live=polite absolute\">\n<div class=\"flex items-center justify-center\"><\/div>\n<\/div>\n<\/div>\n<\/div>\n<\/div>\n<\/article>\n<div class=\"pointer-events-none h-px w-px\" aria-hidden=\"true\" data-edge=\"true\"><\/div>\n","protected":false},"featured_media":27417,"template":"","meta":[],"product_brand":[],"product_cat":[255],"product_tag":[],"class_list":{"0":"post-32957","1":"product","2":"type-product","3":"status-publish","4":"has-post-thumbnail","6":"product_cat-kuiva-ruoka","8":"first","9":"instock","10":"sale","11":"taxable","12":"shipping-taxable","13":"purchasable","14":"product-type-simple"},"yoast_head":"<!-- This site is optimized with the Yoast SEO plugin v27.4 - https:\/\/yoast.com\/product\/yoast-seo-wordpress\/ -->\n<title>Brit Care Adult Activity Support kuivaruoka aktiivisille kissoille 7kg - MiuMjau<\/title>\n<meta name=\"robots\" content=\"index, follow, max-snippet:-1, max-image-preview:large, max-video-preview:-1\" \/>\n<link rel=\"canonical\" href=\"https:\/\/miumjau.ee\/fi\/tuote\/brit-care-adult-activity-support-kuivaruoka-aktiivisille-kissoille-2kg-2\/\" \/>\n<meta property=\"og:locale\" content=\"fi_FI\" \/>\n<meta property=\"og:type\" content=\"article\" \/>\n<meta property=\"og:title\" content=\"Brit Care Adult Activity Support kuivaruoka aktiivisille kissoille 7kg - MiuMjau\" \/>\n<meta property=\"og:description\" content=\"Hypoallergeeninen ja viljaton t\u00e4ysravinto aktiivisille aikuisille kissoille. Laadukkaat proteiinit auttavat yll\u00e4pit\u00e4m\u00e4\u00e4n vahvoja ja solakoita lihaksia, samalla kun optimaaliset vitamiinit ja kivenn\u00e4isaineet takaavat tarvittavan energian. \ud83d\udd39 Terveet nivelet ja hampaat \u2013 kondroprotektorit ja kalsium tukevat luita ja niveli\u00e4.\ud83d\udd39 Syd\u00e4men ja silmien terveys \u2013 tauriini auttaa s\u00e4ilytt\u00e4m\u00e4\u00e4n hyv\u00e4n n\u00e4\u00f6n ja vahvistaa syd\u00e4nt\u00e4.\ud83d\udd39 Vahva vastustuskyky ja ruuansulatus \u2013 probiootit ja prebiootit tukevat suolistoa ja suojaavat sairauksilta.\ud83d\udd39 Luonnolliset superfoodit \u2013 hedelm\u00e4t, marjat ja yrtit edist\u00e4v\u00e4t pitk\u00e4ik\u00e4isyytt\u00e4 ja hyvinvointia.\ud83d\udd39 Turvallinen ja luonnollinen \u2013 EI SIS\u00c4LL\u00c4 viljaa, keinotekoisia v\u00e4riaineita, s\u00e4il\u00f6nt\u00e4aineita tai GMO:ta. Ainesosat: dehydroitu kalkkunanliha (28 %), tuore kana (26 %), keltaiset herneet (16 %), kananrasva (13 %), kikherneet, lohi\u00f6ljy, kananmaksaa, pellavansiemenet, kuivatut karpalot, tyrni, glukosamiini, kondroitiini, probiootit. Analyysi: proteiini 34 %, rasva 18 %, kuitu 1 %, kalsium 1,2 %, fosfori 0,9 %, omega-3 0,3 %, omega-6 2,0 %. S\u00e4ilytys &amp; ruokinta: Tarjoa kuivana tai kevyesti kostutettuna. S\u00e4\u00e4d\u00e4 annos kissasi aktiivisuuden mukaan. Varmista aina, ett\u00e4 kissalla on raikasta juomavett\u00e4 saatavilla. \ud83c\udfc6 Vahva ja energinen kissa \u2013 Brit Care Activity Support!\" \/>\n<meta property=\"og:url\" content=\"https:\/\/miumjau.ee\/fi\/tuote\/brit-care-adult-activity-support-kuivaruoka-aktiivisille-kissoille-2kg-2\/\" \/>\n<meta property=\"og:site_name\" content=\"MiuMjau\" \/>\n<meta property=\"article:publisher\" content=\"https:\/\/www.facebook.com\/miumjaupood\/\" \/>\n<meta property=\"article:modified_time\" content=\"2026-01-07T20:51:05+00:00\" \/>\n<meta property=\"og:image\" content=\"https:\/\/miumjau.ee\/wp-content\/uploads\/2025\/02\/brit-care-kuivtoit-kassile-activity-support.jpg\" \/>\n\t<meta property=\"og:image:width\" content=\"600\" \/>\n\t<meta property=\"og:image:height\" content=\"800\" \/>\n\t<meta property=\"og:image:type\" content=\"image\/jpeg\" \/>\n<meta name=\"twitter:card\" content=\"summary_large_image\" \/>\n<script type=\"application\/ld+json\" class=\"yoast-schema-graph\">{\"@context\":\"https:\\\/\\\/schema.org\",\"@graph\":[{\"@type\":\"WebPage\",\"@id\":\"https:\\\/\\\/miumjau.ee\\\/fi\\\/tuote\\\/brit-care-adult-activity-support-kuivaruoka-aktiivisille-kissoille-2kg-2\\\/\",\"url\":\"https:\\\/\\\/miumjau.ee\\\/fi\\\/tuote\\\/brit-care-adult-activity-support-kuivaruoka-aktiivisille-kissoille-2kg-2\\\/\",\"name\":\"Brit Care Adult Activity Support kuivaruoka aktiivisille kissoille 7kg - MiuMjau\",\"isPartOf\":{\"@id\":\"https:\\\/\\\/miumjau.ee\\\/#website\"},\"primaryImageOfPage\":{\"@id\":\"https:\\\/\\\/miumjau.ee\\\/fi\\\/tuote\\\/brit-care-adult-activity-support-kuivaruoka-aktiivisille-kissoille-2kg-2\\\/#primaryimage\"},\"image\":{\"@id\":\"https:\\\/\\\/miumjau.ee\\\/fi\\\/tuote\\\/brit-care-adult-activity-support-kuivaruoka-aktiivisille-kissoille-2kg-2\\\/#primaryimage\"},\"thumbnailUrl\":\"https:\\\/\\\/miumjau.ee\\\/wp-content\\\/uploads\\\/2025\\\/02\\\/brit-care-kuivtoit-kassile-activity-support.jpg\",\"datePublished\":\"2025-04-23T07:35:25+00:00\",\"dateModified\":\"2026-01-07T20:51:05+00:00\",\"breadcrumb\":{\"@id\":\"https:\\\/\\\/miumjau.ee\\\/fi\\\/tuote\\\/brit-care-adult-activity-support-kuivaruoka-aktiivisille-kissoille-2kg-2\\\/#breadcrumb\"},\"inLanguage\":\"fi\",\"potentialAction\":[{\"@type\":\"ReadAction\",\"target\":[\"https:\\\/\\\/miumjau.ee\\\/fi\\\/tuote\\\/brit-care-adult-activity-support-kuivaruoka-aktiivisille-kissoille-2kg-2\\\/\"]}]},{\"@type\":\"ImageObject\",\"inLanguage\":\"fi\",\"@id\":\"https:\\\/\\\/miumjau.ee\\\/fi\\\/tuote\\\/brit-care-adult-activity-support-kuivaruoka-aktiivisille-kissoille-2kg-2\\\/#primaryimage\",\"url\":\"https:\\\/\\\/miumjau.ee\\\/wp-content\\\/uploads\\\/2025\\\/02\\\/brit-care-kuivtoit-kassile-activity-support.jpg\",\"contentUrl\":\"https:\\\/\\\/miumjau.ee\\\/wp-content\\\/uploads\\\/2025\\\/02\\\/brit-care-kuivtoit-kassile-activity-support.jpg\",\"width\":600,\"height\":800,\"caption\":\"Brit Care Adult Activity Support kuivtoit aktiivsele kassile 400g\"},{\"@type\":\"BreadcrumbList\",\"@id\":\"https:\\\/\\\/miumjau.ee\\\/fi\\\/tuote\\\/brit-care-adult-activity-support-kuivaruoka-aktiivisille-kissoille-2kg-2\\\/#breadcrumb\",\"itemListElement\":[{\"@type\":\"ListItem\",\"position\":1,\"name\":\"Home\",\"item\":\"https:\\\/\\\/miumjau.ee\\\/fi\\\/\"},{\"@type\":\"ListItem\",\"position\":2,\"name\":\"Kauppa\",\"item\":\"https:\\\/\\\/miumjau.ee\\\/fi\\\/kauppa\\\/\"},{\"@type\":\"ListItem\",\"position\":3,\"name\":\"Brit Care Adult Activity Support kuivaruoka aktiivisille kissoille 7kg\"}]},{\"@type\":\"WebSite\",\"@id\":\"https:\\\/\\\/miumjau.ee\\\/#website\",\"url\":\"https:\\\/\\\/miumjau.ee\\\/\",\"name\":\"MiuMjau\",\"description\":\"Kraapimispuud kassidele\",\"publisher\":{\"@id\":\"https:\\\/\\\/miumjau.ee\\\/#organization\"},\"potentialAction\":[{\"@type\":\"SearchAction\",\"target\":{\"@type\":\"EntryPoint\",\"urlTemplate\":\"https:\\\/\\\/miumjau.ee\\\/?s={search_term_string}\"},\"query-input\":{\"@type\":\"PropertyValueSpecification\",\"valueRequired\":true,\"valueName\":\"search_term_string\"}}],\"inLanguage\":\"fi\"},{\"@type\":\"Organization\",\"@id\":\"https:\\\/\\\/miumjau.ee\\\/#organization\",\"name\":\"MiuMjau O\u00dc\",\"url\":\"https:\\\/\\\/miumjau.ee\\\/\",\"logo\":{\"@type\":\"ImageObject\",\"inLanguage\":\"fi\",\"@id\":\"https:\\\/\\\/miumjau.ee\\\/#\\\/schema\\\/logo\\\/image\\\/\",\"url\":\"https:\\\/\\\/miumjau.ee\\\/wp-content\\\/uploads\\\/2022\\\/04\\\/MiuMjau-logo-kollane.png\",\"contentUrl\":\"https:\\\/\\\/miumjau.ee\\\/wp-content\\\/uploads\\\/2022\\\/04\\\/MiuMjau-logo-kollane.png\",\"width\":219,\"height\":100,\"caption\":\"MiuMjau O\u00dc\"},\"image\":{\"@id\":\"https:\\\/\\\/miumjau.ee\\\/#\\\/schema\\\/logo\\\/image\\\/\"},\"sameAs\":[\"https:\\\/\\\/www.facebook.com\\\/miumjaupood\\\/\"]}]}<\/script>\n<!-- \/ Yoast SEO plugin. -->","yoast_head_json":{"title":"Brit Care Adult Activity Support kuivaruoka aktiivisille kissoille 7kg - MiuMjau","robots":{"index":"index","follow":"follow","max-snippet":"max-snippet:-1","max-image-preview":"max-image-preview:large","max-video-preview":"max-video-preview:-1"},"canonical":"https:\/\/miumjau.ee\/fi\/tuote\/brit-care-adult-activity-support-kuivaruoka-aktiivisille-kissoille-2kg-2\/","og_locale":"fi_FI","og_type":"article","og_title":"Brit Care Adult Activity Support kuivaruoka aktiivisille kissoille 7kg - MiuMjau","og_description":"Hypoallergeeninen ja viljaton t\u00e4ysravinto aktiivisille aikuisille kissoille. Laadukkaat proteiinit auttavat yll\u00e4pit\u00e4m\u00e4\u00e4n vahvoja ja solakoita lihaksia, samalla kun optimaaliset vitamiinit ja kivenn\u00e4isaineet takaavat tarvittavan energian. \ud83d\udd39 Terveet nivelet ja hampaat \u2013 kondroprotektorit ja kalsium tukevat luita ja niveli\u00e4.\ud83d\udd39 Syd\u00e4men ja silmien terveys \u2013 tauriini auttaa s\u00e4ilytt\u00e4m\u00e4\u00e4n hyv\u00e4n n\u00e4\u00f6n ja vahvistaa syd\u00e4nt\u00e4.\ud83d\udd39 Vahva vastustuskyky ja ruuansulatus \u2013 probiootit ja prebiootit tukevat suolistoa ja suojaavat sairauksilta.\ud83d\udd39 Luonnolliset superfoodit \u2013 hedelm\u00e4t, marjat ja yrtit edist\u00e4v\u00e4t pitk\u00e4ik\u00e4isyytt\u00e4 ja hyvinvointia.\ud83d\udd39 Turvallinen ja luonnollinen \u2013 EI SIS\u00c4LL\u00c4 viljaa, keinotekoisia v\u00e4riaineita, s\u00e4il\u00f6nt\u00e4aineita tai GMO:ta. Ainesosat: dehydroitu kalkkunanliha (28 %), tuore kana (26 %), keltaiset herneet (16 %), kananrasva (13 %), kikherneet, lohi\u00f6ljy, kananmaksaa, pellavansiemenet, kuivatut karpalot, tyrni, glukosamiini, kondroitiini, probiootit. Analyysi: proteiini 34 %, rasva 18 %, kuitu 1 %, kalsium 1,2 %, fosfori 0,9 %, omega-3 0,3 %, omega-6 2,0 %. S\u00e4ilytys &amp; ruokinta: Tarjoa kuivana tai kevyesti kostutettuna. S\u00e4\u00e4d\u00e4 annos kissasi aktiivisuuden mukaan. Varmista aina, ett\u00e4 kissalla on raikasta juomavett\u00e4 saatavilla. \ud83c\udfc6 Vahva ja energinen kissa \u2013 Brit Care Activity Support!","og_url":"https:\/\/miumjau.ee\/fi\/tuote\/brit-care-adult-activity-support-kuivaruoka-aktiivisille-kissoille-2kg-2\/","og_site_name":"MiuMjau","article_publisher":"https:\/\/www.facebook.com\/miumjaupood\/","article_modified_time":"2026-01-07T20:51:05+00:00","og_image":[{"width":600,"height":800,"url":"https:\/\/miumjau.ee\/wp-content\/uploads\/2025\/02\/brit-care-kuivtoit-kassile-activity-support.jpg","type":"image\/jpeg"}],"twitter_card":"summary_large_image","schema":{"@context":"https:\/\/schema.org","@graph":[{"@type":"WebPage","@id":"https:\/\/miumjau.ee\/fi\/tuote\/brit-care-adult-activity-support-kuivaruoka-aktiivisille-kissoille-2kg-2\/","url":"https:\/\/miumjau.ee\/fi\/tuote\/brit-care-adult-activity-support-kuivaruoka-aktiivisille-kissoille-2kg-2\/","name":"Brit Care Adult Activity Support kuivaruoka aktiivisille kissoille 7kg - MiuMjau","isPartOf":{"@id":"https:\/\/miumjau.ee\/#website"},"primaryImageOfPage":{"@id":"https:\/\/miumjau.ee\/fi\/tuote\/brit-care-adult-activity-support-kuivaruoka-aktiivisille-kissoille-2kg-2\/#primaryimage"},"image":{"@id":"https:\/\/miumjau.ee\/fi\/tuote\/brit-care-adult-activity-support-kuivaruoka-aktiivisille-kissoille-2kg-2\/#primaryimage"},"thumbnailUrl":"https:\/\/miumjau.ee\/wp-content\/uploads\/2025\/02\/brit-care-kuivtoit-kassile-activity-support.jpg","datePublished":"2025-04-23T07:35:25+00:00","dateModified":"2026-01-07T20:51:05+00:00","breadcrumb":{"@id":"https:\/\/miumjau.ee\/fi\/tuote\/brit-care-adult-activity-support-kuivaruoka-aktiivisille-kissoille-2kg-2\/#breadcrumb"},"inLanguage":"fi","potentialAction":[{"@type":"ReadAction","target":["https:\/\/miumjau.ee\/fi\/tuote\/brit-care-adult-activity-support-kuivaruoka-aktiivisille-kissoille-2kg-2\/"]}]},{"@type":"ImageObject","inLanguage":"fi","@id":"https:\/\/miumjau.ee\/fi\/tuote\/brit-care-adult-activity-support-kuivaruoka-aktiivisille-kissoille-2kg-2\/#primaryimage","url":"https:\/\/miumjau.ee\/wp-content\/uploads\/2025\/02\/brit-care-kuivtoit-kassile-activity-support.jpg","contentUrl":"https:\/\/miumjau.ee\/wp-content\/uploads\/2025\/02\/brit-care-kuivtoit-kassile-activity-support.jpg","width":600,"height":800,"caption":"Brit Care Adult Activity Support kuivtoit aktiivsele kassile 400g"},{"@type":"BreadcrumbList","@id":"https:\/\/miumjau.ee\/fi\/tuote\/brit-care-adult-activity-support-kuivaruoka-aktiivisille-kissoille-2kg-2\/#breadcrumb","itemListElement":[{"@type":"ListItem","position":1,"name":"Home","item":"https:\/\/miumjau.ee\/fi\/"},{"@type":"ListItem","position":2,"name":"Kauppa","item":"https:\/\/miumjau.ee\/fi\/kauppa\/"},{"@type":"ListItem","position":3,"name":"Brit Care Adult Activity Support kuivaruoka aktiivisille kissoille 7kg"}]},{"@type":"WebSite","@id":"https:\/\/miumjau.ee\/#website","url":"https:\/\/miumjau.ee\/","name":"MiuMjau","description":"Kraapimispuud kassidele","publisher":{"@id":"https:\/\/miumjau.ee\/#organization"},"potentialAction":[{"@type":"SearchAction","target":{"@type":"EntryPoint","urlTemplate":"https:\/\/miumjau.ee\/?s={search_term_string}"},"query-input":{"@type":"PropertyValueSpecification","valueRequired":true,"valueName":"search_term_string"}}],"inLanguage":"fi"},{"@type":"Organization","@id":"https:\/\/miumjau.ee\/#organization","name":"MiuMjau O\u00dc","url":"https:\/\/miumjau.ee\/","logo":{"@type":"ImageObject","inLanguage":"fi","@id":"https:\/\/miumjau.ee\/#\/schema\/logo\/image\/","url":"https:\/\/miumjau.ee\/wp-content\/uploads\/2022\/04\/MiuMjau-logo-kollane.png","contentUrl":"https:\/\/miumjau.ee\/wp-content\/uploads\/2022\/04\/MiuMjau-logo-kollane.png","width":219,"height":100,"caption":"MiuMjau O\u00dc"},"image":{"@id":"https:\/\/miumjau.ee\/#\/schema\/logo\/image\/"},"sameAs":["https:\/\/www.facebook.com\/miumjaupood\/"]}]}},"_links":{"self":[{"href":"https:\/\/miumjau.ee\/fi\/wp-json\/wp\/v2\/product\/32957","targetHints":{"allow":["GET"]}}],"collection":[{"href":"https:\/\/miumjau.ee\/fi\/wp-json\/wp\/v2\/product"}],"about":[{"href":"https:\/\/miumjau.ee\/fi\/wp-json\/wp\/v2\/types\/product"}],"wp:featuredmedia":[{"embeddable":true,"href":"https:\/\/miumjau.ee\/fi\/wp-json\/wp\/v2\/media\/27417"}],"wp:attachment":[{"href":"https:\/\/miumjau.ee\/fi\/wp-json\/wp\/v2\/media?parent=32957"}],"wp:term":[{"taxonomy":"product_brand","embeddable":true,"href":"https:\/\/miumjau.ee\/fi\/wp-json\/wp\/v2\/product_brand?post=32957"},{"taxonomy":"product_cat","embeddable":true,"href":"https:\/\/miumjau.ee\/fi\/wp-json\/wp\/v2\/product_cat?post=32957"},{"taxonomy":"product_tag","embeddable":true,"href":"https:\/\/miumjau.ee\/fi\/wp-json\/wp\/v2\/product_tag?post=32957"}],"curies":[{"name":"wp","href":"https:\/\/api.w.org\/{rel}","templated":true}]}}