{"id":32221,"date":"2025-04-13T08:33:04","date_gmt":"2025-04-13T05:33:04","guid":{"rendered":"https:\/\/miumjau.ee\/?post_type=product&#038;p=32221"},"modified":"2025-12-07T16:21:30","modified_gmt":"2025-12-07T14:21:30","slug":"ontario-herb-markaruoka-kissanpennuille-yrttikanan-ja-maksan-kanssa-80g-kopeeri","status":"publish","type":"product","link":"https:\/\/miumjau.ee\/fi\/tuote\/ontario-herb-markaruoka-kissanpennuille-yrttikanan-ja-maksan-kanssa-80g-kopeeri\/","title":{"rendered":"Ontario Herb m\u00e4rk\u00e4ruoka kissanpennuille yrttikanan ja maksan kanssa 18x 80g"},"content":{"rendered":"","protected":false},"excerpt":{"rendered":"<p>T\u00e4ydennysruoka kissanpennuille 1 kuukauden i\u00e4st\u00e4 alkaen. Herkullisia kananpalat maksan ja bataattien kera herkullisessa kastikkeessa, joka tukee nesteen saantia. T\u00e4ydellinen valinta kasvavalle kissanpennulle, joka tarjoaa ravitsevia ainesosia, jotka tukevat tervett\u00e4 kehityst\u00e4 ja elinvoimaa. Luonnollinen ja huolellisesti tasapainotettu resepti varmistaa, ett\u00e4 kissanpentu saa parhaan alun el\u00e4m\u00e4lleen.<\/p>\n<p>\u2714 Luonnolliset ainesosat \u2013 42% kanaa, kananmaksaa, bataattia, karpaloita ja riisi\u00e4.<br \/>\n\u2714 Terveelliset yrtit \u2013 rosmariini tukee ruoansulatusta ja toimii luonnollisena antioksidanttina.<br \/>\n\u2714 Superfood karpalot \u2013 runsas antioksidanttien ja vitamiinien l\u00e4hde.<br \/>\n\u2714 Ilman keinotekoisia lis\u00e4aineita \u2013 ei sis\u00e4ll\u00e4 v\u00e4riaineita, s\u00e4il\u00f6nt\u00e4aineita tai tarpeettomia lis\u00e4aineita.<br \/>\n\u2714 Monipuolinen k\u00e4ytt\u00f6 \u2013 ihanteellinen v\u00e4lipalaksi tai lis\u00e4tt\u00e4v\u00e4ksi kuivaruokaan.<\/p>\n<p><strong>Ainesosat:<\/strong> 42 % kanaa, 5 % kananmaksaa, 2 % bataattia, 1,2 % karpaloita, riisi\u00e4, rosmariinia jne.<\/p>\n<p><strong>Analyyttiset aineosat:<\/strong> Proteiini 9,5%, rasvat 1%, kuidut 0,5%, tuhka 2%, kosteus 86%.<\/p>\n<p><strong>Varastointi:<\/strong> S\u00e4ilyt\u00e4 kuivassa ja viile\u00e4ss\u00e4. Avaamisen j\u00e4lkeen s\u00e4ilyt\u00e4 j\u00e4\u00e4kaapissa ja k\u00e4yt\u00e4 3 p\u00e4iv\u00e4n kuluessa. Varmista makean veden saatavuus.<\/p>\n","protected":false},"featured_media":32238,"template":"","meta":[],"product_brand":[],"product_cat":[264],"product_tag":[],"class_list":{"0":"post-32221","1":"product","2":"type-product","3":"status-publish","4":"has-post-thumbnail","6":"product_cat-marka-ruoka","8":"first","9":"instock","10":"sale","11":"taxable","12":"shipping-taxable","13":"purchasable","14":"product-type-simple"},"yoast_head":"<!-- This site is optimized with the Yoast SEO plugin v27.4 - https:\/\/yoast.com\/product\/yoast-seo-wordpress\/ -->\n<title>Ontario Herb m\u00e4rk\u00e4ruoka kissanpennuille yrttikanan ja maksan kanssa 18x 80g - MiuMjau<\/title>\n<meta name=\"description\" content=\"Ontarion kissan m\u00e4rk\u00e4ruoka on viljatonta, runsaasti lihaa ja todella herkullista. Pakkauksessa on aidon lihan paloja. Luonnollista ruokaa kissallesi!\" \/>\n<meta name=\"robots\" content=\"index, follow, max-snippet:-1, max-image-preview:large, max-video-preview:-1\" \/>\n<link rel=\"canonical\" href=\"https:\/\/miumjau.ee\/fi\/tuote\/ontario-herb-markaruoka-kissanpennuille-yrttikanan-ja-maksan-kanssa-80g-kopeeri\/\" \/>\n<meta property=\"og:locale\" content=\"fi_FI\" \/>\n<meta property=\"og:type\" content=\"article\" \/>\n<meta property=\"og:title\" content=\"Ontario Herb m\u00e4rk\u00e4ruoka kissanpennuille yrttikanan ja maksan kanssa 18x 80g - MiuMjau\" \/>\n<meta property=\"og:description\" content=\"Ontarion kissan m\u00e4rk\u00e4ruoka on viljatonta, runsaasti lihaa ja todella herkullista. Pakkauksessa on aidon lihan paloja. Luonnollista ruokaa kissallesi!\" \/>\n<meta property=\"og:url\" content=\"https:\/\/miumjau.ee\/fi\/tuote\/ontario-herb-markaruoka-kissanpennuille-yrttikanan-ja-maksan-kanssa-80g-kopeeri\/\" \/>\n<meta property=\"og:site_name\" content=\"MiuMjau\" \/>\n<meta property=\"article:publisher\" content=\"https:\/\/www.facebook.com\/miumjaupood\/\" \/>\n<meta property=\"article:modified_time\" content=\"2025-12-07T14:21:30+00:00\" \/>\n<meta property=\"og:image\" content=\"https:\/\/miumjau.ee\/wp-content\/uploads\/2025\/04\/ontario-herb-kassitoit-box3.webp\" \/>\n\t<meta property=\"og:image:width\" content=\"600\" \/>\n\t<meta property=\"og:image:height\" content=\"800\" \/>\n\t<meta property=\"og:image:type\" content=\"image\/webp\" \/>\n<meta name=\"twitter:card\" content=\"summary_large_image\" \/>\n<meta name=\"twitter:label1\" content=\"Arvioitu lukuaika\" \/>\n\t<meta name=\"twitter:data1\" content=\"1 minuutti\" \/>\n<script type=\"application\/ld+json\" class=\"yoast-schema-graph\">{\"@context\":\"https:\\\/\\\/schema.org\",\"@graph\":[{\"@type\":\"WebPage\",\"@id\":\"https:\\\/\\\/miumjau.ee\\\/fi\\\/tuote\\\/ontario-herb-markaruoka-kissanpennuille-yrttikanan-ja-maksan-kanssa-80g-kopeeri\\\/\",\"url\":\"https:\\\/\\\/miumjau.ee\\\/fi\\\/tuote\\\/ontario-herb-markaruoka-kissanpennuille-yrttikanan-ja-maksan-kanssa-80g-kopeeri\\\/\",\"name\":\"Ontario Herb m\u00e4rk\u00e4ruoka kissanpennuille yrttikanan ja maksan kanssa 18x 80g - MiuMjau\",\"isPartOf\":{\"@id\":\"https:\\\/\\\/miumjau.ee\\\/#website\"},\"primaryImageOfPage\":{\"@id\":\"https:\\\/\\\/miumjau.ee\\\/fi\\\/tuote\\\/ontario-herb-markaruoka-kissanpennuille-yrttikanan-ja-maksan-kanssa-80g-kopeeri\\\/#primaryimage\"},\"image\":{\"@id\":\"https:\\\/\\\/miumjau.ee\\\/fi\\\/tuote\\\/ontario-herb-markaruoka-kissanpennuille-yrttikanan-ja-maksan-kanssa-80g-kopeeri\\\/#primaryimage\"},\"thumbnailUrl\":\"https:\\\/\\\/miumjau.ee\\\/wp-content\\\/uploads\\\/2025\\\/04\\\/ontario-herb-kassitoit-box3.webp\",\"datePublished\":\"2025-04-13T05:33:04+00:00\",\"dateModified\":\"2025-12-07T14:21:30+00:00\",\"description\":\"Ontarion kissan m\u00e4rk\u00e4ruoka on viljatonta, runsaasti lihaa ja todella herkullista. Pakkauksessa on aidon lihan paloja. Luonnollista ruokaa kissallesi!\",\"breadcrumb\":{\"@id\":\"https:\\\/\\\/miumjau.ee\\\/fi\\\/tuote\\\/ontario-herb-markaruoka-kissanpennuille-yrttikanan-ja-maksan-kanssa-80g-kopeeri\\\/#breadcrumb\"},\"inLanguage\":\"fi\",\"potentialAction\":[{\"@type\":\"ReadAction\",\"target\":[\"https:\\\/\\\/miumjau.ee\\\/fi\\\/tuote\\\/ontario-herb-markaruoka-kissanpennuille-yrttikanan-ja-maksan-kanssa-80g-kopeeri\\\/\"]}]},{\"@type\":\"ImageObject\",\"inLanguage\":\"fi\",\"@id\":\"https:\\\/\\\/miumjau.ee\\\/fi\\\/tuote\\\/ontario-herb-markaruoka-kissanpennuille-yrttikanan-ja-maksan-kanssa-80g-kopeeri\\\/#primaryimage\",\"url\":\"https:\\\/\\\/miumjau.ee\\\/wp-content\\\/uploads\\\/2025\\\/04\\\/ontario-herb-kassitoit-box3.webp\",\"contentUrl\":\"https:\\\/\\\/miumjau.ee\\\/wp-content\\\/uploads\\\/2025\\\/04\\\/ontario-herb-kassitoit-box3.webp\",\"width\":600,\"height\":800,\"caption\":\"Ontario Herb m\u00e4rgtoit kassipojale \u00fcrdikana ja maksaga 18x80g\"},{\"@type\":\"BreadcrumbList\",\"@id\":\"https:\\\/\\\/miumjau.ee\\\/fi\\\/tuote\\\/ontario-herb-markaruoka-kissanpennuille-yrttikanan-ja-maksan-kanssa-80g-kopeeri\\\/#breadcrumb\",\"itemListElement\":[{\"@type\":\"ListItem\",\"position\":1,\"name\":\"Home\",\"item\":\"https:\\\/\\\/miumjau.ee\\\/fi\\\/\"},{\"@type\":\"ListItem\",\"position\":2,\"name\":\"Kauppa\",\"item\":\"https:\\\/\\\/miumjau.ee\\\/fi\\\/kauppa\\\/\"},{\"@type\":\"ListItem\",\"position\":3,\"name\":\"Ontario Herb m\u00e4rk\u00e4ruoka kissanpennuille yrttikanan ja maksan kanssa 18x 80g\"}]},{\"@type\":\"WebSite\",\"@id\":\"https:\\\/\\\/miumjau.ee\\\/#website\",\"url\":\"https:\\\/\\\/miumjau.ee\\\/\",\"name\":\"MiuMjau\",\"description\":\"Kraapimispuud kassidele\",\"publisher\":{\"@id\":\"https:\\\/\\\/miumjau.ee\\\/#organization\"},\"potentialAction\":[{\"@type\":\"SearchAction\",\"target\":{\"@type\":\"EntryPoint\",\"urlTemplate\":\"https:\\\/\\\/miumjau.ee\\\/?s={search_term_string}\"},\"query-input\":{\"@type\":\"PropertyValueSpecification\",\"valueRequired\":true,\"valueName\":\"search_term_string\"}}],\"inLanguage\":\"fi\"},{\"@type\":\"Organization\",\"@id\":\"https:\\\/\\\/miumjau.ee\\\/#organization\",\"name\":\"MiuMjau O\u00dc\",\"url\":\"https:\\\/\\\/miumjau.ee\\\/\",\"logo\":{\"@type\":\"ImageObject\",\"inLanguage\":\"fi\",\"@id\":\"https:\\\/\\\/miumjau.ee\\\/#\\\/schema\\\/logo\\\/image\\\/\",\"url\":\"https:\\\/\\\/miumjau.ee\\\/wp-content\\\/uploads\\\/2022\\\/04\\\/MiuMjau-logo-kollane.png\",\"contentUrl\":\"https:\\\/\\\/miumjau.ee\\\/wp-content\\\/uploads\\\/2022\\\/04\\\/MiuMjau-logo-kollane.png\",\"width\":219,\"height\":100,\"caption\":\"MiuMjau O\u00dc\"},\"image\":{\"@id\":\"https:\\\/\\\/miumjau.ee\\\/#\\\/schema\\\/logo\\\/image\\\/\"},\"sameAs\":[\"https:\\\/\\\/www.facebook.com\\\/miumjaupood\\\/\"]}]}<\/script>\n<!-- \/ Yoast SEO plugin. -->","yoast_head_json":{"title":"Ontario Herb m\u00e4rk\u00e4ruoka kissanpennuille yrttikanan ja maksan kanssa 18x 80g - MiuMjau","description":"Ontarion kissan m\u00e4rk\u00e4ruoka on viljatonta, runsaasti lihaa ja todella herkullista. Pakkauksessa on aidon lihan paloja. Luonnollista ruokaa kissallesi!","robots":{"index":"index","follow":"follow","max-snippet":"max-snippet:-1","max-image-preview":"max-image-preview:large","max-video-preview":"max-video-preview:-1"},"canonical":"https:\/\/miumjau.ee\/fi\/tuote\/ontario-herb-markaruoka-kissanpennuille-yrttikanan-ja-maksan-kanssa-80g-kopeeri\/","og_locale":"fi_FI","og_type":"article","og_title":"Ontario Herb m\u00e4rk\u00e4ruoka kissanpennuille yrttikanan ja maksan kanssa 18x 80g - MiuMjau","og_description":"Ontarion kissan m\u00e4rk\u00e4ruoka on viljatonta, runsaasti lihaa ja todella herkullista. Pakkauksessa on aidon lihan paloja. Luonnollista ruokaa kissallesi!","og_url":"https:\/\/miumjau.ee\/fi\/tuote\/ontario-herb-markaruoka-kissanpennuille-yrttikanan-ja-maksan-kanssa-80g-kopeeri\/","og_site_name":"MiuMjau","article_publisher":"https:\/\/www.facebook.com\/miumjaupood\/","article_modified_time":"2025-12-07T14:21:30+00:00","og_image":[{"width":600,"height":800,"url":"https:\/\/miumjau.ee\/wp-content\/uploads\/2025\/04\/ontario-herb-kassitoit-box3.webp","type":"image\/webp"}],"twitter_card":"summary_large_image","twitter_misc":{"Arvioitu lukuaika":"1 minuutti"},"schema":{"@context":"https:\/\/schema.org","@graph":[{"@type":"WebPage","@id":"https:\/\/miumjau.ee\/fi\/tuote\/ontario-herb-markaruoka-kissanpennuille-yrttikanan-ja-maksan-kanssa-80g-kopeeri\/","url":"https:\/\/miumjau.ee\/fi\/tuote\/ontario-herb-markaruoka-kissanpennuille-yrttikanan-ja-maksan-kanssa-80g-kopeeri\/","name":"Ontario Herb m\u00e4rk\u00e4ruoka kissanpennuille yrttikanan ja maksan kanssa 18x 80g - MiuMjau","isPartOf":{"@id":"https:\/\/miumjau.ee\/#website"},"primaryImageOfPage":{"@id":"https:\/\/miumjau.ee\/fi\/tuote\/ontario-herb-markaruoka-kissanpennuille-yrttikanan-ja-maksan-kanssa-80g-kopeeri\/#primaryimage"},"image":{"@id":"https:\/\/miumjau.ee\/fi\/tuote\/ontario-herb-markaruoka-kissanpennuille-yrttikanan-ja-maksan-kanssa-80g-kopeeri\/#primaryimage"},"thumbnailUrl":"https:\/\/miumjau.ee\/wp-content\/uploads\/2025\/04\/ontario-herb-kassitoit-box3.webp","datePublished":"2025-04-13T05:33:04+00:00","dateModified":"2025-12-07T14:21:30+00:00","description":"Ontarion kissan m\u00e4rk\u00e4ruoka on viljatonta, runsaasti lihaa ja todella herkullista. Pakkauksessa on aidon lihan paloja. Luonnollista ruokaa kissallesi!","breadcrumb":{"@id":"https:\/\/miumjau.ee\/fi\/tuote\/ontario-herb-markaruoka-kissanpennuille-yrttikanan-ja-maksan-kanssa-80g-kopeeri\/#breadcrumb"},"inLanguage":"fi","potentialAction":[{"@type":"ReadAction","target":["https:\/\/miumjau.ee\/fi\/tuote\/ontario-herb-markaruoka-kissanpennuille-yrttikanan-ja-maksan-kanssa-80g-kopeeri\/"]}]},{"@type":"ImageObject","inLanguage":"fi","@id":"https:\/\/miumjau.ee\/fi\/tuote\/ontario-herb-markaruoka-kissanpennuille-yrttikanan-ja-maksan-kanssa-80g-kopeeri\/#primaryimage","url":"https:\/\/miumjau.ee\/wp-content\/uploads\/2025\/04\/ontario-herb-kassitoit-box3.webp","contentUrl":"https:\/\/miumjau.ee\/wp-content\/uploads\/2025\/04\/ontario-herb-kassitoit-box3.webp","width":600,"height":800,"caption":"Ontario Herb m\u00e4rgtoit kassipojale \u00fcrdikana ja maksaga 18x80g"},{"@type":"BreadcrumbList","@id":"https:\/\/miumjau.ee\/fi\/tuote\/ontario-herb-markaruoka-kissanpennuille-yrttikanan-ja-maksan-kanssa-80g-kopeeri\/#breadcrumb","itemListElement":[{"@type":"ListItem","position":1,"name":"Home","item":"https:\/\/miumjau.ee\/fi\/"},{"@type":"ListItem","position":2,"name":"Kauppa","item":"https:\/\/miumjau.ee\/fi\/kauppa\/"},{"@type":"ListItem","position":3,"name":"Ontario Herb m\u00e4rk\u00e4ruoka kissanpennuille yrttikanan ja maksan kanssa 18x 80g"}]},{"@type":"WebSite","@id":"https:\/\/miumjau.ee\/#website","url":"https:\/\/miumjau.ee\/","name":"MiuMjau","description":"Kraapimispuud kassidele","publisher":{"@id":"https:\/\/miumjau.ee\/#organization"},"potentialAction":[{"@type":"SearchAction","target":{"@type":"EntryPoint","urlTemplate":"https:\/\/miumjau.ee\/?s={search_term_string}"},"query-input":{"@type":"PropertyValueSpecification","valueRequired":true,"valueName":"search_term_string"}}],"inLanguage":"fi"},{"@type":"Organization","@id":"https:\/\/miumjau.ee\/#organization","name":"MiuMjau O\u00dc","url":"https:\/\/miumjau.ee\/","logo":{"@type":"ImageObject","inLanguage":"fi","@id":"https:\/\/miumjau.ee\/#\/schema\/logo\/image\/","url":"https:\/\/miumjau.ee\/wp-content\/uploads\/2022\/04\/MiuMjau-logo-kollane.png","contentUrl":"https:\/\/miumjau.ee\/wp-content\/uploads\/2022\/04\/MiuMjau-logo-kollane.png","width":219,"height":100,"caption":"MiuMjau O\u00dc"},"image":{"@id":"https:\/\/miumjau.ee\/#\/schema\/logo\/image\/"},"sameAs":["https:\/\/www.facebook.com\/miumjaupood\/"]}]}},"_links":{"self":[{"href":"https:\/\/miumjau.ee\/fi\/wp-json\/wp\/v2\/product\/32221","targetHints":{"allow":["GET"]}}],"collection":[{"href":"https:\/\/miumjau.ee\/fi\/wp-json\/wp\/v2\/product"}],"about":[{"href":"https:\/\/miumjau.ee\/fi\/wp-json\/wp\/v2\/types\/product"}],"wp:featuredmedia":[{"embeddable":true,"href":"https:\/\/miumjau.ee\/fi\/wp-json\/wp\/v2\/media\/32238"}],"wp:attachment":[{"href":"https:\/\/miumjau.ee\/fi\/wp-json\/wp\/v2\/media?parent=32221"}],"wp:term":[{"taxonomy":"product_brand","embeddable":true,"href":"https:\/\/miumjau.ee\/fi\/wp-json\/wp\/v2\/product_brand?post=32221"},{"taxonomy":"product_cat","embeddable":true,"href":"https:\/\/miumjau.ee\/fi\/wp-json\/wp\/v2\/product_cat?post=32221"},{"taxonomy":"product_tag","embeddable":true,"href":"https:\/\/miumjau.ee\/fi\/wp-json\/wp\/v2\/product_tag?post=32221"}],"curies":[{"name":"wp","href":"https:\/\/api.w.org\/{rel}","templated":true}]}}