{"id":32194,"date":"2025-04-09T19:25:29","date_gmt":"2025-04-09T16:25:29","guid":{"rendered":"https:\/\/miumjau.ee\/toode\/churu-fun-bites-kermaisia-kissanherkkuja-kanan-kanssa-36g\/"},"modified":"2026-01-07T22:51:12","modified_gmt":"2026-01-07T20:51:12","slug":"churu-fun-bites-kermaisia-kissanherkkuja-kanan-kanssa-36g","status":"publish","type":"product","link":"https:\/\/miumjau.ee\/fi\/tuote\/churu-fun-bites-kermaisia-kissanherkkuja-kanan-kanssa-36g\/","title":{"rendered":"Churu Fun Bites kermaisia \u200b\u200bkissanherkkuja kanan kanssa 8x12g"},"content":{"rendered":"","protected":false},"excerpt":{"rendered":"<p class=\"\" data-start=\"35\" data-end=\"111\"><strong data-start=\"35\" data-end=\"111\">Churu Fun Bites \u2013 herkulliset ja kermaiset makupalat odottavat kissaasi!<\/strong><\/p>\n<p class=\"\" data-start=\"113\" data-end=\"352\"><strong data-start=\"113\" data-end=\"172\">VALMISTETTU LUOTETTAVISTA JA TERVEELLISIST\u00c4 AINEKSISTA:<\/strong> Jokainen Inaba-tuote on valmistettu maukkaista ja korkealaatuisista raaka-aineista, mukaan lukien maatilalla kasvatetusta kanasta ja\/tai luonnonvaraisesti pyydetyst\u00e4 tonnikalasta.<\/p>\n<p class=\"\" data-start=\"354\" data-end=\"648\"><strong data-start=\"354\" data-end=\"382\">KAKSINKERTAINEN RAKENNE:<\/strong> Jokainen tyynym\u00e4inen pala alkaa pehme\u00e4st\u00e4, paistetusta kananpastasta, joka ei sis\u00e4ll\u00e4 viljoja, s\u00e4il\u00f6nt\u00e4aineita, karrageenia tai keinotekoisia v\u00e4riaineita. Keskelle olemme lis\u00e4nneet herkullista Inaba Churu -t\u00e4ytett\u00e4, tarjoten kissallesi tuplasti makua ja tekstuuria.<\/p>\n<p class=\"\" data-start=\"650\" data-end=\"823\"><strong data-start=\"650\" data-end=\"669\">HAUSKA PAKKAUS:<\/strong> Jokaisessa pussissa on kolme t\u00e4ydellisesti annosteltua pikkupakkausta, jotka auttavat s\u00e4ilytt\u00e4m\u00e4\u00e4n herkut tuoreina ja est\u00e4v\u00e4t &#8221;kissan herkkukatastrofit&#8221;.<\/p>\n<p class=\"\" data-start=\"825\" data-end=\"1008\"><strong data-start=\"825\" data-end=\"857\">VAATIVAISEN KISSAN SUOSIKKI:<\/strong> Jopa kaikkein nirsoimmat kissat rakastavat n\u00e4it\u00e4 suupaloja sy\u00f6t\u00e4v\u00e4ksi suoraan k\u00e4dest\u00e4 \u2013 jopa silloin, kun peit\u00e4t tabletin herkullisen t\u00e4ytteen sis\u00e4\u00e4n.<\/p>\n<p class=\"\" data-start=\"1010\" data-end=\"1315\"><strong data-start=\"1010\" data-end=\"1050\">PEHMEIT\u00c4, MAUKKAITA JA TERVEELLISI\u00c4:<\/strong> Jokainen pala sis\u00e4lt\u00e4\u00e4 69 % kosteutta, mik\u00e4 tukee nesteensaantia, ja noin 17 kcal, tehden niist\u00e4 v\u00e4h\u00e4kalorisen herkun, jota voit tarjota hyv\u00e4ll\u00e4 omallatunnolla. Olemme lis\u00e4nneet my\u00f6s E-vitamiinia immuunij\u00e4rjestelm\u00e4n tueksi ja vihre\u00e4n teen uutetta antioksidanttina.<\/p>\n<p class=\"\" data-start=\"1317\" data-end=\"1437\"><strong data-start=\"1317\" data-end=\"1336\">Ruokintaohjeet:<\/strong> Anna kissalle herkkuna. T\u00e4m\u00e4 tuote ei ole t\u00e4ysravinto. Tarjoa p\u00e4ivitt\u00e4in puhdasta ja raikasta vett\u00e4.<\/p>\n<p class=\"\" data-start=\"1439\" data-end=\"1517\"><strong data-start=\"1439\" data-end=\"1458\">S\u00e4ilytysohjeet:<\/strong> S\u00e4ilyt\u00e4 avattuna j\u00e4\u00e4kaapissa ja k\u00e4yt\u00e4 mahdollisimman pian.<\/p>\n<p class=\"\" data-start=\"1519\" data-end=\"1800\"><strong data-start=\"1519\" data-end=\"1533\">Ainesosat:<\/strong> Kana, vesi, tonnikala, kuivatettu boniitto (tonnikala), tapiokat\u00e4rkkelys, kananmunan valkuainen, natriumkaseinaatti, guarkumi, luonnollinen kanan makuaine, luonnolliset aromit, hiivauute, tauriini, paprikan oleoresiini (v\u00e4riaine), E-vitamiinilis\u00e4, vihre\u00e4n teen uute.<\/p>\n<p class=\"\" data-start=\"1802\" data-end=\"2000\"><strong data-start=\"1802\" data-end=\"1815\">Analyysi:<\/strong> Raakaproteiini (min) 24,00 %, Raakarasva (min) 3,00 %, Raakakuitu (maks) 0,50 %, Kosteus (maks) 69,00 %, E-vitamiini (min) 92 IU\/kg, Tauriini (min) 0,026 %.<br data-start=\"1972\" data-end=\"1975\" \/><strong data-start=\"1975\" data-end=\"1987\">Energia:<\/strong> 1400 kcal\/kg<\/p>\n","protected":false},"featured_media":37659,"template":"","meta":[],"product_brand":[],"product_cat":[266],"product_tag":[],"class_list":{"0":"post-32194","1":"product","2":"type-product","3":"status-publish","4":"has-post-thumbnail","6":"product_cat-makeiset","8":"first","9":"instock","10":"taxable","11":"shipping-taxable","12":"purchasable","13":"product-type-simple"},"yoast_head":"<!-- This site is optimized with the Yoast SEO plugin v27.2 - https:\/\/yoast.com\/product\/yoast-seo-wordpress\/ -->\n<title>Churu Fun Bites kermaisia \u200b\u200bkissanherkkuja kanan kanssa 8x12g - MiuMjau<\/title>\n<meta name=\"description\" content=\"Churun \u200b\u200bkermaiset herkut ovat niin houkuttelevia! Kissat haluavat my\u00f6s kokea makuja ja nauttia el\u00e4m\u00e4st\u00e4! Voita kissan syd\u00e4n!\" \/>\n<meta name=\"robots\" content=\"index, follow, max-snippet:-1, max-image-preview:large, max-video-preview:-1\" \/>\n<link rel=\"canonical\" href=\"https:\/\/miumjau.ee\/fi\/tuote\/churu-fun-bites-kermaisia-kissanherkkuja-kanan-kanssa-36g\/\" \/>\n<meta property=\"og:locale\" content=\"fi_FI\" \/>\n<meta property=\"og:type\" content=\"article\" \/>\n<meta property=\"og:title\" content=\"Churu Fun Bites kermaisia \u200b\u200bkissanherkkuja kanan kanssa 8x12g - MiuMjau\" \/>\n<meta property=\"og:description\" content=\"Churun \u200b\u200bkermaiset herkut ovat niin houkuttelevia! Kissat haluavat my\u00f6s kokea makuja ja nauttia el\u00e4m\u00e4st\u00e4! Voita kissan syd\u00e4n!\" \/>\n<meta property=\"og:url\" content=\"https:\/\/miumjau.ee\/fi\/tuote\/churu-fun-bites-kermaisia-kissanherkkuja-kanan-kanssa-36g\/\" \/>\n<meta property=\"og:site_name\" content=\"MiuMjau\" \/>\n<meta property=\"article:publisher\" content=\"https:\/\/www.facebook.com\/miumjaupood\/\" \/>\n<meta property=\"article:modified_time\" content=\"2026-01-07T20:51:12+00:00\" \/>\n<meta property=\"og:image\" content=\"https:\/\/miumjau.ee\/wp-content\/uploads\/2025\/04\/Churu-funbites-kana-korvits.jpg\" \/>\n\t<meta property=\"og:image:width\" content=\"600\" \/>\n\t<meta property=\"og:image:height\" content=\"800\" \/>\n\t<meta property=\"og:image:type\" content=\"image\/jpeg\" \/>\n<meta name=\"twitter:card\" content=\"summary_large_image\" \/>\n<script type=\"application\/ld+json\" class=\"yoast-schema-graph\">{\"@context\":\"https:\/\/schema.org\",\"@graph\":[{\"@type\":\"WebPage\",\"@id\":\"https:\/\/miumjau.ee\/fi\/tuote\/churu-fun-bites-kermaisia-kissanherkkuja-kanan-kanssa-36g\/\",\"url\":\"https:\/\/miumjau.ee\/fi\/tuote\/churu-fun-bites-kermaisia-kissanherkkuja-kanan-kanssa-36g\/\",\"name\":\"Churu Fun Bites kermaisia \u200b\u200bkissanherkkuja kanan kanssa 8x12g - MiuMjau\",\"isPartOf\":{\"@id\":\"https:\/\/miumjau.ee\/#website\"},\"primaryImageOfPage\":{\"@id\":\"https:\/\/miumjau.ee\/fi\/tuote\/churu-fun-bites-kermaisia-kissanherkkuja-kanan-kanssa-36g\/#primaryimage\"},\"image\":{\"@id\":\"https:\/\/miumjau.ee\/fi\/tuote\/churu-fun-bites-kermaisia-kissanherkkuja-kanan-kanssa-36g\/#primaryimage\"},\"thumbnailUrl\":\"https:\/\/miumjau.ee\/wp-content\/uploads\/2025\/04\/Churu-funbites-kana-korvits.jpg\",\"datePublished\":\"2025-04-09T16:25:29+00:00\",\"dateModified\":\"2026-01-07T20:51:12+00:00\",\"description\":\"Churun \u200b\u200bkermaiset herkut ovat niin houkuttelevia! Kissat haluavat my\u00f6s kokea makuja ja nauttia el\u00e4m\u00e4st\u00e4! Voita kissan syd\u00e4n!\",\"breadcrumb\":{\"@id\":\"https:\/\/miumjau.ee\/fi\/tuote\/churu-fun-bites-kermaisia-kissanherkkuja-kanan-kanssa-36g\/#breadcrumb\"},\"inLanguage\":\"fi\",\"potentialAction\":[{\"@type\":\"ReadAction\",\"target\":[\"https:\/\/miumjau.ee\/fi\/tuote\/churu-fun-bites-kermaisia-kissanherkkuja-kanan-kanssa-36g\/\"]}]},{\"@type\":\"ImageObject\",\"inLanguage\":\"fi\",\"@id\":\"https:\/\/miumjau.ee\/fi\/tuote\/churu-fun-bites-kermaisia-kissanherkkuja-kanan-kanssa-36g\/#primaryimage\",\"url\":\"https:\/\/miumjau.ee\/wp-content\/uploads\/2025\/04\/Churu-funbites-kana-korvits.jpg\",\"contentUrl\":\"https:\/\/miumjau.ee\/wp-content\/uploads\/2025\/04\/Churu-funbites-kana-korvits.jpg\",\"width\":600,\"height\":800,\"caption\":\"Churu Fun Bites kreemised kassimaiused kana ja k\u00f5rvitsaga 8x12g\"},{\"@type\":\"BreadcrumbList\",\"@id\":\"https:\/\/miumjau.ee\/fi\/tuote\/churu-fun-bites-kermaisia-kissanherkkuja-kanan-kanssa-36g\/#breadcrumb\",\"itemListElement\":[{\"@type\":\"ListItem\",\"position\":1,\"name\":\"Home\",\"item\":\"https:\/\/miumjau.ee\/fi\/\"},{\"@type\":\"ListItem\",\"position\":2,\"name\":\"Kauppa\",\"item\":\"https:\/\/miumjau.ee\/fi\/kauppa\/\"},{\"@type\":\"ListItem\",\"position\":3,\"name\":\"Churu Fun Bites kermaisia \u200b\u200bkissanherkkuja kanan kanssa 8x12g\"}]},{\"@type\":\"WebSite\",\"@id\":\"https:\/\/miumjau.ee\/#website\",\"url\":\"https:\/\/miumjau.ee\/\",\"name\":\"MiuMjau\",\"description\":\"Kraapimispuud kassidele\",\"publisher\":{\"@id\":\"https:\/\/miumjau.ee\/#organization\"},\"potentialAction\":[{\"@type\":\"SearchAction\",\"target\":{\"@type\":\"EntryPoint\",\"urlTemplate\":\"https:\/\/miumjau.ee\/?s={search_term_string}\"},\"query-input\":{\"@type\":\"PropertyValueSpecification\",\"valueRequired\":true,\"valueName\":\"search_term_string\"}}],\"inLanguage\":\"fi\"},{\"@type\":\"Organization\",\"@id\":\"https:\/\/miumjau.ee\/#organization\",\"name\":\"MiuMjau O\u00dc\",\"url\":\"https:\/\/miumjau.ee\/\",\"logo\":{\"@type\":\"ImageObject\",\"inLanguage\":\"fi\",\"@id\":\"https:\/\/miumjau.ee\/#\/schema\/logo\/image\/\",\"url\":\"https:\/\/miumjau.ee\/wp-content\/uploads\/2022\/04\/MiuMjau-logo-kollane.png\",\"contentUrl\":\"https:\/\/miumjau.ee\/wp-content\/uploads\/2022\/04\/MiuMjau-logo-kollane.png\",\"width\":219,\"height\":100,\"caption\":\"MiuMjau O\u00dc\"},\"image\":{\"@id\":\"https:\/\/miumjau.ee\/#\/schema\/logo\/image\/\"},\"sameAs\":[\"https:\/\/www.facebook.com\/miumjaupood\/\"]}]}<\/script>\n<!-- \/ Yoast SEO plugin. -->","yoast_head_json":{"title":"Churu Fun Bites kermaisia \u200b\u200bkissanherkkuja kanan kanssa 8x12g - MiuMjau","description":"Churun \u200b\u200bkermaiset herkut ovat niin houkuttelevia! Kissat haluavat my\u00f6s kokea makuja ja nauttia el\u00e4m\u00e4st\u00e4! Voita kissan syd\u00e4n!","robots":{"index":"index","follow":"follow","max-snippet":"max-snippet:-1","max-image-preview":"max-image-preview:large","max-video-preview":"max-video-preview:-1"},"canonical":"https:\/\/miumjau.ee\/fi\/tuote\/churu-fun-bites-kermaisia-kissanherkkuja-kanan-kanssa-36g\/","og_locale":"fi_FI","og_type":"article","og_title":"Churu Fun Bites kermaisia \u200b\u200bkissanherkkuja kanan kanssa 8x12g - MiuMjau","og_description":"Churun \u200b\u200bkermaiset herkut ovat niin houkuttelevia! Kissat haluavat my\u00f6s kokea makuja ja nauttia el\u00e4m\u00e4st\u00e4! Voita kissan syd\u00e4n!","og_url":"https:\/\/miumjau.ee\/fi\/tuote\/churu-fun-bites-kermaisia-kissanherkkuja-kanan-kanssa-36g\/","og_site_name":"MiuMjau","article_publisher":"https:\/\/www.facebook.com\/miumjaupood\/","article_modified_time":"2026-01-07T20:51:12+00:00","og_image":[{"width":600,"height":800,"url":"https:\/\/miumjau.ee\/wp-content\/uploads\/2025\/04\/Churu-funbites-kana-korvits.jpg","type":"image\/jpeg"}],"twitter_card":"summary_large_image","schema":{"@context":"https:\/\/schema.org","@graph":[{"@type":"WebPage","@id":"https:\/\/miumjau.ee\/fi\/tuote\/churu-fun-bites-kermaisia-kissanherkkuja-kanan-kanssa-36g\/","url":"https:\/\/miumjau.ee\/fi\/tuote\/churu-fun-bites-kermaisia-kissanherkkuja-kanan-kanssa-36g\/","name":"Churu Fun Bites kermaisia \u200b\u200bkissanherkkuja kanan kanssa 8x12g - MiuMjau","isPartOf":{"@id":"https:\/\/miumjau.ee\/#website"},"primaryImageOfPage":{"@id":"https:\/\/miumjau.ee\/fi\/tuote\/churu-fun-bites-kermaisia-kissanherkkuja-kanan-kanssa-36g\/#primaryimage"},"image":{"@id":"https:\/\/miumjau.ee\/fi\/tuote\/churu-fun-bites-kermaisia-kissanherkkuja-kanan-kanssa-36g\/#primaryimage"},"thumbnailUrl":"https:\/\/miumjau.ee\/wp-content\/uploads\/2025\/04\/Churu-funbites-kana-korvits.jpg","datePublished":"2025-04-09T16:25:29+00:00","dateModified":"2026-01-07T20:51:12+00:00","description":"Churun \u200b\u200bkermaiset herkut ovat niin houkuttelevia! Kissat haluavat my\u00f6s kokea makuja ja nauttia el\u00e4m\u00e4st\u00e4! Voita kissan syd\u00e4n!","breadcrumb":{"@id":"https:\/\/miumjau.ee\/fi\/tuote\/churu-fun-bites-kermaisia-kissanherkkuja-kanan-kanssa-36g\/#breadcrumb"},"inLanguage":"fi","potentialAction":[{"@type":"ReadAction","target":["https:\/\/miumjau.ee\/fi\/tuote\/churu-fun-bites-kermaisia-kissanherkkuja-kanan-kanssa-36g\/"]}]},{"@type":"ImageObject","inLanguage":"fi","@id":"https:\/\/miumjau.ee\/fi\/tuote\/churu-fun-bites-kermaisia-kissanherkkuja-kanan-kanssa-36g\/#primaryimage","url":"https:\/\/miumjau.ee\/wp-content\/uploads\/2025\/04\/Churu-funbites-kana-korvits.jpg","contentUrl":"https:\/\/miumjau.ee\/wp-content\/uploads\/2025\/04\/Churu-funbites-kana-korvits.jpg","width":600,"height":800,"caption":"Churu Fun Bites kreemised kassimaiused kana ja k\u00f5rvitsaga 8x12g"},{"@type":"BreadcrumbList","@id":"https:\/\/miumjau.ee\/fi\/tuote\/churu-fun-bites-kermaisia-kissanherkkuja-kanan-kanssa-36g\/#breadcrumb","itemListElement":[{"@type":"ListItem","position":1,"name":"Home","item":"https:\/\/miumjau.ee\/fi\/"},{"@type":"ListItem","position":2,"name":"Kauppa","item":"https:\/\/miumjau.ee\/fi\/kauppa\/"},{"@type":"ListItem","position":3,"name":"Churu Fun Bites kermaisia \u200b\u200bkissanherkkuja kanan kanssa 8x12g"}]},{"@type":"WebSite","@id":"https:\/\/miumjau.ee\/#website","url":"https:\/\/miumjau.ee\/","name":"MiuMjau","description":"Kraapimispuud kassidele","publisher":{"@id":"https:\/\/miumjau.ee\/#organization"},"potentialAction":[{"@type":"SearchAction","target":{"@type":"EntryPoint","urlTemplate":"https:\/\/miumjau.ee\/?s={search_term_string}"},"query-input":{"@type":"PropertyValueSpecification","valueRequired":true,"valueName":"search_term_string"}}],"inLanguage":"fi"},{"@type":"Organization","@id":"https:\/\/miumjau.ee\/#organization","name":"MiuMjau O\u00dc","url":"https:\/\/miumjau.ee\/","logo":{"@type":"ImageObject","inLanguage":"fi","@id":"https:\/\/miumjau.ee\/#\/schema\/logo\/image\/","url":"https:\/\/miumjau.ee\/wp-content\/uploads\/2022\/04\/MiuMjau-logo-kollane.png","contentUrl":"https:\/\/miumjau.ee\/wp-content\/uploads\/2022\/04\/MiuMjau-logo-kollane.png","width":219,"height":100,"caption":"MiuMjau O\u00dc"},"image":{"@id":"https:\/\/miumjau.ee\/#\/schema\/logo\/image\/"},"sameAs":["https:\/\/www.facebook.com\/miumjaupood\/"]}]}},"_links":{"self":[{"href":"https:\/\/miumjau.ee\/fi\/wp-json\/wp\/v2\/product\/32194","targetHints":{"allow":["GET"]}}],"collection":[{"href":"https:\/\/miumjau.ee\/fi\/wp-json\/wp\/v2\/product"}],"about":[{"href":"https:\/\/miumjau.ee\/fi\/wp-json\/wp\/v2\/types\/product"}],"wp:featuredmedia":[{"embeddable":true,"href":"https:\/\/miumjau.ee\/fi\/wp-json\/wp\/v2\/media\/37659"}],"wp:attachment":[{"href":"https:\/\/miumjau.ee\/fi\/wp-json\/wp\/v2\/media?parent=32194"}],"wp:term":[{"taxonomy":"product_brand","embeddable":true,"href":"https:\/\/miumjau.ee\/fi\/wp-json\/wp\/v2\/product_brand?post=32194"},{"taxonomy":"product_cat","embeddable":true,"href":"https:\/\/miumjau.ee\/fi\/wp-json\/wp\/v2\/product_cat?post=32194"},{"taxonomy":"product_tag","embeddable":true,"href":"https:\/\/miumjau.ee\/fi\/wp-json\/wp\/v2\/product_tag?post=32194"}],"curies":[{"name":"wp","href":"https:\/\/api.w.org\/{rel}","templated":true}]}}