{"id":32193,"date":"2025-04-09T20:02:45","date_gmt":"2025-04-09T17:02:45","guid":{"rendered":"https:\/\/miumjau.ee\/toode\/churu-senior-nestemainen-herkku-kissoille-tonnikalalla-ja-lohella-4x14g\/"},"modified":"2026-01-07T22:51:12","modified_gmt":"2026-01-07T20:51:12","slug":"churu-senior-nestemainen-herkku-kissoille-tonnikalalla-ja-lohella-4x14g","status":"publish","type":"product","link":"https:\/\/miumjau.ee\/fi\/tuote\/churu-senior-nestemainen-herkku-kissoille-tonnikalalla-ja-lohella-4x14g\/","title":{"rendered":"Churu Senior nestem\u00e4inen herkku kissoille tonnikalalla ja lohella 4x14g"},"content":{"rendered":"","protected":false},"excerpt":{"rendered":"<p class=\"\" data-start=\"35\" data-end=\"112\"><strong data-start=\"35\" data-end=\"112\">Churu \u2013 herkullinen kermaharkku odottaa i\u00e4k\u00e4st\u00e4 lemmikki\u00e4si (10+ vuotta)!<\/strong><\/p>\n<p class=\"\" data-start=\"114\" data-end=\"275\"><strong data-start=\"114\" data-end=\"158\">TUKEE AIVOJEN JA KOGNITIIVISTA TOIMINTAA<\/strong><br data-start=\"158\" data-end=\"161\" \/>Omega-3-rasvahapot lohi\u00f6ljyst\u00e4 tukevat aivojen ja kognitiivista toimintaa sek\u00e4 tervett\u00e4 ihoa ja kiilt\u00e4v\u00e4\u00e4 turkkia.<\/p>\n<p class=\"\" data-start=\"277\" data-end=\"403\"><strong data-start=\"277\" data-end=\"310\">VAHVISTAA IMMUUNIJ\u00c4RJESTELM\u00c4\u00c4<\/strong><br data-start=\"310\" data-end=\"313\" \/>C- ja E-vitamiinit ovat antioksidantteja, jotka auttavat vahvistamaan immuunij\u00e4rjestelm\u00e4\u00e4.<\/p>\n<p class=\"\" data-start=\"405\" data-end=\"548\"><strong data-start=\"405\" data-end=\"432\">T\u00c4YDENNETTY TAURIINILLA<\/strong><br data-start=\"432\" data-end=\"435\" \/>Tauriini on kissoille v\u00e4ltt\u00e4m\u00e4t\u00f6n aminohappo, joka tukee normaalia n\u00e4k\u00f6kyky\u00e4 sek\u00e4 syd\u00e4men ja hermoston toimintaa.<\/p>\n<p class=\"\" data-start=\"550\" data-end=\"691\"><strong data-start=\"550\" data-end=\"567\">V\u00c4H\u00c4KALORINEN<\/strong><br data-start=\"567\" data-end=\"570\" \/>V\u00e4h\u00e4kaloriset herkut tarjoavat iloa kissallesi ilman ylim\u00e4\u00e4r\u00e4isi\u00e4 kiloja. Ei sis\u00e4ll\u00e4 viljoja tai keinotekoisia ainesosia.<\/p>\n<p class=\"\" data-start=\"693\" data-end=\"800\"><strong data-start=\"693\" data-end=\"718\">LAADUKASTA PROTEIINIA<\/strong><br data-start=\"718\" data-end=\"721\" \/>Valmistettu aidosta syv\u00e4nmeren tonnikalasta ja maatilalla kasvatetusta kanasta.<\/p>\n<p class=\"\" data-start=\"802\" data-end=\"1015\"><strong data-start=\"802\" data-end=\"816\">Ainesosat:<\/strong> Vesi, tonnikala, lohi, tapiokat\u00e4rkkelys, luonnolliset aromit, lohi\u00f6ljy, guarkumi, luonnollinen tonnikala-aromi, natriumaskorbaatti (C-vitamiinin l\u00e4hde), E-vitamiinilis\u00e4, tauriini, vihre\u00e4n teen uute.<\/p>\n<p class=\"\" data-start=\"1017\" data-end=\"1149\"><strong data-start=\"1017\" data-end=\"1034\">K\u00e4ytt\u00f6ohjeet:<\/strong> Anna kissalle herkkuna. T\u00e4m\u00e4 tuote ei ole t\u00e4ysravinto. Tarjoa kissalle p\u00e4ivitt\u00e4in puhdasta ja raikasta juomavett\u00e4.<\/p>\n","protected":false},"featured_media":32135,"template":"","meta":[],"product_brand":[],"product_cat":[266],"product_tag":[],"class_list":{"0":"post-32193","1":"product","2":"type-product","3":"status-publish","4":"has-post-thumbnail","6":"product_cat-makeiset","8":"first","9":"instock","10":"taxable","11":"shipping-taxable","12":"purchasable","13":"product-type-simple"},"yoast_head":"<!-- This site is optimized with the Yoast SEO plugin v27.2 - https:\/\/yoast.com\/product\/yoast-seo-wordpress\/ -->\n<title>Churu Senior nestem\u00e4inen herkku kissoille tonnikalalla ja lohella 4x14g - MiuMjau<\/title>\n<meta name=\"description\" content=\"Churun \u200b\u200bkermaiset herkut ovat niin houkuttelevia! Kissat haluavat my\u00f6s kokea makuja ja nauttia el\u00e4m\u00e4st\u00e4! Voita kissan syd\u00e4n!\" \/>\n<meta name=\"robots\" content=\"index, follow, max-snippet:-1, max-image-preview:large, max-video-preview:-1\" \/>\n<link rel=\"canonical\" href=\"https:\/\/miumjau.ee\/fi\/tuote\/churu-senior-nestemainen-herkku-kissoille-tonnikalalla-ja-lohella-4x14g\/\" \/>\n<meta property=\"og:locale\" content=\"fi_FI\" \/>\n<meta property=\"og:type\" content=\"article\" \/>\n<meta property=\"og:title\" content=\"Churu Senior nestem\u00e4inen herkku kissoille tonnikalalla ja lohella 4x14g - MiuMjau\" \/>\n<meta property=\"og:description\" content=\"Churun \u200b\u200bkermaiset herkut ovat niin houkuttelevia! Kissat haluavat my\u00f6s kokea makuja ja nauttia el\u00e4m\u00e4st\u00e4! Voita kissan syd\u00e4n!\" \/>\n<meta property=\"og:url\" content=\"https:\/\/miumjau.ee\/fi\/tuote\/churu-senior-nestemainen-herkku-kissoille-tonnikalalla-ja-lohella-4x14g\/\" \/>\n<meta property=\"og:site_name\" content=\"MiuMjau\" \/>\n<meta property=\"article:publisher\" content=\"https:\/\/www.facebook.com\/miumjaupood\/\" \/>\n<meta property=\"article:modified_time\" content=\"2026-01-07T20:51:12+00:00\" \/>\n<meta property=\"og:image\" content=\"https:\/\/miumjau.ee\/wp-content\/uploads\/2025\/04\/churu-maiused-kassidele2.webp\" \/>\n\t<meta property=\"og:image:width\" content=\"810\" \/>\n\t<meta property=\"og:image:height\" content=\"1080\" \/>\n\t<meta property=\"og:image:type\" content=\"image\/webp\" \/>\n<meta name=\"twitter:card\" content=\"summary_large_image\" \/>\n<script type=\"application\/ld+json\" class=\"yoast-schema-graph\">{\"@context\":\"https:\/\/schema.org\",\"@graph\":[{\"@type\":\"WebPage\",\"@id\":\"https:\/\/miumjau.ee\/fi\/tuote\/churu-senior-nestemainen-herkku-kissoille-tonnikalalla-ja-lohella-4x14g\/\",\"url\":\"https:\/\/miumjau.ee\/fi\/tuote\/churu-senior-nestemainen-herkku-kissoille-tonnikalalla-ja-lohella-4x14g\/\",\"name\":\"Churu Senior nestem\u00e4inen herkku kissoille tonnikalalla ja lohella 4x14g - MiuMjau\",\"isPartOf\":{\"@id\":\"https:\/\/miumjau.ee\/#website\"},\"primaryImageOfPage\":{\"@id\":\"https:\/\/miumjau.ee\/fi\/tuote\/churu-senior-nestemainen-herkku-kissoille-tonnikalalla-ja-lohella-4x14g\/#primaryimage\"},\"image\":{\"@id\":\"https:\/\/miumjau.ee\/fi\/tuote\/churu-senior-nestemainen-herkku-kissoille-tonnikalalla-ja-lohella-4x14g\/#primaryimage\"},\"thumbnailUrl\":\"https:\/\/miumjau.ee\/wp-content\/uploads\/2025\/04\/churu-maiused-kassidele2.webp\",\"datePublished\":\"2025-04-09T17:02:45+00:00\",\"dateModified\":\"2026-01-07T20:51:12+00:00\",\"description\":\"Churun \u200b\u200bkermaiset herkut ovat niin houkuttelevia! Kissat haluavat my\u00f6s kokea makuja ja nauttia el\u00e4m\u00e4st\u00e4! Voita kissan syd\u00e4n!\",\"breadcrumb\":{\"@id\":\"https:\/\/miumjau.ee\/fi\/tuote\/churu-senior-nestemainen-herkku-kissoille-tonnikalalla-ja-lohella-4x14g\/#breadcrumb\"},\"inLanguage\":\"fi\",\"potentialAction\":[{\"@type\":\"ReadAction\",\"target\":[\"https:\/\/miumjau.ee\/fi\/tuote\/churu-senior-nestemainen-herkku-kissoille-tonnikalalla-ja-lohella-4x14g\/\"]}]},{\"@type\":\"ImageObject\",\"inLanguage\":\"fi\",\"@id\":\"https:\/\/miumjau.ee\/fi\/tuote\/churu-senior-nestemainen-herkku-kissoille-tonnikalalla-ja-lohella-4x14g\/#primaryimage\",\"url\":\"https:\/\/miumjau.ee\/wp-content\/uploads\/2025\/04\/churu-maiused-kassidele2.webp\",\"contentUrl\":\"https:\/\/miumjau.ee\/wp-content\/uploads\/2025\/04\/churu-maiused-kassidele2.webp\",\"width\":810,\"height\":1080,\"caption\":\"Churu Senior vedelmaius kassidele tuunikala ja l\u00f5hega 4x14g\"},{\"@type\":\"BreadcrumbList\",\"@id\":\"https:\/\/miumjau.ee\/fi\/tuote\/churu-senior-nestemainen-herkku-kissoille-tonnikalalla-ja-lohella-4x14g\/#breadcrumb\",\"itemListElement\":[{\"@type\":\"ListItem\",\"position\":1,\"name\":\"Home\",\"item\":\"https:\/\/miumjau.ee\/fi\/\"},{\"@type\":\"ListItem\",\"position\":2,\"name\":\"Kauppa\",\"item\":\"https:\/\/miumjau.ee\/fi\/kauppa\/\"},{\"@type\":\"ListItem\",\"position\":3,\"name\":\"Churu Senior nestem\u00e4inen herkku kissoille tonnikalalla ja lohella 4x14g\"}]},{\"@type\":\"WebSite\",\"@id\":\"https:\/\/miumjau.ee\/#website\",\"url\":\"https:\/\/miumjau.ee\/\",\"name\":\"MiuMjau\",\"description\":\"Kraapimispuud kassidele\",\"publisher\":{\"@id\":\"https:\/\/miumjau.ee\/#organization\"},\"potentialAction\":[{\"@type\":\"SearchAction\",\"target\":{\"@type\":\"EntryPoint\",\"urlTemplate\":\"https:\/\/miumjau.ee\/?s={search_term_string}\"},\"query-input\":{\"@type\":\"PropertyValueSpecification\",\"valueRequired\":true,\"valueName\":\"search_term_string\"}}],\"inLanguage\":\"fi\"},{\"@type\":\"Organization\",\"@id\":\"https:\/\/miumjau.ee\/#organization\",\"name\":\"MiuMjau O\u00dc\",\"url\":\"https:\/\/miumjau.ee\/\",\"logo\":{\"@type\":\"ImageObject\",\"inLanguage\":\"fi\",\"@id\":\"https:\/\/miumjau.ee\/#\/schema\/logo\/image\/\",\"url\":\"https:\/\/miumjau.ee\/wp-content\/uploads\/2022\/04\/MiuMjau-logo-kollane.png\",\"contentUrl\":\"https:\/\/miumjau.ee\/wp-content\/uploads\/2022\/04\/MiuMjau-logo-kollane.png\",\"width\":219,\"height\":100,\"caption\":\"MiuMjau O\u00dc\"},\"image\":{\"@id\":\"https:\/\/miumjau.ee\/#\/schema\/logo\/image\/\"},\"sameAs\":[\"https:\/\/www.facebook.com\/miumjaupood\/\"]}]}<\/script>\n<!-- \/ Yoast SEO plugin. -->","yoast_head_json":{"title":"Churu Senior nestem\u00e4inen herkku kissoille tonnikalalla ja lohella 4x14g - MiuMjau","description":"Churun \u200b\u200bkermaiset herkut ovat niin houkuttelevia! Kissat haluavat my\u00f6s kokea makuja ja nauttia el\u00e4m\u00e4st\u00e4! Voita kissan syd\u00e4n!","robots":{"index":"index","follow":"follow","max-snippet":"max-snippet:-1","max-image-preview":"max-image-preview:large","max-video-preview":"max-video-preview:-1"},"canonical":"https:\/\/miumjau.ee\/fi\/tuote\/churu-senior-nestemainen-herkku-kissoille-tonnikalalla-ja-lohella-4x14g\/","og_locale":"fi_FI","og_type":"article","og_title":"Churu Senior nestem\u00e4inen herkku kissoille tonnikalalla ja lohella 4x14g - MiuMjau","og_description":"Churun \u200b\u200bkermaiset herkut ovat niin houkuttelevia! Kissat haluavat my\u00f6s kokea makuja ja nauttia el\u00e4m\u00e4st\u00e4! Voita kissan syd\u00e4n!","og_url":"https:\/\/miumjau.ee\/fi\/tuote\/churu-senior-nestemainen-herkku-kissoille-tonnikalalla-ja-lohella-4x14g\/","og_site_name":"MiuMjau","article_publisher":"https:\/\/www.facebook.com\/miumjaupood\/","article_modified_time":"2026-01-07T20:51:12+00:00","og_image":[{"width":810,"height":1080,"url":"https:\/\/miumjau.ee\/wp-content\/uploads\/2025\/04\/churu-maiused-kassidele2.webp","type":"image\/webp"}],"twitter_card":"summary_large_image","schema":{"@context":"https:\/\/schema.org","@graph":[{"@type":"WebPage","@id":"https:\/\/miumjau.ee\/fi\/tuote\/churu-senior-nestemainen-herkku-kissoille-tonnikalalla-ja-lohella-4x14g\/","url":"https:\/\/miumjau.ee\/fi\/tuote\/churu-senior-nestemainen-herkku-kissoille-tonnikalalla-ja-lohella-4x14g\/","name":"Churu Senior nestem\u00e4inen herkku kissoille tonnikalalla ja lohella 4x14g - MiuMjau","isPartOf":{"@id":"https:\/\/miumjau.ee\/#website"},"primaryImageOfPage":{"@id":"https:\/\/miumjau.ee\/fi\/tuote\/churu-senior-nestemainen-herkku-kissoille-tonnikalalla-ja-lohella-4x14g\/#primaryimage"},"image":{"@id":"https:\/\/miumjau.ee\/fi\/tuote\/churu-senior-nestemainen-herkku-kissoille-tonnikalalla-ja-lohella-4x14g\/#primaryimage"},"thumbnailUrl":"https:\/\/miumjau.ee\/wp-content\/uploads\/2025\/04\/churu-maiused-kassidele2.webp","datePublished":"2025-04-09T17:02:45+00:00","dateModified":"2026-01-07T20:51:12+00:00","description":"Churun \u200b\u200bkermaiset herkut ovat niin houkuttelevia! Kissat haluavat my\u00f6s kokea makuja ja nauttia el\u00e4m\u00e4st\u00e4! Voita kissan syd\u00e4n!","breadcrumb":{"@id":"https:\/\/miumjau.ee\/fi\/tuote\/churu-senior-nestemainen-herkku-kissoille-tonnikalalla-ja-lohella-4x14g\/#breadcrumb"},"inLanguage":"fi","potentialAction":[{"@type":"ReadAction","target":["https:\/\/miumjau.ee\/fi\/tuote\/churu-senior-nestemainen-herkku-kissoille-tonnikalalla-ja-lohella-4x14g\/"]}]},{"@type":"ImageObject","inLanguage":"fi","@id":"https:\/\/miumjau.ee\/fi\/tuote\/churu-senior-nestemainen-herkku-kissoille-tonnikalalla-ja-lohella-4x14g\/#primaryimage","url":"https:\/\/miumjau.ee\/wp-content\/uploads\/2025\/04\/churu-maiused-kassidele2.webp","contentUrl":"https:\/\/miumjau.ee\/wp-content\/uploads\/2025\/04\/churu-maiused-kassidele2.webp","width":810,"height":1080,"caption":"Churu Senior vedelmaius kassidele tuunikala ja l\u00f5hega 4x14g"},{"@type":"BreadcrumbList","@id":"https:\/\/miumjau.ee\/fi\/tuote\/churu-senior-nestemainen-herkku-kissoille-tonnikalalla-ja-lohella-4x14g\/#breadcrumb","itemListElement":[{"@type":"ListItem","position":1,"name":"Home","item":"https:\/\/miumjau.ee\/fi\/"},{"@type":"ListItem","position":2,"name":"Kauppa","item":"https:\/\/miumjau.ee\/fi\/kauppa\/"},{"@type":"ListItem","position":3,"name":"Churu Senior nestem\u00e4inen herkku kissoille tonnikalalla ja lohella 4x14g"}]},{"@type":"WebSite","@id":"https:\/\/miumjau.ee\/#website","url":"https:\/\/miumjau.ee\/","name":"MiuMjau","description":"Kraapimispuud kassidele","publisher":{"@id":"https:\/\/miumjau.ee\/#organization"},"potentialAction":[{"@type":"SearchAction","target":{"@type":"EntryPoint","urlTemplate":"https:\/\/miumjau.ee\/?s={search_term_string}"},"query-input":{"@type":"PropertyValueSpecification","valueRequired":true,"valueName":"search_term_string"}}],"inLanguage":"fi"},{"@type":"Organization","@id":"https:\/\/miumjau.ee\/#organization","name":"MiuMjau O\u00dc","url":"https:\/\/miumjau.ee\/","logo":{"@type":"ImageObject","inLanguage":"fi","@id":"https:\/\/miumjau.ee\/#\/schema\/logo\/image\/","url":"https:\/\/miumjau.ee\/wp-content\/uploads\/2022\/04\/MiuMjau-logo-kollane.png","contentUrl":"https:\/\/miumjau.ee\/wp-content\/uploads\/2022\/04\/MiuMjau-logo-kollane.png","width":219,"height":100,"caption":"MiuMjau O\u00dc"},"image":{"@id":"https:\/\/miumjau.ee\/#\/schema\/logo\/image\/"},"sameAs":["https:\/\/www.facebook.com\/miumjaupood\/"]}]}},"_links":{"self":[{"href":"https:\/\/miumjau.ee\/fi\/wp-json\/wp\/v2\/product\/32193","targetHints":{"allow":["GET"]}}],"collection":[{"href":"https:\/\/miumjau.ee\/fi\/wp-json\/wp\/v2\/product"}],"about":[{"href":"https:\/\/miumjau.ee\/fi\/wp-json\/wp\/v2\/types\/product"}],"wp:featuredmedia":[{"embeddable":true,"href":"https:\/\/miumjau.ee\/fi\/wp-json\/wp\/v2\/media\/32135"}],"wp:attachment":[{"href":"https:\/\/miumjau.ee\/fi\/wp-json\/wp\/v2\/media?parent=32193"}],"wp:term":[{"taxonomy":"product_brand","embeddable":true,"href":"https:\/\/miumjau.ee\/fi\/wp-json\/wp\/v2\/product_brand?post=32193"},{"taxonomy":"product_cat","embeddable":true,"href":"https:\/\/miumjau.ee\/fi\/wp-json\/wp\/v2\/product_cat?post=32193"},{"taxonomy":"product_tag","embeddable":true,"href":"https:\/\/miumjau.ee\/fi\/wp-json\/wp\/v2\/product_tag?post=32193"}],"curies":[{"name":"wp","href":"https:\/\/api.w.org\/{rel}","templated":true}]}}