{"id":32192,"date":"2025-04-09T20:09:44","date_gmt":"2025-04-09T17:09:44","guid":{"rendered":"https:\/\/miumjau.ee\/toode\/churu-herkku-kissoille-lohella-4x14g\/"},"modified":"2026-01-07T22:51:12","modified_gmt":"2026-01-07T20:51:12","slug":"churu-herkku-kissoille-lohella-4x14g","status":"publish","type":"product","link":"https:\/\/miumjau.ee\/fi\/tuote\/churu-herkku-kissoille-lohella-4x14g\/","title":{"rendered":"Churu-herkku kissoille lohella, 4x14g"},"content":{"rendered":"","protected":false},"excerpt":{"rendered":"<p class=\"\" data-start=\"42\" data-end=\"85\"><strong data-start=\"42\" data-end=\"85\">Churu-herkuilla voitat kissasi syd\u00e4men!<\/strong><\/p>\n<p class=\"\" data-start=\"87\" data-end=\"356\"><strong data-start=\"87\" data-end=\"138\">PID\u00c4 KISSASI NESTEYTETTYN\u00c4 ILMAN LIS\u00c4KALOREITA:<\/strong> Jokainen herkullinen Churu-kermaharkku sis\u00e4lt\u00e4\u00e4 91 % kosteutta ja vain 10 kaloria (kymmenesosa tavallisen kuivaruokaherkun kalorim\u00e4\u00e4r\u00e4st\u00e4), mik\u00e4 tekee siit\u00e4 terveellisen herkun, jota voit antaa hyv\u00e4ll\u00e4 omallatunnolla.<\/p>\n<p class=\"\" data-start=\"358\" data-end=\"634\"><strong data-start=\"358\" data-end=\"389\">VAPAA TURHISTA AINESOSISTA:<\/strong> Kissasi on meille t\u00e4rke\u00e4 \u2013 siksi herkkumme eiv\u00e4t sis\u00e4ll\u00e4 viljoja, s\u00e4il\u00f6nt\u00e4aineita tai keinotekoisia v\u00e4riaineita. Sen sijaan lis\u00e4\u00e4mme hy\u00f6dyllisi\u00e4 aineita, kuten vihre\u00e4n teen uutetta ja tauriinia, tukemaan kissojen kokonaisvaltaista hyvinvointia.<\/p>\n<p class=\"\" data-start=\"636\" data-end=\"861\"><strong data-start=\"636\" data-end=\"666\">SY\u00d6TET\u00c4\u00c4N SUORAAN K\u00c4DEST\u00c4:<\/strong> N\u00e4m\u00e4 kermaiset herkut on suunniteltu sy\u00f6tett\u00e4v\u00e4ksi suoraan k\u00e4dest\u00e4, jotta side sinun ja kissasi v\u00e4lill\u00e4 vahvistuu. Niit\u00e4 voidaan k\u00e4ytt\u00e4\u00e4 my\u00f6s ravintolis\u00e4n\u00e4 tai helpottamaan l\u00e4\u00e4kkeiden antamista.<\/p>\n<p class=\"\" data-start=\"863\" data-end=\"983\"><strong data-start=\"863\" data-end=\"882\">Ruokintaohjeet:<\/strong> Anna kissalle herkkuna. Tuote ei ole t\u00e4ysravinto. Tarjoa p\u00e4ivitt\u00e4in puhdasta ja raikasta juomavett\u00e4.<\/p>\n<p class=\"\" data-start=\"985\" data-end=\"1063\"><strong data-start=\"985\" data-end=\"1004\">S\u00e4ilytysohjeet:<\/strong> S\u00e4ilyt\u00e4 avattuna j\u00e4\u00e4kaapissa ja k\u00e4yt\u00e4 mahdollisimman pian.<\/p>\n<p class=\"\" data-start=\"1065\" data-end=\"1225\"><strong data-start=\"1065\" data-end=\"1079\">Ainesosat:<\/strong> Vesi, lohi, tapiokat\u00e4rkkelys, luonnolliset aromit, luonnollinen lohiaromi, guarkumi, ksantaanikumi, E-vitamiinilis\u00e4, tauriini, vihre\u00e4n teen uute.<\/p>\n<p class=\"\" data-start=\"1227\" data-end=\"1392\"><strong data-start=\"1227\" data-end=\"1240\">Analyysi:<\/strong> Raakaproteiini (min) 5,5 %, Raakarasva (min) 2,5 %, Raakakuitu (maks) 0,3 %, Kosteus (maks) 91,0 %, E-vitamiini (min) 310 IU\/kg, Tauriini (min) 0,025 %<\/p>\n","protected":false},"featured_media":32139,"template":"","meta":[],"product_brand":[],"product_cat":[266],"product_tag":[],"class_list":{"0":"post-32192","1":"product","2":"type-product","3":"status-publish","4":"has-post-thumbnail","6":"product_cat-makeiset","8":"first","9":"instock","10":"taxable","11":"shipping-taxable","12":"purchasable","13":"product-type-simple"},"yoast_head":"<!-- This site is optimized with the Yoast SEO plugin v27.2 - https:\/\/yoast.com\/product\/yoast-seo-wordpress\/ -->\n<title>Churu-herkku kissoille lohella, 4x14g - MiuMjau<\/title>\n<meta name=\"description\" content=\"Churun \u200b\u200bkermaiset herkut ovat niin houkuttelevia! Kissat haluavat my\u00f6s kokea makuja ja nauttia el\u00e4m\u00e4st\u00e4! Voita kissan syd\u00e4n!\" \/>\n<meta name=\"robots\" content=\"index, follow, max-snippet:-1, max-image-preview:large, max-video-preview:-1\" \/>\n<link rel=\"canonical\" href=\"https:\/\/miumjau.ee\/fi\/tuote\/churu-herkku-kissoille-lohella-4x14g\/\" \/>\n<meta property=\"og:locale\" content=\"fi_FI\" \/>\n<meta property=\"og:type\" content=\"article\" \/>\n<meta property=\"og:title\" content=\"Churu-herkku kissoille lohella, 4x14g - MiuMjau\" \/>\n<meta property=\"og:description\" content=\"Churun \u200b\u200bkermaiset herkut ovat niin houkuttelevia! Kissat haluavat my\u00f6s kokea makuja ja nauttia el\u00e4m\u00e4st\u00e4! Voita kissan syd\u00e4n!\" \/>\n<meta property=\"og:url\" content=\"https:\/\/miumjau.ee\/fi\/tuote\/churu-herkku-kissoille-lohella-4x14g\/\" \/>\n<meta property=\"og:site_name\" content=\"MiuMjau\" \/>\n<meta property=\"article:publisher\" content=\"https:\/\/www.facebook.com\/miumjaupood\/\" \/>\n<meta property=\"article:modified_time\" content=\"2026-01-07T20:51:12+00:00\" \/>\n<meta property=\"og:image\" content=\"https:\/\/miumjau.ee\/wp-content\/uploads\/2025\/04\/churu-maiused-kassidele3.webp\" \/>\n\t<meta property=\"og:image:width\" content=\"600\" \/>\n\t<meta property=\"og:image:height\" content=\"800\" \/>\n\t<meta property=\"og:image:type\" content=\"image\/webp\" \/>\n<meta name=\"twitter:card\" content=\"summary_large_image\" \/>\n<script type=\"application\/ld+json\" class=\"yoast-schema-graph\">{\"@context\":\"https:\/\/schema.org\",\"@graph\":[{\"@type\":\"WebPage\",\"@id\":\"https:\/\/miumjau.ee\/fi\/tuote\/churu-herkku-kissoille-lohella-4x14g\/\",\"url\":\"https:\/\/miumjau.ee\/fi\/tuote\/churu-herkku-kissoille-lohella-4x14g\/\",\"name\":\"Churu-herkku kissoille lohella, 4x14g - MiuMjau\",\"isPartOf\":{\"@id\":\"https:\/\/miumjau.ee\/#website\"},\"primaryImageOfPage\":{\"@id\":\"https:\/\/miumjau.ee\/fi\/tuote\/churu-herkku-kissoille-lohella-4x14g\/#primaryimage\"},\"image\":{\"@id\":\"https:\/\/miumjau.ee\/fi\/tuote\/churu-herkku-kissoille-lohella-4x14g\/#primaryimage\"},\"thumbnailUrl\":\"https:\/\/miumjau.ee\/wp-content\/uploads\/2025\/04\/churu-maiused-kassidele3.webp\",\"datePublished\":\"2025-04-09T17:09:44+00:00\",\"dateModified\":\"2026-01-07T20:51:12+00:00\",\"description\":\"Churun \u200b\u200bkermaiset herkut ovat niin houkuttelevia! Kissat haluavat my\u00f6s kokea makuja ja nauttia el\u00e4m\u00e4st\u00e4! Voita kissan syd\u00e4n!\",\"breadcrumb\":{\"@id\":\"https:\/\/miumjau.ee\/fi\/tuote\/churu-herkku-kissoille-lohella-4x14g\/#breadcrumb\"},\"inLanguage\":\"fi\",\"potentialAction\":[{\"@type\":\"ReadAction\",\"target\":[\"https:\/\/miumjau.ee\/fi\/tuote\/churu-herkku-kissoille-lohella-4x14g\/\"]}]},{\"@type\":\"ImageObject\",\"inLanguage\":\"fi\",\"@id\":\"https:\/\/miumjau.ee\/fi\/tuote\/churu-herkku-kissoille-lohella-4x14g\/#primaryimage\",\"url\":\"https:\/\/miumjau.ee\/wp-content\/uploads\/2025\/04\/churu-maiused-kassidele3.webp\",\"contentUrl\":\"https:\/\/miumjau.ee\/wp-content\/uploads\/2025\/04\/churu-maiused-kassidele3.webp\",\"width\":600,\"height\":800,\"caption\":\"Churu maius kassidele l\u00f5hega, 4x14g\"},{\"@type\":\"BreadcrumbList\",\"@id\":\"https:\/\/miumjau.ee\/fi\/tuote\/churu-herkku-kissoille-lohella-4x14g\/#breadcrumb\",\"itemListElement\":[{\"@type\":\"ListItem\",\"position\":1,\"name\":\"Home\",\"item\":\"https:\/\/miumjau.ee\/fi\/\"},{\"@type\":\"ListItem\",\"position\":2,\"name\":\"Kauppa\",\"item\":\"https:\/\/miumjau.ee\/fi\/kauppa\/\"},{\"@type\":\"ListItem\",\"position\":3,\"name\":\"Churu-herkku kissoille lohella, 4x14g\"}]},{\"@type\":\"WebSite\",\"@id\":\"https:\/\/miumjau.ee\/#website\",\"url\":\"https:\/\/miumjau.ee\/\",\"name\":\"MiuMjau\",\"description\":\"Kraapimispuud kassidele\",\"publisher\":{\"@id\":\"https:\/\/miumjau.ee\/#organization\"},\"potentialAction\":[{\"@type\":\"SearchAction\",\"target\":{\"@type\":\"EntryPoint\",\"urlTemplate\":\"https:\/\/miumjau.ee\/?s={search_term_string}\"},\"query-input\":{\"@type\":\"PropertyValueSpecification\",\"valueRequired\":true,\"valueName\":\"search_term_string\"}}],\"inLanguage\":\"fi\"},{\"@type\":\"Organization\",\"@id\":\"https:\/\/miumjau.ee\/#organization\",\"name\":\"MiuMjau O\u00dc\",\"url\":\"https:\/\/miumjau.ee\/\",\"logo\":{\"@type\":\"ImageObject\",\"inLanguage\":\"fi\",\"@id\":\"https:\/\/miumjau.ee\/#\/schema\/logo\/image\/\",\"url\":\"https:\/\/miumjau.ee\/wp-content\/uploads\/2022\/04\/MiuMjau-logo-kollane.png\",\"contentUrl\":\"https:\/\/miumjau.ee\/wp-content\/uploads\/2022\/04\/MiuMjau-logo-kollane.png\",\"width\":219,\"height\":100,\"caption\":\"MiuMjau O\u00dc\"},\"image\":{\"@id\":\"https:\/\/miumjau.ee\/#\/schema\/logo\/image\/\"},\"sameAs\":[\"https:\/\/www.facebook.com\/miumjaupood\/\"]}]}<\/script>\n<!-- \/ Yoast SEO plugin. -->","yoast_head_json":{"title":"Churu-herkku kissoille lohella, 4x14g - MiuMjau","description":"Churun \u200b\u200bkermaiset herkut ovat niin houkuttelevia! Kissat haluavat my\u00f6s kokea makuja ja nauttia el\u00e4m\u00e4st\u00e4! Voita kissan syd\u00e4n!","robots":{"index":"index","follow":"follow","max-snippet":"max-snippet:-1","max-image-preview":"max-image-preview:large","max-video-preview":"max-video-preview:-1"},"canonical":"https:\/\/miumjau.ee\/fi\/tuote\/churu-herkku-kissoille-lohella-4x14g\/","og_locale":"fi_FI","og_type":"article","og_title":"Churu-herkku kissoille lohella, 4x14g - MiuMjau","og_description":"Churun \u200b\u200bkermaiset herkut ovat niin houkuttelevia! Kissat haluavat my\u00f6s kokea makuja ja nauttia el\u00e4m\u00e4st\u00e4! Voita kissan syd\u00e4n!","og_url":"https:\/\/miumjau.ee\/fi\/tuote\/churu-herkku-kissoille-lohella-4x14g\/","og_site_name":"MiuMjau","article_publisher":"https:\/\/www.facebook.com\/miumjaupood\/","article_modified_time":"2026-01-07T20:51:12+00:00","og_image":[{"width":600,"height":800,"url":"https:\/\/miumjau.ee\/wp-content\/uploads\/2025\/04\/churu-maiused-kassidele3.webp","type":"image\/webp"}],"twitter_card":"summary_large_image","schema":{"@context":"https:\/\/schema.org","@graph":[{"@type":"WebPage","@id":"https:\/\/miumjau.ee\/fi\/tuote\/churu-herkku-kissoille-lohella-4x14g\/","url":"https:\/\/miumjau.ee\/fi\/tuote\/churu-herkku-kissoille-lohella-4x14g\/","name":"Churu-herkku kissoille lohella, 4x14g - MiuMjau","isPartOf":{"@id":"https:\/\/miumjau.ee\/#website"},"primaryImageOfPage":{"@id":"https:\/\/miumjau.ee\/fi\/tuote\/churu-herkku-kissoille-lohella-4x14g\/#primaryimage"},"image":{"@id":"https:\/\/miumjau.ee\/fi\/tuote\/churu-herkku-kissoille-lohella-4x14g\/#primaryimage"},"thumbnailUrl":"https:\/\/miumjau.ee\/wp-content\/uploads\/2025\/04\/churu-maiused-kassidele3.webp","datePublished":"2025-04-09T17:09:44+00:00","dateModified":"2026-01-07T20:51:12+00:00","description":"Churun \u200b\u200bkermaiset herkut ovat niin houkuttelevia! Kissat haluavat my\u00f6s kokea makuja ja nauttia el\u00e4m\u00e4st\u00e4! Voita kissan syd\u00e4n!","breadcrumb":{"@id":"https:\/\/miumjau.ee\/fi\/tuote\/churu-herkku-kissoille-lohella-4x14g\/#breadcrumb"},"inLanguage":"fi","potentialAction":[{"@type":"ReadAction","target":["https:\/\/miumjau.ee\/fi\/tuote\/churu-herkku-kissoille-lohella-4x14g\/"]}]},{"@type":"ImageObject","inLanguage":"fi","@id":"https:\/\/miumjau.ee\/fi\/tuote\/churu-herkku-kissoille-lohella-4x14g\/#primaryimage","url":"https:\/\/miumjau.ee\/wp-content\/uploads\/2025\/04\/churu-maiused-kassidele3.webp","contentUrl":"https:\/\/miumjau.ee\/wp-content\/uploads\/2025\/04\/churu-maiused-kassidele3.webp","width":600,"height":800,"caption":"Churu maius kassidele l\u00f5hega, 4x14g"},{"@type":"BreadcrumbList","@id":"https:\/\/miumjau.ee\/fi\/tuote\/churu-herkku-kissoille-lohella-4x14g\/#breadcrumb","itemListElement":[{"@type":"ListItem","position":1,"name":"Home","item":"https:\/\/miumjau.ee\/fi\/"},{"@type":"ListItem","position":2,"name":"Kauppa","item":"https:\/\/miumjau.ee\/fi\/kauppa\/"},{"@type":"ListItem","position":3,"name":"Churu-herkku kissoille lohella, 4x14g"}]},{"@type":"WebSite","@id":"https:\/\/miumjau.ee\/#website","url":"https:\/\/miumjau.ee\/","name":"MiuMjau","description":"Kraapimispuud kassidele","publisher":{"@id":"https:\/\/miumjau.ee\/#organization"},"potentialAction":[{"@type":"SearchAction","target":{"@type":"EntryPoint","urlTemplate":"https:\/\/miumjau.ee\/?s={search_term_string}"},"query-input":{"@type":"PropertyValueSpecification","valueRequired":true,"valueName":"search_term_string"}}],"inLanguage":"fi"},{"@type":"Organization","@id":"https:\/\/miumjau.ee\/#organization","name":"MiuMjau O\u00dc","url":"https:\/\/miumjau.ee\/","logo":{"@type":"ImageObject","inLanguage":"fi","@id":"https:\/\/miumjau.ee\/#\/schema\/logo\/image\/","url":"https:\/\/miumjau.ee\/wp-content\/uploads\/2022\/04\/MiuMjau-logo-kollane.png","contentUrl":"https:\/\/miumjau.ee\/wp-content\/uploads\/2022\/04\/MiuMjau-logo-kollane.png","width":219,"height":100,"caption":"MiuMjau O\u00dc"},"image":{"@id":"https:\/\/miumjau.ee\/#\/schema\/logo\/image\/"},"sameAs":["https:\/\/www.facebook.com\/miumjaupood\/"]}]}},"_links":{"self":[{"href":"https:\/\/miumjau.ee\/fi\/wp-json\/wp\/v2\/product\/32192","targetHints":{"allow":["GET"]}}],"collection":[{"href":"https:\/\/miumjau.ee\/fi\/wp-json\/wp\/v2\/product"}],"about":[{"href":"https:\/\/miumjau.ee\/fi\/wp-json\/wp\/v2\/types\/product"}],"wp:featuredmedia":[{"embeddable":true,"href":"https:\/\/miumjau.ee\/fi\/wp-json\/wp\/v2\/media\/32139"}],"wp:attachment":[{"href":"https:\/\/miumjau.ee\/fi\/wp-json\/wp\/v2\/media?parent=32192"}],"wp:term":[{"taxonomy":"product_brand","embeddable":true,"href":"https:\/\/miumjau.ee\/fi\/wp-json\/wp\/v2\/product_brand?post=32192"},{"taxonomy":"product_cat","embeddable":true,"href":"https:\/\/miumjau.ee\/fi\/wp-json\/wp\/v2\/product_cat?post=32192"},{"taxonomy":"product_tag","embeddable":true,"href":"https:\/\/miumjau.ee\/fi\/wp-json\/wp\/v2\/product_tag?post=32192"}],"curies":[{"name":"wp","href":"https:\/\/api.w.org\/{rel}","templated":true}]}}