{"id":31279,"date":"2022-04-13T14:39:53","date_gmt":"2022-04-13T11:39:53","guid":{"rendered":"https:\/\/miumjau.ee\/toode\/kissan-kiipeilypuu-18003-147cm-harmaa\/"},"modified":"2026-01-07T22:51:26","modified_gmt":"2026-01-07T20:51:26","slug":"kissan-kiipeilypuu-18003-147cm-harmaa","status":"publish","type":"product","link":"https:\/\/miumjau.ee\/fi\/tuote\/kissan-kiipeilypuu-18003-147cm-harmaa\/","title":{"rendered":"Kissan kiipeilypuu 18003, 147cm harmaa"},"content":{"rendered":"","protected":false},"excerpt":{"rendered":"<p>Malli on tarkoitettu keskikokoisille kissoille. Eritt\u00e4in suurille kissoille suosittelemme muita malleja.<br \/>\nPS: Huomaa, ett\u00e4 alemmat raapimispuut ovat samanlaisia kuin keskikokoiset, eli alhaalla ja ylh\u00e4\u00e4ll\u00e4 on pehme\u00e4 plyysi.<br \/>\nPohjan mitat: 60,5 x 46 cm<br \/>\nMajan mitat: 41 x 41 cm<br \/>\nUlkonevan pes\u00e4n halkaisija: 28 cm<br \/>\nYlemm\u00e4t alustat: halkaisija 28 cm<br \/>\nTuotteen korkeus: 147 cm<br \/>\nPaino ilman pakkausta: 14,6 kg ja pakkauksen kanssa: 15,6 kg<br \/>\nPakkauksen mitat: 62 x 47 x 22 cm<br \/>\nLeikkinarun sijainti alustalla voi vaihdella.<\/p>\n","protected":false},"featured_media":19677,"template":"","meta":[],"product_brand":[],"product_cat":[267],"product_tag":[],"class_list":{"0":"post-31279","1":"product","2":"type-product","3":"status-publish","4":"has-post-thumbnail","6":"product_cat-isoja-raapimispuut","7":"product_shipping_class-pakiautomaati-sobimatu-fi","9":"first","10":"instock","11":"sale","12":"taxable","13":"shipping-taxable","14":"purchasable","15":"product-type-simple"},"yoast_head":"<!-- This site is optimized with the Yoast SEO plugin v27.2 - https:\/\/yoast.com\/product\/yoast-seo-wordpress\/ -->\n<title>Kissan kiipeilypuu 18003, 147cm harmaa - MiuMjau<\/title>\n<meta name=\"description\" content=\"Raapimispuu, joka sopii keskipainoiselle kissalle. Paljon mahdollisuuksia raapimiseen, kiipe\u00e4miseen ja hyppimiseen.\" \/>\n<meta name=\"robots\" content=\"index, follow, max-snippet:-1, max-image-preview:large, max-video-preview:-1\" \/>\n<link rel=\"canonical\" href=\"https:\/\/miumjau.ee\/fi\/tuote\/kissan-kiipeilypuu-18003-147cm-harmaa\/\" \/>\n<meta property=\"og:locale\" content=\"fi_FI\" \/>\n<meta property=\"og:type\" content=\"article\" \/>\n<meta property=\"og:title\" content=\"Kissan kiipeilypuu 18003, 147cm harmaa - MiuMjau\" \/>\n<meta property=\"og:description\" content=\"Raapimispuu, joka sopii keskipainoiselle kissalle. Paljon mahdollisuuksia raapimiseen, kiipe\u00e4miseen ja hyppimiseen.\" \/>\n<meta property=\"og:url\" content=\"https:\/\/miumjau.ee\/fi\/tuote\/kissan-kiipeilypuu-18003-147cm-harmaa\/\" \/>\n<meta property=\"og:site_name\" content=\"MiuMjau\" \/>\n<meta property=\"article:publisher\" content=\"https:\/\/www.facebook.com\/miumjaupood\/\" \/>\n<meta property=\"article:modified_time\" content=\"2026-01-07T20:51:26+00:00\" \/>\n<meta property=\"og:image\" content=\"https:\/\/miumjau.ee\/wp-content\/uploads\/2022\/04\/kraapimispuu-18003-7.jpg\" \/>\n\t<meta property=\"og:image:width\" content=\"600\" \/>\n\t<meta property=\"og:image:height\" content=\"600\" \/>\n\t<meta property=\"og:image:type\" content=\"image\/jpeg\" \/>\n<meta name=\"twitter:card\" content=\"summary_large_image\" \/>\n<script type=\"application\/ld+json\" class=\"yoast-schema-graph\">{\"@context\":\"https:\/\/schema.org\",\"@graph\":[{\"@type\":\"WebPage\",\"@id\":\"https:\/\/miumjau.ee\/fi\/tuote\/kissan-kiipeilypuu-18003-147cm-harmaa\/\",\"url\":\"https:\/\/miumjau.ee\/fi\/tuote\/kissan-kiipeilypuu-18003-147cm-harmaa\/\",\"name\":\"Kissan kiipeilypuu 18003, 147cm harmaa - MiuMjau\",\"isPartOf\":{\"@id\":\"https:\/\/miumjau.ee\/#website\"},\"primaryImageOfPage\":{\"@id\":\"https:\/\/miumjau.ee\/fi\/tuote\/kissan-kiipeilypuu-18003-147cm-harmaa\/#primaryimage\"},\"image\":{\"@id\":\"https:\/\/miumjau.ee\/fi\/tuote\/kissan-kiipeilypuu-18003-147cm-harmaa\/#primaryimage\"},\"thumbnailUrl\":\"https:\/\/miumjau.ee\/wp-content\/uploads\/2022\/04\/kraapimispuu-18003-7.jpg\",\"datePublished\":\"2022-04-13T11:39:53+00:00\",\"dateModified\":\"2026-01-07T20:51:26+00:00\",\"description\":\"Raapimispuu, joka sopii keskipainoiselle kissalle. Paljon mahdollisuuksia raapimiseen, kiipe\u00e4miseen ja hyppimiseen.\",\"breadcrumb\":{\"@id\":\"https:\/\/miumjau.ee\/fi\/tuote\/kissan-kiipeilypuu-18003-147cm-harmaa\/#breadcrumb\"},\"inLanguage\":\"fi\",\"potentialAction\":[{\"@type\":\"ReadAction\",\"target\":[\"https:\/\/miumjau.ee\/fi\/tuote\/kissan-kiipeilypuu-18003-147cm-harmaa\/\"]}]},{\"@type\":\"ImageObject\",\"inLanguage\":\"fi\",\"@id\":\"https:\/\/miumjau.ee\/fi\/tuote\/kissan-kiipeilypuu-18003-147cm-harmaa\/#primaryimage\",\"url\":\"https:\/\/miumjau.ee\/wp-content\/uploads\/2022\/04\/kraapimispuu-18003-7.jpg\",\"contentUrl\":\"https:\/\/miumjau.ee\/wp-content\/uploads\/2022\/04\/kraapimispuu-18003-7.jpg\",\"width\":600,\"height\":600},{\"@type\":\"BreadcrumbList\",\"@id\":\"https:\/\/miumjau.ee\/fi\/tuote\/kissan-kiipeilypuu-18003-147cm-harmaa\/#breadcrumb\",\"itemListElement\":[{\"@type\":\"ListItem\",\"position\":1,\"name\":\"Home\",\"item\":\"https:\/\/miumjau.ee\/fi\/\"},{\"@type\":\"ListItem\",\"position\":2,\"name\":\"Kauppa\",\"item\":\"https:\/\/miumjau.ee\/fi\/kauppa\/\"},{\"@type\":\"ListItem\",\"position\":3,\"name\":\"Kissan kiipeilypuu 18003, 147cm harmaa\"}]},{\"@type\":\"WebSite\",\"@id\":\"https:\/\/miumjau.ee\/#website\",\"url\":\"https:\/\/miumjau.ee\/\",\"name\":\"MiuMjau\",\"description\":\"Kraapimispuud kassidele\",\"publisher\":{\"@id\":\"https:\/\/miumjau.ee\/#organization\"},\"potentialAction\":[{\"@type\":\"SearchAction\",\"target\":{\"@type\":\"EntryPoint\",\"urlTemplate\":\"https:\/\/miumjau.ee\/?s={search_term_string}\"},\"query-input\":{\"@type\":\"PropertyValueSpecification\",\"valueRequired\":true,\"valueName\":\"search_term_string\"}}],\"inLanguage\":\"fi\"},{\"@type\":\"Organization\",\"@id\":\"https:\/\/miumjau.ee\/#organization\",\"name\":\"MiuMjau O\u00dc\",\"url\":\"https:\/\/miumjau.ee\/\",\"logo\":{\"@type\":\"ImageObject\",\"inLanguage\":\"fi\",\"@id\":\"https:\/\/miumjau.ee\/#\/schema\/logo\/image\/\",\"url\":\"https:\/\/miumjau.ee\/wp-content\/uploads\/2022\/04\/MiuMjau-logo-kollane.png\",\"contentUrl\":\"https:\/\/miumjau.ee\/wp-content\/uploads\/2022\/04\/MiuMjau-logo-kollane.png\",\"width\":219,\"height\":100,\"caption\":\"MiuMjau O\u00dc\"},\"image\":{\"@id\":\"https:\/\/miumjau.ee\/#\/schema\/logo\/image\/\"},\"sameAs\":[\"https:\/\/www.facebook.com\/miumjaupood\/\"]}]}<\/script>\n<!-- \/ Yoast SEO plugin. -->","yoast_head_json":{"title":"Kissan kiipeilypuu 18003, 147cm harmaa - MiuMjau","description":"Raapimispuu, joka sopii keskipainoiselle kissalle. Paljon mahdollisuuksia raapimiseen, kiipe\u00e4miseen ja hyppimiseen.","robots":{"index":"index","follow":"follow","max-snippet":"max-snippet:-1","max-image-preview":"max-image-preview:large","max-video-preview":"max-video-preview:-1"},"canonical":"https:\/\/miumjau.ee\/fi\/tuote\/kissan-kiipeilypuu-18003-147cm-harmaa\/","og_locale":"fi_FI","og_type":"article","og_title":"Kissan kiipeilypuu 18003, 147cm harmaa - MiuMjau","og_description":"Raapimispuu, joka sopii keskipainoiselle kissalle. Paljon mahdollisuuksia raapimiseen, kiipe\u00e4miseen ja hyppimiseen.","og_url":"https:\/\/miumjau.ee\/fi\/tuote\/kissan-kiipeilypuu-18003-147cm-harmaa\/","og_site_name":"MiuMjau","article_publisher":"https:\/\/www.facebook.com\/miumjaupood\/","article_modified_time":"2026-01-07T20:51:26+00:00","og_image":[{"width":600,"height":600,"url":"https:\/\/miumjau.ee\/wp-content\/uploads\/2022\/04\/kraapimispuu-18003-7.jpg","type":"image\/jpeg"}],"twitter_card":"summary_large_image","schema":{"@context":"https:\/\/schema.org","@graph":[{"@type":"WebPage","@id":"https:\/\/miumjau.ee\/fi\/tuote\/kissan-kiipeilypuu-18003-147cm-harmaa\/","url":"https:\/\/miumjau.ee\/fi\/tuote\/kissan-kiipeilypuu-18003-147cm-harmaa\/","name":"Kissan kiipeilypuu 18003, 147cm harmaa - MiuMjau","isPartOf":{"@id":"https:\/\/miumjau.ee\/#website"},"primaryImageOfPage":{"@id":"https:\/\/miumjau.ee\/fi\/tuote\/kissan-kiipeilypuu-18003-147cm-harmaa\/#primaryimage"},"image":{"@id":"https:\/\/miumjau.ee\/fi\/tuote\/kissan-kiipeilypuu-18003-147cm-harmaa\/#primaryimage"},"thumbnailUrl":"https:\/\/miumjau.ee\/wp-content\/uploads\/2022\/04\/kraapimispuu-18003-7.jpg","datePublished":"2022-04-13T11:39:53+00:00","dateModified":"2026-01-07T20:51:26+00:00","description":"Raapimispuu, joka sopii keskipainoiselle kissalle. Paljon mahdollisuuksia raapimiseen, kiipe\u00e4miseen ja hyppimiseen.","breadcrumb":{"@id":"https:\/\/miumjau.ee\/fi\/tuote\/kissan-kiipeilypuu-18003-147cm-harmaa\/#breadcrumb"},"inLanguage":"fi","potentialAction":[{"@type":"ReadAction","target":["https:\/\/miumjau.ee\/fi\/tuote\/kissan-kiipeilypuu-18003-147cm-harmaa\/"]}]},{"@type":"ImageObject","inLanguage":"fi","@id":"https:\/\/miumjau.ee\/fi\/tuote\/kissan-kiipeilypuu-18003-147cm-harmaa\/#primaryimage","url":"https:\/\/miumjau.ee\/wp-content\/uploads\/2022\/04\/kraapimispuu-18003-7.jpg","contentUrl":"https:\/\/miumjau.ee\/wp-content\/uploads\/2022\/04\/kraapimispuu-18003-7.jpg","width":600,"height":600},{"@type":"BreadcrumbList","@id":"https:\/\/miumjau.ee\/fi\/tuote\/kissan-kiipeilypuu-18003-147cm-harmaa\/#breadcrumb","itemListElement":[{"@type":"ListItem","position":1,"name":"Home","item":"https:\/\/miumjau.ee\/fi\/"},{"@type":"ListItem","position":2,"name":"Kauppa","item":"https:\/\/miumjau.ee\/fi\/kauppa\/"},{"@type":"ListItem","position":3,"name":"Kissan kiipeilypuu 18003, 147cm harmaa"}]},{"@type":"WebSite","@id":"https:\/\/miumjau.ee\/#website","url":"https:\/\/miumjau.ee\/","name":"MiuMjau","description":"Kraapimispuud kassidele","publisher":{"@id":"https:\/\/miumjau.ee\/#organization"},"potentialAction":[{"@type":"SearchAction","target":{"@type":"EntryPoint","urlTemplate":"https:\/\/miumjau.ee\/?s={search_term_string}"},"query-input":{"@type":"PropertyValueSpecification","valueRequired":true,"valueName":"search_term_string"}}],"inLanguage":"fi"},{"@type":"Organization","@id":"https:\/\/miumjau.ee\/#organization","name":"MiuMjau O\u00dc","url":"https:\/\/miumjau.ee\/","logo":{"@type":"ImageObject","inLanguage":"fi","@id":"https:\/\/miumjau.ee\/#\/schema\/logo\/image\/","url":"https:\/\/miumjau.ee\/wp-content\/uploads\/2022\/04\/MiuMjau-logo-kollane.png","contentUrl":"https:\/\/miumjau.ee\/wp-content\/uploads\/2022\/04\/MiuMjau-logo-kollane.png","width":219,"height":100,"caption":"MiuMjau O\u00dc"},"image":{"@id":"https:\/\/miumjau.ee\/#\/schema\/logo\/image\/"},"sameAs":["https:\/\/www.facebook.com\/miumjaupood\/"]}]}},"_links":{"self":[{"href":"https:\/\/miumjau.ee\/fi\/wp-json\/wp\/v2\/product\/31279","targetHints":{"allow":["GET"]}}],"collection":[{"href":"https:\/\/miumjau.ee\/fi\/wp-json\/wp\/v2\/product"}],"about":[{"href":"https:\/\/miumjau.ee\/fi\/wp-json\/wp\/v2\/types\/product"}],"wp:featuredmedia":[{"embeddable":true,"href":"https:\/\/miumjau.ee\/fi\/wp-json\/wp\/v2\/media\/19677"}],"wp:attachment":[{"href":"https:\/\/miumjau.ee\/fi\/wp-json\/wp\/v2\/media?parent=31279"}],"wp:term":[{"taxonomy":"product_brand","embeddable":true,"href":"https:\/\/miumjau.ee\/fi\/wp-json\/wp\/v2\/product_brand?post=31279"},{"taxonomy":"product_cat","embeddable":true,"href":"https:\/\/miumjau.ee\/fi\/wp-json\/wp\/v2\/product_cat?post=31279"},{"taxonomy":"product_tag","embeddable":true,"href":"https:\/\/miumjau.ee\/fi\/wp-json\/wp\/v2\/product_tag?post=31279"}],"curies":[{"name":"wp","href":"https:\/\/api.w.org\/{rel}","templated":true}]}}