{"id":31277,"date":"2023-02-18T17:31:25","date_gmt":"2023-02-18T15:31:25","guid":{"rendered":"https:\/\/miumjau.ee\/toode\/kissan-kiipeilypuu-18007-170cm\/"},"modified":"2026-01-07T22:51:26","modified_gmt":"2026-01-07T20:51:26","slug":"kissan-kiipeilypuu-18007-170cm","status":"publish","type":"product","link":"https:\/\/miumjau.ee\/fi\/tuote\/kissan-kiipeilypuu-18007-170cm\/","title":{"rendered":"Kissan kiipeilypuu 18007, 170cm"},"content":{"rendered":"","protected":false},"excerpt":{"rendered":"<p>Kissan raapimapuu malli 18007 (beige) on erityisesti valittu niille kissoille, jotka rakastavat korkeutta, mutta joiden omistajien kodeissa ei ole liikaa tilaa leveyssuunnassa. T\u00e4m\u00e4 tuote on suunniteltu korkeutta ajatellen. Raapimapuu on eritt\u00e4in vakaa eik\u00e4 kaadu helposti! Paljon raapimismahdollisuuksia, maja piiloutumiseen ja lep\u00e4ilyyn, ulkoneva pes\u00e4 nukkumista varten, erilaisia tasoja oman suojan luomiseen esimerkiksi koiria vastaan. T\u00e4ss\u00e4 raapimapuu on kaikki tarvittava yhden tai useamman kissan iloksi. Voit tulla katsomaan mallia.<\/p>\n<p>Korkeus: 170 cm<br \/>\nPohjan mitat: 55,5 x 55,5 cm<br \/>\nUlkonevan pes\u00e4n halkaisija: 28 cm<br \/>\nHuipulla oleva alusta ulkoa 30 cm, sis\u00e4puolelta 20 cm halkaisijaltaan.<\/p>\n<p>Tuotteen paino: 18,2 kg<br \/>\nTuotteen paino pakkauksen kanssa: 19,4 kg<br \/>\nPakkauksen mitat: 58 * 58 * 28 cm<\/p>\n","protected":false},"featured_media":20208,"template":"","meta":[],"product_brand":[],"product_cat":[267],"product_tag":[],"class_list":{"0":"post-31277","1":"product","2":"type-product","3":"status-publish","4":"has-post-thumbnail","6":"product_cat-isoja-raapimispuut","7":"product_shipping_class-pakiautomaati-sobimatu-fi","9":"first","10":"instock","11":"sale","12":"taxable","13":"shipping-taxable","14":"purchasable","15":"product-type-simple"},"yoast_head":"<!-- This site is optimized with the Yoast SEO plugin v27.2 - https:\/\/yoast.com\/product\/yoast-seo-wordpress\/ -->\n<title>Kissan kiipeilypuu 18007, 170cm - MiuMjau<\/title>\n<meta name=\"description\" content=\"Kissan kiipeilypuu, joka vie mahdollisimman v\u00e4h\u00e4n tilaa leveydelt\u00e4 mutta tarjoaa kissalle paljon eri vaihtoehtoja korkeussuunnassa. Paljon raapimismahdollisuuksia!\" \/>\n<meta name=\"robots\" content=\"index, follow, max-snippet:-1, max-image-preview:large, max-video-preview:-1\" \/>\n<link rel=\"canonical\" href=\"https:\/\/miumjau.ee\/fi\/tuote\/kissan-kiipeilypuu-18007-170cm\/\" \/>\n<meta property=\"og:locale\" content=\"fi_FI\" \/>\n<meta property=\"og:type\" content=\"article\" \/>\n<meta property=\"og:title\" content=\"Kissan kiipeilypuu 18007, 170cm - MiuMjau\" \/>\n<meta property=\"og:description\" content=\"Kissan kiipeilypuu, joka vie mahdollisimman v\u00e4h\u00e4n tilaa leveydelt\u00e4 mutta tarjoaa kissalle paljon eri vaihtoehtoja korkeussuunnassa. Paljon raapimismahdollisuuksia!\" \/>\n<meta property=\"og:url\" content=\"https:\/\/miumjau.ee\/fi\/tuote\/kissan-kiipeilypuu-18007-170cm\/\" \/>\n<meta property=\"og:site_name\" content=\"MiuMjau\" \/>\n<meta property=\"article:publisher\" content=\"https:\/\/www.facebook.com\/miumjaupood\/\" \/>\n<meta property=\"article:modified_time\" content=\"2026-01-07T20:51:26+00:00\" \/>\n<meta property=\"og:image\" content=\"https:\/\/miumjau.ee\/wp-content\/uploads\/2023\/02\/KRAAPIMISPUU_180072.jpg\" \/>\n\t<meta property=\"og:image:width\" content=\"600\" \/>\n\t<meta property=\"og:image:height\" content=\"600\" \/>\n\t<meta property=\"og:image:type\" content=\"image\/jpeg\" \/>\n<meta name=\"twitter:card\" content=\"summary_large_image\" \/>\n<script type=\"application\/ld+json\" class=\"yoast-schema-graph\">{\"@context\":\"https:\/\/schema.org\",\"@graph\":[{\"@type\":\"WebPage\",\"@id\":\"https:\/\/miumjau.ee\/fi\/tuote\/kissan-kiipeilypuu-18007-170cm\/\",\"url\":\"https:\/\/miumjau.ee\/fi\/tuote\/kissan-kiipeilypuu-18007-170cm\/\",\"name\":\"Kissan kiipeilypuu 18007, 170cm - MiuMjau\",\"isPartOf\":{\"@id\":\"https:\/\/miumjau.ee\/#website\"},\"primaryImageOfPage\":{\"@id\":\"https:\/\/miumjau.ee\/fi\/tuote\/kissan-kiipeilypuu-18007-170cm\/#primaryimage\"},\"image\":{\"@id\":\"https:\/\/miumjau.ee\/fi\/tuote\/kissan-kiipeilypuu-18007-170cm\/#primaryimage\"},\"thumbnailUrl\":\"https:\/\/miumjau.ee\/wp-content\/uploads\/2023\/02\/KRAAPIMISPUU_180072.jpg\",\"datePublished\":\"2023-02-18T15:31:25+00:00\",\"dateModified\":\"2026-01-07T20:51:26+00:00\",\"description\":\"Kissan kiipeilypuu, joka vie mahdollisimman v\u00e4h\u00e4n tilaa leveydelt\u00e4 mutta tarjoaa kissalle paljon eri vaihtoehtoja korkeussuunnassa. Paljon raapimismahdollisuuksia!\",\"breadcrumb\":{\"@id\":\"https:\/\/miumjau.ee\/fi\/tuote\/kissan-kiipeilypuu-18007-170cm\/#breadcrumb\"},\"inLanguage\":\"fi\",\"potentialAction\":[{\"@type\":\"ReadAction\",\"target\":[\"https:\/\/miumjau.ee\/fi\/tuote\/kissan-kiipeilypuu-18007-170cm\/\"]}]},{\"@type\":\"ImageObject\",\"inLanguage\":\"fi\",\"@id\":\"https:\/\/miumjau.ee\/fi\/tuote\/kissan-kiipeilypuu-18007-170cm\/#primaryimage\",\"url\":\"https:\/\/miumjau.ee\/wp-content\/uploads\/2023\/02\/KRAAPIMISPUU_180072.jpg\",\"contentUrl\":\"https:\/\/miumjau.ee\/wp-content\/uploads\/2023\/02\/KRAAPIMISPUU_180072.jpg\",\"width\":600,\"height\":600},{\"@type\":\"BreadcrumbList\",\"@id\":\"https:\/\/miumjau.ee\/fi\/tuote\/kissan-kiipeilypuu-18007-170cm\/#breadcrumb\",\"itemListElement\":[{\"@type\":\"ListItem\",\"position\":1,\"name\":\"Home\",\"item\":\"https:\/\/miumjau.ee\/fi\/\"},{\"@type\":\"ListItem\",\"position\":2,\"name\":\"Kauppa\",\"item\":\"https:\/\/miumjau.ee\/fi\/kauppa\/\"},{\"@type\":\"ListItem\",\"position\":3,\"name\":\"Kissan kiipeilypuu 18007, 170cm\"}]},{\"@type\":\"WebSite\",\"@id\":\"https:\/\/miumjau.ee\/#website\",\"url\":\"https:\/\/miumjau.ee\/\",\"name\":\"MiuMjau\",\"description\":\"Kraapimispuud kassidele\",\"publisher\":{\"@id\":\"https:\/\/miumjau.ee\/#organization\"},\"potentialAction\":[{\"@type\":\"SearchAction\",\"target\":{\"@type\":\"EntryPoint\",\"urlTemplate\":\"https:\/\/miumjau.ee\/?s={search_term_string}\"},\"query-input\":{\"@type\":\"PropertyValueSpecification\",\"valueRequired\":true,\"valueName\":\"search_term_string\"}}],\"inLanguage\":\"fi\"},{\"@type\":\"Organization\",\"@id\":\"https:\/\/miumjau.ee\/#organization\",\"name\":\"MiuMjau O\u00dc\",\"url\":\"https:\/\/miumjau.ee\/\",\"logo\":{\"@type\":\"ImageObject\",\"inLanguage\":\"fi\",\"@id\":\"https:\/\/miumjau.ee\/#\/schema\/logo\/image\/\",\"url\":\"https:\/\/miumjau.ee\/wp-content\/uploads\/2022\/04\/MiuMjau-logo-kollane.png\",\"contentUrl\":\"https:\/\/miumjau.ee\/wp-content\/uploads\/2022\/04\/MiuMjau-logo-kollane.png\",\"width\":219,\"height\":100,\"caption\":\"MiuMjau O\u00dc\"},\"image\":{\"@id\":\"https:\/\/miumjau.ee\/#\/schema\/logo\/image\/\"},\"sameAs\":[\"https:\/\/www.facebook.com\/miumjaupood\/\"]}]}<\/script>\n<!-- \/ Yoast SEO plugin. -->","yoast_head_json":{"title":"Kissan kiipeilypuu 18007, 170cm - MiuMjau","description":"Kissan kiipeilypuu, joka vie mahdollisimman v\u00e4h\u00e4n tilaa leveydelt\u00e4 mutta tarjoaa kissalle paljon eri vaihtoehtoja korkeussuunnassa. Paljon raapimismahdollisuuksia!","robots":{"index":"index","follow":"follow","max-snippet":"max-snippet:-1","max-image-preview":"max-image-preview:large","max-video-preview":"max-video-preview:-1"},"canonical":"https:\/\/miumjau.ee\/fi\/tuote\/kissan-kiipeilypuu-18007-170cm\/","og_locale":"fi_FI","og_type":"article","og_title":"Kissan kiipeilypuu 18007, 170cm - MiuMjau","og_description":"Kissan kiipeilypuu, joka vie mahdollisimman v\u00e4h\u00e4n tilaa leveydelt\u00e4 mutta tarjoaa kissalle paljon eri vaihtoehtoja korkeussuunnassa. Paljon raapimismahdollisuuksia!","og_url":"https:\/\/miumjau.ee\/fi\/tuote\/kissan-kiipeilypuu-18007-170cm\/","og_site_name":"MiuMjau","article_publisher":"https:\/\/www.facebook.com\/miumjaupood\/","article_modified_time":"2026-01-07T20:51:26+00:00","og_image":[{"width":600,"height":600,"url":"https:\/\/miumjau.ee\/wp-content\/uploads\/2023\/02\/KRAAPIMISPUU_180072.jpg","type":"image\/jpeg"}],"twitter_card":"summary_large_image","schema":{"@context":"https:\/\/schema.org","@graph":[{"@type":"WebPage","@id":"https:\/\/miumjau.ee\/fi\/tuote\/kissan-kiipeilypuu-18007-170cm\/","url":"https:\/\/miumjau.ee\/fi\/tuote\/kissan-kiipeilypuu-18007-170cm\/","name":"Kissan kiipeilypuu 18007, 170cm - MiuMjau","isPartOf":{"@id":"https:\/\/miumjau.ee\/#website"},"primaryImageOfPage":{"@id":"https:\/\/miumjau.ee\/fi\/tuote\/kissan-kiipeilypuu-18007-170cm\/#primaryimage"},"image":{"@id":"https:\/\/miumjau.ee\/fi\/tuote\/kissan-kiipeilypuu-18007-170cm\/#primaryimage"},"thumbnailUrl":"https:\/\/miumjau.ee\/wp-content\/uploads\/2023\/02\/KRAAPIMISPUU_180072.jpg","datePublished":"2023-02-18T15:31:25+00:00","dateModified":"2026-01-07T20:51:26+00:00","description":"Kissan kiipeilypuu, joka vie mahdollisimman v\u00e4h\u00e4n tilaa leveydelt\u00e4 mutta tarjoaa kissalle paljon eri vaihtoehtoja korkeussuunnassa. Paljon raapimismahdollisuuksia!","breadcrumb":{"@id":"https:\/\/miumjau.ee\/fi\/tuote\/kissan-kiipeilypuu-18007-170cm\/#breadcrumb"},"inLanguage":"fi","potentialAction":[{"@type":"ReadAction","target":["https:\/\/miumjau.ee\/fi\/tuote\/kissan-kiipeilypuu-18007-170cm\/"]}]},{"@type":"ImageObject","inLanguage":"fi","@id":"https:\/\/miumjau.ee\/fi\/tuote\/kissan-kiipeilypuu-18007-170cm\/#primaryimage","url":"https:\/\/miumjau.ee\/wp-content\/uploads\/2023\/02\/KRAAPIMISPUU_180072.jpg","contentUrl":"https:\/\/miumjau.ee\/wp-content\/uploads\/2023\/02\/KRAAPIMISPUU_180072.jpg","width":600,"height":600},{"@type":"BreadcrumbList","@id":"https:\/\/miumjau.ee\/fi\/tuote\/kissan-kiipeilypuu-18007-170cm\/#breadcrumb","itemListElement":[{"@type":"ListItem","position":1,"name":"Home","item":"https:\/\/miumjau.ee\/fi\/"},{"@type":"ListItem","position":2,"name":"Kauppa","item":"https:\/\/miumjau.ee\/fi\/kauppa\/"},{"@type":"ListItem","position":3,"name":"Kissan kiipeilypuu 18007, 170cm"}]},{"@type":"WebSite","@id":"https:\/\/miumjau.ee\/#website","url":"https:\/\/miumjau.ee\/","name":"MiuMjau","description":"Kraapimispuud kassidele","publisher":{"@id":"https:\/\/miumjau.ee\/#organization"},"potentialAction":[{"@type":"SearchAction","target":{"@type":"EntryPoint","urlTemplate":"https:\/\/miumjau.ee\/?s={search_term_string}"},"query-input":{"@type":"PropertyValueSpecification","valueRequired":true,"valueName":"search_term_string"}}],"inLanguage":"fi"},{"@type":"Organization","@id":"https:\/\/miumjau.ee\/#organization","name":"MiuMjau O\u00dc","url":"https:\/\/miumjau.ee\/","logo":{"@type":"ImageObject","inLanguage":"fi","@id":"https:\/\/miumjau.ee\/#\/schema\/logo\/image\/","url":"https:\/\/miumjau.ee\/wp-content\/uploads\/2022\/04\/MiuMjau-logo-kollane.png","contentUrl":"https:\/\/miumjau.ee\/wp-content\/uploads\/2022\/04\/MiuMjau-logo-kollane.png","width":219,"height":100,"caption":"MiuMjau O\u00dc"},"image":{"@id":"https:\/\/miumjau.ee\/#\/schema\/logo\/image\/"},"sameAs":["https:\/\/www.facebook.com\/miumjaupood\/"]}]}},"_links":{"self":[{"href":"https:\/\/miumjau.ee\/fi\/wp-json\/wp\/v2\/product\/31277","targetHints":{"allow":["GET"]}}],"collection":[{"href":"https:\/\/miumjau.ee\/fi\/wp-json\/wp\/v2\/product"}],"about":[{"href":"https:\/\/miumjau.ee\/fi\/wp-json\/wp\/v2\/types\/product"}],"wp:featuredmedia":[{"embeddable":true,"href":"https:\/\/miumjau.ee\/fi\/wp-json\/wp\/v2\/media\/20208"}],"wp:attachment":[{"href":"https:\/\/miumjau.ee\/fi\/wp-json\/wp\/v2\/media?parent=31277"}],"wp:term":[{"taxonomy":"product_brand","embeddable":true,"href":"https:\/\/miumjau.ee\/fi\/wp-json\/wp\/v2\/product_brand?post=31277"},{"taxonomy":"product_cat","embeddable":true,"href":"https:\/\/miumjau.ee\/fi\/wp-json\/wp\/v2\/product_cat?post=31277"},{"taxonomy":"product_tag","embeddable":true,"href":"https:\/\/miumjau.ee\/fi\/wp-json\/wp\/v2\/product_tag?post=31277"}],"curies":[{"name":"wp","href":"https:\/\/api.w.org\/{rel}","templated":true}]}}