{"id":31272,"date":"2022-06-29T11:46:54","date_gmt":"2022-06-29T08:46:54","guid":{"rendered":"https:\/\/miumjau.ee\/toode\/kissanlelu-hoyhenilla-60-cm-2\/"},"modified":"2026-01-07T22:51:33","modified_gmt":"2026-01-07T20:51:33","slug":"kissanlelu-hoyhenilla-60-cm-2","status":"publish","type":"product","link":"https:\/\/miumjau.ee\/fi\/tuote\/kissanlelu-hoyhenilla-60-cm-2\/","title":{"rendered":"Kissanlelu h\u00f6yhenill\u00e4 60 cm"},"content":{"rendered":"","protected":false},"excerpt":{"rendered":"<p>Kissan lelu h\u00f6yhenill\u00e4 on yksi suosituimmista leluista juuri siksi, ett\u00e4 h\u00f6yhenet saavat useimmat kissat melkein hulluksi. Ne muistuttavat lintuja, joita kissat haluaisivat pyydyst\u00e4\u00e4. Lis\u00e4ksi lelussa on kilisev\u00e4 kelloke. Ihanat kissamallit demonstroivat lelun suosiota valokuvasessiossa onnistuneesti.<\/p>\n<p>HUOM! V\u00e4ri on sattumanvarainen. Jos haluat tietyn s\u00e4vyn, joka n\u00e4kyy kuvassa, kirjoita se ostosivun lis\u00e4tieto-kentt\u00e4\u00e4n.<\/p>\n<p>Hauskuuta my\u00f6s sinun kissallesi!<\/p>\n<p>Lelun kokopituus: noin 60 cm<br \/>\nH\u00f6yhenosat pituus jopa 12 cm<\/p>\n<p>Tuote on heti saatavilla!<\/p>\n","protected":false},"featured_media":2340,"template":"","meta":[],"product_brand":[],"product_cat":[261],"product_tag":[],"class_list":{"0":"post-31272","1":"product","2":"type-product","3":"status-publish","4":"has-post-thumbnail","6":"product_cat-lelut","8":"first","9":"instock","10":"taxable","11":"shipping-taxable","12":"purchasable","13":"product-type-simple"},"yoast_head":"<!-- This site is optimized with the Yoast SEO plugin v27.4 - https:\/\/yoast.com\/product\/yoast-seo-wordpress\/ -->\n<title>Kissanlelu h\u00f6yhenill\u00e4 60 cm - MiuMjau<\/title>\n<meta name=\"description\" content=\"L\u00f6yd\u00e4t verkkokaupastamme laajan valikoiman leluja rakkaalle kissallesi. Meill\u00e4 on kaikki mit\u00e4 h\u00e4n tarvitsee nauttiakseen pelist\u00e4!\" \/>\n<meta name=\"robots\" content=\"index, follow, max-snippet:-1, max-image-preview:large, max-video-preview:-1\" \/>\n<link rel=\"canonical\" href=\"https:\/\/miumjau.ee\/fi\/tuote\/kissanlelu-hoyhenilla-60-cm-2\/\" \/>\n<meta property=\"og:locale\" content=\"fi_FI\" \/>\n<meta property=\"og:type\" content=\"article\" \/>\n<meta property=\"og:title\" content=\"Kissanlelu h\u00f6yhenill\u00e4 60 cm - MiuMjau\" \/>\n<meta property=\"og:description\" content=\"L\u00f6yd\u00e4t verkkokaupastamme laajan valikoiman leluja rakkaalle kissallesi. Meill\u00e4 on kaikki mit\u00e4 h\u00e4n tarvitsee nauttiakseen pelist\u00e4!\" \/>\n<meta property=\"og:url\" content=\"https:\/\/miumjau.ee\/fi\/tuote\/kissanlelu-hoyhenilla-60-cm-2\/\" \/>\n<meta property=\"og:site_name\" content=\"MiuMjau\" \/>\n<meta property=\"article:publisher\" content=\"https:\/\/www.facebook.com\/miumjaupood\/\" \/>\n<meta property=\"article:modified_time\" content=\"2026-01-07T20:51:33+00:00\" \/>\n<meta name=\"twitter:card\" content=\"summary_large_image\" \/>\n<script type=\"application\/ld+json\" class=\"yoast-schema-graph\">{\"@context\":\"https:\\\/\\\/schema.org\",\"@graph\":[{\"@type\":\"WebPage\",\"@id\":\"https:\\\/\\\/miumjau.ee\\\/fi\\\/tuote\\\/kissanlelu-hoyhenilla-60-cm-2\\\/\",\"url\":\"https:\\\/\\\/miumjau.ee\\\/fi\\\/tuote\\\/kissanlelu-hoyhenilla-60-cm-2\\\/\",\"name\":\"Kissanlelu h\u00f6yhenill\u00e4 60 cm - MiuMjau\",\"isPartOf\":{\"@id\":\"https:\\\/\\\/miumjau.ee\\\/#website\"},\"primaryImageOfPage\":{\"@id\":\"https:\\\/\\\/miumjau.ee\\\/fi\\\/tuote\\\/kissanlelu-hoyhenilla-60-cm-2\\\/#primaryimage\"},\"image\":{\"@id\":\"https:\\\/\\\/miumjau.ee\\\/fi\\\/tuote\\\/kissanlelu-hoyhenilla-60-cm-2\\\/#primaryimage\"},\"thumbnailUrl\":\"https:\\\/\\\/miumjau.ee\\\/wp-content\\\/uploads\\\/2022\\\/06\\\/kassi_manguasjad_sulgedega3.jpg\",\"datePublished\":\"2022-06-29T08:46:54+00:00\",\"dateModified\":\"2026-01-07T20:51:33+00:00\",\"description\":\"L\u00f6yd\u00e4t verkkokaupastamme laajan valikoiman leluja rakkaalle kissallesi. Meill\u00e4 on kaikki mit\u00e4 h\u00e4n tarvitsee nauttiakseen pelist\u00e4!\",\"breadcrumb\":{\"@id\":\"https:\\\/\\\/miumjau.ee\\\/fi\\\/tuote\\\/kissanlelu-hoyhenilla-60-cm-2\\\/#breadcrumb\"},\"inLanguage\":\"fi\",\"potentialAction\":[{\"@type\":\"ReadAction\",\"target\":[\"https:\\\/\\\/miumjau.ee\\\/fi\\\/tuote\\\/kissanlelu-hoyhenilla-60-cm-2\\\/\"]}]},{\"@type\":\"ImageObject\",\"inLanguage\":\"fi\",\"@id\":\"https:\\\/\\\/miumjau.ee\\\/fi\\\/tuote\\\/kissanlelu-hoyhenilla-60-cm-2\\\/#primaryimage\",\"url\":\"https:\\\/\\\/miumjau.ee\\\/wp-content\\\/uploads\\\/2022\\\/06\\\/kassi_manguasjad_sulgedega3.jpg\",\"contentUrl\":\"https:\\\/\\\/miumjau.ee\\\/wp-content\\\/uploads\\\/2022\\\/06\\\/kassi_manguasjad_sulgedega3.jpg\",\"width\":600,\"height\":600,\"caption\":\"Kassi m\u00e4nguasjad sulgedega 60 cm\"},{\"@type\":\"BreadcrumbList\",\"@id\":\"https:\\\/\\\/miumjau.ee\\\/fi\\\/tuote\\\/kissanlelu-hoyhenilla-60-cm-2\\\/#breadcrumb\",\"itemListElement\":[{\"@type\":\"ListItem\",\"position\":1,\"name\":\"Home\",\"item\":\"https:\\\/\\\/miumjau.ee\\\/fi\\\/\"},{\"@type\":\"ListItem\",\"position\":2,\"name\":\"Kauppa\",\"item\":\"https:\\\/\\\/miumjau.ee\\\/fi\\\/kauppa\\\/\"},{\"@type\":\"ListItem\",\"position\":3,\"name\":\"Kissanlelu h\u00f6yhenill\u00e4 60 cm\"}]},{\"@type\":\"WebSite\",\"@id\":\"https:\\\/\\\/miumjau.ee\\\/#website\",\"url\":\"https:\\\/\\\/miumjau.ee\\\/\",\"name\":\"MiuMjau\",\"description\":\"Kraapimispuud kassidele\",\"publisher\":{\"@id\":\"https:\\\/\\\/miumjau.ee\\\/#organization\"},\"potentialAction\":[{\"@type\":\"SearchAction\",\"target\":{\"@type\":\"EntryPoint\",\"urlTemplate\":\"https:\\\/\\\/miumjau.ee\\\/?s={search_term_string}\"},\"query-input\":{\"@type\":\"PropertyValueSpecification\",\"valueRequired\":true,\"valueName\":\"search_term_string\"}}],\"inLanguage\":\"fi\"},{\"@type\":\"Organization\",\"@id\":\"https:\\\/\\\/miumjau.ee\\\/#organization\",\"name\":\"MiuMjau O\u00dc\",\"url\":\"https:\\\/\\\/miumjau.ee\\\/\",\"logo\":{\"@type\":\"ImageObject\",\"inLanguage\":\"fi\",\"@id\":\"https:\\\/\\\/miumjau.ee\\\/#\\\/schema\\\/logo\\\/image\\\/\",\"url\":\"https:\\\/\\\/miumjau.ee\\\/wp-content\\\/uploads\\\/2022\\\/04\\\/MiuMjau-logo-kollane.png\",\"contentUrl\":\"https:\\\/\\\/miumjau.ee\\\/wp-content\\\/uploads\\\/2022\\\/04\\\/MiuMjau-logo-kollane.png\",\"width\":219,\"height\":100,\"caption\":\"MiuMjau O\u00dc\"},\"image\":{\"@id\":\"https:\\\/\\\/miumjau.ee\\\/#\\\/schema\\\/logo\\\/image\\\/\"},\"sameAs\":[\"https:\\\/\\\/www.facebook.com\\\/miumjaupood\\\/\"]}]}<\/script>\n<!-- \/ Yoast SEO plugin. -->","yoast_head_json":{"title":"Kissanlelu h\u00f6yhenill\u00e4 60 cm - MiuMjau","description":"L\u00f6yd\u00e4t verkkokaupastamme laajan valikoiman leluja rakkaalle kissallesi. Meill\u00e4 on kaikki mit\u00e4 h\u00e4n tarvitsee nauttiakseen pelist\u00e4!","robots":{"index":"index","follow":"follow","max-snippet":"max-snippet:-1","max-image-preview":"max-image-preview:large","max-video-preview":"max-video-preview:-1"},"canonical":"https:\/\/miumjau.ee\/fi\/tuote\/kissanlelu-hoyhenilla-60-cm-2\/","og_locale":"fi_FI","og_type":"article","og_title":"Kissanlelu h\u00f6yhenill\u00e4 60 cm - MiuMjau","og_description":"L\u00f6yd\u00e4t verkkokaupastamme laajan valikoiman leluja rakkaalle kissallesi. Meill\u00e4 on kaikki mit\u00e4 h\u00e4n tarvitsee nauttiakseen pelist\u00e4!","og_url":"https:\/\/miumjau.ee\/fi\/tuote\/kissanlelu-hoyhenilla-60-cm-2\/","og_site_name":"MiuMjau","article_publisher":"https:\/\/www.facebook.com\/miumjaupood\/","article_modified_time":"2026-01-07T20:51:33+00:00","twitter_card":"summary_large_image","schema":{"@context":"https:\/\/schema.org","@graph":[{"@type":"WebPage","@id":"https:\/\/miumjau.ee\/fi\/tuote\/kissanlelu-hoyhenilla-60-cm-2\/","url":"https:\/\/miumjau.ee\/fi\/tuote\/kissanlelu-hoyhenilla-60-cm-2\/","name":"Kissanlelu h\u00f6yhenill\u00e4 60 cm - MiuMjau","isPartOf":{"@id":"https:\/\/miumjau.ee\/#website"},"primaryImageOfPage":{"@id":"https:\/\/miumjau.ee\/fi\/tuote\/kissanlelu-hoyhenilla-60-cm-2\/#primaryimage"},"image":{"@id":"https:\/\/miumjau.ee\/fi\/tuote\/kissanlelu-hoyhenilla-60-cm-2\/#primaryimage"},"thumbnailUrl":"https:\/\/miumjau.ee\/wp-content\/uploads\/2022\/06\/kassi_manguasjad_sulgedega3.jpg","datePublished":"2022-06-29T08:46:54+00:00","dateModified":"2026-01-07T20:51:33+00:00","description":"L\u00f6yd\u00e4t verkkokaupastamme laajan valikoiman leluja rakkaalle kissallesi. Meill\u00e4 on kaikki mit\u00e4 h\u00e4n tarvitsee nauttiakseen pelist\u00e4!","breadcrumb":{"@id":"https:\/\/miumjau.ee\/fi\/tuote\/kissanlelu-hoyhenilla-60-cm-2\/#breadcrumb"},"inLanguage":"fi","potentialAction":[{"@type":"ReadAction","target":["https:\/\/miumjau.ee\/fi\/tuote\/kissanlelu-hoyhenilla-60-cm-2\/"]}]},{"@type":"ImageObject","inLanguage":"fi","@id":"https:\/\/miumjau.ee\/fi\/tuote\/kissanlelu-hoyhenilla-60-cm-2\/#primaryimage","url":"https:\/\/miumjau.ee\/wp-content\/uploads\/2022\/06\/kassi_manguasjad_sulgedega3.jpg","contentUrl":"https:\/\/miumjau.ee\/wp-content\/uploads\/2022\/06\/kassi_manguasjad_sulgedega3.jpg","width":600,"height":600,"caption":"Kassi m\u00e4nguasjad sulgedega 60 cm"},{"@type":"BreadcrumbList","@id":"https:\/\/miumjau.ee\/fi\/tuote\/kissanlelu-hoyhenilla-60-cm-2\/#breadcrumb","itemListElement":[{"@type":"ListItem","position":1,"name":"Home","item":"https:\/\/miumjau.ee\/fi\/"},{"@type":"ListItem","position":2,"name":"Kauppa","item":"https:\/\/miumjau.ee\/fi\/kauppa\/"},{"@type":"ListItem","position":3,"name":"Kissanlelu h\u00f6yhenill\u00e4 60 cm"}]},{"@type":"WebSite","@id":"https:\/\/miumjau.ee\/#website","url":"https:\/\/miumjau.ee\/","name":"MiuMjau","description":"Kraapimispuud kassidele","publisher":{"@id":"https:\/\/miumjau.ee\/#organization"},"potentialAction":[{"@type":"SearchAction","target":{"@type":"EntryPoint","urlTemplate":"https:\/\/miumjau.ee\/?s={search_term_string}"},"query-input":{"@type":"PropertyValueSpecification","valueRequired":true,"valueName":"search_term_string"}}],"inLanguage":"fi"},{"@type":"Organization","@id":"https:\/\/miumjau.ee\/#organization","name":"MiuMjau O\u00dc","url":"https:\/\/miumjau.ee\/","logo":{"@type":"ImageObject","inLanguage":"fi","@id":"https:\/\/miumjau.ee\/#\/schema\/logo\/image\/","url":"https:\/\/miumjau.ee\/wp-content\/uploads\/2022\/04\/MiuMjau-logo-kollane.png","contentUrl":"https:\/\/miumjau.ee\/wp-content\/uploads\/2022\/04\/MiuMjau-logo-kollane.png","width":219,"height":100,"caption":"MiuMjau O\u00dc"},"image":{"@id":"https:\/\/miumjau.ee\/#\/schema\/logo\/image\/"},"sameAs":["https:\/\/www.facebook.com\/miumjaupood\/"]}]}},"_links":{"self":[{"href":"https:\/\/miumjau.ee\/fi\/wp-json\/wp\/v2\/product\/31272","targetHints":{"allow":["GET"]}}],"collection":[{"href":"https:\/\/miumjau.ee\/fi\/wp-json\/wp\/v2\/product"}],"about":[{"href":"https:\/\/miumjau.ee\/fi\/wp-json\/wp\/v2\/types\/product"}],"wp:featuredmedia":[{"embeddable":true,"href":"https:\/\/miumjau.ee\/fi\/wp-json\/wp\/v2\/media\/2340"}],"wp:attachment":[{"href":"https:\/\/miumjau.ee\/fi\/wp-json\/wp\/v2\/media?parent=31272"}],"wp:term":[{"taxonomy":"product_brand","embeddable":true,"href":"https:\/\/miumjau.ee\/fi\/wp-json\/wp\/v2\/product_brand?post=31272"},{"taxonomy":"product_cat","embeddable":true,"href":"https:\/\/miumjau.ee\/fi\/wp-json\/wp\/v2\/product_cat?post=31272"},{"taxonomy":"product_tag","embeddable":true,"href":"https:\/\/miumjau.ee\/fi\/wp-json\/wp\/v2\/product_tag?post=31272"}],"curies":[{"name":"wp","href":"https:\/\/api.w.org\/{rel}","templated":true}]}}