{"id":31268,"date":"2023-10-28T06:15:24","date_gmt":"2023-10-28T03:15:24","guid":{"rendered":"https:\/\/miumjau.ee\/toode\/lelu-keppi-hoyhenilla-ja-kellolla\/"},"modified":"2026-01-07T22:51:33","modified_gmt":"2026-01-07T20:51:33","slug":"lelu-keppi-hoyhenilla-ja-kellolla","status":"publish","type":"product","link":"https:\/\/miumjau.ee\/fi\/tuote\/lelu-keppi-hoyhenilla-ja-kellolla\/","title":{"rendered":"Lelu &#8211; keppi h\u00f6yhenill\u00e4 ja kellolla"},"content":{"rendered":"","protected":false},"excerpt":{"rendered":"<p>Jokainen kissa haluaa silloin t\u00e4ll\u00f6in leikki\u00e4 omistajansa kanssa. Pitk\u00e4 keppi h\u00f6yhenill\u00e4 on t\u00e4h\u00e4n t\u00e4ydellinen, sill\u00e4 sit\u00e4 voi heitell\u00e4 hitaasti tai nopeasti huoneen yli, j\u00e4ljitellen saaliin liikett\u00e4. Kissa haluaa ehdottomasti saada liikkuvat h\u00f6yhenet kiinni.<\/p>\n<p>Keppi on 94 cm pitk\u00e4.<br \/>\nKoko lelun pituus, mukaan lukien keppi, naru ja h\u00f6yhenet, on noin 164 cm (+\/-).<\/p>\n<p>PS: V\u00e4ri on sattumanvarainen.<\/p>\n<p>Keppi koostuu kahdesta osasta, jotka t\u00e4ytyy yhdist\u00e4\u00e4. Kannattaa pit\u00e4\u00e4 kiinni kahden kepin liitoskohdasta ja puristaa se tiukasti yhteen.<\/p>\n","protected":false},"featured_media":20718,"template":"","meta":[],"product_brand":[],"product_cat":[261],"product_tag":[],"class_list":{"0":"post-31268","1":"product","2":"type-product","3":"status-publish","4":"has-post-thumbnail","6":"product_cat-lelut","8":"first","9":"instock","10":"taxable","11":"shipping-taxable","12":"purchasable","13":"product-type-simple"},"yoast_head":"<!-- This site is optimized with the Yoast SEO plugin v27.4 - https:\/\/yoast.com\/product\/yoast-seo-wordpress\/ -->\n<title>Lelu - keppi h\u00f6yhenill\u00e4 ja kellolla - MiuMjau<\/title>\n<meta name=\"description\" content=\"L\u00f6yd\u00e4t verkkokaupastamme laajan valikoiman leluja rakkaalle kissallesi. Meill\u00e4 on kaikki mit\u00e4 h\u00e4n tarvitsee nauttiakseen pelist\u00e4!\" \/>\n<meta name=\"robots\" content=\"index, follow, max-snippet:-1, max-image-preview:large, max-video-preview:-1\" \/>\n<link rel=\"canonical\" href=\"https:\/\/miumjau.ee\/fi\/tuote\/lelu-keppi-hoyhenilla-ja-kellolla\/\" \/>\n<meta property=\"og:locale\" content=\"fi_FI\" \/>\n<meta property=\"og:type\" content=\"article\" \/>\n<meta property=\"og:title\" content=\"Lelu - keppi h\u00f6yhenill\u00e4 ja kellolla - MiuMjau\" \/>\n<meta property=\"og:description\" content=\"L\u00f6yd\u00e4t verkkokaupastamme laajan valikoiman leluja rakkaalle kissallesi. Meill\u00e4 on kaikki mit\u00e4 h\u00e4n tarvitsee nauttiakseen pelist\u00e4!\" \/>\n<meta property=\"og:url\" content=\"https:\/\/miumjau.ee\/fi\/tuote\/lelu-keppi-hoyhenilla-ja-kellolla\/\" \/>\n<meta property=\"og:site_name\" content=\"MiuMjau\" \/>\n<meta property=\"article:publisher\" content=\"https:\/\/www.facebook.com\/miumjaupood\/\" \/>\n<meta property=\"article:modified_time\" content=\"2026-01-07T20:51:33+00:00\" \/>\n<meta property=\"og:image\" content=\"https:\/\/miumjau.ee\/wp-content\/uploads\/2023\/10\/pikk-pulk-sulgedega-kassi-manguasi1.jpg\" \/>\n\t<meta property=\"og:image:width\" content=\"600\" \/>\n\t<meta property=\"og:image:height\" content=\"600\" \/>\n\t<meta property=\"og:image:type\" content=\"image\/jpeg\" \/>\n<meta name=\"twitter:card\" content=\"summary_large_image\" \/>\n<script type=\"application\/ld+json\" class=\"yoast-schema-graph\">{\"@context\":\"https:\\\/\\\/schema.org\",\"@graph\":[{\"@type\":\"WebPage\",\"@id\":\"https:\\\/\\\/miumjau.ee\\\/fi\\\/tuote\\\/lelu-keppi-hoyhenilla-ja-kellolla\\\/\",\"url\":\"https:\\\/\\\/miumjau.ee\\\/fi\\\/tuote\\\/lelu-keppi-hoyhenilla-ja-kellolla\\\/\",\"name\":\"Lelu - keppi h\u00f6yhenill\u00e4 ja kellolla - MiuMjau\",\"isPartOf\":{\"@id\":\"https:\\\/\\\/miumjau.ee\\\/#website\"},\"primaryImageOfPage\":{\"@id\":\"https:\\\/\\\/miumjau.ee\\\/fi\\\/tuote\\\/lelu-keppi-hoyhenilla-ja-kellolla\\\/#primaryimage\"},\"image\":{\"@id\":\"https:\\\/\\\/miumjau.ee\\\/fi\\\/tuote\\\/lelu-keppi-hoyhenilla-ja-kellolla\\\/#primaryimage\"},\"thumbnailUrl\":\"https:\\\/\\\/miumjau.ee\\\/wp-content\\\/uploads\\\/2023\\\/10\\\/pikk-pulk-sulgedega-kassi-manguasi1.jpg\",\"datePublished\":\"2023-10-28T03:15:24+00:00\",\"dateModified\":\"2026-01-07T20:51:33+00:00\",\"description\":\"L\u00f6yd\u00e4t verkkokaupastamme laajan valikoiman leluja rakkaalle kissallesi. Meill\u00e4 on kaikki mit\u00e4 h\u00e4n tarvitsee nauttiakseen pelist\u00e4!\",\"breadcrumb\":{\"@id\":\"https:\\\/\\\/miumjau.ee\\\/fi\\\/tuote\\\/lelu-keppi-hoyhenilla-ja-kellolla\\\/#breadcrumb\"},\"inLanguage\":\"fi\",\"potentialAction\":[{\"@type\":\"ReadAction\",\"target\":[\"https:\\\/\\\/miumjau.ee\\\/fi\\\/tuote\\\/lelu-keppi-hoyhenilla-ja-kellolla\\\/\"]}]},{\"@type\":\"ImageObject\",\"inLanguage\":\"fi\",\"@id\":\"https:\\\/\\\/miumjau.ee\\\/fi\\\/tuote\\\/lelu-keppi-hoyhenilla-ja-kellolla\\\/#primaryimage\",\"url\":\"https:\\\/\\\/miumjau.ee\\\/wp-content\\\/uploads\\\/2023\\\/10\\\/pikk-pulk-sulgedega-kassi-manguasi1.jpg\",\"contentUrl\":\"https:\\\/\\\/miumjau.ee\\\/wp-content\\\/uploads\\\/2023\\\/10\\\/pikk-pulk-sulgedega-kassi-manguasi1.jpg\",\"width\":600,\"height\":600},{\"@type\":\"BreadcrumbList\",\"@id\":\"https:\\\/\\\/miumjau.ee\\\/fi\\\/tuote\\\/lelu-keppi-hoyhenilla-ja-kellolla\\\/#breadcrumb\",\"itemListElement\":[{\"@type\":\"ListItem\",\"position\":1,\"name\":\"Home\",\"item\":\"https:\\\/\\\/miumjau.ee\\\/fi\\\/\"},{\"@type\":\"ListItem\",\"position\":2,\"name\":\"Kauppa\",\"item\":\"https:\\\/\\\/miumjau.ee\\\/fi\\\/kauppa\\\/\"},{\"@type\":\"ListItem\",\"position\":3,\"name\":\"Lelu &#8211; keppi h\u00f6yhenill\u00e4 ja kellolla\"}]},{\"@type\":\"WebSite\",\"@id\":\"https:\\\/\\\/miumjau.ee\\\/#website\",\"url\":\"https:\\\/\\\/miumjau.ee\\\/\",\"name\":\"MiuMjau\",\"description\":\"Kraapimispuud kassidele\",\"publisher\":{\"@id\":\"https:\\\/\\\/miumjau.ee\\\/#organization\"},\"potentialAction\":[{\"@type\":\"SearchAction\",\"target\":{\"@type\":\"EntryPoint\",\"urlTemplate\":\"https:\\\/\\\/miumjau.ee\\\/?s={search_term_string}\"},\"query-input\":{\"@type\":\"PropertyValueSpecification\",\"valueRequired\":true,\"valueName\":\"search_term_string\"}}],\"inLanguage\":\"fi\"},{\"@type\":\"Organization\",\"@id\":\"https:\\\/\\\/miumjau.ee\\\/#organization\",\"name\":\"MiuMjau O\u00dc\",\"url\":\"https:\\\/\\\/miumjau.ee\\\/\",\"logo\":{\"@type\":\"ImageObject\",\"inLanguage\":\"fi\",\"@id\":\"https:\\\/\\\/miumjau.ee\\\/#\\\/schema\\\/logo\\\/image\\\/\",\"url\":\"https:\\\/\\\/miumjau.ee\\\/wp-content\\\/uploads\\\/2022\\\/04\\\/MiuMjau-logo-kollane.png\",\"contentUrl\":\"https:\\\/\\\/miumjau.ee\\\/wp-content\\\/uploads\\\/2022\\\/04\\\/MiuMjau-logo-kollane.png\",\"width\":219,\"height\":100,\"caption\":\"MiuMjau O\u00dc\"},\"image\":{\"@id\":\"https:\\\/\\\/miumjau.ee\\\/#\\\/schema\\\/logo\\\/image\\\/\"},\"sameAs\":[\"https:\\\/\\\/www.facebook.com\\\/miumjaupood\\\/\"]}]}<\/script>\n<!-- \/ Yoast SEO plugin. -->","yoast_head_json":{"title":"Lelu - keppi h\u00f6yhenill\u00e4 ja kellolla - MiuMjau","description":"L\u00f6yd\u00e4t verkkokaupastamme laajan valikoiman leluja rakkaalle kissallesi. Meill\u00e4 on kaikki mit\u00e4 h\u00e4n tarvitsee nauttiakseen pelist\u00e4!","robots":{"index":"index","follow":"follow","max-snippet":"max-snippet:-1","max-image-preview":"max-image-preview:large","max-video-preview":"max-video-preview:-1"},"canonical":"https:\/\/miumjau.ee\/fi\/tuote\/lelu-keppi-hoyhenilla-ja-kellolla\/","og_locale":"fi_FI","og_type":"article","og_title":"Lelu - keppi h\u00f6yhenill\u00e4 ja kellolla - MiuMjau","og_description":"L\u00f6yd\u00e4t verkkokaupastamme laajan valikoiman leluja rakkaalle kissallesi. Meill\u00e4 on kaikki mit\u00e4 h\u00e4n tarvitsee nauttiakseen pelist\u00e4!","og_url":"https:\/\/miumjau.ee\/fi\/tuote\/lelu-keppi-hoyhenilla-ja-kellolla\/","og_site_name":"MiuMjau","article_publisher":"https:\/\/www.facebook.com\/miumjaupood\/","article_modified_time":"2026-01-07T20:51:33+00:00","og_image":[{"width":600,"height":600,"url":"https:\/\/miumjau.ee\/wp-content\/uploads\/2023\/10\/pikk-pulk-sulgedega-kassi-manguasi1.jpg","type":"image\/jpeg"}],"twitter_card":"summary_large_image","schema":{"@context":"https:\/\/schema.org","@graph":[{"@type":"WebPage","@id":"https:\/\/miumjau.ee\/fi\/tuote\/lelu-keppi-hoyhenilla-ja-kellolla\/","url":"https:\/\/miumjau.ee\/fi\/tuote\/lelu-keppi-hoyhenilla-ja-kellolla\/","name":"Lelu - keppi h\u00f6yhenill\u00e4 ja kellolla - MiuMjau","isPartOf":{"@id":"https:\/\/miumjau.ee\/#website"},"primaryImageOfPage":{"@id":"https:\/\/miumjau.ee\/fi\/tuote\/lelu-keppi-hoyhenilla-ja-kellolla\/#primaryimage"},"image":{"@id":"https:\/\/miumjau.ee\/fi\/tuote\/lelu-keppi-hoyhenilla-ja-kellolla\/#primaryimage"},"thumbnailUrl":"https:\/\/miumjau.ee\/wp-content\/uploads\/2023\/10\/pikk-pulk-sulgedega-kassi-manguasi1.jpg","datePublished":"2023-10-28T03:15:24+00:00","dateModified":"2026-01-07T20:51:33+00:00","description":"L\u00f6yd\u00e4t verkkokaupastamme laajan valikoiman leluja rakkaalle kissallesi. Meill\u00e4 on kaikki mit\u00e4 h\u00e4n tarvitsee nauttiakseen pelist\u00e4!","breadcrumb":{"@id":"https:\/\/miumjau.ee\/fi\/tuote\/lelu-keppi-hoyhenilla-ja-kellolla\/#breadcrumb"},"inLanguage":"fi","potentialAction":[{"@type":"ReadAction","target":["https:\/\/miumjau.ee\/fi\/tuote\/lelu-keppi-hoyhenilla-ja-kellolla\/"]}]},{"@type":"ImageObject","inLanguage":"fi","@id":"https:\/\/miumjau.ee\/fi\/tuote\/lelu-keppi-hoyhenilla-ja-kellolla\/#primaryimage","url":"https:\/\/miumjau.ee\/wp-content\/uploads\/2023\/10\/pikk-pulk-sulgedega-kassi-manguasi1.jpg","contentUrl":"https:\/\/miumjau.ee\/wp-content\/uploads\/2023\/10\/pikk-pulk-sulgedega-kassi-manguasi1.jpg","width":600,"height":600},{"@type":"BreadcrumbList","@id":"https:\/\/miumjau.ee\/fi\/tuote\/lelu-keppi-hoyhenilla-ja-kellolla\/#breadcrumb","itemListElement":[{"@type":"ListItem","position":1,"name":"Home","item":"https:\/\/miumjau.ee\/fi\/"},{"@type":"ListItem","position":2,"name":"Kauppa","item":"https:\/\/miumjau.ee\/fi\/kauppa\/"},{"@type":"ListItem","position":3,"name":"Lelu &#8211; keppi h\u00f6yhenill\u00e4 ja kellolla"}]},{"@type":"WebSite","@id":"https:\/\/miumjau.ee\/#website","url":"https:\/\/miumjau.ee\/","name":"MiuMjau","description":"Kraapimispuud kassidele","publisher":{"@id":"https:\/\/miumjau.ee\/#organization"},"potentialAction":[{"@type":"SearchAction","target":{"@type":"EntryPoint","urlTemplate":"https:\/\/miumjau.ee\/?s={search_term_string}"},"query-input":{"@type":"PropertyValueSpecification","valueRequired":true,"valueName":"search_term_string"}}],"inLanguage":"fi"},{"@type":"Organization","@id":"https:\/\/miumjau.ee\/#organization","name":"MiuMjau O\u00dc","url":"https:\/\/miumjau.ee\/","logo":{"@type":"ImageObject","inLanguage":"fi","@id":"https:\/\/miumjau.ee\/#\/schema\/logo\/image\/","url":"https:\/\/miumjau.ee\/wp-content\/uploads\/2022\/04\/MiuMjau-logo-kollane.png","contentUrl":"https:\/\/miumjau.ee\/wp-content\/uploads\/2022\/04\/MiuMjau-logo-kollane.png","width":219,"height":100,"caption":"MiuMjau O\u00dc"},"image":{"@id":"https:\/\/miumjau.ee\/#\/schema\/logo\/image\/"},"sameAs":["https:\/\/www.facebook.com\/miumjaupood\/"]}]}},"_links":{"self":[{"href":"https:\/\/miumjau.ee\/fi\/wp-json\/wp\/v2\/product\/31268","targetHints":{"allow":["GET"]}}],"collection":[{"href":"https:\/\/miumjau.ee\/fi\/wp-json\/wp\/v2\/product"}],"about":[{"href":"https:\/\/miumjau.ee\/fi\/wp-json\/wp\/v2\/types\/product"}],"wp:featuredmedia":[{"embeddable":true,"href":"https:\/\/miumjau.ee\/fi\/wp-json\/wp\/v2\/media\/20718"}],"wp:attachment":[{"href":"https:\/\/miumjau.ee\/fi\/wp-json\/wp\/v2\/media?parent=31268"}],"wp:term":[{"taxonomy":"product_brand","embeddable":true,"href":"https:\/\/miumjau.ee\/fi\/wp-json\/wp\/v2\/product_brand?post=31268"},{"taxonomy":"product_cat","embeddable":true,"href":"https:\/\/miumjau.ee\/fi\/wp-json\/wp\/v2\/product_cat?post=31268"},{"taxonomy":"product_tag","embeddable":true,"href":"https:\/\/miumjau.ee\/fi\/wp-json\/wp\/v2\/product_tag?post=31268"}],"curies":[{"name":"wp","href":"https:\/\/api.w.org\/{rel}","templated":true}]}}