{"id":31267,"date":"2023-01-16T07:35:35","date_gmt":"2023-01-16T05:35:35","guid":{"rendered":"https:\/\/miumjau.ee\/toode\/kissan-lelu-tikku-hoyhenilla-neon\/"},"modified":"2026-01-07T22:51:33","modified_gmt":"2026-01-07T20:51:33","slug":"kissan-lelu-tikku-hoyhenilla-neon","status":"publish","type":"product","link":"https:\/\/miumjau.ee\/fi\/tuote\/kissan-lelu-tikku-hoyhenilla-neon\/","title":{"rendered":"Kissan lelu, tikku h\u00f6yhenill\u00e4 neon"},"content":{"rendered":"","protected":false},"excerpt":{"rendered":"<p>Kissan lelu, joka on suunniteltu pelaamiseen kissan kanssa. Ved\u00e4 keppi\u00e4 maata pitkin tai ilmassa, ja kissa jahtaa sit\u00e4. Voit k\u00e4ytt\u00e4\u00e4 sit\u00e4 lyhyen\u00e4 (40 cm keppi) tai voit avata narun, jolloin se muuttuu lent\u00e4v\u00e4ksi h\u00f6yhenkimpuksi, joka muistuttaa saalista. Kun naru avataan, sen pituus on noin 41 cm. H\u00f6yhenten pituus jopa 18 cm. Kokonaispituus avattuna naru ja h\u00f6yhenet noin 98-101 cm.<\/p>\n<p>Koska h\u00f6yhenet on kudottu virkkauslangan sis\u00e4\u00e4n ja kissat saattavat hy\u00f6k\u00e4t\u00e4 niit\u00e4 hyvin voimakkaasti, ei t\u00e4m\u00e4 lelu kest\u00e4 kauan. Kuitenkin se tarjoaa paljon iloa. T\u00e4m\u00e4 on tietenkin otettu hinnassa huomioon \ud83d\ude42<\/p>\n<p>V\u00e4ri on satunnainen.<br \/>\nSaatavilla heti!<\/p>\n","protected":false},"featured_media":20179,"template":"","meta":[],"product_brand":[],"product_cat":[261],"product_tag":[],"class_list":{"0":"post-31267","1":"product","2":"type-product","3":"status-publish","4":"has-post-thumbnail","6":"product_cat-lelut","8":"first","9":"instock","10":"taxable","11":"shipping-taxable","12":"purchasable","13":"product-type-simple"},"yoast_head":"<!-- This site is optimized with the Yoast SEO plugin v27.4 - https:\/\/yoast.com\/product\/yoast-seo-wordpress\/ -->\n<title>Kissan lelu, tikku h\u00f6yhenill\u00e4 neon - MiuMjau<\/title>\n<meta name=\"robots\" content=\"index, follow, max-snippet:-1, max-image-preview:large, max-video-preview:-1\" \/>\n<link rel=\"canonical\" href=\"https:\/\/miumjau.ee\/fi\/tuote\/kissan-lelu-tikku-hoyhenilla-neon\/\" \/>\n<meta property=\"og:locale\" content=\"fi_FI\" \/>\n<meta property=\"og:type\" content=\"article\" \/>\n<meta property=\"og:title\" content=\"Kissan lelu, tikku h\u00f6yhenill\u00e4 neon - MiuMjau\" \/>\n<meta property=\"og:description\" content=\"Kissan lelu, joka on suunniteltu pelaamiseen kissan kanssa. Ved\u00e4 keppi\u00e4 maata pitkin tai ilmassa, ja kissa jahtaa sit\u00e4. Voit k\u00e4ytt\u00e4\u00e4 sit\u00e4 lyhyen\u00e4 (40 cm keppi) tai voit avata narun, jolloin se muuttuu lent\u00e4v\u00e4ksi h\u00f6yhenkimpuksi, joka muistuttaa saalista. Kun naru avataan, sen pituus on noin 41 cm. H\u00f6yhenten pituus jopa 18 cm. Kokonaispituus avattuna naru ja h\u00f6yhenet noin 98-101 cm.  Koska h\u00f6yhenet on kudottu virkkauslangan sis\u00e4\u00e4n ja kissat saattavat hy\u00f6k\u00e4t\u00e4 niit\u00e4 hyvin voimakkaasti, ei t\u00e4m\u00e4 lelu kest\u00e4 kauan. Kuitenkin se tarjoaa paljon iloa. T\u00e4m\u00e4 on tietenkin otettu hinnassa huomioon :)  V\u00e4ri on satunnainen. Saatavilla heti!\" \/>\n<meta property=\"og:url\" content=\"https:\/\/miumjau.ee\/fi\/tuote\/kissan-lelu-tikku-hoyhenilla-neon\/\" \/>\n<meta property=\"og:site_name\" content=\"MiuMjau\" \/>\n<meta property=\"article:publisher\" content=\"https:\/\/www.facebook.com\/miumjaupood\/\" \/>\n<meta property=\"article:modified_time\" content=\"2026-01-07T20:51:33+00:00\" \/>\n<meta property=\"og:image\" content=\"https:\/\/miumjau.ee\/wp-content\/uploads\/2023\/01\/kassi_manguasi_suled5.jpg\" \/>\n\t<meta property=\"og:image:width\" content=\"600\" \/>\n\t<meta property=\"og:image:height\" content=\"600\" \/>\n\t<meta property=\"og:image:type\" content=\"image\/jpeg\" \/>\n<meta name=\"twitter:card\" content=\"summary_large_image\" \/>\n<script type=\"application\/ld+json\" class=\"yoast-schema-graph\">{\"@context\":\"https:\\\/\\\/schema.org\",\"@graph\":[{\"@type\":\"WebPage\",\"@id\":\"https:\\\/\\\/miumjau.ee\\\/fi\\\/tuote\\\/kissan-lelu-tikku-hoyhenilla-neon\\\/\",\"url\":\"https:\\\/\\\/miumjau.ee\\\/fi\\\/tuote\\\/kissan-lelu-tikku-hoyhenilla-neon\\\/\",\"name\":\"Kissan lelu, tikku h\u00f6yhenill\u00e4 neon - MiuMjau\",\"isPartOf\":{\"@id\":\"https:\\\/\\\/miumjau.ee\\\/#website\"},\"primaryImageOfPage\":{\"@id\":\"https:\\\/\\\/miumjau.ee\\\/fi\\\/tuote\\\/kissan-lelu-tikku-hoyhenilla-neon\\\/#primaryimage\"},\"image\":{\"@id\":\"https:\\\/\\\/miumjau.ee\\\/fi\\\/tuote\\\/kissan-lelu-tikku-hoyhenilla-neon\\\/#primaryimage\"},\"thumbnailUrl\":\"https:\\\/\\\/miumjau.ee\\\/wp-content\\\/uploads\\\/2023\\\/01\\\/kassi_manguasi_suled5.jpg\",\"datePublished\":\"2023-01-16T05:35:35+00:00\",\"dateModified\":\"2026-01-07T20:51:33+00:00\",\"breadcrumb\":{\"@id\":\"https:\\\/\\\/miumjau.ee\\\/fi\\\/tuote\\\/kissan-lelu-tikku-hoyhenilla-neon\\\/#breadcrumb\"},\"inLanguage\":\"fi\",\"potentialAction\":[{\"@type\":\"ReadAction\",\"target\":[\"https:\\\/\\\/miumjau.ee\\\/fi\\\/tuote\\\/kissan-lelu-tikku-hoyhenilla-neon\\\/\"]}]},{\"@type\":\"ImageObject\",\"inLanguage\":\"fi\",\"@id\":\"https:\\\/\\\/miumjau.ee\\\/fi\\\/tuote\\\/kissan-lelu-tikku-hoyhenilla-neon\\\/#primaryimage\",\"url\":\"https:\\\/\\\/miumjau.ee\\\/wp-content\\\/uploads\\\/2023\\\/01\\\/kassi_manguasi_suled5.jpg\",\"contentUrl\":\"https:\\\/\\\/miumjau.ee\\\/wp-content\\\/uploads\\\/2023\\\/01\\\/kassi_manguasi_suled5.jpg\",\"width\":600,\"height\":600},{\"@type\":\"BreadcrumbList\",\"@id\":\"https:\\\/\\\/miumjau.ee\\\/fi\\\/tuote\\\/kissan-lelu-tikku-hoyhenilla-neon\\\/#breadcrumb\",\"itemListElement\":[{\"@type\":\"ListItem\",\"position\":1,\"name\":\"Home\",\"item\":\"https:\\\/\\\/miumjau.ee\\\/fi\\\/\"},{\"@type\":\"ListItem\",\"position\":2,\"name\":\"Kauppa\",\"item\":\"https:\\\/\\\/miumjau.ee\\\/fi\\\/kauppa\\\/\"},{\"@type\":\"ListItem\",\"position\":3,\"name\":\"Kissan lelu, tikku h\u00f6yhenill\u00e4 neon\"}]},{\"@type\":\"WebSite\",\"@id\":\"https:\\\/\\\/miumjau.ee\\\/#website\",\"url\":\"https:\\\/\\\/miumjau.ee\\\/\",\"name\":\"MiuMjau\",\"description\":\"Kraapimispuud kassidele\",\"publisher\":{\"@id\":\"https:\\\/\\\/miumjau.ee\\\/#organization\"},\"potentialAction\":[{\"@type\":\"SearchAction\",\"target\":{\"@type\":\"EntryPoint\",\"urlTemplate\":\"https:\\\/\\\/miumjau.ee\\\/?s={search_term_string}\"},\"query-input\":{\"@type\":\"PropertyValueSpecification\",\"valueRequired\":true,\"valueName\":\"search_term_string\"}}],\"inLanguage\":\"fi\"},{\"@type\":\"Organization\",\"@id\":\"https:\\\/\\\/miumjau.ee\\\/#organization\",\"name\":\"MiuMjau O\u00dc\",\"url\":\"https:\\\/\\\/miumjau.ee\\\/\",\"logo\":{\"@type\":\"ImageObject\",\"inLanguage\":\"fi\",\"@id\":\"https:\\\/\\\/miumjau.ee\\\/#\\\/schema\\\/logo\\\/image\\\/\",\"url\":\"https:\\\/\\\/miumjau.ee\\\/wp-content\\\/uploads\\\/2022\\\/04\\\/MiuMjau-logo-kollane.png\",\"contentUrl\":\"https:\\\/\\\/miumjau.ee\\\/wp-content\\\/uploads\\\/2022\\\/04\\\/MiuMjau-logo-kollane.png\",\"width\":219,\"height\":100,\"caption\":\"MiuMjau O\u00dc\"},\"image\":{\"@id\":\"https:\\\/\\\/miumjau.ee\\\/#\\\/schema\\\/logo\\\/image\\\/\"},\"sameAs\":[\"https:\\\/\\\/www.facebook.com\\\/miumjaupood\\\/\"]}]}<\/script>\n<!-- \/ Yoast SEO plugin. -->","yoast_head_json":{"title":"Kissan lelu, tikku h\u00f6yhenill\u00e4 neon - MiuMjau","robots":{"index":"index","follow":"follow","max-snippet":"max-snippet:-1","max-image-preview":"max-image-preview:large","max-video-preview":"max-video-preview:-1"},"canonical":"https:\/\/miumjau.ee\/fi\/tuote\/kissan-lelu-tikku-hoyhenilla-neon\/","og_locale":"fi_FI","og_type":"article","og_title":"Kissan lelu, tikku h\u00f6yhenill\u00e4 neon - MiuMjau","og_description":"Kissan lelu, joka on suunniteltu pelaamiseen kissan kanssa. Ved\u00e4 keppi\u00e4 maata pitkin tai ilmassa, ja kissa jahtaa sit\u00e4. Voit k\u00e4ytt\u00e4\u00e4 sit\u00e4 lyhyen\u00e4 (40 cm keppi) tai voit avata narun, jolloin se muuttuu lent\u00e4v\u00e4ksi h\u00f6yhenkimpuksi, joka muistuttaa saalista. Kun naru avataan, sen pituus on noin 41 cm. H\u00f6yhenten pituus jopa 18 cm. Kokonaispituus avattuna naru ja h\u00f6yhenet noin 98-101 cm.  Koska h\u00f6yhenet on kudottu virkkauslangan sis\u00e4\u00e4n ja kissat saattavat hy\u00f6k\u00e4t\u00e4 niit\u00e4 hyvin voimakkaasti, ei t\u00e4m\u00e4 lelu kest\u00e4 kauan. Kuitenkin se tarjoaa paljon iloa. T\u00e4m\u00e4 on tietenkin otettu hinnassa huomioon :)  V\u00e4ri on satunnainen. Saatavilla heti!","og_url":"https:\/\/miumjau.ee\/fi\/tuote\/kissan-lelu-tikku-hoyhenilla-neon\/","og_site_name":"MiuMjau","article_publisher":"https:\/\/www.facebook.com\/miumjaupood\/","article_modified_time":"2026-01-07T20:51:33+00:00","og_image":[{"width":600,"height":600,"url":"https:\/\/miumjau.ee\/wp-content\/uploads\/2023\/01\/kassi_manguasi_suled5.jpg","type":"image\/jpeg"}],"twitter_card":"summary_large_image","schema":{"@context":"https:\/\/schema.org","@graph":[{"@type":"WebPage","@id":"https:\/\/miumjau.ee\/fi\/tuote\/kissan-lelu-tikku-hoyhenilla-neon\/","url":"https:\/\/miumjau.ee\/fi\/tuote\/kissan-lelu-tikku-hoyhenilla-neon\/","name":"Kissan lelu, tikku h\u00f6yhenill\u00e4 neon - MiuMjau","isPartOf":{"@id":"https:\/\/miumjau.ee\/#website"},"primaryImageOfPage":{"@id":"https:\/\/miumjau.ee\/fi\/tuote\/kissan-lelu-tikku-hoyhenilla-neon\/#primaryimage"},"image":{"@id":"https:\/\/miumjau.ee\/fi\/tuote\/kissan-lelu-tikku-hoyhenilla-neon\/#primaryimage"},"thumbnailUrl":"https:\/\/miumjau.ee\/wp-content\/uploads\/2023\/01\/kassi_manguasi_suled5.jpg","datePublished":"2023-01-16T05:35:35+00:00","dateModified":"2026-01-07T20:51:33+00:00","breadcrumb":{"@id":"https:\/\/miumjau.ee\/fi\/tuote\/kissan-lelu-tikku-hoyhenilla-neon\/#breadcrumb"},"inLanguage":"fi","potentialAction":[{"@type":"ReadAction","target":["https:\/\/miumjau.ee\/fi\/tuote\/kissan-lelu-tikku-hoyhenilla-neon\/"]}]},{"@type":"ImageObject","inLanguage":"fi","@id":"https:\/\/miumjau.ee\/fi\/tuote\/kissan-lelu-tikku-hoyhenilla-neon\/#primaryimage","url":"https:\/\/miumjau.ee\/wp-content\/uploads\/2023\/01\/kassi_manguasi_suled5.jpg","contentUrl":"https:\/\/miumjau.ee\/wp-content\/uploads\/2023\/01\/kassi_manguasi_suled5.jpg","width":600,"height":600},{"@type":"BreadcrumbList","@id":"https:\/\/miumjau.ee\/fi\/tuote\/kissan-lelu-tikku-hoyhenilla-neon\/#breadcrumb","itemListElement":[{"@type":"ListItem","position":1,"name":"Home","item":"https:\/\/miumjau.ee\/fi\/"},{"@type":"ListItem","position":2,"name":"Kauppa","item":"https:\/\/miumjau.ee\/fi\/kauppa\/"},{"@type":"ListItem","position":3,"name":"Kissan lelu, tikku h\u00f6yhenill\u00e4 neon"}]},{"@type":"WebSite","@id":"https:\/\/miumjau.ee\/#website","url":"https:\/\/miumjau.ee\/","name":"MiuMjau","description":"Kraapimispuud kassidele","publisher":{"@id":"https:\/\/miumjau.ee\/#organization"},"potentialAction":[{"@type":"SearchAction","target":{"@type":"EntryPoint","urlTemplate":"https:\/\/miumjau.ee\/?s={search_term_string}"},"query-input":{"@type":"PropertyValueSpecification","valueRequired":true,"valueName":"search_term_string"}}],"inLanguage":"fi"},{"@type":"Organization","@id":"https:\/\/miumjau.ee\/#organization","name":"MiuMjau O\u00dc","url":"https:\/\/miumjau.ee\/","logo":{"@type":"ImageObject","inLanguage":"fi","@id":"https:\/\/miumjau.ee\/#\/schema\/logo\/image\/","url":"https:\/\/miumjau.ee\/wp-content\/uploads\/2022\/04\/MiuMjau-logo-kollane.png","contentUrl":"https:\/\/miumjau.ee\/wp-content\/uploads\/2022\/04\/MiuMjau-logo-kollane.png","width":219,"height":100,"caption":"MiuMjau O\u00dc"},"image":{"@id":"https:\/\/miumjau.ee\/#\/schema\/logo\/image\/"},"sameAs":["https:\/\/www.facebook.com\/miumjaupood\/"]}]}},"_links":{"self":[{"href":"https:\/\/miumjau.ee\/fi\/wp-json\/wp\/v2\/product\/31267","targetHints":{"allow":["GET"]}}],"collection":[{"href":"https:\/\/miumjau.ee\/fi\/wp-json\/wp\/v2\/product"}],"about":[{"href":"https:\/\/miumjau.ee\/fi\/wp-json\/wp\/v2\/types\/product"}],"wp:featuredmedia":[{"embeddable":true,"href":"https:\/\/miumjau.ee\/fi\/wp-json\/wp\/v2\/media\/20179"}],"wp:attachment":[{"href":"https:\/\/miumjau.ee\/fi\/wp-json\/wp\/v2\/media?parent=31267"}],"wp:term":[{"taxonomy":"product_brand","embeddable":true,"href":"https:\/\/miumjau.ee\/fi\/wp-json\/wp\/v2\/product_brand?post=31267"},{"taxonomy":"product_cat","embeddable":true,"href":"https:\/\/miumjau.ee\/fi\/wp-json\/wp\/v2\/product_cat?post=31267"},{"taxonomy":"product_tag","embeddable":true,"href":"https:\/\/miumjau.ee\/fi\/wp-json\/wp\/v2\/product_tag?post=31267"}],"curies":[{"name":"wp","href":"https:\/\/api.w.org\/{rel}","templated":true}]}}