{"id":31266,"date":"2023-11-27T13:10:21","date_gmt":"2023-11-27T11:10:21","guid":{"rendered":"https:\/\/miumjau.ee\/toode\/raapimisalusta-elipse-abstract\/"},"modified":"2026-01-07T22:51:33","modified_gmt":"2026-01-07T20:51:33","slug":"raapimisalusta-elipse-abstract","status":"publish","type":"product","link":"https:\/\/miumjau.ee\/fi\/tuote\/raapimisalusta-elipse-abstract\/","title":{"rendered":"Raapimisalusta Elipse, abstract"},"content":{"rendered":"","protected":false},"excerpt":{"rendered":"<p>Raapimisalusta Elipse T\u0161ekin valmistajalta Ekomazlicek<\/p>\n<p>Raapimisalustan syvyys 40 cm<br \/>\nPituus 65 cm<br \/>\nKorkeus 25 cm<\/p>\n<p>Kun n\u00e4et pahvinen raapimisalustan ensimm\u00e4ist\u00e4 kertaa, ajattelet varmasti&#8230; MIT\u00c4 T\u00c4M\u00c4 ON, EIH\u00c4N T\u00c4M\u00c4 KEST\u00c4&#8230; Mutta olet v\u00e4\u00e4r\u00e4ss\u00e4! Tuote voi kest\u00e4\u00e4 vuosia riippuen kissojen m\u00e4\u00e4r\u00e4st\u00e4 ja raapimisvaatimuksista! Se tarjoaa suuren raapimisalan, ja koska kyseess\u00e4 on kohotettu alusta, kissat rakastavat usein my\u00f6s lev\u00e4t\u00e4 sen p\u00e4\u00e4ll\u00e4. Aluksi kissan voi kest\u00e4\u00e4 tottua tuotteeseen. Jos kissasi ei ymm\u00e4rr\u00e4, mist\u00e4 on kyse (riippumatta siit\u00e4, millaisesta raapimistuotteesta on kyse), voit kokeilla suihkuttaa p\u00e4\u00e4lle hieman Catnip-suihketta ja leikki\u00e4 kissan kanssa tuotteella. T\u00e4m\u00e4 helpottaa kissan ymm\u00e4rryst\u00e4 siit\u00e4, mist\u00e4 on kyse.<\/p>\n<p>PS: Raapimispuut ja -alustat on p\u00e4\u00e4asiassa suunniteltu t\u00e4ytt\u00e4m\u00e4\u00e4n kissojen raapimisvaatimukset ja parantamaan niiden hyvinvointia, ei pelk\u00e4st\u00e4\u00e4n kynsien teroittamista varten. Jos kissalla on kynnet siististi leikattu ja manikyyri kunnossa, t\u00e4llaiset tuotteet kest\u00e4v\u00e4t paljon pidemp\u00e4\u00e4n.<\/p>\n<p>Heti saatavilla!<\/p>\n","protected":false},"featured_media":20775,"template":"","meta":[],"product_brand":[],"product_cat":[256],"product_tag":[],"class_list":{"0":"post-31266","1":"product","2":"type-product","3":"status-publish","4":"has-post-thumbnail","6":"product_cat-kissan-sanky-ja-raapimalauta","7":"product_shipping_class-pakiautomaati-sobimatu-fi","9":"first","10":"instock","11":"sale","12":"taxable","13":"shipping-taxable","14":"purchasable","15":"product-type-simple"},"yoast_head":"<!-- This site is optimized with the Yoast SEO plugin v27.4 - https:\/\/yoast.com\/product\/yoast-seo-wordpress\/ -->\n<title>Raapimisalusta Elipse, abstract - MiuMjau<\/title>\n<meta name=\"description\" content=\"Raapimisalusta on uskomattoman kest\u00e4v\u00e4 tuote, se voi kest\u00e4\u00e4 vuosia! Se on edullinen, tyylik\u00e4s ja kissasi rakastaa sit\u00e4!\" \/>\n<meta name=\"robots\" content=\"index, follow, max-snippet:-1, max-image-preview:large, max-video-preview:-1\" \/>\n<link rel=\"canonical\" href=\"https:\/\/miumjau.ee\/fi\/tuote\/raapimisalusta-elipse-abstract\/\" \/>\n<meta property=\"og:locale\" content=\"fi_FI\" \/>\n<meta property=\"og:type\" content=\"article\" \/>\n<meta property=\"og:title\" content=\"Raapimisalusta Elipse, abstract - MiuMjau\" \/>\n<meta property=\"og:description\" content=\"Raapimisalusta on uskomattoman kest\u00e4v\u00e4 tuote, se voi kest\u00e4\u00e4 vuosia! Se on edullinen, tyylik\u00e4s ja kissasi rakastaa sit\u00e4!\" \/>\n<meta property=\"og:url\" content=\"https:\/\/miumjau.ee\/fi\/tuote\/raapimisalusta-elipse-abstract\/\" \/>\n<meta property=\"og:site_name\" content=\"MiuMjau\" \/>\n<meta property=\"article:publisher\" content=\"https:\/\/www.facebook.com\/miumjaupood\/\" \/>\n<meta property=\"article:modified_time\" content=\"2026-01-07T20:51:33+00:00\" \/>\n<meta property=\"og:image\" content=\"https:\/\/miumjau.ee\/wp-content\/uploads\/2023\/11\/ekomazlicek-elipse1.png\" \/>\n\t<meta property=\"og:image:width\" content=\"600\" \/>\n\t<meta property=\"og:image:height\" content=\"600\" \/>\n\t<meta property=\"og:image:type\" content=\"image\/png\" \/>\n<meta name=\"twitter:card\" content=\"summary_large_image\" \/>\n<script type=\"application\/ld+json\" class=\"yoast-schema-graph\">{\"@context\":\"https:\\\/\\\/schema.org\",\"@graph\":[{\"@type\":\"WebPage\",\"@id\":\"https:\\\/\\\/miumjau.ee\\\/fi\\\/tuote\\\/raapimisalusta-elipse-abstract\\\/\",\"url\":\"https:\\\/\\\/miumjau.ee\\\/fi\\\/tuote\\\/raapimisalusta-elipse-abstract\\\/\",\"name\":\"Raapimisalusta Elipse, abstract - MiuMjau\",\"isPartOf\":{\"@id\":\"https:\\\/\\\/miumjau.ee\\\/#website\"},\"primaryImageOfPage\":{\"@id\":\"https:\\\/\\\/miumjau.ee\\\/fi\\\/tuote\\\/raapimisalusta-elipse-abstract\\\/#primaryimage\"},\"image\":{\"@id\":\"https:\\\/\\\/miumjau.ee\\\/fi\\\/tuote\\\/raapimisalusta-elipse-abstract\\\/#primaryimage\"},\"thumbnailUrl\":\"https:\\\/\\\/miumjau.ee\\\/wp-content\\\/uploads\\\/2023\\\/11\\\/ekomazlicek-elipse1.png\",\"datePublished\":\"2023-11-27T11:10:21+00:00\",\"dateModified\":\"2026-01-07T20:51:33+00:00\",\"description\":\"Raapimisalusta on uskomattoman kest\u00e4v\u00e4 tuote, se voi kest\u00e4\u00e4 vuosia! Se on edullinen, tyylik\u00e4s ja kissasi rakastaa sit\u00e4!\",\"breadcrumb\":{\"@id\":\"https:\\\/\\\/miumjau.ee\\\/fi\\\/tuote\\\/raapimisalusta-elipse-abstract\\\/#breadcrumb\"},\"inLanguage\":\"fi\",\"potentialAction\":[{\"@type\":\"ReadAction\",\"target\":[\"https:\\\/\\\/miumjau.ee\\\/fi\\\/tuote\\\/raapimisalusta-elipse-abstract\\\/\"]}]},{\"@type\":\"ImageObject\",\"inLanguage\":\"fi\",\"@id\":\"https:\\\/\\\/miumjau.ee\\\/fi\\\/tuote\\\/raapimisalusta-elipse-abstract\\\/#primaryimage\",\"url\":\"https:\\\/\\\/miumjau.ee\\\/wp-content\\\/uploads\\\/2023\\\/11\\\/ekomazlicek-elipse1.png\",\"contentUrl\":\"https:\\\/\\\/miumjau.ee\\\/wp-content\\\/uploads\\\/2023\\\/11\\\/ekomazlicek-elipse1.png\",\"width\":600,\"height\":600},{\"@type\":\"BreadcrumbList\",\"@id\":\"https:\\\/\\\/miumjau.ee\\\/fi\\\/tuote\\\/raapimisalusta-elipse-abstract\\\/#breadcrumb\",\"itemListElement\":[{\"@type\":\"ListItem\",\"position\":1,\"name\":\"Home\",\"item\":\"https:\\\/\\\/miumjau.ee\\\/fi\\\/\"},{\"@type\":\"ListItem\",\"position\":2,\"name\":\"Kauppa\",\"item\":\"https:\\\/\\\/miumjau.ee\\\/fi\\\/kauppa\\\/\"},{\"@type\":\"ListItem\",\"position\":3,\"name\":\"Raapimisalusta Elipse, abstract\"}]},{\"@type\":\"WebSite\",\"@id\":\"https:\\\/\\\/miumjau.ee\\\/#website\",\"url\":\"https:\\\/\\\/miumjau.ee\\\/\",\"name\":\"MiuMjau\",\"description\":\"Kraapimispuud kassidele\",\"publisher\":{\"@id\":\"https:\\\/\\\/miumjau.ee\\\/#organization\"},\"potentialAction\":[{\"@type\":\"SearchAction\",\"target\":{\"@type\":\"EntryPoint\",\"urlTemplate\":\"https:\\\/\\\/miumjau.ee\\\/?s={search_term_string}\"},\"query-input\":{\"@type\":\"PropertyValueSpecification\",\"valueRequired\":true,\"valueName\":\"search_term_string\"}}],\"inLanguage\":\"fi\"},{\"@type\":\"Organization\",\"@id\":\"https:\\\/\\\/miumjau.ee\\\/#organization\",\"name\":\"MiuMjau O\u00dc\",\"url\":\"https:\\\/\\\/miumjau.ee\\\/\",\"logo\":{\"@type\":\"ImageObject\",\"inLanguage\":\"fi\",\"@id\":\"https:\\\/\\\/miumjau.ee\\\/#\\\/schema\\\/logo\\\/image\\\/\",\"url\":\"https:\\\/\\\/miumjau.ee\\\/wp-content\\\/uploads\\\/2022\\\/04\\\/MiuMjau-logo-kollane.png\",\"contentUrl\":\"https:\\\/\\\/miumjau.ee\\\/wp-content\\\/uploads\\\/2022\\\/04\\\/MiuMjau-logo-kollane.png\",\"width\":219,\"height\":100,\"caption\":\"MiuMjau O\u00dc\"},\"image\":{\"@id\":\"https:\\\/\\\/miumjau.ee\\\/#\\\/schema\\\/logo\\\/image\\\/\"},\"sameAs\":[\"https:\\\/\\\/www.facebook.com\\\/miumjaupood\\\/\"]}]}<\/script>\n<!-- \/ Yoast SEO plugin. -->","yoast_head_json":{"title":"Raapimisalusta Elipse, abstract - MiuMjau","description":"Raapimisalusta on uskomattoman kest\u00e4v\u00e4 tuote, se voi kest\u00e4\u00e4 vuosia! Se on edullinen, tyylik\u00e4s ja kissasi rakastaa sit\u00e4!","robots":{"index":"index","follow":"follow","max-snippet":"max-snippet:-1","max-image-preview":"max-image-preview:large","max-video-preview":"max-video-preview:-1"},"canonical":"https:\/\/miumjau.ee\/fi\/tuote\/raapimisalusta-elipse-abstract\/","og_locale":"fi_FI","og_type":"article","og_title":"Raapimisalusta Elipse, abstract - MiuMjau","og_description":"Raapimisalusta on uskomattoman kest\u00e4v\u00e4 tuote, se voi kest\u00e4\u00e4 vuosia! Se on edullinen, tyylik\u00e4s ja kissasi rakastaa sit\u00e4!","og_url":"https:\/\/miumjau.ee\/fi\/tuote\/raapimisalusta-elipse-abstract\/","og_site_name":"MiuMjau","article_publisher":"https:\/\/www.facebook.com\/miumjaupood\/","article_modified_time":"2026-01-07T20:51:33+00:00","og_image":[{"width":600,"height":600,"url":"https:\/\/miumjau.ee\/wp-content\/uploads\/2023\/11\/ekomazlicek-elipse1.png","type":"image\/png"}],"twitter_card":"summary_large_image","schema":{"@context":"https:\/\/schema.org","@graph":[{"@type":"WebPage","@id":"https:\/\/miumjau.ee\/fi\/tuote\/raapimisalusta-elipse-abstract\/","url":"https:\/\/miumjau.ee\/fi\/tuote\/raapimisalusta-elipse-abstract\/","name":"Raapimisalusta Elipse, abstract - MiuMjau","isPartOf":{"@id":"https:\/\/miumjau.ee\/#website"},"primaryImageOfPage":{"@id":"https:\/\/miumjau.ee\/fi\/tuote\/raapimisalusta-elipse-abstract\/#primaryimage"},"image":{"@id":"https:\/\/miumjau.ee\/fi\/tuote\/raapimisalusta-elipse-abstract\/#primaryimage"},"thumbnailUrl":"https:\/\/miumjau.ee\/wp-content\/uploads\/2023\/11\/ekomazlicek-elipse1.png","datePublished":"2023-11-27T11:10:21+00:00","dateModified":"2026-01-07T20:51:33+00:00","description":"Raapimisalusta on uskomattoman kest\u00e4v\u00e4 tuote, se voi kest\u00e4\u00e4 vuosia! Se on edullinen, tyylik\u00e4s ja kissasi rakastaa sit\u00e4!","breadcrumb":{"@id":"https:\/\/miumjau.ee\/fi\/tuote\/raapimisalusta-elipse-abstract\/#breadcrumb"},"inLanguage":"fi","potentialAction":[{"@type":"ReadAction","target":["https:\/\/miumjau.ee\/fi\/tuote\/raapimisalusta-elipse-abstract\/"]}]},{"@type":"ImageObject","inLanguage":"fi","@id":"https:\/\/miumjau.ee\/fi\/tuote\/raapimisalusta-elipse-abstract\/#primaryimage","url":"https:\/\/miumjau.ee\/wp-content\/uploads\/2023\/11\/ekomazlicek-elipse1.png","contentUrl":"https:\/\/miumjau.ee\/wp-content\/uploads\/2023\/11\/ekomazlicek-elipse1.png","width":600,"height":600},{"@type":"BreadcrumbList","@id":"https:\/\/miumjau.ee\/fi\/tuote\/raapimisalusta-elipse-abstract\/#breadcrumb","itemListElement":[{"@type":"ListItem","position":1,"name":"Home","item":"https:\/\/miumjau.ee\/fi\/"},{"@type":"ListItem","position":2,"name":"Kauppa","item":"https:\/\/miumjau.ee\/fi\/kauppa\/"},{"@type":"ListItem","position":3,"name":"Raapimisalusta Elipse, abstract"}]},{"@type":"WebSite","@id":"https:\/\/miumjau.ee\/#website","url":"https:\/\/miumjau.ee\/","name":"MiuMjau","description":"Kraapimispuud kassidele","publisher":{"@id":"https:\/\/miumjau.ee\/#organization"},"potentialAction":[{"@type":"SearchAction","target":{"@type":"EntryPoint","urlTemplate":"https:\/\/miumjau.ee\/?s={search_term_string}"},"query-input":{"@type":"PropertyValueSpecification","valueRequired":true,"valueName":"search_term_string"}}],"inLanguage":"fi"},{"@type":"Organization","@id":"https:\/\/miumjau.ee\/#organization","name":"MiuMjau O\u00dc","url":"https:\/\/miumjau.ee\/","logo":{"@type":"ImageObject","inLanguage":"fi","@id":"https:\/\/miumjau.ee\/#\/schema\/logo\/image\/","url":"https:\/\/miumjau.ee\/wp-content\/uploads\/2022\/04\/MiuMjau-logo-kollane.png","contentUrl":"https:\/\/miumjau.ee\/wp-content\/uploads\/2022\/04\/MiuMjau-logo-kollane.png","width":219,"height":100,"caption":"MiuMjau O\u00dc"},"image":{"@id":"https:\/\/miumjau.ee\/#\/schema\/logo\/image\/"},"sameAs":["https:\/\/www.facebook.com\/miumjaupood\/"]}]}},"_links":{"self":[{"href":"https:\/\/miumjau.ee\/fi\/wp-json\/wp\/v2\/product\/31266","targetHints":{"allow":["GET"]}}],"collection":[{"href":"https:\/\/miumjau.ee\/fi\/wp-json\/wp\/v2\/product"}],"about":[{"href":"https:\/\/miumjau.ee\/fi\/wp-json\/wp\/v2\/types\/product"}],"wp:featuredmedia":[{"embeddable":true,"href":"https:\/\/miumjau.ee\/fi\/wp-json\/wp\/v2\/media\/20775"}],"wp:attachment":[{"href":"https:\/\/miumjau.ee\/fi\/wp-json\/wp\/v2\/media?parent=31266"}],"wp:term":[{"taxonomy":"product_brand","embeddable":true,"href":"https:\/\/miumjau.ee\/fi\/wp-json\/wp\/v2\/product_brand?post=31266"},{"taxonomy":"product_cat","embeddable":true,"href":"https:\/\/miumjau.ee\/fi\/wp-json\/wp\/v2\/product_cat?post=31266"},{"taxonomy":"product_tag","embeddable":true,"href":"https:\/\/miumjau.ee\/fi\/wp-json\/wp\/v2\/product_tag?post=31266"}],"curies":[{"name":"wp","href":"https:\/\/api.w.org\/{rel}","templated":true}]}}