{"id":31259,"date":"2024-01-04T17:02:28","date_gmt":"2024-01-04T15:02:28","guid":{"rendered":"https:\/\/miumjau.ee\/toode\/lisaaskel-raapimispostille-level-40-old-grey\/"},"modified":"2026-01-07T22:51:40","modified_gmt":"2026-01-07T20:51:40","slug":"lisaaskel-raapimispostille-level-40-old-grey","status":"publish","type":"product","link":"https:\/\/miumjau.ee\/fi\/tuote\/lisaaskel-raapimispostille-level-40-old-grey\/","title":{"rendered":"Lis\u00e4askel raapimispostille Level 40, old grey"},"content":{"rendered":"","protected":false},"excerpt":{"rendered":"<p>Lisaaste Level 40 on suunniteltu erityisesti lis\u00e4tasoksi raapimistolppien v\u00e4liin. Raapimistolpat l\u00f6ytyv\u00e4t samasta kategoriasta \u2013 katso Climb-malli.<\/p>\n<p>T\u00e4m\u00e4 askelma sopii kaikenik\u00e4isille ja -kokoisille kissoille, sill\u00e4 sen tarkoitus on auttaa kissaa etenem\u00e4\u00e4n m\u00e4\u00e4r\u00e4np\u00e4\u00e4h\u00e4ns\u00e4. Koska taso on suurempi, kissa voi my\u00f6s lep\u00e4ill\u00e4 sen p\u00e4\u00e4ll\u00e4 ja venytell\u00e4 rauhassa. Wall of Rebels -mallisto antaa kissanomistajalle ainutlaatuisen mahdollisuuden suunnitella itse juuri oman makunsa mukaisen kiipeilysein\u00e4n kissalle. Yhdist\u00e4 eri elementtej\u00e4 kissasi tarpeiden mukaan ja luo monipuolinen kiipeilyseikkailu!<\/p>\n<ul>\n<li>Mitat: pituus 40 cm, leveys 40 cm, korkeus 2 cm<\/li>\n<li>Paino: 2 kg<\/li>\n<li>Sopii yhdistett\u00e4v\u00e4ksi seuraaviin tuotteisiin: Climb 1250, Climb 1560 ja Climb 2080<\/li>\n<li>Eritt\u00e4in kest\u00e4v\u00e4 sisalp\u00e4\u00e4llyste, joka kiinnittyy alustaan tarranauhalla<\/li>\n<li>Valmistettu laadukkaasta eukalyptuspuusta<\/li>\n<\/ul>\n<p>Anna mielikuvituksesi lent\u00e4\u00e4!<\/p>\n","protected":false},"featured_media":20920,"template":"","meta":[],"product_brand":[],"product_cat":[263],"product_tag":[],"class_list":{"0":"post-31259","1":"product","2":"type-product","3":"status-publish","4":"has-post-thumbnail","6":"product_cat-kiipeilyseina-kissoille","7":"product_shipping_class-pakiautomaati-sobimatu-fi","9":"first","10":"instock","11":"sale","12":"taxable","13":"shipping-taxable","14":"purchasable","15":"product-type-simple"},"yoast_head":"<!-- This site is optimized with the Yoast SEO plugin v27.2 - https:\/\/yoast.com\/product\/yoast-seo-wordpress\/ -->\n<title>Lis\u00e4askel raapimispostille Level 40, old grey - MiuMjau<\/title>\n<meta name=\"description\" content=\"Lis\u00e4taso raapimistolppien v\u00e4liin helpottaa kissasi liikkumista kiipeilysein\u00e4ll\u00e4. Mukava siirtyminen elementist\u00e4 toiseen on t\u00e4rke\u00e4\u00e4. Ilahduta kissaasi!\" \/>\n<meta name=\"robots\" content=\"index, follow, max-snippet:-1, max-image-preview:large, max-video-preview:-1\" \/>\n<link rel=\"canonical\" href=\"https:\/\/miumjau.ee\/fi\/tuote\/lisaaskel-raapimispostille-level-40-old-grey\/\" \/>\n<meta property=\"og:locale\" content=\"fi_FI\" \/>\n<meta property=\"og:type\" content=\"article\" \/>\n<meta property=\"og:title\" content=\"Lis\u00e4askel raapimispostille Level 40, old grey - MiuMjau\" \/>\n<meta property=\"og:description\" content=\"Lis\u00e4taso raapimistolppien v\u00e4liin helpottaa kissasi liikkumista kiipeilysein\u00e4ll\u00e4. Mukava siirtyminen elementist\u00e4 toiseen on t\u00e4rke\u00e4\u00e4. Ilahduta kissaasi!\" \/>\n<meta property=\"og:url\" content=\"https:\/\/miumjau.ee\/fi\/tuote\/lisaaskel-raapimispostille-level-40-old-grey\/\" \/>\n<meta property=\"og:site_name\" content=\"MiuMjau\" \/>\n<meta property=\"article:publisher\" content=\"https:\/\/www.facebook.com\/miumjaupood\/\" \/>\n<meta property=\"article:modified_time\" content=\"2026-01-07T20:51:40+00:00\" \/>\n<meta property=\"og:image\" content=\"https:\/\/miumjau.ee\/wp-content\/uploads\/2023\/12\/lisaplatvorm-level402.jpg\" \/>\n\t<meta property=\"og:image:width\" content=\"600\" \/>\n\t<meta property=\"og:image:height\" content=\"800\" \/>\n\t<meta property=\"og:image:type\" content=\"image\/jpeg\" \/>\n<meta name=\"twitter:card\" content=\"summary_large_image\" \/>\n<script type=\"application\/ld+json\" class=\"yoast-schema-graph\">{\"@context\":\"https:\/\/schema.org\",\"@graph\":[{\"@type\":\"WebPage\",\"@id\":\"https:\/\/miumjau.ee\/fi\/tuote\/lisaaskel-raapimispostille-level-40-old-grey\/\",\"url\":\"https:\/\/miumjau.ee\/fi\/tuote\/lisaaskel-raapimispostille-level-40-old-grey\/\",\"name\":\"Lis\u00e4askel raapimispostille Level 40, old grey - MiuMjau\",\"isPartOf\":{\"@id\":\"https:\/\/miumjau.ee\/#website\"},\"primaryImageOfPage\":{\"@id\":\"https:\/\/miumjau.ee\/fi\/tuote\/lisaaskel-raapimispostille-level-40-old-grey\/#primaryimage\"},\"image\":{\"@id\":\"https:\/\/miumjau.ee\/fi\/tuote\/lisaaskel-raapimispostille-level-40-old-grey\/#primaryimage\"},\"thumbnailUrl\":\"https:\/\/miumjau.ee\/wp-content\/uploads\/2023\/12\/lisaplatvorm-level402.jpg\",\"datePublished\":\"2024-01-04T15:02:28+00:00\",\"dateModified\":\"2026-01-07T20:51:40+00:00\",\"description\":\"Lis\u00e4taso raapimistolppien v\u00e4liin helpottaa kissasi liikkumista kiipeilysein\u00e4ll\u00e4. Mukava siirtyminen elementist\u00e4 toiseen on t\u00e4rke\u00e4\u00e4. Ilahduta kissaasi!\",\"breadcrumb\":{\"@id\":\"https:\/\/miumjau.ee\/fi\/tuote\/lisaaskel-raapimispostille-level-40-old-grey\/#breadcrumb\"},\"inLanguage\":\"fi\",\"potentialAction\":[{\"@type\":\"ReadAction\",\"target\":[\"https:\/\/miumjau.ee\/fi\/tuote\/lisaaskel-raapimispostille-level-40-old-grey\/\"]}]},{\"@type\":\"ImageObject\",\"inLanguage\":\"fi\",\"@id\":\"https:\/\/miumjau.ee\/fi\/tuote\/lisaaskel-raapimispostille-level-40-old-grey\/#primaryimage\",\"url\":\"https:\/\/miumjau.ee\/wp-content\/uploads\/2023\/12\/lisaplatvorm-level402.jpg\",\"contentUrl\":\"https:\/\/miumjau.ee\/wp-content\/uploads\/2023\/12\/lisaplatvorm-level402.jpg\",\"width\":600,\"height\":800},{\"@type\":\"BreadcrumbList\",\"@id\":\"https:\/\/miumjau.ee\/fi\/tuote\/lisaaskel-raapimispostille-level-40-old-grey\/#breadcrumb\",\"itemListElement\":[{\"@type\":\"ListItem\",\"position\":1,\"name\":\"Home\",\"item\":\"https:\/\/miumjau.ee\/fi\/\"},{\"@type\":\"ListItem\",\"position\":2,\"name\":\"Kauppa\",\"item\":\"https:\/\/miumjau.ee\/fi\/kauppa\/\"},{\"@type\":\"ListItem\",\"position\":3,\"name\":\"Lis\u00e4askel raapimispostille Level 40, old grey\"}]},{\"@type\":\"WebSite\",\"@id\":\"https:\/\/miumjau.ee\/#website\",\"url\":\"https:\/\/miumjau.ee\/\",\"name\":\"MiuMjau\",\"description\":\"Kraapimispuud kassidele\",\"publisher\":{\"@id\":\"https:\/\/miumjau.ee\/#organization\"},\"potentialAction\":[{\"@type\":\"SearchAction\",\"target\":{\"@type\":\"EntryPoint\",\"urlTemplate\":\"https:\/\/miumjau.ee\/?s={search_term_string}\"},\"query-input\":{\"@type\":\"PropertyValueSpecification\",\"valueRequired\":true,\"valueName\":\"search_term_string\"}}],\"inLanguage\":\"fi\"},{\"@type\":\"Organization\",\"@id\":\"https:\/\/miumjau.ee\/#organization\",\"name\":\"MiuMjau O\u00dc\",\"url\":\"https:\/\/miumjau.ee\/\",\"logo\":{\"@type\":\"ImageObject\",\"inLanguage\":\"fi\",\"@id\":\"https:\/\/miumjau.ee\/#\/schema\/logo\/image\/\",\"url\":\"https:\/\/miumjau.ee\/wp-content\/uploads\/2022\/04\/MiuMjau-logo-kollane.png\",\"contentUrl\":\"https:\/\/miumjau.ee\/wp-content\/uploads\/2022\/04\/MiuMjau-logo-kollane.png\",\"width\":219,\"height\":100,\"caption\":\"MiuMjau O\u00dc\"},\"image\":{\"@id\":\"https:\/\/miumjau.ee\/#\/schema\/logo\/image\/\"},\"sameAs\":[\"https:\/\/www.facebook.com\/miumjaupood\/\"]}]}<\/script>\n<!-- \/ Yoast SEO plugin. -->","yoast_head_json":{"title":"Lis\u00e4askel raapimispostille Level 40, old grey - MiuMjau","description":"Lis\u00e4taso raapimistolppien v\u00e4liin helpottaa kissasi liikkumista kiipeilysein\u00e4ll\u00e4. Mukava siirtyminen elementist\u00e4 toiseen on t\u00e4rke\u00e4\u00e4. Ilahduta kissaasi!","robots":{"index":"index","follow":"follow","max-snippet":"max-snippet:-1","max-image-preview":"max-image-preview:large","max-video-preview":"max-video-preview:-1"},"canonical":"https:\/\/miumjau.ee\/fi\/tuote\/lisaaskel-raapimispostille-level-40-old-grey\/","og_locale":"fi_FI","og_type":"article","og_title":"Lis\u00e4askel raapimispostille Level 40, old grey - MiuMjau","og_description":"Lis\u00e4taso raapimistolppien v\u00e4liin helpottaa kissasi liikkumista kiipeilysein\u00e4ll\u00e4. Mukava siirtyminen elementist\u00e4 toiseen on t\u00e4rke\u00e4\u00e4. Ilahduta kissaasi!","og_url":"https:\/\/miumjau.ee\/fi\/tuote\/lisaaskel-raapimispostille-level-40-old-grey\/","og_site_name":"MiuMjau","article_publisher":"https:\/\/www.facebook.com\/miumjaupood\/","article_modified_time":"2026-01-07T20:51:40+00:00","og_image":[{"width":600,"height":800,"url":"https:\/\/miumjau.ee\/wp-content\/uploads\/2023\/12\/lisaplatvorm-level402.jpg","type":"image\/jpeg"}],"twitter_card":"summary_large_image","schema":{"@context":"https:\/\/schema.org","@graph":[{"@type":"WebPage","@id":"https:\/\/miumjau.ee\/fi\/tuote\/lisaaskel-raapimispostille-level-40-old-grey\/","url":"https:\/\/miumjau.ee\/fi\/tuote\/lisaaskel-raapimispostille-level-40-old-grey\/","name":"Lis\u00e4askel raapimispostille Level 40, old grey - MiuMjau","isPartOf":{"@id":"https:\/\/miumjau.ee\/#website"},"primaryImageOfPage":{"@id":"https:\/\/miumjau.ee\/fi\/tuote\/lisaaskel-raapimispostille-level-40-old-grey\/#primaryimage"},"image":{"@id":"https:\/\/miumjau.ee\/fi\/tuote\/lisaaskel-raapimispostille-level-40-old-grey\/#primaryimage"},"thumbnailUrl":"https:\/\/miumjau.ee\/wp-content\/uploads\/2023\/12\/lisaplatvorm-level402.jpg","datePublished":"2024-01-04T15:02:28+00:00","dateModified":"2026-01-07T20:51:40+00:00","description":"Lis\u00e4taso raapimistolppien v\u00e4liin helpottaa kissasi liikkumista kiipeilysein\u00e4ll\u00e4. Mukava siirtyminen elementist\u00e4 toiseen on t\u00e4rke\u00e4\u00e4. Ilahduta kissaasi!","breadcrumb":{"@id":"https:\/\/miumjau.ee\/fi\/tuote\/lisaaskel-raapimispostille-level-40-old-grey\/#breadcrumb"},"inLanguage":"fi","potentialAction":[{"@type":"ReadAction","target":["https:\/\/miumjau.ee\/fi\/tuote\/lisaaskel-raapimispostille-level-40-old-grey\/"]}]},{"@type":"ImageObject","inLanguage":"fi","@id":"https:\/\/miumjau.ee\/fi\/tuote\/lisaaskel-raapimispostille-level-40-old-grey\/#primaryimage","url":"https:\/\/miumjau.ee\/wp-content\/uploads\/2023\/12\/lisaplatvorm-level402.jpg","contentUrl":"https:\/\/miumjau.ee\/wp-content\/uploads\/2023\/12\/lisaplatvorm-level402.jpg","width":600,"height":800},{"@type":"BreadcrumbList","@id":"https:\/\/miumjau.ee\/fi\/tuote\/lisaaskel-raapimispostille-level-40-old-grey\/#breadcrumb","itemListElement":[{"@type":"ListItem","position":1,"name":"Home","item":"https:\/\/miumjau.ee\/fi\/"},{"@type":"ListItem","position":2,"name":"Kauppa","item":"https:\/\/miumjau.ee\/fi\/kauppa\/"},{"@type":"ListItem","position":3,"name":"Lis\u00e4askel raapimispostille Level 40, old grey"}]},{"@type":"WebSite","@id":"https:\/\/miumjau.ee\/#website","url":"https:\/\/miumjau.ee\/","name":"MiuMjau","description":"Kraapimispuud kassidele","publisher":{"@id":"https:\/\/miumjau.ee\/#organization"},"potentialAction":[{"@type":"SearchAction","target":{"@type":"EntryPoint","urlTemplate":"https:\/\/miumjau.ee\/?s={search_term_string}"},"query-input":{"@type":"PropertyValueSpecification","valueRequired":true,"valueName":"search_term_string"}}],"inLanguage":"fi"},{"@type":"Organization","@id":"https:\/\/miumjau.ee\/#organization","name":"MiuMjau O\u00dc","url":"https:\/\/miumjau.ee\/","logo":{"@type":"ImageObject","inLanguage":"fi","@id":"https:\/\/miumjau.ee\/#\/schema\/logo\/image\/","url":"https:\/\/miumjau.ee\/wp-content\/uploads\/2022\/04\/MiuMjau-logo-kollane.png","contentUrl":"https:\/\/miumjau.ee\/wp-content\/uploads\/2022\/04\/MiuMjau-logo-kollane.png","width":219,"height":100,"caption":"MiuMjau O\u00dc"},"image":{"@id":"https:\/\/miumjau.ee\/#\/schema\/logo\/image\/"},"sameAs":["https:\/\/www.facebook.com\/miumjaupood\/"]}]}},"_links":{"self":[{"href":"https:\/\/miumjau.ee\/fi\/wp-json\/wp\/v2\/product\/31259","targetHints":{"allow":["GET"]}}],"collection":[{"href":"https:\/\/miumjau.ee\/fi\/wp-json\/wp\/v2\/product"}],"about":[{"href":"https:\/\/miumjau.ee\/fi\/wp-json\/wp\/v2\/types\/product"}],"wp:featuredmedia":[{"embeddable":true,"href":"https:\/\/miumjau.ee\/fi\/wp-json\/wp\/v2\/media\/20920"}],"wp:attachment":[{"href":"https:\/\/miumjau.ee\/fi\/wp-json\/wp\/v2\/media?parent=31259"}],"wp:term":[{"taxonomy":"product_brand","embeddable":true,"href":"https:\/\/miumjau.ee\/fi\/wp-json\/wp\/v2\/product_brand?post=31259"},{"taxonomy":"product_cat","embeddable":true,"href":"https:\/\/miumjau.ee\/fi\/wp-json\/wp\/v2\/product_cat?post=31259"},{"taxonomy":"product_tag","embeddable":true,"href":"https:\/\/miumjau.ee\/fi\/wp-json\/wp\/v2\/product_tag?post=31259"}],"curies":[{"name":"wp","href":"https:\/\/api.w.org\/{rel}","templated":true}]}}