{"id":31255,"date":"2024-01-05T14:56:37","date_gmt":"2024-01-05T12:56:37","guid":{"rendered":"https:\/\/miumjau.ee\/toode\/kiipeilyelementti-box-bag-115-wenge\/"},"modified":"2026-01-07T22:51:40","modified_gmt":"2026-01-07T20:51:40","slug":"kiipeilyelementti-box-bag-115-wenge","status":"publish","type":"product","link":"https:\/\/miumjau.ee\/fi\/tuote\/kiipeilyelementti-box-bag-115-wenge\/","title":{"rendered":"Kiipeilyelementti Box Bag 115, wenge"},"content":{"rendered":"","protected":false},"excerpt":{"rendered":"<p class=\"\" data-start=\"0\" data-end=\"55\">Tykk\u00e4\u00e4k\u00f6 kissasi kiipeill\u00e4? Kuka nyt ei tykk\u00e4isi!<\/p>\n<p class=\"\" data-start=\"57\" data-end=\"414\">Kiipeilyelementti Box Bag on massiivinen sein\u00e4\u00e4n kiinnitett\u00e4v\u00e4 raapimisalusta, joka asennetaan yl\u00e4osastaan sein\u00e4\u00e4n. Kun kissa hypp\u00e4\u00e4 sen p\u00e4\u00e4lle, se alkaa keinua ja heilua, mik\u00e4 auttaa treenaamaan kissan tasapainoa ja tarjoaa uusia haasteita. T\u00e4m\u00e4 tuote on eritt\u00e4in kest\u00e4v\u00e4 ja laadukas! Jopa kaikista suurimmille kapinallisille t\u00e4m\u00e4 on superj\u00e4nnitt\u00e4v\u00e4!<\/p>\n<p class=\"\" data-start=\"416\" data-end=\"715\">Kun rakennat kissallesi kiipeilysein\u00e4\u00e4, t\u00e4llainen elementti tuo n\u00e4ytt\u00e4vyytt\u00e4 ja lis\u00e4\u00e4 sein\u00e4\u00e4n muutakin kuin pelkki\u00e4 k\u00e4yt\u00e4nn\u00f6llisi\u00e4 osia \u2013 se tarjoaa aitoa seikkailua! Saatavilla on kaksi kokoa, 115 cm ja 165 cm, joista isompi sopii erityisesti suurille kissoille tai useamman kissan talouteen.<\/p>\n<p class=\"\" data-start=\"717\" data-end=\"906\">Varmista, ett\u00e4 kissallasi on helppo p\u00e4\u00e4sy raapimisalustalle, ja t\u00e4ydenn\u00e4 kiipeilysein\u00e4\u00e4 esimerkiksi lis\u00e4askelmilla, tikkaille, sillalla tai vaikkapa omalla rauhallisella lepopaikalla.<\/p>\n<ul>\n<li data-start=\"908\" data-end=\"1169\">Mitat: pituus 165 cm, leveys 25 cm, korkeus 15 cm<\/li>\n<li data-start=\"908\" data-end=\"1169\">Valmistettu laadukkaasta sisalista, joka kiinnittyy tarranauhalla<\/li>\n<li data-start=\"908\" data-end=\"1169\">Mukana Hold 12 ja paksu puuvillak\u00f6ysi sein\u00e4kiinnityst\u00e4 varten<\/li>\n<li data-start=\"908\" data-end=\"1169\">Sis\u00e4lt\u00e4\u00e4 kaikki tarvittavat kiinnitystarvikkeet<\/li>\n<\/ul>\n<p class=\"\" data-start=\"1171\" data-end=\"1191\">Heti saatavilla!<\/p>\n","protected":false},"featured_media":20923,"template":"","meta":[],"product_brand":[],"product_cat":[263],"product_tag":[],"class_list":{"0":"post-31255","1":"product","2":"type-product","3":"status-publish","4":"has-post-thumbnail","6":"product_cat-kiipeilyseina-kissoille","7":"product_shipping_class-pakiautomaati-sobimatu-fi","9":"first","10":"instock","11":"sale","12":"taxable","13":"shipping-taxable","14":"purchasable","15":"product-type-simple"},"yoast_head":"<!-- This site is optimized with the Yoast SEO plugin v27.4 - https:\/\/yoast.com\/product\/yoast-seo-wordpress\/ -->\n<title>Kiipeilyelementti Box Bag 115, wenge - MiuMjau<\/title>\n<meta name=\"description\" content=\"Kiipeilyelementti **Box Bag** on todella massiivinen sein\u00e4\u00e4n kiinnitett\u00e4v\u00e4 raapimisalusta. Tykk\u00e4\u00e4k\u00f6 kissasi kiipeill\u00e4?\" \/>\n<meta name=\"robots\" content=\"index, follow, max-snippet:-1, max-image-preview:large, max-video-preview:-1\" \/>\n<link rel=\"canonical\" href=\"https:\/\/miumjau.ee\/fi\/tuote\/kiipeilyelementti-box-bag-115-wenge\/\" \/>\n<meta property=\"og:locale\" content=\"fi_FI\" \/>\n<meta property=\"og:type\" content=\"article\" \/>\n<meta property=\"og:title\" content=\"Kiipeilyelementti Box Bag 115, wenge - MiuMjau\" \/>\n<meta property=\"og:description\" content=\"Kiipeilyelementti **Box Bag** on todella massiivinen sein\u00e4\u00e4n kiinnitett\u00e4v\u00e4 raapimisalusta. Tykk\u00e4\u00e4k\u00f6 kissasi kiipeill\u00e4?\" \/>\n<meta property=\"og:url\" content=\"https:\/\/miumjau.ee\/fi\/tuote\/kiipeilyelementti-box-bag-115-wenge\/\" \/>\n<meta property=\"og:site_name\" content=\"MiuMjau\" \/>\n<meta property=\"article:publisher\" content=\"https:\/\/www.facebook.com\/miumjaupood\/\" \/>\n<meta property=\"article:modified_time\" content=\"2026-01-07T20:51:40+00:00\" \/>\n<meta property=\"og:image\" content=\"https:\/\/miumjau.ee\/wp-content\/uploads\/2023\/12\/poksikott-kassidele-1154.jpg\" \/>\n\t<meta property=\"og:image:width\" content=\"600\" \/>\n\t<meta property=\"og:image:height\" content=\"800\" \/>\n\t<meta property=\"og:image:type\" content=\"image\/jpeg\" \/>\n<meta name=\"twitter:card\" content=\"summary_large_image\" \/>\n<script type=\"application\/ld+json\" class=\"yoast-schema-graph\">{\"@context\":\"https:\\\/\\\/schema.org\",\"@graph\":[{\"@type\":\"WebPage\",\"@id\":\"https:\\\/\\\/miumjau.ee\\\/fi\\\/tuote\\\/kiipeilyelementti-box-bag-115-wenge\\\/\",\"url\":\"https:\\\/\\\/miumjau.ee\\\/fi\\\/tuote\\\/kiipeilyelementti-box-bag-115-wenge\\\/\",\"name\":\"Kiipeilyelementti Box Bag 115, wenge - MiuMjau\",\"isPartOf\":{\"@id\":\"https:\\\/\\\/miumjau.ee\\\/#website\"},\"primaryImageOfPage\":{\"@id\":\"https:\\\/\\\/miumjau.ee\\\/fi\\\/tuote\\\/kiipeilyelementti-box-bag-115-wenge\\\/#primaryimage\"},\"image\":{\"@id\":\"https:\\\/\\\/miumjau.ee\\\/fi\\\/tuote\\\/kiipeilyelementti-box-bag-115-wenge\\\/#primaryimage\"},\"thumbnailUrl\":\"https:\\\/\\\/miumjau.ee\\\/wp-content\\\/uploads\\\/2023\\\/12\\\/poksikott-kassidele-1154.jpg\",\"datePublished\":\"2024-01-05T12:56:37+00:00\",\"dateModified\":\"2026-01-07T20:51:40+00:00\",\"description\":\"Kiipeilyelementti **Box Bag** on todella massiivinen sein\u00e4\u00e4n kiinnitett\u00e4v\u00e4 raapimisalusta. Tykk\u00e4\u00e4k\u00f6 kissasi kiipeill\u00e4?\",\"breadcrumb\":{\"@id\":\"https:\\\/\\\/miumjau.ee\\\/fi\\\/tuote\\\/kiipeilyelementti-box-bag-115-wenge\\\/#breadcrumb\"},\"inLanguage\":\"fi\",\"potentialAction\":[{\"@type\":\"ReadAction\",\"target\":[\"https:\\\/\\\/miumjau.ee\\\/fi\\\/tuote\\\/kiipeilyelementti-box-bag-115-wenge\\\/\"]}]},{\"@type\":\"ImageObject\",\"inLanguage\":\"fi\",\"@id\":\"https:\\\/\\\/miumjau.ee\\\/fi\\\/tuote\\\/kiipeilyelementti-box-bag-115-wenge\\\/#primaryimage\",\"url\":\"https:\\\/\\\/miumjau.ee\\\/wp-content\\\/uploads\\\/2023\\\/12\\\/poksikott-kassidele-1154.jpg\",\"contentUrl\":\"https:\\\/\\\/miumjau.ee\\\/wp-content\\\/uploads\\\/2023\\\/12\\\/poksikott-kassidele-1154.jpg\",\"width\":600,\"height\":800},{\"@type\":\"BreadcrumbList\",\"@id\":\"https:\\\/\\\/miumjau.ee\\\/fi\\\/tuote\\\/kiipeilyelementti-box-bag-115-wenge\\\/#breadcrumb\",\"itemListElement\":[{\"@type\":\"ListItem\",\"position\":1,\"name\":\"Home\",\"item\":\"https:\\\/\\\/miumjau.ee\\\/fi\\\/\"},{\"@type\":\"ListItem\",\"position\":2,\"name\":\"Kauppa\",\"item\":\"https:\\\/\\\/miumjau.ee\\\/fi\\\/kauppa\\\/\"},{\"@type\":\"ListItem\",\"position\":3,\"name\":\"Kiipeilyelementti Box Bag 115, wenge\"}]},{\"@type\":\"WebSite\",\"@id\":\"https:\\\/\\\/miumjau.ee\\\/#website\",\"url\":\"https:\\\/\\\/miumjau.ee\\\/\",\"name\":\"MiuMjau\",\"description\":\"Kraapimispuud kassidele\",\"publisher\":{\"@id\":\"https:\\\/\\\/miumjau.ee\\\/#organization\"},\"potentialAction\":[{\"@type\":\"SearchAction\",\"target\":{\"@type\":\"EntryPoint\",\"urlTemplate\":\"https:\\\/\\\/miumjau.ee\\\/?s={search_term_string}\"},\"query-input\":{\"@type\":\"PropertyValueSpecification\",\"valueRequired\":true,\"valueName\":\"search_term_string\"}}],\"inLanguage\":\"fi\"},{\"@type\":\"Organization\",\"@id\":\"https:\\\/\\\/miumjau.ee\\\/#organization\",\"name\":\"MiuMjau O\u00dc\",\"url\":\"https:\\\/\\\/miumjau.ee\\\/\",\"logo\":{\"@type\":\"ImageObject\",\"inLanguage\":\"fi\",\"@id\":\"https:\\\/\\\/miumjau.ee\\\/#\\\/schema\\\/logo\\\/image\\\/\",\"url\":\"https:\\\/\\\/miumjau.ee\\\/wp-content\\\/uploads\\\/2022\\\/04\\\/MiuMjau-logo-kollane.png\",\"contentUrl\":\"https:\\\/\\\/miumjau.ee\\\/wp-content\\\/uploads\\\/2022\\\/04\\\/MiuMjau-logo-kollane.png\",\"width\":219,\"height\":100,\"caption\":\"MiuMjau O\u00dc\"},\"image\":{\"@id\":\"https:\\\/\\\/miumjau.ee\\\/#\\\/schema\\\/logo\\\/image\\\/\"},\"sameAs\":[\"https:\\\/\\\/www.facebook.com\\\/miumjaupood\\\/\"]}]}<\/script>\n<!-- \/ Yoast SEO plugin. -->","yoast_head_json":{"title":"Kiipeilyelementti Box Bag 115, wenge - MiuMjau","description":"Kiipeilyelementti **Box Bag** on todella massiivinen sein\u00e4\u00e4n kiinnitett\u00e4v\u00e4 raapimisalusta. Tykk\u00e4\u00e4k\u00f6 kissasi kiipeill\u00e4?","robots":{"index":"index","follow":"follow","max-snippet":"max-snippet:-1","max-image-preview":"max-image-preview:large","max-video-preview":"max-video-preview:-1"},"canonical":"https:\/\/miumjau.ee\/fi\/tuote\/kiipeilyelementti-box-bag-115-wenge\/","og_locale":"fi_FI","og_type":"article","og_title":"Kiipeilyelementti Box Bag 115, wenge - MiuMjau","og_description":"Kiipeilyelementti **Box Bag** on todella massiivinen sein\u00e4\u00e4n kiinnitett\u00e4v\u00e4 raapimisalusta. Tykk\u00e4\u00e4k\u00f6 kissasi kiipeill\u00e4?","og_url":"https:\/\/miumjau.ee\/fi\/tuote\/kiipeilyelementti-box-bag-115-wenge\/","og_site_name":"MiuMjau","article_publisher":"https:\/\/www.facebook.com\/miumjaupood\/","article_modified_time":"2026-01-07T20:51:40+00:00","og_image":[{"width":600,"height":800,"url":"https:\/\/miumjau.ee\/wp-content\/uploads\/2023\/12\/poksikott-kassidele-1154.jpg","type":"image\/jpeg"}],"twitter_card":"summary_large_image","schema":{"@context":"https:\/\/schema.org","@graph":[{"@type":"WebPage","@id":"https:\/\/miumjau.ee\/fi\/tuote\/kiipeilyelementti-box-bag-115-wenge\/","url":"https:\/\/miumjau.ee\/fi\/tuote\/kiipeilyelementti-box-bag-115-wenge\/","name":"Kiipeilyelementti Box Bag 115, wenge - MiuMjau","isPartOf":{"@id":"https:\/\/miumjau.ee\/#website"},"primaryImageOfPage":{"@id":"https:\/\/miumjau.ee\/fi\/tuote\/kiipeilyelementti-box-bag-115-wenge\/#primaryimage"},"image":{"@id":"https:\/\/miumjau.ee\/fi\/tuote\/kiipeilyelementti-box-bag-115-wenge\/#primaryimage"},"thumbnailUrl":"https:\/\/miumjau.ee\/wp-content\/uploads\/2023\/12\/poksikott-kassidele-1154.jpg","datePublished":"2024-01-05T12:56:37+00:00","dateModified":"2026-01-07T20:51:40+00:00","description":"Kiipeilyelementti **Box Bag** on todella massiivinen sein\u00e4\u00e4n kiinnitett\u00e4v\u00e4 raapimisalusta. Tykk\u00e4\u00e4k\u00f6 kissasi kiipeill\u00e4?","breadcrumb":{"@id":"https:\/\/miumjau.ee\/fi\/tuote\/kiipeilyelementti-box-bag-115-wenge\/#breadcrumb"},"inLanguage":"fi","potentialAction":[{"@type":"ReadAction","target":["https:\/\/miumjau.ee\/fi\/tuote\/kiipeilyelementti-box-bag-115-wenge\/"]}]},{"@type":"ImageObject","inLanguage":"fi","@id":"https:\/\/miumjau.ee\/fi\/tuote\/kiipeilyelementti-box-bag-115-wenge\/#primaryimage","url":"https:\/\/miumjau.ee\/wp-content\/uploads\/2023\/12\/poksikott-kassidele-1154.jpg","contentUrl":"https:\/\/miumjau.ee\/wp-content\/uploads\/2023\/12\/poksikott-kassidele-1154.jpg","width":600,"height":800},{"@type":"BreadcrumbList","@id":"https:\/\/miumjau.ee\/fi\/tuote\/kiipeilyelementti-box-bag-115-wenge\/#breadcrumb","itemListElement":[{"@type":"ListItem","position":1,"name":"Home","item":"https:\/\/miumjau.ee\/fi\/"},{"@type":"ListItem","position":2,"name":"Kauppa","item":"https:\/\/miumjau.ee\/fi\/kauppa\/"},{"@type":"ListItem","position":3,"name":"Kiipeilyelementti Box Bag 115, wenge"}]},{"@type":"WebSite","@id":"https:\/\/miumjau.ee\/#website","url":"https:\/\/miumjau.ee\/","name":"MiuMjau","description":"Kraapimispuud kassidele","publisher":{"@id":"https:\/\/miumjau.ee\/#organization"},"potentialAction":[{"@type":"SearchAction","target":{"@type":"EntryPoint","urlTemplate":"https:\/\/miumjau.ee\/?s={search_term_string}"},"query-input":{"@type":"PropertyValueSpecification","valueRequired":true,"valueName":"search_term_string"}}],"inLanguage":"fi"},{"@type":"Organization","@id":"https:\/\/miumjau.ee\/#organization","name":"MiuMjau O\u00dc","url":"https:\/\/miumjau.ee\/","logo":{"@type":"ImageObject","inLanguage":"fi","@id":"https:\/\/miumjau.ee\/#\/schema\/logo\/image\/","url":"https:\/\/miumjau.ee\/wp-content\/uploads\/2022\/04\/MiuMjau-logo-kollane.png","contentUrl":"https:\/\/miumjau.ee\/wp-content\/uploads\/2022\/04\/MiuMjau-logo-kollane.png","width":219,"height":100,"caption":"MiuMjau O\u00dc"},"image":{"@id":"https:\/\/miumjau.ee\/#\/schema\/logo\/image\/"},"sameAs":["https:\/\/www.facebook.com\/miumjaupood\/"]}]}},"_links":{"self":[{"href":"https:\/\/miumjau.ee\/fi\/wp-json\/wp\/v2\/product\/31255","targetHints":{"allow":["GET"]}}],"collection":[{"href":"https:\/\/miumjau.ee\/fi\/wp-json\/wp\/v2\/product"}],"about":[{"href":"https:\/\/miumjau.ee\/fi\/wp-json\/wp\/v2\/types\/product"}],"wp:featuredmedia":[{"embeddable":true,"href":"https:\/\/miumjau.ee\/fi\/wp-json\/wp\/v2\/media\/20923"}],"wp:attachment":[{"href":"https:\/\/miumjau.ee\/fi\/wp-json\/wp\/v2\/media?parent=31255"}],"wp:term":[{"taxonomy":"product_brand","embeddable":true,"href":"https:\/\/miumjau.ee\/fi\/wp-json\/wp\/v2\/product_brand?post=31255"},{"taxonomy":"product_cat","embeddable":true,"href":"https:\/\/miumjau.ee\/fi\/wp-json\/wp\/v2\/product_cat?post=31255"},{"taxonomy":"product_tag","embeddable":true,"href":"https:\/\/miumjau.ee\/fi\/wp-json\/wp\/v2\/product_tag?post=31255"}],"curies":[{"name":"wp","href":"https:\/\/api.w.org\/{rel}","templated":true}]}}