{"id":31249,"date":"2024-01-06T14:02:31","date_gmt":"2024-01-06T12:02:31","guid":{"rendered":"https:\/\/miumjau.ee\/toode\/seinakiinnitteinen-riippukeinu-lazy-50-old-grey\/"},"modified":"2026-01-07T22:51:47","modified_gmt":"2026-01-07T20:51:47","slug":"seinakiinnitteinen-riippukeinu-lazy-50-old-grey","status":"publish","type":"product","link":"https:\/\/miumjau.ee\/fi\/tuote\/seinakiinnitteinen-riippukeinu-lazy-50-old-grey\/","title":{"rendered":"Sein\u00e4kiinnitteinen riippukeinu Lazy 50, old grey"},"content":{"rendered":"","protected":false},"excerpt":{"rendered":"<p>Riippukeinu Lazy 50 on sein\u00e4\u00e4n kiinnitett\u00e4v\u00e4 elementti, joka on suunniteltu osaksi kissan kiipeilysein\u00e4\u00e4. Miksi et hy\u00f6dynt\u00e4isi vapaata sein\u00e4tilaa kiipeilysein\u00e4n rakentamiseen ja s\u00e4\u00e4st\u00e4isi lattiatilaa perinteisen raapimispuun sijaan? Wall of Rebels -mallisto keskittyy kaikkeen, mit\u00e4 tarvitaan t\u00e4ydellisen kiipeilysein\u00e4n luomiseen. Pes\u00e4t, askelmat, sillat, tikkaat ja raapimisalustat \u2013 l\u00f6yd\u00e4t ne kaikki verkkokaupastamme!<\/p>\n<p>Kissat ovat taitavia monessa asiassa, mutta laiskottelussa ne ovat parhaita! Kunnollinen pes\u00e4 tai ripustuskeinu on t\u00e4rke\u00e4 osa kiipeilysein\u00e4\u00e4, sill\u00e4 vilkkaan leikin j\u00e4lkeen on my\u00f6s lev\u00e4tt\u00e4v\u00e4. Varmista, ett\u00e4 kissallasi on helppo p\u00e4\u00e4sy ripustuskeinulle k\u00e4ytt\u00e4m\u00e4ll\u00e4 esimerkiksi lis\u00e4askelmia.<\/p>\n<ul>\n<li>Mitat \u2013 pituus 50 cm, leveys 39 cm ja korkeus 7 cm<\/li>\n<li>Keinu on valmistettu kest\u00e4v\u00e4st\u00e4 eukalyptuspuusta ja soveltuu my\u00f6s suurille ja painaville kissoille (huomioithan tuotteen mitat).<\/li>\n<li>Keinun tekstiilikansi on pest\u00e4v\u00e4 ja helppo kiinnitt\u00e4\u00e4.<\/li>\n<li>Mukana kiinnitysmateriaalit sein\u00e4\u00e4n asennusta varten.<\/li>\n<\/ul>\n","protected":false},"featured_media":20951,"template":"","meta":[],"product_brand":[],"product_cat":[263],"product_tag":[],"class_list":{"0":"post-31249","1":"product","2":"type-product","3":"status-publish","4":"has-post-thumbnail","6":"product_cat-kiipeilyseina-kissoille","8":"first","9":"instock","10":"sale","11":"taxable","12":"shipping-taxable","13":"purchasable","14":"product-type-simple"},"yoast_head":"<!-- This site is optimized with the Yoast SEO plugin v27.4 - https:\/\/yoast.com\/product\/yoast-seo-wordpress\/ -->\n<title>Sein\u00e4kiinnitteinen riippukeinu Lazy 50, old grey - MiuMjau<\/title>\n<meta name=\"description\" content=\"Sein\u00e4\u00e4n kiinnitett\u00e4v\u00e4 ripustuskeinu Lazy 50 on loistava lis\u00e4 kissan kiipeilysein\u00e4\u00e4n. Rakenna juuri sellainen kiipeilysein\u00e4 kuin haluat ja ilahduta kissaasi! Laaja valikoima erilaisia elementtej\u00e4!\" \/>\n<meta name=\"robots\" content=\"index, follow, max-snippet:-1, max-image-preview:large, max-video-preview:-1\" \/>\n<link rel=\"canonical\" href=\"https:\/\/miumjau.ee\/fi\/tuote\/seinakiinnitteinen-riippukeinu-lazy-50-old-grey\/\" \/>\n<meta property=\"og:locale\" content=\"fi_FI\" \/>\n<meta property=\"og:type\" content=\"article\" \/>\n<meta property=\"og:title\" content=\"Sein\u00e4kiinnitteinen riippukeinu Lazy 50, old grey - MiuMjau\" \/>\n<meta property=\"og:description\" content=\"Sein\u00e4\u00e4n kiinnitett\u00e4v\u00e4 ripustuskeinu Lazy 50 on loistava lis\u00e4 kissan kiipeilysein\u00e4\u00e4n. Rakenna juuri sellainen kiipeilysein\u00e4 kuin haluat ja ilahduta kissaasi! Laaja valikoima erilaisia elementtej\u00e4!\" \/>\n<meta property=\"og:url\" content=\"https:\/\/miumjau.ee\/fi\/tuote\/seinakiinnitteinen-riippukeinu-lazy-50-old-grey\/\" \/>\n<meta property=\"og:site_name\" content=\"MiuMjau\" \/>\n<meta property=\"article:publisher\" content=\"https:\/\/www.facebook.com\/miumjaupood\/\" \/>\n<meta property=\"article:modified_time\" content=\"2026-01-07T20:51:47+00:00\" \/>\n<meta property=\"og:image\" content=\"https:\/\/miumjau.ee\/wp-content\/uploads\/2023\/12\/seinakinnitusega-pesa-kassile-lazy503.jpg\" \/>\n\t<meta property=\"og:image:width\" content=\"600\" \/>\n\t<meta property=\"og:image:height\" content=\"800\" \/>\n\t<meta property=\"og:image:type\" content=\"image\/jpeg\" \/>\n<meta name=\"twitter:card\" content=\"summary_large_image\" \/>\n<script type=\"application\/ld+json\" class=\"yoast-schema-graph\">{\"@context\":\"https:\\\/\\\/schema.org\",\"@graph\":[{\"@type\":\"WebPage\",\"@id\":\"https:\\\/\\\/miumjau.ee\\\/fi\\\/tuote\\\/seinakiinnitteinen-riippukeinu-lazy-50-old-grey\\\/\",\"url\":\"https:\\\/\\\/miumjau.ee\\\/fi\\\/tuote\\\/seinakiinnitteinen-riippukeinu-lazy-50-old-grey\\\/\",\"name\":\"Sein\u00e4kiinnitteinen riippukeinu Lazy 50, old grey - MiuMjau\",\"isPartOf\":{\"@id\":\"https:\\\/\\\/miumjau.ee\\\/#website\"},\"primaryImageOfPage\":{\"@id\":\"https:\\\/\\\/miumjau.ee\\\/fi\\\/tuote\\\/seinakiinnitteinen-riippukeinu-lazy-50-old-grey\\\/#primaryimage\"},\"image\":{\"@id\":\"https:\\\/\\\/miumjau.ee\\\/fi\\\/tuote\\\/seinakiinnitteinen-riippukeinu-lazy-50-old-grey\\\/#primaryimage\"},\"thumbnailUrl\":\"https:\\\/\\\/miumjau.ee\\\/wp-content\\\/uploads\\\/2023\\\/12\\\/seinakinnitusega-pesa-kassile-lazy503.jpg\",\"datePublished\":\"2024-01-06T12:02:31+00:00\",\"dateModified\":\"2026-01-07T20:51:47+00:00\",\"description\":\"Sein\u00e4\u00e4n kiinnitett\u00e4v\u00e4 ripustuskeinu Lazy 50 on loistava lis\u00e4 kissan kiipeilysein\u00e4\u00e4n. Rakenna juuri sellainen kiipeilysein\u00e4 kuin haluat ja ilahduta kissaasi! Laaja valikoima erilaisia elementtej\u00e4!\",\"breadcrumb\":{\"@id\":\"https:\\\/\\\/miumjau.ee\\\/fi\\\/tuote\\\/seinakiinnitteinen-riippukeinu-lazy-50-old-grey\\\/#breadcrumb\"},\"inLanguage\":\"fi\",\"potentialAction\":[{\"@type\":\"ReadAction\",\"target\":[\"https:\\\/\\\/miumjau.ee\\\/fi\\\/tuote\\\/seinakiinnitteinen-riippukeinu-lazy-50-old-grey\\\/\"]}]},{\"@type\":\"ImageObject\",\"inLanguage\":\"fi\",\"@id\":\"https:\\\/\\\/miumjau.ee\\\/fi\\\/tuote\\\/seinakiinnitteinen-riippukeinu-lazy-50-old-grey\\\/#primaryimage\",\"url\":\"https:\\\/\\\/miumjau.ee\\\/wp-content\\\/uploads\\\/2023\\\/12\\\/seinakinnitusega-pesa-kassile-lazy503.jpg\",\"contentUrl\":\"https:\\\/\\\/miumjau.ee\\\/wp-content\\\/uploads\\\/2023\\\/12\\\/seinakinnitusega-pesa-kassile-lazy503.jpg\",\"width\":600,\"height\":800},{\"@type\":\"BreadcrumbList\",\"@id\":\"https:\\\/\\\/miumjau.ee\\\/fi\\\/tuote\\\/seinakiinnitteinen-riippukeinu-lazy-50-old-grey\\\/#breadcrumb\",\"itemListElement\":[{\"@type\":\"ListItem\",\"position\":1,\"name\":\"Home\",\"item\":\"https:\\\/\\\/miumjau.ee\\\/fi\\\/\"},{\"@type\":\"ListItem\",\"position\":2,\"name\":\"Kauppa\",\"item\":\"https:\\\/\\\/miumjau.ee\\\/fi\\\/kauppa\\\/\"},{\"@type\":\"ListItem\",\"position\":3,\"name\":\"Sein\u00e4kiinnitteinen riippukeinu Lazy 50, old grey\"}]},{\"@type\":\"WebSite\",\"@id\":\"https:\\\/\\\/miumjau.ee\\\/#website\",\"url\":\"https:\\\/\\\/miumjau.ee\\\/\",\"name\":\"MiuMjau\",\"description\":\"Kraapimispuud kassidele\",\"publisher\":{\"@id\":\"https:\\\/\\\/miumjau.ee\\\/#organization\"},\"potentialAction\":[{\"@type\":\"SearchAction\",\"target\":{\"@type\":\"EntryPoint\",\"urlTemplate\":\"https:\\\/\\\/miumjau.ee\\\/?s={search_term_string}\"},\"query-input\":{\"@type\":\"PropertyValueSpecification\",\"valueRequired\":true,\"valueName\":\"search_term_string\"}}],\"inLanguage\":\"fi\"},{\"@type\":\"Organization\",\"@id\":\"https:\\\/\\\/miumjau.ee\\\/#organization\",\"name\":\"MiuMjau O\u00dc\",\"url\":\"https:\\\/\\\/miumjau.ee\\\/\",\"logo\":{\"@type\":\"ImageObject\",\"inLanguage\":\"fi\",\"@id\":\"https:\\\/\\\/miumjau.ee\\\/#\\\/schema\\\/logo\\\/image\\\/\",\"url\":\"https:\\\/\\\/miumjau.ee\\\/wp-content\\\/uploads\\\/2022\\\/04\\\/MiuMjau-logo-kollane.png\",\"contentUrl\":\"https:\\\/\\\/miumjau.ee\\\/wp-content\\\/uploads\\\/2022\\\/04\\\/MiuMjau-logo-kollane.png\",\"width\":219,\"height\":100,\"caption\":\"MiuMjau O\u00dc\"},\"image\":{\"@id\":\"https:\\\/\\\/miumjau.ee\\\/#\\\/schema\\\/logo\\\/image\\\/\"},\"sameAs\":[\"https:\\\/\\\/www.facebook.com\\\/miumjaupood\\\/\"]}]}<\/script>\n<!-- \/ Yoast SEO plugin. -->","yoast_head_json":{"title":"Sein\u00e4kiinnitteinen riippukeinu Lazy 50, old grey - MiuMjau","description":"Sein\u00e4\u00e4n kiinnitett\u00e4v\u00e4 ripustuskeinu Lazy 50 on loistava lis\u00e4 kissan kiipeilysein\u00e4\u00e4n. Rakenna juuri sellainen kiipeilysein\u00e4 kuin haluat ja ilahduta kissaasi! Laaja valikoima erilaisia elementtej\u00e4!","robots":{"index":"index","follow":"follow","max-snippet":"max-snippet:-1","max-image-preview":"max-image-preview:large","max-video-preview":"max-video-preview:-1"},"canonical":"https:\/\/miumjau.ee\/fi\/tuote\/seinakiinnitteinen-riippukeinu-lazy-50-old-grey\/","og_locale":"fi_FI","og_type":"article","og_title":"Sein\u00e4kiinnitteinen riippukeinu Lazy 50, old grey - MiuMjau","og_description":"Sein\u00e4\u00e4n kiinnitett\u00e4v\u00e4 ripustuskeinu Lazy 50 on loistava lis\u00e4 kissan kiipeilysein\u00e4\u00e4n. Rakenna juuri sellainen kiipeilysein\u00e4 kuin haluat ja ilahduta kissaasi! Laaja valikoima erilaisia elementtej\u00e4!","og_url":"https:\/\/miumjau.ee\/fi\/tuote\/seinakiinnitteinen-riippukeinu-lazy-50-old-grey\/","og_site_name":"MiuMjau","article_publisher":"https:\/\/www.facebook.com\/miumjaupood\/","article_modified_time":"2026-01-07T20:51:47+00:00","og_image":[{"width":600,"height":800,"url":"https:\/\/miumjau.ee\/wp-content\/uploads\/2023\/12\/seinakinnitusega-pesa-kassile-lazy503.jpg","type":"image\/jpeg"}],"twitter_card":"summary_large_image","schema":{"@context":"https:\/\/schema.org","@graph":[{"@type":"WebPage","@id":"https:\/\/miumjau.ee\/fi\/tuote\/seinakiinnitteinen-riippukeinu-lazy-50-old-grey\/","url":"https:\/\/miumjau.ee\/fi\/tuote\/seinakiinnitteinen-riippukeinu-lazy-50-old-grey\/","name":"Sein\u00e4kiinnitteinen riippukeinu Lazy 50, old grey - MiuMjau","isPartOf":{"@id":"https:\/\/miumjau.ee\/#website"},"primaryImageOfPage":{"@id":"https:\/\/miumjau.ee\/fi\/tuote\/seinakiinnitteinen-riippukeinu-lazy-50-old-grey\/#primaryimage"},"image":{"@id":"https:\/\/miumjau.ee\/fi\/tuote\/seinakiinnitteinen-riippukeinu-lazy-50-old-grey\/#primaryimage"},"thumbnailUrl":"https:\/\/miumjau.ee\/wp-content\/uploads\/2023\/12\/seinakinnitusega-pesa-kassile-lazy503.jpg","datePublished":"2024-01-06T12:02:31+00:00","dateModified":"2026-01-07T20:51:47+00:00","description":"Sein\u00e4\u00e4n kiinnitett\u00e4v\u00e4 ripustuskeinu Lazy 50 on loistava lis\u00e4 kissan kiipeilysein\u00e4\u00e4n. Rakenna juuri sellainen kiipeilysein\u00e4 kuin haluat ja ilahduta kissaasi! Laaja valikoima erilaisia elementtej\u00e4!","breadcrumb":{"@id":"https:\/\/miumjau.ee\/fi\/tuote\/seinakiinnitteinen-riippukeinu-lazy-50-old-grey\/#breadcrumb"},"inLanguage":"fi","potentialAction":[{"@type":"ReadAction","target":["https:\/\/miumjau.ee\/fi\/tuote\/seinakiinnitteinen-riippukeinu-lazy-50-old-grey\/"]}]},{"@type":"ImageObject","inLanguage":"fi","@id":"https:\/\/miumjau.ee\/fi\/tuote\/seinakiinnitteinen-riippukeinu-lazy-50-old-grey\/#primaryimage","url":"https:\/\/miumjau.ee\/wp-content\/uploads\/2023\/12\/seinakinnitusega-pesa-kassile-lazy503.jpg","contentUrl":"https:\/\/miumjau.ee\/wp-content\/uploads\/2023\/12\/seinakinnitusega-pesa-kassile-lazy503.jpg","width":600,"height":800},{"@type":"BreadcrumbList","@id":"https:\/\/miumjau.ee\/fi\/tuote\/seinakiinnitteinen-riippukeinu-lazy-50-old-grey\/#breadcrumb","itemListElement":[{"@type":"ListItem","position":1,"name":"Home","item":"https:\/\/miumjau.ee\/fi\/"},{"@type":"ListItem","position":2,"name":"Kauppa","item":"https:\/\/miumjau.ee\/fi\/kauppa\/"},{"@type":"ListItem","position":3,"name":"Sein\u00e4kiinnitteinen riippukeinu Lazy 50, old grey"}]},{"@type":"WebSite","@id":"https:\/\/miumjau.ee\/#website","url":"https:\/\/miumjau.ee\/","name":"MiuMjau","description":"Kraapimispuud kassidele","publisher":{"@id":"https:\/\/miumjau.ee\/#organization"},"potentialAction":[{"@type":"SearchAction","target":{"@type":"EntryPoint","urlTemplate":"https:\/\/miumjau.ee\/?s={search_term_string}"},"query-input":{"@type":"PropertyValueSpecification","valueRequired":true,"valueName":"search_term_string"}}],"inLanguage":"fi"},{"@type":"Organization","@id":"https:\/\/miumjau.ee\/#organization","name":"MiuMjau O\u00dc","url":"https:\/\/miumjau.ee\/","logo":{"@type":"ImageObject","inLanguage":"fi","@id":"https:\/\/miumjau.ee\/#\/schema\/logo\/image\/","url":"https:\/\/miumjau.ee\/wp-content\/uploads\/2022\/04\/MiuMjau-logo-kollane.png","contentUrl":"https:\/\/miumjau.ee\/wp-content\/uploads\/2022\/04\/MiuMjau-logo-kollane.png","width":219,"height":100,"caption":"MiuMjau O\u00dc"},"image":{"@id":"https:\/\/miumjau.ee\/#\/schema\/logo\/image\/"},"sameAs":["https:\/\/www.facebook.com\/miumjaupood\/"]}]}},"_links":{"self":[{"href":"https:\/\/miumjau.ee\/fi\/wp-json\/wp\/v2\/product\/31249","targetHints":{"allow":["GET"]}}],"collection":[{"href":"https:\/\/miumjau.ee\/fi\/wp-json\/wp\/v2\/product"}],"about":[{"href":"https:\/\/miumjau.ee\/fi\/wp-json\/wp\/v2\/types\/product"}],"wp:featuredmedia":[{"embeddable":true,"href":"https:\/\/miumjau.ee\/fi\/wp-json\/wp\/v2\/media\/20951"}],"wp:attachment":[{"href":"https:\/\/miumjau.ee\/fi\/wp-json\/wp\/v2\/media?parent=31249"}],"wp:term":[{"taxonomy":"product_brand","embeddable":true,"href":"https:\/\/miumjau.ee\/fi\/wp-json\/wp\/v2\/product_brand?post=31249"},{"taxonomy":"product_cat","embeddable":true,"href":"https:\/\/miumjau.ee\/fi\/wp-json\/wp\/v2\/product_cat?post=31249"},{"taxonomy":"product_tag","embeddable":true,"href":"https:\/\/miumjau.ee\/fi\/wp-json\/wp\/v2\/product_tag?post=31249"}],"curies":[{"name":"wp","href":"https:\/\/api.w.org\/{rel}","templated":true}]}}