{"id":31235,"date":"2024-01-06T14:24:30","date_gmt":"2024-01-06T12:24:30","guid":{"rendered":"https:\/\/miumjau.ee\/toode\/seinalle-ripustettava-silta-bridge-135-wenge\/"},"modified":"2026-01-07T22:51:47","modified_gmt":"2026-01-07T20:51:47","slug":"seinalle-ripustettava-silta-bridge-135-wenge","status":"publish","type":"product","link":"https:\/\/miumjau.ee\/fi\/tuote\/seinalle-ripustettava-silta-bridge-135-wenge\/","title":{"rendered":"Sein\u00e4lle ripustettava silta Bridge 135, wenge"},"content":{"rendered":"","protected":false},"excerpt":{"rendered":"<p>Rippsilta Bridge 135 on ainutlaatuinen ja todella tyylik\u00e4s sein\u00e4kiinnitteinen silta kissoille. Kun tavallisesti hankitaan yksinkertaisia elementtej\u00e4, kuten portaita ja pesi\u00e4, t\u00e4m\u00e4n hankkimalla erotut muista todella! Mik\u00e4 kissa ei voisi nauttia t\u00e4llaisesta luksuksesta\u2026 Kissoista on hauskaa kiit\u00e4ess\u00e4 portaita ja siltaa pitkin suoraan pes\u00e4lle, ja miksei samalla teroittaa kynsi\u00e4\u00e4n matkan varrella. Kiipeilysein\u00e4 saa kissasi varmasti onnelliseksi! Wall of Rebels -kokoelma tarjoaa suuren valikoiman erilaisia elementtej\u00e4, joita voit yhdist\u00e4\u00e4 kissasi tarpeiden ja omien mieltymystesi mukaan.<\/p>\n<ul>\n<li>Mitat \u2013 pituus 135 cm, leveys 40 cm<\/li>\n<li>Valmistettu eukalyptuspuusta<\/li>\n<li>Peitetty irrotettavalla sisalmatolla<\/li>\n<li>Sis\u00e4lt\u00e4\u00e4 2x Bridge 43 -kantajaa ja kaikki tarvittavat sein\u00e4kiinnitysmateriaalit<\/li>\n<\/ul>\n","protected":false},"featured_media":20931,"template":"","meta":[],"product_brand":[],"product_cat":[263],"product_tag":[],"class_list":{"0":"post-31235","1":"product","2":"type-product","3":"status-publish","4":"has-post-thumbnail","6":"product_cat-kiipeilyseina-kissoille","7":"product_shipping_class-pakiautomaati-sobimatu-fi","9":"first","10":"instock","11":"sale","12":"taxable","13":"shipping-taxable","14":"purchasable","15":"product-type-simple"},"yoast_head":"<!-- This site is optimized with the Yoast SEO plugin v27.2 - https:\/\/yoast.com\/product\/yoast-seo-wordpress\/ -->\n<title>Sein\u00e4lle ripustettava silta Bridge 135, wenge - MiuMjau<\/title>\n<meta name=\"description\" content=\"Bridge 135 riippusilta on todella ylellinen elementti kissasi kiipeilysein\u00e4\u00e4n. Ole luova ja rakenna oma kiipeilylinnasi juuri sellaisena kuin haluat!\" \/>\n<meta name=\"robots\" content=\"index, follow, max-snippet:-1, max-image-preview:large, max-video-preview:-1\" \/>\n<link rel=\"canonical\" href=\"https:\/\/miumjau.ee\/fi\/tuote\/seinalle-ripustettava-silta-bridge-135-wenge\/\" \/>\n<meta property=\"og:locale\" content=\"fi_FI\" \/>\n<meta property=\"og:type\" content=\"article\" \/>\n<meta property=\"og:title\" content=\"Sein\u00e4lle ripustettava silta Bridge 135, wenge - MiuMjau\" \/>\n<meta property=\"og:description\" content=\"Bridge 135 riippusilta on todella ylellinen elementti kissasi kiipeilysein\u00e4\u00e4n. Ole luova ja rakenna oma kiipeilylinnasi juuri sellaisena kuin haluat!\" \/>\n<meta property=\"og:url\" content=\"https:\/\/miumjau.ee\/fi\/tuote\/seinalle-ripustettava-silta-bridge-135-wenge\/\" \/>\n<meta property=\"og:site_name\" content=\"MiuMjau\" \/>\n<meta property=\"article:publisher\" content=\"https:\/\/www.facebook.com\/miumjaupood\/\" \/>\n<meta property=\"article:modified_time\" content=\"2026-01-07T20:51:47+00:00\" \/>\n<meta property=\"og:image\" content=\"https:\/\/miumjau.ee\/wp-content\/uploads\/2023\/12\/rippsild-kassidele-bridge1351.jpg\" \/>\n\t<meta property=\"og:image:width\" content=\"600\" \/>\n\t<meta property=\"og:image:height\" content=\"800\" \/>\n\t<meta property=\"og:image:type\" content=\"image\/jpeg\" \/>\n<meta name=\"twitter:card\" content=\"summary_large_image\" \/>\n<script type=\"application\/ld+json\" class=\"yoast-schema-graph\">{\"@context\":\"https:\/\/schema.org\",\"@graph\":[{\"@type\":\"WebPage\",\"@id\":\"https:\/\/miumjau.ee\/fi\/tuote\/seinalle-ripustettava-silta-bridge-135-wenge\/\",\"url\":\"https:\/\/miumjau.ee\/fi\/tuote\/seinalle-ripustettava-silta-bridge-135-wenge\/\",\"name\":\"Sein\u00e4lle ripustettava silta Bridge 135, wenge - MiuMjau\",\"isPartOf\":{\"@id\":\"https:\/\/miumjau.ee\/#website\"},\"primaryImageOfPage\":{\"@id\":\"https:\/\/miumjau.ee\/fi\/tuote\/seinalle-ripustettava-silta-bridge-135-wenge\/#primaryimage\"},\"image\":{\"@id\":\"https:\/\/miumjau.ee\/fi\/tuote\/seinalle-ripustettava-silta-bridge-135-wenge\/#primaryimage\"},\"thumbnailUrl\":\"https:\/\/miumjau.ee\/wp-content\/uploads\/2023\/12\/rippsild-kassidele-bridge1351.jpg\",\"datePublished\":\"2024-01-06T12:24:30+00:00\",\"dateModified\":\"2026-01-07T20:51:47+00:00\",\"description\":\"Bridge 135 riippusilta on todella ylellinen elementti kissasi kiipeilysein\u00e4\u00e4n. Ole luova ja rakenna oma kiipeilylinnasi juuri sellaisena kuin haluat!\",\"breadcrumb\":{\"@id\":\"https:\/\/miumjau.ee\/fi\/tuote\/seinalle-ripustettava-silta-bridge-135-wenge\/#breadcrumb\"},\"inLanguage\":\"fi\",\"potentialAction\":[{\"@type\":\"ReadAction\",\"target\":[\"https:\/\/miumjau.ee\/fi\/tuote\/seinalle-ripustettava-silta-bridge-135-wenge\/\"]}]},{\"@type\":\"ImageObject\",\"inLanguage\":\"fi\",\"@id\":\"https:\/\/miumjau.ee\/fi\/tuote\/seinalle-ripustettava-silta-bridge-135-wenge\/#primaryimage\",\"url\":\"https:\/\/miumjau.ee\/wp-content\/uploads\/2023\/12\/rippsild-kassidele-bridge1351.jpg\",\"contentUrl\":\"https:\/\/miumjau.ee\/wp-content\/uploads\/2023\/12\/rippsild-kassidele-bridge1351.jpg\",\"width\":600,\"height\":800},{\"@type\":\"BreadcrumbList\",\"@id\":\"https:\/\/miumjau.ee\/fi\/tuote\/seinalle-ripustettava-silta-bridge-135-wenge\/#breadcrumb\",\"itemListElement\":[{\"@type\":\"ListItem\",\"position\":1,\"name\":\"Home\",\"item\":\"https:\/\/miumjau.ee\/fi\/\"},{\"@type\":\"ListItem\",\"position\":2,\"name\":\"Kauppa\",\"item\":\"https:\/\/miumjau.ee\/fi\/kauppa\/\"},{\"@type\":\"ListItem\",\"position\":3,\"name\":\"Sein\u00e4lle ripustettava silta Bridge 135, wenge\"}]},{\"@type\":\"WebSite\",\"@id\":\"https:\/\/miumjau.ee\/#website\",\"url\":\"https:\/\/miumjau.ee\/\",\"name\":\"MiuMjau\",\"description\":\"Kraapimispuud kassidele\",\"publisher\":{\"@id\":\"https:\/\/miumjau.ee\/#organization\"},\"potentialAction\":[{\"@type\":\"SearchAction\",\"target\":{\"@type\":\"EntryPoint\",\"urlTemplate\":\"https:\/\/miumjau.ee\/?s={search_term_string}\"},\"query-input\":{\"@type\":\"PropertyValueSpecification\",\"valueRequired\":true,\"valueName\":\"search_term_string\"}}],\"inLanguage\":\"fi\"},{\"@type\":\"Organization\",\"@id\":\"https:\/\/miumjau.ee\/#organization\",\"name\":\"MiuMjau O\u00dc\",\"url\":\"https:\/\/miumjau.ee\/\",\"logo\":{\"@type\":\"ImageObject\",\"inLanguage\":\"fi\",\"@id\":\"https:\/\/miumjau.ee\/#\/schema\/logo\/image\/\",\"url\":\"https:\/\/miumjau.ee\/wp-content\/uploads\/2022\/04\/MiuMjau-logo-kollane.png\",\"contentUrl\":\"https:\/\/miumjau.ee\/wp-content\/uploads\/2022\/04\/MiuMjau-logo-kollane.png\",\"width\":219,\"height\":100,\"caption\":\"MiuMjau O\u00dc\"},\"image\":{\"@id\":\"https:\/\/miumjau.ee\/#\/schema\/logo\/image\/\"},\"sameAs\":[\"https:\/\/www.facebook.com\/miumjaupood\/\"]}]}<\/script>\n<!-- \/ Yoast SEO plugin. -->","yoast_head_json":{"title":"Sein\u00e4lle ripustettava silta Bridge 135, wenge - MiuMjau","description":"Bridge 135 riippusilta on todella ylellinen elementti kissasi kiipeilysein\u00e4\u00e4n. Ole luova ja rakenna oma kiipeilylinnasi juuri sellaisena kuin haluat!","robots":{"index":"index","follow":"follow","max-snippet":"max-snippet:-1","max-image-preview":"max-image-preview:large","max-video-preview":"max-video-preview:-1"},"canonical":"https:\/\/miumjau.ee\/fi\/tuote\/seinalle-ripustettava-silta-bridge-135-wenge\/","og_locale":"fi_FI","og_type":"article","og_title":"Sein\u00e4lle ripustettava silta Bridge 135, wenge - MiuMjau","og_description":"Bridge 135 riippusilta on todella ylellinen elementti kissasi kiipeilysein\u00e4\u00e4n. Ole luova ja rakenna oma kiipeilylinnasi juuri sellaisena kuin haluat!","og_url":"https:\/\/miumjau.ee\/fi\/tuote\/seinalle-ripustettava-silta-bridge-135-wenge\/","og_site_name":"MiuMjau","article_publisher":"https:\/\/www.facebook.com\/miumjaupood\/","article_modified_time":"2026-01-07T20:51:47+00:00","og_image":[{"width":600,"height":800,"url":"https:\/\/miumjau.ee\/wp-content\/uploads\/2023\/12\/rippsild-kassidele-bridge1351.jpg","type":"image\/jpeg"}],"twitter_card":"summary_large_image","schema":{"@context":"https:\/\/schema.org","@graph":[{"@type":"WebPage","@id":"https:\/\/miumjau.ee\/fi\/tuote\/seinalle-ripustettava-silta-bridge-135-wenge\/","url":"https:\/\/miumjau.ee\/fi\/tuote\/seinalle-ripustettava-silta-bridge-135-wenge\/","name":"Sein\u00e4lle ripustettava silta Bridge 135, wenge - MiuMjau","isPartOf":{"@id":"https:\/\/miumjau.ee\/#website"},"primaryImageOfPage":{"@id":"https:\/\/miumjau.ee\/fi\/tuote\/seinalle-ripustettava-silta-bridge-135-wenge\/#primaryimage"},"image":{"@id":"https:\/\/miumjau.ee\/fi\/tuote\/seinalle-ripustettava-silta-bridge-135-wenge\/#primaryimage"},"thumbnailUrl":"https:\/\/miumjau.ee\/wp-content\/uploads\/2023\/12\/rippsild-kassidele-bridge1351.jpg","datePublished":"2024-01-06T12:24:30+00:00","dateModified":"2026-01-07T20:51:47+00:00","description":"Bridge 135 riippusilta on todella ylellinen elementti kissasi kiipeilysein\u00e4\u00e4n. Ole luova ja rakenna oma kiipeilylinnasi juuri sellaisena kuin haluat!","breadcrumb":{"@id":"https:\/\/miumjau.ee\/fi\/tuote\/seinalle-ripustettava-silta-bridge-135-wenge\/#breadcrumb"},"inLanguage":"fi","potentialAction":[{"@type":"ReadAction","target":["https:\/\/miumjau.ee\/fi\/tuote\/seinalle-ripustettava-silta-bridge-135-wenge\/"]}]},{"@type":"ImageObject","inLanguage":"fi","@id":"https:\/\/miumjau.ee\/fi\/tuote\/seinalle-ripustettava-silta-bridge-135-wenge\/#primaryimage","url":"https:\/\/miumjau.ee\/wp-content\/uploads\/2023\/12\/rippsild-kassidele-bridge1351.jpg","contentUrl":"https:\/\/miumjau.ee\/wp-content\/uploads\/2023\/12\/rippsild-kassidele-bridge1351.jpg","width":600,"height":800},{"@type":"BreadcrumbList","@id":"https:\/\/miumjau.ee\/fi\/tuote\/seinalle-ripustettava-silta-bridge-135-wenge\/#breadcrumb","itemListElement":[{"@type":"ListItem","position":1,"name":"Home","item":"https:\/\/miumjau.ee\/fi\/"},{"@type":"ListItem","position":2,"name":"Kauppa","item":"https:\/\/miumjau.ee\/fi\/kauppa\/"},{"@type":"ListItem","position":3,"name":"Sein\u00e4lle ripustettava silta Bridge 135, wenge"}]},{"@type":"WebSite","@id":"https:\/\/miumjau.ee\/#website","url":"https:\/\/miumjau.ee\/","name":"MiuMjau","description":"Kraapimispuud kassidele","publisher":{"@id":"https:\/\/miumjau.ee\/#organization"},"potentialAction":[{"@type":"SearchAction","target":{"@type":"EntryPoint","urlTemplate":"https:\/\/miumjau.ee\/?s={search_term_string}"},"query-input":{"@type":"PropertyValueSpecification","valueRequired":true,"valueName":"search_term_string"}}],"inLanguage":"fi"},{"@type":"Organization","@id":"https:\/\/miumjau.ee\/#organization","name":"MiuMjau O\u00dc","url":"https:\/\/miumjau.ee\/","logo":{"@type":"ImageObject","inLanguage":"fi","@id":"https:\/\/miumjau.ee\/#\/schema\/logo\/image\/","url":"https:\/\/miumjau.ee\/wp-content\/uploads\/2022\/04\/MiuMjau-logo-kollane.png","contentUrl":"https:\/\/miumjau.ee\/wp-content\/uploads\/2022\/04\/MiuMjau-logo-kollane.png","width":219,"height":100,"caption":"MiuMjau O\u00dc"},"image":{"@id":"https:\/\/miumjau.ee\/#\/schema\/logo\/image\/"},"sameAs":["https:\/\/www.facebook.com\/miumjaupood\/"]}]}},"_links":{"self":[{"href":"https:\/\/miumjau.ee\/fi\/wp-json\/wp\/v2\/product\/31235","targetHints":{"allow":["GET"]}}],"collection":[{"href":"https:\/\/miumjau.ee\/fi\/wp-json\/wp\/v2\/product"}],"about":[{"href":"https:\/\/miumjau.ee\/fi\/wp-json\/wp\/v2\/types\/product"}],"wp:featuredmedia":[{"embeddable":true,"href":"https:\/\/miumjau.ee\/fi\/wp-json\/wp\/v2\/media\/20931"}],"wp:attachment":[{"href":"https:\/\/miumjau.ee\/fi\/wp-json\/wp\/v2\/media?parent=31235"}],"wp:term":[{"taxonomy":"product_brand","embeddable":true,"href":"https:\/\/miumjau.ee\/fi\/wp-json\/wp\/v2\/product_brand?post=31235"},{"taxonomy":"product_cat","embeddable":true,"href":"https:\/\/miumjau.ee\/fi\/wp-json\/wp\/v2\/product_cat?post=31235"},{"taxonomy":"product_tag","embeddable":true,"href":"https:\/\/miumjau.ee\/fi\/wp-json\/wp\/v2\/product_tag?post=31235"}],"curies":[{"name":"wp","href":"https:\/\/api.w.org\/{rel}","templated":true}]}}