{"id":31226,"date":"2024-01-14T13:51:12","date_gmt":"2024-01-14T11:51:12","guid":{"rendered":"https:\/\/miumjau.ee\/toode\/raapimisalusta-play-natural-birch\/"},"modified":"2026-01-07T22:51:54","modified_gmt":"2026-01-07T20:51:54","slug":"raapimisalusta-play-natural-birch","status":"publish","type":"product","link":"https:\/\/miumjau.ee\/fi\/tuote\/raapimisalusta-play-natural-birch\/","title":{"rendered":"Raapimisalusta PLAY+, natural birch"},"content":{"rendered":"","protected":false},"excerpt":{"rendered":"<p>Raapimisalusta PLAY+ T\u0161ekin valmistajalta Ekomazlicek<\/p>\n<p>Raapimisalan syvyys 40 cm<br \/>\nPituus 55 cm<br \/>\nKorkeus 15 cm<\/p>\n<p>Raapimisalusta PLAY+ on myydyin minimalistinen alusta, joka tarjoaa kissoille erinomaista muotoilua ja paljon hauskuutta. Lis\u00e4ksi se toimii kissan leluena!<\/p>\n<p>Raapimisalusta on valmistettu ensiluokkaisesta viisipaperikertoimesta, ja sen etu- ja takapinnat ovat vanerista. Vain t\u00e4m\u00e4 laadukas kartonki kest\u00e4\u00e4 lemmikkisi raapimista pitk\u00e4\u00e4n. Kun raapimispylv\u00e4s on kulunut, voit helposti kierr\u00e4tt\u00e4\u00e4 sen paperij\u00e4tteen\u00e4. Toimimme ymp\u00e4rist\u00f6tietoisesti ja ekologisesti.<\/p>\n<p>Jos n\u00e4et ensimm\u00e4ist\u00e4 kertaa kartongista valmistetun raapimisalustan, saatat mietti\u00e4.. MIT\u00c4 t\u00e4m\u00e4 nyt on, eih\u00e4n t\u00e4m\u00e4 kest\u00e4&#8230; Mutta olet v\u00e4\u00e4r\u00e4ss\u00e4! Tuote voi kissojen m\u00e4\u00e4r\u00e4n ja raapimistarpeen mukaan kest\u00e4\u00e4 vuosia! Se tarjoaa suuren raapimisalueen ja koska kyseess\u00e4 on kohotettu alue, kissat nauttivat usein my\u00f6s makoilemisesta sill\u00e4. Aluksi kissalla voi kest\u00e4\u00e4 hetki tottua tuotteeseen. Jos kissasi ei ymm\u00e4rr\u00e4, mist\u00e4 on kyse (huolimatta siit\u00e4, millaisesta raapimistuotteesta on kyse), voit kokeilla suihkuttaa v\u00e4h\u00e4n Catnip-suihketta ja leikki\u00e4 kissan kanssa tuotteen p\u00e4\u00e4ll\u00e4. T\u00e4m\u00e4 helpottaa kissan ymm\u00e4rt\u00e4mist\u00e4, mist\u00e4 on kyse.<\/p>\n<p>PS: Raapimispylv\u00e4\u00e4t ja alustat on yleens\u00e4 suunniteltu t\u00e4ytt\u00e4m\u00e4\u00e4n kissojen raapimistarpeet ja parantamaan niiden hyvinvointia, ei vain kynsien teroittamista varten. Jos kissallasi on hyvin leikatut kynnet ja kaunis manikyyri, t\u00e4m\u00e4n tyyppiset tuotteet kest\u00e4v\u00e4t paljon pidemp\u00e4\u00e4n.<\/p>\n<p>Heti saatavilla!<\/p>\n","protected":false},"featured_media":21436,"template":"","meta":[],"product_brand":[],"product_cat":[256],"product_tag":[],"class_list":{"0":"post-31226","1":"product","2":"type-product","3":"status-publish","4":"has-post-thumbnail","6":"product_cat-kissan-sanky-ja-raapimalauta","7":"product_shipping_class-pakiautomaati-sobimatu-fi","9":"first","10":"instock","11":"sale","12":"taxable","13":"shipping-taxable","14":"purchasable","15":"product-type-simple"},"yoast_head":"<!-- This site is optimized with the Yoast SEO plugin v27.4 - https:\/\/yoast.com\/product\/yoast-seo-wordpress\/ -->\n<title>Raapimisalusta PLAY+, natural birch - MiuMjau<\/title>\n<meta name=\"description\" content=\"Raapimisalusta on ainutlaatuinen ulkon\u00e4k\u00f6 ja se on valmistettu aaltopahvista. Kest\u00e4\u00e4 pitk\u00e4\u00e4n ja kissalla on hauskaa! Huolehdimme siit\u00e4, ett\u00e4 my\u00f6s kissoillamme on tekemist\u00e4\" \/>\n<meta name=\"robots\" content=\"index, follow, max-snippet:-1, max-image-preview:large, max-video-preview:-1\" \/>\n<link rel=\"canonical\" href=\"https:\/\/miumjau.ee\/fi\/tuote\/raapimisalusta-play-natural-birch\/\" \/>\n<meta property=\"og:locale\" content=\"fi_FI\" \/>\n<meta property=\"og:type\" content=\"article\" \/>\n<meta property=\"og:title\" content=\"Raapimisalusta PLAY+, natural birch - MiuMjau\" \/>\n<meta property=\"og:description\" content=\"Raapimisalusta on ainutlaatuinen ulkon\u00e4k\u00f6 ja se on valmistettu aaltopahvista. Kest\u00e4\u00e4 pitk\u00e4\u00e4n ja kissalla on hauskaa! Huolehdimme siit\u00e4, ett\u00e4 my\u00f6s kissoillamme on tekemist\u00e4\" \/>\n<meta property=\"og:url\" content=\"https:\/\/miumjau.ee\/fi\/tuote\/raapimisalusta-play-natural-birch\/\" \/>\n<meta property=\"og:site_name\" content=\"MiuMjau\" \/>\n<meta property=\"article:publisher\" content=\"https:\/\/www.facebook.com\/miumjaupood\/\" \/>\n<meta property=\"article:modified_time\" content=\"2026-01-07T20:51:54+00:00\" \/>\n<meta property=\"og:image\" content=\"https:\/\/miumjau.ee\/wp-content\/uploads\/2024\/01\/kraapimisalus-ekomazlicek-play.jpg\" \/>\n\t<meta property=\"og:image:width\" content=\"600\" \/>\n\t<meta property=\"og:image:height\" content=\"600\" \/>\n\t<meta property=\"og:image:type\" content=\"image\/jpeg\" \/>\n<meta name=\"twitter:card\" content=\"summary_large_image\" \/>\n<script type=\"application\/ld+json\" class=\"yoast-schema-graph\">{\"@context\":\"https:\\\/\\\/schema.org\",\"@graph\":[{\"@type\":\"WebPage\",\"@id\":\"https:\\\/\\\/miumjau.ee\\\/fi\\\/tuote\\\/raapimisalusta-play-natural-birch\\\/\",\"url\":\"https:\\\/\\\/miumjau.ee\\\/fi\\\/tuote\\\/raapimisalusta-play-natural-birch\\\/\",\"name\":\"Raapimisalusta PLAY+, natural birch - MiuMjau\",\"isPartOf\":{\"@id\":\"https:\\\/\\\/miumjau.ee\\\/#website\"},\"primaryImageOfPage\":{\"@id\":\"https:\\\/\\\/miumjau.ee\\\/fi\\\/tuote\\\/raapimisalusta-play-natural-birch\\\/#primaryimage\"},\"image\":{\"@id\":\"https:\\\/\\\/miumjau.ee\\\/fi\\\/tuote\\\/raapimisalusta-play-natural-birch\\\/#primaryimage\"},\"thumbnailUrl\":\"https:\\\/\\\/miumjau.ee\\\/wp-content\\\/uploads\\\/2024\\\/01\\\/kraapimisalus-ekomazlicek-play.jpg\",\"datePublished\":\"2024-01-14T11:51:12+00:00\",\"dateModified\":\"2026-01-07T20:51:54+00:00\",\"description\":\"Raapimisalusta on ainutlaatuinen ulkon\u00e4k\u00f6 ja se on valmistettu aaltopahvista. Kest\u00e4\u00e4 pitk\u00e4\u00e4n ja kissalla on hauskaa! Huolehdimme siit\u00e4, ett\u00e4 my\u00f6s kissoillamme on tekemist\u00e4\",\"breadcrumb\":{\"@id\":\"https:\\\/\\\/miumjau.ee\\\/fi\\\/tuote\\\/raapimisalusta-play-natural-birch\\\/#breadcrumb\"},\"inLanguage\":\"fi\",\"potentialAction\":[{\"@type\":\"ReadAction\",\"target\":[\"https:\\\/\\\/miumjau.ee\\\/fi\\\/tuote\\\/raapimisalusta-play-natural-birch\\\/\"]}]},{\"@type\":\"ImageObject\",\"inLanguage\":\"fi\",\"@id\":\"https:\\\/\\\/miumjau.ee\\\/fi\\\/tuote\\\/raapimisalusta-play-natural-birch\\\/#primaryimage\",\"url\":\"https:\\\/\\\/miumjau.ee\\\/wp-content\\\/uploads\\\/2024\\\/01\\\/kraapimisalus-ekomazlicek-play.jpg\",\"contentUrl\":\"https:\\\/\\\/miumjau.ee\\\/wp-content\\\/uploads\\\/2024\\\/01\\\/kraapimisalus-ekomazlicek-play.jpg\",\"width\":600,\"height\":600},{\"@type\":\"BreadcrumbList\",\"@id\":\"https:\\\/\\\/miumjau.ee\\\/fi\\\/tuote\\\/raapimisalusta-play-natural-birch\\\/#breadcrumb\",\"itemListElement\":[{\"@type\":\"ListItem\",\"position\":1,\"name\":\"Home\",\"item\":\"https:\\\/\\\/miumjau.ee\\\/fi\\\/\"},{\"@type\":\"ListItem\",\"position\":2,\"name\":\"Kauppa\",\"item\":\"https:\\\/\\\/miumjau.ee\\\/fi\\\/kauppa\\\/\"},{\"@type\":\"ListItem\",\"position\":3,\"name\":\"Raapimisalusta PLAY+, natural birch\"}]},{\"@type\":\"WebSite\",\"@id\":\"https:\\\/\\\/miumjau.ee\\\/#website\",\"url\":\"https:\\\/\\\/miumjau.ee\\\/\",\"name\":\"MiuMjau\",\"description\":\"Kraapimispuud kassidele\",\"publisher\":{\"@id\":\"https:\\\/\\\/miumjau.ee\\\/#organization\"},\"potentialAction\":[{\"@type\":\"SearchAction\",\"target\":{\"@type\":\"EntryPoint\",\"urlTemplate\":\"https:\\\/\\\/miumjau.ee\\\/?s={search_term_string}\"},\"query-input\":{\"@type\":\"PropertyValueSpecification\",\"valueRequired\":true,\"valueName\":\"search_term_string\"}}],\"inLanguage\":\"fi\"},{\"@type\":\"Organization\",\"@id\":\"https:\\\/\\\/miumjau.ee\\\/#organization\",\"name\":\"MiuMjau O\u00dc\",\"url\":\"https:\\\/\\\/miumjau.ee\\\/\",\"logo\":{\"@type\":\"ImageObject\",\"inLanguage\":\"fi\",\"@id\":\"https:\\\/\\\/miumjau.ee\\\/#\\\/schema\\\/logo\\\/image\\\/\",\"url\":\"https:\\\/\\\/miumjau.ee\\\/wp-content\\\/uploads\\\/2022\\\/04\\\/MiuMjau-logo-kollane.png\",\"contentUrl\":\"https:\\\/\\\/miumjau.ee\\\/wp-content\\\/uploads\\\/2022\\\/04\\\/MiuMjau-logo-kollane.png\",\"width\":219,\"height\":100,\"caption\":\"MiuMjau O\u00dc\"},\"image\":{\"@id\":\"https:\\\/\\\/miumjau.ee\\\/#\\\/schema\\\/logo\\\/image\\\/\"},\"sameAs\":[\"https:\\\/\\\/www.facebook.com\\\/miumjaupood\\\/\"]}]}<\/script>\n<!-- \/ Yoast SEO plugin. -->","yoast_head_json":{"title":"Raapimisalusta PLAY+, natural birch - MiuMjau","description":"Raapimisalusta on ainutlaatuinen ulkon\u00e4k\u00f6 ja se on valmistettu aaltopahvista. Kest\u00e4\u00e4 pitk\u00e4\u00e4n ja kissalla on hauskaa! Huolehdimme siit\u00e4, ett\u00e4 my\u00f6s kissoillamme on tekemist\u00e4","robots":{"index":"index","follow":"follow","max-snippet":"max-snippet:-1","max-image-preview":"max-image-preview:large","max-video-preview":"max-video-preview:-1"},"canonical":"https:\/\/miumjau.ee\/fi\/tuote\/raapimisalusta-play-natural-birch\/","og_locale":"fi_FI","og_type":"article","og_title":"Raapimisalusta PLAY+, natural birch - MiuMjau","og_description":"Raapimisalusta on ainutlaatuinen ulkon\u00e4k\u00f6 ja se on valmistettu aaltopahvista. Kest\u00e4\u00e4 pitk\u00e4\u00e4n ja kissalla on hauskaa! Huolehdimme siit\u00e4, ett\u00e4 my\u00f6s kissoillamme on tekemist\u00e4","og_url":"https:\/\/miumjau.ee\/fi\/tuote\/raapimisalusta-play-natural-birch\/","og_site_name":"MiuMjau","article_publisher":"https:\/\/www.facebook.com\/miumjaupood\/","article_modified_time":"2026-01-07T20:51:54+00:00","og_image":[{"width":600,"height":600,"url":"https:\/\/miumjau.ee\/wp-content\/uploads\/2024\/01\/kraapimisalus-ekomazlicek-play.jpg","type":"image\/jpeg"}],"twitter_card":"summary_large_image","schema":{"@context":"https:\/\/schema.org","@graph":[{"@type":"WebPage","@id":"https:\/\/miumjau.ee\/fi\/tuote\/raapimisalusta-play-natural-birch\/","url":"https:\/\/miumjau.ee\/fi\/tuote\/raapimisalusta-play-natural-birch\/","name":"Raapimisalusta PLAY+, natural birch - MiuMjau","isPartOf":{"@id":"https:\/\/miumjau.ee\/#website"},"primaryImageOfPage":{"@id":"https:\/\/miumjau.ee\/fi\/tuote\/raapimisalusta-play-natural-birch\/#primaryimage"},"image":{"@id":"https:\/\/miumjau.ee\/fi\/tuote\/raapimisalusta-play-natural-birch\/#primaryimage"},"thumbnailUrl":"https:\/\/miumjau.ee\/wp-content\/uploads\/2024\/01\/kraapimisalus-ekomazlicek-play.jpg","datePublished":"2024-01-14T11:51:12+00:00","dateModified":"2026-01-07T20:51:54+00:00","description":"Raapimisalusta on ainutlaatuinen ulkon\u00e4k\u00f6 ja se on valmistettu aaltopahvista. Kest\u00e4\u00e4 pitk\u00e4\u00e4n ja kissalla on hauskaa! Huolehdimme siit\u00e4, ett\u00e4 my\u00f6s kissoillamme on tekemist\u00e4","breadcrumb":{"@id":"https:\/\/miumjau.ee\/fi\/tuote\/raapimisalusta-play-natural-birch\/#breadcrumb"},"inLanguage":"fi","potentialAction":[{"@type":"ReadAction","target":["https:\/\/miumjau.ee\/fi\/tuote\/raapimisalusta-play-natural-birch\/"]}]},{"@type":"ImageObject","inLanguage":"fi","@id":"https:\/\/miumjau.ee\/fi\/tuote\/raapimisalusta-play-natural-birch\/#primaryimage","url":"https:\/\/miumjau.ee\/wp-content\/uploads\/2024\/01\/kraapimisalus-ekomazlicek-play.jpg","contentUrl":"https:\/\/miumjau.ee\/wp-content\/uploads\/2024\/01\/kraapimisalus-ekomazlicek-play.jpg","width":600,"height":600},{"@type":"BreadcrumbList","@id":"https:\/\/miumjau.ee\/fi\/tuote\/raapimisalusta-play-natural-birch\/#breadcrumb","itemListElement":[{"@type":"ListItem","position":1,"name":"Home","item":"https:\/\/miumjau.ee\/fi\/"},{"@type":"ListItem","position":2,"name":"Kauppa","item":"https:\/\/miumjau.ee\/fi\/kauppa\/"},{"@type":"ListItem","position":3,"name":"Raapimisalusta PLAY+, natural birch"}]},{"@type":"WebSite","@id":"https:\/\/miumjau.ee\/#website","url":"https:\/\/miumjau.ee\/","name":"MiuMjau","description":"Kraapimispuud kassidele","publisher":{"@id":"https:\/\/miumjau.ee\/#organization"},"potentialAction":[{"@type":"SearchAction","target":{"@type":"EntryPoint","urlTemplate":"https:\/\/miumjau.ee\/?s={search_term_string}"},"query-input":{"@type":"PropertyValueSpecification","valueRequired":true,"valueName":"search_term_string"}}],"inLanguage":"fi"},{"@type":"Organization","@id":"https:\/\/miumjau.ee\/#organization","name":"MiuMjau O\u00dc","url":"https:\/\/miumjau.ee\/","logo":{"@type":"ImageObject","inLanguage":"fi","@id":"https:\/\/miumjau.ee\/#\/schema\/logo\/image\/","url":"https:\/\/miumjau.ee\/wp-content\/uploads\/2022\/04\/MiuMjau-logo-kollane.png","contentUrl":"https:\/\/miumjau.ee\/wp-content\/uploads\/2022\/04\/MiuMjau-logo-kollane.png","width":219,"height":100,"caption":"MiuMjau O\u00dc"},"image":{"@id":"https:\/\/miumjau.ee\/#\/schema\/logo\/image\/"},"sameAs":["https:\/\/www.facebook.com\/miumjaupood\/"]}]}},"_links":{"self":[{"href":"https:\/\/miumjau.ee\/fi\/wp-json\/wp\/v2\/product\/31226","targetHints":{"allow":["GET"]}}],"collection":[{"href":"https:\/\/miumjau.ee\/fi\/wp-json\/wp\/v2\/product"}],"about":[{"href":"https:\/\/miumjau.ee\/fi\/wp-json\/wp\/v2\/types\/product"}],"wp:featuredmedia":[{"embeddable":true,"href":"https:\/\/miumjau.ee\/fi\/wp-json\/wp\/v2\/media\/21436"}],"wp:attachment":[{"href":"https:\/\/miumjau.ee\/fi\/wp-json\/wp\/v2\/media?parent=31226"}],"wp:term":[{"taxonomy":"product_brand","embeddable":true,"href":"https:\/\/miumjau.ee\/fi\/wp-json\/wp\/v2\/product_brand?post=31226"},{"taxonomy":"product_cat","embeddable":true,"href":"https:\/\/miumjau.ee\/fi\/wp-json\/wp\/v2\/product_cat?post=31226"},{"taxonomy":"product_tag","embeddable":true,"href":"https:\/\/miumjau.ee\/fi\/wp-json\/wp\/v2\/product_tag?post=31226"}],"curies":[{"name":"wp","href":"https:\/\/api.w.org\/{rel}","templated":true}]}}