{"id":31225,"date":"2024-01-14T15:31:00","date_gmt":"2024-01-14T13:31:00","guid":{"rendered":"https:\/\/miumjau.ee\/toode\/raapimisalusta-catty-exclusive-wenge\/"},"modified":"2026-01-07T22:51:54","modified_gmt":"2026-01-07T20:51:54","slug":"raapimisalusta-catty-exclusive-wenge","status":"publish","type":"product","link":"https:\/\/miumjau.ee\/fi\/tuote\/raapimisalusta-catty-exclusive-wenge\/","title":{"rendered":"Raapimisalusta Catty exclusive, wenge"},"content":{"rendered":"","protected":false},"excerpt":{"rendered":"<p>Kraapimisalusta Catty Exclusive T\u0161ekin valmistajalta Ekomazlicek<\/p>\n<p>Kraapimisalan syvyys 50 cm<br \/>\nPituus 40 cm<br \/>\nKorkeus 33 cm<\/p>\n<p>\u00c4lyk\u00e4s raapimisputki, piilopaikka ja leikkialue kissaasi. Riitt\u00e4v\u00e4n syv\u00e4 my\u00f6s isommille kissoille. Eritt\u00e4in s\u00f6p\u00f6 ulkon\u00e4k\u00f6!<\/p>\n<p>Kaikki raapimisalustamme on valmistettu korkealaatuisesta viisipaperikertoimesta. T\u00e4m\u00e4n mallin taka- ja etupinnat on p\u00e4\u00e4llystetty puuvanerilla. Vain t\u00e4m\u00e4 eritt\u00e4in laadukas kartonki kest\u00e4\u00e4 lemmikkisi kynsilt\u00e4 pitk\u00e4\u00e4n. Kun raapimisalue on kulunut, voit helposti kierr\u00e4tt\u00e4\u00e4 sen paperij\u00e4tteen\u00e4. Olemme ymp\u00e4rist\u00f6tietoisia ja toimimme ekologisesti.<\/p>\n<p>Tietoa: Jos mallin nimen per\u00e4ss\u00e4 on sana &#8221;exclusive&#8221;, sen etu- ja takapinnat on my\u00f6s p\u00e4\u00e4llystetty vanerilla, jotta ulkon\u00e4k\u00f6 pysyy pitk\u00e4\u00e4n kauniina ja luksuksellisena. Raapimistolpat ja alustat on yleens\u00e4 suunniteltu t\u00e4ytt\u00e4m\u00e4\u00e4n kissojen raapimis tarpeet ja parantamaan niiden hyvinvointia, ei vain kynsien teroittamista varten. Jos kissallasi on hyvin leikatut kynnet ja kaunis manikyyri, t\u00e4m\u00e4n tyyppiset tuotteet kest\u00e4v\u00e4t paljon pidemp\u00e4\u00e4n.<\/p>\n<p>Heti saatavilla!<\/p>\n","protected":false},"featured_media":21441,"template":"","meta":[],"product_brand":[],"product_cat":[256],"product_tag":[],"class_list":{"0":"post-31225","1":"product","2":"type-product","3":"status-publish","4":"has-post-thumbnail","6":"product_cat-kissan-sanky-ja-raapimalauta","7":"product_shipping_class-pakiautomaati-sobimatu-fi","9":"first","10":"instock","11":"sale","12":"taxable","13":"shipping-taxable","14":"purchasable","15":"product-type-simple"},"yoast_head":"<!-- This site is optimized with the Yoast SEO plugin v27.4 - https:\/\/yoast.com\/product\/yoast-seo-wordpress\/ -->\n<title>Raapimisalusta Catty exclusive, wenge - MiuMjau<\/title>\n<meta name=\"description\" content=\"Raapimisalusta on ainutlaatuinen ulkon\u00e4k\u00f6 ja se on valmistettu aaltopahvista. Kest\u00e4\u00e4 pitk\u00e4\u00e4n ja kissalla on hauskaa! Huolehdimme siit\u00e4, ett\u00e4 my\u00f6s kissoillamme on tekemist\u00e4\" \/>\n<meta name=\"robots\" content=\"index, follow, max-snippet:-1, max-image-preview:large, max-video-preview:-1\" \/>\n<link rel=\"canonical\" href=\"https:\/\/miumjau.ee\/fi\/tuote\/raapimisalusta-catty-exclusive-wenge\/\" \/>\n<meta property=\"og:locale\" content=\"fi_FI\" \/>\n<meta property=\"og:type\" content=\"article\" \/>\n<meta property=\"og:title\" content=\"Raapimisalusta Catty exclusive, wenge - MiuMjau\" \/>\n<meta property=\"og:description\" content=\"Raapimisalusta on ainutlaatuinen ulkon\u00e4k\u00f6 ja se on valmistettu aaltopahvista. Kest\u00e4\u00e4 pitk\u00e4\u00e4n ja kissalla on hauskaa! Huolehdimme siit\u00e4, ett\u00e4 my\u00f6s kissoillamme on tekemist\u00e4\" \/>\n<meta property=\"og:url\" content=\"https:\/\/miumjau.ee\/fi\/tuote\/raapimisalusta-catty-exclusive-wenge\/\" \/>\n<meta property=\"og:site_name\" content=\"MiuMjau\" \/>\n<meta property=\"article:publisher\" content=\"https:\/\/www.facebook.com\/miumjaupood\/\" \/>\n<meta property=\"article:modified_time\" content=\"2026-01-07T20:51:54+00:00\" \/>\n<meta property=\"og:image\" content=\"https:\/\/miumjau.ee\/wp-content\/uploads\/2024\/01\/kraapimsalus-catty-exclusive-wenge1.png\" \/>\n\t<meta property=\"og:image:width\" content=\"600\" \/>\n\t<meta property=\"og:image:height\" content=\"600\" \/>\n\t<meta property=\"og:image:type\" content=\"image\/png\" \/>\n<meta name=\"twitter:card\" content=\"summary_large_image\" \/>\n<script type=\"application\/ld+json\" class=\"yoast-schema-graph\">{\"@context\":\"https:\\\/\\\/schema.org\",\"@graph\":[{\"@type\":\"WebPage\",\"@id\":\"https:\\\/\\\/miumjau.ee\\\/fi\\\/tuote\\\/raapimisalusta-catty-exclusive-wenge\\\/\",\"url\":\"https:\\\/\\\/miumjau.ee\\\/fi\\\/tuote\\\/raapimisalusta-catty-exclusive-wenge\\\/\",\"name\":\"Raapimisalusta Catty exclusive, wenge - MiuMjau\",\"isPartOf\":{\"@id\":\"https:\\\/\\\/miumjau.ee\\\/#website\"},\"primaryImageOfPage\":{\"@id\":\"https:\\\/\\\/miumjau.ee\\\/fi\\\/tuote\\\/raapimisalusta-catty-exclusive-wenge\\\/#primaryimage\"},\"image\":{\"@id\":\"https:\\\/\\\/miumjau.ee\\\/fi\\\/tuote\\\/raapimisalusta-catty-exclusive-wenge\\\/#primaryimage\"},\"thumbnailUrl\":\"https:\\\/\\\/miumjau.ee\\\/wp-content\\\/uploads\\\/2024\\\/01\\\/kraapimsalus-catty-exclusive-wenge1.png\",\"datePublished\":\"2024-01-14T13:31:00+00:00\",\"dateModified\":\"2026-01-07T20:51:54+00:00\",\"description\":\"Raapimisalusta on ainutlaatuinen ulkon\u00e4k\u00f6 ja se on valmistettu aaltopahvista. Kest\u00e4\u00e4 pitk\u00e4\u00e4n ja kissalla on hauskaa! Huolehdimme siit\u00e4, ett\u00e4 my\u00f6s kissoillamme on tekemist\u00e4\",\"breadcrumb\":{\"@id\":\"https:\\\/\\\/miumjau.ee\\\/fi\\\/tuote\\\/raapimisalusta-catty-exclusive-wenge\\\/#breadcrumb\"},\"inLanguage\":\"fi\",\"potentialAction\":[{\"@type\":\"ReadAction\",\"target\":[\"https:\\\/\\\/miumjau.ee\\\/fi\\\/tuote\\\/raapimisalusta-catty-exclusive-wenge\\\/\"]}]},{\"@type\":\"ImageObject\",\"inLanguage\":\"fi\",\"@id\":\"https:\\\/\\\/miumjau.ee\\\/fi\\\/tuote\\\/raapimisalusta-catty-exclusive-wenge\\\/#primaryimage\",\"url\":\"https:\\\/\\\/miumjau.ee\\\/wp-content\\\/uploads\\\/2024\\\/01\\\/kraapimsalus-catty-exclusive-wenge1.png\",\"contentUrl\":\"https:\\\/\\\/miumjau.ee\\\/wp-content\\\/uploads\\\/2024\\\/01\\\/kraapimsalus-catty-exclusive-wenge1.png\",\"width\":600,\"height\":600},{\"@type\":\"BreadcrumbList\",\"@id\":\"https:\\\/\\\/miumjau.ee\\\/fi\\\/tuote\\\/raapimisalusta-catty-exclusive-wenge\\\/#breadcrumb\",\"itemListElement\":[{\"@type\":\"ListItem\",\"position\":1,\"name\":\"Home\",\"item\":\"https:\\\/\\\/miumjau.ee\\\/fi\\\/\"},{\"@type\":\"ListItem\",\"position\":2,\"name\":\"Kauppa\",\"item\":\"https:\\\/\\\/miumjau.ee\\\/fi\\\/kauppa\\\/\"},{\"@type\":\"ListItem\",\"position\":3,\"name\":\"Raapimisalusta Catty exclusive, wenge\"}]},{\"@type\":\"WebSite\",\"@id\":\"https:\\\/\\\/miumjau.ee\\\/#website\",\"url\":\"https:\\\/\\\/miumjau.ee\\\/\",\"name\":\"MiuMjau\",\"description\":\"Kraapimispuud kassidele\",\"publisher\":{\"@id\":\"https:\\\/\\\/miumjau.ee\\\/#organization\"},\"potentialAction\":[{\"@type\":\"SearchAction\",\"target\":{\"@type\":\"EntryPoint\",\"urlTemplate\":\"https:\\\/\\\/miumjau.ee\\\/?s={search_term_string}\"},\"query-input\":{\"@type\":\"PropertyValueSpecification\",\"valueRequired\":true,\"valueName\":\"search_term_string\"}}],\"inLanguage\":\"fi\"},{\"@type\":\"Organization\",\"@id\":\"https:\\\/\\\/miumjau.ee\\\/#organization\",\"name\":\"MiuMjau O\u00dc\",\"url\":\"https:\\\/\\\/miumjau.ee\\\/\",\"logo\":{\"@type\":\"ImageObject\",\"inLanguage\":\"fi\",\"@id\":\"https:\\\/\\\/miumjau.ee\\\/#\\\/schema\\\/logo\\\/image\\\/\",\"url\":\"https:\\\/\\\/miumjau.ee\\\/wp-content\\\/uploads\\\/2022\\\/04\\\/MiuMjau-logo-kollane.png\",\"contentUrl\":\"https:\\\/\\\/miumjau.ee\\\/wp-content\\\/uploads\\\/2022\\\/04\\\/MiuMjau-logo-kollane.png\",\"width\":219,\"height\":100,\"caption\":\"MiuMjau O\u00dc\"},\"image\":{\"@id\":\"https:\\\/\\\/miumjau.ee\\\/#\\\/schema\\\/logo\\\/image\\\/\"},\"sameAs\":[\"https:\\\/\\\/www.facebook.com\\\/miumjaupood\\\/\"]}]}<\/script>\n<!-- \/ Yoast SEO plugin. -->","yoast_head_json":{"title":"Raapimisalusta Catty exclusive, wenge - MiuMjau","description":"Raapimisalusta on ainutlaatuinen ulkon\u00e4k\u00f6 ja se on valmistettu aaltopahvista. Kest\u00e4\u00e4 pitk\u00e4\u00e4n ja kissalla on hauskaa! Huolehdimme siit\u00e4, ett\u00e4 my\u00f6s kissoillamme on tekemist\u00e4","robots":{"index":"index","follow":"follow","max-snippet":"max-snippet:-1","max-image-preview":"max-image-preview:large","max-video-preview":"max-video-preview:-1"},"canonical":"https:\/\/miumjau.ee\/fi\/tuote\/raapimisalusta-catty-exclusive-wenge\/","og_locale":"fi_FI","og_type":"article","og_title":"Raapimisalusta Catty exclusive, wenge - MiuMjau","og_description":"Raapimisalusta on ainutlaatuinen ulkon\u00e4k\u00f6 ja se on valmistettu aaltopahvista. Kest\u00e4\u00e4 pitk\u00e4\u00e4n ja kissalla on hauskaa! Huolehdimme siit\u00e4, ett\u00e4 my\u00f6s kissoillamme on tekemist\u00e4","og_url":"https:\/\/miumjau.ee\/fi\/tuote\/raapimisalusta-catty-exclusive-wenge\/","og_site_name":"MiuMjau","article_publisher":"https:\/\/www.facebook.com\/miumjaupood\/","article_modified_time":"2026-01-07T20:51:54+00:00","og_image":[{"width":600,"height":600,"url":"https:\/\/miumjau.ee\/wp-content\/uploads\/2024\/01\/kraapimsalus-catty-exclusive-wenge1.png","type":"image\/png"}],"twitter_card":"summary_large_image","schema":{"@context":"https:\/\/schema.org","@graph":[{"@type":"WebPage","@id":"https:\/\/miumjau.ee\/fi\/tuote\/raapimisalusta-catty-exclusive-wenge\/","url":"https:\/\/miumjau.ee\/fi\/tuote\/raapimisalusta-catty-exclusive-wenge\/","name":"Raapimisalusta Catty exclusive, wenge - MiuMjau","isPartOf":{"@id":"https:\/\/miumjau.ee\/#website"},"primaryImageOfPage":{"@id":"https:\/\/miumjau.ee\/fi\/tuote\/raapimisalusta-catty-exclusive-wenge\/#primaryimage"},"image":{"@id":"https:\/\/miumjau.ee\/fi\/tuote\/raapimisalusta-catty-exclusive-wenge\/#primaryimage"},"thumbnailUrl":"https:\/\/miumjau.ee\/wp-content\/uploads\/2024\/01\/kraapimsalus-catty-exclusive-wenge1.png","datePublished":"2024-01-14T13:31:00+00:00","dateModified":"2026-01-07T20:51:54+00:00","description":"Raapimisalusta on ainutlaatuinen ulkon\u00e4k\u00f6 ja se on valmistettu aaltopahvista. Kest\u00e4\u00e4 pitk\u00e4\u00e4n ja kissalla on hauskaa! Huolehdimme siit\u00e4, ett\u00e4 my\u00f6s kissoillamme on tekemist\u00e4","breadcrumb":{"@id":"https:\/\/miumjau.ee\/fi\/tuote\/raapimisalusta-catty-exclusive-wenge\/#breadcrumb"},"inLanguage":"fi","potentialAction":[{"@type":"ReadAction","target":["https:\/\/miumjau.ee\/fi\/tuote\/raapimisalusta-catty-exclusive-wenge\/"]}]},{"@type":"ImageObject","inLanguage":"fi","@id":"https:\/\/miumjau.ee\/fi\/tuote\/raapimisalusta-catty-exclusive-wenge\/#primaryimage","url":"https:\/\/miumjau.ee\/wp-content\/uploads\/2024\/01\/kraapimsalus-catty-exclusive-wenge1.png","contentUrl":"https:\/\/miumjau.ee\/wp-content\/uploads\/2024\/01\/kraapimsalus-catty-exclusive-wenge1.png","width":600,"height":600},{"@type":"BreadcrumbList","@id":"https:\/\/miumjau.ee\/fi\/tuote\/raapimisalusta-catty-exclusive-wenge\/#breadcrumb","itemListElement":[{"@type":"ListItem","position":1,"name":"Home","item":"https:\/\/miumjau.ee\/fi\/"},{"@type":"ListItem","position":2,"name":"Kauppa","item":"https:\/\/miumjau.ee\/fi\/kauppa\/"},{"@type":"ListItem","position":3,"name":"Raapimisalusta Catty exclusive, wenge"}]},{"@type":"WebSite","@id":"https:\/\/miumjau.ee\/#website","url":"https:\/\/miumjau.ee\/","name":"MiuMjau","description":"Kraapimispuud kassidele","publisher":{"@id":"https:\/\/miumjau.ee\/#organization"},"potentialAction":[{"@type":"SearchAction","target":{"@type":"EntryPoint","urlTemplate":"https:\/\/miumjau.ee\/?s={search_term_string}"},"query-input":{"@type":"PropertyValueSpecification","valueRequired":true,"valueName":"search_term_string"}}],"inLanguage":"fi"},{"@type":"Organization","@id":"https:\/\/miumjau.ee\/#organization","name":"MiuMjau O\u00dc","url":"https:\/\/miumjau.ee\/","logo":{"@type":"ImageObject","inLanguage":"fi","@id":"https:\/\/miumjau.ee\/#\/schema\/logo\/image\/","url":"https:\/\/miumjau.ee\/wp-content\/uploads\/2022\/04\/MiuMjau-logo-kollane.png","contentUrl":"https:\/\/miumjau.ee\/wp-content\/uploads\/2022\/04\/MiuMjau-logo-kollane.png","width":219,"height":100,"caption":"MiuMjau O\u00dc"},"image":{"@id":"https:\/\/miumjau.ee\/#\/schema\/logo\/image\/"},"sameAs":["https:\/\/www.facebook.com\/miumjaupood\/"]}]}},"_links":{"self":[{"href":"https:\/\/miumjau.ee\/fi\/wp-json\/wp\/v2\/product\/31225","targetHints":{"allow":["GET"]}}],"collection":[{"href":"https:\/\/miumjau.ee\/fi\/wp-json\/wp\/v2\/product"}],"about":[{"href":"https:\/\/miumjau.ee\/fi\/wp-json\/wp\/v2\/types\/product"}],"wp:featuredmedia":[{"embeddable":true,"href":"https:\/\/miumjau.ee\/fi\/wp-json\/wp\/v2\/media\/21441"}],"wp:attachment":[{"href":"https:\/\/miumjau.ee\/fi\/wp-json\/wp\/v2\/media?parent=31225"}],"wp:term":[{"taxonomy":"product_brand","embeddable":true,"href":"https:\/\/miumjau.ee\/fi\/wp-json\/wp\/v2\/product_brand?post=31225"},{"taxonomy":"product_cat","embeddable":true,"href":"https:\/\/miumjau.ee\/fi\/wp-json\/wp\/v2\/product_cat?post=31225"},{"taxonomy":"product_tag","embeddable":true,"href":"https:\/\/miumjau.ee\/fi\/wp-json\/wp\/v2\/product_tag?post=31225"}],"curies":[{"name":"wp","href":"https:\/\/api.w.org\/{rel}","templated":true}]}}