{"id":31221,"date":"2024-01-15T14:46:21","date_gmt":"2024-01-15T12:46:21","guid":{"rendered":"https:\/\/miumjau.ee\/toode\/raapimisalusta-loft-exclusive-harmaa\/"},"modified":"2026-01-07T22:52:02","modified_gmt":"2026-01-07T20:52:02","slug":"raapimisalusta-loft-exclusive-harmaa","status":"publish","type":"product","link":"https:\/\/miumjau.ee\/fi\/tuote\/raapimisalusta-loft-exclusive-harmaa\/","title":{"rendered":"Raapimisalusta LOFT exclusive, harmaa"},"content":{"rendered":"","protected":false},"excerpt":{"rendered":"<p>Raapimisalusta LOFT Exclusive T\u0161ekin valmistajalta Ekomazlicek<\/p>\n<ul>\n<li>Raapimisalueen syvyys: 30 cm<\/li>\n<\/ul>\n<p>\u00c4lyk\u00e4s raapimisitunneli, piilopaikan ja leikkialueen yhdistelm\u00e4 kissalle. Riitt\u00e4v\u00e4n syv\u00e4 my\u00f6s suuremmille kissoille. Eritt\u00e4in s\u00f6p\u00f6 ulkon\u00e4k\u00f6!<\/p>\n<p>Kaikki raapimisalustamme on valmistettu korkealaatuisesta viisikertaisesta aaltopahvista. T\u00e4ss\u00e4 mallissa on takana ja edess\u00e4 puuviilupaneelit. Vain t\u00e4m\u00e4 eritt\u00e4in laadukas pahvi kest\u00e4\u00e4 pitk\u00e4\u00e4n lemmikkisi kynsien kulutusta. Kun raapimisalusta on kulunut, voit helposti kierr\u00e4tt\u00e4\u00e4 sen paperij\u00e4tteen\u00e4. Huolehditaan ymp\u00e4rist\u00f6st\u00e4mme ja toimitaan ekologisesti.<\/p>\n<p>Tietoa: Jos mallin nimess\u00e4 on sana &#8221;exclusive&#8221;, sen etu- ja takapuoli on p\u00e4\u00e4llystetty viilulla, jotta se pysyy ekstra ylellisen\u00e4 ja esteettinen ulkon\u00e4k\u00f6 kest\u00e4\u00e4 pidemp\u00e4\u00e4n. Raapimispylv\u00e4\u00e4t ja alustat on suunniteltu p\u00e4\u00e4asiassa kissojen raapimis tarpeiden tyydytt\u00e4miseksi ja niiden hyvinvoinnin parantamiseksi, ei pelk\u00e4st\u00e4\u00e4n kynsien teroittamiseen. Jos kissalla on hyvin leikattuja kynsi\u00e4 ja kaunis manikyyri, t\u00e4llaiset tuotteet kest\u00e4v\u00e4t paljon pidemp\u00e4\u00e4n.<\/p>\n<p>Heti saatavilla!<\/p>\n","protected":false},"featured_media":0,"template":"","meta":[],"product_brand":[],"product_cat":[],"product_tag":[],"class_list":{"0":"post-31221","1":"product","2":"type-product","3":"status-publish","6":"first","7":"instock","8":"sale","9":"taxable","10":"shipping-taxable","11":"purchasable","12":"product-type-simple"},"yoast_head":"<!-- This site is optimized with the Yoast SEO plugin v27.4 - https:\/\/yoast.com\/product\/yoast-seo-wordpress\/ -->\n<title>Raapimisalusta LOFT exclusive, harmaa - MiuMjau<\/title>\n<meta name=\"description\" content=\"Kissankoppa on ainutlaatuinen ulkon\u00e4\u00f6lt\u00e4\u00e4n ja valmistettu aaltopahvista. Se kest\u00e4\u00e4 pitk\u00e4\u00e4n ja kissalla on hauskaa laajasti! Huolehdimme siit\u00e4, ett\u00e4 my\u00f6s meid\u00e4n kissoillamme on tekemist\u00e4.\" \/>\n<meta name=\"robots\" content=\"index, follow, max-snippet:-1, max-image-preview:large, max-video-preview:-1\" \/>\n<link rel=\"canonical\" href=\"https:\/\/miumjau.ee\/fi\/tuote\/raapimisalusta-loft-exclusive-harmaa\/\" \/>\n<meta property=\"og:locale\" content=\"fi_FI\" \/>\n<meta property=\"og:type\" content=\"article\" \/>\n<meta property=\"og:title\" content=\"Raapimisalusta LOFT exclusive, harmaa - MiuMjau\" \/>\n<meta property=\"og:description\" content=\"Kissankoppa on ainutlaatuinen ulkon\u00e4\u00f6lt\u00e4\u00e4n ja valmistettu aaltopahvista. Se kest\u00e4\u00e4 pitk\u00e4\u00e4n ja kissalla on hauskaa laajasti! Huolehdimme siit\u00e4, ett\u00e4 my\u00f6s meid\u00e4n kissoillamme on tekemist\u00e4.\" \/>\n<meta property=\"og:url\" content=\"https:\/\/miumjau.ee\/fi\/tuote\/raapimisalusta-loft-exclusive-harmaa\/\" \/>\n<meta property=\"og:site_name\" content=\"MiuMjau\" \/>\n<meta property=\"article:publisher\" content=\"https:\/\/www.facebook.com\/miumjaupood\/\" \/>\n<meta property=\"article:modified_time\" content=\"2026-01-07T20:52:02+00:00\" \/>\n<meta property=\"og:image\" content=\"https:\/\/miumjau.ee\/wp-content\/uploads\/2024\/01\/kraapimisalus-loft-exclusive-grey.png\" \/>\n\t<meta property=\"og:image:width\" content=\"600\" \/>\n\t<meta property=\"og:image:height\" content=\"600\" \/>\n\t<meta property=\"og:image:type\" content=\"image\/png\" \/>\n<meta name=\"twitter:card\" content=\"summary_large_image\" \/>\n<script type=\"application\/ld+json\" class=\"yoast-schema-graph\">{\"@context\":\"https:\\\/\\\/schema.org\",\"@graph\":[{\"@type\":\"WebPage\",\"@id\":\"https:\\\/\\\/miumjau.ee\\\/fi\\\/tuote\\\/raapimisalusta-loft-exclusive-harmaa\\\/\",\"url\":\"https:\\\/\\\/miumjau.ee\\\/fi\\\/tuote\\\/raapimisalusta-loft-exclusive-harmaa\\\/\",\"name\":\"Raapimisalusta LOFT exclusive, harmaa - MiuMjau\",\"isPartOf\":{\"@id\":\"https:\\\/\\\/miumjau.ee\\\/#website\"},\"datePublished\":\"2024-01-15T12:46:21+00:00\",\"dateModified\":\"2026-01-07T20:52:02+00:00\",\"description\":\"Kissankoppa on ainutlaatuinen ulkon\u00e4\u00f6lt\u00e4\u00e4n ja valmistettu aaltopahvista. Se kest\u00e4\u00e4 pitk\u00e4\u00e4n ja kissalla on hauskaa laajasti! Huolehdimme siit\u00e4, ett\u00e4 my\u00f6s meid\u00e4n kissoillamme on tekemist\u00e4.\",\"breadcrumb\":{\"@id\":\"https:\\\/\\\/miumjau.ee\\\/fi\\\/tuote\\\/raapimisalusta-loft-exclusive-harmaa\\\/#breadcrumb\"},\"inLanguage\":\"fi\",\"potentialAction\":[{\"@type\":\"ReadAction\",\"target\":[\"https:\\\/\\\/miumjau.ee\\\/fi\\\/tuote\\\/raapimisalusta-loft-exclusive-harmaa\\\/\"]}]},{\"@type\":\"BreadcrumbList\",\"@id\":\"https:\\\/\\\/miumjau.ee\\\/fi\\\/tuote\\\/raapimisalusta-loft-exclusive-harmaa\\\/#breadcrumb\",\"itemListElement\":[{\"@type\":\"ListItem\",\"position\":1,\"name\":\"Home\",\"item\":\"https:\\\/\\\/miumjau.ee\\\/fi\\\/\"},{\"@type\":\"ListItem\",\"position\":2,\"name\":\"Kauppa\",\"item\":\"https:\\\/\\\/miumjau.ee\\\/fi\\\/kauppa\\\/\"},{\"@type\":\"ListItem\",\"position\":3,\"name\":\"Raapimisalusta LOFT exclusive, harmaa\"}]},{\"@type\":\"WebSite\",\"@id\":\"https:\\\/\\\/miumjau.ee\\\/#website\",\"url\":\"https:\\\/\\\/miumjau.ee\\\/\",\"name\":\"MiuMjau\",\"description\":\"Kraapimispuud kassidele\",\"publisher\":{\"@id\":\"https:\\\/\\\/miumjau.ee\\\/#organization\"},\"potentialAction\":[{\"@type\":\"SearchAction\",\"target\":{\"@type\":\"EntryPoint\",\"urlTemplate\":\"https:\\\/\\\/miumjau.ee\\\/?s={search_term_string}\"},\"query-input\":{\"@type\":\"PropertyValueSpecification\",\"valueRequired\":true,\"valueName\":\"search_term_string\"}}],\"inLanguage\":\"fi\"},{\"@type\":\"Organization\",\"@id\":\"https:\\\/\\\/miumjau.ee\\\/#organization\",\"name\":\"MiuMjau O\u00dc\",\"url\":\"https:\\\/\\\/miumjau.ee\\\/\",\"logo\":{\"@type\":\"ImageObject\",\"inLanguage\":\"fi\",\"@id\":\"https:\\\/\\\/miumjau.ee\\\/#\\\/schema\\\/logo\\\/image\\\/\",\"url\":\"https:\\\/\\\/miumjau.ee\\\/wp-content\\\/uploads\\\/2022\\\/04\\\/MiuMjau-logo-kollane.png\",\"contentUrl\":\"https:\\\/\\\/miumjau.ee\\\/wp-content\\\/uploads\\\/2022\\\/04\\\/MiuMjau-logo-kollane.png\",\"width\":219,\"height\":100,\"caption\":\"MiuMjau O\u00dc\"},\"image\":{\"@id\":\"https:\\\/\\\/miumjau.ee\\\/#\\\/schema\\\/logo\\\/image\\\/\"},\"sameAs\":[\"https:\\\/\\\/www.facebook.com\\\/miumjaupood\\\/\"]}]}<\/script>\n<!-- \/ Yoast SEO plugin. -->","yoast_head_json":{"title":"Raapimisalusta LOFT exclusive, harmaa - MiuMjau","description":"Kissankoppa on ainutlaatuinen ulkon\u00e4\u00f6lt\u00e4\u00e4n ja valmistettu aaltopahvista. Se kest\u00e4\u00e4 pitk\u00e4\u00e4n ja kissalla on hauskaa laajasti! Huolehdimme siit\u00e4, ett\u00e4 my\u00f6s meid\u00e4n kissoillamme on tekemist\u00e4.","robots":{"index":"index","follow":"follow","max-snippet":"max-snippet:-1","max-image-preview":"max-image-preview:large","max-video-preview":"max-video-preview:-1"},"canonical":"https:\/\/miumjau.ee\/fi\/tuote\/raapimisalusta-loft-exclusive-harmaa\/","og_locale":"fi_FI","og_type":"article","og_title":"Raapimisalusta LOFT exclusive, harmaa - MiuMjau","og_description":"Kissankoppa on ainutlaatuinen ulkon\u00e4\u00f6lt\u00e4\u00e4n ja valmistettu aaltopahvista. Se kest\u00e4\u00e4 pitk\u00e4\u00e4n ja kissalla on hauskaa laajasti! Huolehdimme siit\u00e4, ett\u00e4 my\u00f6s meid\u00e4n kissoillamme on tekemist\u00e4.","og_url":"https:\/\/miumjau.ee\/fi\/tuote\/raapimisalusta-loft-exclusive-harmaa\/","og_site_name":"MiuMjau","article_publisher":"https:\/\/www.facebook.com\/miumjaupood\/","article_modified_time":"2026-01-07T20:52:02+00:00","og_image":[{"width":600,"height":600,"url":"https:\/\/miumjau.ee\/wp-content\/uploads\/2024\/01\/kraapimisalus-loft-exclusive-grey.png","type":"image\/png"}],"twitter_card":"summary_large_image","schema":{"@context":"https:\/\/schema.org","@graph":[{"@type":"WebPage","@id":"https:\/\/miumjau.ee\/fi\/tuote\/raapimisalusta-loft-exclusive-harmaa\/","url":"https:\/\/miumjau.ee\/fi\/tuote\/raapimisalusta-loft-exclusive-harmaa\/","name":"Raapimisalusta LOFT exclusive, harmaa - MiuMjau","isPartOf":{"@id":"https:\/\/miumjau.ee\/#website"},"datePublished":"2024-01-15T12:46:21+00:00","dateModified":"2026-01-07T20:52:02+00:00","description":"Kissankoppa on ainutlaatuinen ulkon\u00e4\u00f6lt\u00e4\u00e4n ja valmistettu aaltopahvista. Se kest\u00e4\u00e4 pitk\u00e4\u00e4n ja kissalla on hauskaa laajasti! Huolehdimme siit\u00e4, ett\u00e4 my\u00f6s meid\u00e4n kissoillamme on tekemist\u00e4.","breadcrumb":{"@id":"https:\/\/miumjau.ee\/fi\/tuote\/raapimisalusta-loft-exclusive-harmaa\/#breadcrumb"},"inLanguage":"fi","potentialAction":[{"@type":"ReadAction","target":["https:\/\/miumjau.ee\/fi\/tuote\/raapimisalusta-loft-exclusive-harmaa\/"]}]},{"@type":"BreadcrumbList","@id":"https:\/\/miumjau.ee\/fi\/tuote\/raapimisalusta-loft-exclusive-harmaa\/#breadcrumb","itemListElement":[{"@type":"ListItem","position":1,"name":"Home","item":"https:\/\/miumjau.ee\/fi\/"},{"@type":"ListItem","position":2,"name":"Kauppa","item":"https:\/\/miumjau.ee\/fi\/kauppa\/"},{"@type":"ListItem","position":3,"name":"Raapimisalusta LOFT exclusive, harmaa"}]},{"@type":"WebSite","@id":"https:\/\/miumjau.ee\/#website","url":"https:\/\/miumjau.ee\/","name":"MiuMjau","description":"Kraapimispuud kassidele","publisher":{"@id":"https:\/\/miumjau.ee\/#organization"},"potentialAction":[{"@type":"SearchAction","target":{"@type":"EntryPoint","urlTemplate":"https:\/\/miumjau.ee\/?s={search_term_string}"},"query-input":{"@type":"PropertyValueSpecification","valueRequired":true,"valueName":"search_term_string"}}],"inLanguage":"fi"},{"@type":"Organization","@id":"https:\/\/miumjau.ee\/#organization","name":"MiuMjau O\u00dc","url":"https:\/\/miumjau.ee\/","logo":{"@type":"ImageObject","inLanguage":"fi","@id":"https:\/\/miumjau.ee\/#\/schema\/logo\/image\/","url":"https:\/\/miumjau.ee\/wp-content\/uploads\/2022\/04\/MiuMjau-logo-kollane.png","contentUrl":"https:\/\/miumjau.ee\/wp-content\/uploads\/2022\/04\/MiuMjau-logo-kollane.png","width":219,"height":100,"caption":"MiuMjau O\u00dc"},"image":{"@id":"https:\/\/miumjau.ee\/#\/schema\/logo\/image\/"},"sameAs":["https:\/\/www.facebook.com\/miumjaupood\/"]}]}},"_links":{"self":[{"href":"https:\/\/miumjau.ee\/fi\/wp-json\/wp\/v2\/product\/31221","targetHints":{"allow":["GET"]}}],"collection":[{"href":"https:\/\/miumjau.ee\/fi\/wp-json\/wp\/v2\/product"}],"about":[{"href":"https:\/\/miumjau.ee\/fi\/wp-json\/wp\/v2\/types\/product"}],"wp:attachment":[{"href":"https:\/\/miumjau.ee\/fi\/wp-json\/wp\/v2\/media?parent=31221"}],"wp:term":[{"taxonomy":"product_brand","embeddable":true,"href":"https:\/\/miumjau.ee\/fi\/wp-json\/wp\/v2\/product_brand?post=31221"},{"taxonomy":"product_cat","embeddable":true,"href":"https:\/\/miumjau.ee\/fi\/wp-json\/wp\/v2\/product_cat?post=31221"},{"taxonomy":"product_tag","embeddable":true,"href":"https:\/\/miumjau.ee\/fi\/wp-json\/wp\/v2\/product_tag?post=31221"}],"curies":[{"name":"wp","href":"https:\/\/api.w.org\/{rel}","templated":true}]}}