{"id":31214,"date":"2024-01-16T14:08:46","date_gmt":"2024-01-16T12:08:46","guid":{"rendered":"https:\/\/miumjau.ee\/toode\/kissan-peti-raapimisalusta-round-punainen\/"},"modified":"2026-01-07T22:52:02","modified_gmt":"2026-01-07T20:52:02","slug":"kissan-peti-raapimisalusta-round-punainen","status":"publish","type":"product","link":"https:\/\/miumjau.ee\/fi\/tuote\/kissan-peti-raapimisalusta-round-punainen\/","title":{"rendered":"Kissan peti, raapimisalusta ROUND, punainen"},"content":{"rendered":"","protected":false},"excerpt":{"rendered":"<p>Kissan peti \/ raapimisalusta ROUND T\u0161ekin valmistajalta Ekomazlicek<\/p>\n<ul>\n<li>Pedin korkeus: 10 cm<\/li>\n<li>Pedin halkaisija: 40 cm<\/li>\n<\/ul>\n<p>\u00c4lyk\u00e4s kissan peti, jossa on pehme\u00e4 pohjatyyny. Koko peti on valmistettu raapimiseen sopivasta aaltopahvista. Tyylikk\u00e4\u00e4n ulkon\u00e4\u00f6n antaa kaunis kuviointi \u2013 l\u00f6yd\u00e4 kotiisi sopiva design!<\/p>\n<p>Kaikki raapimisalustamme on valmistettu korkealaatuisesta viisikertaisesta aaltopahvista. T\u00e4ss\u00e4 mallissa on takana ja edess\u00e4 puuviilupaneelit. Vain t\u00e4m\u00e4 eritt\u00e4in laadukas pahvi kest\u00e4\u00e4 pitk\u00e4\u00e4n lemmikkisi kynsien kulutusta. Kun raapimisalusta on kulunut, voit helposti kierr\u00e4tt\u00e4\u00e4 sen paperij\u00e4tteen\u00e4. Huolehditaan ymp\u00e4rist\u00f6st\u00e4mme ja toimitaan ekologisesti!<\/p>\n<p>Heti saatavilla!<\/p>\n","protected":false},"featured_media":21460,"template":"","meta":[],"product_brand":[],"product_cat":[256],"product_tag":[],"class_list":{"0":"post-31214","1":"product","2":"type-product","3":"status-publish","4":"has-post-thumbnail","6":"product_cat-kissan-sanky-ja-raapimalauta","7":"product_shipping_class-pakiautomaati-sobimatu-fi","9":"first","10":"instock","11":"sale","12":"taxable","13":"shipping-taxable","14":"purchasable","15":"product-type-simple"},"yoast_head":"<!-- This site is optimized with the Yoast SEO plugin v27.4 - https:\/\/yoast.com\/product\/yoast-seo-wordpress\/ -->\n<title>Kissan peti, raapimisalusta ROUND, punainen - MiuMjau<\/title>\n<meta name=\"description\" content=\"Kissankoppa on ainutlaatuinen ulkon\u00e4\u00f6lt\u00e4\u00e4n ja valmistettu aaltopahvista. Se kest\u00e4\u00e4 pitk\u00e4\u00e4n ja kissalla on hauskaa laajasti! Huolehdimme siit\u00e4, ett\u00e4 my\u00f6s meid\u00e4n kissoillamme on tekemist\u00e4.\" \/>\n<meta name=\"robots\" content=\"index, follow, max-snippet:-1, max-image-preview:large, max-video-preview:-1\" \/>\n<link rel=\"canonical\" href=\"https:\/\/miumjau.ee\/fi\/tuote\/kissan-peti-raapimisalusta-round-punainen\/\" \/>\n<meta property=\"og:locale\" content=\"fi_FI\" \/>\n<meta property=\"og:type\" content=\"article\" \/>\n<meta property=\"og:title\" content=\"Kissan peti, raapimisalusta ROUND, punainen - MiuMjau\" \/>\n<meta property=\"og:description\" content=\"Kissankoppa on ainutlaatuinen ulkon\u00e4\u00f6lt\u00e4\u00e4n ja valmistettu aaltopahvista. Se kest\u00e4\u00e4 pitk\u00e4\u00e4n ja kissalla on hauskaa laajasti! Huolehdimme siit\u00e4, ett\u00e4 my\u00f6s meid\u00e4n kissoillamme on tekemist\u00e4.\" \/>\n<meta property=\"og:url\" content=\"https:\/\/miumjau.ee\/fi\/tuote\/kissan-peti-raapimisalusta-round-punainen\/\" \/>\n<meta property=\"og:site_name\" content=\"MiuMjau\" \/>\n<meta property=\"article:publisher\" content=\"https:\/\/www.facebook.com\/miumjaupood\/\" \/>\n<meta property=\"article:modified_time\" content=\"2026-01-07T20:52:02+00:00\" \/>\n<meta property=\"og:image\" content=\"https:\/\/miumjau.ee\/wp-content\/uploads\/2024\/01\/kraapimispesa-round-red-blurry.jpg\" \/>\n\t<meta property=\"og:image:width\" content=\"600\" \/>\n\t<meta property=\"og:image:height\" content=\"600\" \/>\n\t<meta property=\"og:image:type\" content=\"image\/jpeg\" \/>\n<meta name=\"twitter:card\" content=\"summary_large_image\" \/>\n<script type=\"application\/ld+json\" class=\"yoast-schema-graph\">{\"@context\":\"https:\\\/\\\/schema.org\",\"@graph\":[{\"@type\":\"WebPage\",\"@id\":\"https:\\\/\\\/miumjau.ee\\\/fi\\\/tuote\\\/kissan-peti-raapimisalusta-round-punainen\\\/\",\"url\":\"https:\\\/\\\/miumjau.ee\\\/fi\\\/tuote\\\/kissan-peti-raapimisalusta-round-punainen\\\/\",\"name\":\"Kissan peti, raapimisalusta ROUND, punainen - MiuMjau\",\"isPartOf\":{\"@id\":\"https:\\\/\\\/miumjau.ee\\\/#website\"},\"primaryImageOfPage\":{\"@id\":\"https:\\\/\\\/miumjau.ee\\\/fi\\\/tuote\\\/kissan-peti-raapimisalusta-round-punainen\\\/#primaryimage\"},\"image\":{\"@id\":\"https:\\\/\\\/miumjau.ee\\\/fi\\\/tuote\\\/kissan-peti-raapimisalusta-round-punainen\\\/#primaryimage\"},\"thumbnailUrl\":\"https:\\\/\\\/miumjau.ee\\\/wp-content\\\/uploads\\\/2024\\\/01\\\/kraapimispesa-round-red-blurry.jpg\",\"datePublished\":\"2024-01-16T12:08:46+00:00\",\"dateModified\":\"2026-01-07T20:52:02+00:00\",\"description\":\"Kissankoppa on ainutlaatuinen ulkon\u00e4\u00f6lt\u00e4\u00e4n ja valmistettu aaltopahvista. Se kest\u00e4\u00e4 pitk\u00e4\u00e4n ja kissalla on hauskaa laajasti! Huolehdimme siit\u00e4, ett\u00e4 my\u00f6s meid\u00e4n kissoillamme on tekemist\u00e4.\",\"breadcrumb\":{\"@id\":\"https:\\\/\\\/miumjau.ee\\\/fi\\\/tuote\\\/kissan-peti-raapimisalusta-round-punainen\\\/#breadcrumb\"},\"inLanguage\":\"fi\",\"potentialAction\":[{\"@type\":\"ReadAction\",\"target\":[\"https:\\\/\\\/miumjau.ee\\\/fi\\\/tuote\\\/kissan-peti-raapimisalusta-round-punainen\\\/\"]}]},{\"@type\":\"ImageObject\",\"inLanguage\":\"fi\",\"@id\":\"https:\\\/\\\/miumjau.ee\\\/fi\\\/tuote\\\/kissan-peti-raapimisalusta-round-punainen\\\/#primaryimage\",\"url\":\"https:\\\/\\\/miumjau.ee\\\/wp-content\\\/uploads\\\/2024\\\/01\\\/kraapimispesa-round-red-blurry.jpg\",\"contentUrl\":\"https:\\\/\\\/miumjau.ee\\\/wp-content\\\/uploads\\\/2024\\\/01\\\/kraapimispesa-round-red-blurry.jpg\",\"width\":600,\"height\":600},{\"@type\":\"BreadcrumbList\",\"@id\":\"https:\\\/\\\/miumjau.ee\\\/fi\\\/tuote\\\/kissan-peti-raapimisalusta-round-punainen\\\/#breadcrumb\",\"itemListElement\":[{\"@type\":\"ListItem\",\"position\":1,\"name\":\"Home\",\"item\":\"https:\\\/\\\/miumjau.ee\\\/fi\\\/\"},{\"@type\":\"ListItem\",\"position\":2,\"name\":\"Kauppa\",\"item\":\"https:\\\/\\\/miumjau.ee\\\/fi\\\/kauppa\\\/\"},{\"@type\":\"ListItem\",\"position\":3,\"name\":\"Kissan peti, raapimisalusta ROUND, punainen\"}]},{\"@type\":\"WebSite\",\"@id\":\"https:\\\/\\\/miumjau.ee\\\/#website\",\"url\":\"https:\\\/\\\/miumjau.ee\\\/\",\"name\":\"MiuMjau\",\"description\":\"Kraapimispuud kassidele\",\"publisher\":{\"@id\":\"https:\\\/\\\/miumjau.ee\\\/#organization\"},\"potentialAction\":[{\"@type\":\"SearchAction\",\"target\":{\"@type\":\"EntryPoint\",\"urlTemplate\":\"https:\\\/\\\/miumjau.ee\\\/?s={search_term_string}\"},\"query-input\":{\"@type\":\"PropertyValueSpecification\",\"valueRequired\":true,\"valueName\":\"search_term_string\"}}],\"inLanguage\":\"fi\"},{\"@type\":\"Organization\",\"@id\":\"https:\\\/\\\/miumjau.ee\\\/#organization\",\"name\":\"MiuMjau O\u00dc\",\"url\":\"https:\\\/\\\/miumjau.ee\\\/\",\"logo\":{\"@type\":\"ImageObject\",\"inLanguage\":\"fi\",\"@id\":\"https:\\\/\\\/miumjau.ee\\\/#\\\/schema\\\/logo\\\/image\\\/\",\"url\":\"https:\\\/\\\/miumjau.ee\\\/wp-content\\\/uploads\\\/2022\\\/04\\\/MiuMjau-logo-kollane.png\",\"contentUrl\":\"https:\\\/\\\/miumjau.ee\\\/wp-content\\\/uploads\\\/2022\\\/04\\\/MiuMjau-logo-kollane.png\",\"width\":219,\"height\":100,\"caption\":\"MiuMjau O\u00dc\"},\"image\":{\"@id\":\"https:\\\/\\\/miumjau.ee\\\/#\\\/schema\\\/logo\\\/image\\\/\"},\"sameAs\":[\"https:\\\/\\\/www.facebook.com\\\/miumjaupood\\\/\"]}]}<\/script>\n<!-- \/ Yoast SEO plugin. -->","yoast_head_json":{"title":"Kissan peti, raapimisalusta ROUND, punainen - MiuMjau","description":"Kissankoppa on ainutlaatuinen ulkon\u00e4\u00f6lt\u00e4\u00e4n ja valmistettu aaltopahvista. Se kest\u00e4\u00e4 pitk\u00e4\u00e4n ja kissalla on hauskaa laajasti! Huolehdimme siit\u00e4, ett\u00e4 my\u00f6s meid\u00e4n kissoillamme on tekemist\u00e4.","robots":{"index":"index","follow":"follow","max-snippet":"max-snippet:-1","max-image-preview":"max-image-preview:large","max-video-preview":"max-video-preview:-1"},"canonical":"https:\/\/miumjau.ee\/fi\/tuote\/kissan-peti-raapimisalusta-round-punainen\/","og_locale":"fi_FI","og_type":"article","og_title":"Kissan peti, raapimisalusta ROUND, punainen - MiuMjau","og_description":"Kissankoppa on ainutlaatuinen ulkon\u00e4\u00f6lt\u00e4\u00e4n ja valmistettu aaltopahvista. Se kest\u00e4\u00e4 pitk\u00e4\u00e4n ja kissalla on hauskaa laajasti! Huolehdimme siit\u00e4, ett\u00e4 my\u00f6s meid\u00e4n kissoillamme on tekemist\u00e4.","og_url":"https:\/\/miumjau.ee\/fi\/tuote\/kissan-peti-raapimisalusta-round-punainen\/","og_site_name":"MiuMjau","article_publisher":"https:\/\/www.facebook.com\/miumjaupood\/","article_modified_time":"2026-01-07T20:52:02+00:00","og_image":[{"width":600,"height":600,"url":"https:\/\/miumjau.ee\/wp-content\/uploads\/2024\/01\/kraapimispesa-round-red-blurry.jpg","type":"image\/jpeg"}],"twitter_card":"summary_large_image","schema":{"@context":"https:\/\/schema.org","@graph":[{"@type":"WebPage","@id":"https:\/\/miumjau.ee\/fi\/tuote\/kissan-peti-raapimisalusta-round-punainen\/","url":"https:\/\/miumjau.ee\/fi\/tuote\/kissan-peti-raapimisalusta-round-punainen\/","name":"Kissan peti, raapimisalusta ROUND, punainen - MiuMjau","isPartOf":{"@id":"https:\/\/miumjau.ee\/#website"},"primaryImageOfPage":{"@id":"https:\/\/miumjau.ee\/fi\/tuote\/kissan-peti-raapimisalusta-round-punainen\/#primaryimage"},"image":{"@id":"https:\/\/miumjau.ee\/fi\/tuote\/kissan-peti-raapimisalusta-round-punainen\/#primaryimage"},"thumbnailUrl":"https:\/\/miumjau.ee\/wp-content\/uploads\/2024\/01\/kraapimispesa-round-red-blurry.jpg","datePublished":"2024-01-16T12:08:46+00:00","dateModified":"2026-01-07T20:52:02+00:00","description":"Kissankoppa on ainutlaatuinen ulkon\u00e4\u00f6lt\u00e4\u00e4n ja valmistettu aaltopahvista. Se kest\u00e4\u00e4 pitk\u00e4\u00e4n ja kissalla on hauskaa laajasti! Huolehdimme siit\u00e4, ett\u00e4 my\u00f6s meid\u00e4n kissoillamme on tekemist\u00e4.","breadcrumb":{"@id":"https:\/\/miumjau.ee\/fi\/tuote\/kissan-peti-raapimisalusta-round-punainen\/#breadcrumb"},"inLanguage":"fi","potentialAction":[{"@type":"ReadAction","target":["https:\/\/miumjau.ee\/fi\/tuote\/kissan-peti-raapimisalusta-round-punainen\/"]}]},{"@type":"ImageObject","inLanguage":"fi","@id":"https:\/\/miumjau.ee\/fi\/tuote\/kissan-peti-raapimisalusta-round-punainen\/#primaryimage","url":"https:\/\/miumjau.ee\/wp-content\/uploads\/2024\/01\/kraapimispesa-round-red-blurry.jpg","contentUrl":"https:\/\/miumjau.ee\/wp-content\/uploads\/2024\/01\/kraapimispesa-round-red-blurry.jpg","width":600,"height":600},{"@type":"BreadcrumbList","@id":"https:\/\/miumjau.ee\/fi\/tuote\/kissan-peti-raapimisalusta-round-punainen\/#breadcrumb","itemListElement":[{"@type":"ListItem","position":1,"name":"Home","item":"https:\/\/miumjau.ee\/fi\/"},{"@type":"ListItem","position":2,"name":"Kauppa","item":"https:\/\/miumjau.ee\/fi\/kauppa\/"},{"@type":"ListItem","position":3,"name":"Kissan peti, raapimisalusta ROUND, punainen"}]},{"@type":"WebSite","@id":"https:\/\/miumjau.ee\/#website","url":"https:\/\/miumjau.ee\/","name":"MiuMjau","description":"Kraapimispuud kassidele","publisher":{"@id":"https:\/\/miumjau.ee\/#organization"},"potentialAction":[{"@type":"SearchAction","target":{"@type":"EntryPoint","urlTemplate":"https:\/\/miumjau.ee\/?s={search_term_string}"},"query-input":{"@type":"PropertyValueSpecification","valueRequired":true,"valueName":"search_term_string"}}],"inLanguage":"fi"},{"@type":"Organization","@id":"https:\/\/miumjau.ee\/#organization","name":"MiuMjau O\u00dc","url":"https:\/\/miumjau.ee\/","logo":{"@type":"ImageObject","inLanguage":"fi","@id":"https:\/\/miumjau.ee\/#\/schema\/logo\/image\/","url":"https:\/\/miumjau.ee\/wp-content\/uploads\/2022\/04\/MiuMjau-logo-kollane.png","contentUrl":"https:\/\/miumjau.ee\/wp-content\/uploads\/2022\/04\/MiuMjau-logo-kollane.png","width":219,"height":100,"caption":"MiuMjau O\u00dc"},"image":{"@id":"https:\/\/miumjau.ee\/#\/schema\/logo\/image\/"},"sameAs":["https:\/\/www.facebook.com\/miumjaupood\/"]}]}},"_links":{"self":[{"href":"https:\/\/miumjau.ee\/fi\/wp-json\/wp\/v2\/product\/31214","targetHints":{"allow":["GET"]}}],"collection":[{"href":"https:\/\/miumjau.ee\/fi\/wp-json\/wp\/v2\/product"}],"about":[{"href":"https:\/\/miumjau.ee\/fi\/wp-json\/wp\/v2\/types\/product"}],"wp:featuredmedia":[{"embeddable":true,"href":"https:\/\/miumjau.ee\/fi\/wp-json\/wp\/v2\/media\/21460"}],"wp:attachment":[{"href":"https:\/\/miumjau.ee\/fi\/wp-json\/wp\/v2\/media?parent=31214"}],"wp:term":[{"taxonomy":"product_brand","embeddable":true,"href":"https:\/\/miumjau.ee\/fi\/wp-json\/wp\/v2\/product_brand?post=31214"},{"taxonomy":"product_cat","embeddable":true,"href":"https:\/\/miumjau.ee\/fi\/wp-json\/wp\/v2\/product_cat?post=31214"},{"taxonomy":"product_tag","embeddable":true,"href":"https:\/\/miumjau.ee\/fi\/wp-json\/wp\/v2\/product_tag?post=31214"}],"curies":[{"name":"wp","href":"https:\/\/api.w.org\/{rel}","templated":true}]}}