{"id":31208,"date":"2024-07-04T13:34:42","date_gmt":"2024-07-04T10:34:42","guid":{"rendered":"https:\/\/miumjau.ee\/toode\/lahjakortti-miumjau-50-eur\/"},"modified":"2026-01-07T22:52:09","modified_gmt":"2026-01-07T20:52:09","slug":"lahjakortti-miumjau-50-eur","status":"publish","type":"product","link":"https:\/\/miumjau.ee\/fi\/tuote\/lahjakortti-miumjau-50-eur\/","title":{"rendered":"Lahjakortti MiuMjau 50 EUR"},"content":{"rendered":"","protected":false},"excerpt":{"rendered":"<p><strong>Lahjakortit<\/strong> ovat loistavia lahjoja silloin, kun lahjanantaja ei ole t\u00e4ysin varma, mit\u00e4 antaa. Lahjan saaja voi itse p\u00e4\u00e4tt\u00e4\u00e4, mit\u00e4 h\u00e4nen kissalleen on juuri nyt eniten tarpeen. Kortteja on saatavilla 25, 50 ja 100 euron arvoisina.<\/p>\n<p><strong>Haluatteko lahjakortin s\u00e4hk\u00f6postiin?<\/strong><br \/>\nValitkaa ostoskorissa &#8221;Noudan itse&#8221;, niin l\u00e4het\u00e4mme lahjakortin ja salakoodin s\u00e4hk\u00f6postitse.<\/p>\n<p><strong>Haluatteko lahjakortin kirjekuoressa ja sinet\u00f6ityn\u00e4?<\/strong><br \/>\nValitkaa itsellenne sopiva toimitustapa tai noutakaa lahjakortti itse.<\/p>\n<ul>\n<li><strong>Kirjekuoren koko:<\/strong> 15,3 x 15,3 cm<\/li>\n<li><strong>Lahjakortin koko:<\/strong> 14 x 14 cm<\/li>\n<\/ul>\n<p><strong>Salakoodi on voimassa 6 kuukautta ostohetkest\u00e4.<\/strong><br \/>\nJos ostos ylitt\u00e4\u00e4 lahjakortin arvon, erotus maksetaan lis\u00e4n\u00e4. Jos arvoa j\u00e4\u00e4 k\u00e4ytt\u00e4m\u00e4tt\u00e4, sit\u00e4 ei palauteta.<br \/>\nLahjakorttia voi k\u00e4ytt\u00e4\u00e4 <strong>yhdell\u00e4 kertaa<\/strong> kortissa olevan salakoodin avulla.<\/p>\n<p><strong>Anna lahjan saajalle vapaus valita juuri h\u00e4nelle mieluisin lahja!<\/strong><\/p>\n","protected":false},"featured_media":12646,"template":"","meta":[],"product_brand":[],"product_cat":[259],"product_tag":[],"class_list":{"0":"post-31208","1":"product","2":"type-product","3":"status-publish","4":"has-post-thumbnail","6":"product_cat-muut","8":"first","9":"instock","10":"taxable","11":"shipping-taxable","12":"purchasable","13":"product-type-simple"},"yoast_head":"<!-- This site is optimized with the Yoast SEO plugin v27.4 - https:\/\/yoast.com\/product\/yoast-seo-wordpress\/ -->\n<title>Lahjakortti MiuMjau 50 EUR - MiuMjau<\/title>\n<meta name=\"description\" content=\"Lahjakortti antaa lahjan saajalle loistavan mahdollisuuden p\u00e4\u00e4tt\u00e4\u00e4 itse, mit\u00e4 tuotetta h\u00e4nen kissansa eniten tarvitsee. Suurin ilo!\" \/>\n<meta name=\"robots\" content=\"index, follow, max-snippet:-1, max-image-preview:large, max-video-preview:-1\" \/>\n<link rel=\"canonical\" href=\"https:\/\/miumjau.ee\/fi\/tuote\/lahjakortti-miumjau-50-eur\/\" \/>\n<meta property=\"og:locale\" content=\"fi_FI\" \/>\n<meta property=\"og:type\" content=\"article\" \/>\n<meta property=\"og:title\" content=\"Lahjakortti MiuMjau 50 EUR - MiuMjau\" \/>\n<meta property=\"og:description\" content=\"Lahjakortti antaa lahjan saajalle loistavan mahdollisuuden p\u00e4\u00e4tt\u00e4\u00e4 itse, mit\u00e4 tuotetta h\u00e4nen kissansa eniten tarvitsee. Suurin ilo!\" \/>\n<meta property=\"og:url\" content=\"https:\/\/miumjau.ee\/fi\/tuote\/lahjakortti-miumjau-50-eur\/\" \/>\n<meta property=\"og:site_name\" content=\"MiuMjau\" \/>\n<meta property=\"article:publisher\" content=\"https:\/\/www.facebook.com\/miumjaupood\/\" \/>\n<meta property=\"article:modified_time\" content=\"2026-01-07T20:52:09+00:00\" \/>\n<meta property=\"og:image\" content=\"https:\/\/miumjau.ee\/wp-content\/uploads\/2024\/07\/kinkekaart-epoe-foto1.jpg\" \/>\n\t<meta property=\"og:image:width\" content=\"600\" \/>\n\t<meta property=\"og:image:height\" content=\"800\" \/>\n\t<meta property=\"og:image:type\" content=\"image\/jpeg\" \/>\n<meta name=\"twitter:card\" content=\"summary_large_image\" \/>\n<script type=\"application\/ld+json\" class=\"yoast-schema-graph\">{\"@context\":\"https:\\\/\\\/schema.org\",\"@graph\":[{\"@type\":\"WebPage\",\"@id\":\"https:\\\/\\\/miumjau.ee\\\/fi\\\/tuote\\\/lahjakortti-miumjau-50-eur\\\/\",\"url\":\"https:\\\/\\\/miumjau.ee\\\/fi\\\/tuote\\\/lahjakortti-miumjau-50-eur\\\/\",\"name\":\"Lahjakortti MiuMjau 50 EUR - MiuMjau\",\"isPartOf\":{\"@id\":\"https:\\\/\\\/miumjau.ee\\\/#website\"},\"primaryImageOfPage\":{\"@id\":\"https:\\\/\\\/miumjau.ee\\\/fi\\\/tuote\\\/lahjakortti-miumjau-50-eur\\\/#primaryimage\"},\"image\":{\"@id\":\"https:\\\/\\\/miumjau.ee\\\/fi\\\/tuote\\\/lahjakortti-miumjau-50-eur\\\/#primaryimage\"},\"thumbnailUrl\":\"https:\\\/\\\/miumjau.ee\\\/wp-content\\\/uploads\\\/2024\\\/07\\\/kinkekaart-epoe-foto1.jpg\",\"datePublished\":\"2024-07-04T10:34:42+00:00\",\"dateModified\":\"2026-01-07T20:52:09+00:00\",\"description\":\"Lahjakortti antaa lahjan saajalle loistavan mahdollisuuden p\u00e4\u00e4tt\u00e4\u00e4 itse, mit\u00e4 tuotetta h\u00e4nen kissansa eniten tarvitsee. Suurin ilo!\",\"breadcrumb\":{\"@id\":\"https:\\\/\\\/miumjau.ee\\\/fi\\\/tuote\\\/lahjakortti-miumjau-50-eur\\\/#breadcrumb\"},\"inLanguage\":\"fi\",\"potentialAction\":[{\"@type\":\"ReadAction\",\"target\":[\"https:\\\/\\\/miumjau.ee\\\/fi\\\/tuote\\\/lahjakortti-miumjau-50-eur\\\/\"]}]},{\"@type\":\"ImageObject\",\"inLanguage\":\"fi\",\"@id\":\"https:\\\/\\\/miumjau.ee\\\/fi\\\/tuote\\\/lahjakortti-miumjau-50-eur\\\/#primaryimage\",\"url\":\"https:\\\/\\\/miumjau.ee\\\/wp-content\\\/uploads\\\/2024\\\/07\\\/kinkekaart-epoe-foto1.jpg\",\"contentUrl\":\"https:\\\/\\\/miumjau.ee\\\/wp-content\\\/uploads\\\/2024\\\/07\\\/kinkekaart-epoe-foto1.jpg\",\"width\":600,\"height\":800,\"caption\":\"Kinkekaart\"},{\"@type\":\"BreadcrumbList\",\"@id\":\"https:\\\/\\\/miumjau.ee\\\/fi\\\/tuote\\\/lahjakortti-miumjau-50-eur\\\/#breadcrumb\",\"itemListElement\":[{\"@type\":\"ListItem\",\"position\":1,\"name\":\"Home\",\"item\":\"https:\\\/\\\/miumjau.ee\\\/fi\\\/\"},{\"@type\":\"ListItem\",\"position\":2,\"name\":\"Kauppa\",\"item\":\"https:\\\/\\\/miumjau.ee\\\/fi\\\/kauppa\\\/\"},{\"@type\":\"ListItem\",\"position\":3,\"name\":\"Lahjakortti MiuMjau 50 EUR\"}]},{\"@type\":\"WebSite\",\"@id\":\"https:\\\/\\\/miumjau.ee\\\/#website\",\"url\":\"https:\\\/\\\/miumjau.ee\\\/\",\"name\":\"MiuMjau\",\"description\":\"Kraapimispuud kassidele\",\"publisher\":{\"@id\":\"https:\\\/\\\/miumjau.ee\\\/#organization\"},\"potentialAction\":[{\"@type\":\"SearchAction\",\"target\":{\"@type\":\"EntryPoint\",\"urlTemplate\":\"https:\\\/\\\/miumjau.ee\\\/?s={search_term_string}\"},\"query-input\":{\"@type\":\"PropertyValueSpecification\",\"valueRequired\":true,\"valueName\":\"search_term_string\"}}],\"inLanguage\":\"fi\"},{\"@type\":\"Organization\",\"@id\":\"https:\\\/\\\/miumjau.ee\\\/#organization\",\"name\":\"MiuMjau O\u00dc\",\"url\":\"https:\\\/\\\/miumjau.ee\\\/\",\"logo\":{\"@type\":\"ImageObject\",\"inLanguage\":\"fi\",\"@id\":\"https:\\\/\\\/miumjau.ee\\\/#\\\/schema\\\/logo\\\/image\\\/\",\"url\":\"https:\\\/\\\/miumjau.ee\\\/wp-content\\\/uploads\\\/2022\\\/04\\\/MiuMjau-logo-kollane.png\",\"contentUrl\":\"https:\\\/\\\/miumjau.ee\\\/wp-content\\\/uploads\\\/2022\\\/04\\\/MiuMjau-logo-kollane.png\",\"width\":219,\"height\":100,\"caption\":\"MiuMjau O\u00dc\"},\"image\":{\"@id\":\"https:\\\/\\\/miumjau.ee\\\/#\\\/schema\\\/logo\\\/image\\\/\"},\"sameAs\":[\"https:\\\/\\\/www.facebook.com\\\/miumjaupood\\\/\"]}]}<\/script>\n<!-- \/ Yoast SEO plugin. -->","yoast_head_json":{"title":"Lahjakortti MiuMjau 50 EUR - MiuMjau","description":"Lahjakortti antaa lahjan saajalle loistavan mahdollisuuden p\u00e4\u00e4tt\u00e4\u00e4 itse, mit\u00e4 tuotetta h\u00e4nen kissansa eniten tarvitsee. Suurin ilo!","robots":{"index":"index","follow":"follow","max-snippet":"max-snippet:-1","max-image-preview":"max-image-preview:large","max-video-preview":"max-video-preview:-1"},"canonical":"https:\/\/miumjau.ee\/fi\/tuote\/lahjakortti-miumjau-50-eur\/","og_locale":"fi_FI","og_type":"article","og_title":"Lahjakortti MiuMjau 50 EUR - MiuMjau","og_description":"Lahjakortti antaa lahjan saajalle loistavan mahdollisuuden p\u00e4\u00e4tt\u00e4\u00e4 itse, mit\u00e4 tuotetta h\u00e4nen kissansa eniten tarvitsee. Suurin ilo!","og_url":"https:\/\/miumjau.ee\/fi\/tuote\/lahjakortti-miumjau-50-eur\/","og_site_name":"MiuMjau","article_publisher":"https:\/\/www.facebook.com\/miumjaupood\/","article_modified_time":"2026-01-07T20:52:09+00:00","og_image":[{"width":600,"height":800,"url":"https:\/\/miumjau.ee\/wp-content\/uploads\/2024\/07\/kinkekaart-epoe-foto1.jpg","type":"image\/jpeg"}],"twitter_card":"summary_large_image","schema":{"@context":"https:\/\/schema.org","@graph":[{"@type":"WebPage","@id":"https:\/\/miumjau.ee\/fi\/tuote\/lahjakortti-miumjau-50-eur\/","url":"https:\/\/miumjau.ee\/fi\/tuote\/lahjakortti-miumjau-50-eur\/","name":"Lahjakortti MiuMjau 50 EUR - MiuMjau","isPartOf":{"@id":"https:\/\/miumjau.ee\/#website"},"primaryImageOfPage":{"@id":"https:\/\/miumjau.ee\/fi\/tuote\/lahjakortti-miumjau-50-eur\/#primaryimage"},"image":{"@id":"https:\/\/miumjau.ee\/fi\/tuote\/lahjakortti-miumjau-50-eur\/#primaryimage"},"thumbnailUrl":"https:\/\/miumjau.ee\/wp-content\/uploads\/2024\/07\/kinkekaart-epoe-foto1.jpg","datePublished":"2024-07-04T10:34:42+00:00","dateModified":"2026-01-07T20:52:09+00:00","description":"Lahjakortti antaa lahjan saajalle loistavan mahdollisuuden p\u00e4\u00e4tt\u00e4\u00e4 itse, mit\u00e4 tuotetta h\u00e4nen kissansa eniten tarvitsee. Suurin ilo!","breadcrumb":{"@id":"https:\/\/miumjau.ee\/fi\/tuote\/lahjakortti-miumjau-50-eur\/#breadcrumb"},"inLanguage":"fi","potentialAction":[{"@type":"ReadAction","target":["https:\/\/miumjau.ee\/fi\/tuote\/lahjakortti-miumjau-50-eur\/"]}]},{"@type":"ImageObject","inLanguage":"fi","@id":"https:\/\/miumjau.ee\/fi\/tuote\/lahjakortti-miumjau-50-eur\/#primaryimage","url":"https:\/\/miumjau.ee\/wp-content\/uploads\/2024\/07\/kinkekaart-epoe-foto1.jpg","contentUrl":"https:\/\/miumjau.ee\/wp-content\/uploads\/2024\/07\/kinkekaart-epoe-foto1.jpg","width":600,"height":800,"caption":"Kinkekaart"},{"@type":"BreadcrumbList","@id":"https:\/\/miumjau.ee\/fi\/tuote\/lahjakortti-miumjau-50-eur\/#breadcrumb","itemListElement":[{"@type":"ListItem","position":1,"name":"Home","item":"https:\/\/miumjau.ee\/fi\/"},{"@type":"ListItem","position":2,"name":"Kauppa","item":"https:\/\/miumjau.ee\/fi\/kauppa\/"},{"@type":"ListItem","position":3,"name":"Lahjakortti MiuMjau 50 EUR"}]},{"@type":"WebSite","@id":"https:\/\/miumjau.ee\/#website","url":"https:\/\/miumjau.ee\/","name":"MiuMjau","description":"Kraapimispuud kassidele","publisher":{"@id":"https:\/\/miumjau.ee\/#organization"},"potentialAction":[{"@type":"SearchAction","target":{"@type":"EntryPoint","urlTemplate":"https:\/\/miumjau.ee\/?s={search_term_string}"},"query-input":{"@type":"PropertyValueSpecification","valueRequired":true,"valueName":"search_term_string"}}],"inLanguage":"fi"},{"@type":"Organization","@id":"https:\/\/miumjau.ee\/#organization","name":"MiuMjau O\u00dc","url":"https:\/\/miumjau.ee\/","logo":{"@type":"ImageObject","inLanguage":"fi","@id":"https:\/\/miumjau.ee\/#\/schema\/logo\/image\/","url":"https:\/\/miumjau.ee\/wp-content\/uploads\/2022\/04\/MiuMjau-logo-kollane.png","contentUrl":"https:\/\/miumjau.ee\/wp-content\/uploads\/2022\/04\/MiuMjau-logo-kollane.png","width":219,"height":100,"caption":"MiuMjau O\u00dc"},"image":{"@id":"https:\/\/miumjau.ee\/#\/schema\/logo\/image\/"},"sameAs":["https:\/\/www.facebook.com\/miumjaupood\/"]}]}},"_links":{"self":[{"href":"https:\/\/miumjau.ee\/fi\/wp-json\/wp\/v2\/product\/31208","targetHints":{"allow":["GET"]}}],"collection":[{"href":"https:\/\/miumjau.ee\/fi\/wp-json\/wp\/v2\/product"}],"about":[{"href":"https:\/\/miumjau.ee\/fi\/wp-json\/wp\/v2\/types\/product"}],"wp:featuredmedia":[{"embeddable":true,"href":"https:\/\/miumjau.ee\/fi\/wp-json\/wp\/v2\/media\/12646"}],"wp:attachment":[{"href":"https:\/\/miumjau.ee\/fi\/wp-json\/wp\/v2\/media?parent=31208"}],"wp:term":[{"taxonomy":"product_brand","embeddable":true,"href":"https:\/\/miumjau.ee\/fi\/wp-json\/wp\/v2\/product_brand?post=31208"},{"taxonomy":"product_cat","embeddable":true,"href":"https:\/\/miumjau.ee\/fi\/wp-json\/wp\/v2\/product_cat?post=31208"},{"taxonomy":"product_tag","embeddable":true,"href":"https:\/\/miumjau.ee\/fi\/wp-json\/wp\/v2\/product_tag?post=31208"}],"curies":[{"name":"wp","href":"https:\/\/api.w.org\/{rel}","templated":true}]}}