{"id":31203,"date":"2024-07-07T12:00:09","date_gmt":"2024-07-07T09:00:09","guid":{"rendered":"https:\/\/miumjau.ee\/toode\/kantokoppa-abba-s-vihrea\/"},"modified":"2026-01-07T22:52:09","modified_gmt":"2026-01-07T20:52:09","slug":"kantokoppa-abba-s-vihrea","status":"publish","type":"product","link":"https:\/\/miumjau.ee\/fi\/tuote\/kantokoppa-abba-s-vihrea\/","title":{"rendered":"Kantokoppa Abba S vihre\u00e4"},"content":{"rendered":"","protected":false},"excerpt":{"rendered":"<p>Lemmikin kanssa matkustaminen voi tapahtua monin eri tavoin.<br \/>\nJoskus meill\u00e4 on aikaa rentouttavalle k\u00e4velylle puistossa, mutta toisinaan meid\u00e4n on keskitytt\u00e4v\u00e4 matkan k\u00e4yt\u00e4nn\u00f6n puoliin. El\u00e4inl\u00e4\u00e4k\u00e4rik\u00e4ynnit tai junamatkat voivat olla sinulle kiireisi\u00e4 ja lemmikillesi stressaavia.<\/p>\n<p>Lemmikin kantokoppamme on suunniteltu helpottamaan t\u00e4llaisia tilanteita sek\u00e4 sinulle ett\u00e4 karvaiselle yst\u00e4v\u00e4llesi. Autossa matkustaessa kantokopan voi kiinnitt\u00e4\u00e4 turvav\u00f6ill\u00e4 tai pit\u00e4\u00e4 syliss\u00e4. Kantamista helpottavat yl\u00e4kahva sek\u00e4 paikat lis\u00e4varusteena saatavalle olkahihnalle.<\/p>\n<p>Lemmikkisi n\u00e4k\u00f6kulmasta sis\u00e4ll\u00e4 on riitt\u00e4v\u00e4sti tilaa, ja erityiset ilmanvaihtoaukot sek\u00e4 ritil\u00e4t takaavat hyv\u00e4n ilmankierron.<\/p>\n<p>Kantokoppa on helppo avata ja sulkea \u2013 etuosan ritil\u00e4n voi irrottaa kokonaan ja kiinnitt\u00e4\u00e4 takaisin vaivattomasti. Tarvittaessa koko yl\u00e4osan voi irrottaa yksinkertaisilla klipseill\u00e4.<\/p>\n<p>Tuote on valmistettu kest\u00e4v\u00e4st\u00e4 ja lemmikkiyst\u00e4v\u00e4llisest\u00e4 materiaalista. Saatavilla kahdessa eri mallissa, nelj\u00e4ss\u00e4 v\u00e4riss\u00e4 ja kahdessa koossa: S ja M.<\/p>\n<p><strong>Ominaisuudet:<\/strong><\/p>\n<ul>\n<li><strong>Materiaali:<\/strong> muovi<\/li>\n<li><strong>Pituus:<\/strong> 50 cm<\/li>\n<li><strong>Leveys:<\/strong> 33 cm<\/li>\n<li><strong>Korkeus:<\/strong> 33 cm<\/li>\n<li><strong>Paino:<\/strong> 1,2 kg<\/li>\n<li><strong>Paketin koko:<\/strong> 51 x 35 x 20 cm<\/li>\n<\/ul>\n<p><strong>Heti saatavilla!<\/strong><\/p>\n","protected":false},"featured_media":21899,"template":"","meta":[],"product_brand":[],"product_cat":[300],"product_tag":[],"class_list":{"0":"post-31203","1":"product","2":"type-product","3":"status-publish","4":"has-post-thumbnail","6":"product_cat-kuljetuslaatikot-kantokassit","8":"first","9":"instock","10":"sale","11":"taxable","12":"shipping-taxable","13":"purchasable","14":"product-type-simple"},"yoast_head":"<!-- This site is optimized with the Yoast SEO plugin v27.2 - https:\/\/yoast.com\/product\/yoast-seo-wordpress\/ -->\n<title>Kantokoppa Abba S vihre\u00e4 - MiuMjau<\/title>\n<meta name=\"description\" content=\"Abba S -kantokoppa on kompakti ja v\u00e4ltt\u00e4m\u00e4t\u00f6n matkoilla, l\u00e4\u00e4k\u00e4rill\u00e4 tai miss\u00e4 tahansa odottamattomassa tilanteessa. Ovi on turvallinen, mutta avautuu helposti ja siin\u00e4 on tuuletusaukot.\" \/>\n<meta name=\"robots\" content=\"index, follow, max-snippet:-1, max-image-preview:large, max-video-preview:-1\" \/>\n<link rel=\"canonical\" href=\"https:\/\/miumjau.ee\/fi\/tuote\/kantokoppa-abba-s-vihrea\/\" \/>\n<meta property=\"og:locale\" content=\"fi_FI\" \/>\n<meta property=\"og:type\" content=\"article\" \/>\n<meta property=\"og:title\" content=\"Kantokoppa Abba S vihre\u00e4 - MiuMjau\" \/>\n<meta property=\"og:description\" content=\"Abba S -kantokoppa on kompakti ja v\u00e4ltt\u00e4m\u00e4t\u00f6n matkoilla, l\u00e4\u00e4k\u00e4rill\u00e4 tai miss\u00e4 tahansa odottamattomassa tilanteessa. Ovi on turvallinen, mutta avautuu helposti ja siin\u00e4 on tuuletusaukot.\" \/>\n<meta property=\"og:url\" content=\"https:\/\/miumjau.ee\/fi\/tuote\/kantokoppa-abba-s-vihrea\/\" \/>\n<meta property=\"og:site_name\" content=\"MiuMjau\" \/>\n<meta property=\"article:publisher\" content=\"https:\/\/www.facebook.com\/miumjaupood\/\" \/>\n<meta property=\"article:modified_time\" content=\"2026-01-07T20:52:09+00:00\" \/>\n<meta property=\"og:image\" content=\"https:\/\/miumjau.ee\/wp-content\/uploads\/2024\/07\/kandepuur-abba-s-roheline-1-1.jpg\" \/>\n\t<meta property=\"og:image:width\" content=\"600\" \/>\n\t<meta property=\"og:image:height\" content=\"800\" \/>\n\t<meta property=\"og:image:type\" content=\"image\/jpeg\" \/>\n<meta name=\"twitter:card\" content=\"summary_large_image\" \/>\n<script type=\"application\/ld+json\" class=\"yoast-schema-graph\">{\"@context\":\"https:\/\/schema.org\",\"@graph\":[{\"@type\":\"WebPage\",\"@id\":\"https:\/\/miumjau.ee\/fi\/tuote\/kantokoppa-abba-s-vihrea\/\",\"url\":\"https:\/\/miumjau.ee\/fi\/tuote\/kantokoppa-abba-s-vihrea\/\",\"name\":\"Kantokoppa Abba S vihre\u00e4 - MiuMjau\",\"isPartOf\":{\"@id\":\"https:\/\/miumjau.ee\/#website\"},\"primaryImageOfPage\":{\"@id\":\"https:\/\/miumjau.ee\/fi\/tuote\/kantokoppa-abba-s-vihrea\/#primaryimage\"},\"image\":{\"@id\":\"https:\/\/miumjau.ee\/fi\/tuote\/kantokoppa-abba-s-vihrea\/#primaryimage\"},\"thumbnailUrl\":\"https:\/\/miumjau.ee\/wp-content\/uploads\/2024\/07\/kandepuur-abba-s-roheline-1-1.jpg\",\"datePublished\":\"2024-07-07T09:00:09+00:00\",\"dateModified\":\"2026-01-07T20:52:09+00:00\",\"description\":\"Abba S -kantokoppa on kompakti ja v\u00e4ltt\u00e4m\u00e4t\u00f6n matkoilla, l\u00e4\u00e4k\u00e4rill\u00e4 tai miss\u00e4 tahansa odottamattomassa tilanteessa. Ovi on turvallinen, mutta avautuu helposti ja siin\u00e4 on tuuletusaukot.\",\"breadcrumb\":{\"@id\":\"https:\/\/miumjau.ee\/fi\/tuote\/kantokoppa-abba-s-vihrea\/#breadcrumb\"},\"inLanguage\":\"fi\",\"potentialAction\":[{\"@type\":\"ReadAction\",\"target\":[\"https:\/\/miumjau.ee\/fi\/tuote\/kantokoppa-abba-s-vihrea\/\"]}]},{\"@type\":\"ImageObject\",\"inLanguage\":\"fi\",\"@id\":\"https:\/\/miumjau.ee\/fi\/tuote\/kantokoppa-abba-s-vihrea\/#primaryimage\",\"url\":\"https:\/\/miumjau.ee\/wp-content\/uploads\/2024\/07\/kandepuur-abba-s-roheline-1-1.jpg\",\"contentUrl\":\"https:\/\/miumjau.ee\/wp-content\/uploads\/2024\/07\/kandepuur-abba-s-roheline-1-1.jpg\",\"width\":600,\"height\":800},{\"@type\":\"BreadcrumbList\",\"@id\":\"https:\/\/miumjau.ee\/fi\/tuote\/kantokoppa-abba-s-vihrea\/#breadcrumb\",\"itemListElement\":[{\"@type\":\"ListItem\",\"position\":1,\"name\":\"Home\",\"item\":\"https:\/\/miumjau.ee\/fi\/\"},{\"@type\":\"ListItem\",\"position\":2,\"name\":\"Kauppa\",\"item\":\"https:\/\/miumjau.ee\/fi\/kauppa\/\"},{\"@type\":\"ListItem\",\"position\":3,\"name\":\"Kantokoppa Abba S vihre\u00e4\"}]},{\"@type\":\"WebSite\",\"@id\":\"https:\/\/miumjau.ee\/#website\",\"url\":\"https:\/\/miumjau.ee\/\",\"name\":\"MiuMjau\",\"description\":\"Kraapimispuud kassidele\",\"publisher\":{\"@id\":\"https:\/\/miumjau.ee\/#organization\"},\"potentialAction\":[{\"@type\":\"SearchAction\",\"target\":{\"@type\":\"EntryPoint\",\"urlTemplate\":\"https:\/\/miumjau.ee\/?s={search_term_string}\"},\"query-input\":{\"@type\":\"PropertyValueSpecification\",\"valueRequired\":true,\"valueName\":\"search_term_string\"}}],\"inLanguage\":\"fi\"},{\"@type\":\"Organization\",\"@id\":\"https:\/\/miumjau.ee\/#organization\",\"name\":\"MiuMjau O\u00dc\",\"url\":\"https:\/\/miumjau.ee\/\",\"logo\":{\"@type\":\"ImageObject\",\"inLanguage\":\"fi\",\"@id\":\"https:\/\/miumjau.ee\/#\/schema\/logo\/image\/\",\"url\":\"https:\/\/miumjau.ee\/wp-content\/uploads\/2022\/04\/MiuMjau-logo-kollane.png\",\"contentUrl\":\"https:\/\/miumjau.ee\/wp-content\/uploads\/2022\/04\/MiuMjau-logo-kollane.png\",\"width\":219,\"height\":100,\"caption\":\"MiuMjau O\u00dc\"},\"image\":{\"@id\":\"https:\/\/miumjau.ee\/#\/schema\/logo\/image\/\"},\"sameAs\":[\"https:\/\/www.facebook.com\/miumjaupood\/\"]}]}<\/script>\n<!-- \/ Yoast SEO plugin. -->","yoast_head_json":{"title":"Kantokoppa Abba S vihre\u00e4 - MiuMjau","description":"Abba S -kantokoppa on kompakti ja v\u00e4ltt\u00e4m\u00e4t\u00f6n matkoilla, l\u00e4\u00e4k\u00e4rill\u00e4 tai miss\u00e4 tahansa odottamattomassa tilanteessa. Ovi on turvallinen, mutta avautuu helposti ja siin\u00e4 on tuuletusaukot.","robots":{"index":"index","follow":"follow","max-snippet":"max-snippet:-1","max-image-preview":"max-image-preview:large","max-video-preview":"max-video-preview:-1"},"canonical":"https:\/\/miumjau.ee\/fi\/tuote\/kantokoppa-abba-s-vihrea\/","og_locale":"fi_FI","og_type":"article","og_title":"Kantokoppa Abba S vihre\u00e4 - MiuMjau","og_description":"Abba S -kantokoppa on kompakti ja v\u00e4ltt\u00e4m\u00e4t\u00f6n matkoilla, l\u00e4\u00e4k\u00e4rill\u00e4 tai miss\u00e4 tahansa odottamattomassa tilanteessa. Ovi on turvallinen, mutta avautuu helposti ja siin\u00e4 on tuuletusaukot.","og_url":"https:\/\/miumjau.ee\/fi\/tuote\/kantokoppa-abba-s-vihrea\/","og_site_name":"MiuMjau","article_publisher":"https:\/\/www.facebook.com\/miumjaupood\/","article_modified_time":"2026-01-07T20:52:09+00:00","og_image":[{"width":600,"height":800,"url":"https:\/\/miumjau.ee\/wp-content\/uploads\/2024\/07\/kandepuur-abba-s-roheline-1-1.jpg","type":"image\/jpeg"}],"twitter_card":"summary_large_image","schema":{"@context":"https:\/\/schema.org","@graph":[{"@type":"WebPage","@id":"https:\/\/miumjau.ee\/fi\/tuote\/kantokoppa-abba-s-vihrea\/","url":"https:\/\/miumjau.ee\/fi\/tuote\/kantokoppa-abba-s-vihrea\/","name":"Kantokoppa Abba S vihre\u00e4 - MiuMjau","isPartOf":{"@id":"https:\/\/miumjau.ee\/#website"},"primaryImageOfPage":{"@id":"https:\/\/miumjau.ee\/fi\/tuote\/kantokoppa-abba-s-vihrea\/#primaryimage"},"image":{"@id":"https:\/\/miumjau.ee\/fi\/tuote\/kantokoppa-abba-s-vihrea\/#primaryimage"},"thumbnailUrl":"https:\/\/miumjau.ee\/wp-content\/uploads\/2024\/07\/kandepuur-abba-s-roheline-1-1.jpg","datePublished":"2024-07-07T09:00:09+00:00","dateModified":"2026-01-07T20:52:09+00:00","description":"Abba S -kantokoppa on kompakti ja v\u00e4ltt\u00e4m\u00e4t\u00f6n matkoilla, l\u00e4\u00e4k\u00e4rill\u00e4 tai miss\u00e4 tahansa odottamattomassa tilanteessa. Ovi on turvallinen, mutta avautuu helposti ja siin\u00e4 on tuuletusaukot.","breadcrumb":{"@id":"https:\/\/miumjau.ee\/fi\/tuote\/kantokoppa-abba-s-vihrea\/#breadcrumb"},"inLanguage":"fi","potentialAction":[{"@type":"ReadAction","target":["https:\/\/miumjau.ee\/fi\/tuote\/kantokoppa-abba-s-vihrea\/"]}]},{"@type":"ImageObject","inLanguage":"fi","@id":"https:\/\/miumjau.ee\/fi\/tuote\/kantokoppa-abba-s-vihrea\/#primaryimage","url":"https:\/\/miumjau.ee\/wp-content\/uploads\/2024\/07\/kandepuur-abba-s-roheline-1-1.jpg","contentUrl":"https:\/\/miumjau.ee\/wp-content\/uploads\/2024\/07\/kandepuur-abba-s-roheline-1-1.jpg","width":600,"height":800},{"@type":"BreadcrumbList","@id":"https:\/\/miumjau.ee\/fi\/tuote\/kantokoppa-abba-s-vihrea\/#breadcrumb","itemListElement":[{"@type":"ListItem","position":1,"name":"Home","item":"https:\/\/miumjau.ee\/fi\/"},{"@type":"ListItem","position":2,"name":"Kauppa","item":"https:\/\/miumjau.ee\/fi\/kauppa\/"},{"@type":"ListItem","position":3,"name":"Kantokoppa Abba S vihre\u00e4"}]},{"@type":"WebSite","@id":"https:\/\/miumjau.ee\/#website","url":"https:\/\/miumjau.ee\/","name":"MiuMjau","description":"Kraapimispuud kassidele","publisher":{"@id":"https:\/\/miumjau.ee\/#organization"},"potentialAction":[{"@type":"SearchAction","target":{"@type":"EntryPoint","urlTemplate":"https:\/\/miumjau.ee\/?s={search_term_string}"},"query-input":{"@type":"PropertyValueSpecification","valueRequired":true,"valueName":"search_term_string"}}],"inLanguage":"fi"},{"@type":"Organization","@id":"https:\/\/miumjau.ee\/#organization","name":"MiuMjau O\u00dc","url":"https:\/\/miumjau.ee\/","logo":{"@type":"ImageObject","inLanguage":"fi","@id":"https:\/\/miumjau.ee\/#\/schema\/logo\/image\/","url":"https:\/\/miumjau.ee\/wp-content\/uploads\/2022\/04\/MiuMjau-logo-kollane.png","contentUrl":"https:\/\/miumjau.ee\/wp-content\/uploads\/2022\/04\/MiuMjau-logo-kollane.png","width":219,"height":100,"caption":"MiuMjau O\u00dc"},"image":{"@id":"https:\/\/miumjau.ee\/#\/schema\/logo\/image\/"},"sameAs":["https:\/\/www.facebook.com\/miumjaupood\/"]}]}},"_links":{"self":[{"href":"https:\/\/miumjau.ee\/fi\/wp-json\/wp\/v2\/product\/31203","targetHints":{"allow":["GET"]}}],"collection":[{"href":"https:\/\/miumjau.ee\/fi\/wp-json\/wp\/v2\/product"}],"about":[{"href":"https:\/\/miumjau.ee\/fi\/wp-json\/wp\/v2\/types\/product"}],"wp:featuredmedia":[{"embeddable":true,"href":"https:\/\/miumjau.ee\/fi\/wp-json\/wp\/v2\/media\/21899"}],"wp:attachment":[{"href":"https:\/\/miumjau.ee\/fi\/wp-json\/wp\/v2\/media?parent=31203"}],"wp:term":[{"taxonomy":"product_brand","embeddable":true,"href":"https:\/\/miumjau.ee\/fi\/wp-json\/wp\/v2\/product_brand?post=31203"},{"taxonomy":"product_cat","embeddable":true,"href":"https:\/\/miumjau.ee\/fi\/wp-json\/wp\/v2\/product_cat?post=31203"},{"taxonomy":"product_tag","embeddable":true,"href":"https:\/\/miumjau.ee\/fi\/wp-json\/wp\/v2\/product_tag?post=31203"}],"curies":[{"name":"wp","href":"https:\/\/api.w.org\/{rel}","templated":true}]}}