{"id":31195,"date":"2024-07-30T08:39:35","date_gmt":"2024-07-30T05:39:35","guid":{"rendered":"https:\/\/miumjau.ee\/toode\/virtsan-hajunpoistoaine-excellent-pets-250-ml\/"},"modified":"2026-01-07T22:52:16","modified_gmt":"2026-01-07T20:52:16","slug":"virtsan-hajunpoistoaine-excellent-pets-250-ml","status":"publish","type":"product","link":"https:\/\/miumjau.ee\/fi\/tuote\/virtsan-hajunpoistoaine-excellent-pets-250-ml\/","title":{"rendered":"Virtsan hajunpoistoaine Excellent Pets 250 ml"},"content":{"rendered":"","protected":false},"excerpt":{"rendered":"<p>Virtsan hajun poistaminen ei ole vaikeaa! Excellent Pets -suihke auttaa sinua.<\/p>\n<ul>\n<li>Hajottaa virtsan ja auttaa poistamaan virtsatahrat<\/li>\n<li>Lemmikit eiv\u00e4t pissaa samaan paikkaan uudelleen, kun edellinen virtsanhaju on poistettu<\/li>\n<li>Ihanteellinen kissanvessojen ja lemmikkien aitauksien puhdistamiseen<\/li>\n<li>J\u00e4tt\u00e4\u00e4 raikkaan tuoksun<\/li>\n<li>Sopii p\u00e4ivitt\u00e4iseen k\u00e4ytt\u00f6\u00f6n \u2013 ratkaisu lemmikkisi &#8221;vahinkoihin&#8221;<\/li>\n<\/ul>\n<p><strong>Heti saatavilla!<\/strong><\/p>\n","protected":false},"featured_media":47222,"template":"","meta":[],"product_brand":[],"product_cat":[289],"product_tag":[],"class_list":{"0":"post-31195","1":"product","2":"type-product","3":"status-publish","4":"has-post-thumbnail","6":"product_cat-siivous-hajunpoisto","8":"first","9":"instock","10":"taxable","11":"shipping-taxable","12":"purchasable","13":"product-type-simple"},"yoast_head":"<!-- This site is optimized with the Yoast SEO plugin v27.2 - https:\/\/yoast.com\/product\/yoast-seo-wordpress\/ -->\n<title>Virtsan hajunpoistoaine Excellent Pets 250 ml - MiuMjau<\/title>\n<meta name=\"robots\" content=\"index, follow, max-snippet:-1, max-image-preview:large, max-video-preview:-1\" \/>\n<link rel=\"canonical\" href=\"https:\/\/miumjau.ee\/fi\/tuote\/virtsan-hajunpoistoaine-excellent-pets-250-ml\/\" \/>\n<meta property=\"og:locale\" content=\"fi_FI\" \/>\n<meta property=\"og:type\" content=\"article\" \/>\n<meta property=\"og:title\" content=\"Virtsan hajunpoistoaine Excellent Pets 250 ml - MiuMjau\" \/>\n<meta property=\"og:description\" content=\"Virtsan hajun poistaminen ei ole vaikeaa! Excellent Pets -suihke auttaa sinua.   Hajottaa virtsan ja auttaa poistamaan virtsatahrat  Lemmikit eiv\u00e4t pissaa samaan paikkaan uudelleen, kun edellinen virtsanhaju on poistettu  Ihanteellinen kissanvessojen ja lemmikkien aitauksien puhdistamiseen  J\u00e4tt\u00e4\u00e4 raikkaan tuoksun  Sopii p\u00e4ivitt\u00e4iseen k\u00e4ytt\u00f6\u00f6n \u2013 ratkaisu lemmikkisi &quot;vahinkoihin&quot;  Heti saatavilla!\" \/>\n<meta property=\"og:url\" content=\"https:\/\/miumjau.ee\/fi\/tuote\/virtsan-hajunpoistoaine-excellent-pets-250-ml\/\" \/>\n<meta property=\"og:site_name\" content=\"MiuMjau\" \/>\n<meta property=\"article:publisher\" content=\"https:\/\/www.facebook.com\/miumjaupood\/\" \/>\n<meta property=\"article:modified_time\" content=\"2026-01-07T20:52:16+00:00\" \/>\n<meta property=\"og:image\" content=\"https:\/\/miumjau.ee\/wp-content\/uploads\/2024\/07\/urine-control-sprei-250ml-Photoroom.jpg\" \/>\n\t<meta property=\"og:image:width\" content=\"600\" \/>\n\t<meta property=\"og:image:height\" content=\"800\" \/>\n\t<meta property=\"og:image:type\" content=\"image\/jpeg\" \/>\n<meta name=\"twitter:card\" content=\"summary_large_image\" \/>\n<script type=\"application\/ld+json\" class=\"yoast-schema-graph\">{\"@context\":\"https:\/\/schema.org\",\"@graph\":[{\"@type\":\"WebPage\",\"@id\":\"https:\/\/miumjau.ee\/fi\/tuote\/virtsan-hajunpoistoaine-excellent-pets-250-ml\/\",\"url\":\"https:\/\/miumjau.ee\/fi\/tuote\/virtsan-hajunpoistoaine-excellent-pets-250-ml\/\",\"name\":\"Virtsan hajunpoistoaine Excellent Pets 250 ml - MiuMjau\",\"isPartOf\":{\"@id\":\"https:\/\/miumjau.ee\/#website\"},\"primaryImageOfPage\":{\"@id\":\"https:\/\/miumjau.ee\/fi\/tuote\/virtsan-hajunpoistoaine-excellent-pets-250-ml\/#primaryimage\"},\"image\":{\"@id\":\"https:\/\/miumjau.ee\/fi\/tuote\/virtsan-hajunpoistoaine-excellent-pets-250-ml\/#primaryimage\"},\"thumbnailUrl\":\"https:\/\/miumjau.ee\/wp-content\/uploads\/2024\/07\/uriini-lohna-eemaldaja.jpg\",\"datePublished\":\"2024-07-30T05:39:35+00:00\",\"dateModified\":\"2026-01-07T20:52:16+00:00\",\"breadcrumb\":{\"@id\":\"https:\/\/miumjau.ee\/fi\/tuote\/virtsan-hajunpoistoaine-excellent-pets-250-ml\/#breadcrumb\"},\"inLanguage\":\"fi\",\"potentialAction\":[{\"@type\":\"ReadAction\",\"target\":[\"https:\/\/miumjau.ee\/fi\/tuote\/virtsan-hajunpoistoaine-excellent-pets-250-ml\/\"]}]},{\"@type\":\"ImageObject\",\"inLanguage\":\"fi\",\"@id\":\"https:\/\/miumjau.ee\/fi\/tuote\/virtsan-hajunpoistoaine-excellent-pets-250-ml\/#primaryimage\",\"url\":\"https:\/\/miumjau.ee\/wp-content\/uploads\/2024\/07\/uriini-lohna-eemaldaja.jpg\",\"contentUrl\":\"https:\/\/miumjau.ee\/wp-content\/uploads\/2024\/07\/uriini-lohna-eemaldaja.jpg\",\"width\":600,\"height\":800,\"caption\":\"Uriini l\u00f5hna eemaldaja Excellent Pets 250 ml\"},{\"@type\":\"BreadcrumbList\",\"@id\":\"https:\/\/miumjau.ee\/fi\/tuote\/virtsan-hajunpoistoaine-excellent-pets-250-ml\/#breadcrumb\",\"itemListElement\":[{\"@type\":\"ListItem\",\"position\":1,\"name\":\"Home\",\"item\":\"https:\/\/miumjau.ee\/fi\/\"},{\"@type\":\"ListItem\",\"position\":2,\"name\":\"Kauppa\",\"item\":\"https:\/\/miumjau.ee\/fi\/kauppa\/\"},{\"@type\":\"ListItem\",\"position\":3,\"name\":\"Virtsan hajunpoistoaine Excellent Pets 250 ml\"}]},{\"@type\":\"WebSite\",\"@id\":\"https:\/\/miumjau.ee\/#website\",\"url\":\"https:\/\/miumjau.ee\/\",\"name\":\"MiuMjau\",\"description\":\"Kraapimispuud kassidele\",\"publisher\":{\"@id\":\"https:\/\/miumjau.ee\/#organization\"},\"potentialAction\":[{\"@type\":\"SearchAction\",\"target\":{\"@type\":\"EntryPoint\",\"urlTemplate\":\"https:\/\/miumjau.ee\/?s={search_term_string}\"},\"query-input\":{\"@type\":\"PropertyValueSpecification\",\"valueRequired\":true,\"valueName\":\"search_term_string\"}}],\"inLanguage\":\"fi\"},{\"@type\":\"Organization\",\"@id\":\"https:\/\/miumjau.ee\/#organization\",\"name\":\"MiuMjau O\u00dc\",\"url\":\"https:\/\/miumjau.ee\/\",\"logo\":{\"@type\":\"ImageObject\",\"inLanguage\":\"fi\",\"@id\":\"https:\/\/miumjau.ee\/#\/schema\/logo\/image\/\",\"url\":\"https:\/\/miumjau.ee\/wp-content\/uploads\/2022\/04\/MiuMjau-logo-kollane.png\",\"contentUrl\":\"https:\/\/miumjau.ee\/wp-content\/uploads\/2022\/04\/MiuMjau-logo-kollane.png\",\"width\":219,\"height\":100,\"caption\":\"MiuMjau O\u00dc\"},\"image\":{\"@id\":\"https:\/\/miumjau.ee\/#\/schema\/logo\/image\/\"},\"sameAs\":[\"https:\/\/www.facebook.com\/miumjaupood\/\"]}]}<\/script>\n<!-- \/ Yoast SEO plugin. -->","yoast_head_json":{"title":"Virtsan hajunpoistoaine Excellent Pets 250 ml - MiuMjau","robots":{"index":"index","follow":"follow","max-snippet":"max-snippet:-1","max-image-preview":"max-image-preview:large","max-video-preview":"max-video-preview:-1"},"canonical":"https:\/\/miumjau.ee\/fi\/tuote\/virtsan-hajunpoistoaine-excellent-pets-250-ml\/","og_locale":"fi_FI","og_type":"article","og_title":"Virtsan hajunpoistoaine Excellent Pets 250 ml - MiuMjau","og_description":"Virtsan hajun poistaminen ei ole vaikeaa! Excellent Pets -suihke auttaa sinua.   Hajottaa virtsan ja auttaa poistamaan virtsatahrat  Lemmikit eiv\u00e4t pissaa samaan paikkaan uudelleen, kun edellinen virtsanhaju on poistettu  Ihanteellinen kissanvessojen ja lemmikkien aitauksien puhdistamiseen  J\u00e4tt\u00e4\u00e4 raikkaan tuoksun  Sopii p\u00e4ivitt\u00e4iseen k\u00e4ytt\u00f6\u00f6n \u2013 ratkaisu lemmikkisi \"vahinkoihin\"  Heti saatavilla!","og_url":"https:\/\/miumjau.ee\/fi\/tuote\/virtsan-hajunpoistoaine-excellent-pets-250-ml\/","og_site_name":"MiuMjau","article_publisher":"https:\/\/www.facebook.com\/miumjaupood\/","article_modified_time":"2026-01-07T20:52:16+00:00","og_image":[{"width":600,"height":800,"url":"https:\/\/miumjau.ee\/wp-content\/uploads\/2024\/07\/urine-control-sprei-250ml-Photoroom.jpg","type":"image\/jpeg"}],"twitter_card":"summary_large_image","schema":{"@context":"https:\/\/schema.org","@graph":[{"@type":"WebPage","@id":"https:\/\/miumjau.ee\/fi\/tuote\/virtsan-hajunpoistoaine-excellent-pets-250-ml\/","url":"https:\/\/miumjau.ee\/fi\/tuote\/virtsan-hajunpoistoaine-excellent-pets-250-ml\/","name":"Virtsan hajunpoistoaine Excellent Pets 250 ml - MiuMjau","isPartOf":{"@id":"https:\/\/miumjau.ee\/#website"},"primaryImageOfPage":{"@id":"https:\/\/miumjau.ee\/fi\/tuote\/virtsan-hajunpoistoaine-excellent-pets-250-ml\/#primaryimage"},"image":{"@id":"https:\/\/miumjau.ee\/fi\/tuote\/virtsan-hajunpoistoaine-excellent-pets-250-ml\/#primaryimage"},"thumbnailUrl":"https:\/\/miumjau.ee\/wp-content\/uploads\/2024\/07\/uriini-lohna-eemaldaja.jpg","datePublished":"2024-07-30T05:39:35+00:00","dateModified":"2026-01-07T20:52:16+00:00","breadcrumb":{"@id":"https:\/\/miumjau.ee\/fi\/tuote\/virtsan-hajunpoistoaine-excellent-pets-250-ml\/#breadcrumb"},"inLanguage":"fi","potentialAction":[{"@type":"ReadAction","target":["https:\/\/miumjau.ee\/fi\/tuote\/virtsan-hajunpoistoaine-excellent-pets-250-ml\/"]}]},{"@type":"ImageObject","inLanguage":"fi","@id":"https:\/\/miumjau.ee\/fi\/tuote\/virtsan-hajunpoistoaine-excellent-pets-250-ml\/#primaryimage","url":"https:\/\/miumjau.ee\/wp-content\/uploads\/2024\/07\/uriini-lohna-eemaldaja.jpg","contentUrl":"https:\/\/miumjau.ee\/wp-content\/uploads\/2024\/07\/uriini-lohna-eemaldaja.jpg","width":600,"height":800,"caption":"Uriini l\u00f5hna eemaldaja Excellent Pets 250 ml"},{"@type":"BreadcrumbList","@id":"https:\/\/miumjau.ee\/fi\/tuote\/virtsan-hajunpoistoaine-excellent-pets-250-ml\/#breadcrumb","itemListElement":[{"@type":"ListItem","position":1,"name":"Home","item":"https:\/\/miumjau.ee\/fi\/"},{"@type":"ListItem","position":2,"name":"Kauppa","item":"https:\/\/miumjau.ee\/fi\/kauppa\/"},{"@type":"ListItem","position":3,"name":"Virtsan hajunpoistoaine Excellent Pets 250 ml"}]},{"@type":"WebSite","@id":"https:\/\/miumjau.ee\/#website","url":"https:\/\/miumjau.ee\/","name":"MiuMjau","description":"Kraapimispuud kassidele","publisher":{"@id":"https:\/\/miumjau.ee\/#organization"},"potentialAction":[{"@type":"SearchAction","target":{"@type":"EntryPoint","urlTemplate":"https:\/\/miumjau.ee\/?s={search_term_string}"},"query-input":{"@type":"PropertyValueSpecification","valueRequired":true,"valueName":"search_term_string"}}],"inLanguage":"fi"},{"@type":"Organization","@id":"https:\/\/miumjau.ee\/#organization","name":"MiuMjau O\u00dc","url":"https:\/\/miumjau.ee\/","logo":{"@type":"ImageObject","inLanguage":"fi","@id":"https:\/\/miumjau.ee\/#\/schema\/logo\/image\/","url":"https:\/\/miumjau.ee\/wp-content\/uploads\/2022\/04\/MiuMjau-logo-kollane.png","contentUrl":"https:\/\/miumjau.ee\/wp-content\/uploads\/2022\/04\/MiuMjau-logo-kollane.png","width":219,"height":100,"caption":"MiuMjau O\u00dc"},"image":{"@id":"https:\/\/miumjau.ee\/#\/schema\/logo\/image\/"},"sameAs":["https:\/\/www.facebook.com\/miumjaupood\/"]}]}},"_links":{"self":[{"href":"https:\/\/miumjau.ee\/fi\/wp-json\/wp\/v2\/product\/31195","targetHints":{"allow":["GET"]}}],"collection":[{"href":"https:\/\/miumjau.ee\/fi\/wp-json\/wp\/v2\/product"}],"about":[{"href":"https:\/\/miumjau.ee\/fi\/wp-json\/wp\/v2\/types\/product"}],"wp:featuredmedia":[{"embeddable":true,"href":"https:\/\/miumjau.ee\/fi\/wp-json\/wp\/v2\/media\/47222"}],"wp:attachment":[{"href":"https:\/\/miumjau.ee\/fi\/wp-json\/wp\/v2\/media?parent=31195"}],"wp:term":[{"taxonomy":"product_brand","embeddable":true,"href":"https:\/\/miumjau.ee\/fi\/wp-json\/wp\/v2\/product_brand?post=31195"},{"taxonomy":"product_cat","embeddable":true,"href":"https:\/\/miumjau.ee\/fi\/wp-json\/wp\/v2\/product_cat?post=31195"},{"taxonomy":"product_tag","embeddable":true,"href":"https:\/\/miumjau.ee\/fi\/wp-json\/wp\/v2\/product_tag?post=31195"}],"curies":[{"name":"wp","href":"https:\/\/api.w.org\/{rel}","templated":true}]}}