{"id":31194,"date":"2024-07-31T08:18:41","date_gmt":"2024-07-31T05:18:41","guid":{"rendered":"https:\/\/miumjau.ee\/toode\/pawis-kissan-hiekkalaatikko-s-harmaa\/"},"modified":"2026-01-07T22:52:16","modified_gmt":"2026-01-07T20:52:16","slug":"pawis-kissan-hiekkalaatikko-s-harmaa","status":"publish","type":"product","link":"https:\/\/miumjau.ee\/fi\/tuote\/pawis-kissan-hiekkalaatikko-s-harmaa\/","title":{"rendered":"Pawis kissan hiekkalaatikko S, harmaa"},"content":{"rendered":"","protected":false},"excerpt":{"rendered":"<p>Pawis kissan hiekkalaatikossa on korkeat reunat, jotta kissa ei voi raaputtaa tassuillaan niin paljon hiekkaa.<\/p>\n<p>S &#8211; 47 x 38 x 21 cm<\/p>\n<p>Paino: 0,9 kg<\/p>\n<p>Ihanteellinen niille kissoille, jotka seisovat reunoilla ja haluavat kakata\/raaputtaa valtavan m\u00e4\u00e4r\u00e4n hiekkaa reunan yli. V\u00e4hemm\u00e4n omistajan siivousta pit\u00e4\u00e4 suhteet parempana. Kissanhiekkalaatikko tulee valita kissan koon mukaan. Hiekkalaatikon tulee olla 1,5x kissaasi pitempi.<\/p>\n<ul>\n<li>Korkeat reunat pit\u00e4v\u00e4t hiekan sis\u00e4ll\u00e4<\/li>\n<li>Antaa kissalle enemm\u00e4n k\u00e4ytt\u00f6tilaa<\/li>\n<li>Sopii my\u00f6s isommille kissoille<\/li>\n<li>Helpompi puhdistaa<\/li>\n<\/ul>\n<p>Saatavilla nyt!<\/p>\n","protected":false},"featured_media":22619,"template":"","meta":[],"product_brand":[],"product_cat":[287],"product_tag":[],"class_list":{"0":"post-31194","1":"product","2":"type-product","3":"status-publish","4":"has-post-thumbnail","6":"product_cat-hiekkalaatikot","8":"first","9":"outofstock","10":"taxable","11":"shipping-taxable","12":"purchasable","13":"product-type-simple"},"yoast_head":"<!-- This site is optimized with the Yoast SEO plugin v27.2 - https:\/\/yoast.com\/product\/yoast-seo-wordpress\/ -->\n<title>Pawis kissan hiekkalaatikko S, harmaa - MiuMjau<\/title>\n<meta name=\"description\" content=\"Pawisen kissanhiekkalaatikossa on korkeat reunat, se on helppo puhdistaa, siin\u00e4 on runsaasti tilaa kissalle, eik\u00e4 hiekkaa tarvitse kaataa pois. Saatavilla nyt!\" \/>\n<meta name=\"robots\" content=\"index, follow, max-snippet:-1, max-image-preview:large, max-video-preview:-1\" \/>\n<link rel=\"canonical\" href=\"https:\/\/miumjau.ee\/fi\/tuote\/pawis-kissan-hiekkalaatikko-s-harmaa\/\" \/>\n<meta property=\"og:locale\" content=\"fi_FI\" \/>\n<meta property=\"og:type\" content=\"article\" \/>\n<meta property=\"og:title\" content=\"Pawis kissan hiekkalaatikko S, harmaa - MiuMjau\" \/>\n<meta property=\"og:description\" content=\"Pawisen kissanhiekkalaatikossa on korkeat reunat, se on helppo puhdistaa, siin\u00e4 on runsaasti tilaa kissalle, eik\u00e4 hiekkaa tarvitse kaataa pois. Saatavilla nyt!\" \/>\n<meta property=\"og:url\" content=\"https:\/\/miumjau.ee\/fi\/tuote\/pawis-kissan-hiekkalaatikko-s-harmaa\/\" \/>\n<meta property=\"og:site_name\" content=\"MiuMjau\" \/>\n<meta property=\"article:publisher\" content=\"https:\/\/www.facebook.com\/miumjaupood\/\" \/>\n<meta property=\"article:modified_time\" content=\"2026-01-07T20:52:16+00:00\" \/>\n<meta property=\"og:image\" content=\"https:\/\/miumjau.ee\/wp-content\/uploads\/2024\/07\/kassi-liivakast.jpg\" \/>\n\t<meta property=\"og:image:width\" content=\"600\" \/>\n\t<meta property=\"og:image:height\" content=\"800\" \/>\n\t<meta property=\"og:image:type\" content=\"image\/jpeg\" \/>\n<meta name=\"twitter:card\" content=\"summary_large_image\" \/>\n<script type=\"application\/ld+json\" class=\"yoast-schema-graph\">{\"@context\":\"https:\/\/schema.org\",\"@graph\":[{\"@type\":\"WebPage\",\"@id\":\"https:\/\/miumjau.ee\/fi\/tuote\/pawis-kissan-hiekkalaatikko-s-harmaa\/\",\"url\":\"https:\/\/miumjau.ee\/fi\/tuote\/pawis-kissan-hiekkalaatikko-s-harmaa\/\",\"name\":\"Pawis kissan hiekkalaatikko S, harmaa - MiuMjau\",\"isPartOf\":{\"@id\":\"https:\/\/miumjau.ee\/#website\"},\"primaryImageOfPage\":{\"@id\":\"https:\/\/miumjau.ee\/fi\/tuote\/pawis-kissan-hiekkalaatikko-s-harmaa\/#primaryimage\"},\"image\":{\"@id\":\"https:\/\/miumjau.ee\/fi\/tuote\/pawis-kissan-hiekkalaatikko-s-harmaa\/#primaryimage\"},\"thumbnailUrl\":\"https:\/\/miumjau.ee\/wp-content\/uploads\/2024\/07\/kassi-liivakast.jpg\",\"datePublished\":\"2024-07-31T05:18:41+00:00\",\"dateModified\":\"2026-01-07T20:52:16+00:00\",\"description\":\"Pawisen kissanhiekkalaatikossa on korkeat reunat, se on helppo puhdistaa, siin\u00e4 on runsaasti tilaa kissalle, eik\u00e4 hiekkaa tarvitse kaataa pois. Saatavilla nyt!\",\"breadcrumb\":{\"@id\":\"https:\/\/miumjau.ee\/fi\/tuote\/pawis-kissan-hiekkalaatikko-s-harmaa\/#breadcrumb\"},\"inLanguage\":\"fi\",\"potentialAction\":[{\"@type\":\"ReadAction\",\"target\":[\"https:\/\/miumjau.ee\/fi\/tuote\/pawis-kissan-hiekkalaatikko-s-harmaa\/\"]}]},{\"@type\":\"ImageObject\",\"inLanguage\":\"fi\",\"@id\":\"https:\/\/miumjau.ee\/fi\/tuote\/pawis-kissan-hiekkalaatikko-s-harmaa\/#primaryimage\",\"url\":\"https:\/\/miumjau.ee\/wp-content\/uploads\/2024\/07\/kassi-liivakast.jpg\",\"contentUrl\":\"https:\/\/miumjau.ee\/wp-content\/uploads\/2024\/07\/kassi-liivakast.jpg\",\"width\":600,\"height\":800,\"caption\":\"Pawise kassi liivakast S, hall\"},{\"@type\":\"BreadcrumbList\",\"@id\":\"https:\/\/miumjau.ee\/fi\/tuote\/pawis-kissan-hiekkalaatikko-s-harmaa\/#breadcrumb\",\"itemListElement\":[{\"@type\":\"ListItem\",\"position\":1,\"name\":\"Home\",\"item\":\"https:\/\/miumjau.ee\/fi\/\"},{\"@type\":\"ListItem\",\"position\":2,\"name\":\"Kauppa\",\"item\":\"https:\/\/miumjau.ee\/fi\/kauppa\/\"},{\"@type\":\"ListItem\",\"position\":3,\"name\":\"Pawis kissan hiekkalaatikko S, harmaa\"}]},{\"@type\":\"WebSite\",\"@id\":\"https:\/\/miumjau.ee\/#website\",\"url\":\"https:\/\/miumjau.ee\/\",\"name\":\"MiuMjau\",\"description\":\"Kraapimispuud kassidele\",\"publisher\":{\"@id\":\"https:\/\/miumjau.ee\/#organization\"},\"potentialAction\":[{\"@type\":\"SearchAction\",\"target\":{\"@type\":\"EntryPoint\",\"urlTemplate\":\"https:\/\/miumjau.ee\/?s={search_term_string}\"},\"query-input\":{\"@type\":\"PropertyValueSpecification\",\"valueRequired\":true,\"valueName\":\"search_term_string\"}}],\"inLanguage\":\"fi\"},{\"@type\":\"Organization\",\"@id\":\"https:\/\/miumjau.ee\/#organization\",\"name\":\"MiuMjau O\u00dc\",\"url\":\"https:\/\/miumjau.ee\/\",\"logo\":{\"@type\":\"ImageObject\",\"inLanguage\":\"fi\",\"@id\":\"https:\/\/miumjau.ee\/#\/schema\/logo\/image\/\",\"url\":\"https:\/\/miumjau.ee\/wp-content\/uploads\/2022\/04\/MiuMjau-logo-kollane.png\",\"contentUrl\":\"https:\/\/miumjau.ee\/wp-content\/uploads\/2022\/04\/MiuMjau-logo-kollane.png\",\"width\":219,\"height\":100,\"caption\":\"MiuMjau O\u00dc\"},\"image\":{\"@id\":\"https:\/\/miumjau.ee\/#\/schema\/logo\/image\/\"},\"sameAs\":[\"https:\/\/www.facebook.com\/miumjaupood\/\"]}]}<\/script>\n<!-- \/ Yoast SEO plugin. -->","yoast_head_json":{"title":"Pawis kissan hiekkalaatikko S, harmaa - MiuMjau","description":"Pawisen kissanhiekkalaatikossa on korkeat reunat, se on helppo puhdistaa, siin\u00e4 on runsaasti tilaa kissalle, eik\u00e4 hiekkaa tarvitse kaataa pois. Saatavilla nyt!","robots":{"index":"index","follow":"follow","max-snippet":"max-snippet:-1","max-image-preview":"max-image-preview:large","max-video-preview":"max-video-preview:-1"},"canonical":"https:\/\/miumjau.ee\/fi\/tuote\/pawis-kissan-hiekkalaatikko-s-harmaa\/","og_locale":"fi_FI","og_type":"article","og_title":"Pawis kissan hiekkalaatikko S, harmaa - MiuMjau","og_description":"Pawisen kissanhiekkalaatikossa on korkeat reunat, se on helppo puhdistaa, siin\u00e4 on runsaasti tilaa kissalle, eik\u00e4 hiekkaa tarvitse kaataa pois. Saatavilla nyt!","og_url":"https:\/\/miumjau.ee\/fi\/tuote\/pawis-kissan-hiekkalaatikko-s-harmaa\/","og_site_name":"MiuMjau","article_publisher":"https:\/\/www.facebook.com\/miumjaupood\/","article_modified_time":"2026-01-07T20:52:16+00:00","og_image":[{"width":600,"height":800,"url":"https:\/\/miumjau.ee\/wp-content\/uploads\/2024\/07\/kassi-liivakast.jpg","type":"image\/jpeg"}],"twitter_card":"summary_large_image","schema":{"@context":"https:\/\/schema.org","@graph":[{"@type":"WebPage","@id":"https:\/\/miumjau.ee\/fi\/tuote\/pawis-kissan-hiekkalaatikko-s-harmaa\/","url":"https:\/\/miumjau.ee\/fi\/tuote\/pawis-kissan-hiekkalaatikko-s-harmaa\/","name":"Pawis kissan hiekkalaatikko S, harmaa - MiuMjau","isPartOf":{"@id":"https:\/\/miumjau.ee\/#website"},"primaryImageOfPage":{"@id":"https:\/\/miumjau.ee\/fi\/tuote\/pawis-kissan-hiekkalaatikko-s-harmaa\/#primaryimage"},"image":{"@id":"https:\/\/miumjau.ee\/fi\/tuote\/pawis-kissan-hiekkalaatikko-s-harmaa\/#primaryimage"},"thumbnailUrl":"https:\/\/miumjau.ee\/wp-content\/uploads\/2024\/07\/kassi-liivakast.jpg","datePublished":"2024-07-31T05:18:41+00:00","dateModified":"2026-01-07T20:52:16+00:00","description":"Pawisen kissanhiekkalaatikossa on korkeat reunat, se on helppo puhdistaa, siin\u00e4 on runsaasti tilaa kissalle, eik\u00e4 hiekkaa tarvitse kaataa pois. Saatavilla nyt!","breadcrumb":{"@id":"https:\/\/miumjau.ee\/fi\/tuote\/pawis-kissan-hiekkalaatikko-s-harmaa\/#breadcrumb"},"inLanguage":"fi","potentialAction":[{"@type":"ReadAction","target":["https:\/\/miumjau.ee\/fi\/tuote\/pawis-kissan-hiekkalaatikko-s-harmaa\/"]}]},{"@type":"ImageObject","inLanguage":"fi","@id":"https:\/\/miumjau.ee\/fi\/tuote\/pawis-kissan-hiekkalaatikko-s-harmaa\/#primaryimage","url":"https:\/\/miumjau.ee\/wp-content\/uploads\/2024\/07\/kassi-liivakast.jpg","contentUrl":"https:\/\/miumjau.ee\/wp-content\/uploads\/2024\/07\/kassi-liivakast.jpg","width":600,"height":800,"caption":"Pawise kassi liivakast S, hall"},{"@type":"BreadcrumbList","@id":"https:\/\/miumjau.ee\/fi\/tuote\/pawis-kissan-hiekkalaatikko-s-harmaa\/#breadcrumb","itemListElement":[{"@type":"ListItem","position":1,"name":"Home","item":"https:\/\/miumjau.ee\/fi\/"},{"@type":"ListItem","position":2,"name":"Kauppa","item":"https:\/\/miumjau.ee\/fi\/kauppa\/"},{"@type":"ListItem","position":3,"name":"Pawis kissan hiekkalaatikko S, harmaa"}]},{"@type":"WebSite","@id":"https:\/\/miumjau.ee\/#website","url":"https:\/\/miumjau.ee\/","name":"MiuMjau","description":"Kraapimispuud kassidele","publisher":{"@id":"https:\/\/miumjau.ee\/#organization"},"potentialAction":[{"@type":"SearchAction","target":{"@type":"EntryPoint","urlTemplate":"https:\/\/miumjau.ee\/?s={search_term_string}"},"query-input":{"@type":"PropertyValueSpecification","valueRequired":true,"valueName":"search_term_string"}}],"inLanguage":"fi"},{"@type":"Organization","@id":"https:\/\/miumjau.ee\/#organization","name":"MiuMjau O\u00dc","url":"https:\/\/miumjau.ee\/","logo":{"@type":"ImageObject","inLanguage":"fi","@id":"https:\/\/miumjau.ee\/#\/schema\/logo\/image\/","url":"https:\/\/miumjau.ee\/wp-content\/uploads\/2022\/04\/MiuMjau-logo-kollane.png","contentUrl":"https:\/\/miumjau.ee\/wp-content\/uploads\/2022\/04\/MiuMjau-logo-kollane.png","width":219,"height":100,"caption":"MiuMjau O\u00dc"},"image":{"@id":"https:\/\/miumjau.ee\/#\/schema\/logo\/image\/"},"sameAs":["https:\/\/www.facebook.com\/miumjaupood\/"]}]}},"_links":{"self":[{"href":"https:\/\/miumjau.ee\/fi\/wp-json\/wp\/v2\/product\/31194","targetHints":{"allow":["GET"]}}],"collection":[{"href":"https:\/\/miumjau.ee\/fi\/wp-json\/wp\/v2\/product"}],"about":[{"href":"https:\/\/miumjau.ee\/fi\/wp-json\/wp\/v2\/types\/product"}],"wp:featuredmedia":[{"embeddable":true,"href":"https:\/\/miumjau.ee\/fi\/wp-json\/wp\/v2\/media\/22619"}],"wp:attachment":[{"href":"https:\/\/miumjau.ee\/fi\/wp-json\/wp\/v2\/media?parent=31194"}],"wp:term":[{"taxonomy":"product_brand","embeddable":true,"href":"https:\/\/miumjau.ee\/fi\/wp-json\/wp\/v2\/product_brand?post=31194"},{"taxonomy":"product_cat","embeddable":true,"href":"https:\/\/miumjau.ee\/fi\/wp-json\/wp\/v2\/product_cat?post=31194"},{"taxonomy":"product_tag","embeddable":true,"href":"https:\/\/miumjau.ee\/fi\/wp-json\/wp\/v2\/product_tag?post=31194"}],"curies":[{"name":"wp","href":"https:\/\/api.w.org\/{rel}","templated":true}]}}