{"id":31002,"date":"2024-08-01T16:32:25","date_gmt":"2024-08-01T13:32:25","guid":{"rendered":"https:\/\/miumjau.ee\/toode\/yeowww-banana-catnip-kissan-lelu\/"},"modified":"2026-01-07T22:52:29","modified_gmt":"2026-01-07T20:52:29","slug":"yeowww-banana-catnip-kissan-lelu","status":"publish","type":"product","link":"https:\/\/miumjau.ee\/fi\/tuote\/yeowww-banana-catnip-kissan-lelu\/","title":{"rendered":"Yeowww Banana catnip kissan lelu"},"content":{"rendered":"","protected":false},"excerpt":{"rendered":"<p>Yeowww banaanimuistelu on t\u00e4ytetty luonnollisella nokkosella, joka tarjoaa kissoille hauskaa ja stimuloivaa leikkiaikaa. Luonnollinen ja turvallinen lelu. Kissat rakastavat tarttua siihen kaikilla kynsill\u00e4\u00e4n ja purra sek\u00e4 huitoa raivoisasti jaloillaan. Se tarjoaa niille paljon hauskaa!<\/p>\n<p>Lelun pituus noin 17,5 cm<\/p>\n<p>Heti saatavilla!<\/p>\n","protected":false},"featured_media":15194,"template":"","meta":[],"product_brand":[],"product_cat":[261],"product_tag":[],"class_list":{"0":"post-31002","1":"product","2":"type-product","3":"status-publish","4":"has-post-thumbnail","6":"product_cat-lelut","8":"first","9":"instock","10":"taxable","11":"shipping-taxable","12":"purchasable","13":"product-type-simple"},"yoast_head":"<!-- This site is optimized with the Yoast SEO plugin v27.2 - https:\/\/yoast.com\/product\/yoast-seo-wordpress\/ -->\n<title>Yeowww Banana catnip kissan lelu - MiuMjau<\/title>\n<meta name=\"description\" content=\"Yeowww-lelu, joka on t\u00e4ytetty catnipi, tarjoaa kissoille hauskaa ja stimuloivaa leikkiaikaa. Luonnollinen ja turvallinen. Kissojen mielest\u00e4 se on aivan hullun hauskaa!\" \/>\n<meta name=\"robots\" content=\"index, follow, max-snippet:-1, max-image-preview:large, max-video-preview:-1\" \/>\n<link rel=\"canonical\" href=\"https:\/\/miumjau.ee\/fi\/tuote\/yeowww-banana-catnip-kissan-lelu\/\" \/>\n<meta property=\"og:locale\" content=\"fi_FI\" \/>\n<meta property=\"og:type\" content=\"article\" \/>\n<meta property=\"og:title\" content=\"Yeowww Banana catnip kissan lelu - MiuMjau\" \/>\n<meta property=\"og:description\" content=\"Yeowww-lelu, joka on t\u00e4ytetty catnipi, tarjoaa kissoille hauskaa ja stimuloivaa leikkiaikaa. Luonnollinen ja turvallinen. Kissojen mielest\u00e4 se on aivan hullun hauskaa!\" \/>\n<meta property=\"og:url\" content=\"https:\/\/miumjau.ee\/fi\/tuote\/yeowww-banana-catnip-kissan-lelu\/\" \/>\n<meta property=\"og:site_name\" content=\"MiuMjau\" \/>\n<meta property=\"article:publisher\" content=\"https:\/\/www.facebook.com\/miumjaupood\/\" \/>\n<meta property=\"article:modified_time\" content=\"2026-01-07T20:52:29+00:00\" \/>\n<meta property=\"og:image\" content=\"https:\/\/miumjau.ee\/wp-content\/uploads\/2024\/07\/YEOWWW-banaan-1-tk-Photoroom.jpg\" \/>\n\t<meta property=\"og:image:width\" content=\"600\" \/>\n\t<meta property=\"og:image:height\" content=\"800\" \/>\n\t<meta property=\"og:image:type\" content=\"image\/jpeg\" \/>\n<meta name=\"twitter:card\" content=\"summary_large_image\" \/>\n<script type=\"application\/ld+json\" class=\"yoast-schema-graph\">{\"@context\":\"https:\/\/schema.org\",\"@graph\":[{\"@type\":\"WebPage\",\"@id\":\"https:\/\/miumjau.ee\/fi\/tuote\/yeowww-banana-catnip-kissan-lelu\/\",\"url\":\"https:\/\/miumjau.ee\/fi\/tuote\/yeowww-banana-catnip-kissan-lelu\/\",\"name\":\"Yeowww Banana catnip kissan lelu - MiuMjau\",\"isPartOf\":{\"@id\":\"https:\/\/miumjau.ee\/#website\"},\"primaryImageOfPage\":{\"@id\":\"https:\/\/miumjau.ee\/fi\/tuote\/yeowww-banana-catnip-kissan-lelu\/#primaryimage\"},\"image\":{\"@id\":\"https:\/\/miumjau.ee\/fi\/tuote\/yeowww-banana-catnip-kissan-lelu\/#primaryimage\"},\"thumbnailUrl\":\"https:\/\/miumjau.ee\/wp-content\/uploads\/2024\/07\/YEOWWW-banaan-1-tk-Photoroom.jpg\",\"datePublished\":\"2024-08-01T13:32:25+00:00\",\"dateModified\":\"2026-01-07T20:52:29+00:00\",\"description\":\"Yeowww-lelu, joka on t\u00e4ytetty catnipi, tarjoaa kissoille hauskaa ja stimuloivaa leikkiaikaa. Luonnollinen ja turvallinen. Kissojen mielest\u00e4 se on aivan hullun hauskaa!\",\"breadcrumb\":{\"@id\":\"https:\/\/miumjau.ee\/fi\/tuote\/yeowww-banana-catnip-kissan-lelu\/#breadcrumb\"},\"inLanguage\":\"fi\",\"potentialAction\":[{\"@type\":\"ReadAction\",\"target\":[\"https:\/\/miumjau.ee\/fi\/tuote\/yeowww-banana-catnip-kissan-lelu\/\"]}]},{\"@type\":\"ImageObject\",\"inLanguage\":\"fi\",\"@id\":\"https:\/\/miumjau.ee\/fi\/tuote\/yeowww-banana-catnip-kissan-lelu\/#primaryimage\",\"url\":\"https:\/\/miumjau.ee\/wp-content\/uploads\/2024\/07\/YEOWWW-banaan-1-tk-Photoroom.jpg\",\"contentUrl\":\"https:\/\/miumjau.ee\/wp-content\/uploads\/2024\/07\/YEOWWW-banaan-1-tk-Photoroom.jpg\",\"width\":600,\"height\":800,\"caption\":\"YEOWWW-banaan-1-tk-Photoroom.jpg\"},{\"@type\":\"BreadcrumbList\",\"@id\":\"https:\/\/miumjau.ee\/fi\/tuote\/yeowww-banana-catnip-kissan-lelu\/#breadcrumb\",\"itemListElement\":[{\"@type\":\"ListItem\",\"position\":1,\"name\":\"Home\",\"item\":\"https:\/\/miumjau.ee\/fi\/\"},{\"@type\":\"ListItem\",\"position\":2,\"name\":\"Kauppa\",\"item\":\"https:\/\/miumjau.ee\/fi\/kauppa\/\"},{\"@type\":\"ListItem\",\"position\":3,\"name\":\"Yeowww Banana catnip kissan lelu\"}]},{\"@type\":\"WebSite\",\"@id\":\"https:\/\/miumjau.ee\/#website\",\"url\":\"https:\/\/miumjau.ee\/\",\"name\":\"MiuMjau\",\"description\":\"Kraapimispuud kassidele\",\"publisher\":{\"@id\":\"https:\/\/miumjau.ee\/#organization\"},\"potentialAction\":[{\"@type\":\"SearchAction\",\"target\":{\"@type\":\"EntryPoint\",\"urlTemplate\":\"https:\/\/miumjau.ee\/?s={search_term_string}\"},\"query-input\":{\"@type\":\"PropertyValueSpecification\",\"valueRequired\":true,\"valueName\":\"search_term_string\"}}],\"inLanguage\":\"fi\"},{\"@type\":\"Organization\",\"@id\":\"https:\/\/miumjau.ee\/#organization\",\"name\":\"MiuMjau O\u00dc\",\"url\":\"https:\/\/miumjau.ee\/\",\"logo\":{\"@type\":\"ImageObject\",\"inLanguage\":\"fi\",\"@id\":\"https:\/\/miumjau.ee\/#\/schema\/logo\/image\/\",\"url\":\"https:\/\/miumjau.ee\/wp-content\/uploads\/2022\/04\/MiuMjau-logo-kollane.png\",\"contentUrl\":\"https:\/\/miumjau.ee\/wp-content\/uploads\/2022\/04\/MiuMjau-logo-kollane.png\",\"width\":219,\"height\":100,\"caption\":\"MiuMjau O\u00dc\"},\"image\":{\"@id\":\"https:\/\/miumjau.ee\/#\/schema\/logo\/image\/\"},\"sameAs\":[\"https:\/\/www.facebook.com\/miumjaupood\/\"]}]}<\/script>\n<!-- \/ Yoast SEO plugin. -->","yoast_head_json":{"title":"Yeowww Banana catnip kissan lelu - MiuMjau","description":"Yeowww-lelu, joka on t\u00e4ytetty catnipi, tarjoaa kissoille hauskaa ja stimuloivaa leikkiaikaa. Luonnollinen ja turvallinen. Kissojen mielest\u00e4 se on aivan hullun hauskaa!","robots":{"index":"index","follow":"follow","max-snippet":"max-snippet:-1","max-image-preview":"max-image-preview:large","max-video-preview":"max-video-preview:-1"},"canonical":"https:\/\/miumjau.ee\/fi\/tuote\/yeowww-banana-catnip-kissan-lelu\/","og_locale":"fi_FI","og_type":"article","og_title":"Yeowww Banana catnip kissan lelu - MiuMjau","og_description":"Yeowww-lelu, joka on t\u00e4ytetty catnipi, tarjoaa kissoille hauskaa ja stimuloivaa leikkiaikaa. Luonnollinen ja turvallinen. Kissojen mielest\u00e4 se on aivan hullun hauskaa!","og_url":"https:\/\/miumjau.ee\/fi\/tuote\/yeowww-banana-catnip-kissan-lelu\/","og_site_name":"MiuMjau","article_publisher":"https:\/\/www.facebook.com\/miumjaupood\/","article_modified_time":"2026-01-07T20:52:29+00:00","og_image":[{"width":600,"height":800,"url":"https:\/\/miumjau.ee\/wp-content\/uploads\/2024\/07\/YEOWWW-banaan-1-tk-Photoroom.jpg","type":"image\/jpeg"}],"twitter_card":"summary_large_image","schema":{"@context":"https:\/\/schema.org","@graph":[{"@type":"WebPage","@id":"https:\/\/miumjau.ee\/fi\/tuote\/yeowww-banana-catnip-kissan-lelu\/","url":"https:\/\/miumjau.ee\/fi\/tuote\/yeowww-banana-catnip-kissan-lelu\/","name":"Yeowww Banana catnip kissan lelu - MiuMjau","isPartOf":{"@id":"https:\/\/miumjau.ee\/#website"},"primaryImageOfPage":{"@id":"https:\/\/miumjau.ee\/fi\/tuote\/yeowww-banana-catnip-kissan-lelu\/#primaryimage"},"image":{"@id":"https:\/\/miumjau.ee\/fi\/tuote\/yeowww-banana-catnip-kissan-lelu\/#primaryimage"},"thumbnailUrl":"https:\/\/miumjau.ee\/wp-content\/uploads\/2024\/07\/YEOWWW-banaan-1-tk-Photoroom.jpg","datePublished":"2024-08-01T13:32:25+00:00","dateModified":"2026-01-07T20:52:29+00:00","description":"Yeowww-lelu, joka on t\u00e4ytetty catnipi, tarjoaa kissoille hauskaa ja stimuloivaa leikkiaikaa. Luonnollinen ja turvallinen. Kissojen mielest\u00e4 se on aivan hullun hauskaa!","breadcrumb":{"@id":"https:\/\/miumjau.ee\/fi\/tuote\/yeowww-banana-catnip-kissan-lelu\/#breadcrumb"},"inLanguage":"fi","potentialAction":[{"@type":"ReadAction","target":["https:\/\/miumjau.ee\/fi\/tuote\/yeowww-banana-catnip-kissan-lelu\/"]}]},{"@type":"ImageObject","inLanguage":"fi","@id":"https:\/\/miumjau.ee\/fi\/tuote\/yeowww-banana-catnip-kissan-lelu\/#primaryimage","url":"https:\/\/miumjau.ee\/wp-content\/uploads\/2024\/07\/YEOWWW-banaan-1-tk-Photoroom.jpg","contentUrl":"https:\/\/miumjau.ee\/wp-content\/uploads\/2024\/07\/YEOWWW-banaan-1-tk-Photoroom.jpg","width":600,"height":800,"caption":"YEOWWW-banaan-1-tk-Photoroom.jpg"},{"@type":"BreadcrumbList","@id":"https:\/\/miumjau.ee\/fi\/tuote\/yeowww-banana-catnip-kissan-lelu\/#breadcrumb","itemListElement":[{"@type":"ListItem","position":1,"name":"Home","item":"https:\/\/miumjau.ee\/fi\/"},{"@type":"ListItem","position":2,"name":"Kauppa","item":"https:\/\/miumjau.ee\/fi\/kauppa\/"},{"@type":"ListItem","position":3,"name":"Yeowww Banana catnip kissan lelu"}]},{"@type":"WebSite","@id":"https:\/\/miumjau.ee\/#website","url":"https:\/\/miumjau.ee\/","name":"MiuMjau","description":"Kraapimispuud kassidele","publisher":{"@id":"https:\/\/miumjau.ee\/#organization"},"potentialAction":[{"@type":"SearchAction","target":{"@type":"EntryPoint","urlTemplate":"https:\/\/miumjau.ee\/?s={search_term_string}"},"query-input":{"@type":"PropertyValueSpecification","valueRequired":true,"valueName":"search_term_string"}}],"inLanguage":"fi"},{"@type":"Organization","@id":"https:\/\/miumjau.ee\/#organization","name":"MiuMjau O\u00dc","url":"https:\/\/miumjau.ee\/","logo":{"@type":"ImageObject","inLanguage":"fi","@id":"https:\/\/miumjau.ee\/#\/schema\/logo\/image\/","url":"https:\/\/miumjau.ee\/wp-content\/uploads\/2022\/04\/MiuMjau-logo-kollane.png","contentUrl":"https:\/\/miumjau.ee\/wp-content\/uploads\/2022\/04\/MiuMjau-logo-kollane.png","width":219,"height":100,"caption":"MiuMjau O\u00dc"},"image":{"@id":"https:\/\/miumjau.ee\/#\/schema\/logo\/image\/"},"sameAs":["https:\/\/www.facebook.com\/miumjaupood\/"]}]}},"_links":{"self":[{"href":"https:\/\/miumjau.ee\/fi\/wp-json\/wp\/v2\/product\/31002","targetHints":{"allow":["GET"]}}],"collection":[{"href":"https:\/\/miumjau.ee\/fi\/wp-json\/wp\/v2\/product"}],"about":[{"href":"https:\/\/miumjau.ee\/fi\/wp-json\/wp\/v2\/types\/product"}],"wp:featuredmedia":[{"embeddable":true,"href":"https:\/\/miumjau.ee\/fi\/wp-json\/wp\/v2\/media\/15194"}],"wp:attachment":[{"href":"https:\/\/miumjau.ee\/fi\/wp-json\/wp\/v2\/media?parent=31002"}],"wp:term":[{"taxonomy":"product_brand","embeddable":true,"href":"https:\/\/miumjau.ee\/fi\/wp-json\/wp\/v2\/product_brand?post=31002"},{"taxonomy":"product_cat","embeddable":true,"href":"https:\/\/miumjau.ee\/fi\/wp-json\/wp\/v2\/product_cat?post=31002"},{"taxonomy":"product_tag","embeddable":true,"href":"https:\/\/miumjau.ee\/fi\/wp-json\/wp\/v2\/product_tag?post=31002"}],"curies":[{"name":"wp","href":"https:\/\/api.w.org\/{rel}","templated":true}]}}