{"id":31000,"date":"2024-08-06T16:07:47","date_gmt":"2024-08-06T13:07:47","guid":{"rendered":"https:\/\/miumjau.ee\/toode\/kissan-suljettu-hiekkalaatikko-noble-sininen\/"},"modified":"2026-01-07T22:52:29","modified_gmt":"2026-01-07T20:52:29","slug":"kissan-suljettu-hiekkalaatikko-noble-sininen","status":"publish","type":"product","link":"https:\/\/miumjau.ee\/fi\/tuote\/kissan-suljettu-hiekkalaatikko-noble-sininen\/","title":{"rendered":"Kissan suljettu hiekkalaatikko Noble, sininen"},"content":{"rendered":"","protected":false},"excerpt":{"rendered":"<p>Kissat kotoutettiin noin 9500 vuotta sitten. T\u00e4st\u00e4 lajin v\u00e4lisest\u00e4 yst\u00e4vyydest\u00e4 l\u00e4htien olemme pyrkineet tekem\u00e4\u00e4n yhteisest\u00e4 el\u00e4m\u00e4st\u00e4mme, niin meid\u00e4n kuin kilpist\u00e4v\u00e4n kumppanimme, mukavampaa. Yksi keksinn\u00f6ist\u00e4, joka merkitt\u00e4v\u00e4sti paransi kummankin osapuolen mukavuutta, oli kissan hiekkalaatikko. Yksinkertainen laatikko, joka oli t\u00e4ytetty hiekalla tai purulla, helpotti kissan p\u00e4ivitt\u00e4isi\u00e4 fysiologisia tarpeita kotona ilman ihmisen puuttumista. Vuosien varrella t\u00e4m\u00e4 tuote on saanut eri muotoja ja v\u00e4rej\u00e4 ja siihen on lis\u00e4tty erilaisia mukavuuksia, mutta sen toiminto on pysynyt samana.<\/p>\n<p>Esittelemme kissan hiekkalaatikon kannella, joka yhdist\u00e4\u00e4 monia k\u00e4yt\u00e4nn\u00f6llisi\u00e4 ratkaisuja. Ensinn\u00e4kin laatikon rakenne est\u00e4\u00e4 hiekkaa levi\u00e4m\u00e4st\u00e4, vaikka kissalle olisi mieluista kaivaa hiekassa intensiivisesti. Lis\u00e4ksi se tarjoaa kissalle yksityisyytt\u00e4, ja el\u00e4imen luonteen mukaan stressitt\u00f6m\u00e4n WC:n k\u00e4ytt\u00f6 voi olla \u00e4\u00e4rimm\u00e4isen t\u00e4rke\u00e4\u00e4. Kissan hiekkalaatikossa on saranoitu ovi ja k\u00e4tev\u00e4 kantokahva kuljetusta varten. Koko laatikon yl\u00e4osa on irrotettavissa, kiinnitetty helposti k\u00e4ytett\u00e4vill\u00e4 klipseill\u00e4, mik\u00e4 helpottaa puhdistamista.<\/p>\n<p>Ominaisuudet:<\/p>\n<ul>\n<li>Materiaalit: muovi<\/li>\n<li>Pituus: 50 cm<\/li>\n<li>Leveys: 40 cm<\/li>\n<li>Korkeus: 39 cm<\/li>\n<li>Paino: 1,37 kg<\/li>\n<li>Pakkauksen koko: 51 x 38 x 33 cm<\/li>\n<\/ul>\n<p>Saatavilla varastossa heti!<\/p>\n","protected":false},"featured_media":15728,"template":"","meta":[],"product_brand":[],"product_cat":[287],"product_tag":[],"class_list":{"0":"post-31000","1":"product","2":"type-product","3":"status-publish","4":"has-post-thumbnail","6":"product_cat-hiekkalaatikot","7":"product_shipping_class-pakiautomaati-sobimatu-fi","9":"first","10":"instock","11":"taxable","12":"shipping-taxable","13":"purchasable","14":"product-type-simple"},"yoast_head":"<!-- This site is optimized with the Yoast SEO plugin v27.2 - https:\/\/yoast.com\/product\/yoast-seo-wordpress\/ -->\n<title>Kissan suljettu hiekkalaatikko Noble, sininen - MiuMjau<\/title>\n<meta name=\"description\" content=\"Kattava kassi hiekkalaatikko Happet Noble on yksityinen malli kannella, suodattimella ja kantokahvalla. Pehme ovi mahdollistaa kissan kulkea sis\u00e4\u00e4n ja ulos vapaasti.\" \/>\n<meta name=\"robots\" content=\"index, follow, max-snippet:-1, max-image-preview:large, max-video-preview:-1\" \/>\n<link rel=\"canonical\" href=\"https:\/\/miumjau.ee\/fi\/tuote\/kissan-suljettu-hiekkalaatikko-noble-sininen\/\" \/>\n<meta property=\"og:locale\" content=\"fi_FI\" \/>\n<meta property=\"og:type\" content=\"article\" \/>\n<meta property=\"og:title\" content=\"Kissan suljettu hiekkalaatikko Noble, sininen - MiuMjau\" \/>\n<meta property=\"og:description\" content=\"Kattava kassi hiekkalaatikko Happet Noble on yksityinen malli kannella, suodattimella ja kantokahvalla. Pehme ovi mahdollistaa kissan kulkea sis\u00e4\u00e4n ja ulos vapaasti.\" \/>\n<meta property=\"og:url\" content=\"https:\/\/miumjau.ee\/fi\/tuote\/kissan-suljettu-hiekkalaatikko-noble-sininen\/\" \/>\n<meta property=\"og:site_name\" content=\"MiuMjau\" \/>\n<meta property=\"article:publisher\" content=\"https:\/\/www.facebook.com\/miumjaupood\/\" \/>\n<meta property=\"article:modified_time\" content=\"2026-01-07T20:52:29+00:00\" \/>\n<meta property=\"og:image\" content=\"https:\/\/miumjau.ee\/wp-content\/uploads\/2024\/08\/kassi-liivakast-noble-sinine-2.jpg\" \/>\n\t<meta property=\"og:image:width\" content=\"600\" \/>\n\t<meta property=\"og:image:height\" content=\"800\" \/>\n\t<meta property=\"og:image:type\" content=\"image\/jpeg\" \/>\n<meta name=\"twitter:card\" content=\"summary_large_image\" \/>\n<script type=\"application\/ld+json\" class=\"yoast-schema-graph\">{\"@context\":\"https:\/\/schema.org\",\"@graph\":[{\"@type\":\"WebPage\",\"@id\":\"https:\/\/miumjau.ee\/fi\/tuote\/kissan-suljettu-hiekkalaatikko-noble-sininen\/\",\"url\":\"https:\/\/miumjau.ee\/fi\/tuote\/kissan-suljettu-hiekkalaatikko-noble-sininen\/\",\"name\":\"Kissan suljettu hiekkalaatikko Noble, sininen - MiuMjau\",\"isPartOf\":{\"@id\":\"https:\/\/miumjau.ee\/#website\"},\"primaryImageOfPage\":{\"@id\":\"https:\/\/miumjau.ee\/fi\/tuote\/kissan-suljettu-hiekkalaatikko-noble-sininen\/#primaryimage\"},\"image\":{\"@id\":\"https:\/\/miumjau.ee\/fi\/tuote\/kissan-suljettu-hiekkalaatikko-noble-sininen\/#primaryimage\"},\"thumbnailUrl\":\"https:\/\/miumjau.ee\/wp-content\/uploads\/2024\/08\/kassi-liivakast-noble-sinine-2.jpg\",\"datePublished\":\"2024-08-06T13:07:47+00:00\",\"dateModified\":\"2026-01-07T20:52:29+00:00\",\"description\":\"Kattava kassi hiekkalaatikko Happet Noble on yksityinen malli kannella, suodattimella ja kantokahvalla. Pehme ovi mahdollistaa kissan kulkea sis\u00e4\u00e4n ja ulos vapaasti.\",\"breadcrumb\":{\"@id\":\"https:\/\/miumjau.ee\/fi\/tuote\/kissan-suljettu-hiekkalaatikko-noble-sininen\/#breadcrumb\"},\"inLanguage\":\"fi\",\"potentialAction\":[{\"@type\":\"ReadAction\",\"target\":[\"https:\/\/miumjau.ee\/fi\/tuote\/kissan-suljettu-hiekkalaatikko-noble-sininen\/\"]}]},{\"@type\":\"ImageObject\",\"inLanguage\":\"fi\",\"@id\":\"https:\/\/miumjau.ee\/fi\/tuote\/kissan-suljettu-hiekkalaatikko-noble-sininen\/#primaryimage\",\"url\":\"https:\/\/miumjau.ee\/wp-content\/uploads\/2024\/08\/kassi-liivakast-noble-sinine-2.jpg\",\"contentUrl\":\"https:\/\/miumjau.ee\/wp-content\/uploads\/2024\/08\/kassi-liivakast-noble-sinine-2.jpg\",\"width\":600,\"height\":800,\"caption\":\"Kassi liivakast Noble sinine\"},{\"@type\":\"BreadcrumbList\",\"@id\":\"https:\/\/miumjau.ee\/fi\/tuote\/kissan-suljettu-hiekkalaatikko-noble-sininen\/#breadcrumb\",\"itemListElement\":[{\"@type\":\"ListItem\",\"position\":1,\"name\":\"Home\",\"item\":\"https:\/\/miumjau.ee\/fi\/\"},{\"@type\":\"ListItem\",\"position\":2,\"name\":\"Kauppa\",\"item\":\"https:\/\/miumjau.ee\/fi\/kauppa\/\"},{\"@type\":\"ListItem\",\"position\":3,\"name\":\"Kissan suljettu hiekkalaatikko Noble, sininen\"}]},{\"@type\":\"WebSite\",\"@id\":\"https:\/\/miumjau.ee\/#website\",\"url\":\"https:\/\/miumjau.ee\/\",\"name\":\"MiuMjau\",\"description\":\"Kraapimispuud kassidele\",\"publisher\":{\"@id\":\"https:\/\/miumjau.ee\/#organization\"},\"potentialAction\":[{\"@type\":\"SearchAction\",\"target\":{\"@type\":\"EntryPoint\",\"urlTemplate\":\"https:\/\/miumjau.ee\/?s={search_term_string}\"},\"query-input\":{\"@type\":\"PropertyValueSpecification\",\"valueRequired\":true,\"valueName\":\"search_term_string\"}}],\"inLanguage\":\"fi\"},{\"@type\":\"Organization\",\"@id\":\"https:\/\/miumjau.ee\/#organization\",\"name\":\"MiuMjau O\u00dc\",\"url\":\"https:\/\/miumjau.ee\/\",\"logo\":{\"@type\":\"ImageObject\",\"inLanguage\":\"fi\",\"@id\":\"https:\/\/miumjau.ee\/#\/schema\/logo\/image\/\",\"url\":\"https:\/\/miumjau.ee\/wp-content\/uploads\/2022\/04\/MiuMjau-logo-kollane.png\",\"contentUrl\":\"https:\/\/miumjau.ee\/wp-content\/uploads\/2022\/04\/MiuMjau-logo-kollane.png\",\"width\":219,\"height\":100,\"caption\":\"MiuMjau O\u00dc\"},\"image\":{\"@id\":\"https:\/\/miumjau.ee\/#\/schema\/logo\/image\/\"},\"sameAs\":[\"https:\/\/www.facebook.com\/miumjaupood\/\"]}]}<\/script>\n<!-- \/ Yoast SEO plugin. -->","yoast_head_json":{"title":"Kissan suljettu hiekkalaatikko Noble, sininen - MiuMjau","description":"Kattava kassi hiekkalaatikko Happet Noble on yksityinen malli kannella, suodattimella ja kantokahvalla. Pehme ovi mahdollistaa kissan kulkea sis\u00e4\u00e4n ja ulos vapaasti.","robots":{"index":"index","follow":"follow","max-snippet":"max-snippet:-1","max-image-preview":"max-image-preview:large","max-video-preview":"max-video-preview:-1"},"canonical":"https:\/\/miumjau.ee\/fi\/tuote\/kissan-suljettu-hiekkalaatikko-noble-sininen\/","og_locale":"fi_FI","og_type":"article","og_title":"Kissan suljettu hiekkalaatikko Noble, sininen - MiuMjau","og_description":"Kattava kassi hiekkalaatikko Happet Noble on yksityinen malli kannella, suodattimella ja kantokahvalla. Pehme ovi mahdollistaa kissan kulkea sis\u00e4\u00e4n ja ulos vapaasti.","og_url":"https:\/\/miumjau.ee\/fi\/tuote\/kissan-suljettu-hiekkalaatikko-noble-sininen\/","og_site_name":"MiuMjau","article_publisher":"https:\/\/www.facebook.com\/miumjaupood\/","article_modified_time":"2026-01-07T20:52:29+00:00","og_image":[{"width":600,"height":800,"url":"https:\/\/miumjau.ee\/wp-content\/uploads\/2024\/08\/kassi-liivakast-noble-sinine-2.jpg","type":"image\/jpeg"}],"twitter_card":"summary_large_image","schema":{"@context":"https:\/\/schema.org","@graph":[{"@type":"WebPage","@id":"https:\/\/miumjau.ee\/fi\/tuote\/kissan-suljettu-hiekkalaatikko-noble-sininen\/","url":"https:\/\/miumjau.ee\/fi\/tuote\/kissan-suljettu-hiekkalaatikko-noble-sininen\/","name":"Kissan suljettu hiekkalaatikko Noble, sininen - MiuMjau","isPartOf":{"@id":"https:\/\/miumjau.ee\/#website"},"primaryImageOfPage":{"@id":"https:\/\/miumjau.ee\/fi\/tuote\/kissan-suljettu-hiekkalaatikko-noble-sininen\/#primaryimage"},"image":{"@id":"https:\/\/miumjau.ee\/fi\/tuote\/kissan-suljettu-hiekkalaatikko-noble-sininen\/#primaryimage"},"thumbnailUrl":"https:\/\/miumjau.ee\/wp-content\/uploads\/2024\/08\/kassi-liivakast-noble-sinine-2.jpg","datePublished":"2024-08-06T13:07:47+00:00","dateModified":"2026-01-07T20:52:29+00:00","description":"Kattava kassi hiekkalaatikko Happet Noble on yksityinen malli kannella, suodattimella ja kantokahvalla. Pehme ovi mahdollistaa kissan kulkea sis\u00e4\u00e4n ja ulos vapaasti.","breadcrumb":{"@id":"https:\/\/miumjau.ee\/fi\/tuote\/kissan-suljettu-hiekkalaatikko-noble-sininen\/#breadcrumb"},"inLanguage":"fi","potentialAction":[{"@type":"ReadAction","target":["https:\/\/miumjau.ee\/fi\/tuote\/kissan-suljettu-hiekkalaatikko-noble-sininen\/"]}]},{"@type":"ImageObject","inLanguage":"fi","@id":"https:\/\/miumjau.ee\/fi\/tuote\/kissan-suljettu-hiekkalaatikko-noble-sininen\/#primaryimage","url":"https:\/\/miumjau.ee\/wp-content\/uploads\/2024\/08\/kassi-liivakast-noble-sinine-2.jpg","contentUrl":"https:\/\/miumjau.ee\/wp-content\/uploads\/2024\/08\/kassi-liivakast-noble-sinine-2.jpg","width":600,"height":800,"caption":"Kassi liivakast Noble sinine"},{"@type":"BreadcrumbList","@id":"https:\/\/miumjau.ee\/fi\/tuote\/kissan-suljettu-hiekkalaatikko-noble-sininen\/#breadcrumb","itemListElement":[{"@type":"ListItem","position":1,"name":"Home","item":"https:\/\/miumjau.ee\/fi\/"},{"@type":"ListItem","position":2,"name":"Kauppa","item":"https:\/\/miumjau.ee\/fi\/kauppa\/"},{"@type":"ListItem","position":3,"name":"Kissan suljettu hiekkalaatikko Noble, sininen"}]},{"@type":"WebSite","@id":"https:\/\/miumjau.ee\/#website","url":"https:\/\/miumjau.ee\/","name":"MiuMjau","description":"Kraapimispuud kassidele","publisher":{"@id":"https:\/\/miumjau.ee\/#organization"},"potentialAction":[{"@type":"SearchAction","target":{"@type":"EntryPoint","urlTemplate":"https:\/\/miumjau.ee\/?s={search_term_string}"},"query-input":{"@type":"PropertyValueSpecification","valueRequired":true,"valueName":"search_term_string"}}],"inLanguage":"fi"},{"@type":"Organization","@id":"https:\/\/miumjau.ee\/#organization","name":"MiuMjau O\u00dc","url":"https:\/\/miumjau.ee\/","logo":{"@type":"ImageObject","inLanguage":"fi","@id":"https:\/\/miumjau.ee\/#\/schema\/logo\/image\/","url":"https:\/\/miumjau.ee\/wp-content\/uploads\/2022\/04\/MiuMjau-logo-kollane.png","contentUrl":"https:\/\/miumjau.ee\/wp-content\/uploads\/2022\/04\/MiuMjau-logo-kollane.png","width":219,"height":100,"caption":"MiuMjau O\u00dc"},"image":{"@id":"https:\/\/miumjau.ee\/#\/schema\/logo\/image\/"},"sameAs":["https:\/\/www.facebook.com\/miumjaupood\/"]}]}},"_links":{"self":[{"href":"https:\/\/miumjau.ee\/fi\/wp-json\/wp\/v2\/product\/31000","targetHints":{"allow":["GET"]}}],"collection":[{"href":"https:\/\/miumjau.ee\/fi\/wp-json\/wp\/v2\/product"}],"about":[{"href":"https:\/\/miumjau.ee\/fi\/wp-json\/wp\/v2\/types\/product"}],"wp:featuredmedia":[{"embeddable":true,"href":"https:\/\/miumjau.ee\/fi\/wp-json\/wp\/v2\/media\/15728"}],"wp:attachment":[{"href":"https:\/\/miumjau.ee\/fi\/wp-json\/wp\/v2\/media?parent=31000"}],"wp:term":[{"taxonomy":"product_brand","embeddable":true,"href":"https:\/\/miumjau.ee\/fi\/wp-json\/wp\/v2\/product_brand?post=31000"},{"taxonomy":"product_cat","embeddable":true,"href":"https:\/\/miumjau.ee\/fi\/wp-json\/wp\/v2\/product_cat?post=31000"},{"taxonomy":"product_tag","embeddable":true,"href":"https:\/\/miumjau.ee\/fi\/wp-json\/wp\/v2\/product_tag?post=31000"}],"curies":[{"name":"wp","href":"https:\/\/api.w.org\/{rel}","templated":true}]}}