{"id":30998,"date":"2025-03-28T00:21:03","date_gmt":"2025-03-27T22:21:03","guid":{"rendered":"https:\/\/miumjau.ee\/toode\/ankkakeitto-kissoille-brit-care-75g\/"},"modified":"2026-01-07T22:52:29","modified_gmt":"2026-01-07T20:52:29","slug":"ankkakeitto-kissoille-brit-care-75g","status":"publish","type":"product","link":"https:\/\/miumjau.ee\/fi\/tuote\/ankkakeitto-kissoille-brit-care-75g\/","title":{"rendered":"Ankkakeitto kissoille Brit Care 75g"},"content":{"rendered":"","protected":false},"excerpt":{"rendered":"<p><strong>Brit Care Ankanen \u2013 Viljaton m\u00e4rk\u00e4 t\u00e4ydennysravinto kissoille<\/strong><\/p>\n<p>\u2705 <strong>Sis\u00e4lt\u00e4\u00e4 probiootteja<\/strong> \u2013 inaktivoitu <em>Lactobacillus<\/em>, joka tukee immuunij\u00e4rjestelm\u00e4\u00e4.<br \/>\n\u2705 <strong>Sis\u00e4lt\u00e4\u00e4 prebiootteja<\/strong> \u2013 frukto-oligosakkaridit tukevat suoliston mikroflooraa.<br \/>\n\u2705 <strong>Herkullinen ja rauhoittava<\/strong> \u2013 sis\u00e4lt\u00e4\u00e4 kissanminttua, joka auttaa lievitt\u00e4m\u00e4\u00e4n ahdistusta.<br \/>\n\u2705 <strong>Sis\u00e4lt\u00e4\u00e4 tauriinia<\/strong>.<br \/>\n\u2705 <strong>Sopii sterilisoiduille kissoille<\/strong> \u2013 sis\u00e4lt\u00e4\u00e4 L-metioniinia.<br \/>\n\u2705 <strong>Viljaton<\/strong>.<br \/>\n\u2705 <strong>Ei sis\u00e4ll\u00e4 GMO:ta, soijaa eik\u00e4 lis\u00e4tty\u00e4 sokeria<\/strong>.<\/p>\n<h3><strong>Ainesosat:<\/strong><\/h3>\n<p>\ud83d\udca7 Juomavesi, 16 % kanaa, 4 % ankkaa, 0,5 % hydrolysoitu maksa, 0,5 % lignoselluloosa, kuivattu kissanminttu (100 mg\/kg), frukto-oligosakkaridit (100 mg\/kg), inaktivoidut bakteerit ja niiden osat (<em>Lactobacillus helveticus<\/em> HA \u2013 122, 1,5 \u00d7 10\u2078 solua\/kg).<\/p>\n<h3><strong>Analysoidut ravintoaineet:<\/strong><\/h3>\n<p>\ud83d\udd38 Raakaproteiini: 2,0 %<br \/>\n\ud83d\udd38 Raakarasva: 1,0 %<br \/>\n\ud83d\udd38 Raakakuitu: 0,2 %<br \/>\n\ud83d\udd38 Raakatuhka: 0,5 %<br \/>\n\ud83d\udd38 Kosteus: 95,0 %<br \/>\n\ud83d\udd38 Kalsium: 0,01 %<br \/>\n\ud83d\udd38 Fosfori: 0,02 %<br \/>\n\ud83d\udd38 Natrium: 0,05 %<\/p>\n<h3><strong>Lis\u00e4aineet:<\/strong><\/h3>\n<p>\ud83d\udd39 L-metioniini (3c305) \u2013 500 mg<br \/>\n\ud83d\udd39 Tauriini (3a370) \u2013 500 mg<\/p>\n<p><strong>Metabolinen energia:<\/strong> 225 kcal\/kg<\/p>\n","protected":false},"featured_media":30802,"template":"","meta":[],"product_brand":[],"product_cat":[264],"product_tag":[],"class_list":{"0":"post-30998","1":"product","2":"type-product","3":"status-publish","4":"has-post-thumbnail","6":"product_cat-marka-ruoka","8":"first","9":"instock","10":"taxable","11":"shipping-taxable","12":"purchasable","13":"product-type-simple"},"yoast_head":"<!-- This site is optimized with the Yoast SEO plugin v27.2 - https:\/\/yoast.com\/product\/yoast-seo-wordpress\/ -->\n<title>Ankkakeitto kissoille Brit Care 75g - MiuMjau<\/title>\n<meta name=\"description\" content=\"Brit Care Duck Soup on viljaton, korkealaatuinen m\u00e4rk\u00e4lis\u00e4ravinto, joka on suunniteltu tukemaan kissojen terveytt\u00e4 ja hyvinvointia.\" \/>\n<meta name=\"robots\" content=\"index, follow, max-snippet:-1, max-image-preview:large, max-video-preview:-1\" \/>\n<link rel=\"canonical\" href=\"https:\/\/miumjau.ee\/fi\/tuote\/ankkakeitto-kissoille-brit-care-75g\/\" \/>\n<meta property=\"og:locale\" content=\"fi_FI\" \/>\n<meta property=\"og:type\" content=\"article\" \/>\n<meta property=\"og:title\" content=\"Ankkakeitto kissoille Brit Care 75g - MiuMjau\" \/>\n<meta property=\"og:description\" content=\"Brit Care Duck Soup on viljaton, korkealaatuinen m\u00e4rk\u00e4lis\u00e4ravinto, joka on suunniteltu tukemaan kissojen terveytt\u00e4 ja hyvinvointia.\" \/>\n<meta property=\"og:url\" content=\"https:\/\/miumjau.ee\/fi\/tuote\/ankkakeitto-kissoille-brit-care-75g\/\" \/>\n<meta property=\"og:site_name\" content=\"MiuMjau\" \/>\n<meta property=\"article:publisher\" content=\"https:\/\/www.facebook.com\/miumjaupood\/\" \/>\n<meta property=\"article:modified_time\" content=\"2026-01-07T20:52:29+00:00\" \/>\n<meta property=\"og:image\" content=\"https:\/\/miumjau.ee\/wp-content\/uploads\/2025\/03\/kassi-pardisupp-brit-care.jpg\" \/>\n\t<meta property=\"og:image:width\" content=\"600\" \/>\n\t<meta property=\"og:image:height\" content=\"800\" \/>\n\t<meta property=\"og:image:type\" content=\"image\/jpeg\" \/>\n<meta name=\"twitter:card\" content=\"summary_large_image\" \/>\n<script type=\"application\/ld+json\" class=\"yoast-schema-graph\">{\"@context\":\"https:\/\/schema.org\",\"@graph\":[{\"@type\":\"WebPage\",\"@id\":\"https:\/\/miumjau.ee\/fi\/tuote\/ankkakeitto-kissoille-brit-care-75g\/\",\"url\":\"https:\/\/miumjau.ee\/fi\/tuote\/ankkakeitto-kissoille-brit-care-75g\/\",\"name\":\"Ankkakeitto kissoille Brit Care 75g - MiuMjau\",\"isPartOf\":{\"@id\":\"https:\/\/miumjau.ee\/#website\"},\"primaryImageOfPage\":{\"@id\":\"https:\/\/miumjau.ee\/fi\/tuote\/ankkakeitto-kissoille-brit-care-75g\/#primaryimage\"},\"image\":{\"@id\":\"https:\/\/miumjau.ee\/fi\/tuote\/ankkakeitto-kissoille-brit-care-75g\/#primaryimage\"},\"thumbnailUrl\":\"https:\/\/miumjau.ee\/wp-content\/uploads\/2025\/03\/kassi-pardisupp-brit-care.jpg\",\"datePublished\":\"2025-03-27T22:21:03+00:00\",\"dateModified\":\"2026-01-07T20:52:29+00:00\",\"description\":\"Brit Care Duck Soup on viljaton, korkealaatuinen m\u00e4rk\u00e4lis\u00e4ravinto, joka on suunniteltu tukemaan kissojen terveytt\u00e4 ja hyvinvointia.\",\"breadcrumb\":{\"@id\":\"https:\/\/miumjau.ee\/fi\/tuote\/ankkakeitto-kissoille-brit-care-75g\/#breadcrumb\"},\"inLanguage\":\"fi\",\"potentialAction\":[{\"@type\":\"ReadAction\",\"target\":[\"https:\/\/miumjau.ee\/fi\/tuote\/ankkakeitto-kissoille-brit-care-75g\/\"]}]},{\"@type\":\"ImageObject\",\"inLanguage\":\"fi\",\"@id\":\"https:\/\/miumjau.ee\/fi\/tuote\/ankkakeitto-kissoille-brit-care-75g\/#primaryimage\",\"url\":\"https:\/\/miumjau.ee\/wp-content\/uploads\/2025\/03\/kassi-pardisupp-brit-care.jpg\",\"contentUrl\":\"https:\/\/miumjau.ee\/wp-content\/uploads\/2025\/03\/kassi-pardisupp-brit-care.jpg\",\"width\":600,\"height\":800,\"caption\":\"Kassi pardisupp\"},{\"@type\":\"BreadcrumbList\",\"@id\":\"https:\/\/miumjau.ee\/fi\/tuote\/ankkakeitto-kissoille-brit-care-75g\/#breadcrumb\",\"itemListElement\":[{\"@type\":\"ListItem\",\"position\":1,\"name\":\"Home\",\"item\":\"https:\/\/miumjau.ee\/fi\/\"},{\"@type\":\"ListItem\",\"position\":2,\"name\":\"Kauppa\",\"item\":\"https:\/\/miumjau.ee\/fi\/kauppa\/\"},{\"@type\":\"ListItem\",\"position\":3,\"name\":\"Ankkakeitto kissoille Brit Care 75g\"}]},{\"@type\":\"WebSite\",\"@id\":\"https:\/\/miumjau.ee\/#website\",\"url\":\"https:\/\/miumjau.ee\/\",\"name\":\"MiuMjau\",\"description\":\"Kraapimispuud kassidele\",\"publisher\":{\"@id\":\"https:\/\/miumjau.ee\/#organization\"},\"potentialAction\":[{\"@type\":\"SearchAction\",\"target\":{\"@type\":\"EntryPoint\",\"urlTemplate\":\"https:\/\/miumjau.ee\/?s={search_term_string}\"},\"query-input\":{\"@type\":\"PropertyValueSpecification\",\"valueRequired\":true,\"valueName\":\"search_term_string\"}}],\"inLanguage\":\"fi\"},{\"@type\":\"Organization\",\"@id\":\"https:\/\/miumjau.ee\/#organization\",\"name\":\"MiuMjau O\u00dc\",\"url\":\"https:\/\/miumjau.ee\/\",\"logo\":{\"@type\":\"ImageObject\",\"inLanguage\":\"fi\",\"@id\":\"https:\/\/miumjau.ee\/#\/schema\/logo\/image\/\",\"url\":\"https:\/\/miumjau.ee\/wp-content\/uploads\/2022\/04\/MiuMjau-logo-kollane.png\",\"contentUrl\":\"https:\/\/miumjau.ee\/wp-content\/uploads\/2022\/04\/MiuMjau-logo-kollane.png\",\"width\":219,\"height\":100,\"caption\":\"MiuMjau O\u00dc\"},\"image\":{\"@id\":\"https:\/\/miumjau.ee\/#\/schema\/logo\/image\/\"},\"sameAs\":[\"https:\/\/www.facebook.com\/miumjaupood\/\"]}]}<\/script>\n<!-- \/ Yoast SEO plugin. -->","yoast_head_json":{"title":"Ankkakeitto kissoille Brit Care 75g - MiuMjau","description":"Brit Care Duck Soup on viljaton, korkealaatuinen m\u00e4rk\u00e4lis\u00e4ravinto, joka on suunniteltu tukemaan kissojen terveytt\u00e4 ja hyvinvointia.","robots":{"index":"index","follow":"follow","max-snippet":"max-snippet:-1","max-image-preview":"max-image-preview:large","max-video-preview":"max-video-preview:-1"},"canonical":"https:\/\/miumjau.ee\/fi\/tuote\/ankkakeitto-kissoille-brit-care-75g\/","og_locale":"fi_FI","og_type":"article","og_title":"Ankkakeitto kissoille Brit Care 75g - MiuMjau","og_description":"Brit Care Duck Soup on viljaton, korkealaatuinen m\u00e4rk\u00e4lis\u00e4ravinto, joka on suunniteltu tukemaan kissojen terveytt\u00e4 ja hyvinvointia.","og_url":"https:\/\/miumjau.ee\/fi\/tuote\/ankkakeitto-kissoille-brit-care-75g\/","og_site_name":"MiuMjau","article_publisher":"https:\/\/www.facebook.com\/miumjaupood\/","article_modified_time":"2026-01-07T20:52:29+00:00","og_image":[{"width":600,"height":800,"url":"https:\/\/miumjau.ee\/wp-content\/uploads\/2025\/03\/kassi-pardisupp-brit-care.jpg","type":"image\/jpeg"}],"twitter_card":"summary_large_image","schema":{"@context":"https:\/\/schema.org","@graph":[{"@type":"WebPage","@id":"https:\/\/miumjau.ee\/fi\/tuote\/ankkakeitto-kissoille-brit-care-75g\/","url":"https:\/\/miumjau.ee\/fi\/tuote\/ankkakeitto-kissoille-brit-care-75g\/","name":"Ankkakeitto kissoille Brit Care 75g - MiuMjau","isPartOf":{"@id":"https:\/\/miumjau.ee\/#website"},"primaryImageOfPage":{"@id":"https:\/\/miumjau.ee\/fi\/tuote\/ankkakeitto-kissoille-brit-care-75g\/#primaryimage"},"image":{"@id":"https:\/\/miumjau.ee\/fi\/tuote\/ankkakeitto-kissoille-brit-care-75g\/#primaryimage"},"thumbnailUrl":"https:\/\/miumjau.ee\/wp-content\/uploads\/2025\/03\/kassi-pardisupp-brit-care.jpg","datePublished":"2025-03-27T22:21:03+00:00","dateModified":"2026-01-07T20:52:29+00:00","description":"Brit Care Duck Soup on viljaton, korkealaatuinen m\u00e4rk\u00e4lis\u00e4ravinto, joka on suunniteltu tukemaan kissojen terveytt\u00e4 ja hyvinvointia.","breadcrumb":{"@id":"https:\/\/miumjau.ee\/fi\/tuote\/ankkakeitto-kissoille-brit-care-75g\/#breadcrumb"},"inLanguage":"fi","potentialAction":[{"@type":"ReadAction","target":["https:\/\/miumjau.ee\/fi\/tuote\/ankkakeitto-kissoille-brit-care-75g\/"]}]},{"@type":"ImageObject","inLanguage":"fi","@id":"https:\/\/miumjau.ee\/fi\/tuote\/ankkakeitto-kissoille-brit-care-75g\/#primaryimage","url":"https:\/\/miumjau.ee\/wp-content\/uploads\/2025\/03\/kassi-pardisupp-brit-care.jpg","contentUrl":"https:\/\/miumjau.ee\/wp-content\/uploads\/2025\/03\/kassi-pardisupp-brit-care.jpg","width":600,"height":800,"caption":"Kassi pardisupp"},{"@type":"BreadcrumbList","@id":"https:\/\/miumjau.ee\/fi\/tuote\/ankkakeitto-kissoille-brit-care-75g\/#breadcrumb","itemListElement":[{"@type":"ListItem","position":1,"name":"Home","item":"https:\/\/miumjau.ee\/fi\/"},{"@type":"ListItem","position":2,"name":"Kauppa","item":"https:\/\/miumjau.ee\/fi\/kauppa\/"},{"@type":"ListItem","position":3,"name":"Ankkakeitto kissoille Brit Care 75g"}]},{"@type":"WebSite","@id":"https:\/\/miumjau.ee\/#website","url":"https:\/\/miumjau.ee\/","name":"MiuMjau","description":"Kraapimispuud kassidele","publisher":{"@id":"https:\/\/miumjau.ee\/#organization"},"potentialAction":[{"@type":"SearchAction","target":{"@type":"EntryPoint","urlTemplate":"https:\/\/miumjau.ee\/?s={search_term_string}"},"query-input":{"@type":"PropertyValueSpecification","valueRequired":true,"valueName":"search_term_string"}}],"inLanguage":"fi"},{"@type":"Organization","@id":"https:\/\/miumjau.ee\/#organization","name":"MiuMjau O\u00dc","url":"https:\/\/miumjau.ee\/","logo":{"@type":"ImageObject","inLanguage":"fi","@id":"https:\/\/miumjau.ee\/#\/schema\/logo\/image\/","url":"https:\/\/miumjau.ee\/wp-content\/uploads\/2022\/04\/MiuMjau-logo-kollane.png","contentUrl":"https:\/\/miumjau.ee\/wp-content\/uploads\/2022\/04\/MiuMjau-logo-kollane.png","width":219,"height":100,"caption":"MiuMjau O\u00dc"},"image":{"@id":"https:\/\/miumjau.ee\/#\/schema\/logo\/image\/"},"sameAs":["https:\/\/www.facebook.com\/miumjaupood\/"]}]}},"_links":{"self":[{"href":"https:\/\/miumjau.ee\/fi\/wp-json\/wp\/v2\/product\/30998","targetHints":{"allow":["GET"]}}],"collection":[{"href":"https:\/\/miumjau.ee\/fi\/wp-json\/wp\/v2\/product"}],"about":[{"href":"https:\/\/miumjau.ee\/fi\/wp-json\/wp\/v2\/types\/product"}],"wp:featuredmedia":[{"embeddable":true,"href":"https:\/\/miumjau.ee\/fi\/wp-json\/wp\/v2\/media\/30802"}],"wp:attachment":[{"href":"https:\/\/miumjau.ee\/fi\/wp-json\/wp\/v2\/media?parent=30998"}],"wp:term":[{"taxonomy":"product_brand","embeddable":true,"href":"https:\/\/miumjau.ee\/fi\/wp-json\/wp\/v2\/product_brand?post=30998"},{"taxonomy":"product_cat","embeddable":true,"href":"https:\/\/miumjau.ee\/fi\/wp-json\/wp\/v2\/product_cat?post=30998"},{"taxonomy":"product_tag","embeddable":true,"href":"https:\/\/miumjau.ee\/fi\/wp-json\/wp\/v2\/product_tag?post=30998"}],"curies":[{"name":"wp","href":"https:\/\/api.w.org\/{rel}","templated":true}]}}