{"id":30634,"date":"2024-08-06T16:47:47","date_gmt":"2024-08-06T13:47:47","guid":{"rendered":"https:\/\/miumjau.ee\/toode\/kissanhiekkalaatikon-matto-l-55x75-cm-beige\/"},"modified":"2026-01-07T22:52:36","modified_gmt":"2026-01-07T20:52:36","slug":"kissanhiekkalaatikon-matto-l-55x75-cm-beige","status":"publish","type":"product","link":"https:\/\/miumjau.ee\/fi\/tuote\/kissanhiekkalaatikon-matto-l-55x75-cm-beige\/","title":{"rendered":"Kissanhiekkalaatikon matto L 55&#215;75 cm beige"},"content":{"rendered":"","protected":false},"excerpt":{"rendered":"<p>Riippumatta siit\u00e4, mink\u00e4 tyyppist\u00e4 kissanvessaa tai kissanhiekkaa k\u00e4yt\u00e4t, pieni sotku on v\u00e4ist\u00e4m\u00e4t\u00f6n. Kissat hyppelev\u00e4t ulos kissanvessasta, heitt\u00e4en hiekkaa ulos tai levitt\u00e4en sit\u00e4 ymp\u00e4riins\u00e4 peitt\u00e4ess\u00e4\u00e4n ulosteensa. Lemmikkisi saattaa my\u00f6s vahingossa astua ulosteisiin ja j\u00e4tt\u00e4\u00e4 likaisia j\u00e4lki\u00e4 lattialle. Ratkaisuna on kissanhiekkamatot!<\/p>\n<p>Kissanhiekkamatto vapauttaa sinut stressist\u00e4 ja vaivasta, joka liittyy kissasi levitt\u00e4m\u00e4n hiekkaamisen siivoamiseen. Aseta matto kissanvessan eteen tai alle (riitt\u00e4v\u00e4ll\u00e4 varalla ymp\u00e4riins\u00e4) ker\u00e4\u00e4m\u00e4\u00e4n hiekkaa lemmikkisi tassuista. Voit sitten poistaa hiekka-ainesten j\u00e4\u00e4nn\u00f6kset imurilla tai ravistamalla ne roskikseen.<\/p>\n<p>Ominaisuudet:<\/p>\n<ul>\n<li>Est\u00e4\u00e4 suurimman osan kissan levitt\u00e4mist\u00e4 hiekasta<\/li>\n<li>Pehme\u00e4 kissan tassuille<\/li>\n<li>Liukumattomat ominaisuudet<\/li>\n<li>Helppo puhdistaa<\/li>\n<li>Suojaa lattiaa<\/li>\n<li>Vesitiivis<\/li>\n<li>Pituus: 75 cm<\/li>\n<li>Leveys: 55 cm<\/li>\n<li>Paino: 0,4 kg<\/li>\n<\/ul>\n<p>Heti saatavilla varastosta!<\/p>\n","protected":false},"featured_media":15628,"template":"","meta":[],"product_brand":[],"product_cat":[288],"product_tag":[],"class_list":{"0":"post-30634","1":"product","2":"type-product","3":"status-publish","4":"has-post-thumbnail","6":"product_cat-tarvikeet","8":"first","9":"outofstock","10":"taxable","11":"shipping-taxable","12":"purchasable","13":"product-type-simple"},"yoast_head":"<!-- This site is optimized with the Yoast SEO plugin v27.2 - https:\/\/yoast.com\/product\/yoast-seo-wordpress\/ -->\n<title>Kissanhiekkalaatikon matto L 55x75 cm beige - MiuMjau<\/title>\n<meta name=\"description\" content=\"Suojkaa lattianne Happet-kissanvessamatolla! Maton koko on 55x75 cm, tuote on vedenkest\u00e4v\u00e4, helppo puhdistaa ja tyylik\u00e4s.\" \/>\n<meta name=\"robots\" content=\"index, follow, max-snippet:-1, max-image-preview:large, max-video-preview:-1\" \/>\n<link rel=\"canonical\" href=\"https:\/\/miumjau.ee\/fi\/tuote\/kissanhiekkalaatikon-matto-l-55x75-cm-beige\/\" \/>\n<meta property=\"og:locale\" content=\"fi_FI\" \/>\n<meta property=\"og:type\" content=\"article\" \/>\n<meta property=\"og:title\" content=\"Kissanhiekkalaatikon matto L 55x75 cm beige - MiuMjau\" \/>\n<meta property=\"og:description\" content=\"Suojkaa lattianne Happet-kissanvessamatolla! Maton koko on 55x75 cm, tuote on vedenkest\u00e4v\u00e4, helppo puhdistaa ja tyylik\u00e4s.\" \/>\n<meta property=\"og:url\" content=\"https:\/\/miumjau.ee\/fi\/tuote\/kissanhiekkalaatikon-matto-l-55x75-cm-beige\/\" \/>\n<meta property=\"og:site_name\" content=\"MiuMjau\" \/>\n<meta property=\"article:publisher\" content=\"https:\/\/www.facebook.com\/miumjaupood\/\" \/>\n<meta property=\"article:modified_time\" content=\"2026-01-07T20:52:36+00:00\" \/>\n<meta property=\"og:image\" content=\"https:\/\/miumjau.ee\/wp-content\/uploads\/2024\/08\/kassi-liivakasti-matt-l-55x75-cm-beez-1.jpg\" \/>\n\t<meta property=\"og:image:width\" content=\"600\" \/>\n\t<meta property=\"og:image:height\" content=\"800\" \/>\n\t<meta property=\"og:image:type\" content=\"image\/jpeg\" \/>\n<meta name=\"twitter:card\" content=\"summary_large_image\" \/>\n<script type=\"application\/ld+json\" class=\"yoast-schema-graph\">{\"@context\":\"https:\/\/schema.org\",\"@graph\":[{\"@type\":\"WebPage\",\"@id\":\"https:\/\/miumjau.ee\/fi\/tuote\/kissanhiekkalaatikon-matto-l-55x75-cm-beige\/\",\"url\":\"https:\/\/miumjau.ee\/fi\/tuote\/kissanhiekkalaatikon-matto-l-55x75-cm-beige\/\",\"name\":\"Kissanhiekkalaatikon matto L 55x75 cm beige - MiuMjau\",\"isPartOf\":{\"@id\":\"https:\/\/miumjau.ee\/#website\"},\"primaryImageOfPage\":{\"@id\":\"https:\/\/miumjau.ee\/fi\/tuote\/kissanhiekkalaatikon-matto-l-55x75-cm-beige\/#primaryimage\"},\"image\":{\"@id\":\"https:\/\/miumjau.ee\/fi\/tuote\/kissanhiekkalaatikon-matto-l-55x75-cm-beige\/#primaryimage\"},\"thumbnailUrl\":\"https:\/\/miumjau.ee\/wp-content\/uploads\/2024\/08\/kassi-liivakasti-matt-l-55x75-cm-beez-1.jpg\",\"datePublished\":\"2024-08-06T13:47:47+00:00\",\"dateModified\":\"2026-01-07T20:52:36+00:00\",\"description\":\"Suojkaa lattianne Happet-kissanvessamatolla! Maton koko on 55x75 cm, tuote on vedenkest\u00e4v\u00e4, helppo puhdistaa ja tyylik\u00e4s.\",\"breadcrumb\":{\"@id\":\"https:\/\/miumjau.ee\/fi\/tuote\/kissanhiekkalaatikon-matto-l-55x75-cm-beige\/#breadcrumb\"},\"inLanguage\":\"fi\",\"potentialAction\":[{\"@type\":\"ReadAction\",\"target\":[\"https:\/\/miumjau.ee\/fi\/tuote\/kissanhiekkalaatikon-matto-l-55x75-cm-beige\/\"]}]},{\"@type\":\"ImageObject\",\"inLanguage\":\"fi\",\"@id\":\"https:\/\/miumjau.ee\/fi\/tuote\/kissanhiekkalaatikon-matto-l-55x75-cm-beige\/#primaryimage\",\"url\":\"https:\/\/miumjau.ee\/wp-content\/uploads\/2024\/08\/kassi-liivakasti-matt-l-55x75-cm-beez-1.jpg\",\"contentUrl\":\"https:\/\/miumjau.ee\/wp-content\/uploads\/2024\/08\/kassi-liivakasti-matt-l-55x75-cm-beez-1.jpg\",\"width\":600,\"height\":800,\"caption\":\"Kassi liivakasti matt L 55x75 cm bee\u017e\"},{\"@type\":\"BreadcrumbList\",\"@id\":\"https:\/\/miumjau.ee\/fi\/tuote\/kissanhiekkalaatikon-matto-l-55x75-cm-beige\/#breadcrumb\",\"itemListElement\":[{\"@type\":\"ListItem\",\"position\":1,\"name\":\"Home\",\"item\":\"https:\/\/miumjau.ee\/fi\/\"},{\"@type\":\"ListItem\",\"position\":2,\"name\":\"Kauppa\",\"item\":\"https:\/\/miumjau.ee\/fi\/kauppa\/\"},{\"@type\":\"ListItem\",\"position\":3,\"name\":\"Kissanhiekkalaatikon matto L 55&#215;75 cm beige\"}]},{\"@type\":\"WebSite\",\"@id\":\"https:\/\/miumjau.ee\/#website\",\"url\":\"https:\/\/miumjau.ee\/\",\"name\":\"MiuMjau\",\"description\":\"Kraapimispuud kassidele\",\"publisher\":{\"@id\":\"https:\/\/miumjau.ee\/#organization\"},\"potentialAction\":[{\"@type\":\"SearchAction\",\"target\":{\"@type\":\"EntryPoint\",\"urlTemplate\":\"https:\/\/miumjau.ee\/?s={search_term_string}\"},\"query-input\":{\"@type\":\"PropertyValueSpecification\",\"valueRequired\":true,\"valueName\":\"search_term_string\"}}],\"inLanguage\":\"fi\"},{\"@type\":\"Organization\",\"@id\":\"https:\/\/miumjau.ee\/#organization\",\"name\":\"MiuMjau O\u00dc\",\"url\":\"https:\/\/miumjau.ee\/\",\"logo\":{\"@type\":\"ImageObject\",\"inLanguage\":\"fi\",\"@id\":\"https:\/\/miumjau.ee\/#\/schema\/logo\/image\/\",\"url\":\"https:\/\/miumjau.ee\/wp-content\/uploads\/2022\/04\/MiuMjau-logo-kollane.png\",\"contentUrl\":\"https:\/\/miumjau.ee\/wp-content\/uploads\/2022\/04\/MiuMjau-logo-kollane.png\",\"width\":219,\"height\":100,\"caption\":\"MiuMjau O\u00dc\"},\"image\":{\"@id\":\"https:\/\/miumjau.ee\/#\/schema\/logo\/image\/\"},\"sameAs\":[\"https:\/\/www.facebook.com\/miumjaupood\/\"]}]}<\/script>\n<!-- \/ Yoast SEO plugin. -->","yoast_head_json":{"title":"Kissanhiekkalaatikon matto L 55x75 cm beige - MiuMjau","description":"Suojkaa lattianne Happet-kissanvessamatolla! Maton koko on 55x75 cm, tuote on vedenkest\u00e4v\u00e4, helppo puhdistaa ja tyylik\u00e4s.","robots":{"index":"index","follow":"follow","max-snippet":"max-snippet:-1","max-image-preview":"max-image-preview:large","max-video-preview":"max-video-preview:-1"},"canonical":"https:\/\/miumjau.ee\/fi\/tuote\/kissanhiekkalaatikon-matto-l-55x75-cm-beige\/","og_locale":"fi_FI","og_type":"article","og_title":"Kissanhiekkalaatikon matto L 55x75 cm beige - MiuMjau","og_description":"Suojkaa lattianne Happet-kissanvessamatolla! Maton koko on 55x75 cm, tuote on vedenkest\u00e4v\u00e4, helppo puhdistaa ja tyylik\u00e4s.","og_url":"https:\/\/miumjau.ee\/fi\/tuote\/kissanhiekkalaatikon-matto-l-55x75-cm-beige\/","og_site_name":"MiuMjau","article_publisher":"https:\/\/www.facebook.com\/miumjaupood\/","article_modified_time":"2026-01-07T20:52:36+00:00","og_image":[{"width":600,"height":800,"url":"https:\/\/miumjau.ee\/wp-content\/uploads\/2024\/08\/kassi-liivakasti-matt-l-55x75-cm-beez-1.jpg","type":"image\/jpeg"}],"twitter_card":"summary_large_image","schema":{"@context":"https:\/\/schema.org","@graph":[{"@type":"WebPage","@id":"https:\/\/miumjau.ee\/fi\/tuote\/kissanhiekkalaatikon-matto-l-55x75-cm-beige\/","url":"https:\/\/miumjau.ee\/fi\/tuote\/kissanhiekkalaatikon-matto-l-55x75-cm-beige\/","name":"Kissanhiekkalaatikon matto L 55x75 cm beige - MiuMjau","isPartOf":{"@id":"https:\/\/miumjau.ee\/#website"},"primaryImageOfPage":{"@id":"https:\/\/miumjau.ee\/fi\/tuote\/kissanhiekkalaatikon-matto-l-55x75-cm-beige\/#primaryimage"},"image":{"@id":"https:\/\/miumjau.ee\/fi\/tuote\/kissanhiekkalaatikon-matto-l-55x75-cm-beige\/#primaryimage"},"thumbnailUrl":"https:\/\/miumjau.ee\/wp-content\/uploads\/2024\/08\/kassi-liivakasti-matt-l-55x75-cm-beez-1.jpg","datePublished":"2024-08-06T13:47:47+00:00","dateModified":"2026-01-07T20:52:36+00:00","description":"Suojkaa lattianne Happet-kissanvessamatolla! Maton koko on 55x75 cm, tuote on vedenkest\u00e4v\u00e4, helppo puhdistaa ja tyylik\u00e4s.","breadcrumb":{"@id":"https:\/\/miumjau.ee\/fi\/tuote\/kissanhiekkalaatikon-matto-l-55x75-cm-beige\/#breadcrumb"},"inLanguage":"fi","potentialAction":[{"@type":"ReadAction","target":["https:\/\/miumjau.ee\/fi\/tuote\/kissanhiekkalaatikon-matto-l-55x75-cm-beige\/"]}]},{"@type":"ImageObject","inLanguage":"fi","@id":"https:\/\/miumjau.ee\/fi\/tuote\/kissanhiekkalaatikon-matto-l-55x75-cm-beige\/#primaryimage","url":"https:\/\/miumjau.ee\/wp-content\/uploads\/2024\/08\/kassi-liivakasti-matt-l-55x75-cm-beez-1.jpg","contentUrl":"https:\/\/miumjau.ee\/wp-content\/uploads\/2024\/08\/kassi-liivakasti-matt-l-55x75-cm-beez-1.jpg","width":600,"height":800,"caption":"Kassi liivakasti matt L 55x75 cm bee\u017e"},{"@type":"BreadcrumbList","@id":"https:\/\/miumjau.ee\/fi\/tuote\/kissanhiekkalaatikon-matto-l-55x75-cm-beige\/#breadcrumb","itemListElement":[{"@type":"ListItem","position":1,"name":"Home","item":"https:\/\/miumjau.ee\/fi\/"},{"@type":"ListItem","position":2,"name":"Kauppa","item":"https:\/\/miumjau.ee\/fi\/kauppa\/"},{"@type":"ListItem","position":3,"name":"Kissanhiekkalaatikon matto L 55&#215;75 cm beige"}]},{"@type":"WebSite","@id":"https:\/\/miumjau.ee\/#website","url":"https:\/\/miumjau.ee\/","name":"MiuMjau","description":"Kraapimispuud kassidele","publisher":{"@id":"https:\/\/miumjau.ee\/#organization"},"potentialAction":[{"@type":"SearchAction","target":{"@type":"EntryPoint","urlTemplate":"https:\/\/miumjau.ee\/?s={search_term_string}"},"query-input":{"@type":"PropertyValueSpecification","valueRequired":true,"valueName":"search_term_string"}}],"inLanguage":"fi"},{"@type":"Organization","@id":"https:\/\/miumjau.ee\/#organization","name":"MiuMjau O\u00dc","url":"https:\/\/miumjau.ee\/","logo":{"@type":"ImageObject","inLanguage":"fi","@id":"https:\/\/miumjau.ee\/#\/schema\/logo\/image\/","url":"https:\/\/miumjau.ee\/wp-content\/uploads\/2022\/04\/MiuMjau-logo-kollane.png","contentUrl":"https:\/\/miumjau.ee\/wp-content\/uploads\/2022\/04\/MiuMjau-logo-kollane.png","width":219,"height":100,"caption":"MiuMjau O\u00dc"},"image":{"@id":"https:\/\/miumjau.ee\/#\/schema\/logo\/image\/"},"sameAs":["https:\/\/www.facebook.com\/miumjaupood\/"]}]}},"_links":{"self":[{"href":"https:\/\/miumjau.ee\/fi\/wp-json\/wp\/v2\/product\/30634","targetHints":{"allow":["GET"]}}],"collection":[{"href":"https:\/\/miumjau.ee\/fi\/wp-json\/wp\/v2\/product"}],"about":[{"href":"https:\/\/miumjau.ee\/fi\/wp-json\/wp\/v2\/types\/product"}],"wp:featuredmedia":[{"embeddable":true,"href":"https:\/\/miumjau.ee\/fi\/wp-json\/wp\/v2\/media\/15628"}],"wp:attachment":[{"href":"https:\/\/miumjau.ee\/fi\/wp-json\/wp\/v2\/media?parent=30634"}],"wp:term":[{"taxonomy":"product_brand","embeddable":true,"href":"https:\/\/miumjau.ee\/fi\/wp-json\/wp\/v2\/product_brand?post=30634"},{"taxonomy":"product_cat","embeddable":true,"href":"https:\/\/miumjau.ee\/fi\/wp-json\/wp\/v2\/product_cat?post=30634"},{"taxonomy":"product_tag","embeddable":true,"href":"https:\/\/miumjau.ee\/fi\/wp-json\/wp\/v2\/product_tag?post=30634"}],"curies":[{"name":"wp","href":"https:\/\/api.w.org\/{rel}","templated":true}]}}