{"id":30624,"date":"2024-08-07T00:06:27","date_gmt":"2024-08-06T21:06:27","guid":{"rendered":"https:\/\/miumjau.ee\/toode\/happet-kissan-valjaat-vihrea\/"},"modified":"2026-01-07T22:52:44","modified_gmt":"2026-01-07T20:52:44","slug":"happet-kissan-valjaat-vihrea","status":"publish","type":"product","link":"https:\/\/miumjau.ee\/fi\/tuote\/happet-kissan-valjaat-vihrea\/","title":{"rendered":"Happet kissan valjaat vihre\u00e4"},"content":{"rendered":"","protected":false},"excerpt":{"rendered":"<p class=\"\" data-start=\"0\" data-end=\"35\"><strong data-start=\"0\" data-end=\"33\">Happet kissan valjaat\u00a0<\/strong><\/p>\n<p class=\"\" data-start=\"37\" data-end=\"562\">S\u00e4\u00e4nn\u00f6lliset kissan ulkoilut v\u00e4hent\u00e4v\u00e4t k\u00e4yt\u00f6songelmia ja joidenkin virtsateiden sairauksien riski\u00e4. Toisaalta vapaasti liikkuvat kissat voivat aiheuttaa haittaa ymp\u00e4rist\u00f6lle, h\u00e4vitt\u00e4m\u00e4ll\u00e4 lintujen, pienten nis\u00e4kk\u00e4iden, sammakkoel\u00e4inten ja matelijoiden populaatioita. Viel\u00e4 pahempaa on, ett\u00e4 ilman valvontaa liikkuva kissa voi joutua auton alle, hy\u00f6kk\u00e4yksen kohteeksi, j\u00e4\u00e4d\u00e4 ansaan tai kohdata julmuutta. Siksi paras ratkaisu on pit\u00e4\u00e4 tiukka kontrolli kissan ulkoilusta. Kissan valjaat ja talutushihna auttavat sinua t\u00e4ss\u00e4.<\/p>\n<p class=\"\" data-start=\"564\" data-end=\"1123\">Saatavilla useissa v\u00e4reiss\u00e4 \u2013 erikoisvaljaat talutushihnalla mahdollistavat kissan hallinnan. Talutushihnan avulla ulkoilu varmistaa lemmikin ja muiden el\u00e4inten turvallisuuden. Valjaiden ja hihnan k\u00e4ytt\u00f6 varmistaa sek\u00e4 kissan ett\u00e4 muiden ulkona olevien el\u00e4inten turvallisuuden. Laadukkaasta luonnonmateriaalista valmistetut valjaat jakavat painetta tasaisesti kissan keholle ilman, ett\u00e4 ne puristavat kurkkua, kaulaa tai selk\u00e4rankaa. Valjaat eiv\u00e4t hankaa, aiheuta allergiaa eik\u00e4 niiss\u00e4 ole kovia pintoja, jotka voisivat vahingoittaa kissan ihoa tai turkkia.<\/p>\n<p class=\"\" data-start=\"1125\" data-end=\"1317\">Kissan valjaita voi k\u00e4ytt\u00e4\u00e4 muuhunkin kuin ulkoiluun. Talutushihnan kanssa ne helpottavat levottoman tai hermostuneen lemmikin hallintaa esimerkiksi automatkoilla tai el\u00e4inl\u00e4\u00e4k\u00e4rik\u00e4ynneill\u00e4.<\/p>\n<p class=\"\" data-start=\"1319\" data-end=\"1350\"><strong data-start=\"1319\" data-end=\"1350\" data-is-last-node=\"\">Saatavilla heti varastossa!<\/strong><\/p>\n","protected":false},"featured_media":15996,"template":"","meta":[],"product_brand":[],"product_cat":[297],"product_tag":[],"class_list":{"0":"post-30624","1":"product","2":"type-product","3":"status-publish","4":"has-post-thumbnail","6":"product_cat-kissan-valjaat","8":"first","9":"instock","10":"taxable","11":"shipping-taxable","12":"purchasable","13":"product-type-simple"},"yoast_head":"<!-- This site is optimized with the Yoast SEO plugin v27.2 - https:\/\/yoast.com\/product\/yoast-seo-wordpress\/ -->\n<title>Happet kissan valjaat vihre\u00e4 - MiuMjau<\/title>\n<meta name=\"description\" content=\"Turvalliset ja mukavat Happet kissan valjaat ulkoiluun ja el\u00e4inl\u00e4\u00e4k\u00e4rik\u00e4ynteihin. Pit\u00e4v\u00e4t kissasi turvallisesti ja l\u00e4hell\u00e4. Valmistettu luonnonmateriaaleista.\" \/>\n<meta name=\"robots\" content=\"index, follow, max-snippet:-1, max-image-preview:large, max-video-preview:-1\" \/>\n<link rel=\"canonical\" href=\"https:\/\/miumjau.ee\/fi\/tuote\/happet-kissan-valjaat-vihrea\/\" \/>\n<meta property=\"og:locale\" content=\"fi_FI\" \/>\n<meta property=\"og:type\" content=\"article\" \/>\n<meta property=\"og:title\" content=\"Happet kissan valjaat vihre\u00e4 - MiuMjau\" \/>\n<meta property=\"og:description\" content=\"Turvalliset ja mukavat Happet kissan valjaat ulkoiluun ja el\u00e4inl\u00e4\u00e4k\u00e4rik\u00e4ynteihin. Pit\u00e4v\u00e4t kissasi turvallisesti ja l\u00e4hell\u00e4. Valmistettu luonnonmateriaaleista.\" \/>\n<meta property=\"og:url\" content=\"https:\/\/miumjau.ee\/fi\/tuote\/happet-kissan-valjaat-vihrea\/\" \/>\n<meta property=\"og:site_name\" content=\"MiuMjau\" \/>\n<meta property=\"article:publisher\" content=\"https:\/\/www.facebook.com\/miumjaupood\/\" \/>\n<meta property=\"article:modified_time\" content=\"2026-01-07T20:52:44+00:00\" \/>\n<meta property=\"og:image\" content=\"https:\/\/miumjau.ee\/wp-content\/uploads\/2024\/08\/kassi-traksid-happet-roheline-1.jpg\" \/>\n\t<meta property=\"og:image:width\" content=\"600\" \/>\n\t<meta property=\"og:image:height\" content=\"800\" \/>\n\t<meta property=\"og:image:type\" content=\"image\/jpeg\" \/>\n<meta name=\"twitter:card\" content=\"summary_large_image\" \/>\n<script type=\"application\/ld+json\" class=\"yoast-schema-graph\">{\"@context\":\"https:\/\/schema.org\",\"@graph\":[{\"@type\":\"WebPage\",\"@id\":\"https:\/\/miumjau.ee\/fi\/tuote\/happet-kissan-valjaat-vihrea\/\",\"url\":\"https:\/\/miumjau.ee\/fi\/tuote\/happet-kissan-valjaat-vihrea\/\",\"name\":\"Happet kissan valjaat vihre\u00e4 - MiuMjau\",\"isPartOf\":{\"@id\":\"https:\/\/miumjau.ee\/#website\"},\"primaryImageOfPage\":{\"@id\":\"https:\/\/miumjau.ee\/fi\/tuote\/happet-kissan-valjaat-vihrea\/#primaryimage\"},\"image\":{\"@id\":\"https:\/\/miumjau.ee\/fi\/tuote\/happet-kissan-valjaat-vihrea\/#primaryimage\"},\"thumbnailUrl\":\"https:\/\/miumjau.ee\/wp-content\/uploads\/2024\/08\/kassi-traksid-happet-roheline-1.jpg\",\"datePublished\":\"2024-08-06T21:06:27+00:00\",\"dateModified\":\"2026-01-07T20:52:44+00:00\",\"description\":\"Turvalliset ja mukavat Happet kissan valjaat ulkoiluun ja el\u00e4inl\u00e4\u00e4k\u00e4rik\u00e4ynteihin. Pit\u00e4v\u00e4t kissasi turvallisesti ja l\u00e4hell\u00e4. Valmistettu luonnonmateriaaleista.\",\"breadcrumb\":{\"@id\":\"https:\/\/miumjau.ee\/fi\/tuote\/happet-kissan-valjaat-vihrea\/#breadcrumb\"},\"inLanguage\":\"fi\",\"potentialAction\":[{\"@type\":\"ReadAction\",\"target\":[\"https:\/\/miumjau.ee\/fi\/tuote\/happet-kissan-valjaat-vihrea\/\"]}]},{\"@type\":\"ImageObject\",\"inLanguage\":\"fi\",\"@id\":\"https:\/\/miumjau.ee\/fi\/tuote\/happet-kissan-valjaat-vihrea\/#primaryimage\",\"url\":\"https:\/\/miumjau.ee\/wp-content\/uploads\/2024\/08\/kassi-traksid-happet-roheline-1.jpg\",\"contentUrl\":\"https:\/\/miumjau.ee\/wp-content\/uploads\/2024\/08\/kassi-traksid-happet-roheline-1.jpg\",\"width\":600,\"height\":800,\"caption\":\"Kassi traksid Happet roheline\"},{\"@type\":\"BreadcrumbList\",\"@id\":\"https:\/\/miumjau.ee\/fi\/tuote\/happet-kissan-valjaat-vihrea\/#breadcrumb\",\"itemListElement\":[{\"@type\":\"ListItem\",\"position\":1,\"name\":\"Home\",\"item\":\"https:\/\/miumjau.ee\/fi\/\"},{\"@type\":\"ListItem\",\"position\":2,\"name\":\"Kauppa\",\"item\":\"https:\/\/miumjau.ee\/fi\/kauppa\/\"},{\"@type\":\"ListItem\",\"position\":3,\"name\":\"Happet kissan valjaat vihre\u00e4\"}]},{\"@type\":\"WebSite\",\"@id\":\"https:\/\/miumjau.ee\/#website\",\"url\":\"https:\/\/miumjau.ee\/\",\"name\":\"MiuMjau\",\"description\":\"Kraapimispuud kassidele\",\"publisher\":{\"@id\":\"https:\/\/miumjau.ee\/#organization\"},\"potentialAction\":[{\"@type\":\"SearchAction\",\"target\":{\"@type\":\"EntryPoint\",\"urlTemplate\":\"https:\/\/miumjau.ee\/?s={search_term_string}\"},\"query-input\":{\"@type\":\"PropertyValueSpecification\",\"valueRequired\":true,\"valueName\":\"search_term_string\"}}],\"inLanguage\":\"fi\"},{\"@type\":\"Organization\",\"@id\":\"https:\/\/miumjau.ee\/#organization\",\"name\":\"MiuMjau O\u00dc\",\"url\":\"https:\/\/miumjau.ee\/\",\"logo\":{\"@type\":\"ImageObject\",\"inLanguage\":\"fi\",\"@id\":\"https:\/\/miumjau.ee\/#\/schema\/logo\/image\/\",\"url\":\"https:\/\/miumjau.ee\/wp-content\/uploads\/2022\/04\/MiuMjau-logo-kollane.png\",\"contentUrl\":\"https:\/\/miumjau.ee\/wp-content\/uploads\/2022\/04\/MiuMjau-logo-kollane.png\",\"width\":219,\"height\":100,\"caption\":\"MiuMjau O\u00dc\"},\"image\":{\"@id\":\"https:\/\/miumjau.ee\/#\/schema\/logo\/image\/\"},\"sameAs\":[\"https:\/\/www.facebook.com\/miumjaupood\/\"]}]}<\/script>\n<!-- \/ Yoast SEO plugin. -->","yoast_head_json":{"title":"Happet kissan valjaat vihre\u00e4 - MiuMjau","description":"Turvalliset ja mukavat Happet kissan valjaat ulkoiluun ja el\u00e4inl\u00e4\u00e4k\u00e4rik\u00e4ynteihin. Pit\u00e4v\u00e4t kissasi turvallisesti ja l\u00e4hell\u00e4. Valmistettu luonnonmateriaaleista.","robots":{"index":"index","follow":"follow","max-snippet":"max-snippet:-1","max-image-preview":"max-image-preview:large","max-video-preview":"max-video-preview:-1"},"canonical":"https:\/\/miumjau.ee\/fi\/tuote\/happet-kissan-valjaat-vihrea\/","og_locale":"fi_FI","og_type":"article","og_title":"Happet kissan valjaat vihre\u00e4 - MiuMjau","og_description":"Turvalliset ja mukavat Happet kissan valjaat ulkoiluun ja el\u00e4inl\u00e4\u00e4k\u00e4rik\u00e4ynteihin. Pit\u00e4v\u00e4t kissasi turvallisesti ja l\u00e4hell\u00e4. Valmistettu luonnonmateriaaleista.","og_url":"https:\/\/miumjau.ee\/fi\/tuote\/happet-kissan-valjaat-vihrea\/","og_site_name":"MiuMjau","article_publisher":"https:\/\/www.facebook.com\/miumjaupood\/","article_modified_time":"2026-01-07T20:52:44+00:00","og_image":[{"width":600,"height":800,"url":"https:\/\/miumjau.ee\/wp-content\/uploads\/2024\/08\/kassi-traksid-happet-roheline-1.jpg","type":"image\/jpeg"}],"twitter_card":"summary_large_image","schema":{"@context":"https:\/\/schema.org","@graph":[{"@type":"WebPage","@id":"https:\/\/miumjau.ee\/fi\/tuote\/happet-kissan-valjaat-vihrea\/","url":"https:\/\/miumjau.ee\/fi\/tuote\/happet-kissan-valjaat-vihrea\/","name":"Happet kissan valjaat vihre\u00e4 - MiuMjau","isPartOf":{"@id":"https:\/\/miumjau.ee\/#website"},"primaryImageOfPage":{"@id":"https:\/\/miumjau.ee\/fi\/tuote\/happet-kissan-valjaat-vihrea\/#primaryimage"},"image":{"@id":"https:\/\/miumjau.ee\/fi\/tuote\/happet-kissan-valjaat-vihrea\/#primaryimage"},"thumbnailUrl":"https:\/\/miumjau.ee\/wp-content\/uploads\/2024\/08\/kassi-traksid-happet-roheline-1.jpg","datePublished":"2024-08-06T21:06:27+00:00","dateModified":"2026-01-07T20:52:44+00:00","description":"Turvalliset ja mukavat Happet kissan valjaat ulkoiluun ja el\u00e4inl\u00e4\u00e4k\u00e4rik\u00e4ynteihin. Pit\u00e4v\u00e4t kissasi turvallisesti ja l\u00e4hell\u00e4. Valmistettu luonnonmateriaaleista.","breadcrumb":{"@id":"https:\/\/miumjau.ee\/fi\/tuote\/happet-kissan-valjaat-vihrea\/#breadcrumb"},"inLanguage":"fi","potentialAction":[{"@type":"ReadAction","target":["https:\/\/miumjau.ee\/fi\/tuote\/happet-kissan-valjaat-vihrea\/"]}]},{"@type":"ImageObject","inLanguage":"fi","@id":"https:\/\/miumjau.ee\/fi\/tuote\/happet-kissan-valjaat-vihrea\/#primaryimage","url":"https:\/\/miumjau.ee\/wp-content\/uploads\/2024\/08\/kassi-traksid-happet-roheline-1.jpg","contentUrl":"https:\/\/miumjau.ee\/wp-content\/uploads\/2024\/08\/kassi-traksid-happet-roheline-1.jpg","width":600,"height":800,"caption":"Kassi traksid Happet roheline"},{"@type":"BreadcrumbList","@id":"https:\/\/miumjau.ee\/fi\/tuote\/happet-kissan-valjaat-vihrea\/#breadcrumb","itemListElement":[{"@type":"ListItem","position":1,"name":"Home","item":"https:\/\/miumjau.ee\/fi\/"},{"@type":"ListItem","position":2,"name":"Kauppa","item":"https:\/\/miumjau.ee\/fi\/kauppa\/"},{"@type":"ListItem","position":3,"name":"Happet kissan valjaat vihre\u00e4"}]},{"@type":"WebSite","@id":"https:\/\/miumjau.ee\/#website","url":"https:\/\/miumjau.ee\/","name":"MiuMjau","description":"Kraapimispuud kassidele","publisher":{"@id":"https:\/\/miumjau.ee\/#organization"},"potentialAction":[{"@type":"SearchAction","target":{"@type":"EntryPoint","urlTemplate":"https:\/\/miumjau.ee\/?s={search_term_string}"},"query-input":{"@type":"PropertyValueSpecification","valueRequired":true,"valueName":"search_term_string"}}],"inLanguage":"fi"},{"@type":"Organization","@id":"https:\/\/miumjau.ee\/#organization","name":"MiuMjau O\u00dc","url":"https:\/\/miumjau.ee\/","logo":{"@type":"ImageObject","inLanguage":"fi","@id":"https:\/\/miumjau.ee\/#\/schema\/logo\/image\/","url":"https:\/\/miumjau.ee\/wp-content\/uploads\/2022\/04\/MiuMjau-logo-kollane.png","contentUrl":"https:\/\/miumjau.ee\/wp-content\/uploads\/2022\/04\/MiuMjau-logo-kollane.png","width":219,"height":100,"caption":"MiuMjau O\u00dc"},"image":{"@id":"https:\/\/miumjau.ee\/#\/schema\/logo\/image\/"},"sameAs":["https:\/\/www.facebook.com\/miumjaupood\/"]}]}},"_links":{"self":[{"href":"https:\/\/miumjau.ee\/fi\/wp-json\/wp\/v2\/product\/30624","targetHints":{"allow":["GET"]}}],"collection":[{"href":"https:\/\/miumjau.ee\/fi\/wp-json\/wp\/v2\/product"}],"about":[{"href":"https:\/\/miumjau.ee\/fi\/wp-json\/wp\/v2\/types\/product"}],"wp:featuredmedia":[{"embeddable":true,"href":"https:\/\/miumjau.ee\/fi\/wp-json\/wp\/v2\/media\/15996"}],"wp:attachment":[{"href":"https:\/\/miumjau.ee\/fi\/wp-json\/wp\/v2\/media?parent=30624"}],"wp:term":[{"taxonomy":"product_brand","embeddable":true,"href":"https:\/\/miumjau.ee\/fi\/wp-json\/wp\/v2\/product_brand?post=30624"},{"taxonomy":"product_cat","embeddable":true,"href":"https:\/\/miumjau.ee\/fi\/wp-json\/wp\/v2\/product_cat?post=30624"},{"taxonomy":"product_tag","embeddable":true,"href":"https:\/\/miumjau.ee\/fi\/wp-json\/wp\/v2\/product_tag?post=30624"}],"curies":[{"name":"wp","href":"https:\/\/api.w.org\/{rel}","templated":true}]}}