{"id":30591,"date":"2024-08-08T13:54:40","date_gmt":"2024-08-08T10:54:40","guid":{"rendered":"https:\/\/miumjau.ee\/toode\/%d1%82%d1%83%d0%b0%d0%bb%d0%b5%d1%82-%d0%b4%d0%bb%d1%8f-%d0%ba%d0%be%d1%88%d0%b5%d0%ba-pussy-m-48x39-%d1%81%d0%bc-%d0%ba%d1%80%d0%b0%d1%81%d0%bd%d1%8b%d0%b9\/"},"modified":"2026-01-07T22:52:58","modified_gmt":"2026-01-07T20:52:58","slug":"%d1%82%d1%83%d0%b0%d0%bb%d0%b5%d1%82-%d0%b4%d0%bb%d1%8f-%d0%ba%d0%be%d1%88%d0%b5%d0%ba-pussy-m-48x39-%d1%81%d0%bc-%d0%ba%d1%80%d0%b0%d1%81%d0%bd%d1%8b%d0%b9","status":"publish","type":"product","link":"https:\/\/miumjau.ee\/fi\/tuote\/%d1%82%d1%83%d0%b0%d0%bb%d0%b5%d1%82-%d0%b4%d0%bb%d1%8f-%d0%ba%d0%be%d1%88%d0%b5%d0%ba-pussy-m-48x39-%d1%81%d0%bc-%d0%ba%d1%80%d0%b0%d1%81%d0%bd%d1%8b%d0%b9\/","title":{"rendered":"Kissanhiekkalaatikko Pussy M 48&#215;39 cm, punainen"},"content":{"rendered":"","protected":false},"excerpt":{"rendered":"<p><strong>Pussy M -kissanhiekkalaatikko<\/strong> on varustettu korkealla reunalla, joka auttaa pit\u00e4m\u00e4\u00e4n kodin puhtaana \u2013 kaikki kissanomistajat tiet\u00e4v\u00e4t, mist\u00e4 puhumme!<\/p>\n<p>\u2714 <strong>Kest\u00e4v\u00e4 materiaali<\/strong> \u2013 arvostatko my\u00f6s pitk\u00e4ik\u00e4isi\u00e4 tuotteita?<br \/>\n\u2714 <strong>Helppo puhdistaa<\/strong> \u2013 s\u00e4\u00e4st\u00e4 aikaa ja vaivaa<\/p>\n<p>Me kaikki v\u00e4lit\u00e4mme ymp\u00e4rist\u00f6mme puhtaudesta. Ja muistetaan, ett\u00e4 kissat ovat t\u00e4ss\u00e4 asiassa erityisen herkki\u00e4! Jos haluat pit\u00e4\u00e4 lemmikkisi terveen\u00e4 ja puhtaana, valitse luotettava tuote. <strong>Koska kissasi ansaitsee parasta!<\/strong><\/p>\n<h3><strong>Ominaisuudet:<\/strong><\/h3>\n<ul>\n<li><strong>Materiaali:<\/strong> muovi<\/li>\n<li><strong>Pituus:<\/strong> 48 cm<\/li>\n<li><strong>Leveys:<\/strong> 39 cm<\/li>\n<li><strong>Korkeus:<\/strong> 15 cm<\/li>\n<li><strong>Paketin koko:<\/strong> 48 x 39 x 9 cm<\/li>\n<li><strong>Paino:<\/strong> 0,77 kg<\/li>\n<\/ul>\n<p><strong>Saatavilla heti varastosta!<\/strong><\/p>\n","protected":false},"featured_media":15796,"template":"","meta":[],"product_brand":[],"product_cat":[287],"product_tag":[],"class_list":{"0":"post-30591","1":"product","2":"type-product","3":"status-publish","4":"has-post-thumbnail","6":"product_cat-hiekkalaatikot","8":"first","9":"instock","10":"sale","11":"taxable","12":"shipping-taxable","13":"purchasable","14":"product-type-simple"},"yoast_head":"<!-- This site is optimized with the Yoast SEO plugin v27.2 - https:\/\/yoast.com\/product\/yoast-seo-wordpress\/ -->\n<title>Kissanhiekkalaatikko Pussy M 48x39 cm, punainen - MiuMjau<\/title>\n<meta name=\"description\" content=\"**Happet Pussy kissanhiekkalaatikko** on varustettu korkealla reunalla, joka auttaa pit\u00e4m\u00e4\u00e4n kodin puhtaana. Valmistettu kest\u00e4v\u00e4st\u00e4 muovista ja helppo puhdistaa!\" \/>\n<meta name=\"robots\" content=\"index, follow, max-snippet:-1, max-image-preview:large, max-video-preview:-1\" \/>\n<link rel=\"canonical\" href=\"https:\/\/miumjau.ee\/fi\/tuote\/\u0442\u0443\u0430\u043b\u0435\u0442-\u0434\u043b\u044f-\u043a\u043e\u0448\u0435\u043a-pussy-m-48x39-\u0441\u043c-\u043a\u0440\u0430\u0441\u043d\u044b\u0439\/\" \/>\n<meta property=\"og:locale\" content=\"fi_FI\" \/>\n<meta property=\"og:type\" content=\"article\" \/>\n<meta property=\"og:title\" content=\"Kissanhiekkalaatikko Pussy M 48x39 cm, punainen - MiuMjau\" \/>\n<meta property=\"og:description\" content=\"**Happet Pussy kissanhiekkalaatikko** on varustettu korkealla reunalla, joka auttaa pit\u00e4m\u00e4\u00e4n kodin puhtaana. Valmistettu kest\u00e4v\u00e4st\u00e4 muovista ja helppo puhdistaa!\" \/>\n<meta property=\"og:url\" content=\"https:\/\/miumjau.ee\/fi\/tuote\/\u0442\u0443\u0430\u043b\u0435\u0442-\u0434\u043b\u044f-\u043a\u043e\u0448\u0435\u043a-pussy-m-48x39-\u0441\u043c-\u043a\u0440\u0430\u0441\u043d\u044b\u0439\/\" \/>\n<meta property=\"og:site_name\" content=\"MiuMjau\" \/>\n<meta property=\"article:publisher\" content=\"https:\/\/www.facebook.com\/miumjaupood\/\" \/>\n<meta property=\"article:modified_time\" content=\"2026-01-07T20:52:58+00:00\" \/>\n<meta property=\"og:image\" content=\"https:\/\/miumjau.ee\/wp-content\/uploads\/2024\/08\/kassi-liivakast-pussy-m-48x39-cm-punane-1.jpg\" \/>\n\t<meta property=\"og:image:width\" content=\"600\" \/>\n\t<meta property=\"og:image:height\" content=\"800\" \/>\n\t<meta property=\"og:image:type\" content=\"image\/jpeg\" \/>\n<meta name=\"twitter:card\" content=\"summary_large_image\" \/>\n<script type=\"application\/ld+json\" class=\"yoast-schema-graph\">{\"@context\":\"https:\/\/schema.org\",\"@graph\":[{\"@type\":\"WebPage\",\"@id\":\"https:\/\/miumjau.ee\/fi\/tuote\/%d1%82%d1%83%d0%b0%d0%bb%d0%b5%d1%82-%d0%b4%d0%bb%d1%8f-%d0%ba%d0%be%d1%88%d0%b5%d0%ba-pussy-m-48x39-%d1%81%d0%bc-%d0%ba%d1%80%d0%b0%d1%81%d0%bd%d1%8b%d0%b9\/\",\"url\":\"https:\/\/miumjau.ee\/fi\/tuote\/%d1%82%d1%83%d0%b0%d0%bb%d0%b5%d1%82-%d0%b4%d0%bb%d1%8f-%d0%ba%d0%be%d1%88%d0%b5%d0%ba-pussy-m-48x39-%d1%81%d0%bc-%d0%ba%d1%80%d0%b0%d1%81%d0%bd%d1%8b%d0%b9\/\",\"name\":\"Kissanhiekkalaatikko Pussy M 48x39 cm, punainen - MiuMjau\",\"isPartOf\":{\"@id\":\"https:\/\/miumjau.ee\/#website\"},\"primaryImageOfPage\":{\"@id\":\"https:\/\/miumjau.ee\/fi\/tuote\/%d1%82%d1%83%d0%b0%d0%bb%d0%b5%d1%82-%d0%b4%d0%bb%d1%8f-%d0%ba%d0%be%d1%88%d0%b5%d0%ba-pussy-m-48x39-%d1%81%d0%bc-%d0%ba%d1%80%d0%b0%d1%81%d0%bd%d1%8b%d0%b9\/#primaryimage\"},\"image\":{\"@id\":\"https:\/\/miumjau.ee\/fi\/tuote\/%d1%82%d1%83%d0%b0%d0%bb%d0%b5%d1%82-%d0%b4%d0%bb%d1%8f-%d0%ba%d0%be%d1%88%d0%b5%d0%ba-pussy-m-48x39-%d1%81%d0%bc-%d0%ba%d1%80%d0%b0%d1%81%d0%bd%d1%8b%d0%b9\/#primaryimage\"},\"thumbnailUrl\":\"https:\/\/miumjau.ee\/wp-content\/uploads\/2024\/08\/kassi-liivakast-pussy-m-48x39-cm-punane-1.jpg\",\"datePublished\":\"2024-08-08T10:54:40+00:00\",\"dateModified\":\"2026-01-07T20:52:58+00:00\",\"description\":\"**Happet Pussy kissanhiekkalaatikko** on varustettu korkealla reunalla, joka auttaa pit\u00e4m\u00e4\u00e4n kodin puhtaana. Valmistettu kest\u00e4v\u00e4st\u00e4 muovista ja helppo puhdistaa!\",\"breadcrumb\":{\"@id\":\"https:\/\/miumjau.ee\/fi\/tuote\/%d1%82%d1%83%d0%b0%d0%bb%d0%b5%d1%82-%d0%b4%d0%bb%d1%8f-%d0%ba%d0%be%d1%88%d0%b5%d0%ba-pussy-m-48x39-%d1%81%d0%bc-%d0%ba%d1%80%d0%b0%d1%81%d0%bd%d1%8b%d0%b9\/#breadcrumb\"},\"inLanguage\":\"fi\",\"potentialAction\":[{\"@type\":\"ReadAction\",\"target\":[\"https:\/\/miumjau.ee\/fi\/tuote\/%d1%82%d1%83%d0%b0%d0%bb%d0%b5%d1%82-%d0%b4%d0%bb%d1%8f-%d0%ba%d0%be%d1%88%d0%b5%d0%ba-pussy-m-48x39-%d1%81%d0%bc-%d0%ba%d1%80%d0%b0%d1%81%d0%bd%d1%8b%d0%b9\/\"]}]},{\"@type\":\"ImageObject\",\"inLanguage\":\"fi\",\"@id\":\"https:\/\/miumjau.ee\/fi\/tuote\/%d1%82%d1%83%d0%b0%d0%bb%d0%b5%d1%82-%d0%b4%d0%bb%d1%8f-%d0%ba%d0%be%d1%88%d0%b5%d0%ba-pussy-m-48x39-%d1%81%d0%bc-%d0%ba%d1%80%d0%b0%d1%81%d0%bd%d1%8b%d0%b9\/#primaryimage\",\"url\":\"https:\/\/miumjau.ee\/wp-content\/uploads\/2024\/08\/kassi-liivakast-pussy-m-48x39-cm-punane-1.jpg\",\"contentUrl\":\"https:\/\/miumjau.ee\/wp-content\/uploads\/2024\/08\/kassi-liivakast-pussy-m-48x39-cm-punane-1.jpg\",\"width\":600,\"height\":800,\"caption\":\"Kassi liivakast Pussy M 48x39 cm, punane\"},{\"@type\":\"BreadcrumbList\",\"@id\":\"https:\/\/miumjau.ee\/fi\/tuote\/%d1%82%d1%83%d0%b0%d0%bb%d0%b5%d1%82-%d0%b4%d0%bb%d1%8f-%d0%ba%d0%be%d1%88%d0%b5%d0%ba-pussy-m-48x39-%d1%81%d0%bc-%d0%ba%d1%80%d0%b0%d1%81%d0%bd%d1%8b%d0%b9\/#breadcrumb\",\"itemListElement\":[{\"@type\":\"ListItem\",\"position\":1,\"name\":\"Home\",\"item\":\"https:\/\/miumjau.ee\/fi\/\"},{\"@type\":\"ListItem\",\"position\":2,\"name\":\"Kauppa\",\"item\":\"https:\/\/miumjau.ee\/fi\/kauppa\/\"},{\"@type\":\"ListItem\",\"position\":3,\"name\":\"Kissanhiekkalaatikko Pussy M 48&#215;39 cm, punainen\"}]},{\"@type\":\"WebSite\",\"@id\":\"https:\/\/miumjau.ee\/#website\",\"url\":\"https:\/\/miumjau.ee\/\",\"name\":\"MiuMjau\",\"description\":\"Kraapimispuud kassidele\",\"publisher\":{\"@id\":\"https:\/\/miumjau.ee\/#organization\"},\"potentialAction\":[{\"@type\":\"SearchAction\",\"target\":{\"@type\":\"EntryPoint\",\"urlTemplate\":\"https:\/\/miumjau.ee\/?s={search_term_string}\"},\"query-input\":{\"@type\":\"PropertyValueSpecification\",\"valueRequired\":true,\"valueName\":\"search_term_string\"}}],\"inLanguage\":\"fi\"},{\"@type\":\"Organization\",\"@id\":\"https:\/\/miumjau.ee\/#organization\",\"name\":\"MiuMjau O\u00dc\",\"url\":\"https:\/\/miumjau.ee\/\",\"logo\":{\"@type\":\"ImageObject\",\"inLanguage\":\"fi\",\"@id\":\"https:\/\/miumjau.ee\/#\/schema\/logo\/image\/\",\"url\":\"https:\/\/miumjau.ee\/wp-content\/uploads\/2022\/04\/MiuMjau-logo-kollane.png\",\"contentUrl\":\"https:\/\/miumjau.ee\/wp-content\/uploads\/2022\/04\/MiuMjau-logo-kollane.png\",\"width\":219,\"height\":100,\"caption\":\"MiuMjau O\u00dc\"},\"image\":{\"@id\":\"https:\/\/miumjau.ee\/#\/schema\/logo\/image\/\"},\"sameAs\":[\"https:\/\/www.facebook.com\/miumjaupood\/\"]}]}<\/script>\n<!-- \/ Yoast SEO plugin. -->","yoast_head_json":{"title":"Kissanhiekkalaatikko Pussy M 48x39 cm, punainen - MiuMjau","description":"**Happet Pussy kissanhiekkalaatikko** on varustettu korkealla reunalla, joka auttaa pit\u00e4m\u00e4\u00e4n kodin puhtaana. Valmistettu kest\u00e4v\u00e4st\u00e4 muovista ja helppo puhdistaa!","robots":{"index":"index","follow":"follow","max-snippet":"max-snippet:-1","max-image-preview":"max-image-preview:large","max-video-preview":"max-video-preview:-1"},"canonical":"https:\/\/miumjau.ee\/fi\/tuote\/\u0442\u0443\u0430\u043b\u0435\u0442-\u0434\u043b\u044f-\u043a\u043e\u0448\u0435\u043a-pussy-m-48x39-\u0441\u043c-\u043a\u0440\u0430\u0441\u043d\u044b\u0439\/","og_locale":"fi_FI","og_type":"article","og_title":"Kissanhiekkalaatikko Pussy M 48x39 cm, punainen - MiuMjau","og_description":"**Happet Pussy kissanhiekkalaatikko** on varustettu korkealla reunalla, joka auttaa pit\u00e4m\u00e4\u00e4n kodin puhtaana. Valmistettu kest\u00e4v\u00e4st\u00e4 muovista ja helppo puhdistaa!","og_url":"https:\/\/miumjau.ee\/fi\/tuote\/\u0442\u0443\u0430\u043b\u0435\u0442-\u0434\u043b\u044f-\u043a\u043e\u0448\u0435\u043a-pussy-m-48x39-\u0441\u043c-\u043a\u0440\u0430\u0441\u043d\u044b\u0439\/","og_site_name":"MiuMjau","article_publisher":"https:\/\/www.facebook.com\/miumjaupood\/","article_modified_time":"2026-01-07T20:52:58+00:00","og_image":[{"width":600,"height":800,"url":"https:\/\/miumjau.ee\/wp-content\/uploads\/2024\/08\/kassi-liivakast-pussy-m-48x39-cm-punane-1.jpg","type":"image\/jpeg"}],"twitter_card":"summary_large_image","schema":{"@context":"https:\/\/schema.org","@graph":[{"@type":"WebPage","@id":"https:\/\/miumjau.ee\/fi\/tuote\/%d1%82%d1%83%d0%b0%d0%bb%d0%b5%d1%82-%d0%b4%d0%bb%d1%8f-%d0%ba%d0%be%d1%88%d0%b5%d0%ba-pussy-m-48x39-%d1%81%d0%bc-%d0%ba%d1%80%d0%b0%d1%81%d0%bd%d1%8b%d0%b9\/","url":"https:\/\/miumjau.ee\/fi\/tuote\/%d1%82%d1%83%d0%b0%d0%bb%d0%b5%d1%82-%d0%b4%d0%bb%d1%8f-%d0%ba%d0%be%d1%88%d0%b5%d0%ba-pussy-m-48x39-%d1%81%d0%bc-%d0%ba%d1%80%d0%b0%d1%81%d0%bd%d1%8b%d0%b9\/","name":"Kissanhiekkalaatikko Pussy M 48x39 cm, punainen - MiuMjau","isPartOf":{"@id":"https:\/\/miumjau.ee\/#website"},"primaryImageOfPage":{"@id":"https:\/\/miumjau.ee\/fi\/tuote\/%d1%82%d1%83%d0%b0%d0%bb%d0%b5%d1%82-%d0%b4%d0%bb%d1%8f-%d0%ba%d0%be%d1%88%d0%b5%d0%ba-pussy-m-48x39-%d1%81%d0%bc-%d0%ba%d1%80%d0%b0%d1%81%d0%bd%d1%8b%d0%b9\/#primaryimage"},"image":{"@id":"https:\/\/miumjau.ee\/fi\/tuote\/%d1%82%d1%83%d0%b0%d0%bb%d0%b5%d1%82-%d0%b4%d0%bb%d1%8f-%d0%ba%d0%be%d1%88%d0%b5%d0%ba-pussy-m-48x39-%d1%81%d0%bc-%d0%ba%d1%80%d0%b0%d1%81%d0%bd%d1%8b%d0%b9\/#primaryimage"},"thumbnailUrl":"https:\/\/miumjau.ee\/wp-content\/uploads\/2024\/08\/kassi-liivakast-pussy-m-48x39-cm-punane-1.jpg","datePublished":"2024-08-08T10:54:40+00:00","dateModified":"2026-01-07T20:52:58+00:00","description":"**Happet Pussy kissanhiekkalaatikko** on varustettu korkealla reunalla, joka auttaa pit\u00e4m\u00e4\u00e4n kodin puhtaana. Valmistettu kest\u00e4v\u00e4st\u00e4 muovista ja helppo puhdistaa!","breadcrumb":{"@id":"https:\/\/miumjau.ee\/fi\/tuote\/%d1%82%d1%83%d0%b0%d0%bb%d0%b5%d1%82-%d0%b4%d0%bb%d1%8f-%d0%ba%d0%be%d1%88%d0%b5%d0%ba-pussy-m-48x39-%d1%81%d0%bc-%d0%ba%d1%80%d0%b0%d1%81%d0%bd%d1%8b%d0%b9\/#breadcrumb"},"inLanguage":"fi","potentialAction":[{"@type":"ReadAction","target":["https:\/\/miumjau.ee\/fi\/tuote\/%d1%82%d1%83%d0%b0%d0%bb%d0%b5%d1%82-%d0%b4%d0%bb%d1%8f-%d0%ba%d0%be%d1%88%d0%b5%d0%ba-pussy-m-48x39-%d1%81%d0%bc-%d0%ba%d1%80%d0%b0%d1%81%d0%bd%d1%8b%d0%b9\/"]}]},{"@type":"ImageObject","inLanguage":"fi","@id":"https:\/\/miumjau.ee\/fi\/tuote\/%d1%82%d1%83%d0%b0%d0%bb%d0%b5%d1%82-%d0%b4%d0%bb%d1%8f-%d0%ba%d0%be%d1%88%d0%b5%d0%ba-pussy-m-48x39-%d1%81%d0%bc-%d0%ba%d1%80%d0%b0%d1%81%d0%bd%d1%8b%d0%b9\/#primaryimage","url":"https:\/\/miumjau.ee\/wp-content\/uploads\/2024\/08\/kassi-liivakast-pussy-m-48x39-cm-punane-1.jpg","contentUrl":"https:\/\/miumjau.ee\/wp-content\/uploads\/2024\/08\/kassi-liivakast-pussy-m-48x39-cm-punane-1.jpg","width":600,"height":800,"caption":"Kassi liivakast Pussy M 48x39 cm, punane"},{"@type":"BreadcrumbList","@id":"https:\/\/miumjau.ee\/fi\/tuote\/%d1%82%d1%83%d0%b0%d0%bb%d0%b5%d1%82-%d0%b4%d0%bb%d1%8f-%d0%ba%d0%be%d1%88%d0%b5%d0%ba-pussy-m-48x39-%d1%81%d0%bc-%d0%ba%d1%80%d0%b0%d1%81%d0%bd%d1%8b%d0%b9\/#breadcrumb","itemListElement":[{"@type":"ListItem","position":1,"name":"Home","item":"https:\/\/miumjau.ee\/fi\/"},{"@type":"ListItem","position":2,"name":"Kauppa","item":"https:\/\/miumjau.ee\/fi\/kauppa\/"},{"@type":"ListItem","position":3,"name":"Kissanhiekkalaatikko Pussy M 48&#215;39 cm, punainen"}]},{"@type":"WebSite","@id":"https:\/\/miumjau.ee\/#website","url":"https:\/\/miumjau.ee\/","name":"MiuMjau","description":"Kraapimispuud kassidele","publisher":{"@id":"https:\/\/miumjau.ee\/#organization"},"potentialAction":[{"@type":"SearchAction","target":{"@type":"EntryPoint","urlTemplate":"https:\/\/miumjau.ee\/?s={search_term_string}"},"query-input":{"@type":"PropertyValueSpecification","valueRequired":true,"valueName":"search_term_string"}}],"inLanguage":"fi"},{"@type":"Organization","@id":"https:\/\/miumjau.ee\/#organization","name":"MiuMjau O\u00dc","url":"https:\/\/miumjau.ee\/","logo":{"@type":"ImageObject","inLanguage":"fi","@id":"https:\/\/miumjau.ee\/#\/schema\/logo\/image\/","url":"https:\/\/miumjau.ee\/wp-content\/uploads\/2022\/04\/MiuMjau-logo-kollane.png","contentUrl":"https:\/\/miumjau.ee\/wp-content\/uploads\/2022\/04\/MiuMjau-logo-kollane.png","width":219,"height":100,"caption":"MiuMjau O\u00dc"},"image":{"@id":"https:\/\/miumjau.ee\/#\/schema\/logo\/image\/"},"sameAs":["https:\/\/www.facebook.com\/miumjaupood\/"]}]}},"_links":{"self":[{"href":"https:\/\/miumjau.ee\/fi\/wp-json\/wp\/v2\/product\/30591","targetHints":{"allow":["GET"]}}],"collection":[{"href":"https:\/\/miumjau.ee\/fi\/wp-json\/wp\/v2\/product"}],"about":[{"href":"https:\/\/miumjau.ee\/fi\/wp-json\/wp\/v2\/types\/product"}],"wp:featuredmedia":[{"embeddable":true,"href":"https:\/\/miumjau.ee\/fi\/wp-json\/wp\/v2\/media\/15796"}],"wp:attachment":[{"href":"https:\/\/miumjau.ee\/fi\/wp-json\/wp\/v2\/media?parent=30591"}],"wp:term":[{"taxonomy":"product_brand","embeddable":true,"href":"https:\/\/miumjau.ee\/fi\/wp-json\/wp\/v2\/product_brand?post=30591"},{"taxonomy":"product_cat","embeddable":true,"href":"https:\/\/miumjau.ee\/fi\/wp-json\/wp\/v2\/product_cat?post=30591"},{"taxonomy":"product_tag","embeddable":true,"href":"https:\/\/miumjau.ee\/fi\/wp-json\/wp\/v2\/product_tag?post=30591"}],"curies":[{"name":"wp","href":"https:\/\/api.w.org\/{rel}","templated":true}]}}